{"id":21309,"date":"2022-12-19T18:39:13","date_gmt":"2022-12-19T17:39:13","guid":{"rendered":"https:\/\/serveiseducatius.xtec.cat\/cesire\/?page_id=21309"},"modified":"2023-05-22T18:46:46","modified_gmt":"2023-05-22T16:46:46","slug":"eas-experiencies-daprenentatge-amb-sentit","status":"publish","type":"page","link":"https:\/\/serveiseducatius.xtec.cat\/cesire\/eas-experiencies-daprenentatge-amb-sentit\/","title":{"rendered":"EAS. Experi\u00e8ncies d&#8217;aprenentatge amb sentit"},"content":{"rendered":"<p>El curs passat vam iniciar al Cesire un nou projecte: Guiar centres educatius (Escoles, Instituts i Instituts Escola) en el marc del nou curr\u00edculum, amb l\u2019objectiu d\u2019innovar les pr\u00e0ctiques d\u2019aula, a trav\u00e9s de la reflexi\u00f3, el disseny, la implementaci\u00f3 i l\u2019avaluaci\u00f3 d\u2019Experi\u00e8ncies d\u2019Aprenentatge amb Sentit (EAS).<\/p>\n<p>En aquest moment ja tenim dissenyada la formaci\u00f3, ja tenim un equip de guies capacitat per a fer l&#8217;acompanyament als centres i ja hem demanat la col\u00b7laboraci\u00f3 dels Serveis Educatius per a poder fer extensiva aquesta oferta al territori. En l&#8217;animaci\u00f3 que hi ha tot seguit podeu veure les caracter\u00edstiques de la formaci\u00f3.<\/p>\n<div style=\"text-align: center;\">\n<div class=\"row\">\n<div class=\"col\" style=\"margin-left: 0px; padding-left: 0px; padding-right: 0px;\"><video poster=\"https:\/\/serveiseducatius.xtec.cat\/cesire\/wp-content\/uploads\/usu2650\/2022\/11\/imatge-formacio-EAS.jpg\" controls=\"controls\" width=\"420\" height=\"236\"><source src=\"https:\/\/cesire.cat\/videos\/EAS_Animacio.mp4\" type=\"video\/mp4\" \/>El teu navegador no suporta v\u00eddeo html5<\/video><\/div>\n<\/div>\n<\/div>\n<p>&nbsp;<\/p>\n<p>En <a href=\"https:\/\/sites.google.com\/xtec.cat\/eas-cesire\/p%C3%A0gina-principal\" target=\"_blank\" rel=\"noopener\">aquesta p\u00e0gina web<\/a> trobareu una mostra d&#8217;algunes de les EAS dissenyades per l&#8217;equip de guies.<\/p>\n<style>\n#content { background-color: #9594D27F; !important;}<br \/>#content > div.row > div {<br \/>    padding-left:20px;<br \/>    padding-right:20px<br \/>}<br \/>.entry-title {<br \/>    margin-left: 30px;<br \/>}<br \/>.entry-body {padding-left: 0px;padding-right: 0px;padding-top: 0px;}<br \/>.entry-body p {margin-bottom: 0px;}<br \/>    @media only screen and (min-width : 991px) {<br \/>        .centered {<br \/>          position: absolute;<br \/>          top: 50%;<br \/>          left: 50%;<br \/>          width:95%;<br \/>          transform: translate(-50%, -50%);<br \/>        }<br \/>    }<br \/><\/style>\n","protected":false},"excerpt":{"rendered":"<p>El curs passat vam iniciar al Cesire un nou projecte: Guiar centres educatius (Escoles, Instituts i Instituts Escola) en el marc del nou curr\u00edculum, amb l\u2019objectiu d\u2019innovar les pr\u00e0ctiques d\u2019aula, a trav\u00e9s de la reflexi\u00f3, el disseny, la implementaci\u00f3 i l\u2019avaluaci\u00f3 d\u2019Experi\u00e8ncies d\u2019Aprenentatge amb Sentit&hellip;  <a href=\"https:\/\/serveiseducatius.xtec.cat\/cesire\/eas-experiencies-daprenentatge-amb-sentit\/\" title=\"Read EAS. Experi\u00e8ncies d&#8217;aprenentatge amb sentit\">Llegeix m\u00e9s\u00bb<\/a><\/p>\n","protected":false},"author":63,"featured_media":0,"parent":0,"menu_order":0,"comment_status":"closed","ping_status":"closed","template":"","meta":{"_bbp_topic_count":0,"_bbp_reply_count":0,"_bbp_total_topic_count":0,"_bbp_total_reply_count":0,"_bbp_voice_count":0,"_bbp_anonymous_reply_count":0,"_bbp_topic_count_hidden":0,"_bbp_reply_count_hidden":0,"_bbp_forum_subforum_count":0,"footnotes":""},"class_list":["post-21309","page","type-page","status-publish","hentry"],"post_mailing_queue_ids":[],"_links":{"self":[{"href":"https:\/\/serveiseducatius.xtec.cat\/cesire\/wp-json\/wp\/v2\/pages\/21309","targetHints":{"allow":["GET"]}}],"collection":[{"href":"https:\/\/serveiseducatius.xtec.cat\/cesire\/wp-json\/wp\/v2\/pages"}],"about":[{"href":"https:\/\/serveiseducatius.xtec.cat\/cesire\/wp-json\/wp\/v2\/types\/page"}],"author":[{"embeddable":true,"href":"https:\/\/serveiseducatius.xtec.cat\/cesire\/wp-json\/wp\/v2\/users\/63"}],"replies":[{"embeddable":true,"href":"https:\/\/serveiseducatius.xtec.cat\/cesire\/wp-json\/wp\/v2\/comments?post=21309"}],"version-history":[{"count":3,"href":"https:\/\/serveiseducatius.xtec.cat\/cesire\/wp-json\/wp\/v2\/pages\/21309\/revisions"}],"predecessor-version":[{"id":23092,"href":"https:\/\/serveiseducatius.xtec.cat\/cesire\/wp-json\/wp\/v2\/pages\/21309\/revisions\/23092"}],"wp:attachment":[{"href":"https:\/\/serveiseducatius.xtec.cat\/cesire\/wp-json\/wp\/v2\/media?parent=21309"}],"curies":[{"name":"wp","href":"https:\/\/api.w.org\/{rel}","templated":true}]}}