{"id":21081,"date":"2022-11-17T09:54:43","date_gmt":"2022-11-17T08:54:43","guid":{"rendered":"https:\/\/serveiseducatius.xtec.cat\/cesire\/?page_id=21081"},"modified":"2023-10-05T10:13:45","modified_gmt":"2023-10-05T08:13:45","slug":"subscripcio-butlleti-deducacio-matematica","status":"publish","type":"page","link":"https:\/\/serveiseducatius.xtec.cat\/cesire\/subscripcio-butlleti-deducacio-matematica\/","title":{"rendered":"Subscripci\u00f3 Butllet\u00ed d&#8217;Educaci\u00f3 Matem\u00e0tica"},"content":{"rendered":"<p>Per rebre el butllet\u00ed bimensual sobre educaci\u00f3 matem\u00e0tica, posa el teu nom, cognoms i correu en el bloc de l&#8217;esquerra.<\/p>\n<style>\n  \/* The flip card container - set the width and height to whatever you want. We have added the border property to demonstrate that the flip itself goes out of the box on hover (remove perspective if you don't want the 3D effect *\/  \n.flip-card {    \n   background-color: transparent;    \n   perspective: 1000px; \/* Remove this if you don't want the 3D effect *\/    \n   width: auto !important;    \n   border-radius: 10px;    \n   max-height: 250px !important;    \n   height:250px !important;    \n   overflow: hidden !important;  }\n\/* This container is needed to position the front and back side *\/  \n.flip-card-inner {    \n    position: relative;    \n    width: 100%;    \n    height: 100%;    \n    text-align: center;    \n    transition: transform 0.8s;    \n    transform-style: preserve-3d;  }\n\/* Do an horizontal flip when you move the mouse over the flip box container *\/  \n.flip-card:hover .flip-card-inner {    \n    transform: rotateY(180deg);  }  \n\/* Position the front and back side *\/  \n.flip-card-front, .flip-card-back {    \n    position: absolute;    \n    width: 100%;    \n    height: 100%;    \n    -webkit-backface-visibility: hidden; \/* Safari *\/    \n    backface-visibility: hidden;  }\n\/* Style the front side (fallback if image is missing) *\/\n\/* Style the back side *\/  \n.flip-card-back {    \n   background-color: dodgerblue;    \n   transform: rotateY(180deg);    \n   color: black !important;  } \n.btn-pink {\n   color:white !important;\n   background-color: #FF8E77;\n   border-radius: 25px;}  \n<\/style>\n<div id=\"landing-creamat\">\n<p><!-- Creamat --><\/p>\n<div class=\"container-fluid mt-3 p-0\">\n<div class=\"row\">\n<div class=\"col-12 p-0\"><img decoding=\"async\" class=\"img-fluid\" src=\"https:\/\/serveiseducatius.xtec.cat\/cesire\/wp-content\/uploads\/usu2650\/2023\/10\/CREAMAT_Butlleti_Banner-scaled-1.jpg\" alt=\"CREAMAT_bulleti\" \/><\/div>\n<\/div>\n<\/div>\n<div class=\"container-fluid p-0\">\n<div class=\"row align-items-center pt-5\" style=\"background-color: #e6e6e6;\">\n<div class=\"col-12\">\n<p class=\"text-center\">Si vols veure els anteriors butlletins que s\u2019han anat enviant els \u00faltims anys, pots clicar al seg\u00fcent <a class=\"pink\" href=\"https:\/\/serveiseducatius.xtec.cat\/cesire\/recurs-eco2\/butlleti-ambit-matematic\/\" target=\"_blank\" rel=\"noopener\">enlla\u00e7<\/a>.<\/p>\n<\/div>\n<div class=\"col-12 col-md-2\">\n<h4><strong>Contacte<\/strong><\/h4>\n<\/div>\n<div class=\"col-12 col-md-10\">\n<div class=\"row\">\n<div class=\"col-6\">\n<div class=\"row align-items-center\">\n<div class=\"col-3\"><img decoding=\"async\" class=\"img-fluid\" src=\"https:\/\/serveiseducatius.xtec.cat\/cesire\/wp-content\/uploads\/usu2650\/2023\/05\/CREAMAT_Twitter.png\" alt=\"\" \/><\/div>\n<div class=\"col-9\"><a class=\"btn btn-pink btn-block\" href=\"https:\/\/twitter.com\/creamat1\" target=\"_blank\" rel=\"noopener\">@CREAMAT1<\/a><\/div>\n<\/div>\n<\/div>\n<div class=\"col-6\">\n<div class=\"row align-items-center\">\n<div class=\"col-3\"><img decoding=\"async\" class=\"img-fluid\" src=\"https:\/\/serveiseducatius.xtec.cat\/cesire\/wp-content\/uploads\/usu2650\/2023\/05\/CREAMAT_Correu.png\" alt=\"\" \/><\/div>\n<div class=\"col-9\"><a class=\"btn btn-pink btn-block\" href=\"mailto:CREAMAT@XTEC.CAT\">CREAMAT@XTEC.CAT<\/a><\/div>\n<\/div>\n<\/div>\n<\/div>\n<\/div>\n<\/div>\n<\/div>\n<p><!-- fi Creamat --><\/p>\n<style>\n<p>#landing-creamat .row {\n   margin-left:-15px !important;\n   margin-right:-15px !important;}    \n#landing-creamat {\n   font-family: 'Inter', sans-serif !important; \n   color:#000000 !important;}    \n#landing-creamat h1, h2, h3, h4, span {\n   font-family: 'Inter', sans-serif !important;}    \n#landing-creamat h2 {\n   font-size:45px !important;}    \n#landing-creamat h3 {\n   font-size:25px !important;}    \n#landing-creamat .fs14 {\n   font-size:14px;}    \n#landing-creamat .fs18 {\n   font-size:18px;}    \n#landing-creamat .fs19 {\n   font-size:19px;}    \n#landing-creamat .fs21 {\n   font-size:21px;}    \n#landing-creamat .mt-6 {\n   margin-top:60px !important;}    \n#landing-creamat .mb-6 {\n   margin-bottom:60px !important;}    \n#landing-creamat .green {\n   color:#1daa3e !important;}    \n#landing-creamat .black {\n   color:#000000 !important;}    \n#landing-creamat .intro {\n   background-color:#f3f2f1;}    \n#landing-creamat .intro .green {\n   font-size:20px !important;}    \n#landing-creamat .semibold {\n   font-weight:600;}    \n#landing-creamat .medium {\n   font-weight:500;}    \n#landing-creamat .light {\n   font-weight:300;}    \n#landing-creamat .card {        \n   border-radius: 10px;        \n   max-height: 250px;        \n   height:250px;        \n   background-size: cover;        \n   background-position: center;        \n   background-repeat: no-repeat;        \n   transition: background-image 0.3s, background-color 0.3s;}    \n#landing-creamat .card.card-clicked {        \n   background-color: #FF8E77;      }    \n#landing-creamat .card h5{ \n   color:white !important;\n   background-color: #FF8E77;}    \n#landing-creamat .card {\n   overflow: hidden; border:none;}    \n#landing-creamat .btn-pink {\n   color:white !important;\n   background-color: #FF8E77;\n   border-radius: 25px;}    \n#landing-creamat input{\n   border-radius: 25px;}    \n#landing-creamat .custom-checkbox .custom-control-label::before {        \n   border: none;      }    \n#landing-creamat .custom-checkbox .custom-control-input:checked~.custom-control-label::before {        \n   background-color: #007bff;        \n   border-color: #007bff;      }      \n#landing-creamat .pink{        \ncolor: #FF8E77 !important;      }    \n<\/style>\n<\/div>\n","protected":false},"excerpt":{"rendered":"<p>Per rebre el butllet\u00ed bimensual sobre educaci\u00f3 matem\u00e0tica, posa el teu nom, cognoms i correu en el bloc de l&#8217;esquerra.<\/p>\n<p>  \/* The flip card container &#8211; set the width and height to whatever you want. We have added the border property to demonstrate that&hellip;  <a href=\"https:\/\/serveiseducatius.xtec.cat\/cesire\/subscripcio-butlleti-deducacio-matematica\/\" title=\"Read Subscripci\u00f3 Butllet\u00ed d&#8217;Educaci\u00f3 Matem\u00e0tica\">Llegeix m\u00e9s\u00bb<\/a><\/p>\n","protected":false},"author":10,"featured_media":0,"parent":0,"menu_order":0,"comment_status":"closed","ping_status":"closed","template":"","meta":{"_bbp_topic_count":0,"_bbp_reply_count":0,"_bbp_total_topic_count":0,"_bbp_total_reply_count":0,"_bbp_voice_count":0,"_bbp_anonymous_reply_count":0,"_bbp_topic_count_hidden":0,"_bbp_reply_count_hidden":0,"_bbp_forum_subforum_count":0,"footnotes":""},"class_list":["post-21081","page","type-page","status-publish","hentry"],"post_mailing_queue_ids":[],"_links":{"self":[{"href":"https:\/\/serveiseducatius.xtec.cat\/cesire\/wp-json\/wp\/v2\/pages\/21081","targetHints":{"allow":["GET"]}}],"collection":[{"href":"https:\/\/serveiseducatius.xtec.cat\/cesire\/wp-json\/wp\/v2\/pages"}],"about":[{"href":"https:\/\/serveiseducatius.xtec.cat\/cesire\/wp-json\/wp\/v2\/types\/page"}],"author":[{"embeddable":true,"href":"https:\/\/serveiseducatius.xtec.cat\/cesire\/wp-json\/wp\/v2\/users\/10"}],"replies":[{"embeddable":true,"href":"https:\/\/serveiseducatius.xtec.cat\/cesire\/wp-json\/wp\/v2\/comments?post=21081"}],"version-history":[{"count":6,"href":"https:\/\/serveiseducatius.xtec.cat\/cesire\/wp-json\/wp\/v2\/pages\/21081\/revisions"}],"predecessor-version":[{"id":23550,"href":"https:\/\/serveiseducatius.xtec.cat\/cesire\/wp-json\/wp\/v2\/pages\/21081\/revisions\/23550"}],"wp:attachment":[{"href":"https:\/\/serveiseducatius.xtec.cat\/cesire\/wp-json\/wp\/v2\/media?parent=21081"}],"curies":[{"name":"wp","href":"https:\/\/api.w.org\/{rel}","templated":true}]}}