{"id":13582,"date":"2021-06-10T14:43:15","date_gmt":"2021-06-10T12:43:15","guid":{"rendered":"https:\/\/serveiseducatius.xtec.cat\/cesire\/\/?page_id=13582"},"modified":"2021-06-23T11:47:35","modified_gmt":"2021-06-23T09:47:35","slug":"funcions","status":"publish","type":"page","link":"https:\/\/serveiseducatius.xtec.cat\/cesire\/funcions\/","title":{"rendered":"Funcions principals"},"content":{"rendered":"<style>\n.centered {\n  position: absolute;\n  top: 50%;\n  left: 50%;\n  width:85%;\n  transform: translate(-50%, -50%);\n}\n.contenidor {\n  position: relative;\n  text-align: center;\n}<\/p>\n<\/style>\n<div class=\"flex-row row\">\n<div class=\"offset-xl-2 col-sm-12 col-md-6 col-xl-3 animate-fadeInTopLeft\">\n<div class=\"thumbnail\">\n<div class=\"contenidor\">\n<img loading=\"lazy\" decoding=\"async\" style=\"padding:10%\" class=\"alignnone size-medium wp-image-13574\" src=\"https:\/\/serveiseducatius.xtec.cat\/cesire\/\/wp-content\/uploads\/usu2650\/2021\/06\/cercles-aquarelles_0001_Capa-7-300x300.png\" alt=\"\" width=\"200\" height=\"200\" srcset=\"https:\/\/serveiseducatius.xtec.cat\/cesire\/wp-content\/uploads\/usu2650\/2021\/06\/cercles-aquarelles_0001_Capa-7-300x300.png 300w, https:\/\/serveiseducatius.xtec.cat\/cesire\/wp-content\/uploads\/usu2650\/2021\/06\/cercles-aquarelles_0001_Capa-7-150x150.png 150w, https:\/\/serveiseducatius.xtec.cat\/cesire\/wp-content\/uploads\/usu2650\/2021\/06\/cercles-aquarelles_0001_Capa-7-768x768.png 768w, https:\/\/serveiseducatius.xtec.cat\/cesire\/wp-content\/uploads\/usu2650\/2021\/06\/cercles-aquarelles_0001_Capa-7.png 935w\" sizes=\"auto, (max-width: 200px) 100vw, 200px\" \/><\/p>\n<div class=\"centered\">\n<span style=\"font-size:1em; text-transform: uppercase;font-weight: bold;\">Facilitar l\u2019acc\u00e9s<\/span> a les aportacions de la <strong>recerca<\/strong> en educaci\u00f3 i l\u2019acc\u00e9s al <strong>coneixement pedag\u00f2gic<\/strong> emergent.<\/div>\n<\/div>\n<\/div>\n<\/div>\n<div class=\"col-sm-12 col-md-6 col-xl-3 animate-fadeInDown\">\n<div class=\"thumbnail\">\n<div class=\"contenidor\">\n<img loading=\"lazy\" decoding=\"async\" style=\"padding:10%\" class=\"alignnone size-medium wp-image-13574\" src=\"https:\/\/serveiseducatius.xtec.cat\/cesire\/\/wp-content\/uploads\/usu2650\/2021\/06\/cercles-aquarelles_0000_Capa-8-300x300.png\" alt=\"\" width=\"300\" height=\"300\" \/><\/p>\n<div class=\"centered\"><span style=\"font-size:1em; text-transform: uppercase;font-weight: bold;\">Generar saber pedag\u00f2gic<\/span> fonamentat en el coneixement te\u00f2ric que prov\u00e9 de la <strong>recerca acad\u00e8mica<\/strong>, aix\u00ed com en el coneixement emp\u00edric que prov\u00e9 de l\u2019<strong>experi\u00e8ncia a l\u2019aula<\/strong>.<\/div>\n<\/div>\n<\/div>\n<\/div>\n<div class=\"col-sm-12 col-md-6 col-xl-3 animate-fadeInTopRight\">\n<div class=\"thumbnail\">\n<div class=\"contenidor\">\n<img loading=\"lazy\" decoding=\"async\" style=\"padding:10%\" class=\"alignnone size-medium wp-image-13574\" src=\"https:\/\/serveiseducatius.xtec.cat\/cesire\/\/wp-content\/uploads\/usu2650\/2021\/06\/cercles-aquarelles_0006_Capa-2-copia-300x300.png\" alt=\"\" width=\"300\" height=\"300\" \/><\/p>\n<div class=\"centered\"><span style=\"font-size:1em; text-transform: uppercase;font-weight: bold;\">Donar suport<\/span> als docents, centres i serveis educatius, potenciant la innovaci\u00f3 de les <strong>pr\u00e0ctiques d\u2019aprenentatge<\/strong>, l\u2019obtenci\u00f3 d\u2019evid\u00e8ncies i la construcci\u00f3 de saber pedag\u00f2gic per part de la <strong>comunitat docent<\/strong>.<\/div>\n<\/div>\n<\/div>\n<\/div>\n<div class=\"offset-xl-2 col-sm-12 col-md-6 col-xl-3 animate-fadeInLeft\">\n<div class=\"thumbnail\">\n<div class=\"contenidor animate-slideInDown\">\n<img loading=\"lazy\" decoding=\"async\" style=\"padding:10%\" class=\"alignnone size-medium wp-image-13574\" src=\"https:\/\/serveiseducatius.xtec.cat\/cesire\/\/wp-content\/uploads\/usu2650\/2021\/06\/cercles-aquarelles_0008_Capa-1-300x300.png\" alt=\"\" width=\"300\" height=\"300\" \/><\/p>\n<div class=\"centered\"><span style=\"font-size:1em; text-transform: uppercase; font-weight: bold;\">Actuar com a punt d\u2019enlla\u00e7<\/span> entre la formaci\u00f3, la innovaci\u00f3 i la recerca, amb la finalitat de potenciar l\u2019<strong>actualitzaci\u00f3 cient\u00edfica<\/strong> i <strong>did\u00e0ctica<\/strong> espec\u00edfica, aix\u00ed com la reflexi\u00f3 i la <strong>transfer\u00e8ncia metodol\u00f2gica<\/strong> amb un enfocament integral, multifuncional i transferible de coneixements.<\/div>\n<\/div>\n<\/div>\n<\/div>\n<div class=\"col-sm-12 col-md-6 col-xl-3 animate-zoomIn\">\n<div class=\"thumbnail\">\n<div class=\"contenidor animate-slideInDown\">\n<img loading=\"lazy\" decoding=\"async\" style=\"padding:10%\" class=\"alignnone size-medium wp-image-13574\" src=\"https:\/\/serveiseducatius.xtec.cat\/cesire\/\/wp-content\/uploads\/usu2650\/2021\/06\/cercles-aquarelles_0005_Capa-3-300x300.png\" alt=\"\" width=\"300\" height=\"300\" \/><\/p>\n<div class=\"centered\"><span style=\"font-size:1em; text-transform: uppercase;font-weight: bold;\">Impulsar<\/span> el desenvolupament de les compet\u00e8ncies professionals docents del s.XXI, per a la creaci\u00f3 de <strong>nous entorns d\u2019aprenentatge<\/strong> centrats en l\u2019alumne i l\u2019aprenentatge amb sentit, per incrementar l\u2019<strong>\u00e8xit educatiu<\/strong> de l\u2019alumnat.<\/div>\n<\/div>\n<\/div>\n<\/div>\n<div class=\"col-sm-12 col-md-6 col-xl-3 animate-fadeInRight\">\n<div class=\"thumbnail\">\n<div class=\"contenidor animate-slideInDown\">\n<img loading=\"lazy\" decoding=\"async\" style=\"padding:10%\" class=\"alignnone size-medium wp-image-13574\" src=\"https:\/\/serveiseducatius.xtec.cat\/cesire\/\/wp-content\/uploads\/usu2650\/2021\/06\/cercles-aquarelles_0002_Capa-6-300x300.png\" alt=\"\" width=\"300\" height=\"300\" \/><\/p>\n<div class=\"centered\"><span style=\"font-size:1em; text-transform: uppercase;font-weight: bold;\">Contribuir a la transformaci\u00f3<\/span> de la formaci\u00f3 permanent envers nous models formatius que facilitin la personalitzaci\u00f3 de les <strong>traject\u00f2ries d\u2019aprenentatge<\/strong> al llarg de la vida per a la millora de la <strong>pr\u00e0ctica educativa<\/strong>.<\/div>\n<\/div>\n<\/div>\n<\/div>\n<div class=\"offset-xl-2 col-sm-12 col-md-6 col-xl-3 animate-fadeInBottomLeft\">\n<div class=\"thumbnail\">\n<div class=\"contenidor animate-slideInDown\">\n<img loading=\"lazy\" decoding=\"async\" style=\"padding:10%\" class=\"alignnone size-medium wp-image-13574\" src=\"https:\/\/serveiseducatius.xtec.cat\/cesire\/\/wp-content\/uploads\/usu2650\/2021\/06\/cercles-aquarelles_0009_Capa-8-300x300.png\" alt=\"\" width=\"300\" height=\"300\" \/><\/p>\n<div class=\"centered\"><span style=\"font-size:1em; text-transform: uppercase;font-weight: bold;\">Impulsar la innovaci\u00f3 pedag\u00f2gica<\/span> com a cultura dels centres educatius i donar suport a les diverses modalitats d\u2019innovaci\u00f3 que s\u2019estableixen a l\u2019Ordre ENS\/303\/2015, contribuint a l\u2019<strong>ampliaci\u00f3 del mapa de la innovaci\u00f3<\/strong> de Catalunya.<\/div>\n<\/div>\n<\/div>\n<\/div>\n<div class=\"col-sm-12 col-md-6 col-xl-3 animate-fadeInUp\">\n<div class=\"thumbnail\">\n<div class=\"contenidor animate-slideInDown\">\n<img loading=\"lazy\" decoding=\"async\" style=\"padding:10%\" class=\"alignnone size-medium wp-image-13574\" src=\"https:\/\/serveiseducatius.xtec.cat\/cesire\/\/wp-content\/uploads\/usu2650\/2021\/06\/cercles-aquarelles_0010_Capa-8-300x300.png\" alt=\"\" width=\"300\" height=\"300\" \/><\/p>\n<div class=\"centered\"><span style=\"font-size:1em; text-transform: uppercase;font-weight: bold;\">Treballar de forma col.laborativa<\/span> amb la resta d\u2019unitats del Departament d\u2019Educaci\u00f3 per a la creaci\u00f3 i desenvolupament de <strong>projectes<\/strong> fonamentats en les darreres aportacions de la <strong>recerca<\/strong> educativa i la <strong>innovaci\u00f3<\/strong> pedag\u00f2gica.<\/div>\n<\/div>\n<\/div>\n<\/div>\n<div class=\"col-sm-12 col-md-6 col-xl-3 animate-fadeInBottomRight\">\n<div class=\"thumbnail\">\n<div class=\"contenidor animate-slideInDown\">\n<img loading=\"lazy\" decoding=\"async\" style=\"padding:10%\" class=\"alignnone size-medium wp-image-13574\" src=\"https:\/\/serveiseducatius.xtec.cat\/cesire\/\/wp-content\/uploads\/usu2650\/2021\/06\/cercles-aquarelles_0007_Capa-2-300x300.png\" alt=\"\" width=\"300\" height=\"300\" \/><\/p>\n<div class=\"centered\"><span style=\"font-size:1em; text-transform: uppercase;font-weight: bold;\">Establir una xarxa de treball<\/span> col.laboratiu amb agents externs amb l\u2019objectiu de <strong>compartir<\/strong> coneixement, <strong>optimitzar<\/strong> recursos i <strong>crear<\/strong> projectes que incorporin les darreres tend\u00e8ncies en el coneixement espec\u00edfic i la innovaci\u00f3 metodol\u00f2gica.<\/div>\n<\/div>\n<\/div>\n<\/div>\n<\/div>\n","protected":false},"excerpt":{"rendered":"<p>.centered {<br \/>\n  position: absolute;<br \/>\n  top: 50%;<br \/>\n  left: 50%;<br \/>\n  width:85%;<br \/>\n  transform: translate(-50%, -50%);<br \/>\n}<br \/>\n.contenidor {<br \/>\n  position: relative;<br \/>\n  text-align: center;<br \/>\n}<\/p>\n<p>Facilitar l\u2019acc\u00e9s a les aportacions de la recerca en educaci\u00f3 i l\u2019acc\u00e9s al coneixement pedag\u00f2gic emergent.<\/p>\n<p>Generar saber pedag\u00f2gic fonamentat en el coneixement&hellip;  <a href=\"https:\/\/serveiseducatius.xtec.cat\/cesire\/funcions\/\" title=\"Read Funcions principals\">Llegeix m\u00e9s\u00bb<\/a><\/p>\n","protected":false},"author":2,"featured_media":0,"parent":0,"menu_order":0,"comment_status":"closed","ping_status":"closed","template":"","meta":{"_bbp_topic_count":0,"_bbp_reply_count":0,"_bbp_total_topic_count":0,"_bbp_total_reply_count":0,"_bbp_voice_count":0,"_bbp_anonymous_reply_count":0,"_bbp_topic_count_hidden":0,"_bbp_reply_count_hidden":0,"_bbp_forum_subforum_count":0,"footnotes":""},"class_list":["post-13582","page","type-page","status-publish","hentry"],"post_mailing_queue_ids":[],"_links":{"self":[{"href":"https:\/\/serveiseducatius.xtec.cat\/cesire\/wp-json\/wp\/v2\/pages\/13582","targetHints":{"allow":["GET"]}}],"collection":[{"href":"https:\/\/serveiseducatius.xtec.cat\/cesire\/wp-json\/wp\/v2\/pages"}],"about":[{"href":"https:\/\/serveiseducatius.xtec.cat\/cesire\/wp-json\/wp\/v2\/types\/page"}],"author":[{"embeddable":true,"href":"https:\/\/serveiseducatius.xtec.cat\/cesire\/wp-json\/wp\/v2\/users\/2"}],"replies":[{"embeddable":true,"href":"https:\/\/serveiseducatius.xtec.cat\/cesire\/wp-json\/wp\/v2\/comments?post=13582"}],"version-history":[{"count":5,"href":"https:\/\/serveiseducatius.xtec.cat\/cesire\/wp-json\/wp\/v2\/pages\/13582\/revisions"}],"predecessor-version":[{"id":14182,"href":"https:\/\/serveiseducatius.xtec.cat\/cesire\/wp-json\/wp\/v2\/pages\/13582\/revisions\/14182"}],"wp:attachment":[{"href":"https:\/\/serveiseducatius.xtec.cat\/cesire\/wp-json\/wp\/v2\/media?parent=13582"}],"curies":[{"name":"wp","href":"https:\/\/api.w.org\/{rel}","templated":true}]}}