{"id":12312,"date":"2021-05-27T00:23:51","date_gmt":"2021-05-26T22:23:51","guid":{"rendered":"https:\/\/serveiseducatius.xtec.cat\/cesire\/\/?page_id=12312"},"modified":"2021-09-10T22:52:09","modified_gmt":"2021-09-10T20:52:09","slug":"ecosistemes","status":"publish","type":"page","link":"https:\/\/serveiseducatius.xtec.cat\/cesire\/ecosistemes\/","title":{"rendered":"Ecosistemes d\u2019activitat i cat\u00e0legs"},"content":{"rendered":"<div class=\"round15\" style=\"padding: 15px; margin-bottom: 25px !important;\">Per a desenvolupar el projecte institucional, el CESIRE s\u2019estructura en <span style=\"font-weight: 900;\">4 ecosistemes d\u2019activitat<\/span> en constant di\u00e0leg entre ells i amb un ampli ventall d\u2019agents externs. Fruit de l\u2019activitat de cadascun dels ecosistemes es generen 4 cat\u00e0legs dirigits a la comunitat docent i als centres educatius:<\/div>\n<div class=\"row\" >\n<div class=\"col-md-3 col-xs-12 animate-zoomIn\" style=\"animation-duration: 0.4s; padding-right: 20px;\">\n<p><span class=\"badge custom-badge bglila\">Ecosistema 1<\/span><\/p>\n<h3 style=\"margin-bottom: 1.2rem;\">Ecosistema de suport a la recerca i generaci\u00f3 de coneixement<\/h3>\n<p>Selecci\u00f3 i difusi\u00f3 de les aportacions de la recerca i el coneixement emergent en educaci\u00f3\u00a0i de les darreres tend\u00e8ncies en innovaci\u00f3 pedag\u00f2gica.<\/p>\n<hr class=\"divider divider-lila\" \/>\n<p>Selecci\u00f3 i difusi\u00f3 d\u2019experi\u00e8ncies d\u2019innovaci\u00f3 pedag\u00f2gica centrades en les practiques d\u2019aprenentatge.<\/p>\n<hr class=\"divider divider-lila\" \/>\n<p>Disseny, gesti\u00f3 i avaluaci\u00f3 d\u2019activitats per a l\u2019actualitzaci\u00f3 cient\u00edfica i la did\u00e0ctica espec\u00edfica.<\/p>\n<hr class=\"divider divider-lila\" \/>\n<p>Disseny, gesti\u00f3 i avaluaci\u00f3 d\u2019activitats per a la reflexi\u00f3 i la generaci\u00f3 de coneixement al voltant de l\u2019aprenentatge amb sentit.<\/p>\n<hr class=\"divider divider-lila\" \/>\n<p>Dinamitzaci\u00f3 de comunitats de recerca centrades en la creaci\u00f3, implementaci\u00f3 i avaluaci\u00f3 de projectes d\u2019innovaci\u00f3 de les practiques d\u2019aprenentatge.<\/p>\n<\/div>\n<div class=\"col-md-3 col-xs-12 animate-zoomIn\" style=\"animation-duration: 0.6s; padding-right: 20px;\">\n<p><span class=\"badge custom-badge bgverd\">Ecosistema 2<\/span><\/p>\n<h3 style=\"margin-bottom: 1.2rem;\">Ecosistema d&#8217;oportunitats per al desenvolupament docent<\/h3>\n<p>Disseny, gesti\u00f3 i avaluaci\u00f3 d\u2019experi\u00e8ncies de formaci\u00f3 i d\u2019autoformaci\u00f3.<\/p>\n<hr class=\"divider divider-verd\" \/>\n<p>Disseny, gesti\u00f3 i avaluaci\u00f3 d\u2019experi\u00e8ncies d\u2019aprenentatge transformadores entre iguals que potenci\u00efn la innovaci\u00f3 pedag\u00f2gica i l\u2019obtenci\u00f3 d\u2019evid\u00e8ncies d\u2019\u00e8xit educatiu.<\/p>\n<hr class=\"divider divider-verd\" \/>\n<p>Disseny de recursos pedag\u00f2gics innovadors que promoguin la innovaci\u00f3 de les pr\u00e0ctiques d\u2019aprenentatge.<\/p>\n<hr class=\"divider divider-verd\" \/>\n<p>Personalitzaci\u00f3 d\u2019experi\u00e8ncies formatives i recursos pedag\u00f2gics en funci\u00f3 dels objectius d\u2019aprenentatge dels docents.<\/p>\n<\/div>\n<div class=\"col-md-3 col-xs-12 animate-zoomIn\" style=\"animation-duration: 0.8s; padding-right: 20px;\">\n<p><span class=\"badge custom-badge bgvermell\">Ecosistema 3<\/span><\/p>\n<h3 style=\"margin-bottom: 1.2rem;\">Ecosistema d&#8217;oportunitats per a la innovaci\u00f3 com a cultura de centre<\/h3>\n<p>Disseny, pilotatge i avaluaci\u00f3 d\u2019experi\u00e8ncies de formaci\u00f3 i d&#8217;autoformaci\u00f3 de centre que promoguin processos d\u2019innovaci\u00f3 pedag\u00f2gica en el marc de l\u2019autonomia dels centres.<\/p>\n<hr class=\"divider divider-vermell\" \/>\n<p>Disseny i implementaci\u00f3 d\u2019eines per a l\u2019avaluaci\u00f3 de la transfer\u00e8ncia i de l\u2019impacte de la formaci\u00f3 en les pr\u00e0ctiques d\u2019aprenentatge del centre.<\/p>\n<hr class=\"divider divider-vermell\" \/>\n<p>Disseny, pilotatge i avaluaci\u00f3 del projecte d\u2019innovaci\u00f3 \u201cExperi\u00e8ncia d\u2019aprenentatge en centre: per a la construcci\u00f3 d\u2019un Eix Transversal d\u2019Innovaci\u00f3 Pedag\u00f2gica\u201d dirigit a Instituts Escola.<\/p>\n<hr class=\"divider divider-vermell\" \/>\n<p>Singularitzaci\u00f3 d\u2019experi\u00e8ncies formatives i recursos pedag\u00f2gics en funci\u00f3 dels objectius prioritaris dels centres.<\/p>\n<\/div>\n<div class=\"col-md-3 col-xs-12 animate-zoomIn\" style=\"animation-duration: 1s;\">\n<p><span class=\"badge custom-badge bggroc\">Ecosistema 4<\/span><\/p>\n<h3 style=\"margin-bottom: 1.2rem;\">Ecosistema de sinergies i connexions<\/h3>\n<p>Detecci\u00f3 i selecci\u00f3 de propostes de treball col.laboratiu amb agents o entitats externes d\u2019\u00e0mbit local i internacional.<\/p>\n<hr class=\"divider divider-groc\" \/>\n<p>Disseny, desenvolupament i avaluaci\u00f3 de projectes col.laboratius que potenci\u00efn la innovaci\u00f3 i la recerca educativa.<\/p>\n<hr class=\"divider divider-groc\" \/>\n<p>Participaci\u00f3 en l\u2019organitzaci\u00f3 d\u2019esdeveniments formatius que promoguin l\u2019actualitzaci\u00f3 cient\u00edfica, la did\u00e0ctica espec\u00edfica, aix\u00ed com la innovaci\u00f3 metodol\u00f2gica.<\/p>\n<hr class=\"divider divider-groc\" \/>\n<p>Difusi\u00f3 dels continguts digitals d\u2019inter\u00e8s generats en els esdeveniments formatius organitzats col.laborativament amb agents externs.<\/p>\n<hr class=\"divider divider-groc\" \/>\n<p>Difusi\u00f3 d\u2019activitats de dinamitzaci\u00f3 educativa dirigides a l\u2019alumnat liderades per agents externs de la xarxa de col.laboradors del CESIRE.<\/p>\n<\/div>\n<\/div>\n<div class=\"row d-none d-md-block d-sm-none\"><img decoding=\"async\" class=\"flex alignnone size-full wp-image-12319 no-margin-770\" style=\"margin-top: -2%; z-index: 1;\" src=\"https:\/\/serveiseducatius.xtec.cat\/cesire\/\/wp-content\/uploads\/usu2650\/2021\/05\/TRIANGLES-junts-ratlles.png\" alt=\"\" width=\"100%\" \/><\/div>\n<div class=\"row d-sm-block d-md-none\"><img loading=\"lazy\" decoding=\"async\" width=\"4198\" height=\"1698\" class=\"flex alignnone size-full wp-image-12587\" style=\"margin-top: -2%;\" src=\"https:\/\/serveiseducatius.xtec.cat\/cesire\/\/wp-content\/uploads\/usu2650\/2021\/05\/TRIANGLES-junts.png\" alt=\"\" srcset=\"https:\/\/serveiseducatius.xtec.cat\/cesire\/wp-content\/uploads\/usu2650\/2021\/05\/TRIANGLES-junts.png 4198w, https:\/\/serveiseducatius.xtec.cat\/cesire\/wp-content\/uploads\/usu2650\/2021\/05\/TRIANGLES-junts-300x121.png 300w, https:\/\/serveiseducatius.xtec.cat\/cesire\/wp-content\/uploads\/usu2650\/2021\/05\/TRIANGLES-junts-768x311.png 768w, https:\/\/serveiseducatius.xtec.cat\/cesire\/wp-content\/uploads\/usu2650\/2021\/05\/TRIANGLES-junts-1024x414.png 1024w\" sizes=\"auto, (max-width: 4198px) 100vw, 4198px\" \/><\/div>\n<div class=\"row\">\n<div class=\"col-md-3 col-xs-12\"><span class=\"text-center badge custom-badge bglila\">CAT\u00c0LEG 1<\/span><\/p>\n<p><strong><a href=\"https:\/\/serveiseducatius.xtec.cat\/cesire\/recerca\/\"><i class=\"fas fa-link\"><\/i> ACC\u00c9S A LA RECERCA I EVID\u00c8NCIES D&#8217;\u00c8XIT EDUCATIU<\/a><\/strong>:<br \/>\nPer a la generaci\u00f3 i divulgaci\u00f3 de saber pedag\u00f2gic<\/p>\n<p>DESTINATARIS:<br \/>\n<strong>COMUNITAT DOCENT<\/strong><\/p>\n<\/div>\n<div class=\"col-md-3 col-xs-12 columns\">\n<p><span class=\"badge custom-badge bgverd\">CAT\u00c0LEG 2<\/span><\/p>\n<p><strong><a href=\"https:\/\/serveiseducatius.xtec.cat\/cesire\/\/finestres\/\"><i class=\"fas fa-link\"><\/i> FINESTRES AL M\u00d3N<\/a><\/strong>:<br \/>\nPer a la creaci\u00f3 de nous entorns d&#8217;aprenentatge amb sentit<\/p>\n<p>DESTINATARIS:<br \/>\n<strong>COMUNITAT DOCENT<\/strong><\/p>\n<\/div>\n<div class=\"col-md-3 col-xs-12 columns\">\n<p><span class=\"badge custom-badge bgvermell\">CAT\u00c0LEG 3<\/span><\/p>\n<p><strong><a href=\"https:\/\/serveiseducatius.xtec.cat\/cesire\/eixos\/\"><i class=\"fas fa-link\"><\/i> EIXOS TRANSVERSALS D&#8217;INNOVACI\u00d3 PEDAG\u00d2GICA<\/a><\/strong>:<br \/>\nPer a la millora del PEC<\/p>\n<p>DESTINATARIS:<br \/>\n<strong>CENTRES EDUCATIUS<\/strong><\/p>\n<\/div>\n<div class=\"col-md-3 col-xs-12 columns\">\n<p><span class=\"badge custom-badge bggroc\">CAT\u00c0LEG 4<\/span><\/p>\n<p><strong><a href=\"https:\/\/serveiseducatius.xtec.cat\/cesire\/cnodes\/\"><i class=\"fas fa-link\"><\/i> NODES DE COL.LABORACI\u00d3<\/a><\/strong>:<br \/>\nPer a l\u2019impuls de la innovaci\u00f3 i la recerca<\/p>\n<p>DESTINATARIS:<br \/>\n<strong>COMUNITAT DOCENT<\/strong><\/p>\n<\/div>\n<\/div>\n","protected":false},"excerpt":{"rendered":"<p>Per a desenvolupar el projecte institucional, el CESIRE s\u2019estructura en 4 ecosistemes d\u2019activitat en constant di\u00e0leg entre ells i amb un ampli ventall d\u2019agents externs. Fruit de l\u2019activitat de cadascun dels ecosistemes es generen 4 cat\u00e0legs dirigits a la comunitat docent i als centres educatius:<\/p>\n<p>Ecosistema&hellip;  <a href=\"https:\/\/serveiseducatius.xtec.cat\/cesire\/ecosistemes\/\" title=\"Read Ecosistemes d\u2019activitat i cat\u00e0legs\">Llegeix m\u00e9s\u00bb<\/a><\/p>\n","protected":false},"author":2,"featured_media":0,"parent":0,"menu_order":0,"comment_status":"closed","ping_status":"closed","template":"","meta":{"_bbp_topic_count":0,"_bbp_reply_count":0,"_bbp_total_topic_count":0,"_bbp_total_reply_count":0,"_bbp_voice_count":0,"_bbp_anonymous_reply_count":0,"_bbp_topic_count_hidden":0,"_bbp_reply_count_hidden":0,"_bbp_forum_subforum_count":0,"footnotes":""},"class_list":["post-12312","page","type-page","status-publish","hentry"],"post_mailing_queue_ids":[],"_links":{"self":[{"href":"https:\/\/serveiseducatius.xtec.cat\/cesire\/wp-json\/wp\/v2\/pages\/12312","targetHints":{"allow":["GET"]}}],"collection":[{"href":"https:\/\/serveiseducatius.xtec.cat\/cesire\/wp-json\/wp\/v2\/pages"}],"about":[{"href":"https:\/\/serveiseducatius.xtec.cat\/cesire\/wp-json\/wp\/v2\/types\/page"}],"author":[{"embeddable":true,"href":"https:\/\/serveiseducatius.xtec.cat\/cesire\/wp-json\/wp\/v2\/users\/2"}],"replies":[{"embeddable":true,"href":"https:\/\/serveiseducatius.xtec.cat\/cesire\/wp-json\/wp\/v2\/comments?post=12312"}],"version-history":[{"count":3,"href":"https:\/\/serveiseducatius.xtec.cat\/cesire\/wp-json\/wp\/v2\/pages\/12312\/revisions"}],"predecessor-version":[{"id":17405,"href":"https:\/\/serveiseducatius.xtec.cat\/cesire\/wp-json\/wp\/v2\/pages\/12312\/revisions\/17405"}],"wp:attachment":[{"href":"https:\/\/serveiseducatius.xtec.cat\/cesire\/wp-json\/wp\/v2\/media?parent=12312"}],"curies":[{"name":"wp","href":"https:\/\/api.w.org\/{rel}","templated":true}]}}