{"id":12125,"date":"2021-05-12T01:12:36","date_gmt":"2021-05-11T23:12:36","guid":{"rendered":"https:\/\/serveiseducatius.xtec.cat\/cesire\/\/?page_id=12125"},"modified":"2021-05-14T02:13:10","modified_gmt":"2021-05-14T00:13:10","slug":"qui-som-proposit-finalitats-i-funcions","status":"publish","type":"page","link":"https:\/\/serveiseducatius.xtec.cat\/cesire\/qui-som-proposit-finalitats-i-funcions\/","title":{"rendered":"Prop\u00f2sit, Finalitats i Funcions"},"content":{"rendered":"<div class=\"row\">\n<div class=\"large-offset-1 large-10 small-12 columns\">\n<div class=\"round-corners15line-verd\">\nEl prop\u00f2sit del CESIRE \u00e9s contribuir a la creaci\u00f3 d\u2019una nova mirada educativa a trav\u00e9s de la innovaci\u00f3 pedag\u00f2gica fonamentada en la recerca amb les seg\u00fcents finalitats:<\/p>\n<ul style=\"list-style-type: circle; margin-left: 40px;\">\n<li>Afavorir l\u2019<strong>adquisici\u00f3 de les compet\u00e8ncies de l\u2019alumnat<\/strong>, per al desenvolupament i realitzaci\u00f3 personal i social de l\u2019alumnat i que esdevinguin persones que aprenen al llarg de la vida,\u00a0 compromeses amb l\u2019entorn, arrelades a la comunitat i constructores d\u2019estils de vida m\u00e9s lliures, justos i saludables.<\/li>\n<li>Promoure el <strong>desenvolupament professional dels docents del s.XXI<\/strong>, situant-los com a creadors de nous entorns d\u2019aprenentatge amb sentit, altament efica\u00e7os i inclusius.<\/li>\n<li>Contribuir a l\u2019impuls de la <strong>transformaci\u00f3 de l\u2019educaci\u00f3<\/strong>, envers nous entorns d\u2019aprenentatge altament efica\u00e7os i inclusius.<\/li>\n<\/ul>\n<\/div>\n<p><div class=\"row\">\n<\/div>\n<h2>Les funcions principals del CESIRE s\u00f3n:<\/h2>\n<div class=\"row\">\n<div class=\"large-offset-1 large-10 small-12 columns\" style=\"border-radius: 15px; background-color: rgb(208 237 196 \/ 80%); padding: 15px;\">\n<div class=\"row\">\n<div class=\"columns small-2 large-4\">\n<h4>1<\/h4>\n<p>Con\u00e8ixer i facilitar <strong>l\u2019acc\u00e9s a la recerca educativa<\/strong> i al coneixement pedag\u00f2gic emergent, aix\u00ed com a l\u2019actualitzaci\u00f3 cient\u00edfica i did\u00e0ctica espec\u00edfica dels diferents \u00e0mbits del saber.<\/div>\n<div class=\"columns small-4 large-4\">\n<h4>2<\/h4>\n<p><strong>Generar saber pedag\u00f2gic<\/strong> fonamentat en la recerca acad\u00e8mica, el coneixement pedag\u00f2gic emergent i la recerca a l\u2019aula.<\/div>\n<div class=\"columns small-6 large-4\">\n<h4>3<\/h4>\n<p>Donar <strong>suport als<\/strong> <strong>docents, centres i serveis educatius<\/strong>, potenciant la innovaci\u00f3 de les pr\u00e0ctiques d\u2019ensenyament-aprenentatge, l\u2019obtenci\u00f3 d\u2019evid\u00e8ncies i la construcci\u00f3 de saber pedag\u00f2gic per part de la comunitat docent.<\/div>\n<div class=\"row\">\n<div class=\"columns small-2 large-4\">\n<hr class=\"new1\">\n<h4>4<\/h4>\n<p>Actuar com a <strong>punt d\u2019enlla\u00e7 entre la formaci\u00f3, la innovaci\u00f3 i la recerca<\/strong> amb la finalitat de potenciar l\u2019actualitzaci\u00f3 cient\u00edfica i did\u00e0ctica espec\u00edfica, aix\u00ed com la reflexi\u00f3 i la transfer\u00e8ncia metodol\u00f2gica a l\u2019aula amb un enfocament integral, multifuncional i transferible de coneixements, destreses i actituds necess\u00e0ries per al desenvolupament i la realitzaci\u00f3 personal i social de tot l\u2019alumnat.<\/div>\n<div class=\"columns small-4 large-4\">\n<hr class=\"new1\">\n<h4>5<\/h4>\n<p>Impulsar el desenvolupament de les <strong>compet\u00e8ncies professionals docents<\/strong> del s.XXI, per a la creaci\u00f3 de nous entorns d\u2019aprenentatge centrats en l\u2019alumne i en l\u2019aprenentatge amb sentit, per incrementar l\u2019\u00e8xit educatiu de l\u2019alumnat.<\/div>\n<div class=\"columns small-6 large-4\">\n<hr class=\"new1\">\n<h4>6<\/h4>\n<p>Contribuir a la <strong>transformaci\u00f3 de la formaci\u00f3 permanent<\/strong> envers nous models formatius que facilitin la personalitzaci\u00f3 de les traject\u00f2ries d\u2019aprenentatge al llarg de la vida per a la millora de la pr\u00e0ctica educativa.<\/div>\n<\/div>\n<div class=\"row\">\n<div class=\"columns small-2 large-4\">\n<hr class=\"new1\">\n<h4>7<\/h4>\n<p>Impulsar <strong>la innovaci\u00f3 pedag\u00f2gica com a cultura dels centres<\/strong> <strong>educatius <\/strong>i donar suport a les diverses modalitats d\u2019innovaci\u00f3 que s\u2019estableixen a l\u2019Ordre ENS\/303\/2015, contribuint a l\u2019ampliaci\u00f3 del mapa de la innovaci\u00f3 de Catalunya.<\/div>\n<div class=\"columns small-4 large-4\">\n<hr class=\"new1\">\n<h4>8<\/h4>\n<p><strong>Treballar de forma col.laborativa<\/strong> <strong>amb la resta d\u2019unitats<\/strong> del Departament d\u2019Educaci\u00f3 per a la creaci\u00f3 i desenvolupament de projectes fonamentats en les darreres aportacions de la recerca educativa i la innovaci\u00f3 pedag\u00f2gica.<\/div>\n<div class=\"columns small-6 large-4\">\n<hr class=\"new1\">\n<h4>9<\/h4>\n<p>Establir una <strong>xarxa de treball col.laboratiu amb agents externs<\/strong> amb l\u2019objectiu de compartir coneixement, optimitzar recursos i crear projectes que incorporin les darreres tend\u00e8ncies en el coneixement espec\u00edfic i la innovaci\u00f3 metodol\u00f2gica.<\/div>\n<\/div>\n<\/div>\n<p><div class=\"row\"><\/div>\n<p><\/p>\n","protected":false},"excerpt":{"rendered":"<p>El prop\u00f2sit del CESIRE \u00e9s contribuir a la creaci\u00f3 d\u2019una nova mirada educativa a trav\u00e9s de la innovaci\u00f3 pedag\u00f2gica fonamentada en la recerca amb les seg\u00fcents finalitats:<\/p>\n<ul style=\"list-style-type: circle; margin-left: 40px;\">\n<li>Afavorir l\u2019adquisici\u00f3 de les compet\u00e8ncies de l\u2019alumnat, per al desenvolupament i realitzaci\u00f3 personal i social&hellip;  <a href=\"https:\/\/serveiseducatius.xtec.cat\/cesire\/qui-som-proposit-finalitats-i-funcions\/\" title=\"Read Prop\u00f2sit, Finalitats i Funcions\">Llegeix m\u00e9s\u00bb<\/a><br \/>\n","protected":false},"author":1,"featured_media":0,"parent":0,"menu_order":0,"comment_status":"closed","ping_status":"closed","template":"","meta":{"_bbp_topic_count":0,"_bbp_reply_count":0,"_bbp_total_topic_count":0,"_bbp_total_reply_count":0,"_bbp_voice_count":0,"_bbp_anonymous_reply_count":0,"_bbp_topic_count_hidden":0,"_bbp_reply_count_hidden":0,"_bbp_forum_subforum_count":0,"footnotes":""},"class_list":["post-12125","page","type-page","status-publish","hentry"],"post_mailing_queue_ids":[],"_links":{"self":[{"href":"https:\/\/serveiseducatius.xtec.cat\/cesire\/wp-json\/wp\/v2\/pages\/12125","targetHints":{"allow":["GET"]}}],"collection":[{"href":"https:\/\/serveiseducatius.xtec.cat\/cesire\/wp-json\/wp\/v2\/pages"}],"about":[{"href":"https:\/\/serveiseducatius.xtec.cat\/cesire\/wp-json\/wp\/v2\/types\/page"}],"author":[{"embeddable":true,"href":"https:\/\/serveiseducatius.xtec.cat\/cesire\/wp-json\/wp\/v2\/users\/1"}],"replies":[{"embeddable":true,"href":"https:\/\/serveiseducatius.xtec.cat\/cesire\/wp-json\/wp\/v2\/comments?post=12125"}],"version-history":[{"count":3,"href":"https:\/\/serveiseducatius.xtec.cat\/cesire\/wp-json\/wp\/v2\/pages\/12125\/revisions"}],"predecessor-version":[{"id":12605,"href":"https:\/\/serveiseducatius.xtec.cat\/cesire\/wp-json\/wp\/v2\/pages\/12125\/revisions\/12605"}],"wp:attachment":[{"href":"https:\/\/serveiseducatius.xtec.cat\/cesire\/wp-json\/wp\/v2\/media?parent=12125"}],"curies":[{"name":"wp","href":"https:\/\/api.w.org\/{rel}","templated":true}]}}