{"id":608,"date":"2015-11-27T10:04:51","date_gmt":"2015-11-27T09:04:51","guid":{"rendered":"http:\/\/serveiseducatius.xtec.cat\/cerdanya\/?page_id=608"},"modified":"2026-02-25T09:38:01","modified_gmt":"2026-02-25T08:38:01","slug":"horari-i-calendari","status":"publish","type":"page","link":"https:\/\/serveiseducatius.xtec.cat\/cerdanya\/el-servei-educatiu\/horari-i-calendari\/","title":{"rendered":"Horari i calendari"},"content":{"rendered":"<p>De dilluns a\u00a0divendres<\/p>\n<ul>\n<li>Mat\u00ed: de<strong> 9<\/strong> a <strong>15 <\/strong>h<\/li>\n<li>Tarda: de<strong> 16<\/strong> a <strong>18<\/strong> h (Amb cita pr\u00e8via)<\/li>\n<\/ul>\n<p>Horari intensiu, de <strong>9<\/strong> a <strong>15<\/strong>\u00a0h:<\/p>\n<ul>\n<li>Del 1 al 15 de juliol<\/li>\n<\/ul>\n<p>El nostre servei educatiu romandr\u00e0 tancat al p\u00fablic, a part dels per\u00edodes de vacances escolars i dels dies de festes laborals oficials a Catalunya, els seg\u00fcents dies de festa local i de lliure disposici\u00f3, acordats pel Consell Escolar Municipal de Puigcerd\u00e0:<\/p>\n<ul>\n<li>8 de setembre de 2025.<\/li>\n<li>10 d&#8217;octubre de 2025.<\/li>\n<li>3 de novembre de 2025.<\/li>\n<li>16 de febrer de 2026.<\/li>\n<li>30 d&#8217;abril de 2026.<\/li>\n<li>25 de maig de 2026.<\/li>\n<\/ul>\n<p>Vacances de Nadal: del 19 de desembre de 2025 al 7 de gener de 2026 (ambd\u00f3s inclosos).<\/p>\n<p>Vacances de Setmana Santa: del 30 de mar\u00e7 al 6 d&#8217;abril del 2026 (ambd\u00f3s inclosos).<\/p>\n","protected":false},"excerpt":{"rendered":"<p>De dilluns a\u00a0divendres Mat\u00ed: de 9 a 15 h Tarda: de 16 a 18 h (Amb cita pr\u00e8via) Horari intensiu, de 9 a 15\u00a0h: Del 1 al 15 de juliol El nostre servei educatiu romandr\u00e0 tancat al p\u00fablic, a part dels per\u00edodes de vacances escolars i dels dies de festes laborals oficials a Catalunya, els [&hellip;]<\/p>\n","protected":false},"author":1,"featured_media":0,"parent":806,"menu_order":30,"comment_status":"closed","ping_status":"closed","template":"","meta":{"_bbp_topic_count":0,"_bbp_reply_count":0,"_bbp_total_topic_count":0,"_bbp_total_reply_count":0,"_bbp_voice_count":0,"_bbp_anonymous_reply_count":0,"_bbp_topic_count_hidden":0,"_bbp_reply_count_hidden":0,"_bbp_forum_subforum_count":0,"site-sidebar-layout":"default","site-content-layout":"","ast-site-content-layout":"default","site-content-style":"default","site-sidebar-style":"default","ast-global-header-display":"","ast-banner-title-visibility":"","ast-main-header-display":"","ast-hfb-above-header-display":"","ast-hfb-below-header-display":"","ast-hfb-mobile-header-display":"","site-post-title":"","ast-breadcrumbs-content":"","ast-featured-img":"","footer-sml-layout":"","theme-transparent-header-meta":"default","adv-header-id-meta":"","stick-header-meta":"","header-above-stick-meta":"","header-main-stick-meta":"","header-below-stick-meta":"","astra-migrate-meta-layouts":"set","ast-page-background-enabled":"default","ast-page-background-meta":{"desktop":{"background-color":"var(--ast-global-color-4)","background-image":"","background-repeat":"repeat","background-position":"center center","background-size":"auto","background-attachment":"scroll","background-type":"","background-media":"","overlay-type":"","overlay-color":"","overlay-opacity":"","overlay-gradient":""},"tablet":{"background-color":"","background-image":"","background-repeat":"repeat","background-position":"center center","background-size":"auto","background-attachment":"scroll","background-type":"","background-media":"","overlay-type":"","overlay-color":"","overlay-opacity":"","overlay-gradient":""},"mobile":{"background-color":"","background-image":"","background-repeat":"repeat","background-position":"center center","background-size":"auto","background-attachment":"scroll","background-type":"","background-media":"","overlay-type":"","overlay-color":"","overlay-opacity":"","overlay-gradient":""}},"ast-content-background-meta":{"desktop":{"background-color":"var(--ast-global-color-5)","background-image":"","background-repeat":"repeat","background-position":"center center","background-size":"auto","background-attachment":"scroll","background-type":"","background-media":"","overlay-type":"","overlay-color":"","overlay-opacity":"","overlay-gradient":""},"tablet":{"background-color":"var(--ast-global-color-5)","background-image":"","background-repeat":"repeat","background-position":"center center","background-size":"auto","background-attachment":"scroll","background-type":"","background-media":"","overlay-type":"","overlay-color":"","overlay-opacity":"","overlay-gradient":""},"mobile":{"background-color":"var(--ast-global-color-5)","background-image":"","background-repeat":"repeat","background-position":"center center","background-size":"auto","background-attachment":"scroll","background-type":"","background-media":"","overlay-type":"","overlay-color":"","overlay-opacity":"","overlay-gradient":""}},"footnotes":""},"class_list":["post-608","page","type-page","status-publish","hentry"],"post_mailing_queue_ids":[],"_links":{"self":[{"href":"https:\/\/serveiseducatius.xtec.cat\/cerdanya\/wp-json\/wp\/v2\/pages\/608","targetHints":{"allow":["GET"]}}],"collection":[{"href":"https:\/\/serveiseducatius.xtec.cat\/cerdanya\/wp-json\/wp\/v2\/pages"}],"about":[{"href":"https:\/\/serveiseducatius.xtec.cat\/cerdanya\/wp-json\/wp\/v2\/types\/page"}],"author":[{"embeddable":true,"href":"https:\/\/serveiseducatius.xtec.cat\/cerdanya\/wp-json\/wp\/v2\/users\/1"}],"replies":[{"embeddable":true,"href":"https:\/\/serveiseducatius.xtec.cat\/cerdanya\/wp-json\/wp\/v2\/comments?post=608"}],"version-history":[{"count":6,"href":"https:\/\/serveiseducatius.xtec.cat\/cerdanya\/wp-json\/wp\/v2\/pages\/608\/revisions"}],"predecessor-version":[{"id":11383,"href":"https:\/\/serveiseducatius.xtec.cat\/cerdanya\/wp-json\/wp\/v2\/pages\/608\/revisions\/11383"}],"up":[{"embeddable":true,"href":"https:\/\/serveiseducatius.xtec.cat\/cerdanya\/wp-json\/wp\/v2\/pages\/806"}],"wp:attachment":[{"href":"https:\/\/serveiseducatius.xtec.cat\/cerdanya\/wp-json\/wp\/v2\/media?parent=608"}],"curies":[{"name":"wp","href":"https:\/\/api.w.org\/{rel}","templated":true}]}}