{"id":379,"date":"2015-11-25T14:19:13","date_gmt":"2015-11-25T13:19:13","guid":{"rendered":"http:\/\/serveiseducatius.xtec.cat\/cerdanya\/?page_id=379"},"modified":"2025-09-12T09:37:14","modified_gmt":"2025-09-12T07:37:14","slug":"educacio-infantil-i-primaria","status":"publish","type":"page","link":"https:\/\/serveiseducatius.xtec.cat\/cerdanya\/comunitat\/centres-educatius\/educacio-infantil-i-primaria\/","title":{"rendered":"Educaci\u00f3 infantil i prim\u00e0ria"},"content":{"rendered":"<table style=\"height: 383px; width: 944px;\">\n<tbody>\n<tr style=\"height: 58px;\">\n<td style=\"width: 116px; text-align: center; height: 58px;\">\n<h4><strong>Escola<\/strong><\/h4>\n<\/td>\n<td style=\"width: 109px; text-align: center; height: 58px;\">\n<h4><strong>Poblaci\u00f3<\/strong><\/h4>\n<\/td>\n<td style=\"width: 112px; text-align: center; height: 58px;\">\n<h4><strong>Adre\u00e7a<\/strong><\/h4>\n<\/td>\n<td style=\"width: 101px; text-align: center; height: 58px;\">\n<h4><strong>Tel\u00e8fon<\/strong><\/h4>\n<\/td>\n<td style=\"width: 181px; text-align: center; height: 58px;\">\n<h4><strong>Correu electr\u00f2nic<\/strong><\/h4>\n<\/td>\n<td style=\"width: 170px; text-align: center;\">\n<h4><strong>web del centre<\/strong><\/h4>\n<\/td>\n<td style=\"width: 137px; text-align: center; height: 58px;\">\n<h4><strong>Codi de centre<\/strong><\/h4>\n<\/td>\n<\/tr>\n<tr style=\"height: 46px;\">\n<td style=\"width: 116px; text-align: center; height: 46px;\">\n<h4><strong>\u00a0Alfons I\u00a0<\/strong><\/h4>\n<\/td>\n<td style=\"width: 109px; text-align: center; height: 46px;\">Puigcerd\u00e0<\/p>\n<p>17520<\/td>\n<td style=\"width: 112px; text-align: center; height: 46px;\">Avinguda Schierbeck, 2<\/td>\n<td style=\"width: 101px; text-align: center; height: 46px;\">972 14 10 26<\/td>\n<td style=\"width: 181px; text-align: center; height: 46px;\">b7002880@xtec.cat<\/td>\n<td style=\"width: 170px; text-align: center;\"><a href=\"https:\/\/agora.xtec.cat\/ceipalfonsi\/\">WEB<\/a><\/td>\n<td style=\"width: 137px; text-align: center; height: 46px;\">17002880<\/td>\n<\/tr>\n<tr style=\"height: 31px;\">\n<td style=\"width: 116px; text-align: center; height: 31px;\">\n<h4><strong>Llums del Nord<\/strong><\/h4>\n<\/td>\n<td style=\"width: 109px; text-align: center; height: 31px;\">Puigcerd\u00e0<\/p>\n<p>17520<\/td>\n<td style=\"width: 112px; text-align: center; height: 31px;\">c\/ Pic d\u2019Eina 2-8<\/td>\n<td style=\"width: 101px; text-align: center; height: 31px;\">972 88 26 49<\/td>\n<td style=\"width: 181px; text-align: center; height: 31px;\">b7008419@xtec.cat<\/td>\n<td style=\"width: 170px; text-align: center;\"><a href=\"https:\/\/agora.xtec.cat\/escllumsdelnord\/\">WEB<\/a><\/td>\n<td style=\"width: 137px; text-align: center; height: 31px;\">17008419<\/td>\n<\/tr>\n<tr>\n<td style=\"width: 116px; text-align: center;\">\n<h4><strong>Vedruna<\/strong><\/h4>\n<\/td>\n<td style=\"width: 109px; text-align: center;\">Puigcerd\u00e0<\/p>\n<p>17520<\/td>\n<td style=\"width: 112px; text-align: center;\">c\/ Carmelites, 4<\/td>\n<td style=\"width: 101px; text-align: center;\">972 88 03 84<\/td>\n<td style=\"width: 181px; text-align: center;\">puigcerda@vedruna.org<\/td>\n<td style=\"width: 170px; text-align: center;\"><a href=\"http:\/\/www.vedrunapuigcerda.cat\/\">WEB<\/a><\/td>\n<td style=\"width: 137px; text-align: center;\"><span data-sheets-value=\"{&quot;1&quot;:3,&quot;3&quot;:17002892}\" data-sheets-userformat=\"{&quot;2&quot;:10301,&quot;3&quot;:{&quot;1&quot;:0,&quot;3&quot;:1},&quot;5&quot;:{&quot;1&quot;:[{&quot;1&quot;:2,&quot;2&quot;:0,&quot;5&quot;:[null,2,0]},{&quot;1&quot;:0,&quot;2&quot;:0,&quot;3&quot;:3},{&quot;1&quot;:1,&quot;2&quot;:0,&quot;4&quot;:1}]},&quot;6&quot;:{&quot;1&quot;:[{&quot;1&quot;:2,&quot;2&quot;:0,&quot;5&quot;:[null,2,0]},{&quot;1&quot;:0,&quot;2&quot;:0,&quot;3&quot;:3},{&quot;1&quot;:1,&quot;2&quot;:0,&quot;4&quot;:1}]},&quot;7&quot;:{&quot;1&quot;:[{&quot;1&quot;:2,&quot;2&quot;:0,&quot;5&quot;:[null,2,0]},{&quot;1&quot;:0,&quot;2&quot;:0,&quot;3&quot;:3},{&quot;1&quot;:1,&quot;2&quot;:0,&quot;4&quot;:1}]},&quot;8&quot;:{&quot;1&quot;:[{&quot;1&quot;:2,&quot;2&quot;:0,&quot;5&quot;:[null,2,0]},{&quot;1&quot;:0,&quot;2&quot;:0,&quot;3&quot;:3},{&quot;1&quot;:1,&quot;2&quot;:0,&quot;4&quot;:1}]},&quot;14&quot;:{&quot;1&quot;:3,&quot;3&quot;:1},&quot;16&quot;:11}\">17002892<\/span><\/td>\n<\/tr>\n<tr style=\"height: 31px;\">\n<td style=\"width: 116px; text-align: center; height: 31px;\">\n<h4><strong>Bac de Cerdanya<\/strong><\/h4>\n<\/td>\n<td style=\"width: 109px; text-align: center; height: 31px;\">Alp<\/p>\n<p>17538<\/td>\n<td style=\"width: 112px; text-align: center; height: 31px;\">c\/ Mancomunitat s\/n<\/td>\n<td style=\"width: 101px; text-align: center; height: 31px;\">972 14 42 99<\/td>\n<td style=\"width: 181px; text-align: center; height: 31px;\">\u00a0b7000071@xtec.cat<\/td>\n<td style=\"width: 170px; text-align: center;\"><a href=\"https:\/\/agora.xtec.cat\/escolabacdecerdanya\/\">WEB<\/a><\/td>\n<td style=\"width: 137px; text-align: center; height: 31px;\">17000071<\/td>\n<\/tr>\n<tr style=\"height: 31px;\">\n<td style=\"width: 116px; text-align: center; height: 31px;\">\n<h4><strong>Jaume I<\/strong><\/h4>\n<\/td>\n<td style=\"width: 109px; text-align: center; height: 31px;\">Ll\u00edvia<\/p>\n<p>17527<\/td>\n<td style=\"width: 112px; text-align: center; height: 31px;\">Avinguda de Catalunya, 89-91<\/td>\n<td style=\"width: 101px; text-align: center; height: 31px;\">972 89 62 24<\/td>\n<td style=\"width: 181px; text-align: center; height: 31px;\">b7002090@xtec.cat<\/td>\n<td style=\"width: 170px; text-align: center;\"><a href=\"https:\/\/agora.xtec.cat\/escjaume1rllivia\/\">WEB<\/a><\/td>\n<td style=\"width: 137px; text-align: center; height: 31px;\">17002090<\/td>\n<\/tr>\n<tr style=\"height: 31px;\">\n<td style=\"width: 116px; text-align: center; height: 31px;\">\n<h4><strong>Santa Cec\u00edlia<\/strong><\/h4>\n<h4><strong>(ZER Cerdanya)<\/strong><\/h4>\n<\/td>\n<td style=\"width: 109px; text-align: center; height: 31px;\">Bolvir<\/p>\n<p>17539<\/td>\n<td style=\"width: 112px; text-align: center; height: 31px;\">c\/ Estarragalls, 16<\/td>\n<td style=\"width: 101px; text-align: center; height: 31px;\">972 89 50 55<\/td>\n<td style=\"width: 181px; text-align: center; height: 31px;\">b7004888@xtec.cat<\/td>\n<td style=\"width: 170px; text-align: center;\"><a href=\"https:\/\/agora.xtec.cat\/escsantaceciliabolvir\/\">WEB<\/a><\/td>\n<td style=\"width: 137px; text-align: center; height: 31px;\">17004888<\/td>\n<\/tr>\n<tr style=\"height: 31px;\">\n<td style=\"width: 116px; text-align: center; height: 31px;\">\n<h4><strong>Santa Coloma<\/strong><\/h4>\n<h4><strong>(ZER Cerdanya)<\/strong><\/h4>\n<\/td>\n<td style=\"width: 109px; text-align: center; height: 31px;\">Ger<\/p>\n<p>17539<\/td>\n<td style=\"width: 112px; text-align: center; height: 31px;\">Avinguda Rita Casamitjana, s\/n<\/td>\n<td style=\"width: 101px; text-align: center; height: 31px;\">972 89 42 50<\/td>\n<td style=\"width: 181px; text-align: center; height: 31px;\">b7001395@xtec.cat<\/td>\n<td style=\"width: 170px; text-align: center;\"><a href=\"https:\/\/agora.xtec.cat\/escsantacolomager\/\">WEB<\/a><\/td>\n<td style=\"width: 137px; text-align: center; height: 31px;\">17001395<\/td>\n<\/tr>\n<tr>\n<td style=\"width: 116px; text-align: center;\">\n<h4><strong>Institut Escola Bellver<\/strong><\/h4>\n<\/td>\n<td style=\"width: 109px; text-align: center;\">Bellver<\/p>\n<p>25720<\/td>\n<td style=\"width: 112px; text-align: center;\">c\/ Travy s\/n<\/td>\n<td style=\"width: 101px; text-align: center;\">973 511 147<\/td>\n<td style=\"width: 181px; text-align: center;\">c5010462@xtec.cat<\/td>\n<td style=\"width: 170px; text-align: center;\"><a href=\"https:\/\/agora.xtec.cat\/ceiptallo\/\">WEB<\/a><\/td>\n<td style=\"width: 137px; text-align: center;\">25010462<\/td>\n<\/tr>\n<tr>\n<td style=\"width: 116px; text-align: center;\">\n<h4><strong>Escola Ridolaina<\/strong><\/h4>\n<\/td>\n<td style=\"width: 109px; text-align: center;\">Montell\u00e0<\/p>\n<p>25725<\/td>\n<td style=\"width: 112px; text-align: center;\">c\/ Tossal s\/n<\/td>\n<td style=\"width: 101px; text-align: center;\">973 515 177<\/td>\n<td style=\"width: 181px; text-align: center;\">c5003275@xtec.cat<\/td>\n<td style=\"width: 170px; text-align: center;\"><a href=\"https:\/\/agora.xtec.cat\/escolaridolaina\/\">WEB<\/a><\/td>\n<td style=\"width: 137px; text-align: center;\">25003275<\/td>\n<\/tr>\n<tr>\n<td style=\"width: 116px; text-align: center;\">\n<h4><strong>Escola Portella Blanca (ZER Barid\u00e0-Batllia)<\/strong><\/h4>\n<\/td>\n<td style=\"width: 109px; text-align: center;\">Lles de Cerdanya<\/p>\n<p>25726<\/td>\n<td style=\"width: 112px; text-align: center;\">Pla\u00e7a major<\/td>\n<td style=\"width: 101px; text-align: center;\">973 515 245<\/td>\n<td style=\"width: 181px; text-align: center;\">c5003056@xtec.cat<\/td>\n<td style=\"width: 170px; text-align: center;\"><a href=\"https:\/\/agora.xtec.cat\/zerbarida-batllia\/escola-gamma\/\">WEB<\/a><\/td>\n<td style=\"width: 137px; text-align: center;\">25003056<\/td>\n<\/tr>\n<tr>\n<td style=\"width: 116px; text-align: center;\">\n<h4><strong>Escola Pere Sarret (ZER Barid\u00e0-Batllia)<\/strong><\/h4>\n<\/td>\n<td style=\"width: 109px; text-align: center;\">Martinet<\/p>\n<p>25724<\/td>\n<td style=\"width: 112px; text-align: center;\">Pla\u00e7a Pere Sarret s\/n<\/td>\n<td style=\"width: 101px; text-align: center;\">973 515 154<\/td>\n<td style=\"width: 181px; text-align: center;\">c5003263@xtec.cat<\/td>\n<td style=\"width: 170px; text-align: center;\"><a href=\"https:\/\/agora.xtec.cat\/zerbarida-batllia\/escola-epsilon\/\">WEB<\/a><\/td>\n<td style=\"width: 137px; text-align: center;\">25003263<\/td>\n<\/tr>\n<tr>\n<td style=\"width: 116px; text-align: center;\">\n<h4><strong>Escola El Puig (ZER Barid\u00e0-Batllia)<\/strong><\/h4>\n<\/td>\n<td style=\"width: 109px; text-align: center;\">Prullans<\/p>\n<p>25727<\/td>\n<td style=\"width: 112px; text-align: center;\">c\/Puig, 1<\/td>\n<td style=\"width: 101px; text-align: center;\">973 510 671<\/td>\n<td style=\"width: 181px; text-align: center;\">c5003846@xtec.cat<\/td>\n<td style=\"width: 170px; text-align: center;\"><a href=\"https:\/\/agora.xtec.cat\/zerbarida-batllia\/escola-alfa\/\">WEB<\/a><\/td>\n<td style=\"width: 137px; text-align: center;\">25003846<\/td>\n<\/tr>\n<tr>\n<td style=\"width: 116px; text-align: center;\">\n<h4><strong>Escola Sant Serni (ZER Barid\u00e0-Batllia)<\/strong><\/h4>\n<\/td>\n<td style=\"width: 109px; text-align: center;\">Prats<\/p>\n<p>25721<\/td>\n<td style=\"width: 112px; text-align: center;\">c\/La Font, 1<\/td>\n<td style=\"width: 101px; text-align: center;\">972 144 109<\/td>\n<td style=\"width: 181px; text-align: center;\">c5005983@xtec.cat<\/td>\n<td style=\"width: 170px; text-align: center;\"><a href=\"https:\/\/agora.xtec.cat\/zerbarida-batllia\/escola-sant-serni\/\">WEB<\/a><\/td>\n<td style=\"width: 137px; text-align: center;\">25005983<\/td>\n<\/tr>\n<\/tbody>\n<\/table>\n<div class=\"_eFb\" style=\"text-align: left;\"><\/div>\n<pre style=\"text-align: justify;\"><\/pre>\n","protected":false},"excerpt":{"rendered":"<p>Escola Poblaci\u00f3 Adre\u00e7a Tel\u00e8fon Correu electr\u00f2nic web del centre Codi de centre \u00a0Alfons I\u00a0 Puigcerd\u00e0 17520 Avinguda Schierbeck, 2 972 14 10 26 b7002880@xtec.cat WEB 17002880 Llums del Nord Puigcerd\u00e0 17520 c\/ Pic d\u2019Eina 2-8 972 88 26 49 b7008419@xtec.cat WEB 17008419 Vedruna Puigcerd\u00e0 17520 c\/ Carmelites, 4 972 88 03 84 puigcerda@vedruna.org WEB 17002892 [&hellip;]<\/p>\n","protected":false},"author":1,"featured_media":0,"parent":338,"menu_order":20,"comment_status":"closed","ping_status":"closed","template":"","meta":{"_bbp_topic_count":0,"_bbp_reply_count":0,"_bbp_total_topic_count":0,"_bbp_total_reply_count":0,"_bbp_voice_count":0,"_bbp_anonymous_reply_count":0,"_bbp_topic_count_hidden":0,"_bbp_reply_count_hidden":0,"_bbp_forum_subforum_count":0,"site-sidebar-layout":"default","site-content-layout":"","ast-site-content-layout":"default","site-content-style":"default","site-sidebar-style":"default","ast-global-header-display":"","ast-banner-title-visibility":"","ast-main-header-display":"","ast-hfb-above-header-display":"","ast-hfb-below-header-display":"","ast-hfb-mobile-header-display":"","site-post-title":"","ast-breadcrumbs-content":"","ast-featured-img":"","footer-sml-layout":"","theme-transparent-header-meta":"default","adv-header-id-meta":"","stick-header-meta":"","header-above-stick-meta":"","header-main-stick-meta":"","header-below-stick-meta":"","astra-migrate-meta-layouts":"set","ast-page-background-enabled":"default","ast-page-background-meta":{"desktop":{"background-color":"var(--ast-global-color-4)","background-image":"","background-repeat":"repeat","background-position":"center center","background-size":"auto","background-attachment":"scroll","background-type":"","background-media":"","overlay-type":"","overlay-color":"","overlay-opacity":"","overlay-gradient":""},"tablet":{"background-color":"","background-image":"","background-repeat":"repeat","background-position":"center center","background-size":"auto","background-attachment":"scroll","background-type":"","background-media":"","overlay-type":"","overlay-color":"","overlay-opacity":"","overlay-gradient":""},"mobile":{"background-color":"","background-image":"","background-repeat":"repeat","background-position":"center center","background-size":"auto","background-attachment":"scroll","background-type":"","background-media":"","overlay-type":"","overlay-color":"","overlay-opacity":"","overlay-gradient":""}},"ast-content-background-meta":{"desktop":{"background-color":"var(--ast-global-color-5)","background-image":"","background-repeat":"repeat","background-position":"center center","background-size":"auto","background-attachment":"scroll","background-type":"","background-media":"","overlay-type":"","overlay-color":"","overlay-opacity":"","overlay-gradient":""},"tablet":{"background-color":"var(--ast-global-color-5)","background-image":"","background-repeat":"repeat","background-position":"center center","background-size":"auto","background-attachment":"scroll","background-type":"","background-media":"","overlay-type":"","overlay-color":"","overlay-opacity":"","overlay-gradient":""},"mobile":{"background-color":"var(--ast-global-color-5)","background-image":"","background-repeat":"repeat","background-position":"center center","background-size":"auto","background-attachment":"scroll","background-type":"","background-media":"","overlay-type":"","overlay-color":"","overlay-opacity":"","overlay-gradient":""}},"footnotes":""},"class_list":["post-379","page","type-page","status-publish","hentry"],"post_mailing_queue_ids":[],"_links":{"self":[{"href":"https:\/\/serveiseducatius.xtec.cat\/cerdanya\/wp-json\/wp\/v2\/pages\/379","targetHints":{"allow":["GET"]}}],"collection":[{"href":"https:\/\/serveiseducatius.xtec.cat\/cerdanya\/wp-json\/wp\/v2\/pages"}],"about":[{"href":"https:\/\/serveiseducatius.xtec.cat\/cerdanya\/wp-json\/wp\/v2\/types\/page"}],"author":[{"embeddable":true,"href":"https:\/\/serveiseducatius.xtec.cat\/cerdanya\/wp-json\/wp\/v2\/users\/1"}],"replies":[{"embeddable":true,"href":"https:\/\/serveiseducatius.xtec.cat\/cerdanya\/wp-json\/wp\/v2\/comments?post=379"}],"version-history":[{"count":6,"href":"https:\/\/serveiseducatius.xtec.cat\/cerdanya\/wp-json\/wp\/v2\/pages\/379\/revisions"}],"predecessor-version":[{"id":11163,"href":"https:\/\/serveiseducatius.xtec.cat\/cerdanya\/wp-json\/wp\/v2\/pages\/379\/revisions\/11163"}],"up":[{"embeddable":true,"href":"https:\/\/serveiseducatius.xtec.cat\/cerdanya\/wp-json\/wp\/v2\/pages\/338"}],"wp:attachment":[{"href":"https:\/\/serveiseducatius.xtec.cat\/cerdanya\/wp-json\/wp\/v2\/media?parent=379"}],"curies":[{"name":"wp","href":"https:\/\/api.w.org\/{rel}","templated":true}]}}