{"id":343,"date":"2015-11-24T18:43:38","date_gmt":"2015-11-24T17:43:38","guid":{"rendered":"http:\/\/serveiseducatius.xtec.cat\/cerdanya\/?page_id=343"},"modified":"2025-11-19T13:45:06","modified_gmt":"2025-11-19T12:45:06","slug":"institucions-i-entitats","status":"publish","type":"page","link":"https:\/\/serveiseducatius.xtec.cat\/cerdanya\/comunitat\/institucions-i-entitats\/","title":{"rendered":"Institucions i entitats"},"content":{"rendered":"<p>&nbsp;<\/p>\n<table class=\" aligncenter\" style=\"width: 98.9084%; border-collapse: collapse; height: 2726px;\">\n<tbody>\n<tr style=\"height: 52px;\">\n<td style=\"width: 16.7508%; height: 52px;\"><strong>Logotip de l&#8217;entitat<\/strong><\/td>\n<td style=\"width: 36.2794%; height: 52px;\"><strong>Nom de l&#8217;entitat<\/strong><\/td>\n<td style=\"width: 47.6431%; height: 52px;\"><strong>Contacte<\/strong><\/td>\n<\/tr>\n<tr style=\"height: 146px;\">\n<td style=\"width: 16.7508%; height: 146px;\"><img loading=\"lazy\" decoding=\"async\" class=\"wp-image-11247 alignnone\" src=\"https:\/\/serveiseducatius.xtec.cat\/cerdanya\/wp-content\/uploads\/usu1166\/2025\/11\/Logo-Consell-sense-fons.png\" alt=\"\" width=\"101\" height=\"134\" \/><\/td>\n<td style=\"width: 36.2794%; height: 146px;\">Consell Comarcal de La Cerdanya<\/td>\n<td style=\"width: 47.6431%; height: 146px;\">Pla\u00e7a del Rec, 5 17520 Puigcerd\u00e0+34 972 884 884<\/td>\n<\/tr>\n<tr style=\"height: 137px;\">\n<td style=\"width: 16.7508%; height: 137px;\"><img loading=\"lazy\" decoding=\"async\" class=\"wp-image-11248 alignnone\" src=\"https:\/\/serveiseducatius.xtec.cat\/cerdanya\/wp-content\/uploads\/usu1166\/2025\/11\/01-marca-completa-vc-1667343-300x288.png\" alt=\"\" width=\"115\" height=\"111\" srcset=\"https:\/\/serveiseducatius.xtec.cat\/cerdanya\/wp-content\/uploads\/usu1166\/2025\/11\/01-marca-completa-vc-1667343-300x288.png 300w, https:\/\/serveiseducatius.xtec.cat\/cerdanya\/wp-content\/uploads\/usu1166\/2025\/11\/01-marca-completa-vc-1667343-1024x983.png 1024w, https:\/\/serveiseducatius.xtec.cat\/cerdanya\/wp-content\/uploads\/usu1166\/2025\/11\/01-marca-completa-vc-1667343-768x737.png 768w, https:\/\/serveiseducatius.xtec.cat\/cerdanya\/wp-content\/uploads\/usu1166\/2025\/11\/01-marca-completa-vc-1667343-1536x1475.png 1536w, https:\/\/serveiseducatius.xtec.cat\/cerdanya\/wp-content\/uploads\/usu1166\/2025\/11\/01-marca-completa-vc-1667343-2048x1966.png 2048w\" sizes=\"auto, (max-width: 115px) 100vw, 115px\" \/><\/td>\n<td style=\"width: 36.2794%; height: 137px;\">Ajuntament de Puigcerd\u00e0<\/td>\n<td style=\"width: 47.6431%; height: 137px;\">Pla\u00e7a de l&#8217;Ajuntament n\u00ba1 17520 Puigcerd\u00e0<br \/>\nTel. 972 88 06 50<\/td>\n<\/tr>\n<tr style=\"height: 189px;\">\n<td style=\"width: 16.7508%; height: 130px;\"><img loading=\"lazy\" decoding=\"async\" class=\" wp-image-11249 alignnone\" src=\"https:\/\/serveiseducatius.xtec.cat\/cerdanya\/wp-content\/uploads\/usu1166\/2025\/11\/Aj_ALP.jpg\" alt=\"\" width=\"124\" height=\"124\" srcset=\"https:\/\/serveiseducatius.xtec.cat\/cerdanya\/wp-content\/uploads\/usu1166\/2025\/11\/Aj_ALP.jpg 225w, https:\/\/serveiseducatius.xtec.cat\/cerdanya\/wp-content\/uploads\/usu1166\/2025\/11\/Aj_ALP-150x150.jpg 150w\" sizes=\"auto, (max-width: 124px) 100vw, 124px\" \/><\/td>\n<td style=\"width: 36.2794%; height: 130px;\">Ajuntament d&#8217;Alp<\/td>\n<td style=\"width: 47.6431%; height: 130px;\">Av. Tossa d&#8217;Alp, 6 17538 Alp<br \/>\n972 890 017 &#8211; alp@alp2500.ca<\/td>\n<\/tr>\n<tr style=\"height: 157px;\">\n<td style=\"width: 16.7508%; height: 109px;\"><img loading=\"lazy\" decoding=\"async\" class=\" wp-image-11251 alignnone\" src=\"https:\/\/serveiseducatius.xtec.cat\/cerdanya\/wp-content\/uploads\/usu1166\/2025\/11\/Escut_de_Bellver_de_Cerdanya.svg-217x300.png\" alt=\"\" width=\"78\" height=\"108\" srcset=\"https:\/\/serveiseducatius.xtec.cat\/cerdanya\/wp-content\/uploads\/usu1166\/2025\/11\/Escut_de_Bellver_de_Cerdanya.svg-217x300.png 217w, https:\/\/serveiseducatius.xtec.cat\/cerdanya\/wp-content\/uploads\/usu1166\/2025\/11\/Escut_de_Bellver_de_Cerdanya.svg-741x1024.png 741w, https:\/\/serveiseducatius.xtec.cat\/cerdanya\/wp-content\/uploads\/usu1166\/2025\/11\/Escut_de_Bellver_de_Cerdanya.svg-768x1061.png 768w, https:\/\/serveiseducatius.xtec.cat\/cerdanya\/wp-content\/uploads\/usu1166\/2025\/11\/Escut_de_Bellver_de_Cerdanya.svg-1112x1536.png 1112w, https:\/\/serveiseducatius.xtec.cat\/cerdanya\/wp-content\/uploads\/usu1166\/2025\/11\/Escut_de_Bellver_de_Cerdanya.svg.png 1200w\" sizes=\"auto, (max-width: 78px) 100vw, 78px\" \/><\/td>\n<td style=\"width: 36.2794%; height: 109px;\">Ajuntament de Bellver de Cerdanya<\/td>\n<td style=\"width: 47.6431%; height: 109px;\">\n<p class=\"mb-0\"><span class=\"text-normal\">Pla\u00e7a Major, 12,\u00a0 25720\u00a0 Bellver de Cerdanya<\/span><\/p>\n<p class=\"mb-0\"><span class=\"text-nowrap\">\u00a0973510016\u00a0 &#8211;\u00a0 <\/span>oficines@bellver.org<\/p>\n<\/td>\n<\/tr>\n<tr style=\"height: 178px;\">\n<td style=\"width: 16.7508%; height: 10px;\"><img loading=\"lazy\" decoding=\"async\" class=\"wp-image-11252 alignnone\" src=\"https:\/\/serveiseducatius.xtec.cat\/cerdanya\/wp-content\/uploads\/usu1166\/2025\/11\/llivia.jpg\" alt=\"\" width=\"122\" height=\"122\" srcset=\"https:\/\/serveiseducatius.xtec.cat\/cerdanya\/wp-content\/uploads\/usu1166\/2025\/11\/llivia.jpg 189w, https:\/\/serveiseducatius.xtec.cat\/cerdanya\/wp-content\/uploads\/usu1166\/2025\/11\/llivia-150x150.jpg 150w\" sizes=\"auto, (max-width: 122px) 100vw, 122px\" \/><\/td>\n<td style=\"width: 36.2794%; height: 10px;\">Ajuntament de Ll\u00edvia<\/td>\n<td style=\"width: 47.6431%; height: 10px;\">\n<p class=\"mb-0\"><span class=\"text-normal\"> C\/ dels Forns, n\u00fam. 10 \u00b7 17527 Ll\u00edvia<\/span><\/p>\n<p class=\"mb-0\"><span class=\"text-normal\">972 896 011 \u00b7 ajuntament<span class=\"\"><span class=\"\">@<\/span>llivia.org<\/span><\/span><\/p>\n<\/td>\n<\/tr>\n<tr style=\"height: 69px;\">\n<td style=\"width: 16.7508%; height: 10px;\"><img loading=\"lazy\" decoding=\"async\" class=\"wp-image-11253 alignnone\" src=\"https:\/\/serveiseducatius.xtec.cat\/cerdanya\/wp-content\/uploads\/usu1166\/2025\/11\/1-bolvir-escut-186x300.png\" alt=\"\" width=\"67\" height=\"108\" srcset=\"https:\/\/serveiseducatius.xtec.cat\/cerdanya\/wp-content\/uploads\/usu1166\/2025\/11\/1-bolvir-escut-186x300.png 186w, https:\/\/serveiseducatius.xtec.cat\/cerdanya\/wp-content\/uploads\/usu1166\/2025\/11\/1-bolvir-escut-636x1024.png 636w, https:\/\/serveiseducatius.xtec.cat\/cerdanya\/wp-content\/uploads\/usu1166\/2025\/11\/1-bolvir-escut-768x1237.png 768w, https:\/\/serveiseducatius.xtec.cat\/cerdanya\/wp-content\/uploads\/usu1166\/2025\/11\/1-bolvir-escut.png 800w\" sizes=\"auto, (max-width: 67px) 100vw, 67px\" \/><\/td>\n<td style=\"width: 36.2794%; height: 10px;\">Ajuntament de Bolvir<\/td>\n<td style=\"width: 47.6431%; height: 10px;\">\n<div class=\"wrap-data\">Carrer de la Font, n\u00famero 2 17539 Bolvir<\/div>\n<div>972 895 001 &#8211; bolvir@bolvir.cat<\/div>\n<p class=\"mb-0\"><span class=\"text-normal\">\u00a0<\/span><\/p>\n<\/td>\n<\/tr>\n<tr style=\"height: 53px;\">\n<td style=\"width: 16.7508%; height: 17px;\"><img loading=\"lazy\" decoding=\"async\" class=\"wp-image-11261 alignnone\" src=\"https:\/\/serveiseducatius.xtec.cat\/cerdanya\/wp-content\/uploads\/usu1166\/2025\/11\/Prullands.png\" alt=\"\" width=\"100\" height=\"100\" srcset=\"https:\/\/serveiseducatius.xtec.cat\/cerdanya\/wp-content\/uploads\/usu1166\/2025\/11\/Prullands.png 160w, https:\/\/serveiseducatius.xtec.cat\/cerdanya\/wp-content\/uploads\/usu1166\/2025\/11\/Prullands-150x150.png 150w\" sizes=\"auto, (max-width: 100px) 100vw, 100px\" \/><\/td>\n<td style=\"width: 36.2794%; height: 17px;\">Ajuntament de Prullans<\/td>\n<td style=\"width: 47.6431%; height: 17px;\">\n<div class=\"wrap-data\">\n<p>Puig, 2, Prullans\u00a0 25727<\/p>\n<p>973510255 &#8211; ajuntament@prullans.ddl.net<\/p>\n<\/div>\n<\/td>\n<\/tr>\n<tr style=\"height: 155px;\">\n<td style=\"width: 16.7508%; height: 155px;\"><img loading=\"lazy\" decoding=\"async\" class=\" wp-image-11255 alignnone\" src=\"https:\/\/serveiseducatius.xtec.cat\/cerdanya\/wp-content\/uploads\/usu1166\/2025\/11\/Ger.png\" alt=\"\" width=\"73\" height=\"118\" \/><\/td>\n<td style=\"width: 36.2794%; height: 155px;\">Ajuntament de Ger<\/td>\n<td style=\"width: 47.6431%; height: 155px;\">\n<div class=\"wrap-data\">\n<p>Carrer Quatre Cantons, 17539 Ger<br \/>\n972 894 001 &#8211; ger@ajger.c<\/p>\n<\/div>\n<\/td>\n<\/tr>\n<tr style=\"height: 157px;\">\n<td style=\"width: 16.7508%; height: 116px;\"><img loading=\"lazy\" decoding=\"async\" class=\" wp-image-11257 alignnone\" src=\"https:\/\/serveiseducatius.xtec.cat\/cerdanya\/wp-content\/uploads\/usu1166\/2025\/11\/isovol.png\" alt=\"\" width=\"70\" height=\"113\" \/><\/td>\n<td style=\"width: 36.2794%; height: 116px;\">Ajuntament d&#8217;Is\u00f2vol<\/td>\n<td style=\"width: 47.6431%; height: 116px;\">\n<div class=\"wrap-data\">\n<div class=\"wrap-data\">Pl.Major, 2, 17539 All \u2013 ( Is\u00f2vol )<\/div>\n<div class=\"wrap-data\">972 894 051 &#8211; ajuntament<span class=\"\">@isovol.cat<\/span><\/div>\n<\/div>\n<\/td>\n<\/tr>\n<tr style=\"height: 136px;\">\n<td style=\"width: 16.7508%; height: 114px;\"><img loading=\"lazy\" decoding=\"async\" class=\"wp-image-11258 alignnone\" src=\"https:\/\/serveiseducatius.xtec.cat\/cerdanya\/wp-content\/uploads\/usu1166\/2025\/11\/meranges.png\" alt=\"\" width=\"71\" height=\"99\" \/><\/td>\n<td style=\"width: 36.2794%; height: 114px;\">Ajuntament de Meranges<\/td>\n<td style=\"width: 47.6431%; height: 114px;\">\n<div class=\"wrap-data\">\n<div class=\"wrap-data\">Cami Girul, S\/N, 17539 Meranges<br \/>\n972 880 054 &#8211; meranges@meranges.cat<\/div>\n<\/div>\n<\/td>\n<\/tr>\n<tr style=\"height: 155px;\">\n<td style=\"width: 16.7508%; height: 133px;\"><img loading=\"lazy\" decoding=\"async\" class=\" wp-image-11260 alignnone\" src=\"https:\/\/serveiseducatius.xtec.cat\/cerdanya\/wp-content\/uploads\/usu1166\/2025\/11\/prats.jpg\" alt=\"\" width=\"113\" height=\"113\" srcset=\"https:\/\/serveiseducatius.xtec.cat\/cerdanya\/wp-content\/uploads\/usu1166\/2025\/11\/prats.jpg 160w, https:\/\/serveiseducatius.xtec.cat\/cerdanya\/wp-content\/uploads\/usu1166\/2025\/11\/prats-150x150.jpg 150w\" sizes=\"auto, (max-width: 113px) 100vw, 113px\" \/><\/td>\n<td style=\"width: 36.2794%; height: 133px;\">Ajuntament de Prats i Sansor<\/td>\n<td style=\"width: 47.6431%; height: 133px;\">\n<div class=\"wrap-data\">\n<div class=\"wrap-data\">\n<p>Pla\u00e7a La Font, s\/n, Prats i Sansor (La Cerdanya)<\/p>\n<p>972890594 &#8211;\u00a0ajuntament@pratssansor.ddl.net<\/p>\n<\/div>\n<\/div>\n<\/td>\n<\/tr>\n<tr style=\"height: 148px;\">\n<td style=\"width: 16.7508%; height: 116px;\"><img loading=\"lazy\" decoding=\"async\" class=\" wp-image-11259 alignnone\" src=\"https:\/\/serveiseducatius.xtec.cat\/cerdanya\/wp-content\/uploads\/usu1166\/2025\/11\/mont-mart.jpg\" alt=\"\" width=\"100\" height=\"100\" srcset=\"https:\/\/serveiseducatius.xtec.cat\/cerdanya\/wp-content\/uploads\/usu1166\/2025\/11\/mont-mart.jpg 160w, https:\/\/serveiseducatius.xtec.cat\/cerdanya\/wp-content\/uploads\/usu1166\/2025\/11\/mont-mart-150x150.jpg 150w\" sizes=\"auto, (max-width: 100px) 100vw, 100px\" \/><\/td>\n<td style=\"width: 36.2794%; height: 116px;\">Ajuntament de Montell\u00e0 i Martinet<\/td>\n<td style=\"width: 47.6431%; height: 116px;\">\n<div class=\"wrap-data\">\n<div class=\"wrap-data\">\n<p>Pla\u00e7a Pere Sarret 1 &#8211; Montell\u00e0 i Martinet\u00a0 25724<\/p>\n<p>973515012 &#8211;\u00a0ajuntament@montellamartinet.ddl.net<\/p>\n<\/div>\n<\/div>\n<\/td>\n<\/tr>\n<tr style=\"height: 147px;\">\n<td style=\"width: 16.7508%; height: 119px;\"><img loading=\"lazy\" decoding=\"async\" class=\" wp-image-11256 alignnone\" src=\"https:\/\/serveiseducatius.xtec.cat\/cerdanya\/wp-content\/uploads\/usu1166\/2025\/11\/guils.jpg\" alt=\"\" width=\"112\" height=\"124\" \/><\/td>\n<td style=\"width: 36.2794%; height: 119px;\">Ajuntament de Guils<\/td>\n<td style=\"width: 47.6431%; height: 119px;\">\n<div class=\"wrap-data\">\n<div class=\"wrap-data\">\n<p>Carrer Malet, 15 17528<br \/>\n972 880 016 &#8211; ajuntament@guils.cat<\/p>\n<\/div>\n<\/div>\n<\/td>\n<\/tr>\n<tr style=\"height: 142px;\">\n<td style=\"width: 16.7508%; height: 131px;\"><img loading=\"lazy\" decoding=\"async\" class=\" wp-image-11254 alignnone\" src=\"https:\/\/serveiseducatius.xtec.cat\/cerdanya\/wp-content\/uploads\/usu1166\/2025\/11\/fonatanls.png\" alt=\"\" width=\"74\" height=\"119\" \/><\/td>\n<td style=\"width: 36.2794%; height: 131px;\">Ajuntament de Fontanals<\/td>\n<td style=\"width: 47.6431%; height: 131px;\">\n<div class=\"wrap-data\">\n<div class=\"wrap-data\">\n<p>Pl. de l&#8217;Ajuntament, 1 &#8211; El Vilar d&#8217;Urtx, 17538 Fontanals de Cerdanya<br \/>\n972 890 196 &#8211; fontanals@fontanals.cat<\/p>\n<\/div>\n<\/div>\n<\/td>\n<\/tr>\n<tr style=\"height: 167px;\">\n<td style=\"width: 16.7508%; height: 136px;\"><img loading=\"lazy\" decoding=\"async\" class=\" wp-image-11265 alignnone\" src=\"https:\/\/serveiseducatius.xtec.cat\/cerdanya\/wp-content\/uploads\/usu1166\/2025\/11\/urus.jpg\" alt=\"\" width=\"90\" height=\"102\" \/><\/td>\n<td style=\"width: 36.2794%; height: 136px;\">Ajuntament d&#8217;Ur\u00fas<\/td>\n<td style=\"width: 47.6431%; height: 136px;\">\n<div class=\"wrap-data\">\n<div class=\"wrap-data\">\n<p>Sant Climent, 3 17538, Ur\u00fas<br \/>\n972 890 210 &#8211; ajuntament@urus.cat<\/p>\n<\/div>\n<\/div>\n<\/td>\n<\/tr>\n<tr style=\"height: 160px;\">\n<td style=\"width: 16.7508%; height: 154px;\"><img loading=\"lazy\" decoding=\"async\" class=\" wp-image-11262 alignnone\" src=\"https:\/\/serveiseducatius.xtec.cat\/cerdanya\/wp-content\/uploads\/usu1166\/2025\/11\/riu.jpg\" alt=\"\" width=\"127\" height=\"123\" \/><\/td>\n<td style=\"width: 36.2794%; height: 154px;\">Ajuntament de Riu de Cerdanya<\/td>\n<td style=\"width: 47.6431%; height: 154px;\">\n<div class=\"wrap-data\">\n<div class=\"wrap-data\">\n<p>Pl. de l&#8217;Ajuntament, 1. Riu de Cerdanya<\/p>\n<p>973510700 &#8211;\u00a0ajuntament@riucerdanya.cat<\/p>\n<\/div>\n<\/div>\n<\/td>\n<\/tr>\n<tr style=\"height: 197px;\">\n<td style=\"width: 16.7508%; height: 77px;\"><img loading=\"lazy\" decoding=\"async\" class=\"wp-image-11263 alignnone\" src=\"https:\/\/serveiseducatius.xtec.cat\/cerdanya\/wp-content\/uploads\/usu1166\/2025\/11\/das.jpg\" alt=\"\" width=\"132\" height=\"132\" \/><\/td>\n<td style=\"width: 36.2794%; height: 77px;\">Ajuntament de Das<\/td>\n<td style=\"width: 47.6431%; height: 77px;\">\n<div class=\"wrap-data\">\n<div class=\"wrap-data\">\n<p>Carrer Rossend Ar\u00fas, 3, 17538 Das<br \/>\n972 890 220 &#8211; das@das.cat<\/p>\n<\/div>\n<\/div>\n<\/td>\n<\/tr>\n<tr style=\"height: 143px;\">\n<td style=\"width: 16.7508%; height: 143px;\"><img loading=\"lazy\" decoding=\"async\" class=\" wp-image-11264 alignnone\" src=\"https:\/\/serveiseducatius.xtec.cat\/cerdanya\/wp-content\/uploads\/usu1166\/2025\/11\/lles.jpg\" alt=\"\" width=\"89\" height=\"89\" srcset=\"https:\/\/serveiseducatius.xtec.cat\/cerdanya\/wp-content\/uploads\/usu1166\/2025\/11\/lles.jpg 160w, https:\/\/serveiseducatius.xtec.cat\/cerdanya\/wp-content\/uploads\/usu1166\/2025\/11\/lles-150x150.jpg 150w\" sizes=\"auto, (max-width: 89px) 100vw, 89px\" \/><\/td>\n<td style=\"width: 36.2794%; height: 143px;\">Ajuntament de Lles<\/td>\n<td style=\"width: 47.6431%; height: 143px;\">\n<div class=\"wrap-data\">\n<div class=\"wrap-data\">\n<p>C\/ del Mig, s\/n, Lles de Cerdanya\u00a0 25726<\/p>\n<p>973515047 &#8211; ajuntament@lles.ddl.net<\/p>\n<\/div>\n<\/div>\n<\/td>\n<\/tr>\n<\/tbody>\n<\/table>\n<p>&nbsp;<\/p>\n<p>&nbsp;<\/p>\n","protected":false},"excerpt":{"rendered":"<p>&nbsp; Logotip de l&#8217;entitat Nom de l&#8217;entitat Contacte Consell Comarcal de La Cerdanya Pla\u00e7a del Rec, 5 17520 Puigcerd\u00e0+34 972 884 884 Ajuntament de Puigcerd\u00e0 Pla\u00e7a de l&#8217;Ajuntament n\u00ba1 17520 Puigcerd\u00e0 Tel. 972 88 06 50 Ajuntament d&#8217;Alp Av. Tossa d&#8217;Alp, 6 17538 Alp 972 890 017 &#8211; alp@alp2500.ca Ajuntament de Bellver de Cerdanya Pla\u00e7a [&hellip;]<\/p>\n","protected":false},"author":1,"featured_media":0,"parent":341,"menu_order":20,"comment_status":"closed","ping_status":"closed","template":"","meta":{"_bbp_topic_count":0,"_bbp_reply_count":0,"_bbp_total_topic_count":0,"_bbp_total_reply_count":0,"_bbp_voice_count":0,"_bbp_anonymous_reply_count":0,"_bbp_topic_count_hidden":0,"_bbp_reply_count_hidden":0,"_bbp_forum_subforum_count":0,"site-sidebar-layout":"default","site-content-layout":"","ast-site-content-layout":"default","site-content-style":"default","site-sidebar-style":"default","ast-global-header-display":"","ast-banner-title-visibility":"","ast-main-header-display":"","ast-hfb-above-header-display":"","ast-hfb-below-header-display":"","ast-hfb-mobile-header-display":"","site-post-title":"","ast-breadcrumbs-content":"","ast-featured-img":"","footer-sml-layout":"","theme-transparent-header-meta":"default","adv-header-id-meta":"","stick-header-meta":"","header-above-stick-meta":"","header-main-stick-meta":"","header-below-stick-meta":"","astra-migrate-meta-layouts":"set","ast-page-background-enabled":"default","ast-page-background-meta":{"desktop":{"background-color":"var(--ast-global-color-4)","background-image":"","background-repeat":"repeat","background-position":"center center","background-size":"auto","background-attachment":"scroll","background-type":"","background-media":"","overlay-type":"","overlay-color":"","overlay-opacity":"","overlay-gradient":""},"tablet":{"background-color":"","background-image":"","background-repeat":"repeat","background-position":"center center","background-size":"auto","background-attachment":"scroll","background-type":"","background-media":"","overlay-type":"","overlay-color":"","overlay-opacity":"","overlay-gradient":""},"mobile":{"background-color":"","background-image":"","background-repeat":"repeat","background-position":"center center","background-size":"auto","background-attachment":"scroll","background-type":"","background-media":"","overlay-type":"","overlay-color":"","overlay-opacity":"","overlay-gradient":""}},"ast-content-background-meta":{"desktop":{"background-color":"var(--ast-global-color-5)","background-image":"","background-repeat":"repeat","background-position":"center center","background-size":"auto","background-attachment":"scroll","background-type":"","background-media":"","overlay-type":"","overlay-color":"","overlay-opacity":"","overlay-gradient":""},"tablet":{"background-color":"var(--ast-global-color-5)","background-image":"","background-repeat":"repeat","background-position":"center center","background-size":"auto","background-attachment":"scroll","background-type":"","background-media":"","overlay-type":"","overlay-color":"","overlay-opacity":"","overlay-gradient":""},"mobile":{"background-color":"var(--ast-global-color-5)","background-image":"","background-repeat":"repeat","background-position":"center center","background-size":"auto","background-attachment":"scroll","background-type":"","background-media":"","overlay-type":"","overlay-color":"","overlay-opacity":"","overlay-gradient":""}},"footnotes":""},"class_list":["post-343","page","type-page","status-publish","hentry"],"post_mailing_queue_ids":[],"_links":{"self":[{"href":"https:\/\/serveiseducatius.xtec.cat\/cerdanya\/wp-json\/wp\/v2\/pages\/343","targetHints":{"allow":["GET"]}}],"collection":[{"href":"https:\/\/serveiseducatius.xtec.cat\/cerdanya\/wp-json\/wp\/v2\/pages"}],"about":[{"href":"https:\/\/serveiseducatius.xtec.cat\/cerdanya\/wp-json\/wp\/v2\/types\/page"}],"author":[{"embeddable":true,"href":"https:\/\/serveiseducatius.xtec.cat\/cerdanya\/wp-json\/wp\/v2\/users\/1"}],"replies":[{"embeddable":true,"href":"https:\/\/serveiseducatius.xtec.cat\/cerdanya\/wp-json\/wp\/v2\/comments?post=343"}],"version-history":[{"count":7,"href":"https:\/\/serveiseducatius.xtec.cat\/cerdanya\/wp-json\/wp\/v2\/pages\/343\/revisions"}],"predecessor-version":[{"id":11274,"href":"https:\/\/serveiseducatius.xtec.cat\/cerdanya\/wp-json\/wp\/v2\/pages\/343\/revisions\/11274"}],"up":[{"embeddable":true,"href":"https:\/\/serveiseducatius.xtec.cat\/cerdanya\/wp-json\/wp\/v2\/pages\/341"}],"wp:attachment":[{"href":"https:\/\/serveiseducatius.xtec.cat\/cerdanya\/wp-json\/wp\/v2\/media?parent=343"}],"curies":[{"name":"wp","href":"https:\/\/api.w.org\/{rel}","templated":true}]}}