{"id":338,"date":"2015-11-24T18:40:49","date_gmt":"2015-11-24T17:40:49","guid":{"rendered":"http:\/\/serveiseducatius.xtec.cat\/cerdanya\/?page_id=338"},"modified":"2021-03-12T13:49:54","modified_gmt":"2021-03-12T12:49:54","slug":"centres-educatius","status":"publish","type":"page","link":"https:\/\/serveiseducatius.xtec.cat\/cerdanya\/comunitat\/centres-educatius\/","title":{"rendered":"Centres educatius"},"content":{"rendered":"<ul>\n<li style=\"text-align: justify;\"><a href=\"http:\/\/serveiseducatius.xtec.cat\/cerdanya\/comunitat\/centres-educatius\/escoles-bressol\/\">Escoles Bressol<\/a><\/li>\n<li style=\"text-align: justify;\"><a href=\"http:\/\/serveiseducatius.xtec.cat\/cerdanya\/comunitat\/centres-educatius\/educacio-infantil-i-primaria\/\">Educaci\u00f3 infantil i prim\u00e0ria<\/a><\/li>\n<li style=\"text-align: justify;\"><a href=\"http:\/\/serveiseducatius.xtec.cat\/cerdanya\/comunitat\/centres-educatius\/ensenyament-secundari-batxillerat-i-formacio-professional\/\">Ensenyament secundari, Batxillerat i Formaci\u00f3 professional<\/a><\/li>\n<\/ul>\n<p>&nbsp;<\/p>\n<p style=\"text-align: justify;\"><script type=\"text\/javascript\">\/\/ <![CDATA[ tick('b0'); \/\/ ]]><\/script><script>\/\/ <![CDATA[ if (window.devicePixelRatio > 1){document.body.className += ' highres';}\n\/\/ ]]><\/script><script type=\"text\/javascript\">\/\/ <![CDATA[ (function(){var l;if(window.tactilecsi){window.tactilecsi.a={};window.tactilecsi.b=1;window.tactilecsi.setTimerName=function(c,a){c.name=a};var p=function(c,a,e){var b=\"\";window.tactilecsi.srt&#038;&#038;(b+=\"&#038;srt=\"+window.tactilecsi.srt,delete window.tactilecsi.srt);window.tactilecsi.pt&#038;&#038;(b+=\"&#038;tbsrt=\"+window.tactilecsi.pt,delete window.tactilecsi.pt);try{window.external&#038;&#038;window.external.tran?b+=\"&#038;tran=\"+window.external.tran:window.gtbExternal&#038;&#038;window.gtbExternal.tran?b+=\"&#038;tran=\"+window.gtbExternal.tran():window.chrome&#038;&#038;window.chrome.csi&#038;&#038; (b+=\"&#038;tran=\"+window.chrome.csi().tran)}catch(r){}var d=window.chrome;if(d&#038;&#038;(d=d.loadTimes)){d().wasFetchedViaSpdy&#038;&#038;(b+=\"&#038;p=s\");if(d().wasNpnNegotiated){var b=b+\"&#038;npn=1\",f=d().npnNegotiatedProtocol;f&#038;&#038;(b+=\"&#038;npnv=\"+(encodeURIComponent||escape)(f))}d().wasAlternateProtocolAvailable&#038;&#038;(b+=\"&#038;apa=1\")}if(\"undefined\"!=typeof navigator&#038;&#038;navigator&#038;&#038;navigator.connection){var d=navigator.connection,f=d.type;for(g in d)if(\"type\"!=g&#038;&#038;d[g]==f){b+=\"&#038;conn=\"+g;break}}d=c.t;f=d.start;var g=[];for(var k in d)if(\"start\"!= k&#038;&#038;f){var h=c.t[k];var m=c.t.start;h&#038;&#038;m?(h-=m,h=Math.round(h)):h=void 0;g.push(k+\".\"+h)}delete d.start;if(a)for(var n in a)b+=\"&#038;\"+n+\"=\"+a[n];(a=e)||(a=\"https:\"==document.location.protocol?\"https:\/\/csi.gstatic.com\/csi\":\"http:\/\/csi.gstatic.com\/csi\");return c=[a,\"?v=3\",\"&#038;s=\"+(window.tactilecsi.sn||\"tactile\")+\"&#038;action=\",c.name,\"\",b,\"&#038;rt=\",g.join(\",\")].join(\"\")};window.tactilecsi.getReportUri=p;var q=function(c,a,e){c=p(c,a,e);if(!c)return\"\";a=new Image;var b=window.tactilecsi.b++;window.tactilecsi.a[b]= a;a.onload=a.onerror=function(){window.tactilecsi&#038;&#038;delete window.tactilecsi.a[b]};a.src=c;a=null;return c};l=function(c,a,e){if(\"prerender\"==document.webkitVisibilityState)return!1;q(c,a,e);return!0};window.tactilecsi.report=function(c,a,e){if(\"prerender\"==document.webkitVisibilityState){var b=!1,d=function(){b||(a?a.prerender=\"1\":a={prerender:\"1\"},l(c,a,e)&#038;&#038;(b=!0,document.removeEventListener(\"webkitvisibilitychange\",d,!1)))};document.addEventListener(\"webkitvisibilitychange\",d,!1);return\"\"}return q(c,a,e)}};}).call(this); \/\/ ]]><\/script><script type=\"text\/javascript\">\/\/ <![CDATA[ tick('ms0'); \/\/ ]]><\/script><script src=\"\/maps\/_\/js\/k=maps.m.ca.nOtkPlbo_UM.O\/m=sc2,mo,lp,per,ep,ti,ds,stx,pwd,ppl,log,std,b\/rt=j\/d=1\/rs=ACT90oGukrPCyoeVXTRvoBkfpM-B5g9wfQ\" type=\"text\/javascript\"><\/script><\/p>\n<div style=\"position: absolute; display: none;\"><\/div>\n<p>&nbsp;<\/p>\n<p><script type=\"text\/javascript\">\/\/ <![CDATA[ tick('ms1'); \/\/ ]]><\/script><script type=\"text\/javascript\">\/\/ <![CDATA[ tick('b1'); \/\/ ]]><\/script><script type=\"text\/javascript\">\/\/ <![CDATA[ tick('p1'); \/\/ ]]><\/script><noscript><\/p>\n<div id=\"no-script\">\n<div class=\"no-script-message\">\n<div> When you have eliminated the <strong>JavaScript<\/strong>, whatever remains must be an empty page.<\/div>\n<p><a class=\"no-script-help-link\" href=\"\/\/support.google.com\/maps\/?hl=ca&amp;authuser=0&amp;p=no_javascript\" target=\"_blank\" rel=\"noopener noreferrer\">Activeu JavaScript per veure Google Maps.<\/a><\/div>\n<\/div>\n<p><\/noscript><\/p>\n<div style=\"position: absolute; display: none;\"><\/div>\n<div class=\"tactile-searchbox-input\" style=\"background: transparent; color: #000000; padding: 0px; position: absolute; white-space: pre; visibility: hidden;\"><\/div>\n<div id=\"GOOGLE_INPUT_NON_CHEXT_FLAG\" style=\"display: none;\"><\/div>\n<p><script src=\"https:\/\/ssl.gstatic.com\/inputtools\/js\/config\/65698178.js\"><\/script><script src=\"https:\/\/ssl.gstatic.com\/inputtools\/js\/kbd\/2\/ca.js\"><\/script><\/p>\n<ul class=\"ita-kd-dropdown-menu\" style=\"user-select: none; display: none;\" tabindex=\"-1\">\n<li style=\"list-style-type: none;\">\n<ul class=\"ita-kd-dropdown-menu\" style=\"user-select: none; display: none;\" tabindex=\"-1\">\n<li class=\"ita-kd-menuitem\" style=\"user-select: none;\"><span class=\"ita-kd-menuitem-inputtool-name\" dir=\"ltr\" style=\"user-select: none;\">catal\u00e0<\/span><\/li>\n<li class=\"ita-kd-menuitem\" style=\"user-select: none;\"><span class=\"ita-kd-menuitem-inputtool-name\" dir=\"ltr\" style=\"user-select: none;\">catal\u00e0 &#8211; Escriptura t\u00e0ctil<\/span><\/li>\n<\/ul>\n<\/li>\n<\/ul>\n<div class=\"ita-kd-separator\" style=\"display: none; user-select: none;\"><\/div>\n<ul class=\"ita-kd-dropdown-menu\" style=\"user-select: none; display: none;\" tabindex=\"-1\">\n<li class=\"ita-kd-menuitem\" style=\"display: none; user-select: none;\"><span class=\"ita-kd-menuitem-setting ita-kd-menuitem-span\" dir=\"ltr\" style=\"user-select: none;\">Mostra el teclat<\/span><\/li>\n<li class=\"ita-kd-menuitem\" style=\"display: none; user-select: none;\"><span class=\"ita-kd-menuitem-setting ita-kd-menuitem-span\" dir=\"ltr\" style=\"user-select: none;\">Amaga el teclat<\/span><\/li>\n<\/ul>\n<p><iframe loading=\"lazy\" src=\"https:\/\/www.google.com\/maps\/embed?pb=!1m18!1m12!1m3!1d94268.84900975919!2d1.8727025839220495!3d42.40854178265335!2m3!1f0!2f0!3f0!3m2!1i1024!2i768!4f13.1!3m3!1m2!1s0x12a57a50c1d2fb6b%3A0x400fae021a46d40!2sPuigcerd%C3%A0%2C+Girona!5e0!3m2!1sca!2ses!4v1497951503516\" width=\"600\" height=\"450\" frameborder=\"0\"><\/iframe><\/p>\n","protected":false},"excerpt":{"rendered":"<p>Escoles Bressol Educaci\u00f3 infantil i prim\u00e0ria Ensenyament secundari, Batxillerat i Formaci\u00f3 professional &nbsp; &nbsp; When you have eliminated the JavaScript, whatever remains must be an empty page. Activeu JavaScript per veure Google Maps. catal\u00e0 catal\u00e0 &#8211; Escriptura t\u00e0ctil Mostra el teclat Amaga el teclat<\/p>\n","protected":false},"author":1,"featured_media":0,"parent":341,"menu_order":10,"comment_status":"closed","ping_status":"closed","template":"page-templates\/side-menu.php","meta":{"_bbp_topic_count":0,"_bbp_reply_count":0,"_bbp_total_topic_count":0,"_bbp_total_reply_count":0,"_bbp_voice_count":0,"_bbp_anonymous_reply_count":0,"_bbp_topic_count_hidden":0,"_bbp_reply_count_hidden":0,"_bbp_forum_subforum_count":0,"site-sidebar-layout":"default","site-content-layout":"","ast-site-content-layout":"","site-content-style":"default","site-sidebar-style":"default","ast-global-header-display":"","ast-banner-title-visibility":"","ast-main-header-display":"","ast-hfb-above-header-display":"","ast-hfb-below-header-display":"","ast-hfb-mobile-header-display":"","site-post-title":"","ast-breadcrumbs-content":"","ast-featured-img":"","footer-sml-layout":"","theme-transparent-header-meta":"","adv-header-id-meta":"","stick-header-meta":"","header-above-stick-meta":"","header-main-stick-meta":"","header-below-stick-meta":"","astra-migrate-meta-layouts":"default","ast-page-background-enabled":"default","ast-page-background-meta":{"desktop":{"background-color":"var(--ast-global-color-4)","background-image":"","background-repeat":"repeat","background-position":"center center","background-size":"auto","background-attachment":"scroll","background-type":"","background-media":"","overlay-type":"","overlay-color":"","overlay-opacity":"","overlay-gradient":""},"tablet":{"background-color":"","background-image":"","background-repeat":"repeat","background-position":"center center","background-size":"auto","background-attachment":"scroll","background-type":"","background-media":"","overlay-type":"","overlay-color":"","overlay-opacity":"","overlay-gradient":""},"mobile":{"background-color":"","background-image":"","background-repeat":"repeat","background-position":"center center","background-size":"auto","background-attachment":"scroll","background-type":"","background-media":"","overlay-type":"","overlay-color":"","overlay-opacity":"","overlay-gradient":""}},"ast-content-background-meta":{"desktop":{"background-color":"var(--ast-global-color-5)","background-image":"","background-repeat":"repeat","background-position":"center center","background-size":"auto","background-attachment":"scroll","background-type":"","background-media":"","overlay-type":"","overlay-color":"","overlay-opacity":"","overlay-gradient":""},"tablet":{"background-color":"var(--ast-global-color-5)","background-image":"","background-repeat":"repeat","background-position":"center center","background-size":"auto","background-attachment":"scroll","background-type":"","background-media":"","overlay-type":"","overlay-color":"","overlay-opacity":"","overlay-gradient":""},"mobile":{"background-color":"var(--ast-global-color-5)","background-image":"","background-repeat":"repeat","background-position":"center center","background-size":"auto","background-attachment":"scroll","background-type":"","background-media":"","overlay-type":"","overlay-color":"","overlay-opacity":"","overlay-gradient":""}},"footnotes":""},"class_list":["post-338","page","type-page","status-publish","hentry"],"post_mailing_queue_ids":[],"_links":{"self":[{"href":"https:\/\/serveiseducatius.xtec.cat\/cerdanya\/wp-json\/wp\/v2\/pages\/338","targetHints":{"allow":["GET"]}}],"collection":[{"href":"https:\/\/serveiseducatius.xtec.cat\/cerdanya\/wp-json\/wp\/v2\/pages"}],"about":[{"href":"https:\/\/serveiseducatius.xtec.cat\/cerdanya\/wp-json\/wp\/v2\/types\/page"}],"author":[{"embeddable":true,"href":"https:\/\/serveiseducatius.xtec.cat\/cerdanya\/wp-json\/wp\/v2\/users\/1"}],"replies":[{"embeddable":true,"href":"https:\/\/serveiseducatius.xtec.cat\/cerdanya\/wp-json\/wp\/v2\/comments?post=338"}],"version-history":[{"count":3,"href":"https:\/\/serveiseducatius.xtec.cat\/cerdanya\/wp-json\/wp\/v2\/pages\/338\/revisions"}],"predecessor-version":[{"id":9649,"href":"https:\/\/serveiseducatius.xtec.cat\/cerdanya\/wp-json\/wp\/v2\/pages\/338\/revisions\/9649"}],"up":[{"embeddable":true,"href":"https:\/\/serveiseducatius.xtec.cat\/cerdanya\/wp-json\/wp\/v2\/pages\/341"}],"wp:attachment":[{"href":"https:\/\/serveiseducatius.xtec.cat\/cerdanya\/wp-json\/wp\/v2\/media?parent=338"}],"curies":[{"name":"wp","href":"https:\/\/api.w.org\/{rel}","templated":true}]}}