{"id":8654,"date":"2017-06-28T12:21:47","date_gmt":"2017-06-28T10:21:47","guid":{"rendered":"http:\/\/serveiseducatius.xtec.cat\/cda-vallsdaneu\/?page_id=8654"},"modified":"2025-03-27T14:00:19","modified_gmt":"2025-03-27T13:00:19","slug":"el-pais-de-los","status":"publish","type":"page","link":"https:\/\/serveiseducatius.xtec.cat\/cda-vallsdaneu\/ambits\/ambit-natural\/el-pais-de-los\/","title":{"rendered":"El pa\u00eds de l&#8217;\u00f3s"},"content":{"rendered":"<div id=\"13A63\" style=\"width: 600px; height: 400px; display: none;\"><img decoding=\"async\" src=\"https:\/\/lh3.googleusercontent.com\/MT4kzJtp3vyc9f-crK7PtMu6hyClM9Z9nJfBa3QTd1_6y1JDUWRt8C4rjx7KRcDiUVDNcHyza2wb-HLvG-DlVgohbbUIoU-9x5xcnfWYSOzYoMjHzwb1AUTWt6uOb7QJ2s3N-rsulPkoFvoS-mQdVLd5b3MF9sWa3ij_79_ImUyUKDe3dHwOLVhYSruvbYuq8PY-loC3I2toK9Rr4_erUPpSNAPAC65TCmrDftIhsQpWWeeXFuCdZzc0W4VfRe-ys0GUwrJxQrkjf63gsoe5juJMn9hu6vFg-LBfq-4dQoKX52wvPkuxP9Uyy7miluksAxAOLu3Q_mjZT3HrftZZWAuzLd8ZJSfZZMv1WzXERU5teM5lwobdCRpz1IdU5fxiaEwYqFprjKK7U773iaR_gO7rytlyz0iATU4hDtpddnq2I5AsZd51cRJW3BeJWCZX0j0fgCrWVkqBUgj6s44s_qVrd5f_uU4LpeXHUdsp0ROlq1KnxpJg4hbf4Q0hP6BjDQciFOXhb_yoQ7TVyO9QAN5HpLMTMtgFBX2UIZeSMZaH9oVe4TDUT8DxFH9FUaf4FY8TMEkdWijcoBPjfj2yRMsRsmKm0NYf19a7zkoVZg=w800-h600-no\" \/><br \/>\n<img decoding=\"async\" src=\"https:\/\/lh3.googleusercontent.com\/YYihS9AygvJ3lzCvsLflqhG6Qe_l3kpar3i_DWpeSwJfCeKBCJqAVUC9FbhDabOG8GPMOiJ_nBg61ThLFFcCSjUJk4UuyuFA6rvsHl4u1fzIRuJOpddXDtlOWYVdRg-crZHA8vCi_sxqzFgxeAJ4hsOGhc_INEupRuCe965AGpqgs35ykqnW8GN7ZvD7hQzeoKGsZAyMJ9IDIDkUoLtpcjpQWvZ46jc4dl5DPWeL9eSHOMjYYmUGmNlZZF9jDl1qKp4MULe0gDAOBnxZKHIkXZJqSYHzdV0hBW-e_5ZUT80QzCm0DkQhlANglAaSIwx-pJm3OCqOsagGgGx58pfH_xkWOKOeWnB53kftzTkLXRRLxlZNPKHbF7p8qjJgxalvGnHOIQB1GDk29-U0dPE_5rcETLffM_pGrfbJhSbtkUgY4jSnQ0nlM8rMuWrDaKPOd8s-2_iSYMHUNdlfxWRtLiBW4ebzD1i4i3TT1zpRJBYUrX3zTTRNV2rNkT5kOcrSoxYRSZPPZE4fYevTZBfqT4diS_x67QmXJVbxW2DgX2xe82uaad647JZ61LeD6JI5i4gjUggNQLwWHHyKvVO0-iUkzzsQm3BLjGgXSEpYpw=w800-h600-no\" \/><br \/>\n<img decoding=\"async\" src=\"https:\/\/lh3.googleusercontent.com\/rOWKQHBlNAd9hspUoWjUv75SUnWaHHStIMcmM6sYAY569CQegN3M30RNjFL2MipefHbqd4P-H2Exq21966K6V597E2K_RqJvWSWs3gXS4Da01yNWodAxigghJ-c9bPn-nPvH0JmDu-ezyePYY_RccX_6wD4ou4ikUujEPkrKeOplt2wW8DQzhb80JeIy5PCZzPmslAI229qvCJfpcONIepd83l-N5ysYImeciRr3dlvj4-wm0NzrIVgtp6E84TeSIPrh_qqV0VF26zK_xurYcwZf-rmKz1XRugYDdm9c8m2I93dJMggTG-uMQt_3n6tDVW_QbwHDcV4eBbZzUNtUIoJescGwQ7-9Fo4beeVAlia4BQQoU-kMpycO-tgMjtzbqFciR0RssB_VHQNqVpNVf6mrd6TKKsK542lqlXCTMZqHWO9FxHDJw0s_VTtVNfWuvf_oR62wzGE2tRp5Z_f2rbyYtZXBaq7mm3xhdKE_iVGClreo_6hLW2XDm0uhzK1tP1_JnBN8QspalTdxP6SMSvFKbeTtiZrTvMENPiKpsjZvSeffrqeuXptL-wPF7taT4kknSI0CVStXnjuVN4-RzsEkpoTg0KmQ6kXdiMam3Q=w800-h600-no\" \/><br \/>\n<img decoding=\"async\" src=\"https:\/\/lh3.googleusercontent.com\/S78v2WVVJpfFzEyQ58helxa50I4-cUmSABd54Aa3qQFR_ItRpgUk-3tpsjsy_A_ciYRmiVG7ZtlTLQQGfQFSi_C8RfunKzUmcrcRBL1UhKtY1iWTuK-DD6KRUsiQCX2LQIQxhNF7ZT1cpHkE6Ha00fi21X6kRwobz3LuSoQlBQ3uysGbJqirgr1ZTi4nEvZGXHMC9UIVTeTdXHhAe_AkTelwj4VKeUiBzGU25omKBNA7AC2exLPYB8EYbmqEje6q4FxEZUf6BTkkQIiEEUKiQ7Lwa-dhu0RuQRtTZRCSA72615IVwebZ81iCtVjJb5I4wvklk56sw33w_AmmmvGFmGUpHMvX8Ym6uICgPqeyezDx83JsAQpHchbZn4A91tMcA1BYbx-Ah6EVgcf6HzipZsk7pThpXYYVQv4WVQqYiYmP3ECBA2jTPmh9UhahRWE_9VelsDdAy7Y_ep73fZnXwv9vSyuhOTqlcAIFkAivbUoOJTVye_CKEZDmLQpSMWKAeV4RKRaproc5acCq4o6cbFhFzc2kyon9BRUvFa2hizcLKfORExUhhmixSYK5qkHRMQmRkg2TTlIKiNWWFhVV8Iqw_Ik7k8pwcJVJcXU01g=w800-h600-no\" \/><br \/>\n<img decoding=\"async\" src=\"https:\/\/lh3.googleusercontent.com\/gJ2wVX4nNkKWUoudgLcSXqhrfkkGzzjSgM_b0kgUbWz65eBQ_4YMAGUdoKfikmkP_TP-v17uUXCu_zUS2Imsu06OH6R3x5tYmwXQNVNJYAQ1WtN07wOcr7BS1sOIhF1VNSupQI0QMbRwlLJGRgbKkqA958ivditvr9aUQI-_2TQGy3FLiuKlSl4wzds9utAikQOS2qf62Eq1iTLpawhBxvC9eMbmylqimA8dWziwKNV_k1uLbfNL-Y17NvFMte-bbeWqZd1p7xo6_wExOfAHVglCsHGI7DQpGbnl06ekgKqaKW3TsMboCUt6nIRTQYUItHvFE4jqp3PFEGjhxOmmPY9k1coj3vB1wr7z4bJXYVaZX8Qwt8ACzrPm4VbvZUGGHV1YehqiD3uqJQ7J9qrxT40EwMmNppRCpgmca1yFBGHh5Wm1zoypUqUb3mwvFXwDTlQWD-6FjAeMzgrlzM6Ft-gPyAsMEPb8gJB9dNHna7WMtQa-bjPqRuWLhC-2oEHbkasGIcyp9skdzmkAPyq9La8KpQdsUFTQwcJreZaddWpsUpKd28wpVnXSmPEtemyUc1DpZS2yi3KP67Wi4QCQNchcgvc6eOwbhk-AkncjQg=w800-h600-no\" \/><br \/>\n<img decoding=\"async\" src=\"https:\/\/lh3.googleusercontent.com\/BRgXDlYpQg-rFw8FEMllsByHTWzPSyZmDwUEjAheXT_qdx8poRDHG-XBKQFcFSThER1Oj97LjDmFOUlrf6KdMlogFhRemc5iAaUHlVmgokNrpctq9C9Vlxr0zso-SeHnioD62rR42_DJi16hcOnxrPVV5kbgi311SojyrZLekOLkkRlvhZF1eOJ30nT0rk8xcPHgPlnsGLOalwS0nNolKgHJTf0UYxkRfYDSr2y5NZrc5XW6O8844dbDY4j-4u3lji_xyMb3OnxmcjZ6oXS0m42Kvm4e5d0ojxHyv4uIecEQb_N418XhFLA2bWnpmpAFHPZsgY1HNv-vfETLH_qWwue0tltnXwtk51_AAyiVyrg7kiljML3wnsuMBL5OvUw1y2Y15bdq9a3JBqWUS509C-KHFPXKsak1dlPxqN3TBLO4pRLKIOcSbdzq5KPN4ENRtJzwsZJVRzTmdHVM3MB5FoT_4FCg2gPk9tD-EhjYN9KorFB-PVTvq29pFDM90OyBCwInHQ5mrhubNTn5LY45tVgiDYS4g09jgbo9Fi0EADHJfw6NrRpD6wv1rZZRzxHr0W-5bZYgFGG-PiKGHMys1Nikwx1HHqRUwFvR3aSeWQ=w800-h600-no\" \/><br \/>\n<img decoding=\"async\" src=\"https:\/\/lh3.googleusercontent.com\/7sqA-Io16r5hl2uwCyu8pMnRtiq6lPkfiTHwXLlDh7J92B0LlmLQIyQmwyMA8KnuWfhz72GI-56reOwli9co84X__S56JJfppfjSfWhyiRLxvCoLma1RverNkH6RLVv4BgW_zzKDDL7eV7wVS7uk_oMzDayLJt1oQBxNYdG8F7Uq9boANv6oWiuW7KBL20ewlmrM9d4JRvXUBjZRUX9IUW-BmAtrql64yOMJjZUvSFeTbEcC_I5hE5gwGClcfze7wAPzozxbbrJ5VYTn9_-V0q_EireDvdjZmnodMMH4LTP7QrUjEHgaVltGxxC9ieoYf92sKDv8xdHG4gAbHUf75DBwCjOJ6jz9-HQtXHy5htDMiEyfszS3bn9kCX8vAGCUw_LfJGVLyymEm-4-eW_trfc2mDVOMKp2033G7b5_YxxrONPfcFaoKYIeTWjkRrtVC8OI4GUDhQaY79SA5h-CAP5LZ7GS99yObaKBP8aWzZ4soW-SH5OImBrnP0uOF2MhBHFFd2DkSE1Z3AcLQQR01lwgWczdDKG9bTeDWS_fVvVLed8YnEm2eDiX6RTOXp91UPhptHKftdE3FURIKtzqCWLyubIqydrSEFL_rRPezg=s217-p-k-no\" \/><\/div>\n\r\n\t<div class=\"slideshow_container slideshow_container_style-light\" style=\" \" data-slideshow-id=\"11121\" data-style-name=\"style-light\" data-style-version=\"2.3.1\" >\r\n\r\n\t\t\t\t\t<div class=\"slideshow_loading_icon\"><\/div>\r\n\t\t\r\n\t\t<div class=\"slideshow_content\" style=\"display: none;\">\r\n\r\n\t\t\t<div class=\"slideshow_view\">\r\n\t\t\t\t<div class=\"slideshow_slide slideshow_slide_image\">\r\n\t\t\t\t\t\t\t\t\t\t\t<img src=\"https:\/\/serveiseducatius.xtec.cat\/cda-vallsdaneu\/wp-content\/uploads\/usu1375\/2025\/03\/isil.jpeg\" alt=\"isil\" width=\"2048\" height=\"1536\" \/>\r\n\t\t\t\t\t\t\t\t\t\t<div class=\"slideshow_description_box slideshow_transparent\">\r\n\t\t\t\t\t\t<div class=\"slideshow_title\">isil<\/div>\t\t\t\t\t\t\t\t\t\t\t<\/div>\r\n\t\t\t\t<\/div>\r\n\r\n\t\t\t\t\t\t\r\n\t\t\t\t<div class=\"slideshow_slide slideshow_slide_image\">\r\n\t\t\t\t\t\t\t\t\t\t\t<img src=\"https:\/\/serveiseducatius.xtec.cat\/cda-vallsdaneu\/wp-content\/uploads\/usu1375\/2025\/03\/WhatsApp-Image-2024-09-20-at-16.17.26-1.jpeg\" alt=\"WhatsApp Image 2024-09-20 at 16.17.26 (1)\" width=\"1600\" height=\"1200\" \/>\r\n\t\t\t\t\t\t\t\t\t\t<div class=\"slideshow_description_box slideshow_transparent\">\r\n\t\t\t\t\t\t<div class=\"slideshow_title\">WhatsApp Image 2024-09-20 at 16.17.26 (1)<\/div>\t\t\t\t\t\t\t\t\t\t\t<\/div>\r\n\t\t\t\t<\/div>\r\n\r\n\t\t\t\t\t\t<div style=\"clear: both;\"><\/div><\/div>\r\n\t\t<\/div>\r\n\r\n\t\t<div class=\"slideshow_controlPanel slideshow_transparent\" style=\"display: none;\"><ul><li class=\"slideshow_togglePlay\" data-play-text=\"Visualitza\" data-pause-text=\"Pausa\"><\/li><\/ul><\/div>\r\n\r\n\t\t<div class=\"slideshow_button slideshow_previous slideshow_transparent\" role=\"button\" data-previous-text=\"Anterior\" style=\"display: none;\"><\/div>\r\n\t\t<div class=\"slideshow_button slideshow_next slideshow_transparent\" role=\"button\" data-next-text=\"Seg\u00fcent\" style=\"display: none;\"><\/div>\r\n\r\n\t\t<div class=\"slideshow_pagination\" style=\"display: none;\" data-go-to-text=\"V\u00e9s a la diapositiva\"><div class=\"slideshow_pagination_center\"><\/div><\/div>\r\n\r\n\t\t<!-- WordPress Slideshow Version 2.3.1 -->\r\n\r\n\t\t\t<\/div>\r\n\r\n\n<p style=\"text-align: justify;\">Aquesta activitat t\u00e9 per objectiu con\u00e8ixer l&#8217;\u00f3s bru (<em>Ursus arctos<\/em>), el mam\u00edfer m\u00e9s gran que habita als Pirineus. Ens centrarem en con\u00e8ixer l&#8217;esp\u00e8cie, quina \u00e9s la seva alimentaci\u00f3, el seu h\u00e0bitat, &#8230; Visitarem la casa de l&#8217;\u00f3s d&#8217;Isil i farem un recorregut pels voltants del poble per con\u00e8ixer de ben a prop l&#8217;h\u00e0bitat que aquesta esp\u00e8cie comparteix amb molts altres animals.<\/p>\n<p style=\"text-align: justify;\"><strong>Observacions: <\/strong>Utilitzaci\u00f3 de material complementari realitzat per la Universitat de Lleida en el marc del projecte europeu PirosLIFE amb la col\u00b7laboraci\u00f3 del Departament d&#8217;Educaci\u00f3. Podeu consultar activitats del projecte al seg\u00fcent enlla\u00e7: <a href=\"https:\/\/sites.google.com\/site\/piroslife\/home\" target=\"_blank\" rel=\"noopener\">Projecte educatiu PirosLIFE.<\/a><br \/>\n<strong>Recomanacions:<\/strong> Vestit i cal\u00e7at adequat a l&#8217;\u00e8poca de l&#8217;any.<br \/>\n<strong>Durada:<\/strong> Activitat de mat\u00ed o de tarda, que pot ampliar-se a dia sencer.<br \/>\n<strong>Activitats relacionades:<\/strong> Taller de rastres<br \/>\n<strong>Cursos:<\/strong> CM, CS, ESO<\/p>\n<p><a href=\"https:\/\/blocs.xtec.cat\/cdavallsdaneuescoles\/projecte-mai-tant\/el-pais-de-los\/\" target=\"_blank\" rel=\"noopener\"><img loading=\"lazy\" decoding=\"async\" class=\"alignnone wp-image-8728 size-thumbnail\" src=\"https:\/\/serveiseducatius.xtec.cat\/cda-vallsdaneu\/wp-content\/uploads\/usu1375\/2014\/04\/act-pr\u00e8via-150x150.png\" alt=\"act-pr\u00e8via\" width=\"150\" height=\"150\" srcset=\"https:\/\/serveiseducatius.xtec.cat\/cda-vallsdaneu\/wp-content\/uploads\/usu1375\/2014\/04\/act-pr\u00e8via-150x150.png 150w, https:\/\/serveiseducatius.xtec.cat\/cda-vallsdaneu\/wp-content\/uploads\/usu1375\/2014\/04\/act-pr\u00e8via.png 225w\" sizes=\"auto, (max-width: 150px) 100vw, 150px\" \/><\/a><\/p>\n<p>&nbsp;<\/p>\n<p>&nbsp;<\/p>\n<p><span style=\"border-radius: 2px; text-indent: 20px; width: auto; padding: 0px 4px 0px 0px; text-align: center; font: bold 11px\/20px 'Helvetica Neue',Helvetica,sans-serif; color: #ffffff; background: #bd081c no-repeat scroll 3px 50% \/ 14px 14px; position: absolute; opacity: 1; z-index: 8675309; display: none; cursor: pointer;\">Save<\/span><\/p>\n<p><span style=\"border-radius: 2px; text-indent: 20px; width: auto; padding: 0px 4px 0px 0px; text-align: center; font: bold 11px\/20px 'Helvetica Neue',Helvetica,sans-serif; color: #ffffff; background: #bd081c no-repeat scroll 3px 50% \/ 14px 14px; position: absolute; opacity: 1; z-index: 8675309; display: none; cursor: pointer;\">Save<\/span><\/p>\n<p><span style=\"border-radius: 2px; text-indent: 20px; width: auto; padding: 0px 4px 0px 0px; text-align: center; font: bold 11px\/20px 'Helvetica Neue',Helvetica,sans-serif; color: #ffffff; background: #bd081c no-repeat scroll 3px 50% \/ 14px 14px; position: absolute; opacity: 1; z-index: 8675309; display: none; cursor: pointer;\">Save<\/span><\/p>\n<p><span style=\"border-radius: 2px; text-indent: 20px; width: auto; padding: 0px 4px 0px 0px; text-align: center; font: bold 11px\/20px 'Helvetica Neue',Helvetica,sans-serif; color: #ffffff; background: #bd081c no-repeat scroll 3px 50% \/ 14px 14px; position: absolute; opacity: 1; z-index: 8675309; display: none; cursor: pointer;\">Save<\/span><\/p>\n<p><span style=\"border-radius: 2px; text-indent: 20px; width: auto; padding: 0px 4px 0px 0px; text-align: center; font: bold 11px\/20px 'Helvetica Neue',Helvetica,sans-serif; color: #ffffff; background: #bd081c no-repeat scroll 3px 50% \/ 14px 14px; position: absolute; opacity: 1; z-index: 8675309; display: none; cursor: pointer;\">Save<\/span><\/p>\n","protected":false},"excerpt":{"rendered":"<p>Aquesta activitat t\u00e9 per objectiu con\u00e8ixer l&#8217;\u00f3s bru (Ursus arctos), el mam\u00edfer m\u00e9s gran que habita als Pirineus. Ens centrarem [&hellip;]<\/p>\n","protected":false},"author":1,"featured_media":0,"parent":8395,"menu_order":6,"comment_status":"closed","ping_status":"closed","template":"","meta":{"_bbp_topic_count":0,"_bbp_reply_count":0,"_bbp_total_topic_count":0,"_bbp_total_reply_count":0,"_bbp_voice_count":0,"_bbp_anonymous_reply_count":0,"_bbp_topic_count_hidden":0,"_bbp_reply_count_hidden":0,"_bbp_forum_subforum_count":0,"site-sidebar-layout":"default","site-content-layout":"","ast-site-content-layout":"default","site-content-style":"default","site-sidebar-style":"default","ast-global-header-display":"","ast-banner-title-visibility":"","ast-main-header-display":"","ast-hfb-above-header-display":"","ast-hfb-below-header-display":"","ast-hfb-mobile-header-display":"","site-post-title":"","ast-breadcrumbs-content":"","ast-featured-img":"","footer-sml-layout":"","theme-transparent-header-meta":"default","adv-header-id-meta":"","stick-header-meta":"","header-above-stick-meta":"","header-main-stick-meta":"","header-below-stick-meta":"","astra-migrate-meta-layouts":"set","ast-page-background-enabled":"default","ast-page-background-meta":{"desktop":{"background-color":"var(--ast-global-color-4)","background-image":"","background-repeat":"repeat","background-position":"center center","background-size":"auto","background-attachment":"scroll","background-type":"","background-media":"","overlay-type":"","overlay-color":"","overlay-opacity":"","overlay-gradient":""},"tablet":{"background-color":"","background-image":"","background-repeat":"repeat","background-position":"center center","background-size":"auto","background-attachment":"scroll","background-type":"","background-media":"","overlay-type":"","overlay-color":"","overlay-opacity":"","overlay-gradient":""},"mobile":{"background-color":"","background-image":"","background-repeat":"repeat","background-position":"center center","background-size":"auto","background-attachment":"scroll","background-type":"","background-media":"","overlay-type":"","overlay-color":"","overlay-opacity":"","overlay-gradient":""}},"ast-content-background-meta":{"desktop":{"background-color":"var(--ast-global-color-5)","background-image":"","background-repeat":"repeat","background-position":"center center","background-size":"auto","background-attachment":"scroll","background-type":"","background-media":"","overlay-type":"","overlay-color":"","overlay-opacity":"","overlay-gradient":""},"tablet":{"background-color":"var(--ast-global-color-5)","background-image":"","background-repeat":"repeat","background-position":"center center","background-size":"auto","background-attachment":"scroll","background-type":"","background-media":"","overlay-type":"","overlay-color":"","overlay-opacity":"","overlay-gradient":""},"mobile":{"background-color":"var(--ast-global-color-5)","background-image":"","background-repeat":"repeat","background-position":"center center","background-size":"auto","background-attachment":"scroll","background-type":"","background-media":"","overlay-type":"","overlay-color":"","overlay-opacity":"","overlay-gradient":""}},"footnotes":""},"class_list":["post-8654","page","type-page","status-publish","hentry"],"post_mailing_queue_ids":[],"_links":{"self":[{"href":"https:\/\/serveiseducatius.xtec.cat\/cda-vallsdaneu\/wp-json\/wp\/v2\/pages\/8654","targetHints":{"allow":["GET"]}}],"collection":[{"href":"https:\/\/serveiseducatius.xtec.cat\/cda-vallsdaneu\/wp-json\/wp\/v2\/pages"}],"about":[{"href":"https:\/\/serveiseducatius.xtec.cat\/cda-vallsdaneu\/wp-json\/wp\/v2\/types\/page"}],"author":[{"embeddable":true,"href":"https:\/\/serveiseducatius.xtec.cat\/cda-vallsdaneu\/wp-json\/wp\/v2\/users\/1"}],"replies":[{"embeddable":true,"href":"https:\/\/serveiseducatius.xtec.cat\/cda-vallsdaneu\/wp-json\/wp\/v2\/comments?post=8654"}],"version-history":[{"count":6,"href":"https:\/\/serveiseducatius.xtec.cat\/cda-vallsdaneu\/wp-json\/wp\/v2\/pages\/8654\/revisions"}],"predecessor-version":[{"id":11909,"href":"https:\/\/serveiseducatius.xtec.cat\/cda-vallsdaneu\/wp-json\/wp\/v2\/pages\/8654\/revisions\/11909"}],"up":[{"embeddable":true,"href":"https:\/\/serveiseducatius.xtec.cat\/cda-vallsdaneu\/wp-json\/wp\/v2\/pages\/8395"}],"wp:attachment":[{"href":"https:\/\/serveiseducatius.xtec.cat\/cda-vallsdaneu\/wp-json\/wp\/v2\/media?parent=8654"}],"curies":[{"name":"wp","href":"https:\/\/api.w.org\/{rel}","templated":true}]}}