{"id":8454,"date":"2016-06-29T16:34:38","date_gmt":"2016-06-29T15:34:38","guid":{"rendered":"http:\/\/serveiseducatius.xtec.cat\/cda-vallsdaneu\/?page_id=8454"},"modified":"2025-03-27T13:28:00","modified_gmt":"2025-03-27T12:28:00","slug":"on-som-2","status":"publish","type":"page","link":"https:\/\/serveiseducatius.xtec.cat\/cda-vallsdaneu\/el-camp\/on-som-2\/","title":{"rendered":"On som"},"content":{"rendered":"<p>La seu del <strong>CdA<\/strong> es troba a la casa de la <strong>Fundaci\u00f3 Joaquim Morell\u00f3<\/strong>, al poble d&#8217;<strong>Esterri d&#8217;\u00c0neu. <\/strong><br \/>\n<iframe loading=\"lazy\" src=\"https:\/\/maps.google.com\/maps\/ms?msa=0&amp;msid=217032685822877014558.0004b123e227087637251&amp;hl=ca&amp;ie=UTF8&amp;t=h&amp;ll=42.626002,1.120477&amp;spn=0.015157,0.027466&amp;z=15&amp;output=embed\" width=\"640\" height=\"480\" frameborder=\"0\" marginwidth=\"0\" marginheight=\"0\" scrolling=\"no\"><\/iframe><br \/>\n<small>Mostra <a style=\"color: #0000ff; text-align: left;\" href=\"https:\/\/maps.google.com\/maps\/ms?msa=0&amp;msid=217032685822877014558.0004b123e227087637251&amp;hl=ca&amp;ie=UTF8&amp;t=h&amp;ll=42.626002,1.120477&amp;spn=0.015157,0.027466&amp;z=15&amp;source=embed\" target=\"_blank\" rel=\"noopener\">Cda Valls d&#8217;\u00c0neu<\/a> en un mapa m\u00e9s gran<\/small><\/p>\n<h1>Com arribar-hi<\/h1>\n<p>Al Camp d&#8217;Aprenentatge de les Valls d&#8217;\u00c0neu s&#8217;accedeix des de la carretera<strong> C-13<\/strong>, sortida <strong>Esterri d&#8217;\u00c0neu<\/strong>. Seguiu les indicacions marcades en el pl\u00e0nol per accedir des de l&#8217;entrada del poble a la seu del CdA, \u00e9s la \u00fanica via possible per a l&#8217;acc\u00e9s dels autocars.<\/p>\n<h1>Adre\u00e7a i contacte<\/h1>\n<p>Camp d&#8217;Aprenentatge de les Valls d&#8217;\u00c0neu<br \/>\nAv. Joaquim Morell\u00f3, 10<br \/>\n25595- Esterri d&#8217;\u00c0neu<br \/>\ntel\u00e8fon de contacte: 973 62 63 04<br \/>\ncorreu electr\u00f2nic: cda-vallsdaneu@xtec.cat<\/p>\n","protected":false},"excerpt":{"rendered":"<p>La seu del CdA es troba a la casa de la Fundaci\u00f3 Joaquim Morell\u00f3, al poble d&#8217;Esterri d&#8217;\u00c0neu. Mostra Cda [&hellip;]<\/p>\n","protected":false},"author":1,"featured_media":0,"parent":8225,"menu_order":40,"comment_status":"closed","ping_status":"closed","template":"","meta":{"_bbp_topic_count":0,"_bbp_reply_count":0,"_bbp_total_topic_count":0,"_bbp_total_reply_count":0,"_bbp_voice_count":0,"_bbp_anonymous_reply_count":0,"_bbp_topic_count_hidden":0,"_bbp_reply_count_hidden":0,"_bbp_forum_subforum_count":0,"site-sidebar-layout":"default","site-content-layout":"","ast-site-content-layout":"default","site-content-style":"default","site-sidebar-style":"default","ast-global-header-display":"","ast-banner-title-visibility":"","ast-main-header-display":"","ast-hfb-above-header-display":"","ast-hfb-below-header-display":"","ast-hfb-mobile-header-display":"","site-post-title":"","ast-breadcrumbs-content":"","ast-featured-img":"","footer-sml-layout":"","theme-transparent-header-meta":"default","adv-header-id-meta":"","stick-header-meta":"","header-above-stick-meta":"","header-main-stick-meta":"","header-below-stick-meta":"","astra-migrate-meta-layouts":"set","ast-page-background-enabled":"default","ast-page-background-meta":{"desktop":{"background-color":"var(--ast-global-color-4)","background-image":"","background-repeat":"repeat","background-position":"center center","background-size":"auto","background-attachment":"scroll","background-type":"","background-media":"","overlay-type":"","overlay-color":"","overlay-opacity":"","overlay-gradient":""},"tablet":{"background-color":"","background-image":"","background-repeat":"repeat","background-position":"center center","background-size":"auto","background-attachment":"scroll","background-type":"","background-media":"","overlay-type":"","overlay-color":"","overlay-opacity":"","overlay-gradient":""},"mobile":{"background-color":"","background-image":"","background-repeat":"repeat","background-position":"center center","background-size":"auto","background-attachment":"scroll","background-type":"","background-media":"","overlay-type":"","overlay-color":"","overlay-opacity":"","overlay-gradient":""}},"ast-content-background-meta":{"desktop":{"background-color":"var(--ast-global-color-5)","background-image":"","background-repeat":"repeat","background-position":"center center","background-size":"auto","background-attachment":"scroll","background-type":"","background-media":"","overlay-type":"","overlay-color":"","overlay-opacity":"","overlay-gradient":""},"tablet":{"background-color":"var(--ast-global-color-5)","background-image":"","background-repeat":"repeat","background-position":"center center","background-size":"auto","background-attachment":"scroll","background-type":"","background-media":"","overlay-type":"","overlay-color":"","overlay-opacity":"","overlay-gradient":""},"mobile":{"background-color":"var(--ast-global-color-5)","background-image":"","background-repeat":"repeat","background-position":"center center","background-size":"auto","background-attachment":"scroll","background-type":"","background-media":"","overlay-type":"","overlay-color":"","overlay-opacity":"","overlay-gradient":""}},"footnotes":""},"class_list":["post-8454","page","type-page","status-publish","hentry"],"post_mailing_queue_ids":[],"_links":{"self":[{"href":"https:\/\/serveiseducatius.xtec.cat\/cda-vallsdaneu\/wp-json\/wp\/v2\/pages\/8454","targetHints":{"allow":["GET"]}}],"collection":[{"href":"https:\/\/serveiseducatius.xtec.cat\/cda-vallsdaneu\/wp-json\/wp\/v2\/pages"}],"about":[{"href":"https:\/\/serveiseducatius.xtec.cat\/cda-vallsdaneu\/wp-json\/wp\/v2\/types\/page"}],"author":[{"embeddable":true,"href":"https:\/\/serveiseducatius.xtec.cat\/cda-vallsdaneu\/wp-json\/wp\/v2\/users\/1"}],"replies":[{"embeddable":true,"href":"https:\/\/serveiseducatius.xtec.cat\/cda-vallsdaneu\/wp-json\/wp\/v2\/comments?post=8454"}],"version-history":[{"count":6,"href":"https:\/\/serveiseducatius.xtec.cat\/cda-vallsdaneu\/wp-json\/wp\/v2\/pages\/8454\/revisions"}],"predecessor-version":[{"id":12282,"href":"https:\/\/serveiseducatius.xtec.cat\/cda-vallsdaneu\/wp-json\/wp\/v2\/pages\/8454\/revisions\/12282"}],"up":[{"embeddable":true,"href":"https:\/\/serveiseducatius.xtec.cat\/cda-vallsdaneu\/wp-json\/wp\/v2\/pages\/8225"}],"wp:attachment":[{"href":"https:\/\/serveiseducatius.xtec.cat\/cda-vallsdaneu\/wp-json\/wp\/v2\/media?parent=8454"}],"curies":[{"name":"wp","href":"https:\/\/api.w.org\/{rel}","templated":true}]}}