{"id":8396,"date":"2013-11-15T13:40:37","date_gmt":"2013-11-15T12:40:37","guid":{"rendered":"http:\/\/blocs.xtec.cat\/plantillacda\/?page_id=173"},"modified":"2026-04-21T16:24:24","modified_gmt":"2026-04-21T14:24:24","slug":"ambit-tecnologic","status":"publish","type":"page","link":"https:\/\/serveiseducatius.xtec.cat\/cda-vallsdaneu\/ambits\/ambit-tecnologic\/","title":{"rendered":"\u00c0mbit tecnol\u00f2gic"},"content":{"rendered":"\n<p><span style=\"color: #333333;\">Activitats centrades en el coneixement dels sistemes tecnol\u00f2gics de la vida quotidiana. A partir d\u2019un recorregut pel poble d\u2019Esterri d\u2019\u00c0neu descobrirem les fonts d\u2019energia que s\u2019utilitzen al poble, amb l&#8217;activitat d&#8217;estirant el fil coneixerem com ha estat el proc\u00e9s tradicional d\u2019obtenci\u00f3 de teixits fets de llana i finalment, aprendrem el proc\u00e9s de reciclatge de paper tot ajudant a conscienciar als alumnes sobre el bon \u00fas del paper i la import\u00e0ncia de l\u2019\u00fas de paper reciclat.<\/span><\/p>\n\n\n\n<h4 class=\"wp-block-heading\">Activitats relacionades:<\/h4>\n\n\n\n<ul class=\"wp-block-list\">\n<li><a title=\"Estirant el fil\" href=\"http:\/\/serveiseducatius.xtec.cat\/cda-vallsdaneu\/ambit-tecnologic\/estirant-el-fil\/\" target=\"_blank\" rel=\"noopener noreferrer\"><span style=\"color: #008000;\"><span style=\"color: #008000;\">Estirant el fil<\/span><\/span><\/a><\/li>\n\n\n\n<li><a title=\"Paper reciclat\" href=\"http:\/\/serveiseducatius.xtec.cat\/cda-vallsdaneu\/ambit-tecnologic\/paper-reciclat\/\" target=\"_blank\" rel=\"noopener noreferrer\"><span style=\"color: #008000;\">Taller de paper reciclat<\/span><\/a><\/li>\n<\/ul>\n\n\n\n<p><\/p>\n\n\n\n<h4 class=\"wp-block-heading\">Compet\u00e8ncies clau que es treballen durant ls activitats:<\/h4>\n\n\n\n<p><span style=\"color: #333333;\">Trobareu compet\u00e8ncies espec\u00edfiques i sabers treballats al final de l\u2019explicaci\u00f3 de cada activitat.<\/span><\/p>\n\n\n\n<p><strong>Llegenda compet\u00e8ncies clau (LOMLOE):<\/strong><\/p>\n\n\n\n<ul class=\"wp-block-list\">\n<li>CC1 Comunicaci\u00f3 ling\u00fc\u00edstica<\/li>\n\n\n\n<li>CC2 Pluriling\u00fce<\/li>\n\n\n\n<li>CC3 STEM<\/li>\n\n\n\n<li>CC4 Digital<\/li>\n\n\n\n<li>CC5 Personal, social i aprendre a aprendre<\/li>\n\n\n\n<li>CC6 Ciutadana<\/li>\n\n\n\n<li>CC7 Emprenedora<\/li>\n\n\n\n<li>CC8 Consci\u00e8ncia i expressi\u00f3 culturals<\/li>\n<\/ul>\n\n\n\n<p>\u00a0<\/p>\n\n\n\n<p><strong>\ud83d\udfe1EDUCACI\u00d3 INFANTIL<\/strong><\/p>\n\n\n\n<figure class=\"wp-block-table\"><table class=\"has-fixed-layout\"><thead><tr><th>Activitat<\/th><th>CC1<\/th><th>CC2<\/th><th>CC3<\/th><th>CC4<\/th><th>CC5<\/th><th>CC6<\/th><th>CC7<\/th><th>CC8<\/th><\/tr><\/thead><tbody><tr><td>Estirant el fil<\/td><td>\u2714\ufe0f<\/td><td><\/td><td>\u2714\ufe0f<\/td><td><\/td><td>\u2714\ufe0f<\/td><td><\/td><td><\/td><td>\u2714\ufe0f<\/td><\/tr><tr><td>Taller de paper reciclat<\/td><td>\u2714\ufe0f<\/td><td><\/td><td>\u2714\ufe0f<\/td><td><\/td><td>\u2714\ufe0f<\/td><td>\u2714\ufe0f<\/td><td><\/td><td>\u2714\ufe0f<\/td><\/tr><\/tbody><\/table><\/figure>\n\n\n\n<p>\u00a0<\/p>\n\n\n\n<p><strong>\ud83d\udfe2PRIM\u00c0RIA<\/strong><\/p>\n\n\n\n<figure class=\"wp-block-table\"><table class=\"has-fixed-layout\"><thead><tr><th>Activitat<\/th><th>CC1<\/th><th>CC2<\/th><th>CC3<\/th><th>CC4<\/th><th>CC5<\/th><th>CC6<\/th><th>CC7<\/th><th>CC8<\/th><\/tr><\/thead><tbody><tr><td>Estirant el fil<\/td><td>\u2714\ufe0f<\/td><td><\/td><td>\u2714\ufe0f<\/td><td><\/td><td>\u2714\ufe0f<\/td><td>\u2714\ufe0f<\/td><td>\u2714\ufe0f<\/td><td>\u2714\ufe0f<\/td><\/tr><tr><td>Taller de paper reciclat<\/td><td>\u2714\ufe0f<\/td><td><\/td><td>\u2714\ufe0f<\/td><td><\/td><td>\u2714\ufe0f<\/td><td>\u2714\ufe0f<\/td><td>\u2714\ufe0f<\/td><td>\u2714\ufe0f<\/td><\/tr><\/tbody><\/table><\/figure>\n\n\n\n<p>\u00a0<\/p>\n\n\n\n<p><strong>\ud83d\udd35SECUND\u00c0RIA (ESO)<\/strong><\/p>\n\n\n\n<figure class=\"wp-block-table\"><table class=\"has-fixed-layout\"><thead><tr><th>Activitat<\/th><th>CC1<\/th><th>CC2<\/th><th>CC3<\/th><th>CC4<\/th><th>CC5<\/th><th>CC6<\/th><th>CC7<\/th><th>CC8<\/th><\/tr><\/thead><tbody><tr><td>Estirant el fil<\/td><td>\u2714\ufe0f<\/td><td><\/td><td>\u2714\ufe0f<\/td><td><\/td><td>\u2714\ufe0f<\/td><td>\u2714\ufe0f<\/td><td>\u2714\ufe0f<\/td><td>\u2714\ufe0f<\/td><\/tr><tr><td>Taller de paper reciclat<\/td><td>\u2714\ufe0f<\/td><td><\/td><td>\u2714\ufe0f<\/td><td><\/td><td>\u2714\ufe0f<\/td><td>\u2714\ufe0f<\/td><td>\u2714\ufe0f<\/td><td>\u2714\ufe0f<\/td><\/tr><\/tbody><\/table><\/figure>\n\n\n\n<p><\/p>\n\n\n\n<h4 class=\"wp-block-heading\">Recursos relacionats:<\/h4>\n\n\n\n<ul class=\"wp-block-list\">\n<li><a href=\"https:\/\/blocs.xtec.cat\/cdavallsdaneuescoles\/projecte-mai-tant\/\">Activitats del projecte Educatiu Mai Tant<\/a><\/li>\n\n\n\n<li><a href=\"https:\/\/drive.google.com\/drive\/folders\/0B2biex8Hag36bkxfckF3WEYzQzg?resourcekey=0-6Mt1JDIy9DnOlniHd4NytQ&amp;usp=sharing\"><span style=\"color: #008000;\">Dossiers<\/span><\/a><\/li>\n<\/ul>\n\n\n","protected":false},"excerpt":{"rendered":"<p>Activitats centrades en el coneixement dels sistemes tecnol\u00f2gics de la vida quotidiana. A partir d\u2019un recorregut pel poble d\u2019Esterri d\u2019\u00c0neu [&hellip;]<\/p>\n","protected":false},"author":1,"featured_media":8181,"parent":8235,"menu_order":3,"comment_status":"closed","ping_status":"open","template":"","meta":{"_bbp_topic_count":0,"_bbp_reply_count":0,"_bbp_total_topic_count":0,"_bbp_total_reply_count":0,"_bbp_voice_count":0,"_bbp_anonymous_reply_count":0,"_bbp_topic_count_hidden":0,"_bbp_reply_count_hidden":0,"_bbp_forum_subforum_count":0,"site-sidebar-layout":"default","site-content-layout":"","ast-site-content-layout":"default","site-content-style":"default","site-sidebar-style":"default","ast-global-header-display":"","ast-banner-title-visibility":"","ast-main-header-display":"","ast-hfb-above-header-display":"","ast-hfb-below-header-display":"","ast-hfb-mobile-header-display":"","site-post-title":"","ast-breadcrumbs-content":"","ast-featured-img":"","footer-sml-layout":"","theme-transparent-header-meta":"default","adv-header-id-meta":"","stick-header-meta":"","header-above-stick-meta":"","header-main-stick-meta":"","header-below-stick-meta":"","astra-migrate-meta-layouts":"set","ast-page-background-enabled":"default","ast-page-background-meta":{"desktop":{"background-color":"var(--ast-global-color-4)","background-image":"","background-repeat":"repeat","background-position":"center center","background-size":"auto","background-attachment":"scroll","background-type":"","background-media":"","overlay-type":"","overlay-color":"","overlay-opacity":"","overlay-gradient":""},"tablet":{"background-color":"","background-image":"","background-repeat":"repeat","background-position":"center center","background-size":"auto","background-attachment":"scroll","background-type":"","background-media":"","overlay-type":"","overlay-color":"","overlay-opacity":"","overlay-gradient":""},"mobile":{"background-color":"","background-image":"","background-repeat":"repeat","background-position":"center center","background-size":"auto","background-attachment":"scroll","background-type":"","background-media":"","overlay-type":"","overlay-color":"","overlay-opacity":"","overlay-gradient":""}},"ast-content-background-meta":{"desktop":{"background-color":"var(--ast-global-color-5)","background-image":"","background-repeat":"repeat","background-position":"center center","background-size":"auto","background-attachment":"scroll","background-type":"","background-media":"","overlay-type":"","overlay-color":"","overlay-opacity":"","overlay-gradient":""},"tablet":{"background-color":"var(--ast-global-color-5)","background-image":"","background-repeat":"repeat","background-position":"center center","background-size":"auto","background-attachment":"scroll","background-type":"","background-media":"","overlay-type":"","overlay-color":"","overlay-opacity":"","overlay-gradient":""},"mobile":{"background-color":"var(--ast-global-color-5)","background-image":"","background-repeat":"repeat","background-position":"center center","background-size":"auto","background-attachment":"scroll","background-type":"","background-media":"","overlay-type":"","overlay-color":"","overlay-opacity":"","overlay-gradient":""}},"footnotes":""},"class_list":["post-8396","page","type-page","status-publish","has-post-thumbnail","hentry"],"post_mailing_queue_ids":[],"_links":{"self":[{"href":"https:\/\/serveiseducatius.xtec.cat\/cda-vallsdaneu\/wp-json\/wp\/v2\/pages\/8396","targetHints":{"allow":["GET"]}}],"collection":[{"href":"https:\/\/serveiseducatius.xtec.cat\/cda-vallsdaneu\/wp-json\/wp\/v2\/pages"}],"about":[{"href":"https:\/\/serveiseducatius.xtec.cat\/cda-vallsdaneu\/wp-json\/wp\/v2\/types\/page"}],"author":[{"embeddable":true,"href":"https:\/\/serveiseducatius.xtec.cat\/cda-vallsdaneu\/wp-json\/wp\/v2\/users\/1"}],"replies":[{"embeddable":true,"href":"https:\/\/serveiseducatius.xtec.cat\/cda-vallsdaneu\/wp-json\/wp\/v2\/comments?post=8396"}],"version-history":[{"count":6,"href":"https:\/\/serveiseducatius.xtec.cat\/cda-vallsdaneu\/wp-json\/wp\/v2\/pages\/8396\/revisions"}],"predecessor-version":[{"id":12683,"href":"https:\/\/serveiseducatius.xtec.cat\/cda-vallsdaneu\/wp-json\/wp\/v2\/pages\/8396\/revisions\/12683"}],"up":[{"embeddable":true,"href":"https:\/\/serveiseducatius.xtec.cat\/cda-vallsdaneu\/wp-json\/wp\/v2\/pages\/8235"}],"wp:featuredmedia":[{"embeddable":true,"href":"https:\/\/serveiseducatius.xtec.cat\/cda-vallsdaneu\/wp-json\/wp\/v2\/media\/8181"}],"wp:attachment":[{"href":"https:\/\/serveiseducatius.xtec.cat\/cda-vallsdaneu\/wp-json\/wp\/v2\/media?parent=8396"}],"curies":[{"name":"wp","href":"https:\/\/api.w.org\/{rel}","templated":true}]}}