{"id":8395,"date":"2013-11-15T13:39:26","date_gmt":"2013-11-15T12:39:26","guid":{"rendered":"http:\/\/blocs.xtec.cat\/plantillacda\/?page_id=171"},"modified":"2025-03-27T14:09:11","modified_gmt":"2025-03-27T13:09:11","slug":"ambit-natural","status":"publish","type":"page","link":"https:\/\/serveiseducatius.xtec.cat\/cda-vallsdaneu\/ambits\/ambit-natural\/","title":{"rendered":"\u00c0mbit Natural"},"content":{"rendered":"<p style=\"text-align: justify;\"><span style=\"color: #333333;\">Les activitats que realitzem dins de l&#8217;\u00e0mbit natural tenen per objectiu identificar i caracteritzar l&#8217;entorn natural de les Valls d&#8217;\u00c0neu. El reconeixement de les comunitats vegetals, l&#8217;estudi de la fauna salvatge, la caracteritzaci\u00f3 geol\u00f2gica i l&#8217;an\u00e0lisi de les din\u00e0miques dels ecosistemes s\u00f3n l&#8217;objectiu principal de les sortides. Els continguts treballats a les activitats estan adaptats a l&#8217;edat de l&#8217;alumnat aix\u00ed com al curr\u00edculum escolar.\u00a0<\/span><\/p>\n<p style=\"text-align: justify;\"><span style=\"color: #333333;\">L&#8217;observaci\u00f3, l&#8217;experimentaci\u00f3, i la presa de mostres, aix\u00ed com el debat entre l&#8217;alumnat sobre la resoluci\u00f3 dels problemes de gesti\u00f3 ambiental que es puguin derivar dels diferents espais, prenen rellev\u00e0ncia en les activitats.<br \/>\n<\/span><\/p>\n<p><img loading=\"lazy\" decoding=\"async\" class=\"alignleft wp-image-626\" src=\"http:\/\/blocs.xtec.cat\/cdavallsdaneu\/files\/2013\/11\/Selecci\u00f3_083.png\" alt=\"Selecci\u00f3_083\" width=\"131\" height=\"115\" \/>\u00a0 <img loading=\"lazy\" decoding=\"async\" class=\"alignnone wp-image-1490\" src=\"http:\/\/serveiseducatius.xtec.cat\/cda-vallsdaneu\/wp-content\/uploads\/usu1375\/2013\/11\/Selecci\u00f3_0881.png\" alt=\"Selecci\u00f3_088\" width=\"124\" height=\"111\" \/>\u00a0\u00a0\u00a0\u00a0\u00a0\u00a0 <img loading=\"lazy\" decoding=\"async\" class=\"alignnone wp-image-627\" src=\"http:\/\/blocs.xtec.cat\/cdavallsdaneu\/files\/2013\/11\/Selecci\u00f3_084.png\" alt=\"Selecci\u00f3_084\" width=\"124\" height=\"111\" \/><\/p>\n<h4><\/h4>\n<h4><strong>Activitats relacionades:<\/strong><\/h4>\n<ul>\n<li style=\"text-align: left;\"><a title=\"Parc Nacional d\u2019Aig\u00fcestortes i Estany de Sant Maurici\" href=\"http:\/\/serveiseducatius.xtec.cat\/cda-vallsdaneu\/ambit-natural\/parc-nacional\/\" rel=\"noopener noreferrer\"><span style=\"color: #008000;\"><span style=\"color: #008000;\">Parc Nacional d&#8217;Aig\u00fcestortes i Estany de Sant Maurici<\/span><\/span><\/a><\/li>\n<li><a title=\"Bosc del Gerdar\" href=\"http:\/\/serveiseducatius.xtec.cat\/cda-vallsdaneu\/ambits\/ambit-natural\/bosc-del-gerdar\/\" rel=\"noopener noreferrer\"><span style=\"color: #008000;\"><span style=\"color: #008000;\">L&#8217;avetosa del Gerdar<\/span><\/span><\/a><\/li>\n<li style=\"text-align: left;\"><a title=\"La Mollera d\u2019Escalarre\" href=\"http:\/\/serveiseducatius.xtec.cat\/cda-vallsdaneu\/ambit-natural\/la-mollera-descalarre\/\" rel=\"noopener noreferrer\"><span style=\"color: #008000;\"><span style=\"color: #008000;\">La Mollera d&#8217;Escalarre<\/span><\/span><\/a><\/li>\n<li><a title=\"L\u2019estudi del riu\" href=\"http:\/\/serveiseducatius.xtec.cat\/cda-vallsdaneu\/ambit-natural\/lestudi-del-riu\/\" rel=\"noopener noreferrer\"><span style=\"color: #008000;\"><span style=\"color: #008000;\">Estudi del Riu<\/span><\/span><\/a><\/li>\n<li style=\"font-size: 16px;\"><a style=\"font-size: 16px; transition-property: all; color: #3a3a3a;\" title=\"El pa\u00eds de l'\u00f3s\" href=\"http:\/\/serveiseducatius.xtec.cat\/cda-vallsdaneu\/ambits\/ambit-natural\/el-pais-de-los\/\" rel=\"noopener noreferrer\"><span style=\"color: #008000;\">El pa\u00eds de l&#8217;\u00f3s<\/span><\/a><\/li>\n<li><a href=\"https:\/\/serveiseducatius.xtec.cat\/cda-vallsdaneu\/ambits\/ambit-natural\/geologia-urbana\/\"><span style=\"color: #008000;\">Breakout geologia urbana<\/span><\/a><\/li>\n<li><span style=\"color: #008000;\"><a title=\"Nivologia, coneixement del Mantell Nival\" href=\"http:\/\/serveiseducatius.xtec.cat\/cda-vallsdaneu\/ambit-natural\/nivologia-coneixement-del-mantell-nival\/\" rel=\"noopener noreferrer\"><span style=\"color: #008000;\">Nivologia, coneixement del perfil del mantell nival<\/span><\/a><\/span><\/li>\n<li><a title=\"Taller de rastres\" href=\"http:\/\/serveiseducatius.xtec.cat\/cda-vallsdaneu\/ambit-natural\/taller-de-rastres\/\" rel=\"noopener noreferrer\"><span style=\"color: #008000;\">Taller de rastres<\/span><\/a><\/li>\n<\/ul>\n<h4><strong>Compet\u00e8ncies que es treballen durant les activitats:<\/strong><\/h4>\n<p><a href=\"https:\/\/serveiseducatius.xtec.cat\/cda-vallsdaneu\/ambits\/ambit-natural\/attachment\/primaria-medi-natural\/\" rel=\"attachment wp-att-11424\"><img loading=\"lazy\" decoding=\"async\" class=\" wp-image-11424 alignleft\" src=\"https:\/\/serveiseducatius.xtec.cat\/cda-vallsdaneu\/wp-content\/uploads\/usu1375\/2023\/06\/PRIMARIA-medi-natural-1.jpg\" alt=\"\" width=\"736\" height=\"413\" srcset=\"https:\/\/serveiseducatius.xtec.cat\/cda-vallsdaneu\/wp-content\/uploads\/usu1375\/2023\/06\/PRIMARIA-medi-natural-1.jpg 864w, https:\/\/serveiseducatius.xtec.cat\/cda-vallsdaneu\/wp-content\/uploads\/usu1375\/2023\/06\/PRIMARIA-medi-natural-1-300x168.jpg 300w, https:\/\/serveiseducatius.xtec.cat\/cda-vallsdaneu\/wp-content\/uploads\/usu1375\/2023\/06\/PRIMARIA-medi-natural-1-768x431.jpg 768w\" sizes=\"auto, (max-width: 736px) 100vw, 736px\" \/><\/a><\/p>\n<p>&nbsp;<\/p>\n<p>&nbsp;<\/p>\n<p>&nbsp;<\/p>\n<p>&nbsp;<\/p>\n<p>&nbsp;<\/p>\n<p>&nbsp;<\/p>\n<p>&nbsp;<\/p>\n<p>&nbsp;<\/p>\n<p>&nbsp;<\/p>\n<h4><a href=\"https:\/\/serveiseducatius.xtec.cat\/cda-vallsdaneu\/ambits\/ambit-natural\/attachment\/secundaria-medi-natural-2\/\" rel=\"attachment wp-att-11431\"><img loading=\"lazy\" decoding=\"async\" class=\"wp-image-11431 alignnone\" src=\"https:\/\/serveiseducatius.xtec.cat\/cda-vallsdaneu\/wp-content\/uploads\/usu1375\/2023\/06\/SECUNDARIA-medi-natural-2.jpg\" alt=\"\" width=\"858\" height=\"459\" srcset=\"https:\/\/serveiseducatius.xtec.cat\/cda-vallsdaneu\/wp-content\/uploads\/usu1375\/2023\/06\/SECUNDARIA-medi-natural-2.jpg 1163w, https:\/\/serveiseducatius.xtec.cat\/cda-vallsdaneu\/wp-content\/uploads\/usu1375\/2023\/06\/SECUNDARIA-medi-natural-2-300x160.jpg 300w, https:\/\/serveiseducatius.xtec.cat\/cda-vallsdaneu\/wp-content\/uploads\/usu1375\/2023\/06\/SECUNDARIA-medi-natural-2-1024x548.jpg 1024w, https:\/\/serveiseducatius.xtec.cat\/cda-vallsdaneu\/wp-content\/uploads\/usu1375\/2023\/06\/SECUNDARIA-medi-natural-2-768x411.jpg 768w\" sizes=\"auto, (max-width: 858px) 100vw, 858px\" \/><\/a><\/h4>\n<h4><\/h4>\n<h4><strong>Recursos relacionats:<\/strong><\/h4>\n<ul>\n<li><a href=\"https:\/\/drive.google.com\/drive\/folders\/0B2biex8Hag36SVNxbVFwd1lvRmc?resourcekey=0-jcyhF8n6zT2adjCad8mv9A&amp;usp=sharing\" target=\"_blank\" rel=\"noopener\">Enlla\u00e7 al document de compet\u00e8ncies<\/a><\/li>\n<li><a href=\"https:\/\/blocs.xtec.cat\/cdavallsdaneuescoles\/projecte-mai-tant\/\" target=\"_blank\" rel=\"noopener\">Activitats del projecte Educatiu Mai Tant<\/a><\/li>\n<li><a href=\"https:\/\/drive.google.com\/drive\/folders\/0B2biex8Hag36WDQ4b2tEanotQUE?resourcekey=0-2WdX7VXko3FIE9h2CuYJeg&amp;usp=sharing\" target=\"_blank\" rel=\"noopener\"><span style=\"color: #008000;\"><span style=\"color: #008000;\">Dossiers<\/span><\/span><\/a><\/li>\n<\/ul>\n<p>&nbsp;<\/p>\n<h1><\/h1>\n<p><span style=\"border-radius: 2px; text-indent: 20px; width: auto; padding: 0px 4px 0px 0px; text-align: center; font: bold 11px\/20px 'Helvetica Neue',Helvetica,sans-serif; color: #ffffff; background: #bd081c no-repeat scroll 3px 50% \/ 14px 14px; position: absolute; opacity: 1; z-index: 8675309; display: none; cursor: pointer;\">Save<\/span><\/p>\n","protected":false},"excerpt":{"rendered":"<p>Les activitats que realitzem dins de l&#8217;\u00e0mbit natural tenen per objectiu identificar i caracteritzar l&#8217;entorn natural de les Valls d&#8217;\u00c0neu. [&hellip;]<\/p>\n","protected":false},"author":1,"featured_media":0,"parent":8235,"menu_order":1,"comment_status":"closed","ping_status":"closed","template":"","meta":{"_bbp_topic_count":0,"_bbp_reply_count":0,"_bbp_total_topic_count":0,"_bbp_total_reply_count":0,"_bbp_voice_count":0,"_bbp_anonymous_reply_count":0,"_bbp_topic_count_hidden":0,"_bbp_reply_count_hidden":0,"_bbp_forum_subforum_count":0,"site-sidebar-layout":"default","site-content-layout":"","ast-site-content-layout":"default","site-content-style":"default","site-sidebar-style":"default","ast-global-header-display":"","ast-banner-title-visibility":"","ast-main-header-display":"","ast-hfb-above-header-display":"","ast-hfb-below-header-display":"","ast-hfb-mobile-header-display":"","site-post-title":"","ast-breadcrumbs-content":"","ast-featured-img":"","footer-sml-layout":"","theme-transparent-header-meta":"default","adv-header-id-meta":"","stick-header-meta":"","header-above-stick-meta":"","header-main-stick-meta":"","header-below-stick-meta":"","astra-migrate-meta-layouts":"set","ast-page-background-enabled":"default","ast-page-background-meta":{"desktop":{"background-color":"var(--ast-global-color-4)","background-image":"","background-repeat":"repeat","background-position":"center center","background-size":"auto","background-attachment":"scroll","background-type":"","background-media":"","overlay-type":"","overlay-color":"","overlay-opacity":"","overlay-gradient":""},"tablet":{"background-color":"","background-image":"","background-repeat":"repeat","background-position":"center center","background-size":"auto","background-attachment":"scroll","background-type":"","background-media":"","overlay-type":"","overlay-color":"","overlay-opacity":"","overlay-gradient":""},"mobile":{"background-color":"","background-image":"","background-repeat":"repeat","background-position":"center center","background-size":"auto","background-attachment":"scroll","background-type":"","background-media":"","overlay-type":"","overlay-color":"","overlay-opacity":"","overlay-gradient":""}},"ast-content-background-meta":{"desktop":{"background-color":"var(--ast-global-color-5)","background-image":"","background-repeat":"repeat","background-position":"center center","background-size":"auto","background-attachment":"scroll","background-type":"","background-media":"","overlay-type":"","overlay-color":"","overlay-opacity":"","overlay-gradient":""},"tablet":{"background-color":"var(--ast-global-color-5)","background-image":"","background-repeat":"repeat","background-position":"center center","background-size":"auto","background-attachment":"scroll","background-type":"","background-media":"","overlay-type":"","overlay-color":"","overlay-opacity":"","overlay-gradient":""},"mobile":{"background-color":"var(--ast-global-color-5)","background-image":"","background-repeat":"repeat","background-position":"center center","background-size":"auto","background-attachment":"scroll","background-type":"","background-media":"","overlay-type":"","overlay-color":"","overlay-opacity":"","overlay-gradient":""}},"footnotes":""},"class_list":["post-8395","page","type-page","status-publish","hentry"],"post_mailing_queue_ids":[],"_links":{"self":[{"href":"https:\/\/serveiseducatius.xtec.cat\/cda-vallsdaneu\/wp-json\/wp\/v2\/pages\/8395","targetHints":{"allow":["GET"]}}],"collection":[{"href":"https:\/\/serveiseducatius.xtec.cat\/cda-vallsdaneu\/wp-json\/wp\/v2\/pages"}],"about":[{"href":"https:\/\/serveiseducatius.xtec.cat\/cda-vallsdaneu\/wp-json\/wp\/v2\/types\/page"}],"author":[{"embeddable":true,"href":"https:\/\/serveiseducatius.xtec.cat\/cda-vallsdaneu\/wp-json\/wp\/v2\/users\/1"}],"replies":[{"embeddable":true,"href":"https:\/\/serveiseducatius.xtec.cat\/cda-vallsdaneu\/wp-json\/wp\/v2\/comments?post=8395"}],"version-history":[{"count":6,"href":"https:\/\/serveiseducatius.xtec.cat\/cda-vallsdaneu\/wp-json\/wp\/v2\/pages\/8395\/revisions"}],"predecessor-version":[{"id":11913,"href":"https:\/\/serveiseducatius.xtec.cat\/cda-vallsdaneu\/wp-json\/wp\/v2\/pages\/8395\/revisions\/11913"}],"up":[{"embeddable":true,"href":"https:\/\/serveiseducatius.xtec.cat\/cda-vallsdaneu\/wp-json\/wp\/v2\/pages\/8235"}],"wp:attachment":[{"href":"https:\/\/serveiseducatius.xtec.cat\/cda-vallsdaneu\/wp-json\/wp\/v2\/media?parent=8395"}],"curies":[{"name":"wp","href":"https:\/\/api.w.org\/{rel}","templated":true}]}}