{"id":83,"date":"2013-11-14T21:16:00","date_gmt":"2013-11-14T20:16:00","guid":{"rendered":"http:\/\/blocs.xtec.cat\/plantillacda\/?page_id=83"},"modified":"2025-09-15T11:36:24","modified_gmt":"2025-09-15T09:36:24","slug":"allotjament","status":"publish","type":"page","link":"https:\/\/serveiseducatius.xtec.cat\/cda-vallsdaneu\/el-camp\/allotjament\/","title":{"rendered":"Allotjament"},"content":{"rendered":"\n<p>L&#8217;allotjament i manutenci\u00f3 durant l&#8217;estada es dur\u00e0 a terme a l&#8217;hotel HA Trainera&nbsp; al mateix poble d&#8217;Esterri d&#8217;\u00c0neu.&nbsp;<\/p>\n\n\n\n<figure data-wp-context=\"{&quot;imageId&quot;:&quot;69d76ad668ae1&quot;}\" data-wp-interactive=\"core\/image\" class=\"wp-block-image size-large is-resized wp-lightbox-container\"><img loading=\"lazy\" decoding=\"async\" width=\"1024\" height=\"573\" data-wp-class--hide=\"state.isContentHidden\" data-wp-class--show=\"state.isContentVisible\" data-wp-init=\"callbacks.setButtonStyles\" data-wp-on-async--click=\"actions.showLightbox\" data-wp-on-async--load=\"callbacks.setButtonStyles\" data-wp-on-async-window--resize=\"callbacks.setButtonStyles\" src=\"https:\/\/serveiseducatius.xtec.cat\/cda-vallsdaneu\/wp-content\/uploads\/usu1375\/2025\/09\/exterior-entrada-nieve-hotel-apartaments-trainera-esterri-d-aneu-1690878477-1024x573.webp\" alt=\"\" class=\"wp-image-12286\" style=\"width:700px\" srcset=\"https:\/\/serveiseducatius.xtec.cat\/cda-vallsdaneu\/wp-content\/uploads\/usu1375\/2025\/09\/exterior-entrada-nieve-hotel-apartaments-trainera-esterri-d-aneu-1690878477-1024x573.webp 1024w, https:\/\/serveiseducatius.xtec.cat\/cda-vallsdaneu\/wp-content\/uploads\/usu1375\/2025\/09\/exterior-entrada-nieve-hotel-apartaments-trainera-esterri-d-aneu-1690878477-300x168.webp 300w, https:\/\/serveiseducatius.xtec.cat\/cda-vallsdaneu\/wp-content\/uploads\/usu1375\/2025\/09\/exterior-entrada-nieve-hotel-apartaments-trainera-esterri-d-aneu-1690878477-768x430.webp 768w, https:\/\/serveiseducatius.xtec.cat\/cda-vallsdaneu\/wp-content\/uploads\/usu1375\/2025\/09\/exterior-entrada-nieve-hotel-apartaments-trainera-esterri-d-aneu-1690878477.webp 1114w\" sizes=\"auto, (max-width: 1024px) 100vw, 1024px\" \/><button\n\t\t\tclass=\"lightbox-trigger\"\n\t\t\ttype=\"button\"\n\t\t\taria-haspopup=\"dialog\"\n\t\t\taria-label=\"Amplia la imatge\"\n\t\t\tdata-wp-init=\"callbacks.initTriggerButton\"\n\t\t\tdata-wp-on-async--click=\"actions.showLightbox\"\n\t\t\tdata-wp-style--right=\"state.imageButtonRight\"\n\t\t\tdata-wp-style--top=\"state.imageButtonTop\"\n\t\t>\n\t\t\t<svg xmlns=\"http:\/\/www.w3.org\/2000\/svg\" width=\"12\" height=\"12\" fill=\"none\" viewBox=\"0 0 12 12\">\n\t\t\t\t<path fill=\"#fff\" d=\"M2 0a2 2 0 0 0-2 2v2h1.5V2a.5.5 0 0 1 .5-.5h2V0H2Zm2 10.5H2a.5.5 0 0 1-.5-.5V8H0v2a2 2 0 0 0 2 2h2v-1.5ZM8 12v-1.5h2a.5.5 0 0 0 .5-.5V8H12v2a2 2 0 0 1-2 2H8Zm2-12a2 2 0 0 1 2 2v2h-1.5V2a.5.5 0 0 0-.5-.5H8V0h2Z\" \/>\n\t\t\t<\/svg>\n\t\t<\/button><\/figure>\n\n\n\n<p><strong>Fotos habitacions:<\/strong><\/p>\n\n\n\n<ul class=\"wp-block-list\">\n<li><a href=\"https:\/\/www.hoteltrainera.com\/ca\/apartaments-trainera\/habitacions\" target=\"_blank\" rel=\"noreferrer noopener\">https:\/\/www.hoteltrainera.com\/ca\/apartaments-trainera\/habitacions<\/a>\u00a0\u00a0<\/li>\n<\/ul>\n\n\n\n<ul class=\"wp-block-list\">\n<li><a href=\"https:\/\/www.hoteltrainera.com\/ca\/hostal-trainera\/habitacions\" target=\"_blank\" rel=\"noreferrer noopener\">https:\/\/www.hoteltrainera.com\/ca\/hostal-trainera\/habitacions<\/a><\/li>\n<\/ul>\n\n\n\n<p><\/p>\n\n\n\n<p><strong>Totes les gestions relacionades amb l&#8217;allotjament i \u00e0pats s&#8217;hauran de fer directament al seg\u00fcent contacte<\/strong>:<\/p>\n\n\n\n<h1 class=\"wp-block-heading\">Contacte<\/h1>\n\n\n\n<p>C\/ Major, 54 &#8211; 25580 Esterri d&#8217;\u00c0neu (Lleida)<br>Tel: (+34) 973 626 177<br>info@hoteltrainera.com<\/p>\n\n\n\n<p><a href=\"https:\/\/www.hoteltrainera.com\">https:\/\/www.hoteltrainera.com<\/a><\/p>\n\n\n\n<p><\/p>\n\n\n\n<div style=\"height:21px\" aria-hidden=\"true\" class=\"wp-block-spacer\"><\/div>\n\n\n\n<p><\/p>\n\n\n<p><iframe src=\"https:\/\/www.google.com\/maps\/embed?pb=!1m18!1m12!1m3!1d3502.393478873364!2d1.1195285079697284!3d42.62501665596246!2m3!1f0!2f0!3f0!3m2!1i1024!2i768!4f13.1!3m3!1m2!1s0x12a8aeb320791e09%3A0xe03bd21b56f5eefa!2sHotel%20Apartaments%20Trainera%20%7C%20Esterri%20d&#39;%C3%80neu!5e0!3m2!1sca!2ses!4v1756721154181!5m2!1sca!2ses\" width=\"600\" height=\"450\" style=\"border:0;\" allowfullscreen=\"\" loading=\"lazy\" referrerpolicy=\"no-referrer-when-downgrade\"><\/iframe><\/p>\n\n\n\n<p><\/p>\n","protected":false},"excerpt":{"rendered":"<p>L&#8217;allotjament i manutenci\u00f3 durant l&#8217;estada es dur\u00e0 a terme a l&#8217;hotel HA Trainera&nbsp; al mateix poble d&#8217;Esterri d&#8217;\u00c0neu.&nbsp; Fotos habitacions: [&hellip;]<\/p>\n","protected":false},"author":1,"featured_media":0,"parent":8225,"menu_order":20,"comment_status":"open","ping_status":"open","template":"","meta":{"_bbp_topic_count":0,"_bbp_reply_count":0,"_bbp_total_topic_count":0,"_bbp_total_reply_count":0,"_bbp_voice_count":0,"_bbp_anonymous_reply_count":0,"_bbp_topic_count_hidden":0,"_bbp_reply_count_hidden":0,"_bbp_forum_subforum_count":0,"site-sidebar-layout":"default","site-content-layout":"","ast-site-content-layout":"default","site-content-style":"default","site-sidebar-style":"default","ast-global-header-display":"","ast-banner-title-visibility":"","ast-main-header-display":"","ast-hfb-above-header-display":"","ast-hfb-below-header-display":"","ast-hfb-mobile-header-display":"","site-post-title":"","ast-breadcrumbs-content":"","ast-featured-img":"","footer-sml-layout":"","theme-transparent-header-meta":"default","adv-header-id-meta":"","stick-header-meta":"","header-above-stick-meta":"","header-main-stick-meta":"","header-below-stick-meta":"","astra-migrate-meta-layouts":"set","ast-page-background-enabled":"default","ast-page-background-meta":{"desktop":{"background-color":"var(--ast-global-color-4)","background-image":"","background-repeat":"repeat","background-position":"center center","background-size":"auto","background-attachment":"scroll","background-type":"","background-media":"","overlay-type":"","overlay-color":"","overlay-opacity":"","overlay-gradient":""},"tablet":{"background-color":"","background-image":"","background-repeat":"repeat","background-position":"center center","background-size":"auto","background-attachment":"scroll","background-type":"","background-media":"","overlay-type":"","overlay-color":"","overlay-opacity":"","overlay-gradient":""},"mobile":{"background-color":"","background-image":"","background-repeat":"repeat","background-position":"center center","background-size":"auto","background-attachment":"scroll","background-type":"","background-media":"","overlay-type":"","overlay-color":"","overlay-opacity":"","overlay-gradient":""}},"ast-content-background-meta":{"desktop":{"background-color":"var(--ast-global-color-5)","background-image":"","background-repeat":"repeat","background-position":"center center","background-size":"auto","background-attachment":"scroll","background-type":"","background-media":"","overlay-type":"","overlay-color":"","overlay-opacity":"","overlay-gradient":""},"tablet":{"background-color":"var(--ast-global-color-5)","background-image":"","background-repeat":"repeat","background-position":"center center","background-size":"auto","background-attachment":"scroll","background-type":"","background-media":"","overlay-type":"","overlay-color":"","overlay-opacity":"","overlay-gradient":""},"mobile":{"background-color":"var(--ast-global-color-5)","background-image":"","background-repeat":"repeat","background-position":"center center","background-size":"auto","background-attachment":"scroll","background-type":"","background-media":"","overlay-type":"","overlay-color":"","overlay-opacity":"","overlay-gradient":""}},"footnotes":""},"class_list":["post-83","page","type-page","status-publish","hentry"],"post_mailing_queue_ids":[],"_links":{"self":[{"href":"https:\/\/serveiseducatius.xtec.cat\/cda-vallsdaneu\/wp-json\/wp\/v2\/pages\/83","targetHints":{"allow":["GET"]}}],"collection":[{"href":"https:\/\/serveiseducatius.xtec.cat\/cda-vallsdaneu\/wp-json\/wp\/v2\/pages"}],"about":[{"href":"https:\/\/serveiseducatius.xtec.cat\/cda-vallsdaneu\/wp-json\/wp\/v2\/types\/page"}],"author":[{"embeddable":true,"href":"https:\/\/serveiseducatius.xtec.cat\/cda-vallsdaneu\/wp-json\/wp\/v2\/users\/1"}],"replies":[{"embeddable":true,"href":"https:\/\/serveiseducatius.xtec.cat\/cda-vallsdaneu\/wp-json\/wp\/v2\/comments?post=83"}],"version-history":[{"count":6,"href":"https:\/\/serveiseducatius.xtec.cat\/cda-vallsdaneu\/wp-json\/wp\/v2\/pages\/83\/revisions"}],"predecessor-version":[{"id":12402,"href":"https:\/\/serveiseducatius.xtec.cat\/cda-vallsdaneu\/wp-json\/wp\/v2\/pages\/83\/revisions\/12402"}],"up":[{"embeddable":true,"href":"https:\/\/serveiseducatius.xtec.cat\/cda-vallsdaneu\/wp-json\/wp\/v2\/pages\/8225"}],"wp:attachment":[{"href":"https:\/\/serveiseducatius.xtec.cat\/cda-vallsdaneu\/wp-json\/wp\/v2\/media?parent=83"}],"curies":[{"name":"wp","href":"https:\/\/api.w.org\/{rel}","templated":true}]}}