{"id":8225,"date":"2016-06-20T17:21:25","date_gmt":"2016-06-20T16:21:25","guid":{"rendered":"http:\/\/serveiseducatius.xtec.cat\/cda-vallsdaneu\/?page_id=8225"},"modified":"2025-01-29T13:08:12","modified_gmt":"2025-01-29T12:08:12","slug":"el-camp","status":"publish","type":"page","link":"https:\/\/serveiseducatius.xtec.cat\/cda-vallsdaneu\/el-camp\/","title":{"rendered":"El camp"},"content":{"rendered":"<p>El <strong>Camp d\u2019Aprenentatge<\/strong><sup>1<\/sup><strong>de les Valls d&#8217;\u00c0neu <\/strong>est\u00e0 situat al Pirineu, a la comarca del Pallars Sobir\u00e0, al municipi d&#8217;Esterri d&#8217;\u00c0neu. En un entorn muntany\u00f3s d&#8217;alt valor natural i paisatg\u00edstic duem a terme les nostres activitats amb l&#8217;objectiu de donar a con\u00e8ixer el patrimoni natural i cultural de les Valls d&#8217;\u00c0neu. El<strong> Parc Nacional d&#8217;Aig\u00fcestortes i Estany de Sant Maurici,\u00a0 <\/strong>el <strong>Parc Natural de l&#8217;Alt Pirineu<\/strong> i la pres\u00e8ncia d&#8217;<strong>arquitectura rom\u00e0nica<\/strong> a les valls, esdevenen els punts m\u00e9s representatius del nostre CdA.<\/p>\n<div class=\"ast-oembed-container \" style=\"height: 100%;\"><iframe loading=\"lazy\" title=\"Camp d&#039;Aprenentatge de les Valls d&#039;\u00c0neu\" width=\"500\" height=\"281\" src=\"https:\/\/www.youtube.com\/embed\/Qw-jU5GKoi0?feature=oembed\" frameborder=\"0\" allow=\"accelerometer; autoplay; clipboard-write; encrypted-media; gyroscope; picture-in-picture; web-share\" referrerpolicy=\"strict-origin-when-cross-origin\" allowfullscreen><\/iframe><\/div>\n<ul>\n<li><strong>L&#8217;\u00e0mbit natural:<\/strong> centrat en la descoberta de l&#8217;entorn natural pirinenc. La visita a dos mil metres d&#8217;al\u00e7ada al <em>Parc Nacional d&#8217;Aig\u00fcestortes i Estany de Sant Maurici<\/em>, endinsar-nos en <em>l&#8217;avetosa m\u00e9s gran de la pen\u00ednsula ib\u00e8rica <\/em>o posar-nos dins d&#8217;un <em>torrent d&#8217;alta muntanya<\/em> s\u00f3n un exemple de les activitats que durem a terme per con\u00e8ixer com s&#8217;han format aquestes muntanyes, quins s\u00f3n els agents erosius que han modelat i modelen el Pirineu, entendre l&#8217;acci\u00f3 erosiva dels torrents de muntanya o con\u00e8ixer les comunitats vegetals dels estatges subalpins o la fauna salvatge que habita els diferents ecosistemes pirinencs.<\/li>\n<li><strong>L&#8217;\u00e0mbit social<\/strong>: centrat en la descoberta del patrimoni cultural, hist\u00f2ric i art\u00edstic pirinenc. <em>L&#8217;estudi del paisatge<\/em>, la visita a <em>l&#8217;esgl\u00e9sia de Sant Just i Sant Pastor<\/em> del poble de Son, una passejada per la <em>vila closa d&#8217;Escal\u00f3<\/em> o rec\u00f3rrer les estances de <em>casa Gassia<\/em> d&#8217;Esterri d&#8217;\u00c0neu s\u00f3n alguns exemples de les activitats que durem a terme per con\u00e8ixer <em>l&#8217;arquitectura rom\u00e0nica<\/em> present a la zona, les <em>pintures rom\u00e0niques i g\u00f2tiques<\/em> i la <em>vida tradiciona<\/em>l als pobles de muntanya.<\/li>\n<li><strong>L&#8217;\u00e0mbit tecnol\u00f2gic<\/strong>: centrat en el coneixement dels sistemes tecnol\u00f2gics de la vida quotidiana. A partir dels recursos que tenim a les valls coneixerem com es reciclen les <em>aig\u00fces residuals<\/em> del municipi d&#8217;Esterri d&#8217;\u00c0neu, aprendrem la forma tradicional de <em>construcci\u00f3 dels habitatges<\/em> tot comparant-ho amb els habitatges actuals o coneixerem com ha estat el proc\u00e9s tradicional d&#8217;obtenci\u00f3 de<em> teixits fets de llana<\/em>.<\/li>\n<\/ul>\n<p style=\"text-align: left;\">Podeu consultar totes les activitats que realitzem a l&#8217;apartat \u00e0mbits de treball o en el seg\u00fcent enlla\u00e7 on trobareu una llista de les activitats que realitzem i als nivells educatius als quals estan dirigides.<\/p>\n<p style=\"text-decoration: blink; text-align: center;\"><a href=\"https:\/\/serveiseducatius.xtec.cat\/cda-vallsdaneu\/ambits\/totes-les-activitats\/\"><span style=\"font-size: xx-large;\"><span style=\"color: #008000;\"><span style=\"font-size: large; color: #008000; text-decoration: blink;\">Consulta les nostres activitats\u00a0<\/span><\/span><\/span><\/a><\/p>\n<h1>Una mica d&#8217;hist\u00f2ria<\/h1>\n<p>L&#8217;any 1987 naixia l&#8217;Escola de Natura de la m\u00e0 del Consell Cultural de les Valls d&#8217;\u00c0neu, amb l&#8217;objectiu de donar a con\u00e8ixer el patrimoni natural i cultural de les Valls d&#8217;\u00c0neu als alumnes de prim\u00e0ria i de secund\u00e0ria de tota Catalunya. <!-- [if gte mso 9]><xml>\n<w:WordDocument>\n<w:View>Normal<\/w:View>\n<w:Zoom>0<\/w:Zoom>\n<w:TrackMoves\/>\n<w:TrackFormatting\/>\n<w:HyphenationZone>21<\/w:HyphenationZone>\n<w:PunctuationKerning\/>\n<w:ValidateAgainstSchemas\/>\n<w:SaveIfXMLInvalid>false<\/w:SaveIfXMLInvalid>\n<w:IgnoreMixedContent>false<\/w:IgnoreMixedContent>\n<w:AlwaysShowPlaceholderText>false<\/w:AlwaysShowPlaceholderText>\n<w:DoNotPromoteQF\/>\n<w:LidThemeOther>ES<\/w:LidThemeOther>\n<w:LidThemeAsian>X-NONE<\/w:LidThemeAsian>\n<w:LidThemeComplexScript>X-NONE<\/w:LidThemeComplexScript>\n<w:Compatibility>\n<w:BreakWrappedTables\/>\n<w:SnapToGridInCell\/>\n<w:WrapTextWithPunct\/>\n<w:UseAsianBreakRules\/>\n<w:DontGrowAutofit\/>\n<w:SplitPgBreakAndParaMark\/>\n<w:EnableOpenTypeKerning\/>\n<w:DontFlipMirrorIndents\/>\n<w:OverrideTableStyleHps\/>\n<\/w:Compatibility>\n<m:mathPr>\n<m:mathFont m:val=\"Cambria Math\"\/>\n<m:brkBin m:val=\"before\"\/>\n<m:brkBinSub m:val=\"&#45;-\"\/>\n<m:smallFrac m:val=\"off\"\/>\n<m:dispDef\/>\n<m:lMargin m:val=\"0\"\/>\n<m:rMargin m:val=\"0\"\/>\n<m:defJc m:val=\"centerGroup\"\/>\n<m:wrapIndent m:val=\"1440\"\/>\n<m:intLim m:val=\"subSup\"\/>\n<m:naryLim m:val=\"undOvr\"\/>\n<\/m:mathPr><\/w:WordDocument>\n<\/xml><![endif]--><\/p>\n<p>El curs 1991-1992 l&#8217;Escola de Natura passa a formar part de la Xarxa de Camps d&#8217;Aprenentatge del Departament d&#8217;Ensenyament i deixa de dependre del Consell Cultural de les Valls d&#8217;\u00c0neu. A partir d&#8217;aquest moment, passa a anomenar-se Camp d&#8217;Aprenentatge de les Valls d&#8217;\u00c0neu.<\/p>\n<h1>Qui som<\/h1>\n<p>Al Camp d&#8217;Aprenentatge Valls d&#8217;\u00c0neu hi treballem tres professores del Departament d&#8217;Ensenyament de la Generalitat de Catalunya (Neus, Marta, Estel i Cristina). La nostra tasca docent amb els alumnes es desenvolupa aproximadament des de les 9 del mat\u00ed fins a les 6 de la tarda.<\/p>\n<p>Les estades que realitzen els centres educatius solen ser de dos, tres, quatre o cinc dies. Les escoles pr\u00f2ximes a la seu del CdA, com les escoles comarcals, tamb\u00e9 realitzen activitats de dia. Les activitats a realitzar i la distribuci\u00f3 d&#8217;aquestes al llarg de l&#8217;estada es planifiquen conjuntament amb els professors dels centres educatius segons els seus interessos curriculars. Cada estada \u00e9s \u00fanica.<\/p>\n<p><a href=\"https:\/\/serveiseducatius.xtec.cat\/cda-vallsdaneu\/el-camp\/presentacio\/attachment\/img_20230915_112205904-copia-2\/\" rel=\"attachment wp-att-11518\"><img loading=\"lazy\" decoding=\"async\" class=\"aligncenter size-full wp-image-11518\" src=\"https:\/\/serveiseducatius.xtec.cat\/cda-vallsdaneu\/wp-content\/uploads\/usu1375\/2023\/09\/IMG_20230915_112205904-Copia-1.jpg\" alt=\"\" width=\"1958\" height=\"1548\" srcset=\"https:\/\/serveiseducatius.xtec.cat\/cda-vallsdaneu\/wp-content\/uploads\/usu1375\/2023\/09\/IMG_20230915_112205904-Copia-1.jpg 1958w, https:\/\/serveiseducatius.xtec.cat\/cda-vallsdaneu\/wp-content\/uploads\/usu1375\/2023\/09\/IMG_20230915_112205904-Copia-1-300x237.jpg 300w, https:\/\/serveiseducatius.xtec.cat\/cda-vallsdaneu\/wp-content\/uploads\/usu1375\/2023\/09\/IMG_20230915_112205904-Copia-1-1024x810.jpg 1024w, https:\/\/serveiseducatius.xtec.cat\/cda-vallsdaneu\/wp-content\/uploads\/usu1375\/2023\/09\/IMG_20230915_112205904-Copia-1-768x607.jpg 768w, https:\/\/serveiseducatius.xtec.cat\/cda-vallsdaneu\/wp-content\/uploads\/usu1375\/2023\/09\/IMG_20230915_112205904-Copia-1-1536x1214.jpg 1536w\" sizes=\"auto, (max-width: 1958px) 100vw, 1958px\" \/><\/a><\/p>\n<p style=\"text-align: center;\">D\u2019esquerra a dreta i de dalt a baix: Neus Bardina i Marta Naharro. Cristina Cereza i Estel Forcada<\/p>\n<hr \/>\n<p><span style=\"color: #808080;\"><span style=\"font-size: small;\"><sup>1<\/sup><\/span><span style=\"font-size: small;\">Els camps d&#8217;aprenentatge s\u00f3n serveis educatius del Departament d&#8217;Ensenyament que ofereixen al professorat i als centres docents la possibilitat de desenvolupar projectes de treball per a l&#8217;estudi i l&#8217;experimentaci\u00f3 en un medi singular de Catalunya; s&#8217;adrecen principalment a alumnes d&#8217;educaci\u00f3 prim\u00e0ria, secund\u00e0ria, cicles formatius i batxillerat. Podeu trobar m\u00e9s informaci\u00f3 a:\u00a0<a href=\"http:\/\/www.xtec.cat\/web\/serveis\/serveis\/cda\/queson\" target=\"_blank\" rel=\"noopener noreferrer\">http:\/\/www.xtec.cat\/web\/serveis\/serveis\/cda\/queson<\/a><\/span><\/span><\/p>\n","protected":false},"excerpt":{"rendered":"<p>El Camp d\u2019Aprenentatge1de les Valls d&#8217;\u00c0neu est\u00e0 situat al Pirineu, a la comarca del Pallars Sobir\u00e0, al municipi d&#8217;Esterri d&#8217;\u00c0neu. [&hellip;]<\/p>\n","protected":false},"author":1,"featured_media":0,"parent":0,"menu_order":5,"comment_status":"closed","ping_status":"closed","template":"page-templates\/side-menu.php","meta":{"_bbp_topic_count":0,"_bbp_reply_count":0,"_bbp_total_topic_count":0,"_bbp_total_reply_count":0,"_bbp_voice_count":0,"_bbp_anonymous_reply_count":0,"_bbp_topic_count_hidden":0,"_bbp_reply_count_hidden":0,"_bbp_forum_subforum_count":0,"site-sidebar-layout":"default","site-content-layout":"","ast-site-content-layout":"","site-content-style":"default","site-sidebar-style":"default","ast-global-header-display":"","ast-banner-title-visibility":"","ast-main-header-display":"","ast-hfb-above-header-display":"","ast-hfb-below-header-display":"","ast-hfb-mobile-header-display":"","site-post-title":"","ast-breadcrumbs-content":"","ast-featured-img":"","footer-sml-layout":"","theme-transparent-header-meta":"","adv-header-id-meta":"","stick-header-meta":"","header-above-stick-meta":"","header-main-stick-meta":"","header-below-stick-meta":"","astra-migrate-meta-layouts":"default","ast-page-background-enabled":"default","ast-page-background-meta":{"desktop":{"background-color":"var(--ast-global-color-4)","background-image":"","background-repeat":"repeat","background-position":"center center","background-size":"auto","background-attachment":"scroll","background-type":"","background-media":"","overlay-type":"","overlay-color":"","overlay-opacity":"","overlay-gradient":""},"tablet":{"background-color":"","background-image":"","background-repeat":"repeat","background-position":"center center","background-size":"auto","background-attachment":"scroll","background-type":"","background-media":"","overlay-type":"","overlay-color":"","overlay-opacity":"","overlay-gradient":""},"mobile":{"background-color":"","background-image":"","background-repeat":"repeat","background-position":"center center","background-size":"auto","background-attachment":"scroll","background-type":"","background-media":"","overlay-type":"","overlay-color":"","overlay-opacity":"","overlay-gradient":""}},"ast-content-background-meta":{"desktop":{"background-color":"var(--ast-global-color-5)","background-image":"","background-repeat":"repeat","background-position":"center center","background-size":"auto","background-attachment":"scroll","background-type":"","background-media":"","overlay-type":"","overlay-color":"","overlay-opacity":"","overlay-gradient":""},"tablet":{"background-color":"var(--ast-global-color-5)","background-image":"","background-repeat":"repeat","background-position":"center center","background-size":"auto","background-attachment":"scroll","background-type":"","background-media":"","overlay-type":"","overlay-color":"","overlay-opacity":"","overlay-gradient":""},"mobile":{"background-color":"var(--ast-global-color-5)","background-image":"","background-repeat":"repeat","background-position":"center center","background-size":"auto","background-attachment":"scroll","background-type":"","background-media":"","overlay-type":"","overlay-color":"","overlay-opacity":"","overlay-gradient":""}},"footnotes":""},"class_list":["post-8225","page","type-page","status-publish","hentry"],"post_mailing_queue_ids":[],"_links":{"self":[{"href":"https:\/\/serveiseducatius.xtec.cat\/cda-vallsdaneu\/wp-json\/wp\/v2\/pages\/8225","targetHints":{"allow":["GET"]}}],"collection":[{"href":"https:\/\/serveiseducatius.xtec.cat\/cda-vallsdaneu\/wp-json\/wp\/v2\/pages"}],"about":[{"href":"https:\/\/serveiseducatius.xtec.cat\/cda-vallsdaneu\/wp-json\/wp\/v2\/types\/page"}],"author":[{"embeddable":true,"href":"https:\/\/serveiseducatius.xtec.cat\/cda-vallsdaneu\/wp-json\/wp\/v2\/users\/1"}],"replies":[{"embeddable":true,"href":"https:\/\/serveiseducatius.xtec.cat\/cda-vallsdaneu\/wp-json\/wp\/v2\/comments?post=8225"}],"version-history":[{"count":5,"href":"https:\/\/serveiseducatius.xtec.cat\/cda-vallsdaneu\/wp-json\/wp\/v2\/pages\/8225\/revisions"}],"predecessor-version":[{"id":11624,"href":"https:\/\/serveiseducatius.xtec.cat\/cda-vallsdaneu\/wp-json\/wp\/v2\/pages\/8225\/revisions\/11624"}],"wp:attachment":[{"href":"https:\/\/serveiseducatius.xtec.cat\/cda-vallsdaneu\/wp-json\/wp\/v2\/media?parent=8225"}],"curies":[{"name":"wp","href":"https:\/\/api.w.org\/{rel}","templated":true}]}}