{"id":767,"date":"2013-11-17T19:03:07","date_gmt":"2013-11-17T18:03:07","guid":{"rendered":"http:\/\/blocs.xtec.cat\/cdaaltbergueda\/?page_id=316"},"modified":"2026-03-02T10:49:39","modified_gmt":"2026-03-02T09:49:39","slug":"ambit-social","status":"publish","type":"page","link":"https:\/\/serveiseducatius.xtec.cat\/cda-vallsdaneu\/ambits\/ambit-social\/","title":{"rendered":"\u00c0mbit social"},"content":{"rendered":"<p>En aquest \u00e0mbit realitzem activitats de descoberta de l&#8217;entorn des del punt de vista social, hist\u00f2ric i patrimonial. Els homes, presents al Pirineu des de temps immemorables, han modelat i segueixen modelant aquest paisatge. La presencia de murs de pedra seca, bordes i prats de dall expliquen la gesti\u00f3 passada i present del territori. Una passejada per les estances de casa Gassia ens permetr\u00e0 con\u00e8ixer la vida dels nostres avantpassats m\u00e9s recents. Les mostres d&#8217;arquitectura rom\u00e0nica ben conservada present a les nostres valls ens serveixen per explicar aquest estil arquitect\u00f2nic i transportar-nos a \u00e8poques de comtes i comtats.<\/p>\n<h1>Activitats relacionades:<\/h1>\n<ul>\n<li><a title=\"Orientaci\u00f3 i paisatge\" href=\"http:\/\/serveiseducatius.xtec.cat\/cda-vallsdaneu\/ambits\/ambit-social\/orientacio-i-paisatge\/\"><span style=\"color: #008000;\"><span style=\"color: #008000;\">Orientaci\u00f3 i paisatge<\/span><\/span><\/a><\/li>\n<li><a title=\"Vida dom\u00e8stica\" href=\"http:\/\/serveiseducatius.xtec.cat\/cda-vallsdaneu\/ambits\/ambit-social\/vida-domestica\/\"><span style=\"color: #008000;\"><span style=\"color: #008000;\">Vida dom\u00e8stica<\/span><\/span><\/a><\/li>\n<li><a title=\"Monestir de Sant Pere del Burgal\" href=\"http:\/\/serveiseducatius.xtec.cat\/cda-vallsdaneu\/ambits\/ambit-social\/monestir-de-sant-pere-del-burgal\/\"><span style=\"color: #008000;\"><span style=\"color: #008000;\">Monestir de Sant Pere del Burgal (Escal\u00f3)<\/span><\/span><\/a><\/li>\n<li><a title=\"Vila Closa d\u2019Escal\u00f3\" href=\"http:\/\/serveiseducatius.xtec.cat\/cda-vallsdaneu\/ambits\/ambit-social\/vila-closa-descalo\/\"><span style=\"color: #008000;\"><span style=\"color: #008000;\">Vila Closa (Escal\u00f3)<\/span><\/span><\/a><\/li>\n<li><a title=\"Evoluci\u00f3 d\u2019una esgl\u00e9sia\" href=\"http:\/\/serveiseducatius.xtec.cat\/cda-vallsdaneu\/ambits\/ambit-social\/evolucio-duna-esglesia\/\"><span style=\"color: #008000;\"><span style=\"color: #008000;\">Evoluci\u00f3 d&#8217;una esgl\u00e9sia (Esgl\u00e9sia de Sant Just i Sant Pastor de Son)<\/span><\/span><\/a><\/li>\n<li><a title=\"Descoberta d\u2019Esterri\" href=\"http:\/\/serveiseducatius.xtec.cat\/cda-vallsdaneu\/ambits\/ambit-social\/descoberta-desterri\/\"><span style=\"color: #008000;\"><span style=\"color: #008000;\">Descoberta d&#8217;Esterri d&#8217;\u00c0neu<\/span><\/span><\/a><\/li>\n<li><a title=\"Taller d\u2019arc de mig punt\" href=\"http:\/\/serveiseducatius.xtec.cat\/cda-vallsdaneu\/ambits\/ambit-social\/taller-darc-de-mig-punt\/\"><span style=\"color: #008000;\"><span style=\"color: #008000;\">Taller d&#8217;arc de mig punt<\/span><\/span><\/a><\/li>\n<li><a title=\"Taller de pintura al tremp\" href=\"http:\/\/serveiseducatius.xtec.cat\/cda-vallsdaneu\/ambits\/ambit-social\/taller-de-pintura-al-tremp\/\"><span style=\"color: #008000;\"><span style=\"color: #008000;\">Taller de pintura al tremp<\/span><\/span><\/a><\/li>\n<li><a title=\"Jocs tradicionals\" href=\"http:\/\/serveiseducatius.xtec.cat\/cda-vallsdaneu\/ambits\/ambit-social\/jocs-tradicionals\/\"><span style=\"color: #008000;\">Jocs tradicionals<\/span><\/a><\/li>\n<\/ul>\n<h1 style=\"text-align: left;\"><span style=\"font-size: medium;\">Compet\u00e8ncies b\u00e0siques que es treballen durant l&#8217;activitat:<\/span><\/h1>\n<p><span style=\"color: #333333;\">Les activitats estan adaptades als diferents nivells educatius i tenen un enfocament clarament competencial. Les seg\u00fcents graelles especifiquen\u00a0 aquelles compet\u00e8ncies que es treballen m\u00e9s espec\u00edficament en cada activitat.Clicant sobre la imatge podreu\u00a0visualitzar-la ampliada. Clicant sobre l&#8217;enlla\u00e7 que trobareu a continuaci\u00f3 trobareu la descripci\u00f3 de cada compet\u00e8ncia.\u00a0<\/span><\/p>\n<p><a href=\"http:\/\/serveiseducatius.xtec.cat\/cda-vallsdaneu\/wp-content\/uploads\/usu1375\/2017\/07\/prim\u00e0ria-socials.jpg\"><img loading=\"lazy\" decoding=\"async\" class=\"alignnone size-full wp-image-8698\" src=\"http:\/\/serveiseducatius.xtec.cat\/cda-vallsdaneu\/wp-content\/uploads\/usu1375\/2017\/07\/prim\u00e0ria-socials.jpg\" alt=\"prim\u00e0ria-socials\" width=\"785\" height=\"494\" srcset=\"https:\/\/serveiseducatius.xtec.cat\/cda-vallsdaneu\/wp-content\/uploads\/usu1375\/2017\/07\/prim\u00e0ria-socials.jpg 785w, https:\/\/serveiseducatius.xtec.cat\/cda-vallsdaneu\/wp-content\/uploads\/usu1375\/2017\/07\/prim\u00e0ria-socials-300x189.jpg 300w, https:\/\/serveiseducatius.xtec.cat\/cda-vallsdaneu\/wp-content\/uploads\/usu1375\/2017\/07\/prim\u00e0ria-socials-768x483.jpg 768w\" sizes=\"auto, (max-width: 785px) 100vw, 785px\" \/><\/a><\/p>\n<p><a href=\"http:\/\/serveiseducatius.xtec.cat\/cda-vallsdaneu\/wp-content\/uploads\/usu1375\/2017\/07\/secund\u00e0ria-socials.jpg\"><img loading=\"lazy\" decoding=\"async\" class=\"alignnone size-full wp-image-8699\" src=\"http:\/\/serveiseducatius.xtec.cat\/cda-vallsdaneu\/wp-content\/uploads\/usu1375\/2017\/07\/secund\u00e0ria-socials.jpg\" alt=\"secund\u00e0ria-socials\" width=\"749\" height=\"464\" srcset=\"https:\/\/serveiseducatius.xtec.cat\/cda-vallsdaneu\/wp-content\/uploads\/usu1375\/2017\/07\/secund\u00e0ria-socials.jpg 749w, https:\/\/serveiseducatius.xtec.cat\/cda-vallsdaneu\/wp-content\/uploads\/usu1375\/2017\/07\/secund\u00e0ria-socials-300x186.jpg 300w\" sizes=\"auto, (max-width: 749px) 100vw, 749px\" \/><\/a><\/p>\n<h1>Recursos relacionats:<\/h1>\n<ul>\n<li><a href=\"https:\/\/drive.google.com\/drive\/folders\/0B2biex8Hag36NVFKd1pCNWJ0ZUk?resourcekey=0-SU4m1n9zC23d9YnQuoYJSA&amp;usp=sharing\">Enlla\u00e7 al document de compet\u00e8ncies<\/a><\/li>\n<li><a href=\"http:\/\/blocs.xtec.cat\/cdavallsdaneuescoles\/projecte-mai-tant\/\" target=\"_blank\" rel=\"noopener noreferrer\">Activitats del projecte Educatiu Mai Tant<\/a><\/li>\n<li><a href=\"https:\/\/drive.google.com\/drive\/folders\/0B2biex8Hag36TExMRXFld2ZJZG8?resourcekey=0-RjmCNE6f-gMXHGCcptyohQ&amp;usp=sharing\"><span style=\"color: #008000;\"><span style=\"color: #008000;\">Dossiers<\/span><\/span><\/a><\/li>\n<\/ul>\n<p><span style=\"border-radius: 2px; text-indent: 20px; width: auto; padding: 0px 4px 0px 0px; text-align: center; font: bold 11px\/20px 'Helvetica Neue',Helvetica,sans-serif; color: #ffffff; background: #bd081c no-repeat scroll 3px 50% \/ 14px 14px; position: absolute; opacity: 1; z-index: 8675309; display: none; cursor: pointer;\">Save<\/span><\/p>\n<p><span style=\"border-radius: 2px; text-indent: 20px; width: auto; padding: 0px 4px 0px 0px; text-align: center; font: bold 11px\/20px 'Helvetica Neue',Helvetica,sans-serif; color: #ffffff; background: #bd081c no-repeat scroll 3px 50% \/ 14px 14px; position: absolute; opacity: 1; z-index: 8675309; display: none; cursor: pointer;\">Save<\/span><\/p>\n<p><span style=\"border-radius: 2px; text-indent: 20px; width: auto; padding: 0px 4px 0px 0px; text-align: center; font: bold 11px\/20px 'Helvetica Neue',Helvetica,sans-serif; color: #ffffff; background: #bd081c no-repeat scroll 3px 50% \/ 14px 14px; position: absolute; opacity: 1; z-index: 8675309; display: none; cursor: pointer;\">Save<\/span><\/p>\n<p><span style=\"border-radius: 2px; text-indent: 20px; width: auto; padding: 0px 4px 0px 0px; text-align: center; font: bold 11px\/20px 'Helvetica Neue',Helvetica,sans-serif; color: #ffffff; background: #bd081c no-repeat scroll 3px 50% \/ 14px 14px; position: absolute; opacity: 1; z-index: 8675309; display: none; cursor: pointer;\">Save<\/span><\/p>\n","protected":false},"excerpt":{"rendered":"<p>En aquest \u00e0mbit realitzem activitats de descoberta de l&#8217;entorn des del punt de vista social, hist\u00f2ric i patrimonial. Els homes, [&hellip;]<\/p>\n","protected":false},"author":1,"featured_media":0,"parent":8235,"menu_order":2,"comment_status":"closed","ping_status":"closed","template":"","meta":{"_bbp_topic_count":0,"_bbp_reply_count":0,"_bbp_total_topic_count":0,"_bbp_total_reply_count":0,"_bbp_voice_count":0,"_bbp_anonymous_reply_count":0,"_bbp_topic_count_hidden":0,"_bbp_reply_count_hidden":0,"_bbp_forum_subforum_count":0,"site-sidebar-layout":"default","site-content-layout":"","ast-site-content-layout":"default","site-content-style":"default","site-sidebar-style":"default","ast-global-header-display":"","ast-banner-title-visibility":"","ast-main-header-display":"","ast-hfb-above-header-display":"","ast-hfb-below-header-display":"","ast-hfb-mobile-header-display":"","site-post-title":"","ast-breadcrumbs-content":"","ast-featured-img":"","footer-sml-layout":"","theme-transparent-header-meta":"","adv-header-id-meta":"","stick-header-meta":"","header-above-stick-meta":"","header-main-stick-meta":"","header-below-stick-meta":"","astra-migrate-meta-layouts":"set","ast-page-background-enabled":"default","ast-page-background-meta":{"desktop":{"background-color":"var(--ast-global-color-4)","background-image":"","background-repeat":"repeat","background-position":"center center","background-size":"auto","background-attachment":"scroll","background-type":"","background-media":"","overlay-type":"","overlay-color":"","overlay-opacity":"","overlay-gradient":""},"tablet":{"background-color":"","background-image":"","background-repeat":"repeat","background-position":"center center","background-size":"auto","background-attachment":"scroll","background-type":"","background-media":"","overlay-type":"","overlay-color":"","overlay-opacity":"","overlay-gradient":""},"mobile":{"background-color":"","background-image":"","background-repeat":"repeat","background-position":"center center","background-size":"auto","background-attachment":"scroll","background-type":"","background-media":"","overlay-type":"","overlay-color":"","overlay-opacity":"","overlay-gradient":""}},"ast-content-background-meta":{"desktop":{"background-color":"var(--ast-global-color-5)","background-image":"","background-repeat":"repeat","background-position":"center center","background-size":"auto","background-attachment":"scroll","background-type":"","background-media":"","overlay-type":"","overlay-color":"","overlay-opacity":"","overlay-gradient":""},"tablet":{"background-color":"var(--ast-global-color-5)","background-image":"","background-repeat":"repeat","background-position":"center center","background-size":"auto","background-attachment":"scroll","background-type":"","background-media":"","overlay-type":"","overlay-color":"","overlay-opacity":"","overlay-gradient":""},"mobile":{"background-color":"var(--ast-global-color-5)","background-image":"","background-repeat":"repeat","background-position":"center center","background-size":"auto","background-attachment":"scroll","background-type":"","background-media":"","overlay-type":"","overlay-color":"","overlay-opacity":"","overlay-gradient":""}},"footnotes":""},"class_list":["post-767","page","type-page","status-publish","hentry"],"post_mailing_queue_ids":[],"_links":{"self":[{"href":"https:\/\/serveiseducatius.xtec.cat\/cda-vallsdaneu\/wp-json\/wp\/v2\/pages\/767","targetHints":{"allow":["GET"]}}],"collection":[{"href":"https:\/\/serveiseducatius.xtec.cat\/cda-vallsdaneu\/wp-json\/wp\/v2\/pages"}],"about":[{"href":"https:\/\/serveiseducatius.xtec.cat\/cda-vallsdaneu\/wp-json\/wp\/v2\/types\/page"}],"author":[{"embeddable":true,"href":"https:\/\/serveiseducatius.xtec.cat\/cda-vallsdaneu\/wp-json\/wp\/v2\/users\/1"}],"replies":[{"embeddable":true,"href":"https:\/\/serveiseducatius.xtec.cat\/cda-vallsdaneu\/wp-json\/wp\/v2\/comments?post=767"}],"version-history":[{"count":5,"href":"https:\/\/serveiseducatius.xtec.cat\/cda-vallsdaneu\/wp-json\/wp\/v2\/pages\/767\/revisions"}],"predecessor-version":[{"id":12602,"href":"https:\/\/serveiseducatius.xtec.cat\/cda-vallsdaneu\/wp-json\/wp\/v2\/pages\/767\/revisions\/12602"}],"up":[{"embeddable":true,"href":"https:\/\/serveiseducatius.xtec.cat\/cda-vallsdaneu\/wp-json\/wp\/v2\/pages\/8235"}],"wp:attachment":[{"href":"https:\/\/serveiseducatius.xtec.cat\/cda-vallsdaneu\/wp-json\/wp\/v2\/media?parent=767"}],"curies":[{"name":"wp","href":"https:\/\/api.w.org\/{rel}","templated":true}]}}