{"id":600,"date":"2013-12-13T12:20:59","date_gmt":"2013-12-13T12:20:59","guid":{"rendered":"http:\/\/blocs.xtec.cat\/plantillacda\/?page_id=600"},"modified":"2025-09-01T14:11:53","modified_gmt":"2025-09-01T12:11:53","slug":"trobades-de-coordinacio","status":"publish","type":"page","link":"https:\/\/serveiseducatius.xtec.cat\/cda-vallsdaneu\/amb-els-centres\/trobades-de-coordinacio\/","title":{"rendered":"Trobades de coordinaci\u00f3"},"content":{"rendered":"\n<h4 class=\"wp-block-heading\">&nbsp;<\/h4>\n\n\n\n<h4 class=\"wp-block-heading\"><strong>Trobada de coordinaci\u00f3<\/strong><\/h4>\n\n\n\n<figure class=\"wp-block-image alignright size-full is-resized\"><a href=\"https:\/\/serveiseducatius.xtec.cat\/cda-vallsdaneu\/wp-content\/uploads\/usu1375\/2025\/09\/Captura-de-pantalla-2025-09-01-140709.png\"><img loading=\"lazy\" decoding=\"async\" width=\"664\" height=\"823\" src=\"https:\/\/serveiseducatius.xtec.cat\/cda-vallsdaneu\/wp-content\/uploads\/usu1375\/2025\/09\/Captura-de-pantalla-2025-09-01-140709.png\" alt=\"\" class=\"wp-image-12315\" style=\"width:400px\" srcset=\"https:\/\/serveiseducatius.xtec.cat\/cda-vallsdaneu\/wp-content\/uploads\/usu1375\/2025\/09\/Captura-de-pantalla-2025-09-01-140709.png 664w, https:\/\/serveiseducatius.xtec.cat\/cda-vallsdaneu\/wp-content\/uploads\/usu1375\/2025\/09\/Captura-de-pantalla-2025-09-01-140709-242x300.png 242w\" sizes=\"auto, (max-width: 664px) 100vw, 664px\" \/><\/a><\/figure>\n\n\n\n<p><\/p>\n\n\n\n<p>Us informem que les trobades de coordinaci\u00f3 seran telem\u00e0tiques. Aquestes trobades ens serviran per a poder-nos con\u00e8ixer, resoldre dubtes i presentar-vos la nostra oferta pedag\u00f2gica. \u00c9s molt recomanable que els centres nous, que no heu fet mai estada al Camp d&#8217;Aprenentatge de les Valls d&#8217;\u00c0neu, feu el possible per assistir-hi.<\/p>\n\n\n\n<p><span style=\"text-align: justify;\">Els centres estadants rebreu un correu electr\u00f2nic de la professora-tutora que teniu assignada per a coordinar la vostra estada <\/span><span style=\"text-align: justify;\">per tal d&#8217;acordar una data de connexi\u00f3 i&nbsp; on s&#8217;adjuntar\u00e0:<\/span><\/p>\n\n\n\n<ul class=\"wp-block-list\">\n<li><span style=\"text-align: justify;\">El <strong>document informatiu de la trobada de coordinaci\u00f3<\/strong>. Podeu descarregar aquest document sencer en el <a href=\"https:\/\/drive.google.com\/file\/d\/1ODBjdmcTIoitRHueCrTTi8nNrvE97xL5\/view?usp=sharing\" target=\"_blank\" rel=\"noopener\">SEG\u00dcENT ENLLA\u00c7<\/a>\u00a0<\/span><\/li>\n\n\n\n<li><span style=\"text-align: justify;\">Un enlla\u00e7 al <strong>document drive <\/strong>d&#8217;edici\u00f3 compartida entre CdA i centre educatiu.\u00a0<\/span>Veureu que \u00e9s un document din\u00e0mic, amb caselles en taronja que haureu d\u2019anar emplenant vosaltres. Funcionar\u00e0 com una acta, on s\u2019aniran recollint tots els aspectes que anem pactant referent a les activitats i al programa de l\u2019estada.<\/li>\n<\/ul>\n\n\n\n<p>&nbsp;<\/p>\n\n\n\n<p>&nbsp;<\/p>\n","protected":false},"excerpt":{"rendered":"<p>&nbsp; Trobada de coordinaci\u00f3 Us informem que les trobades de coordinaci\u00f3 seran telem\u00e0tiques. Aquestes trobades ens serviran per a poder-nos [&hellip;]<\/p>\n","protected":false},"author":1,"featured_media":0,"parent":8272,"menu_order":1,"comment_status":"closed","ping_status":"closed","template":"","meta":{"_bbp_topic_count":0,"_bbp_reply_count":0,"_bbp_total_topic_count":0,"_bbp_total_reply_count":0,"_bbp_voice_count":0,"_bbp_anonymous_reply_count":0,"_bbp_topic_count_hidden":0,"_bbp_reply_count_hidden":0,"_bbp_forum_subforum_count":0,"site-sidebar-layout":"default","site-content-layout":"","ast-site-content-layout":"default","site-content-style":"default","site-sidebar-style":"default","ast-global-header-display":"","ast-banner-title-visibility":"","ast-main-header-display":"","ast-hfb-above-header-display":"","ast-hfb-below-header-display":"","ast-hfb-mobile-header-display":"","site-post-title":"","ast-breadcrumbs-content":"","ast-featured-img":"","footer-sml-layout":"","theme-transparent-header-meta":"default","adv-header-id-meta":"","stick-header-meta":"","header-above-stick-meta":"","header-main-stick-meta":"","header-below-stick-meta":"","astra-migrate-meta-layouts":"set","ast-page-background-enabled":"default","ast-page-background-meta":{"desktop":{"background-color":"var(--ast-global-color-4)","background-image":"","background-repeat":"repeat","background-position":"center center","background-size":"auto","background-attachment":"scroll","background-type":"","background-media":"","overlay-type":"","overlay-color":"","overlay-opacity":"","overlay-gradient":""},"tablet":{"background-color":"","background-image":"","background-repeat":"repeat","background-position":"center center","background-size":"auto","background-attachment":"scroll","background-type":"","background-media":"","overlay-type":"","overlay-color":"","overlay-opacity":"","overlay-gradient":""},"mobile":{"background-color":"","background-image":"","background-repeat":"repeat","background-position":"center center","background-size":"auto","background-attachment":"scroll","background-type":"","background-media":"","overlay-type":"","overlay-color":"","overlay-opacity":"","overlay-gradient":""}},"ast-content-background-meta":{"desktop":{"background-color":"var(--ast-global-color-5)","background-image":"","background-repeat":"repeat","background-position":"center center","background-size":"auto","background-attachment":"scroll","background-type":"","background-media":"","overlay-type":"","overlay-color":"","overlay-opacity":"","overlay-gradient":""},"tablet":{"background-color":"var(--ast-global-color-5)","background-image":"","background-repeat":"repeat","background-position":"center center","background-size":"auto","background-attachment":"scroll","background-type":"","background-media":"","overlay-type":"","overlay-color":"","overlay-opacity":"","overlay-gradient":""},"mobile":{"background-color":"var(--ast-global-color-5)","background-image":"","background-repeat":"repeat","background-position":"center center","background-size":"auto","background-attachment":"scroll","background-type":"","background-media":"","overlay-type":"","overlay-color":"","overlay-opacity":"","overlay-gradient":""}},"footnotes":""},"class_list":["post-600","page","type-page","status-publish","hentry"],"post_mailing_queue_ids":[],"_links":{"self":[{"href":"https:\/\/serveiseducatius.xtec.cat\/cda-vallsdaneu\/wp-json\/wp\/v2\/pages\/600","targetHints":{"allow":["GET"]}}],"collection":[{"href":"https:\/\/serveiseducatius.xtec.cat\/cda-vallsdaneu\/wp-json\/wp\/v2\/pages"}],"about":[{"href":"https:\/\/serveiseducatius.xtec.cat\/cda-vallsdaneu\/wp-json\/wp\/v2\/types\/page"}],"author":[{"embeddable":true,"href":"https:\/\/serveiseducatius.xtec.cat\/cda-vallsdaneu\/wp-json\/wp\/v2\/users\/1"}],"replies":[{"embeddable":true,"href":"https:\/\/serveiseducatius.xtec.cat\/cda-vallsdaneu\/wp-json\/wp\/v2\/comments?post=600"}],"version-history":[{"count":6,"href":"https:\/\/serveiseducatius.xtec.cat\/cda-vallsdaneu\/wp-json\/wp\/v2\/pages\/600\/revisions"}],"predecessor-version":[{"id":12320,"href":"https:\/\/serveiseducatius.xtec.cat\/cda-vallsdaneu\/wp-json\/wp\/v2\/pages\/600\/revisions\/12320"}],"up":[{"embeddable":true,"href":"https:\/\/serveiseducatius.xtec.cat\/cda-vallsdaneu\/wp-json\/wp\/v2\/pages\/8272"}],"wp:attachment":[{"href":"https:\/\/serveiseducatius.xtec.cat\/cda-vallsdaneu\/wp-json\/wp\/v2\/media?parent=600"}],"curies":[{"name":"wp","href":"https:\/\/api.w.org\/{rel}","templated":true}]}}