{"id":54,"date":"2013-11-14T18:56:33","date_gmt":"2013-11-14T17:56:33","guid":{"rendered":"http:\/\/blocs.xtec.cat\/plantillacda\/?page_id=54"},"modified":"2025-10-15T12:13:02","modified_gmt":"2025-10-15T10:13:02","slug":"presentacio","status":"publish","type":"page","link":"https:\/\/serveiseducatius.xtec.cat\/cda-vallsdaneu\/el-camp\/presentacio\/","title":{"rendered":"Presentaci\u00f3"},"content":{"rendered":"\n<p>El <strong>Camp d\u2019Aprenentatge<\/strong><sup>1 <\/sup><strong>de les Valls d&#8217;\u00c0neu <\/strong>est\u00e0 situat al Pirineu, a la comarca del Pallars Sobir\u00e0, al municipi d&#8217;Esterri d&#8217;\u00c0neu. En un entorn muntany\u00f3s d&#8217;alt valor natural i paisatg\u00edstic duem a terme les nostres activitats amb l&#8217;objectiu de donar a con\u00e8ixer el patrimoni natural i cultural de les Valls d&#8217;\u00c0neu. El<strong> Parc Nacional d&#8217;Aig\u00fcestortes i Estany de Sant Maurici, <\/strong>el <strong>Parc Natural de l&#8217;Alt Pirineu<\/strong> i la pres\u00e8ncia d&#8217;<strong>arquitectura rom\u00e0nica<\/strong> a les valls, esdevenen els punts m\u00e9s representatius del nostre CdA.<\/p>\n\n\n\n<figure class=\"wp-block-embed is-type-video is-provider-youtube wp-block-embed-youtube wp-embed-aspect-16-9 wp-has-aspect-ratio\"><div class=\"wp-block-embed__wrapper\">\n<div class=\"ast-oembed-container \" style=\"height: 100%;\"><iframe loading=\"lazy\" title=\"Camp d&#039;Aprenentatge de les Valls d&#039;\u00c0neu\" width=\"500\" height=\"281\" src=\"https:\/\/www.youtube.com\/embed\/bU1UPClxsLI?feature=oembed\" frameborder=\"0\" allow=\"accelerometer; autoplay; clipboard-write; encrypted-media; gyroscope; picture-in-picture; web-share\" referrerpolicy=\"strict-origin-when-cross-origin\" allowfullscreen><\/iframe><\/div>\n<\/div><\/figure>\n\n\n\n<figure class=\"wp-block-embed is-type-video is-provider-youtube wp-block-embed-youtube wp-embed-aspect-4-3 wp-has-aspect-ratio\"><div class=\"wp-block-embed__wrapper\">\n<div class=\"ast-oembed-container \" style=\"height: 100%;\"><iframe loading=\"lazy\" title=\"Camps d&#039;Aprenentatge. Camp d&#039;Aprenentatge de les Valls d&#039;\u00c0neu\" width=\"500\" height=\"375\" src=\"https:\/\/www.youtube.com\/embed\/lFIFpUQOrSc?feature=oembed\" frameborder=\"0\" allow=\"accelerometer; autoplay; clipboard-write; encrypted-media; gyroscope; picture-in-picture; web-share\" referrerpolicy=\"strict-origin-when-cross-origin\" allowfullscreen><\/iframe><\/div>\n<\/div><\/figure>\n\n\n\n<ul class=\"wp-block-list\">\n<li><strong>L&#8217;\u00e0mbit natural:<\/strong> centrat en la descoberta de l&#8217;entorn natural pirinenc. La visita a dos mil metres d&#8217;al\u00e7ada al <em>Parc Nacional d&#8217;Aig\u00fcestortes i Estany de Sant Maurici<\/em>, endinsar-nos en <em>l&#8217;avetosa m\u00e9s gran de la pen\u00ednsula ib\u00e8rica <\/em>o posar-nos dins d&#8217;un <em>torrent d&#8217;alta muntanya<\/em> s\u00f3n un exemple de les activitats que durem a terme per con\u00e8ixer com s&#8217;han format aquestes muntanyes, quins s\u00f3n els agents erosius que han modelat i modelen el Pirineu, entendre l&#8217;acci\u00f3 erosiva dels torrents de muntanya o con\u00e8ixer les comunitats vegetals dels estatges subalpins o la fauna salvatge que habita els diferents ecosistemes pirinencs.<\/li>\n\n\n\n<li><strong>L&#8217;\u00e0mbit social<\/strong>: centrat en la descoberta del patrimoni cultural, hist\u00f2ric i art\u00edstic pirinenc. <em>L&#8217;estudi del paisatge<\/em>, la visita a <em>l&#8217;esgl\u00e9sia de Sant Just i Sant Pastor<\/em> del poble de Son, una passejada per la <em>vila closa d&#8217;Escal\u00f3<\/em> o rec\u00f3rrer les estances de <em>casa Gassia<\/em> d&#8217;Esterri d&#8217;\u00c0neu s\u00f3n alguns exemples de les activitats que durem a terme per con\u00e8ixer <em>l&#8217;arquitectura rom\u00e0nica<\/em> present a la zona, les <em>pintures rom\u00e0niques i g\u00f2tiques<\/em> i la <em>vida tradiciona<\/em>l als pobles de muntanya.<\/li>\n\n\n\n<li><strong>L&#8217;\u00e0mbit tecnol\u00f2gic<\/strong>: centrat en el coneixement dels sistemes tecnol\u00f2gics de la vida quotidiana. A partir d\u2019un recorregut pel poble d\u2019Esterri d\u2019\u00c0neu es descobriran les fonts d\u2019energia que s\u2019utilitzen al poble, amb l\u2019activitat d\u2019estirant el fil es coneixer\u00e0 com ha estat el proc\u00e9s tradicional d\u2019obtenci\u00f3 de teixits fets de llana i finalment, s&#8217;aprendr\u00e0 el proc\u00e9s de reciclatge de paper tot ajudant a conscienciar als alumnes sobre el bon \u00fas del paper i la import\u00e0ncia de l\u2019\u00fas de paper reciclat.<\/li>\n<\/ul>\n\n\n\n<p>Podeu consultar totes les activitats que realitzem a l&#8217;apartat \u00e0mbits de treball o en el seg\u00fcent enlla\u00e7 on trobareu una llista de les activitats que realitzem i als nivells educatius als quals estan dirigides.<\/p>\n\n\n\n<p class=\"has-text-align-center\"><span style=\"font-size: xx-large;\"><span style=\"color: #008000;\"><a title=\"Totes les activitats\" href=\"https:\/\/serveiseducatius.xtec.cat\/cda-vallsdaneu\/ambits\/totes-les-activitats\/\"><span style=\"font-size: large; color: #008000; text-decoration: blink;\">Consulta les nostres activitats&nbsp;<\/span><\/a><\/span><\/span><\/p>\n\n\n\n<h1 class=\"wp-block-heading\">Una mica d&#8217;hist\u00f2ria<\/h1>\n\n\n\n<p>L&#8217;any 1987 naixia l&#8217;Escola de Natura de la m\u00e0 del Consell Cultural de les Valls d&#8217;\u00c0neu, amb l&#8217;objectiu de donar a con\u00e8ixer el patrimoni natural i cultural de les Valls d&#8217;\u00c0neu als alumnes de Prim\u00e0ria i de Secund\u00e0ria de tot Catalunya. <!-- [if gte mso 9]><xml>\n<w:WordDocument>\n<w:View>Normal<\/w:View>\n<w:Zoom>0<\/w:Zoom>\n<w:TrackMoves\/>\n<w:TrackFormatting\/>\n<w:HyphenationZone>21<\/w:HyphenationZone>\n<w:PunctuationKerning\/>\n<w:ValidateAgainstSchemas\/>\n<w:SaveIfXMLInvalid>false<\/w:SaveIfXMLInvalid>\n<w:IgnoreMixedContent>false<\/w:IgnoreMixedContent>\n<w:AlwaysShowPlaceholderText>false<\/w:AlwaysShowPlaceholderText>\n<w:DoNotPromoteQF\/>\n<w:LidThemeOther>ES<\/w:LidThemeOther>\n<w:LidThemeAsian>X-NONE<\/w:LidThemeAsian>\n<w:LidThemeComplexScript>X-NONE<\/w:LidThemeComplexScript>\n<w:Compatibility>\n<w:BreakWrappedTables\/>\n<w:SnapToGridInCell\/>\n<w:WrapTextWithPunct\/>\n<w:UseAsianBreakRules\/>\n<w:DontGrowAutofit\/>\n<w:SplitPgBreakAndParaMark\/>\n<w:EnableOpenTypeKerning\/>\n<w:DontFlipMirrorIndents\/>\n<w:OverrideTableStyleHps\/>\n<\/w:Compatibility>\n<m:mathPr>\n<m:mathFont m:val=\"Cambria Math\"\/>\n<m:brkBin m:val=\"before\"\/>\n<m:brkBinSub m:val=\"&#45;-\"\/>\n<m:smallFrac m:val=\"off\"\/>\n<m:dispDef\/>\n<m:lMargin m:val=\"0\"\/>\n<m:rMargin m:val=\"0\"\/>\n<m:defJc m:val=\"centerGroup\"\/>\n<m:wrapIndent m:val=\"1440\"\/>\n<m:intLim m:val=\"subSup\"\/>\n<m:naryLim m:val=\"undOvr\"\/>\n<\/m:mathPr><\/w:WordDocument>\n<\/xml><![endif]--><\/p>\n\n\n\n<p>El curs 1991-1992 l&#8217;Escola de Natura passa a formar part de la Xarxa de Camps d&#8217;Aprenentatge del Departament d&#8217;Ensenyament i deixa de dependre del Consell Cultural de les Valls d&#8217;\u00c0neu. A partir d&#8217;aquest moment, passa a anomenar-se Camp d&#8217;Aprenentatge de les Valls d&#8217;\u00c0neu.<\/p>\n\n\n\n<h1 class=\"wp-block-heading\">Qui som<\/h1>\n\n\n\n<p>Al Camp d&#8217;Aprenentatge Valls d&#8217;\u00c0neu hi treballem quatre professores del Departament d&#8217;Educaci\u00f3 de la Generalitat de Catalunya (Neus, Estel, Cristina i Marta). La nostra tasca docent amb els alumnes es desenvolupa aproximadament des de les 9h del mat\u00ed fins a les 18h de la tarda.<\/p>\n\n\n\n<p>Les estades que realitzen els centres educatius solen ser de dos, tres, quatre o cinc dies. Les escoles pr\u00f2ximes a la seu del CdA, com les escoles comarcals, tamb\u00e9 realitzen activitats de dia. Les activitats a realitzar i la distribuci\u00f3 d&#8217;aquestes al llarg de l&#8217;estada es planifiquen conjuntament amb els docents dels centres educatius segons els seus interessos curriculars. Cada estada \u00e9s \u00fanica.<\/p>\n\n\n\n<figure class=\"wp-block-image aligncenter\"><a href=\"https:\/\/serveiseducatius.xtec.cat\/cda-vallsdaneu\/el-camp\/presentacio\/attachment\/img_20230915_112205904-copia-2\/\" rel=\"attachment wp-att-11518\"><img loading=\"lazy\" decoding=\"async\" width=\"1958\" height=\"1548\" src=\"https:\/\/serveiseducatius.xtec.cat\/cda-vallsdaneu\/wp-content\/uploads\/usu1375\/2023\/09\/IMG_20230915_112205904-Copia-1.jpg\" alt=\"\" class=\"wp-image-11518\" srcset=\"https:\/\/serveiseducatius.xtec.cat\/cda-vallsdaneu\/wp-content\/uploads\/usu1375\/2023\/09\/IMG_20230915_112205904-Copia-1.jpg 1958w, https:\/\/serveiseducatius.xtec.cat\/cda-vallsdaneu\/wp-content\/uploads\/usu1375\/2023\/09\/IMG_20230915_112205904-Copia-1-300x237.jpg 300w, https:\/\/serveiseducatius.xtec.cat\/cda-vallsdaneu\/wp-content\/uploads\/usu1375\/2023\/09\/IMG_20230915_112205904-Copia-1-1024x810.jpg 1024w, https:\/\/serveiseducatius.xtec.cat\/cda-vallsdaneu\/wp-content\/uploads\/usu1375\/2023\/09\/IMG_20230915_112205904-Copia-1-768x607.jpg 768w, https:\/\/serveiseducatius.xtec.cat\/cda-vallsdaneu\/wp-content\/uploads\/usu1375\/2023\/09\/IMG_20230915_112205904-Copia-1-1536x1214.jpg 1536w\" sizes=\"auto, (max-width: 1958px) 100vw, 1958px\" \/><\/a><\/figure>\n\n\n\n<p><\/p>\n\n\n\n<p class=\"has-text-align-center\">D&#8217;esquerra a dreta: Cristina Cereza, Neus Bardina, Marta Naharro i Estel Forcada<\/p>\n\n\n\n<hr class=\"wp-block-separator has-alpha-channel-opacity\"\/>\n\n\n\n<p><span style=\"color: #808080;\"><span style=\"font-size: small;\"><sup>1 <\/sup><\/span><span style=\"font-size: small;\">Els Camps i Entorns d&#8217;Aprenentatge s\u00f3n serveis educatius del Departament d&#8217;Educaci\u00f3 que ofereixen al professorat i als centres docents la possibilitat de desenvolupar projectes de treball per a l&#8217;estudi i l&#8217;experimentaci\u00f3 en un medi singular de Catalunya; s&#8217;adrecen principalment a alumnes d&#8217;Educaci\u00f3 Prim\u00e0ria, Secund\u00e0ria, Cicles Formatius i Batxillerat. Podeu trobar m\u00e9s informaci\u00f3 a: <a href=\"http:\/\/xtec.gencat.cat\/ca\/serveis\/sesc\/cda\/\" target=\"_blank\" rel=\"noopener\">http:\/\/xtec.gencat.cat\/ca\/serveis\/sesc\/cda\/<\/a><\/span><\/span><\/p>\n","protected":false},"excerpt":{"rendered":"<p>El Camp d\u2019Aprenentatge1 de les Valls d&#8217;\u00c0neu est\u00e0 situat al Pirineu, a la comarca del Pallars Sobir\u00e0, al municipi d&#8217;Esterri [&hellip;]<\/p>\n","protected":false},"author":1,"featured_media":0,"parent":8225,"menu_order":10,"comment_status":"closed","ping_status":"closed","template":"","meta":{"_bbp_topic_count":0,"_bbp_reply_count":0,"_bbp_total_topic_count":0,"_bbp_total_reply_count":0,"_bbp_voice_count":0,"_bbp_anonymous_reply_count":0,"_bbp_topic_count_hidden":0,"_bbp_reply_count_hidden":0,"_bbp_forum_subforum_count":0,"site-sidebar-layout":"default","site-content-layout":"","ast-site-content-layout":"default","site-content-style":"default","site-sidebar-style":"default","ast-global-header-display":"","ast-banner-title-visibility":"","ast-main-header-display":"","ast-hfb-above-header-display":"","ast-hfb-below-header-display":"","ast-hfb-mobile-header-display":"","site-post-title":"","ast-breadcrumbs-content":"","ast-featured-img":"","footer-sml-layout":"","theme-transparent-header-meta":"default","adv-header-id-meta":"","stick-header-meta":"","header-above-stick-meta":"","header-main-stick-meta":"","header-below-stick-meta":"","astra-migrate-meta-layouts":"set","ast-page-background-enabled":"default","ast-page-background-meta":{"desktop":{"background-color":"var(--ast-global-color-4)","background-image":"","background-repeat":"repeat","background-position":"center center","background-size":"auto","background-attachment":"scroll","background-type":"","background-media":"","overlay-type":"","overlay-color":"","overlay-opacity":"","overlay-gradient":""},"tablet":{"background-color":"","background-image":"","background-repeat":"repeat","background-position":"center center","background-size":"auto","background-attachment":"scroll","background-type":"","background-media":"","overlay-type":"","overlay-color":"","overlay-opacity":"","overlay-gradient":""},"mobile":{"background-color":"","background-image":"","background-repeat":"repeat","background-position":"center center","background-size":"auto","background-attachment":"scroll","background-type":"","background-media":"","overlay-type":"","overlay-color":"","overlay-opacity":"","overlay-gradient":""}},"ast-content-background-meta":{"desktop":{"background-color":"var(--ast-global-color-5)","background-image":"","background-repeat":"repeat","background-position":"center center","background-size":"auto","background-attachment":"scroll","background-type":"","background-media":"","overlay-type":"","overlay-color":"","overlay-opacity":"","overlay-gradient":""},"tablet":{"background-color":"var(--ast-global-color-5)","background-image":"","background-repeat":"repeat","background-position":"center center","background-size":"auto","background-attachment":"scroll","background-type":"","background-media":"","overlay-type":"","overlay-color":"","overlay-opacity":"","overlay-gradient":""},"mobile":{"background-color":"var(--ast-global-color-5)","background-image":"","background-repeat":"repeat","background-position":"center center","background-size":"auto","background-attachment":"scroll","background-type":"","background-media":"","overlay-type":"","overlay-color":"","overlay-opacity":"","overlay-gradient":""}},"footnotes":""},"class_list":["post-54","page","type-page","status-publish","hentry"],"post_mailing_queue_ids":[],"_links":{"self":[{"href":"https:\/\/serveiseducatius.xtec.cat\/cda-vallsdaneu\/wp-json\/wp\/v2\/pages\/54","targetHints":{"allow":["GET"]}}],"collection":[{"href":"https:\/\/serveiseducatius.xtec.cat\/cda-vallsdaneu\/wp-json\/wp\/v2\/pages"}],"about":[{"href":"https:\/\/serveiseducatius.xtec.cat\/cda-vallsdaneu\/wp-json\/wp\/v2\/types\/page"}],"author":[{"embeddable":true,"href":"https:\/\/serveiseducatius.xtec.cat\/cda-vallsdaneu\/wp-json\/wp\/v2\/users\/1"}],"replies":[{"embeddable":true,"href":"https:\/\/serveiseducatius.xtec.cat\/cda-vallsdaneu\/wp-json\/wp\/v2\/comments?post=54"}],"version-history":[{"count":6,"href":"https:\/\/serveiseducatius.xtec.cat\/cda-vallsdaneu\/wp-json\/wp\/v2\/pages\/54\/revisions"}],"predecessor-version":[{"id":12445,"href":"https:\/\/serveiseducatius.xtec.cat\/cda-vallsdaneu\/wp-json\/wp\/v2\/pages\/54\/revisions\/12445"}],"up":[{"embeddable":true,"href":"https:\/\/serveiseducatius.xtec.cat\/cda-vallsdaneu\/wp-json\/wp\/v2\/pages\/8225"}],"wp:attachment":[{"href":"https:\/\/serveiseducatius.xtec.cat\/cda-vallsdaneu\/wp-json\/wp\/v2\/media?parent=54"}],"curies":[{"name":"wp","href":"https:\/\/api.w.org\/{rel}","templated":true}]}}