{"id":433,"date":"2013-11-19T17:56:41","date_gmt":"2013-11-19T16:56:41","guid":{"rendered":"http:\/\/blocs.xtec.cat\/cdaaltbergueda\/?page_id=433"},"modified":"2025-03-28T09:38:53","modified_gmt":"2025-03-28T08:38:53","slug":"meteorologia","status":"publish","type":"page","link":"https:\/\/serveiseducatius.xtec.cat\/cda-vallsdaneu\/meteorologia\/","title":{"rendered":"Meteorologia"},"content":{"rendered":"<p><iframe loading=\"lazy\" style=\"border: 0;\" title=\"Predicci\u00f3 general de Catalunya\" src=\"https:\/\/static-m.meteo.cat\/ginys\/mapaPrediccio?language=ca&amp;color=2c3e50&amp;target=_blank\" width=\"565\" height=\"388\" frameborder=\"0\" scrolling=\"no\"><span data-mce-type=\"bookmark\" style=\"display: inline-block; width: 0px; overflow: hidden; line-height: 0;\" class=\"mce_SELRES_start\">\ufeff<\/span><\/iframe><\/p>\n<h4><\/h4>\n<div id=\"page-contents\">\n<div id=\"main-body-container\" class=\"container-fluid sidebar-open\">\n<div id=\"left-panel\">\n<div id=\"scroll-container\" class=\"ps-container ps-theme-default ps-active-y\" style=\"position: relative;\" data-ps-id=\"11e7394e-b2b1-80ba-d08b-293870c8aba7\">\n<div id=\"summary\">\n<div class=\"wl-table\"><\/div>\n<\/div>\n<\/div>\n<\/div>\n<\/div>\n<\/div>\n<h4><\/h4>\n<h4><strong>Desc\u00e0rrega dades Estaci\u00f3 Davis Esterri d&#8217;\u00c0neu<br \/>\n<\/strong><a href=\"https:\/\/drive.google.com\/drive\/folders\/0B2biex8Hag36TzAyOTRLcE1LMmc?usp=sharing\" target=\"_blank\" rel=\"noopener\"><img loading=\"lazy\" decoding=\"async\" class=\"alignnone wp-image-8547\" src=\"http:\/\/serveiseducatius.xtec.cat\/cda-vallsdaneu\/wp-content\/uploads\/usu1375\/2013\/11\/carpeta-meteo-1-300x81.jpg\" alt=\"carpeta meteo\" width=\"263\" height=\"71\" srcset=\"https:\/\/serveiseducatius.xtec.cat\/cda-vallsdaneu\/wp-content\/uploads\/usu1375\/2013\/11\/carpeta-meteo-1-300x81.jpg 300w, https:\/\/serveiseducatius.xtec.cat\/cda-vallsdaneu\/wp-content\/uploads\/usu1375\/2013\/11\/carpeta-meteo-1-768x207.jpg 768w, https:\/\/serveiseducatius.xtec.cat\/cda-vallsdaneu\/wp-content\/uploads\/usu1375\/2013\/11\/carpeta-meteo-1.jpg 800w\" sizes=\"auto, (max-width: 263px) 100vw, 263px\" \/><\/a><\/h4>\n<p>&nbsp;<\/p>\n<hr \/>\n<h4><\/h4>\n<h4><strong>Webcam Meteo Valls d&#8217;\u00c0neu<\/strong><\/h4>\n<h4><span style=\"font-size: 16px; font-weight: normal; color: #000000;\">Recomanem l&#8217;\u00fas de Mozilla Firefox per veure les imatges correctament.<\/span><\/h4>\n<h4><\/h4>\n<h4>&#8211; Pla d&#8217;Esterri d&#8217;\u00c0neu<\/h4>\n<p><a href=\"http:\/\/www.meteovallsdaneu.com\/webcam_esterri.php\" target=\"_blank\" rel=\"noopener\"><img loading=\"lazy\" decoding=\"async\" class=\"alignnone\" src=\"http:\/\/www.meteovallsdaneu.com\/pla_esterri.jpg?nocache=1644238275\" alt=\"\" width=\"483\" height=\"272\" \/><\/a><\/p>\n<h4>&#8211; Carrer major d&#8217;Esterri d&#8217;\u00c0neu<\/h4>\n<p><a href=\"http:\/\/www.meteovallsdaneu.com\/webcam_carrermajor.php\" target=\"_blank\" rel=\"noopener noreferrer\"><img loading=\"lazy\" decoding=\"async\" class=\"http:\/\/83.136.176.101:10013\/mjpg\/video.mjpg alignnone\" src=\"http:\/\/83.136.176.101:10013\/mjpg\/video.mjpg\" alt=\"\" width=\"408\" height=\"229\" \/><\/a><\/p>\n<p><span style=\"font-size: 16px; font-weight: normal; color: #000000;\">Webcams de Meteo Valls d&#8217;\u00c0neu (<a style=\"color: #000000;\" href=\"http:\/\/www.meteovallsdaneu.com\" target=\"_blank\" rel=\"noopener\">http:\/\/www.meteovallsdaneu.com<\/a>). Les imatges s&#8217;actualitzen cada cinc minuts.<\/span><\/p>\n<p>&nbsp;<\/p>\n<hr \/>\n<h4><strong>Webcam Refugi d&#8217;Amitges (Parc Nacional d&#8217;Aig\u00fcestortes i Estany de Sant Maurici)<\/strong><\/h4>\n<p><img loading=\"lazy\" decoding=\"async\" class=\"alignnone\" src=\"https:\/\/app.projecte4estacions.com\/snapshots\/refugiamitges-data.jpg?55\" alt=\"\" width=\"475\" height=\"267\" \/><\/p>\n<p><a href=\"http:\/\/www.amitges.com\/webcam\/\" target=\"_blank\" rel=\"noopener\"><img loading=\"lazy\" decoding=\"async\" class=\"alignnone\" src=\"http:\/\/www.amitges.com\/webcam\/image.jpg?1457958097911\" alt=\"\" width=\"482\" height=\"362\" \/><\/a><\/p>\n<p>Webcams refugi d&#8217;Amitges (Parc Nacional d&#8217;Aig\u00fcestortes i Estany de Sant Maurici) (<a href=\"http:\/\/www.amitges.com\/webcam\/\" target=\"_blank\" rel=\"noopener\">http:\/\/www.amitges.com\/webcam\/<\/a>)<\/p>\n<p>&nbsp;<\/p>\n<p>&nbsp;<\/p>\n<p>&nbsp;<\/p>\n<p>&nbsp;<\/p>\n","protected":false},"excerpt":{"rendered":"<p>\ufeff Desc\u00e0rrega dades Estaci\u00f3 Davis Esterri d&#8217;\u00c0neu &nbsp; Webcam Meteo Valls d&#8217;\u00c0neu Recomanem l&#8217;\u00fas de Mozilla Firefox per veure les [&hellip;]<\/p>\n","protected":false},"author":1,"featured_media":0,"parent":0,"menu_order":3,"comment_status":"closed","ping_status":"closed","template":"","meta":{"_bbp_topic_count":0,"_bbp_reply_count":0,"_bbp_total_topic_count":0,"_bbp_total_reply_count":0,"_bbp_voice_count":0,"_bbp_anonymous_reply_count":0,"_bbp_topic_count_hidden":0,"_bbp_reply_count_hidden":0,"_bbp_forum_subforum_count":0,"site-sidebar-layout":"default","site-content-layout":"","ast-site-content-layout":"default","site-content-style":"default","site-sidebar-style":"default","ast-global-header-display":"","ast-banner-title-visibility":"","ast-main-header-display":"","ast-hfb-above-header-display":"","ast-hfb-below-header-display":"","ast-hfb-mobile-header-display":"","site-post-title":"","ast-breadcrumbs-content":"","ast-featured-img":"","footer-sml-layout":"","theme-transparent-header-meta":"default","adv-header-id-meta":"","stick-header-meta":"","header-above-stick-meta":"","header-main-stick-meta":"","header-below-stick-meta":"","astra-migrate-meta-layouts":"set","ast-page-background-enabled":"default","ast-page-background-meta":{"desktop":{"background-color":"var(--ast-global-color-4)","background-image":"","background-repeat":"repeat","background-position":"center center","background-size":"auto","background-attachment":"scroll","background-type":"","background-media":"","overlay-type":"","overlay-color":"","overlay-opacity":"","overlay-gradient":""},"tablet":{"background-color":"","background-image":"","background-repeat":"repeat","background-position":"center center","background-size":"auto","background-attachment":"scroll","background-type":"","background-media":"","overlay-type":"","overlay-color":"","overlay-opacity":"","overlay-gradient":""},"mobile":{"background-color":"","background-image":"","background-repeat":"repeat","background-position":"center center","background-size":"auto","background-attachment":"scroll","background-type":"","background-media":"","overlay-type":"","overlay-color":"","overlay-opacity":"","overlay-gradient":""}},"ast-content-background-meta":{"desktop":{"background-color":"var(--ast-global-color-5)","background-image":"","background-repeat":"repeat","background-position":"center center","background-size":"auto","background-attachment":"scroll","background-type":"","background-media":"","overlay-type":"","overlay-color":"","overlay-opacity":"","overlay-gradient":""},"tablet":{"background-color":"var(--ast-global-color-5)","background-image":"","background-repeat":"repeat","background-position":"center center","background-size":"auto","background-attachment":"scroll","background-type":"","background-media":"","overlay-type":"","overlay-color":"","overlay-opacity":"","overlay-gradient":""},"mobile":{"background-color":"var(--ast-global-color-5)","background-image":"","background-repeat":"repeat","background-position":"center center","background-size":"auto","background-attachment":"scroll","background-type":"","background-media":"","overlay-type":"","overlay-color":"","overlay-opacity":"","overlay-gradient":""}},"footnotes":""},"class_list":["post-433","page","type-page","status-publish","hentry"],"post_mailing_queue_ids":[],"_links":{"self":[{"href":"https:\/\/serveiseducatius.xtec.cat\/cda-vallsdaneu\/wp-json\/wp\/v2\/pages\/433","targetHints":{"allow":["GET"]}}],"collection":[{"href":"https:\/\/serveiseducatius.xtec.cat\/cda-vallsdaneu\/wp-json\/wp\/v2\/pages"}],"about":[{"href":"https:\/\/serveiseducatius.xtec.cat\/cda-vallsdaneu\/wp-json\/wp\/v2\/types\/page"}],"author":[{"embeddable":true,"href":"https:\/\/serveiseducatius.xtec.cat\/cda-vallsdaneu\/wp-json\/wp\/v2\/users\/1"}],"replies":[{"embeddable":true,"href":"https:\/\/serveiseducatius.xtec.cat\/cda-vallsdaneu\/wp-json\/wp\/v2\/comments?post=433"}],"version-history":[{"count":6,"href":"https:\/\/serveiseducatius.xtec.cat\/cda-vallsdaneu\/wp-json\/wp\/v2\/pages\/433\/revisions"}],"predecessor-version":[{"id":11928,"href":"https:\/\/serveiseducatius.xtec.cat\/cda-vallsdaneu\/wp-json\/wp\/v2\/pages\/433\/revisions\/11928"}],"wp:attachment":[{"href":"https:\/\/serveiseducatius.xtec.cat\/cda-vallsdaneu\/wp-json\/wp\/v2\/media?parent=433"}],"curies":[{"name":"wp","href":"https:\/\/api.w.org\/{rel}","templated":true}]}}