{"id":1696,"date":"2014-07-10T09:46:25","date_gmt":"2014-07-10T09:46:25","guid":{"rendered":"http:\/\/blocs.xtec.cat\/cdavallsdaneu\/?page_id=1696"},"modified":"2025-03-27T14:01:53","modified_gmt":"2025-03-27T13:01:53","slug":"nivologia-coneixement-del-mantell-nival","status":"publish","type":"page","link":"https:\/\/serveiseducatius.xtec.cat\/cda-vallsdaneu\/ambits\/ambit-natural\/nivologia-coneixement-del-mantell-nival\/","title":{"rendered":"Nivologia, coneixement del perfil del mantell nival"},"content":{"rendered":"<div id=\"27463\" style=\"width: 600px; height: 400px; display: none;\"><img decoding=\"async\" src=\"https:\/\/lh3.googleusercontent.com\/LBz13WYg8ED0RjS25phD5P57aUWvTuZ8M-1mcJep_2kgs-Iyy_L1svtWcKwpaZXSdeQ9Z9L8aRgKm3eKklTe3wCEuQhCyORcUQv8UWngQ6p1ni6SyLO--wLCz4eo4PQZcXnlUnCUqUvuJ_gT3_vxOOOzNLk8ZZNBFYQt-q4mGc1KFrfdyxMuGEedf5qBxDhUzrDItxg7EN2UA6IKh8dxU6v8MojC1hiQe9rv_RLLNk8S2VrQOaPce23h2DGwj-QoffOMv8EmKf2BzvhskGEfPOZ66aVTteztRqUiRMAZ5wXbv87hi6NStf5rDkNZ-jZf_kBFUpzCSlyi7sNmxeentR-X4QLR1Uf31SIP7b6BeEiPH2qBzLOugJFIQXc8owVSX0kwLKu7rebK4fNNNKtfZ_awAYcCV0_nYUZDgDJElZvWghLPv9FQxo3wLaM_yPkSelm4WQ2bgui1UkArJ4Tn4XVP6ko3AiP5G7O69cX6Rzc5KOUxqe0-DszQ0wofCi8hekS-R6c3-Ljo0BX_KX_dTWCaZ-BaQuo6DOFN0TulvIGbv2mK2H25yGX4W7C0T0OEwfZw71tKo6VhRlwEuI271Y4zjovF7Fjm5-d4eROPU2TDkvX8NWOz=w800-h600-no\" \/><br \/>\n<img decoding=\"async\" src=\"https:\/\/lh3.googleusercontent.com\/Qp1uPIA0-kRplYJo2XTVJDKKcsu7g0xrxIyFKwsiVzH49szFPTrsC8WkRZxDo9Sk_lWJf6uBCK5hYoet4_UVfkGd7GJIr5IfQ0EWoPsnfzHxIxmiPZo8O1ji3mi3CnnWszi9p3XFqOZBAbvXJQQHG4kOC5N48QiShdepNJS2sCemnOYw72HOCns3PZ76JYSb9O-3S592PPaEXB2Eh980Lw32wLMo6tgWPmtzZlXFT9Jz5Gu2IpemLWhQdHhfumS-Qr7hvGLWdRt0PDHRSNtgJj8qHMUm3EHNMYCPQX5IjxHDJAkD1rNoTlSUJ0cMzrRqM-ONc3l60dA44w4IDob9f_jsnAntkHar4iHyHOnx1puiPMzp6loI_gMDHIu7a8aTmXeLt5qNgZnyplzloKzJCJy59lQfyV7FRr7CZujAOIM3H_p2lm3N2HbziyLwaZzq8tskjQiO558e_fNpyqlYRydJwGZbJAyLCpzHi-zTRUqRiCbtm7RsQOo5BjWd1leHr073EQdZurMRA9Jj4U0L5Tu9OuMrRIfv7XGnOd3elYAcTipwuCFjstD_q2GJeNFDNs_3aXwIYwxJ7f2k6_j7QmA0qFN5-6fBhG9bKeUHJcka_BP_hm2Y=w800-h600-no\" \/><br \/>\n<img decoding=\"async\" src=\"https:\/\/lh3.googleusercontent.com\/2UIOnRkvyt2Bq_3O6vlydRp9BsQV9fSwBTDhYBlLpPa2PqQX1iuL9pIfK9v5PzzMixVDdMfeiYFN3-wydfHrmhu3jC10rmBrYAkuMqZWgkKYiMPvpaIin-8SxEPilOp878gQFMLJZ9CSUnvXzaOI4YG0DyhKNH1EIM7zOaOBWI6OaReY-9fN89nNdXYKxIYNpum-YegnhDQkFicV0qqtV483zYSIkGtyQ9qdgK7M0avn_kOdP2qIsn5ojEUtxLhOmVy0T_SO2QvtwxJErAB7-gy3ucqzkDo5LlLZVqZwn7Szdbex-JhAFjworD1uElmBz62Xr56tY9BIZJ26ZO9wB8Nxk3_jpN8bw3YjcdCI-s3T1ZTIeZSVJ36HfM9gyWTlTXSWKEQ7h2a0S12whw59ZulzhWi8JHJQoSKLQde3N1JAA3GNpLAzatVMjRXDW9nA-fYKgeQBtvU4Ge3e6Ycv-jfGJ4989yZH2cEpkNN-aBf_uJly3ErIdPpS7stz8tAAGXcTMCjqGVrQH-MEpyogDckvyC0QshJR6cWnr9hti653Eqile0SVWLckYBaAapefgybZAVROkoYTHY_P0X2LM7vY5ZaPXzxVzRlStLowbuDWBDa29V91=w800-h600-no\" \/><br \/>\n<img decoding=\"async\" src=\"https:\/\/lh3.googleusercontent.com\/O5iwNxI4MPmlqdSDSYUe0UAn2tcFEuXbHoqeo5zkNUQ7WvW4Rd1lY43eq5QnD2t2gG21j97TsZGIe8dafJ9RlQWRFv6wcrsw4asOwzk93JnM7aHXDF_sWo0zJfTuRxd2uj-JTOcc4xMIIJ2heniCtk08T8A71vhVTP4sEICooEPdgAPtNH6oeBbbsyU2cB9rtMyf8H6b-kl9SB17acNduuXeRiXyq1bJESSbsj0ur4bYKiS95Tktw8-LgPUOLXFBybjVZidWXo1Qt8J9tTNUyd3qIlphyhWhxTyddghPK7ivgo2OoRwB1LXLU54qbjk-arTwixq5gqB6XZW2xIor3ZZsXEK2r3g0NUW28juNkFzriPi4th5rETBMHiztMjSk15I-EWCwTslbwydBhF5E8-PyvUOJacJ7MP_T-XsaMM_xclo1Kti095bhia_Kq6kb41IHl4tShUNmzn-xYy0f9wokXifJKk8yF6I64ygAHayWgmWcpuD-AOxDsOYbtpqvnvfefLRotBNUFKU3BHBO3iF-Y-cffyazqQHDuZjQ_0za-nwmov6JFIWOg66Sx-lGGz7knHRuMusbxkMj6FkWkVzbtyxBhhb_khkAHjPiFJ0A7-RLahE6=w800-h600-no\" \/><\/div>\n\r\n\t<div class=\"slideshow_container slideshow_container_style-light\" style=\" \" data-slideshow-id=\"11123\" data-style-name=\"style-light\" data-style-version=\"2.3.1\" >\r\n\r\n\t\t\t\t\t<div class=\"slideshow_loading_icon\"><\/div>\r\n\t\t\r\n\t\t<div class=\"slideshow_content\" style=\"display: none;\">\r\n\r\n\t\t\t<div class=\"slideshow_view\">\r\n\t\t\t\t<div class=\"slideshow_slide slideshow_slide_image\">\r\n\t\t\t\t\t\t\t\t\t\t\t<img src=\"https:\/\/serveiseducatius.xtec.cat\/cda-vallsdaneu\/wp-content\/uploads\/usu1375\/2025\/03\/IMG_20250310_122921616-1-scaled.jpg\" alt=\"IMG_20250310_122921616 (1)\" width=\"2560\" height=\"1920\" \/>\r\n\t\t\t\t\t\t\t\t\t\t<div class=\"slideshow_description_box slideshow_transparent\">\r\n\t\t\t\t\t\t<div class=\"slideshow_title\">IMG_20250310_122921616 (1)<\/div>\t\t\t\t\t\t\t\t\t\t\t<\/div>\r\n\t\t\t\t<\/div>\r\n\r\n\t\t\t\t\t\t\r\n\t\t\t\t<div class=\"slideshow_slide slideshow_slide_image\">\r\n\t\t\t\t\t\t\t\t\t\t\t<img src=\"https:\/\/serveiseducatius.xtec.cat\/cda-vallsdaneu\/wp-content\/uploads\/usu1375\/2025\/03\/IMG_20250310_123950098-scaled.jpg\" alt=\"IMG_20250310_123950098\" width=\"2560\" height=\"1920\" \/>\r\n\t\t\t\t\t\t\t\t\t\t<div class=\"slideshow_description_box slideshow_transparent\">\r\n\t\t\t\t\t\t<div class=\"slideshow_title\">IMG_20250310_123950098<\/div>\t\t\t\t\t\t\t\t\t\t\t<\/div>\r\n\t\t\t\t<\/div>\r\n\r\n\t\t\t\t\t\t<div style=\"clear: both;\"><\/div><\/div><div class=\"slideshow_view\">\r\n\t\t\t\t<div class=\"slideshow_slide slideshow_slide_image\">\r\n\t\t\t\t\t\t\t\t\t\t\t<img src=\"https:\/\/serveiseducatius.xtec.cat\/cda-vallsdaneu\/wp-content\/uploads\/usu1375\/2025\/03\/WhatsApp-Image-2025-03-11-at-09.22.45.jpeg\" alt=\"WhatsApp Image 2025-03-11 at 09.22.45\" width=\"2000\" height=\"1500\" \/>\r\n\t\t\t\t\t\t\t\t\t\t<div class=\"slideshow_description_box slideshow_transparent\">\r\n\t\t\t\t\t\t<div class=\"slideshow_title\">WhatsApp Image 2025-03-11 at 09.22.45<\/div>\t\t\t\t\t\t\t\t\t\t\t<\/div>\r\n\t\t\t\t<\/div>\r\n\r\n\t\t\t\t\t\t\r\n\t\t\t\t<div class=\"slideshow_slide slideshow_slide_image\">\r\n\t\t\t\t\t\t\t\t\t\t\t<img src=\"https:\/\/serveiseducatius.xtec.cat\/cda-vallsdaneu\/wp-content\/uploads\/usu1375\/2025\/03\/WhatsApp-Image-2025-03-11-at-09.22.32.jpeg\" alt=\"WhatsApp Image 2025-03-11 at 09.22.32\" width=\"1500\" height=\"2000\" \/>\r\n\t\t\t\t\t\t\t\t\t\t<div class=\"slideshow_description_box slideshow_transparent\">\r\n\t\t\t\t\t\t<div class=\"slideshow_title\">WhatsApp Image 2025-03-11 at 09.22.32<\/div>\t\t\t\t\t\t\t\t\t\t\t<\/div>\r\n\t\t\t\t<\/div>\r\n\r\n\t\t\t\t\t\t<div style=\"clear: both;\"><\/div><\/div><div class=\"slideshow_view\">\r\n\t\t\t\t<div class=\"slideshow_slide slideshow_slide_image\">\r\n\t\t\t\t\t\t\t\t\t\t\t<img src=\"https:\/\/serveiseducatius.xtec.cat\/cda-vallsdaneu\/wp-content\/uploads\/usu1375\/2025\/03\/WhatsApp-Image-2025-03-11-at-09.22.30.jpeg\" alt=\"WhatsApp Image 2025-03-11 at 09.22.30\" width=\"2000\" height=\"1500\" \/>\r\n\t\t\t\t\t\t\t\t\t\t<div class=\"slideshow_description_box slideshow_transparent\">\r\n\t\t\t\t\t\t<div class=\"slideshow_title\">WhatsApp Image 2025-03-11 at 09.22.30<\/div>\t\t\t\t\t\t\t\t\t\t\t<\/div>\r\n\t\t\t\t<\/div>\r\n\r\n\t\t\t\t\t\t\r\n\t\t\t\t<div class=\"slideshow_slide slideshow_slide_image\">\r\n\t\t\t\t\t\t\t\t\t\t\t<img src=\"https:\/\/serveiseducatius.xtec.cat\/cda-vallsdaneu\/wp-content\/uploads\/usu1375\/2025\/03\/WhatsApp-Image-2025-03-11-at-09.22.28-3.jpeg\" alt=\"WhatsApp Image 2025-03-11 at 09.22.28 (3)\" width=\"1600\" height=\"1200\" \/>\r\n\t\t\t\t\t\t\t\t\t\t<div class=\"slideshow_description_box slideshow_transparent\">\r\n\t\t\t\t\t\t<div class=\"slideshow_title\">WhatsApp Image 2025-03-11 at 09.22.28 (3)<\/div>\t\t\t\t\t\t\t\t\t\t\t<\/div>\r\n\t\t\t\t<\/div>\r\n\r\n\t\t\t\t\t\t<div style=\"clear: both;\"><\/div><\/div>\r\n\t\t<\/div>\r\n\r\n\t\t<div class=\"slideshow_controlPanel slideshow_transparent\" style=\"display: none;\"><ul><li class=\"slideshow_togglePlay\" data-play-text=\"Visualitza\" data-pause-text=\"Pausa\"><\/li><\/ul><\/div>\r\n\r\n\t\t<div class=\"slideshow_button slideshow_previous slideshow_transparent\" role=\"button\" data-previous-text=\"Anterior\" style=\"display: none;\"><\/div>\r\n\t\t<div class=\"slideshow_button slideshow_next slideshow_transparent\" role=\"button\" data-next-text=\"Seg\u00fcent\" style=\"display: none;\"><\/div>\r\n\r\n\t\t<div class=\"slideshow_pagination\" style=\"display: none;\" data-go-to-text=\"V\u00e9s a la diapositiva\"><div class=\"slideshow_pagination_center\"><\/div><\/div>\r\n\r\n\t\t<!-- WordPress Slideshow Version 2.3.1 -->\r\n\r\n\t\t\t<\/div>\r\n\r\n\n<p style=\"text-align: justify;\">Activitat de descoberta de la neu, la seva diversitat i import\u00e0ncia. Aquesta activitat es pot realitzar durant l\u2019hivern en condicions de molta neu en cas de pujar al Parc Nacional d\u2019Aig\u00fcestortes i Estany de Sant Maurici o proper a la seu del camp en cas que es donin les condicions de neu per dur-la a terme. L\u2019activitat pret\u00e9n conscienciar als alumnes de la import\u00e0ncia del coneixement de la neu i el seu estat en relaci\u00f3 amb la seguretat a la muntanya. D\u2019altra banda, al realitzar un perfil de neu es pret\u00e9n que l\u2019alumne conegui la t\u00e8cnica i ho relacioni amb la dificultat de realitzar un perfil geol\u00f2gic.<\/p>\n<p style=\"text-align: justify;\"><strong>Material necessari:\u00a0<\/strong>fitxa de recollida de dades, plaqueta d\u2019identificaci\u00f3 de cristalls de neu, pala, term\u00f2metre, cinta m\u00e8trica, llapis, lupa i pals.<br \/>\n<strong>Durada:<\/strong> <em>1a sessi\u00f3 d&#8217;aula:<\/em> 1h 30&#8242; + <em>2a sessi\u00f3:<\/em> Sortida de camp de dia sencer.<br \/>\n<strong>CURSOS:<\/strong> CS de Prim\u00e0ria, ESO i BAT<\/p>\n<p><a href=\"https:\/\/drive.google.com\/file\/d\/109TYntXQ-Cxx4eNaXzO-1rShTRxM7FSR\/view?usp=sharing\">\u00a0 <\/a><a href=\"https:\/\/drive.google.com\/file\/d\/109TYntXQ-Cxx4eNaXzO-1rShTRxM7FSR\/view?usp=sharing\" target=\"_blank\" rel=\"noopener\"><img loading=\"lazy\" decoding=\"async\" class=\"alignnone wp-image-8681 size-thumbnail\" src=\"https:\/\/serveiseducatius.xtec.cat\/cda-vallsdaneu\/wp-content\/uploads\/usu1375\/2014\/04\/fitxa-activitat-150x150.png\" alt=\"fitxa activitat\" width=\"150\" height=\"150\" srcset=\"https:\/\/serveiseducatius.xtec.cat\/cda-vallsdaneu\/wp-content\/uploads\/usu1375\/2014\/04\/fitxa-activitat-150x150.png 150w, https:\/\/serveiseducatius.xtec.cat\/cda-vallsdaneu\/wp-content\/uploads\/usu1375\/2014\/04\/fitxa-activitat.png 225w\" sizes=\"auto, (max-width: 150px) 100vw, 150px\" \/><\/a><a href=\"https:\/\/drive.google.com\/file\/d\/1cDApKmy6Rv4Nhj8CJBW8CIBIxQEA1NTK\/view?usp=sharing\" target=\"_blank\" rel=\"noopener\"><img loading=\"lazy\" decoding=\"async\" class=\"alignnone wp-image-10894\" src=\"https:\/\/serveiseducatius.xtec.cat\/cda-vallsdaneu\/wp-content\/uploads\/usu1375\/2021\/11\/Icona-Nodes-dossier-Primaria.png\" alt=\"\" width=\"145\" height=\"144\" srcset=\"https:\/\/serveiseducatius.xtec.cat\/cda-vallsdaneu\/wp-content\/uploads\/usu1375\/2021\/11\/Icona-Nodes-dossier-Primaria.png 225w, https:\/\/serveiseducatius.xtec.cat\/cda-vallsdaneu\/wp-content\/uploads\/usu1375\/2021\/11\/Icona-Nodes-dossier-Primaria-150x150.png 150w\" sizes=\"auto, (max-width: 145px) 100vw, 145px\" \/><\/a><\/p>\n<p><span style=\"border-radius: 2px; text-indent: 20px; width: auto; padding: 0px 4px 0px 0px; text-align: center; font: bold 11px\/20px 'Helvetica Neue',Helvetica,sans-serif; color: #ffffff; background: #bd081c no-repeat scroll 3px 50% \/ 14px 14px; position: absolute; opacity: 1; z-index: 8675309; display: none; cursor: pointer;\">Save<\/span><\/p>\n","protected":false},"excerpt":{"rendered":"<p>Activitat de descoberta de la neu, la seva diversitat i import\u00e0ncia. Aquesta activitat es pot realitzar durant l\u2019hivern en condicions [&hellip;]<\/p>\n","protected":false},"author":1,"featured_media":0,"parent":8395,"menu_order":7,"comment_status":"closed","ping_status":"closed","template":"","meta":{"_bbp_topic_count":0,"_bbp_reply_count":0,"_bbp_total_topic_count":0,"_bbp_total_reply_count":0,"_bbp_voice_count":0,"_bbp_anonymous_reply_count":0,"_bbp_topic_count_hidden":0,"_bbp_reply_count_hidden":0,"_bbp_forum_subforum_count":0,"site-sidebar-layout":"default","site-content-layout":"","ast-site-content-layout":"default","site-content-style":"default","site-sidebar-style":"default","ast-global-header-display":"","ast-banner-title-visibility":"","ast-main-header-display":"","ast-hfb-above-header-display":"","ast-hfb-below-header-display":"","ast-hfb-mobile-header-display":"","site-post-title":"","ast-breadcrumbs-content":"","ast-featured-img":"","footer-sml-layout":"","theme-transparent-header-meta":"default","adv-header-id-meta":"","stick-header-meta":"","header-above-stick-meta":"","header-main-stick-meta":"","header-below-stick-meta":"","astra-migrate-meta-layouts":"set","ast-page-background-enabled":"default","ast-page-background-meta":{"desktop":{"background-color":"var(--ast-global-color-4)","background-image":"","background-repeat":"repeat","background-position":"center center","background-size":"auto","background-attachment":"scroll","background-type":"","background-media":"","overlay-type":"","overlay-color":"","overlay-opacity":"","overlay-gradient":""},"tablet":{"background-color":"","background-image":"","background-repeat":"repeat","background-position":"center center","background-size":"auto","background-attachment":"scroll","background-type":"","background-media":"","overlay-type":"","overlay-color":"","overlay-opacity":"","overlay-gradient":""},"mobile":{"background-color":"","background-image":"","background-repeat":"repeat","background-position":"center center","background-size":"auto","background-attachment":"scroll","background-type":"","background-media":"","overlay-type":"","overlay-color":"","overlay-opacity":"","overlay-gradient":""}},"ast-content-background-meta":{"desktop":{"background-color":"var(--ast-global-color-5)","background-image":"","background-repeat":"repeat","background-position":"center center","background-size":"auto","background-attachment":"scroll","background-type":"","background-media":"","overlay-type":"","overlay-color":"","overlay-opacity":"","overlay-gradient":""},"tablet":{"background-color":"var(--ast-global-color-5)","background-image":"","background-repeat":"repeat","background-position":"center center","background-size":"auto","background-attachment":"scroll","background-type":"","background-media":"","overlay-type":"","overlay-color":"","overlay-opacity":"","overlay-gradient":""},"mobile":{"background-color":"var(--ast-global-color-5)","background-image":"","background-repeat":"repeat","background-position":"center center","background-size":"auto","background-attachment":"scroll","background-type":"","background-media":"","overlay-type":"","overlay-color":"","overlay-opacity":"","overlay-gradient":""}},"footnotes":""},"class_list":["post-1696","page","type-page","status-publish","hentry"],"post_mailing_queue_ids":[],"_links":{"self":[{"href":"https:\/\/serveiseducatius.xtec.cat\/cda-vallsdaneu\/wp-json\/wp\/v2\/pages\/1696","targetHints":{"allow":["GET"]}}],"collection":[{"href":"https:\/\/serveiseducatius.xtec.cat\/cda-vallsdaneu\/wp-json\/wp\/v2\/pages"}],"about":[{"href":"https:\/\/serveiseducatius.xtec.cat\/cda-vallsdaneu\/wp-json\/wp\/v2\/types\/page"}],"author":[{"embeddable":true,"href":"https:\/\/serveiseducatius.xtec.cat\/cda-vallsdaneu\/wp-json\/wp\/v2\/users\/1"}],"replies":[{"embeddable":true,"href":"https:\/\/serveiseducatius.xtec.cat\/cda-vallsdaneu\/wp-json\/wp\/v2\/comments?post=1696"}],"version-history":[{"count":5,"href":"https:\/\/serveiseducatius.xtec.cat\/cda-vallsdaneu\/wp-json\/wp\/v2\/pages\/1696\/revisions"}],"predecessor-version":[{"id":11910,"href":"https:\/\/serveiseducatius.xtec.cat\/cda-vallsdaneu\/wp-json\/wp\/v2\/pages\/1696\/revisions\/11910"}],"up":[{"embeddable":true,"href":"https:\/\/serveiseducatius.xtec.cat\/cda-vallsdaneu\/wp-json\/wp\/v2\/pages\/8395"}],"wp:attachment":[{"href":"https:\/\/serveiseducatius.xtec.cat\/cda-vallsdaneu\/wp-json\/wp\/v2\/media?parent=1696"}],"curies":[{"name":"wp","href":"https:\/\/api.w.org\/{rel}","templated":true}]}}