{"id":1640,"date":"2014-07-07T09:31:21","date_gmt":"2014-07-07T09:31:21","guid":{"rendered":"http:\/\/blocs.xtec.cat\/cdavallsdaneu\/?page_id=1640"},"modified":"2025-03-28T10:07:54","modified_gmt":"2025-03-28T09:07:54","slug":"jocs-tradicionals","status":"publish","type":"page","link":"https:\/\/serveiseducatius.xtec.cat\/cda-vallsdaneu\/ambits\/ambit-social\/jocs-tradicionals\/","title":{"rendered":"Jocs tradicionals"},"content":{"rendered":"<div id=\"17447\" style=\"width: 600px; height: 400px; display: none;\"><img decoding=\"async\" src=\"https:\/\/lh3.googleusercontent.com\/7WIxP7_HA3YnWZ6s4DkpsMpK8qKG10QyAvBHaZ2kWD8mPVnMRCHpzSGUjUmrL80hKIa3AteiCiqBvl4sknahs_72cZB_auxfrsMfXtMBgVKxe4ON2ma2-XDVbbeyIydRMaPTUiiQFdJE1aAO4Yl5_Z90RbeMh2NgvWmZ5fcEunrgB7l-HzlpxhQiw4lKeQ4Ptafhtt3-_zyZ6oWYF9fk8nTRXTCwpn4TACncz5Y5D-z2IXyJc_xV25s5yaO76QtCuU6KZa93QY_jNM0QxSNkKET3nbPhl-5Nqe1f1KPUr3_RqoVezqmXRLKHedwfWKYEPH8I73gpSAgxqU7U9DIS7yzbuM6rscW-NtFm3w6SH2AlK706IUEgwLp12dT7hgRiBxjwnYGeBNbJbLNDN7csNgaK0MDhnukd627W00WFvyBor2iZPqcEfK34apLpIk4ttwYj2KFGjk6RlUhHN623R25JQK95fw97V0SVqEngP3dENEuMgr7ITeXxt1Wop8UPphoEpdJrmCuyIL7nbnXrVaX6Ez-ff67K8BAWKAK_H_bqSWb77ISmaZPh6KkSixvMgTDxs8_O5JtCQKz2sbOtqjvP5yL-lj0ZJBhjdmptm_OVjnc2zVT4=w800-h600-no\" \/><br \/>\n<img decoding=\"async\" src=\"https:\/\/lh3.googleusercontent.com\/tX3cPihlQh3zYxBxEY11riRgUx7BzQ2LvRHoiv9vGFTkAo8Td0b1s9ELDAb_flkp0FLDG1WeniKuaz2h6JUD6U0CoPi4hoI5Lwioi2YgLv9glcGBKAdf9Fib0dywT1iWoWp-uPsj_7qYlMZPDMUSFyRy7mSUDYLfw207teMEZ-4EUi37_1SOA2wHY2cRD0pTxhr_FOXm3eGXFh3wmaWT_vY0RHqAKwka3b1w5r-FB1GlSNfsFvNCTyftKkHDoxzNqHAWy_mwttb-sXNJWrM9mlfazeO0CzewW_bnjYkB_fOcAoVBgnVRlUnE0pXQ1ntx5lC8Ja_a78LYV5gta1xNsgORweiXLPruRSL9ltGott_s1RPWlZGrJbFVcoISvVRo373xCd8wOf0ZgPAYzR2aSsPF3i_OsJBPhEhuQXacP6X72lsXJwLD6aRrrUREo7cNfLFRgUhYxreyqfSjcyfqWhN8rOsMGjA56UNJ1oyYfllDz7NbXX7dhohoYOYAf8rkRWcD0X3oV0Ty2YVhodD0InslwQcIb--Xv4u4VPrdHv9gJJCorr9GE4SOktD66Dv65V-LwSEB5OCNMYG0PxTSWexLxg52_1uP2zI9oUy83cq2meDQNAxC=w800-h600-no\" \/><br \/>\n<img decoding=\"async\" src=\"https:\/\/lh3.googleusercontent.com\/yMhtjMLg7nV8bCy0e8KUu7z2yi7mmVDSrxkyt3QEhCkoDqMMTjJ1XTPFnmnxsbGsAjLqDNdS8CSuVj_x8yI5D-0f9elAxnq741-KRZ_GQ5GsvDWsOm5d49HpDzo96r3vHCBk7PG8pU0MhkbJH3KWfsGrtrwLa_HTiJriVzN33v-72-slgzakTlruV9cdsf-34Q0Ma4O0zaMZFqbmFjKdRQ01j3XOBjDBIu1--YbUE2V4EEB3zsVJrYPnK22NGt6gcg5pA28BpJqggunPJTvXfrZ6NHwj0R4qu6bu4R2vVVROTFemh47D103M6WQ_IR5EMDrqDMVVOzqhydQSBMxqQ3hCBaNnX6WGFHNA-EHdy1DDRPcIVBplmTueeGFzkfHbCKeOrAlUQK6Zz3X7rVeFbzDsq4QvmM2KyYABOKs9C4gSpT_XOuRqw_DoKRfU3UcHarcH-Y2vR6l-I0vyEx9Z5OJVNaRSayAY5xoq-1gd2gtOriXRPAVm-7HMv3iiJbK04hmBBmStmv99UcV9Kdv5K3oi7CEl4SxtBzQWNHYg_PcSzdMXFEUOUu3JC_zz-bwwbDReukykA-rWz971Vv44lvQJvuc1nT2EX9YeOfshg-s46DjWyDfC=w800-h600-no\" \/><br \/>\n<img decoding=\"async\" src=\"https:\/\/lh3.googleusercontent.com\/saBZeVjKRJYy3tGSqes929-OPnqnvqK1OtqmMtFsB1xSymJX8HJTTMt_k3ZjqovijsXKHXb6wVxdS4a89b1JKB6bM2_4NPkAly91GNim8KsxUCJdCI1Yzpw-kDfdNbQAXpZRkozhsBTpFjeAI6MOMaMaSbXu8YLehGw039nOTDadI__dDeNDS88UIAG5meMiWrrMhwq1jhepc-vbkGn2l8mvDNRbvbXF3amCKGBcL6LW4yZJcZ7O6LkeTrpFuAXIcHBSuTR_8OSnh0pyM5s07ssp94ED0a_u0MvHJ5ML3mC99Q2hvlc8ttPqulCDCRPwscR_alCHbtiNNUtBG-90yOJ5Rw_C2F1LSdponk_0md2S3GcrQ66WmIkTuzKhSvCh6XKi0Rvo5skDFy6j9JpUiai-dbRh3zkyoWL_HqqeMGoz-MYHwx9z5edI-KsVnEtEAOKVuXmiQrH_JfvXcKUsj7IG2P3yDcwaDex7j6n5vVQc4XqoEKsOeq7rbCRNTRhOs87VMdt6D5gM8kkHJPJBIo8LLjT0L_Jd-as1_57jxbCVPv29cUlKRbqmpdzO67Yq-RCM3MWCQwW3k4zh6DdkFLEzC3NmUHap_cXjQ4aQPjmZHhiQTmeq=w800-h600-no\" \/><\/div>\n\r\n\t<div class=\"slideshow_container slideshow_container_style-light\" style=\" \" data-slideshow-id=\"11145\" data-style-name=\"style-light\" data-style-version=\"2.3.1\" >\r\n\r\n\t\t\t\t\t<div class=\"slideshow_loading_icon\"><\/div>\r\n\t\t\r\n\t\t<div class=\"slideshow_content\" style=\"display: none;\">\r\n\r\n\t\t\t<div class=\"slideshow_view\">\r\n\t\t\t\t<div class=\"slideshow_slide slideshow_slide_image\">\r\n\t\t\t\t\t\t\t\t\t\t\t<img src=\"https:\/\/serveiseducatius.xtec.cat\/cda-vallsdaneu\/wp-content\/uploads\/usu1375\/2025\/03\/IMG_20231031_101607-scaled.jpg\" alt=\"IMG_20231031_101607\" width=\"2560\" height=\"1920\" \/>\r\n\t\t\t\t\t\t\t\t\t\t<div class=\"slideshow_description_box slideshow_transparent\">\r\n\t\t\t\t\t\t<div class=\"slideshow_title\">IMG_20231031_101607<\/div>\t\t\t\t\t\t\t\t\t\t\t<\/div>\r\n\t\t\t\t<\/div>\r\n\r\n\t\t\t\t\t\t\r\n\t\t\t\t<div class=\"slideshow_slide slideshow_slide_image\">\r\n\t\t\t\t\t\t\t\t\t\t\t<img src=\"https:\/\/serveiseducatius.xtec.cat\/cda-vallsdaneu\/wp-content\/uploads\/usu1375\/2025\/03\/WhatsApp-Image-2025-01-28-at-16.22.22-2-1.jpeg\" alt=\"WhatsApp Image 2025-01-28 at 16.22.22 (2)\" width=\"1600\" height=\"1263\" \/>\r\n\t\t\t\t\t\t\t\t\t\t<div class=\"slideshow_description_box slideshow_transparent\">\r\n\t\t\t\t\t\t<div class=\"slideshow_title\">WhatsApp Image 2025-01-28 at 16.22.22 (2)<\/div>\t\t\t\t\t\t\t\t\t\t\t<\/div>\r\n\t\t\t\t<\/div>\r\n\r\n\t\t\t\t\t\t<div style=\"clear: both;\"><\/div><\/div><div class=\"slideshow_view\">\r\n\t\t\t\t<div class=\"slideshow_slide slideshow_slide_image\">\r\n\t\t\t\t\t\t\t\t\t\t\t<img src=\"https:\/\/serveiseducatius.xtec.cat\/cda-vallsdaneu\/wp-content\/uploads\/usu1375\/2025\/03\/WhatsApp-Image-2025-01-28-at-16.22.24-1.jpeg\" alt=\"WhatsApp Image 2025-01-28 at 16.22.24 (1)\" width=\"1600\" height=\"1200\" \/>\r\n\t\t\t\t\t\t\t\t\t\t<div class=\"slideshow_description_box slideshow_transparent\">\r\n\t\t\t\t\t\t<div class=\"slideshow_title\">WhatsApp Image 2025-01-28 at 16.22.24 (1)<\/div>\t\t\t\t\t\t\t\t\t\t\t<\/div>\r\n\t\t\t\t<\/div>\r\n\r\n\t\t\t\t\t\t\r\n\t\t\t\t<div class=\"slideshow_slide slideshow_slide_image\">\r\n\t\t\t\t\t\t\t\t\t\t\t<img src=\"https:\/\/serveiseducatius.xtec.cat\/cda-vallsdaneu\/wp-content\/uploads\/usu1375\/2025\/03\/WhatsApp-Image-2025-01-28-at-16.22.24.jpeg\" alt=\"WhatsApp Image 2025-01-28 at 16.22.24\" width=\"1600\" height=\"1200\" \/>\r\n\t\t\t\t\t\t\t\t\t\t<div class=\"slideshow_description_box slideshow_transparent\">\r\n\t\t\t\t\t\t<div class=\"slideshow_title\">WhatsApp Image 2025-01-28 at 16.22.24<\/div>\t\t\t\t\t\t\t\t\t\t\t<\/div>\r\n\t\t\t\t<\/div>\r\n\r\n\t\t\t\t\t\t<div style=\"clear: both;\"><\/div><\/div><div class=\"slideshow_view\">\r\n\t\t\t\t<div class=\"slideshow_slide slideshow_slide_image\">\r\n\t\t\t\t\t\t\t\t\t\t\t<img src=\"https:\/\/serveiseducatius.xtec.cat\/cda-vallsdaneu\/wp-content\/uploads\/usu1375\/2025\/03\/WhatsApp-Image-2024-04-15-at-13.50.31-1.jpeg\" alt=\"WhatsApp Image 2024-04-15 at 13.50.31 (1)\" width=\"1512\" height=\"2016\" \/>\r\n\t\t\t\t\t\t\t\t\t\t<div class=\"slideshow_description_box slideshow_transparent\">\r\n\t\t\t\t\t\t<div class=\"slideshow_title\">WhatsApp Image 2024-04-15 at 13.50.31 (1)<\/div>\t\t\t\t\t\t\t\t\t\t\t<\/div>\r\n\t\t\t\t<\/div>\r\n\r\n\t\t\t\t\t\t\r\n\t\t\t\t<div class=\"slideshow_slide slideshow_slide_image\">\r\n\t\t\t\t\t\t\t\t\t\t\t<img src=\"https:\/\/serveiseducatius.xtec.cat\/cda-vallsdaneu\/wp-content\/uploads\/usu1375\/2025\/03\/WhatsApp-Image-2023-11-01-at-21.37.53-1.jpeg\" alt=\"WhatsApp Image 2023-11-01 at 21.37.53 (1)\" width=\"2048\" height=\"1536\" \/>\r\n\t\t\t\t\t\t\t\t\t\t<div class=\"slideshow_description_box slideshow_transparent\">\r\n\t\t\t\t\t\t<div class=\"slideshow_title\">WhatsApp Image 2023-11-01 at 21.37.53 (1)<\/div>\t\t\t\t\t\t\t\t\t\t\t<\/div>\r\n\t\t\t\t<\/div>\r\n\r\n\t\t\t\t\t\t<div style=\"clear: both;\"><\/div><\/div>\r\n\t\t<\/div>\r\n\r\n\t\t<div class=\"slideshow_controlPanel slideshow_transparent\" style=\"display: none;\"><ul><li class=\"slideshow_togglePlay\" data-play-text=\"Visualitza\" data-pause-text=\"Pausa\"><\/li><\/ul><\/div>\r\n\r\n\t\t<div class=\"slideshow_button slideshow_previous slideshow_transparent\" role=\"button\" data-previous-text=\"Anterior\" style=\"display: none;\"><\/div>\r\n\t\t<div class=\"slideshow_button slideshow_next slideshow_transparent\" role=\"button\" data-next-text=\"Seg\u00fcent\" style=\"display: none;\"><\/div>\r\n\r\n\t\t<div class=\"slideshow_pagination\" style=\"display: none;\" data-go-to-text=\"V\u00e9s a la diapositiva\"><div class=\"slideshow_pagination_center\"><\/div><\/div>\r\n\r\n\t\t<!-- WordPress Slideshow Version 2.3.1 -->\r\n\r\n\t\t\t<\/div>\r\n\r\n\n<p>Taller per con\u00e8ixer alguns dels jocs tradicionals que s&#8217;han jugat i es juguen a les Valls d&#8217;\u00c0neu. Hi ha una selecci\u00f3 de jocs de taula: <span style=\"color: #008000;\">patacons i joc dels ossets<\/span> i d&#8217;altra banda un joc d&#8217;exterior, <span style=\"color: #008000;\">el joc de les bitlles pallareses<\/span>, joc molt popular entre els pobles de les Valls d&#8217;\u00c0neu i que en l&#8217;actualitat compta amb un campionat anual entre pobles. El taller es pot realitzar monitoritzat o pel vostre compte aprofitant les estones de temps lliure.<\/p>\n<p><strong>Material necessari:\u00a0<\/strong>Bitlles i truc, naips vells, joc dels ossets i dossier.<br \/>\n<strong>Durada:<\/strong> Mig mat\u00ed o una tarda.<br \/>\n<strong>Cursos:<\/strong> CM,CS i ESO<\/p>\n<p><a href=\"https:\/\/drive.google.com\/file\/d\/16J2SIhUIf7YUM27sSN4sYDbLXLHkzW5W\/view?usp=drive_link\" target=\"_blank\" rel=\"noopener\"><img loading=\"lazy\" decoding=\"async\" class=\"alignnone wp-image-8681 size-thumbnail\" src=\"http:\/\/serveiseducatius.xtec.cat\/cda-vallsdaneu\/wp-content\/uploads\/usu1375\/2014\/04\/fitxa-activitat-150x150.png\" alt=\"fitxa activitat\" width=\"150\" height=\"150\" srcset=\"https:\/\/serveiseducatius.xtec.cat\/cda-vallsdaneu\/wp-content\/uploads\/usu1375\/2014\/04\/fitxa-activitat-150x150.png 150w, https:\/\/serveiseducatius.xtec.cat\/cda-vallsdaneu\/wp-content\/uploads\/usu1375\/2014\/04\/fitxa-activitat.png 225w\" sizes=\"auto, (max-width: 150px) 100vw, 150px\" \/><\/a>\u00a0<a href=\"https:\/\/drive.google.com\/file\/d\/1KNAI1KZjtqSeTZGKmHqIn_NgEc6FZWGB\/view?usp=drive_link\" target=\"_blank\" rel=\"noopener\"><img loading=\"lazy\" decoding=\"async\" class=\"alignnone wp-image-8645 size-thumbnail\" src=\"http:\/\/serveiseducatius.xtec.cat\/cda-vallsdaneu\/wp-content\/uploads\/usu1375\/2014\/04\/dossier-150x150.png\" alt=\"dossier\" width=\"150\" height=\"150\" srcset=\"https:\/\/serveiseducatius.xtec.cat\/cda-vallsdaneu\/wp-content\/uploads\/usu1375\/2014\/04\/dossier-150x150.png 150w, https:\/\/serveiseducatius.xtec.cat\/cda-vallsdaneu\/wp-content\/uploads\/usu1375\/2014\/04\/dossier.png 225w\" sizes=\"auto, (max-width: 150px) 100vw, 150px\" \/><\/a><\/p>\n","protected":false},"excerpt":{"rendered":"<p>Taller per con\u00e8ixer alguns dels jocs tradicionals que s&#8217;han jugat i es juguen a les Valls d&#8217;\u00c0neu. Hi ha una [&hellip;]<\/p>\n","protected":false},"author":1,"featured_media":0,"parent":767,"menu_order":10,"comment_status":"closed","ping_status":"closed","template":"","meta":{"_bbp_topic_count":0,"_bbp_reply_count":0,"_bbp_total_topic_count":0,"_bbp_total_reply_count":0,"_bbp_voice_count":0,"_bbp_anonymous_reply_count":0,"_bbp_topic_count_hidden":0,"_bbp_reply_count_hidden":0,"_bbp_forum_subforum_count":0,"site-sidebar-layout":"default","site-content-layout":"","ast-site-content-layout":"default","site-content-style":"default","site-sidebar-style":"default","ast-global-header-display":"","ast-banner-title-visibility":"","ast-main-header-display":"","ast-hfb-above-header-display":"","ast-hfb-below-header-display":"","ast-hfb-mobile-header-display":"","site-post-title":"","ast-breadcrumbs-content":"","ast-featured-img":"","footer-sml-layout":"","theme-transparent-header-meta":"default","adv-header-id-meta":"","stick-header-meta":"","header-above-stick-meta":"","header-main-stick-meta":"","header-below-stick-meta":"","astra-migrate-meta-layouts":"set","ast-page-background-enabled":"default","ast-page-background-meta":{"desktop":{"background-color":"var(--ast-global-color-4)","background-image":"","background-repeat":"repeat","background-position":"center center","background-size":"auto","background-attachment":"scroll","background-type":"","background-media":"","overlay-type":"","overlay-color":"","overlay-opacity":"","overlay-gradient":""},"tablet":{"background-color":"","background-image":"","background-repeat":"repeat","background-position":"center center","background-size":"auto","background-attachment":"scroll","background-type":"","background-media":"","overlay-type":"","overlay-color":"","overlay-opacity":"","overlay-gradient":""},"mobile":{"background-color":"","background-image":"","background-repeat":"repeat","background-position":"center center","background-size":"auto","background-attachment":"scroll","background-type":"","background-media":"","overlay-type":"","overlay-color":"","overlay-opacity":"","overlay-gradient":""}},"ast-content-background-meta":{"desktop":{"background-color":"var(--ast-global-color-5)","background-image":"","background-repeat":"repeat","background-position":"center center","background-size":"auto","background-attachment":"scroll","background-type":"","background-media":"","overlay-type":"","overlay-color":"","overlay-opacity":"","overlay-gradient":""},"tablet":{"background-color":"var(--ast-global-color-5)","background-image":"","background-repeat":"repeat","background-position":"center center","background-size":"auto","background-attachment":"scroll","background-type":"","background-media":"","overlay-type":"","overlay-color":"","overlay-opacity":"","overlay-gradient":""},"mobile":{"background-color":"var(--ast-global-color-5)","background-image":"","background-repeat":"repeat","background-position":"center center","background-size":"auto","background-attachment":"scroll","background-type":"","background-media":"","overlay-type":"","overlay-color":"","overlay-opacity":"","overlay-gradient":""}},"footnotes":""},"class_list":["post-1640","page","type-page","status-publish","hentry"],"post_mailing_queue_ids":[],"_links":{"self":[{"href":"https:\/\/serveiseducatius.xtec.cat\/cda-vallsdaneu\/wp-json\/wp\/v2\/pages\/1640","targetHints":{"allow":["GET"]}}],"collection":[{"href":"https:\/\/serveiseducatius.xtec.cat\/cda-vallsdaneu\/wp-json\/wp\/v2\/pages"}],"about":[{"href":"https:\/\/serveiseducatius.xtec.cat\/cda-vallsdaneu\/wp-json\/wp\/v2\/types\/page"}],"author":[{"embeddable":true,"href":"https:\/\/serveiseducatius.xtec.cat\/cda-vallsdaneu\/wp-json\/wp\/v2\/users\/1"}],"replies":[{"embeddable":true,"href":"https:\/\/serveiseducatius.xtec.cat\/cda-vallsdaneu\/wp-json\/wp\/v2\/comments?post=1640"}],"version-history":[{"count":3,"href":"https:\/\/serveiseducatius.xtec.cat\/cda-vallsdaneu\/wp-json\/wp\/v2\/pages\/1640\/revisions"}],"predecessor-version":[{"id":11483,"href":"https:\/\/serveiseducatius.xtec.cat\/cda-vallsdaneu\/wp-json\/wp\/v2\/pages\/1640\/revisions\/11483"}],"up":[{"embeddable":true,"href":"https:\/\/serveiseducatius.xtec.cat\/cda-vallsdaneu\/wp-json\/wp\/v2\/pages\/767"}],"wp:attachment":[{"href":"https:\/\/serveiseducatius.xtec.cat\/cda-vallsdaneu\/wp-json\/wp\/v2\/media?parent=1640"}],"curies":[{"name":"wp","href":"https:\/\/api.w.org\/{rel}","templated":true}]}}