{"id":157,"date":"2013-11-15T13:22:03","date_gmt":"2013-11-15T12:22:03","guid":{"rendered":"http:\/\/blocs.xtec.cat\/plantillacda\/?page_id=157"},"modified":"2025-03-28T10:26:58","modified_gmt":"2025-03-28T09:26:58","slug":"estades","status":"publish","type":"page","link":"https:\/\/serveiseducatius.xtec.cat\/cda-vallsdaneu\/modalitats\/estades\/","title":{"rendered":"Estades"},"content":{"rendered":"<p style=\"text-align: justify;\">Les activitats de m\u00e9s d\u2019un dia promouen la consolidaci\u00f3 dels aprenentatges dels alumnes. Per tal d\u2019assolir els objectius d\u2019aprenentatge es recomana aquesta tipologia d\u2019estada. Les estades poden ser de dos, tres, quatre o cinc dies i les activitats es realitzen entre les 9h i les 18h, aproximadament. \u00a0Per tal de treure el m\u00e0xim profit educatiu de la vostra estada al CdA cal un treball coordinat entre el centre educatiu i el CdA. Aquest treball es dur\u00e0 a terme en tres moments importants:\u00a0<span style=\"font-family: 'andale mono', monospace;\"><strong><br \/>\n<\/strong><\/span><\/p>\n<p>&nbsp;<\/p>\n<table style=\"border-color: #239e25; background-color: #bfedbb; width: 287px; height: 35px;\">\n<tbody>\n<tr>\n<td style=\"width: 281px;\"><span style=\"font-family: helvetica, arial, sans-serif;\"><strong>Moment 1:\u00a0Abans de l&#8217;estada<\/strong><\/span><\/td>\n<\/tr>\n<\/tbody>\n<\/table>\n<p><a href=\"http:\/\/serveiseducatius.xtec.cat\/cda-vallsdaneu\/wp-content\/uploads\/usu1375\/2013\/11\/compartint2.png\"><img loading=\"lazy\" decoding=\"async\" class=\"size-thumbnail wp-image-8790 alignleft\" src=\"http:\/\/serveiseducatius.xtec.cat\/cda-vallsdaneu\/wp-content\/uploads\/usu1375\/2013\/11\/compartint2-150x150.png\" alt=\"\" width=\"150\" height=\"150\" srcset=\"https:\/\/serveiseducatius.xtec.cat\/cda-vallsdaneu\/wp-content\/uploads\/usu1375\/2013\/11\/compartint2-150x150.png 150w, https:\/\/serveiseducatius.xtec.cat\/cda-vallsdaneu\/wp-content\/uploads\/usu1375\/2013\/11\/compartint2-300x300.png 300w, https:\/\/serveiseducatius.xtec.cat\/cda-vallsdaneu\/wp-content\/uploads\/usu1375\/2013\/11\/compartint2.png 512w\" sizes=\"auto, (max-width: 150px) 100vw, 150px\" \/><\/a><\/p>\n<p><strong>S&#8217;estableix la comunicaci\u00f3 amb els centres per tal de con\u00e8ixer-nos i realitzar la programaci\u00f3 de l&#8217;estada de forma conjunta.<\/strong> La participaci\u00f3 dels centres en el disseny de l&#8217;estada \u00e9s necess\u00e0ria perqu\u00e8 aquesta esdevingui part de la seq\u00fc\u00e8ncia did\u00e0ctica de la vostra programaci\u00f3 anual de centre. De manera coordinada, centre\u2013<span class=\"hiddenSpellError\">CdA<\/span>, definirem els objectius d&#8217;aprenentatge que ens proposem aconseguir durant l&#8217;estada, lligats a uns indicadors d&#8217;avaluaci\u00f3.<\/p>\n<p><a href=\"https:\/\/serveiseducatius.xtec.cat\/cda-vallsdaneu\/amb-els-centres\/trobades-de-coordinacio\/\"><strong>Com ho farem?<\/strong> <\/a>Un cop acceptada la vostra sol\u00b7licitud, se us assignar\u00e0 una persona del\u00a0<span class=\"hiddenSpellError\">CdA<\/span>\u00a0com a<strong> tutora responsable<\/strong> de la vostra estada la qual es posar\u00e0 en contacte, via e-mail amb el centre. Ja us avancem que celebrarem dues trobades de coordinaci\u00f3 presencial conjunta per a tots els\u00a0<span class=\"hiddenGrammarError\" style=\"padding-bottom: 2px; background-image: url('..\/..\/..\/..\/..\/images\/squiggle.png'); background-repeat: repeat-x; background-position: left bottom; cursor: default; color: #000000; font-family: 'Open Sans', Helvetica, Arial, sans-serif; font-size: 16px; font-style: normal; font-variant-ligatures: normal; font-variant-caps: normal; font-weight: 300; letter-spacing: normal; orphans: 2; text-align: start; text-indent: 0px; text-transform: none; white-space: normal; widows: 2; word-spacing: 0px; -webkit-text-stroke-width: 0px; text-decoration-thickness: initial; text-decoration-style: initial; text-decoration-color: initial;\">centres estadants<\/span>\u00a0les dates de les quals seran facilitades per la vostra tutora del\u00a0<span class=\"hiddenSpellError\">CdA<\/span>. Aquestes trobades s\u00f3n especialment \u00fatils per als centres que no han vingut mai al camp d&#8217;aprenentatge. La reuni\u00f3 serveix per a con\u00e8ixer-nos. S&#8217;ensenyen les instal\u00b7lacions del Camp d&#8217;Aprenentatge, una mica l&#8217;entorn en el qual estem ubicats i s&#8217;exposa quina \u00e9s la proposta d&#8217;activitats que tenim i la manera habitual de treballar. D&#8217;altra banda, \u00e9s el moment de presentar-nos, de con\u00e8ixer la motivaci\u00f3 principal que us ha dut al camp d&#8217;aprenentatge i con\u00e8ixer la metodologia de treball del vostre centre.<\/p>\n<p>A banda d&#8217;aquestes trobades, se celebraran les reunions telem\u00e0tiques a demanda amb tots els centres que ho sol\u00b7licitin. A partir d&#8217;aqu\u00ed, mirarem de concretar qu\u00e8 \u00e9s el que volem aconseguir amb l&#8217;estada <strong>(producte final)<\/strong> i com ho farem per aconseguir-ho <strong>(tasques a fer)<\/strong>. Definirem de forma conjunta els objectius d&#8217;aprenentatge, d&#8217;acord amb el treball que ja esteu realitzant al centre o que teniu intenci\u00f3 de realitzar i establirem una programaci\u00f3 d&#8217;activitats que tindr\u00e0 en compte el treball previ del centre i la projecci\u00f3 posterior que se&#8217;n far\u00e0. Per\u00a0aquells centres\u00a0que ja heu estat al Camp d&#8217;aprenentatge ser\u00e0 el moment d&#8217;aprofundir i donar forma a la proposta a treballar conjuntament al\u00a0<span class=\"hiddenSpellError\">CdA<\/span>\u00a0segons la programaci\u00f3 i el treball de centre establint de manera conjunta els\u00a0<span class=\"hiddenGreenError\" style=\"padding-bottom: 2px; background-image: url('..\/..\/..\/..\/..\/images\/squiggle_green.png'); background-repeat: repeat-x; background-position: left bottom; cursor: default; color: #000000; font-family: 'Open Sans', Helvetica, Arial, sans-serif; font-size: 16px; font-style: normal; font-variant-ligatures: normal; font-variant-caps: normal; font-weight: 300; letter-spacing: normal; orphans: 2; text-align: start; text-indent: 0px; text-transform: none; white-space: normal; widows: 2; word-spacing: 0px; -webkit-text-stroke-width: 0px; text-decoration-thickness: initial; text-decoration-style: initial; text-decoration-color: initial;\">objectius<\/span>\u00a0d&#8217;aprenentatge que tindrem per aquesta nova estada.<\/p>\n<p>&nbsp;<\/p>\n<table style=\"border-color: #239e25; background-color: #bfedbb; width: 287px; height: 35px;\">\n<tbody>\n<tr>\n<td style=\"width: 281px;\"><span style=\"font-family: helvetica, arial, sans-serif;\"><strong>Moment 2: Durant l&#8217;estada<\/strong><\/span><\/td>\n<\/tr>\n<\/tbody>\n<\/table>\n<p style=\"text-align: justify;\">\u00c9s la\u00a0mateixa\u00a0estada al\u00a0<span class=\"hiddenSpellError\">CdA<\/span>\u00a0on es desenvolupa bona part del que s&#8217;ha programat. Les activitats\u00a0dutes a terme\u00a0al\u00a0<span class=\"hiddenSpellError\">CdA<\/span>\u00a0seran la continu\u00eftat del vostre treball al centre i tindran l&#8217;enfocament pedag\u00f2gic i competencial que haurem volgut donar segons els objectius pedag\u00f2gics que ens haurem marcat.\u00a0Els materials, els ritmes de treball i les metodologies seran adaptades per tal d&#8217;adequar-se a les singularitats de l&#8217;alumnat, el nivell educatiu i les necessitats educatives.<\/p>\n<p>&nbsp;<\/p>\n<table style=\"border-color: #239e25; background-color: #bfedbb; width: 287px; height: 35px;\">\n<tbody>\n<tr>\n<td style=\"width: 281px;\"><span style=\"font-family: helvetica, arial, sans-serif;\"><strong>Moment 3: Despr\u00e9s de l&#8217;estada<\/strong><\/span><\/td>\n<\/tr>\n<\/tbody>\n<\/table>\n<p><a href=\"http:\/\/serveiseducatius.xtec.cat\/cda-vallsdaneu\/wp-content\/uploads\/usu1375\/2013\/11\/Imagen13.png\"><img loading=\"lazy\" decoding=\"async\" class=\"size-thumbnail wp-image-8791 alignleft\" src=\"http:\/\/serveiseducatius.xtec.cat\/cda-vallsdaneu\/wp-content\/uploads\/usu1375\/2013\/11\/Imagen13-150x150.png\" alt=\"\" width=\"150\" height=\"150\" \/><\/a><\/p>\n<p style=\"text-align: justify;\">Un cop desenvolupada l&#8217;estada \u00e9s el moment del centre d&#8217;elaborar o executar el producte final i dotar-lo d&#8217;aquella projecci\u00f3 que dona sentit a l&#8217;aprenentatge. Tamb\u00e9 ser\u00e0 el moment d&#8217;avaluar conjuntament el treball realitzat, com ha estat el proc\u00e9s d&#8217;aprenentage i quin impacte ha tingut sobre l&#8217;alumnat tenint en compte els indicadors establerts, el desenvolupament de l&#8217;estada i quina ha estat la projecci\u00f3 d&#8217;aquest aprenentatge.<\/p>\n<p>&nbsp;<\/p>\n<p>&nbsp;<\/p>\n<p>Podeu consultar l&#8217;oferta pedag\u00f2gica del CdA Valls d&#8217;\u00c0neu a la pestanya <a href=\"https:\/\/serveiseducatius.xtec.cat\/cda-vallsdaneu\/ambits\/totes-les-activitats\/\">&#8220;\u00c0mbits\/Totes les activitats&#8221;<\/a>, on trobareu una llista amb totes les activitats que podeu dur a terme al camp.<\/p>\n<p>El\u00a0<strong>cost<\/strong>\u00a0de les activitats \u00e9s de\u00a0<strong>3 \u20ac<\/strong>\u00a0per nen i dia (<a href=\"https:\/\/dogc.gencat.cat\/ca\/document-del-dogc\/?documentId=743883\" target=\"_blank\" rel=\"noopener\"><strong>Ordre ENS\/163\/2016<\/strong><\/a>). Podeu consultar el preu de la manutenci\u00f3 i allotjament en aquest document: <a href=\"https:\/\/drive.google.com\/file\/d\/1tBiF0dmkNvJCj715Q0OucH9V5mIalP2q\/view?usp=sharing\" target=\"_blank\" rel=\"noopener\">Quotes, preus i pagaments CdA<\/a>.<\/p>\n","protected":false},"excerpt":{"rendered":"<p>Les activitats de m\u00e9s d\u2019un dia promouen la consolidaci\u00f3 dels aprenentatges dels alumnes. Per tal d\u2019assolir els objectius d\u2019aprenentatge es [&hellip;]<\/p>\n","protected":false},"author":1,"featured_media":0,"parent":8260,"menu_order":2,"comment_status":"closed","ping_status":"closed","template":"","meta":{"_bbp_topic_count":0,"_bbp_reply_count":0,"_bbp_total_topic_count":0,"_bbp_total_reply_count":0,"_bbp_voice_count":0,"_bbp_anonymous_reply_count":0,"_bbp_topic_count_hidden":0,"_bbp_reply_count_hidden":0,"_bbp_forum_subforum_count":0,"site-sidebar-layout":"default","site-content-layout":"","ast-site-content-layout":"default","site-content-style":"default","site-sidebar-style":"default","ast-global-header-display":"","ast-banner-title-visibility":"","ast-main-header-display":"","ast-hfb-above-header-display":"","ast-hfb-below-header-display":"","ast-hfb-mobile-header-display":"","site-post-title":"","ast-breadcrumbs-content":"","ast-featured-img":"","footer-sml-layout":"","theme-transparent-header-meta":"default","adv-header-id-meta":"","stick-header-meta":"","header-above-stick-meta":"","header-main-stick-meta":"","header-below-stick-meta":"","astra-migrate-meta-layouts":"set","ast-page-background-enabled":"default","ast-page-background-meta":{"desktop":{"background-color":"var(--ast-global-color-4)","background-image":"","background-repeat":"repeat","background-position":"center center","background-size":"auto","background-attachment":"scroll","background-type":"","background-media":"","overlay-type":"","overlay-color":"","overlay-opacity":"","overlay-gradient":""},"tablet":{"background-color":"","background-image":"","background-repeat":"repeat","background-position":"center center","background-size":"auto","background-attachment":"scroll","background-type":"","background-media":"","overlay-type":"","overlay-color":"","overlay-opacity":"","overlay-gradient":""},"mobile":{"background-color":"","background-image":"","background-repeat":"repeat","background-position":"center center","background-size":"auto","background-attachment":"scroll","background-type":"","background-media":"","overlay-type":"","overlay-color":"","overlay-opacity":"","overlay-gradient":""}},"ast-content-background-meta":{"desktop":{"background-color":"var(--ast-global-color-5)","background-image":"","background-repeat":"repeat","background-position":"center center","background-size":"auto","background-attachment":"scroll","background-type":"","background-media":"","overlay-type":"","overlay-color":"","overlay-opacity":"","overlay-gradient":""},"tablet":{"background-color":"var(--ast-global-color-5)","background-image":"","background-repeat":"repeat","background-position":"center center","background-size":"auto","background-attachment":"scroll","background-type":"","background-media":"","overlay-type":"","overlay-color":"","overlay-opacity":"","overlay-gradient":""},"mobile":{"background-color":"var(--ast-global-color-5)","background-image":"","background-repeat":"repeat","background-position":"center center","background-size":"auto","background-attachment":"scroll","background-type":"","background-media":"","overlay-type":"","overlay-color":"","overlay-opacity":"","overlay-gradient":""}},"footnotes":""},"class_list":["post-157","page","type-page","status-publish","hentry"],"post_mailing_queue_ids":[],"_links":{"self":[{"href":"https:\/\/serveiseducatius.xtec.cat\/cda-vallsdaneu\/wp-json\/wp\/v2\/pages\/157","targetHints":{"allow":["GET"]}}],"collection":[{"href":"https:\/\/serveiseducatius.xtec.cat\/cda-vallsdaneu\/wp-json\/wp\/v2\/pages"}],"about":[{"href":"https:\/\/serveiseducatius.xtec.cat\/cda-vallsdaneu\/wp-json\/wp\/v2\/types\/page"}],"author":[{"embeddable":true,"href":"https:\/\/serveiseducatius.xtec.cat\/cda-vallsdaneu\/wp-json\/wp\/v2\/users\/1"}],"replies":[{"embeddable":true,"href":"https:\/\/serveiseducatius.xtec.cat\/cda-vallsdaneu\/wp-json\/wp\/v2\/comments?post=157"}],"version-history":[{"count":6,"href":"https:\/\/serveiseducatius.xtec.cat\/cda-vallsdaneu\/wp-json\/wp\/v2\/pages\/157\/revisions"}],"predecessor-version":[{"id":11944,"href":"https:\/\/serveiseducatius.xtec.cat\/cda-vallsdaneu\/wp-json\/wp\/v2\/pages\/157\/revisions\/11944"}],"up":[{"embeddable":true,"href":"https:\/\/serveiseducatius.xtec.cat\/cda-vallsdaneu\/wp-json\/wp\/v2\/pages\/8260"}],"wp:attachment":[{"href":"https:\/\/serveiseducatius.xtec.cat\/cda-vallsdaneu\/wp-json\/wp\/v2\/media?parent=157"}],"curies":[{"name":"wp","href":"https:\/\/api.w.org\/{rel}","templated":true}]}}