{"id":1509,"date":"2014-06-09T09:50:59","date_gmt":"2014-06-09T09:50:59","guid":{"rendered":"http:\/\/blocs.xtec.cat\/cdavallsdaneu2\/?page_id=1509"},"modified":"2025-03-28T09:59:31","modified_gmt":"2025-03-28T08:59:31","slug":"orientacio-i-paisatge","status":"publish","type":"page","link":"https:\/\/serveiseducatius.xtec.cat\/cda-vallsdaneu\/ambits\/ambit-social\/orientacio-i-paisatge\/","title":{"rendered":"Orientaci\u00f3 i paisatge"},"content":{"rendered":"<div id=\"2C4D4\" style=\"width: 600px; height: 400px; display: none;\"><img decoding=\"async\" src=\"https:\/\/lh3.googleusercontent.com\/W_GeosT4RZ5v0QjUJNRjY4apEwLYfYhL9bOCYOtgj2CKa49O0VjETXXMhIu0Ffe-HafRyDoRAbutS7ztRF2DfXkPBcI_MpX_xjpN-QqnfG8_vv3CjOCc6O3BDeW3dOAKnycWVf-ABlnbuDl_4cQpLHFgEDO3J8Wtrx-FoHyDPYv2kuDNJWABw4QdjkzUTiX6HgGkjOdqQNA1lUYT9-lWbw-rbAVEgLlGS_cA8y5q7HfYMYJ90XPhEwicEXdyf3-6h0MYLR5gUgzVL8vfCxIF5LyEeyEIsypTtPajEz2jbreIsExkgafIokuyXRN1NEtlOFSy3X3Z7f6s3FHicO_cfXKVbAje7tLB6a3QDefOyQKpRQvhYZcXi5exzXwj5xVSJnZFRwBzWquLZFnBSqcIsHOZo_n4UckmEmfnPN3-VtDTv1I0f1-33k56g99HmP6x6PHc6nA4KWbU8U19V-oVu8VW0_ueHCPbPtXz18GcRq3oatoKtaFfolgJHVU1LYe6F9IXMSulUPzMnesJweDwlrTKVM4J_b_RNziB_iky4zdNGicfIhNybNNUhEa6z2h7CmN_Di-KZBuvS7a6KwZ2dNupR4L6uvaQhCm313d1RXXg-xYfyKwG=w800-h600-no\" \/><br \/>\n<img decoding=\"async\" src=\"https:\/\/lh3.googleusercontent.com\/WVXpP6v1Ag1fghxfTNojR9s3Vux3IMk_FT7Z2fE6jKkcJ-z2NZaz4V5lunvErOB6ZfkqaXxpfc-7kRyeBfussU2TTZlxHWceD85OAVg5Tms06w-2UC4fqD25m7Oip7vIE1P-aBswcKxThk4wbn6U8cixndP8S-wxGIUhKQwzF6QZwaV6so_6XAmQwlCdFl2-Rffvs0kbON3vd_nbe3HGiWavzrQZrQ5XNcZhpP_0oqG8yhPjxxQKG_tWzEdXj-YuI1A4lhSm9ZmOGt53WTJ2-kYWnP6r_foZe9ddmVVDaPfHSKcAEYWQtr6hqCgaZQJpVuyS4eB1xcl6-6_mTr_1PkHk2O4CmEPS65DBWB2KETdkoxSpiyv3v9NbFOno2KsqUfOzUjWMELkEE38widz6kjpcTHHzpj1jd-UR3IKQ7FwyeowBAi7BvZb1dV53BXoAtb2c7p6S4TFCL5raiId5yItTNqQ381D_DJfgeWh_sqXg8jRBCG6eZB1VBKSFuYoM9uIo4XfegfhFEn6Z4jlOzQ7Su1KF1VDwDjCkgkxSOmv1DNrefUo_9O7EF_hOc6x5ByHIR6I_JGXaI3OCS290mW38yklctuySg2OaAFAhVnFaOlqAsqku=w800-h600-no\" \/><br \/>\n<img decoding=\"async\" src=\"https:\/\/lh3.googleusercontent.com\/B4Qgkc6mBk-yHz5CmPGq73CaFtmdD23xRfyF2yDsTU6zJhKiXhGuCNS7NroBVI7nlRbyTPAmlYwUk8oSa2qSEJKJgQTCUSQs0AJMdJwENUFlCDR3J741WgaIRzqKBcLNKq4w8O-vVKb5AGjEI6EQDYdjljOk5CKyeRLjQaDn068Yf0eG8CwsP5ociLhfLZTBw2XtAK4EU9YU7OU2Ry5ERm6_c94GF0HEf6k3OE6xTyym94c4xy2TnuIjvAwrVshEK20VceYcdIr5gp6Jfsv1dfIS1WwqQbCEmUly9bIZmbXG2igvVQjStHcyFxfYQVNlBIIwUoD500jbZtGjt_dRa3HCzhF1SLzvAqH21y-HkaHG43D-lY1upVaXKK5FeBf5serqVunKkqST1I5K0FD_Bzishl7cIG_v1mxyDFB33Tyu6pyw7QUFOxwrOd40Drs_A1nXNBdO7uaxvkIw7425r8fiHRIBNBDzti6s6x648kOd6Pva2P0xvo98zTFUXZ7c8KhYfyvweVtqiTuaMn2c-ExwDS4cOO9eqLK-GG7UeKUzhe143_vz4vUxrHxypBODhE4WXTXZv_m7GdiNyA3jYmD4tkYBCzt0RnPevrlIgdAjKvqOAPID=w800-h600-no\" \/><br \/>\n<img decoding=\"async\" src=\"https:\/\/lh3.googleusercontent.com\/ws7S40XqL8y06Te94VKvQaY5-uVUOVzGcq1I9OD0U79_IzMZLy5FCtKUGo4M0rltPhxX-v4Xb7wf-6shWmSRjvKdutp8AbWoGJjyQ0m8mL45MrZCnpc0BSPU6EH5Lh-RUq7Cxj3xs7D0q3fiCqXnVBlo0jzFljYGF7k-zHjVeIqXSgkVTBVu_CbMaGxTG0IB3-Jh31b7gfWyUmUfIOohBssKLG3aFwvJgAS0lP4KoYxzst2xdC4dgU5ZGfQyZRcJXQXkHY0lYSoQUOPXHOHsAit-kf5UQtH_D9Se2EvymhUr5ewfL8RXAQYTgaWINR_NrOH9k_Lq-j4Y1eSpVLNaPdg6A5q405UrOi5o3Daz2fo4-mxtlt9hjr1V5DXkLVnlzuF5FpD8hZ8o4X0PGIR9xjst5BTyyd6NJsb4an9ta0u1EAxLv_Z-UW9QSkblUtzR5hsdqwlpv7bvQ-EYZXNgqVgsec3MS3-mU--UaMZ7GtF4qhd76X4WUDcSP1oQF8M_zMV0pD6SwNTjQQZmT5cjEU7aAWQadlDNB_7j3LiR3JipfbTgJE6duaaDPqGjA0izmtHWqaSHG8XmGQZGs1XHCHUwgxzRssO24zT-EmZlY6aDNJlCvB0Q=w800-h600-no\" \/><br \/>\n<img decoding=\"async\" src=\"https:\/\/lh3.googleusercontent.com\/EzTrhApDBPIHb3yymG7KaFj7kuXnhHw_Zy-q160dj5BOrQb89747EfQFEygT1pG9_CVgNqdJtNtl8We8bdVe6TeBnE9jncxV4OC1A5LbItWHl00APGjT73e2X3lHZ_bXawjrZ3DsBFVhiPT2IQDz4hRa6ZoYFURNWM7gO1zvUUvd_Tp992NZhG6zmaoMtpJ2gpH1bS0voZ7FZoBKnN6QvQkljsZH3LY8uvF9ZedXVVgJfcPhRKyeSJ7yAzM9zON028TrmISfLvgdgcG9TT0kBnrtzydYoWKCJVTDIWlyaDT0JrDIVgZBfRSjlfcPgjtCT1C3bex3T-SVgqQMSo4FQnDmm2DxeFQBVETUD_BncACwg0ymbAP2YzeuQnp5iARZdAjnLtzK-Zylrd54T9veUidUJBviDobxqAv7zyhk2W5HDgpRm5oGLN-QrcwFO38iFYZsoMxRD1hanjyMwlBCSfBgWQ-e3TLYQFEedmcajSolZMpj4MNVnljFdhF-ScdaJYptvVB27h8AZVo_5Zykwk7WK8AFDUV60znFWCmqzHn0yW0jk45QTUyH46BleSgfpfg1m54nY1dIH5U05YK-qCrMaN44qca1WNNhAAgyQQ5WYr83U5C-pIwL70gYVAZYsgtJHdbqwUnGnL0gh7Z5q0zE1DlI5ex-ELf3LGrgeQ=w800-h600-no\" \/><\/div>\n\r\n\t<div class=\"slideshow_container slideshow_container_style-light\" style=\" \" data-slideshow-id=\"11129\" data-style-name=\"style-light\" data-style-version=\"2.3.1\" >\r\n\r\n\t\t\t\t\t<div class=\"slideshow_loading_icon\"><\/div>\r\n\t\t\r\n\t\t<div class=\"slideshow_content\" style=\"display: none;\">\r\n\r\n\t\t\t<div class=\"slideshow_view\">\r\n\t\t\t\t<div class=\"slideshow_slide slideshow_slide_image\">\r\n\t\t\t\t\t\t\t\t\t\t\t<img src=\"https:\/\/serveiseducatius.xtec.cat\/cda-vallsdaneu\/wp-content\/uploads\/usu1375\/2025\/03\/WhatsApp-Image-2024-04-05-at-19.28.17-1.jpeg\" alt=\"WhatsApp Image 2024-04-05 at 19.28.17 (1)\" width=\"1600\" height=\"1200\" \/>\r\n\t\t\t\t\t\t\t\t\t\t<div class=\"slideshow_description_box slideshow_transparent\">\r\n\t\t\t\t\t\t<div class=\"slideshow_title\">WhatsApp Image 2024-04-05 at 19.28.17 (1)<\/div>\t\t\t\t\t\t\t\t\t\t\t<\/div>\r\n\t\t\t\t<\/div>\r\n\r\n\t\t\t\t\t\t\r\n\t\t\t\t<div class=\"slideshow_slide slideshow_slide_image\">\r\n\t\t\t\t\t\t\t\t\t\t\t<img src=\"https:\/\/serveiseducatius.xtec.cat\/cda-vallsdaneu\/wp-content\/uploads\/usu1375\/2025\/03\/WhatsApp-Image-2024-11-12-at-09.20.04-3.jpeg\" alt=\"WhatsApp Image 2024-11-12 at 09.20.04 (3)\" width=\"1600\" height=\"1200\" \/>\r\n\t\t\t\t\t\t\t\t\t\t<div class=\"slideshow_description_box slideshow_transparent\">\r\n\t\t\t\t\t\t<div class=\"slideshow_title\">WhatsApp Image 2024-11-12 at 09.20.04 (3)<\/div>\t\t\t\t\t\t\t\t\t\t\t<\/div>\r\n\t\t\t\t<\/div>\r\n\r\n\t\t\t\t\t\t<div style=\"clear: both;\"><\/div><\/div><div class=\"slideshow_view\">\r\n\t\t\t\t<div class=\"slideshow_slide slideshow_slide_image\">\r\n\t\t\t\t\t\t\t\t\t\t\t<img src=\"https:\/\/serveiseducatius.xtec.cat\/cda-vallsdaneu\/wp-content\/uploads\/usu1375\/2025\/03\/WhatsApp-Image-2024-05-15-at-10.27.35-4.jpeg\" alt=\"WhatsApp Image 2024-05-15 at 10.27.35 (4)\" width=\"2048\" height=\"1536\" \/>\r\n\t\t\t\t\t\t\t\t\t\t<div class=\"slideshow_description_box slideshow_transparent\">\r\n\t\t\t\t\t\t<div class=\"slideshow_title\">WhatsApp Image 2024-05-15 at 10.27.35 (4)<\/div>\t\t\t\t\t\t\t\t\t\t\t<\/div>\r\n\t\t\t\t<\/div>\r\n\r\n\t\t\t\t\t\t\r\n\t\t\t\t<div class=\"slideshow_slide slideshow_slide_image\">\r\n\t\t\t\t\t\t\t\t\t\t\t<img src=\"https:\/\/serveiseducatius.xtec.cat\/cda-vallsdaneu\/wp-content\/uploads\/usu1375\/2025\/03\/WhatsApp-Image-2024-03-16-at-09.06.56-5.jpeg\" alt=\"WhatsApp Image 2024-03-16 at 09.06.56 (5)\" width=\"1600\" height=\"1200\" \/>\r\n\t\t\t\t\t\t\t\t\t\t<div class=\"slideshow_description_box slideshow_transparent\">\r\n\t\t\t\t\t\t<div class=\"slideshow_title\">WhatsApp Image 2024-03-16 at 09.06.56 (5)<\/div>\t\t\t\t\t\t\t\t\t\t\t<\/div>\r\n\t\t\t\t<\/div>\r\n\r\n\t\t\t\t\t\t<div style=\"clear: both;\"><\/div><\/div><div class=\"slideshow_view\">\r\n\t\t\t\t<div class=\"slideshow_slide slideshow_slide_image\">\r\n\t\t\t\t\t\t\t\t\t\t\t<img src=\"https:\/\/serveiseducatius.xtec.cat\/cda-vallsdaneu\/wp-content\/uploads\/usu1375\/2025\/03\/WhatsApp-Image-2024-03-16-at-09.06.55-3.jpeg\" alt=\"WhatsApp Image 2024-03-16 at 09.06.55 (3)\" width=\"1600\" height=\"1200\" \/>\r\n\t\t\t\t\t\t\t\t\t\t<div class=\"slideshow_description_box slideshow_transparent\">\r\n\t\t\t\t\t\t<div class=\"slideshow_title\">WhatsApp Image 2024-03-16 at 09.06.55 (3)<\/div>\t\t\t\t\t\t\t\t\t\t\t<\/div>\r\n\t\t\t\t<\/div>\r\n\r\n\t\t\t\t\t\t\r\n\t\t\t\t<div class=\"slideshow_slide slideshow_slide_image\">\r\n\t\t\t\t\t\t\t\t\t\t\t<img src=\"https:\/\/serveiseducatius.xtec.cat\/cda-vallsdaneu\/wp-content\/uploads\/usu1375\/2025\/03\/WhatsApp-Image-2023-10-30-at-11.58.33-1-1.jpeg\" alt=\"WhatsApp Image 2023-10-30 at 11.58.33 (1)\" width=\"1024\" height=\"768\" \/>\r\n\t\t\t\t\t\t\t\t\t\t<div class=\"slideshow_description_box slideshow_transparent\">\r\n\t\t\t\t\t\t<div class=\"slideshow_title\">WhatsApp Image 2023-10-30 at 11.58.33 (1)<\/div>\t\t\t\t\t\t\t\t\t\t\t<\/div>\r\n\t\t\t\t<\/div>\r\n\r\n\t\t\t\t\t\t<div style=\"clear: both;\"><\/div><\/div><div class=\"slideshow_view\">\r\n\t\t\t\t<div class=\"slideshow_slide slideshow_slide_image\">\r\n\t\t\t\t\t\t\t\t\t\t\t<img src=\"https:\/\/serveiseducatius.xtec.cat\/cda-vallsdaneu\/wp-content\/uploads\/usu1375\/2025\/03\/IMG_9362-1-scaled.jpg\" alt=\"IMG_9362\" width=\"2560\" height=\"1920\" \/>\r\n\t\t\t\t\t\t\t\t\t\t<div class=\"slideshow_description_box slideshow_transparent\">\r\n\t\t\t\t\t\t<div class=\"slideshow_title\">IMG_9362<\/div>\t\t\t\t\t\t\t\t\t\t\t<\/div>\r\n\t\t\t\t<\/div>\r\n\r\n\t\t\t\t\t\t\r\n\t\t\t\t<div class=\"slideshow_slide slideshow_slide_image\">\r\n\t\t\t\t\t\t\t\t\t\t\t<img src=\"https:\/\/serveiseducatius.xtec.cat\/cda-vallsdaneu\/wp-content\/uploads\/usu1375\/2025\/03\/DSC02550-scaled.jpg\" alt=\"SONY DSC\" width=\"2560\" height=\"1714\" \/>\r\n\t\t\t\t\t\t\t\t\t\t<div class=\"slideshow_description_box slideshow_transparent\">\r\n\t\t\t\t\t\t<div class=\"slideshow_title\">SONY DSC<\/div>\t\t\t\t\t\t\t\t\t\t\t<\/div>\r\n\t\t\t\t<\/div>\r\n\r\n\t\t\t\t\t\t<div style=\"clear: both;\"><\/div><\/div><div class=\"slideshow_view\">\r\n\t\t\t\t<div class=\"slideshow_slide slideshow_slide_image\">\r\n\t\t\t\t\t\t\t\t\t\t\t<img src=\"https:\/\/serveiseducatius.xtec.cat\/cda-vallsdaneu\/wp-content\/uploads\/usu1375\/2025\/03\/IMG-20231110-WA0066-scaled.jpg\" alt=\"IMG-20231110-WA0066\" width=\"2560\" height=\"1440\" \/>\r\n\t\t\t\t\t\t\t\t\t\t<div class=\"slideshow_description_box slideshow_transparent\">\r\n\t\t\t\t\t\t<div class=\"slideshow_title\">IMG-20231110-WA0066<\/div>\t\t\t\t\t\t\t\t\t\t\t<\/div>\r\n\t\t\t\t<\/div>\r\n\r\n\t\t\t\t\t\t<div style=\"clear: both;\"><\/div><\/div>\r\n\t\t<\/div>\r\n\r\n\t\t<div class=\"slideshow_controlPanel slideshow_transparent\" style=\"display: none;\"><ul><li class=\"slideshow_togglePlay\" data-play-text=\"Visualitza\" data-pause-text=\"Pausa\"><\/li><\/ul><\/div>\r\n\r\n\t\t<div class=\"slideshow_button slideshow_previous slideshow_transparent\" role=\"button\" data-previous-text=\"Anterior\" style=\"display: none;\"><\/div>\r\n\t\t<div class=\"slideshow_button slideshow_next slideshow_transparent\" role=\"button\" data-next-text=\"Seg\u00fcent\" style=\"display: none;\"><\/div>\r\n\r\n\t\t<div class=\"slideshow_pagination\" style=\"display: none;\" data-go-to-text=\"V\u00e9s a la diapositiva\"><div class=\"slideshow_pagination_center\"><\/div><\/div>\r\n\r\n\t\t<!-- WordPress Slideshow Version 2.3.1 -->\r\n\r\n\t\t\t<\/div>\r\n\r\n\n<p>L\u2019heroica Caterina Albert, dona del compte de Pallars Hug Roger III, resist\u00ed el setge al Castell de Val\u00e8ncia d\u2019\u00c0neu per part de la casa de Cardona durant tres anys, fins que al 1491, es va veure obligada a marxar a l\u2019exili. A partir d\u2019aquesta hist\u00f2ria i amb l\u2019ajuda d\u2019un GPS, els alumnes recorreran l\u2019antic cam\u00ed que mena d\u2019Esterri d\u2019\u00c0neu a Val\u00e8ncia d\u2019\u00c0neu tot resolent diferents activitats relacionades amb l\u2019orientaci\u00f3 i el paisatge.<\/p>\n<p>Durant l\u2019activitat aprendrem a:<\/p>\n<ul>\n<li><span style=\"color: #008000;\">Saber orientar-se i interpretar l\u2019espai amb un GPS, una br\u00faixola i un mapa.<\/span><\/li>\n<li><span style=\"color: #008000;\">Interpretar i utilitzar el mapa topogr\u00e0fic tenint en compte els signes convencionals i l\u2019escala gr\u00e0fica.<\/span><\/li>\n<li><span style=\"color: #008000;\">Utilitzar els punts cardinals i la br\u00faixola per indicar direccions i per seguir o dissenyar itineraris.<\/span><\/li>\n<li><span style=\"color: #008000;\">Analitzar els elements antr\u00f2pics, bi\u00f2tics i abi\u00f2tics del paisatge.<\/span><\/li>\n<li><span style=\"color: #008000;\">Interpretar el paisatge i comparar-lo amb altres paisatges.<\/span><\/li>\n<\/ul>\n<p><strong>Recomanacions:<\/strong> : Es recomana portar cal\u00e7at i roba adequada a l\u2019\u00e8poca de l\u2019any. El material necessari per realitzar l\u2019activitat us ser\u00e0 proporcionat pel CdA .<br \/>\n<strong>Material necessari:<\/strong> GPS, topogr\u00e0fic escala 1:250.000, br\u00faixola, regle i dossier.<br \/>\n<strong>Durada:<\/strong> Tarda.<br \/>\n<strong>Cursos: <\/strong>CM, CS i ESO<\/p>\n<p><a href=\"https:\/\/drive.google.com\/file\/d\/138xtaptDAruThZizJIqm7UDpA2rVTsHc\/view?usp=drive_link\" target=\"_blank\" rel=\"attachment noopener wp-att-8681\"><img loading=\"lazy\" decoding=\"async\" class=\"alignleft wp-image-8681\" src=\"https:\/\/serveiseducatius.xtec.cat\/cda-vallsdaneu\/wp-content\/uploads\/usu1375\/2014\/04\/fitxa-activitat.png\" alt=\"\" width=\"156\" height=\"156\" srcset=\"https:\/\/serveiseducatius.xtec.cat\/cda-vallsdaneu\/wp-content\/uploads\/usu1375\/2014\/04\/fitxa-activitat.png 225w, https:\/\/serveiseducatius.xtec.cat\/cda-vallsdaneu\/wp-content\/uploads\/usu1375\/2014\/04\/fitxa-activitat-150x150.png 150w\" sizes=\"auto, (max-width: 156px) 100vw, 156px\" \/><\/a><a href=\"https:\/\/drive.google.com\/file\/d\/0B2biex8Hag36c3FoWnRMaUtKOFk\/view?usp=drive_link&amp;resourcekey=0-_ZwLlZGm0Crkaa-vX8cTaw\" target=\"_blank\" rel=\"noopener\"><img loading=\"lazy\" decoding=\"async\" class=\"alignnone wp-image-8645 size-thumbnail\" src=\"http:\/\/serveiseducatius.xtec.cat\/cda-vallsdaneu\/wp-content\/uploads\/usu1375\/2014\/04\/dossier-150x150.png\" alt=\"dossier\" width=\"150\" height=\"150\" srcset=\"https:\/\/serveiseducatius.xtec.cat\/cda-vallsdaneu\/wp-content\/uploads\/usu1375\/2014\/04\/dossier-150x150.png 150w, https:\/\/serveiseducatius.xtec.cat\/cda-vallsdaneu\/wp-content\/uploads\/usu1375\/2014\/04\/dossier.png 225w\" sizes=\"auto, (max-width: 150px) 100vw, 150px\" \/><\/a><a href=\"http:\/\/blocs.xtec.cat\/cdavallsdaneuescoles\/de-viatge-a-les-valls-daneu\/\" target=\"_blank\" rel=\"noopener\"><img loading=\"lazy\" decoding=\"async\" class=\"alignnone wp-image-8728 size-thumbnail\" src=\"http:\/\/serveiseducatius.xtec.cat\/cda-vallsdaneu\/wp-content\/uploads\/usu1375\/2014\/04\/act-pr\u00e8via-150x150.png\" alt=\"act-pr\u00e8via\" width=\"150\" height=\"150\" srcset=\"https:\/\/serveiseducatius.xtec.cat\/cda-vallsdaneu\/wp-content\/uploads\/usu1375\/2014\/04\/act-pr\u00e8via-150x150.png 150w, https:\/\/serveiseducatius.xtec.cat\/cda-vallsdaneu\/wp-content\/uploads\/usu1375\/2014\/04\/act-pr\u00e8via.png 225w\" sizes=\"auto, (max-width: 150px) 100vw, 150px\" \/><\/a><\/p>\n<p><span style=\"border-radius: 2px; text-indent: 20px; width: auto; padding: 0px 4px 0px 0px; text-align: center; font: bold 11px\/20px 'Helvetica Neue',Helvetica,sans-serif; color: #ffffff; background: #bd081c no-repeat scroll 3px 50% \/ 14px 14px; position: absolute; opacity: 1; z-index: 8675309; display: none; cursor: pointer;\">Save<\/span><\/p>\n<p><span style=\"border-radius: 2px; text-indent: 20px; width: auto; padding: 0px 4px 0px 0px; text-align: center; font: bold 11px\/20px 'Helvetica Neue',Helvetica,sans-serif; color: #ffffff; background: #bd081c no-repeat scroll 3px 50% \/ 14px 14px; position: absolute; opacity: 1; z-index: 8675309; display: none; cursor: pointer;\">Save<\/span><\/p>\n<p><span style=\"border-radius: 2px; text-indent: 20px; width: auto; padding: 0px 4px 0px 0px; text-align: center; font: bold 11px\/20px 'Helvetica Neue',Helvetica,sans-serif; color: #ffffff; background: #bd081c no-repeat scroll 3px 50% \/ 14px 14px; position: absolute; opacity: 1; z-index: 8675309; display: none; cursor: pointer;\">Save<\/span><\/p>\n<p><span style=\"border-radius: 2px; text-indent: 20px; width: auto; padding: 0px 4px 0px 0px; text-align: center; font: bold 11px\/20px 'Helvetica Neue',Helvetica,sans-serif; color: #ffffff; background: #bd081c no-repeat scroll 3px 50% \/ 14px 14px; position: absolute; opacity: 1; z-index: 8675309; display: none; cursor: pointer;\">Save<\/span><\/p>\n<p><span style=\"border-radius: 2px; text-indent: 20px; width: auto; padding: 0px 4px 0px 0px; text-align: center; font: bold 11px\/20px 'Helvetica Neue',Helvetica,sans-serif; color: #ffffff; background: #bd081c no-repeat scroll 3px 50% \/ 14px 14px; position: absolute; opacity: 1; z-index: 8675309; display: none; cursor: pointer;\">Save<\/span><\/p>\n<p><span style=\"border-radius: 2px; text-indent: 20px; width: auto; padding: 0px 4px 0px 0px; text-align: center; font: bold 11px\/20px 'Helvetica Neue',Helvetica,sans-serif; color: #ffffff; background: #bd081c no-repeat scroll 3px 50% \/ 14px 14px; position: absolute; opacity: 1; z-index: 8675309; display: none; cursor: pointer;\">Save<\/span><\/p>\n<p><span style=\"border-radius: 2px; text-indent: 20px; width: auto; padding: 0px 4px 0px 0px; text-align: center; font: bold 11px\/20px 'Helvetica Neue',Helvetica,sans-serif; color: #ffffff; background: #bd081c no-repeat scroll 3px 50% \/ 14px 14px; position: absolute; opacity: 1; z-index: 8675309; display: none; cursor: pointer;\">Save<\/span><\/p>\n","protected":false},"excerpt":{"rendered":"<p>L\u2019heroica Caterina Albert, dona del compte de Pallars Hug Roger III, resist\u00ed el setge al Castell de Val\u00e8ncia d\u2019\u00c0neu per [&hellip;]<\/p>\n","protected":false},"author":1,"featured_media":0,"parent":767,"menu_order":1,"comment_status":"closed","ping_status":"closed","template":"","meta":{"_bbp_topic_count":0,"_bbp_reply_count":0,"_bbp_total_topic_count":0,"_bbp_total_reply_count":0,"_bbp_voice_count":0,"_bbp_anonymous_reply_count":0,"_bbp_topic_count_hidden":0,"_bbp_reply_count_hidden":0,"_bbp_forum_subforum_count":0,"site-sidebar-layout":"default","site-content-layout":"","ast-site-content-layout":"default","site-content-style":"default","site-sidebar-style":"default","ast-global-header-display":"","ast-banner-title-visibility":"","ast-main-header-display":"","ast-hfb-above-header-display":"","ast-hfb-below-header-display":"","ast-hfb-mobile-header-display":"","site-post-title":"","ast-breadcrumbs-content":"","ast-featured-img":"","footer-sml-layout":"","theme-transparent-header-meta":"default","adv-header-id-meta":"","stick-header-meta":"","header-above-stick-meta":"","header-main-stick-meta":"","header-below-stick-meta":"","astra-migrate-meta-layouts":"set","ast-page-background-enabled":"default","ast-page-background-meta":{"desktop":{"background-color":"var(--ast-global-color-4)","background-image":"","background-repeat":"repeat","background-position":"center center","background-size":"auto","background-attachment":"scroll","background-type":"","background-media":"","overlay-type":"","overlay-color":"","overlay-opacity":"","overlay-gradient":""},"tablet":{"background-color":"","background-image":"","background-repeat":"repeat","background-position":"center center","background-size":"auto","background-attachment":"scroll","background-type":"","background-media":"","overlay-type":"","overlay-color":"","overlay-opacity":"","overlay-gradient":""},"mobile":{"background-color":"","background-image":"","background-repeat":"repeat","background-position":"center center","background-size":"auto","background-attachment":"scroll","background-type":"","background-media":"","overlay-type":"","overlay-color":"","overlay-opacity":"","overlay-gradient":""}},"ast-content-background-meta":{"desktop":{"background-color":"var(--ast-global-color-5)","background-image":"","background-repeat":"repeat","background-position":"center center","background-size":"auto","background-attachment":"scroll","background-type":"","background-media":"","overlay-type":"","overlay-color":"","overlay-opacity":"","overlay-gradient":""},"tablet":{"background-color":"var(--ast-global-color-5)","background-image":"","background-repeat":"repeat","background-position":"center center","background-size":"auto","background-attachment":"scroll","background-type":"","background-media":"","overlay-type":"","overlay-color":"","overlay-opacity":"","overlay-gradient":""},"mobile":{"background-color":"var(--ast-global-color-5)","background-image":"","background-repeat":"repeat","background-position":"center center","background-size":"auto","background-attachment":"scroll","background-type":"","background-media":"","overlay-type":"","overlay-color":"","overlay-opacity":"","overlay-gradient":""}},"footnotes":""},"class_list":["post-1509","page","type-page","status-publish","hentry"],"post_mailing_queue_ids":[],"_links":{"self":[{"href":"https:\/\/serveiseducatius.xtec.cat\/cda-vallsdaneu\/wp-json\/wp\/v2\/pages\/1509","targetHints":{"allow":["GET"]}}],"collection":[{"href":"https:\/\/serveiseducatius.xtec.cat\/cda-vallsdaneu\/wp-json\/wp\/v2\/pages"}],"about":[{"href":"https:\/\/serveiseducatius.xtec.cat\/cda-vallsdaneu\/wp-json\/wp\/v2\/types\/page"}],"author":[{"embeddable":true,"href":"https:\/\/serveiseducatius.xtec.cat\/cda-vallsdaneu\/wp-json\/wp\/v2\/users\/1"}],"replies":[{"embeddable":true,"href":"https:\/\/serveiseducatius.xtec.cat\/cda-vallsdaneu\/wp-json\/wp\/v2\/comments?post=1509"}],"version-history":[{"count":4,"href":"https:\/\/serveiseducatius.xtec.cat\/cda-vallsdaneu\/wp-json\/wp\/v2\/pages\/1509\/revisions"}],"predecessor-version":[{"id":11934,"href":"https:\/\/serveiseducatius.xtec.cat\/cda-vallsdaneu\/wp-json\/wp\/v2\/pages\/1509\/revisions\/11934"}],"up":[{"embeddable":true,"href":"https:\/\/serveiseducatius.xtec.cat\/cda-vallsdaneu\/wp-json\/wp\/v2\/pages\/767"}],"wp:attachment":[{"href":"https:\/\/serveiseducatius.xtec.cat\/cda-vallsdaneu\/wp-json\/wp\/v2\/media?parent=1509"}],"curies":[{"name":"wp","href":"https:\/\/api.w.org\/{rel}","templated":true}]}}