{"id":1444,"date":"2014-05-12T15:36:42","date_gmt":"2014-05-12T15:36:42","guid":{"rendered":"http:\/\/blocs.xtec.cat\/cdavallsdaneu2\/?page_id=1444"},"modified":"2025-03-28T10:09:53","modified_gmt":"2025-03-28T09:09:53","slug":"estirant-el-fil","status":"publish","type":"page","link":"https:\/\/serveiseducatius.xtec.cat\/cda-vallsdaneu\/ambits\/ambit-tecnologic\/estirant-el-fil\/","title":{"rendered":"Estirant el fil"},"content":{"rendered":"<div id=\"19CE4\" style=\"width: 600px; height: 400px; display: none;\"><img decoding=\"async\" src=\"https:\/\/lh3.googleusercontent.com\/u_MNGPFODi39vao_HdF39lOzw8MK336vKBkGR1DRokYUnHRHNXams4Q-PU3a1FnEE8vJYe5X5_UeilFazZjXCQb_9YG0f2E6euWuiaFrarGaNpEkFtyIRx82yYg6SzF85YkYj7oW1ukATEM2GCNUf9Bt1AdRTxfahVAcpluMF1ZSgGpZq3ZCp1sySID8w9miMLFOEyqCsmgaWQ1rAJtu1AJ2l3a-g0iIc9EWiaEcL2sZmrnSzroqTGAq7oDrG8g-KhPnwbZu0olZQ0tFg0FERO5SdZbvtHGdbHgVpS0bfNxvTuHZKPEJhSP43GqsvlEXngtNnnpmebel8B5NJbI-N0SF6rZ6LxUoipL43sVbghEDN90ZZ9D5OgBUftkpkwMLoq50f5F-RmLTI5NjkC7Dt8enf0MWnOD1IBbyzmPv2TtG6i3vtjpxMc1_Qbdb21-K_NIkzOgCL1lf-_Z1lO-Kdx6sEM-_CXJA5LB_inF_2WfwHStKW8tpHipGJwOh9BPoOa6c8cZfrN3jE0Tahruz-KOPxRVJjUOOdG1d0vBVBsvJ-GCmMuPSP5w_HmKsZ2wyu72NwhIeth4zKmpTCZjnySiSZPjAgWXj1FBh0LgYAaWwJwg0I1ak=w800-h600-no\" \/><br \/>\n<img decoding=\"async\" src=\"https:\/\/lh3.googleusercontent.com\/_RmmJWR4JgznzymOmHzlC_xm9hZF49AKzWUHxhZ3EJwTkkEol2ZtmDlUG0cl2aqnHtBOPVscuGzmhygx9bvrZduoFqEBLH7yflgX09Lxj_vSZd7ZFigSu11dQSbCR-sjqfadkRRKbOXn5z2ncD4iBe5GAcRoeCnxMjjUhncI5gi5tOqCgNSKxyFIje6ifHlFktaTM77_CKId4bpowlj8JxRV8_a9vDAZHQZ_PInsQ22DbtTqn8q20IwotPHu1WCQRoDoZwOQ-yoh2-lw30QZI3aiJTYMx8d0Kh5uboVwHXjBIWK4nQD7mwd3Auuq0nMs3PjrHCw_kyR5VsaYpKfrMUo9bP34hliZHhFTNBQx4L6MKGvLdb5d_Vb9rru3UOc0rAnIiwGsEjT8ZXsCI_V12e0l05RBk2kP5FRs18P_6VUTNbE0RbwbPxncQVTcb6-FJmVgkpM35ySLETOFK6AHuU8kpwVADNqS_vM7cTS3_W3gTdrYnPhxPR3rKXzBwIpoBJkPAdSH7EeNA4tVjd-Rg9jC8aup756W9n5OUvdKyne7sKsQp10GkG51sJyZjzzZgaXp2MRC1F8O93_nmiivthT2JsrxU35MOCgo4jxEhENu26Gwq18G=w800-h600-no\" \/><br \/>\n<img decoding=\"async\" src=\"https:\/\/lh3.googleusercontent.com\/5wWwqXmivvKdym_SA7eY7F-SzY_Ggn3BZt400VQrmBLT32um7L8zFc_5agnM9079nVD8TfUG4Jf1gz4WUU5z_ezYk6wV-FBMKRABx34967TvXtKSpzF2sEVGxbDs-NjSTgBzPuYWqV85PbFzstVO1UN_bY6Bhi5Yzp6SRkNpldLjHPSgsJPVj3H0YP_MN9Y73258S6kcBAg6HkB1u_DV3yEMO_oJv5SHNl9GpXyeuLju_apiiqkHb96QVb8UTpect_ZcpMDQAeKT1dHMtuv58brgon_i2vEKWdt0fZmjv4SAwkql8-fz0Cdr1NHtuxETBMVQ6RAWyo7rMnP3v6e5o98cq9T-zKm6oAUl3RNytofnFqrBjHap4xLneuQ2c37DAov4XITl4YKIyFp8-JuFKtyQl_tdIYyQMZsegpXXE3NcoXLdo7OPFvKdl-TnLf0HPY2FiroI0itSz9A0efAs7AM2hM5GtJwPcIhet6jDJDazj2Xz8sfVcrR0K_S2Kzceu74quS7rVUKfaOL8CHVsphD-TD6Sd8sDZh3gnsJXC5O55w5G--R95yQhoz3Une6fVB0ZXMCu9gNQyfOE7BrsoSXSXDTjI3RcRgTTBAhcJBZQRdfJK6_U=w800-h600-no\" \/><br \/>\n<img decoding=\"async\" src=\"https:\/\/lh3.googleusercontent.com\/_7AjCajx2ll7v_pHsn3dQXFX-UY-qw7UvOs9966YUGcklNkkeDgvfngH-R7vMPnBnqTkaFpmpaK_R39RN_UVCNZ8arQQrV5KC6Rs--7UxkzyKxyA5cYAP5FJGZOVDPz_XvQX2tSKB4GKePNV9YCxS3CSdoNGbasfRJcBg_M8IV-Ez9brXofDWDzCgaJ9kPXJRsoWjf6DH4EsHpnt8swdeDa4OxzqmDyDTizYuQLjD-6IiGErhzPBe1NZcI4k2muKZnaoBVI7kKFJre6uJcyUHbK2P8DiflHmfae-F95AfkyOplmsnJvafVj-N7OBRzsvIDofjS9JqKGB5ASKzXewB7KYT0OEfTzofCxd3m_CW3KgDxCYsz005VSZ7-FWxKitM4Nfc_EXJQvVqoyIWZQ1ASfmrPJIiB4WmcOOkyRClltriDYiz_k33qLhTd2p_2fENji26Uz9zpIgzD44FriGpcq2yYjZKctGXAQPaB7e66NdxSI_wF012rI2HM1Qz6YT-8910CwKf5pG8Tr_bDoSDT0IThrAF7YJMbhURrh5WX2EFREEM3H1wZDbevLtFFaLNStzN_yJI4Mh6idTPMHDRXM3pdkfPNerIh1JXEHvUnUTOtuE_Q4z=w800-h600-no\" \/><br \/>\n<img decoding=\"async\" src=\"https:\/\/lh3.googleusercontent.com\/C9t0HatD604jB80XDXmQ2a-9aNI8_oxq9-iRDXFNX1fu01MRMqLX6OawUtU0Mz0saVE7O1RN6aV30sYEOa0qIEsiddi-fniX9FxoSH0gnnYYgmJhgVw8nyBlBw14bCVCQ0ivkgg77iN_YC8_DvQKUGDCV7wvZfUBscHtMYYpQAdsiyNDOOCVmYVpePudjC7gwaAObJv-x8fQtqUt7VSZ-zc1hUZf1MnjqHEX7UO3Nk_VNdIm0OBYFsMsM3ZUFnMsVjXhM5bGJpMUr_eQoDQv3K5J7EUdV1HfAgaKYaXrWVVu2wzHHP_NUHDbPHAj4esHRSmHknZbwoMqgY47jdblggKkKF32VSuHQvETFMjgiMqoeGy9zdr2mwmwJBzF0Lj5r8IZYIXzpxnkUHFvrLaAdAv7M-azUk6CT_pXZzoOgZLH0gbdCjHuoBC1urEiHQRjekcM6fFwjdPV9MGfkgFGDYWsNrZ9PAGh3aeRVVvsAIrhUc6pd39ONRT0p_GzhwLUkiXbx82fI6lFk-56a9m09fN_jjok5RIgIvem6spkmpiigVX8byei-70ZPhrzKXWx__8Jc-C45e9EywLojxhw3Rup2UHi-ndz19kjNeI5wVeGP3zZ_y6D=w800-h600-no\" \/><br \/>\n<img decoding=\"async\" src=\"https:\/\/lh3.googleusercontent.com\/F0lXptr67XLEGxOGkMMaLycLxDBiGG8_UvPQz1yDzlYWyh7mZPdE-SoTbWjC0rFZdqH4jwSxO5dFIvBCuU2hyHEZbZOkY9Kftbt0i_WJubvJG_EmFjfgyLbDuNT2aXY5xnTOI868XAxXQ09J5xR1A3oSAzTTeLkD2hoK7gZq1Ss9mFOc12DnyxJ4Pod9mFz8Ad6VXcEvdiJcLFAA5FuYtmwaSZ1iYOfzQvds8SGQhEDoW_v8wwRZIt_EvqrPugKsRfv8Pp2xAczz-ufFeDWCi1PGWIQwH9Keqhtahpyi0HchX7OWTAcireZYoZo86_yIOrFgbCZu60ZfPcDMIElPRqZa2vaXU40h0MWxJfp1CaVAIb2X-COCqGWaaig8RgV5u925kxUO2G6p47b3fh1ShLIDnH71WGR3BfbYMXhsjrFjMY3S7A8DvmMjWJOqc2IOPykbxcDuZRyr3BYcVZ72Aca9_ginXWRuIyT9X4LVqxyFLeg-72sGo8Tjwgi5X1FPuaW93eKvVruKuJPpiffStZ7zPLYXT_XppQny2Dv0ec41pW5rxY_iFb1eKnvvUsFjxnnWCpfPFd_OOlX-Y2tYJv7EKjx2wDf--saptVK_qPg9ChxAm5M8=w800-h600-no\" \/><\/div>\n\r\n\t<div class=\"slideshow_container slideshow_container_style-light\" style=\" \" data-slideshow-id=\"11151\" data-style-name=\"style-light\" data-style-version=\"2.3.1\" >\r\n\r\n\t\t\t\t\t<div class=\"slideshow_loading_icon\"><\/div>\r\n\t\t\r\n\t\t<div class=\"slideshow_content\" style=\"display: none;\">\r\n\r\n\t\t\t<div class=\"slideshow_view\">\r\n\t\t\t\t<div class=\"slideshow_slide slideshow_slide_image\">\r\n\t\t\t\t\t\t\t\t\t\t\t<img src=\"https:\/\/serveiseducatius.xtec.cat\/cda-vallsdaneu\/wp-content\/uploads\/usu1375\/2025\/03\/detall-llana-4-1.jpg\" alt=\"detall llana 4\" width=\"640\" height=\"480\" \/>\r\n\t\t\t\t\t\t\t\t\t\t<div class=\"slideshow_description_box slideshow_transparent\">\r\n\t\t\t\t\t\t<div class=\"slideshow_title\">detall llana 4<\/div>\t\t\t\t\t\t\t\t\t\t\t<\/div>\r\n\t\t\t\t<\/div>\r\n\r\n\t\t\t\t\t\t\r\n\t\t\t\t<div class=\"slideshow_slide slideshow_slide_image\">\r\n\t\t\t\t\t\t\t\t\t\t\t<img src=\"https:\/\/serveiseducatius.xtec.cat\/cda-vallsdaneu\/wp-content\/uploads\/usu1375\/2025\/03\/IMG_20250331_101551-1-scaled.jpg\" alt=\"IMG_20250331_101551 (1)\" width=\"2560\" height=\"1920\" \/>\r\n\t\t\t\t\t\t\t\t\t\t<div class=\"slideshow_description_box slideshow_transparent\">\r\n\t\t\t\t\t\t<div class=\"slideshow_title\">IMG_20250331_101551 (1)<\/div>\t\t\t\t\t\t\t\t\t\t\t<\/div>\r\n\t\t\t\t<\/div>\r\n\r\n\t\t\t\t\t\t<div style=\"clear: both;\"><\/div><\/div><div class=\"slideshow_view\">\r\n\t\t\t\t<div class=\"slideshow_slide slideshow_slide_image\">\r\n\t\t\t\t\t\t\t\t\t\t\t<img src=\"https:\/\/serveiseducatius.xtec.cat\/cda-vallsdaneu\/wp-content\/uploads\/usu1375\/2025\/03\/llana-1-1.png\" alt=\"llana 1 (1)\" width=\"1171\" height=\"879\" \/>\r\n\t\t\t\t\t\t\t\t\t\t<div class=\"slideshow_description_box slideshow_transparent\">\r\n\t\t\t\t\t\t<div class=\"slideshow_title\">llana 1 (1)<\/div>\t\t\t\t\t\t\t\t\t\t\t<\/div>\r\n\t\t\t\t<\/div>\r\n\r\n\t\t\t\t\t\t\r\n\t\t\t\t<div class=\"slideshow_slide slideshow_slide_image\">\r\n\t\t\t\t\t\t\t\t\t\t\t<img src=\"https:\/\/serveiseducatius.xtec.cat\/cda-vallsdaneu\/wp-content\/uploads\/usu1375\/2025\/03\/llana-2-1.png\" alt=\"llana 2 (1)\" width=\"1173\" height=\"881\" \/>\r\n\t\t\t\t\t\t\t\t\t\t<div class=\"slideshow_description_box slideshow_transparent\">\r\n\t\t\t\t\t\t<div class=\"slideshow_title\">llana 2 (1)<\/div>\t\t\t\t\t\t\t\t\t\t\t<\/div>\r\n\t\t\t\t<\/div>\r\n\r\n\t\t\t\t\t\t<div style=\"clear: both;\"><\/div><\/div><div class=\"slideshow_view\">\r\n\t\t\t\t<div class=\"slideshow_slide slideshow_slide_image\">\r\n\t\t\t\t\t\t\t\t\t\t\t<img src=\"https:\/\/serveiseducatius.xtec.cat\/cda-vallsdaneu\/wp-content\/uploads\/usu1375\/2025\/03\/WhatsApp-Image-2025-02-21-at-17.06.46-1-1.jpeg\" alt=\"WhatsApp Image 2025-02-21 at 17.06.46 (1)\" width=\"1536\" height=\"2048\" \/>\r\n\t\t\t\t\t\t\t\t\t\t<div class=\"slideshow_description_box slideshow_transparent\">\r\n\t\t\t\t\t\t<div class=\"slideshow_title\">WhatsApp Image 2025-02-21 at 17.06.46 (1)<\/div>\t\t\t\t\t\t\t\t\t\t\t<\/div>\r\n\t\t\t\t<\/div>\r\n\r\n\t\t\t\t\t\t\r\n\t\t\t\t<div class=\"slideshow_slide slideshow_slide_image\">\r\n\t\t\t\t\t\t\t\t\t\t\t<img src=\"https:\/\/serveiseducatius.xtec.cat\/cda-vallsdaneu\/wp-content\/uploads\/usu1375\/2025\/03\/WhatsApp-Image-2023-10-02-at-16.19.48-1-1.jpeg\" alt=\"WhatsApp Image 2023-10-02 at 16.19.48 (1)\" width=\"2000\" height=\"1500\" \/>\r\n\t\t\t\t\t\t\t\t\t\t<div class=\"slideshow_description_box slideshow_transparent\">\r\n\t\t\t\t\t\t<div class=\"slideshow_title\">WhatsApp Image 2023-10-02 at 16.19.48 (1)<\/div>\t\t\t\t\t\t\t\t\t\t\t<\/div>\r\n\t\t\t\t<\/div>\r\n\r\n\t\t\t\t\t\t<div style=\"clear: both;\"><\/div><\/div><div class=\"slideshow_view\">\r\n\t\t\t\t<div class=\"slideshow_slide slideshow_slide_image\">\r\n\t\t\t\t\t\t\t\t\t\t\t<img src=\"https:\/\/serveiseducatius.xtec.cat\/cda-vallsdaneu\/wp-content\/uploads\/usu1375\/2025\/03\/IMG-20211119-WA0012.jpg\" alt=\"IMG-20211119-WA0012\" width=\"1600\" height=\"1200\" \/>\r\n\t\t\t\t\t\t\t\t\t\t<div class=\"slideshow_description_box slideshow_transparent\">\r\n\t\t\t\t\t\t<div class=\"slideshow_title\">IMG-20211119-WA0012<\/div>\t\t\t\t\t\t\t\t\t\t\t<\/div>\r\n\t\t\t\t<\/div>\r\n\r\n\t\t\t\t\t\t<div style=\"clear: both;\"><\/div><\/div>\r\n\t\t<\/div>\r\n\r\n\t\t<div class=\"slideshow_controlPanel slideshow_transparent\" style=\"display: none;\"><ul><li class=\"slideshow_togglePlay\" data-play-text=\"Visualitza\" data-pause-text=\"Pausa\"><\/li><\/ul><\/div>\r\n\r\n\t\t<div class=\"slideshow_button slideshow_previous slideshow_transparent\" role=\"button\" data-previous-text=\"Anterior\" style=\"display: none;\"><\/div>\r\n\t\t<div class=\"slideshow_button slideshow_next slideshow_transparent\" role=\"button\" data-next-text=\"Seg\u00fcent\" style=\"display: none;\"><\/div>\r\n\r\n\t\t<div class=\"slideshow_pagination\" style=\"display: none;\" data-go-to-text=\"V\u00e9s a la diapositiva\"><div class=\"slideshow_pagination_center\"><\/div><\/div>\r\n\r\n\t\t<!-- WordPress Slideshow Version 2.3.1 -->\r\n\r\n\t\t\t<\/div>\r\n\r\n\n<p>Taller per con\u00e8ixer totes les fases del proc\u00e9s d&#8217;obtenci\u00f3 de fil de llana. Durant el taller descobrirem tots els passos que ha de seguir la llana des de que surt de l&#8217;ovella fins que tenim un objecte acabat.<\/p>\n<ul>\n<li><span style=\"color: #008000;\">La xolla de l&#8217;ovella, la neteja del vell\u00f3 i el cardatge de la llana.<\/span><\/li>\n<li><span style=\"color: #008000;\">Filar, ret\u00f2rcer i fer cabdells.<\/span><\/li>\n<li><span style=\"color: #008000;\">Teixir: a m\u00e0, amb ganxet, amb teler de m\u00e0 i amb teler de pedals.<\/span><\/li>\n<li><span style=\"color: #008000;\">Altres aplicacions de la llana: elaboraci\u00f3 d&#8217;objectes de feltre.<\/span><\/li>\n<\/ul>\n<p>El taller consta d&#8217;una presentaci\u00f3 del proc\u00e9s de la llana i l&#8217;elaboraci\u00f3 d&#8217;un producte amb la t\u00e8cnica d&#8217;enfeltrat.<\/p>\n<p><strong>Material necessari:<\/strong> llana, cardes, fil, telers, fusos, retorcedors, ganxets, &#8230;<br \/>\n<strong>Durada:<\/strong> Un mat\u00ed o una tarda<br \/>\n<strong>Cursos:\u00a0<\/strong> INF, CI,CM, CS i ESO<\/p>\n<p><a href=\"https:\/\/drive.google.com\/file\/d\/1H-1Dnr_ldHOv9zGZVDevSXvhPxDNjnRg\/view?usp=drive_link\" target=\"_blank\" rel=\"noopener\"><img loading=\"lazy\" decoding=\"async\" class=\"alignnone wp-image-8681 size-thumbnail\" src=\"http:\/\/serveiseducatius.xtec.cat\/cda-vallsdaneu\/wp-content\/uploads\/usu1375\/2014\/04\/fitxa-activitat-150x150.png\" alt=\"fitxa activitat\" width=\"150\" height=\"150\" srcset=\"https:\/\/serveiseducatius.xtec.cat\/cda-vallsdaneu\/wp-content\/uploads\/usu1375\/2014\/04\/fitxa-activitat-150x150.png 150w, https:\/\/serveiseducatius.xtec.cat\/cda-vallsdaneu\/wp-content\/uploads\/usu1375\/2014\/04\/fitxa-activitat.png 225w\" sizes=\"auto, (max-width: 150px) 100vw, 150px\" \/><\/a><\/p>\n","protected":false},"excerpt":{"rendered":"<p>Taller per con\u00e8ixer totes les fases del proc\u00e9s d&#8217;obtenci\u00f3 de fil de llana. Durant el taller descobrirem tots els passos [&hellip;]<\/p>\n","protected":false},"author":1,"featured_media":0,"parent":8396,"menu_order":3,"comment_status":"closed","ping_status":"closed","template":"","meta":{"_bbp_topic_count":0,"_bbp_reply_count":0,"_bbp_total_topic_count":0,"_bbp_total_reply_count":0,"_bbp_voice_count":0,"_bbp_anonymous_reply_count":0,"_bbp_topic_count_hidden":0,"_bbp_reply_count_hidden":0,"_bbp_forum_subforum_count":0,"site-sidebar-layout":"default","site-content-layout":"","ast-site-content-layout":"default","site-content-style":"default","site-sidebar-style":"default","ast-global-header-display":"","ast-banner-title-visibility":"","ast-main-header-display":"","ast-hfb-above-header-display":"","ast-hfb-below-header-display":"","ast-hfb-mobile-header-display":"","site-post-title":"","ast-breadcrumbs-content":"","ast-featured-img":"","footer-sml-layout":"","theme-transparent-header-meta":"default","adv-header-id-meta":"","stick-header-meta":"","header-above-stick-meta":"","header-main-stick-meta":"","header-below-stick-meta":"","astra-migrate-meta-layouts":"set","ast-page-background-enabled":"default","ast-page-background-meta":{"desktop":{"background-color":"var(--ast-global-color-4)","background-image":"","background-repeat":"repeat","background-position":"center center","background-size":"auto","background-attachment":"scroll","background-type":"","background-media":"","overlay-type":"","overlay-color":"","overlay-opacity":"","overlay-gradient":""},"tablet":{"background-color":"","background-image":"","background-repeat":"repeat","background-position":"center center","background-size":"auto","background-attachment":"scroll","background-type":"","background-media":"","overlay-type":"","overlay-color":"","overlay-opacity":"","overlay-gradient":""},"mobile":{"background-color":"","background-image":"","background-repeat":"repeat","background-position":"center center","background-size":"auto","background-attachment":"scroll","background-type":"","background-media":"","overlay-type":"","overlay-color":"","overlay-opacity":"","overlay-gradient":""}},"ast-content-background-meta":{"desktop":{"background-color":"var(--ast-global-color-5)","background-image":"","background-repeat":"repeat","background-position":"center center","background-size":"auto","background-attachment":"scroll","background-type":"","background-media":"","overlay-type":"","overlay-color":"","overlay-opacity":"","overlay-gradient":""},"tablet":{"background-color":"var(--ast-global-color-5)","background-image":"","background-repeat":"repeat","background-position":"center center","background-size":"auto","background-attachment":"scroll","background-type":"","background-media":"","overlay-type":"","overlay-color":"","overlay-opacity":"","overlay-gradient":""},"mobile":{"background-color":"var(--ast-global-color-5)","background-image":"","background-repeat":"repeat","background-position":"center center","background-size":"auto","background-attachment":"scroll","background-type":"","background-media":"","overlay-type":"","overlay-color":"","overlay-opacity":"","overlay-gradient":""}},"footnotes":""},"class_list":["post-1444","page","type-page","status-publish","hentry"],"post_mailing_queue_ids":[],"_links":{"self":[{"href":"https:\/\/serveiseducatius.xtec.cat\/cda-vallsdaneu\/wp-json\/wp\/v2\/pages\/1444","targetHints":{"allow":["GET"]}}],"collection":[{"href":"https:\/\/serveiseducatius.xtec.cat\/cda-vallsdaneu\/wp-json\/wp\/v2\/pages"}],"about":[{"href":"https:\/\/serveiseducatius.xtec.cat\/cda-vallsdaneu\/wp-json\/wp\/v2\/types\/page"}],"author":[{"embeddable":true,"href":"https:\/\/serveiseducatius.xtec.cat\/cda-vallsdaneu\/wp-json\/wp\/v2\/users\/1"}],"replies":[{"embeddable":true,"href":"https:\/\/serveiseducatius.xtec.cat\/cda-vallsdaneu\/wp-json\/wp\/v2\/comments?post=1444"}],"version-history":[{"count":4,"href":"https:\/\/serveiseducatius.xtec.cat\/cda-vallsdaneu\/wp-json\/wp\/v2\/pages\/1444\/revisions"}],"predecessor-version":[{"id":11937,"href":"https:\/\/serveiseducatius.xtec.cat\/cda-vallsdaneu\/wp-json\/wp\/v2\/pages\/1444\/revisions\/11937"}],"up":[{"embeddable":true,"href":"https:\/\/serveiseducatius.xtec.cat\/cda-vallsdaneu\/wp-json\/wp\/v2\/pages\/8396"}],"wp:attachment":[{"href":"https:\/\/serveiseducatius.xtec.cat\/cda-vallsdaneu\/wp-json\/wp\/v2\/media?parent=1444"}],"curies":[{"name":"wp","href":"https:\/\/api.w.org\/{rel}","templated":true}]}}