{"id":1440,"date":"2014-05-12T15:15:29","date_gmt":"2014-05-12T15:15:29","guid":{"rendered":"http:\/\/blocs.xtec.cat\/cdavallsdaneu2\/?page_id=1440"},"modified":"2023-06-26T11:26:10","modified_gmt":"2023-06-26T09:26:10","slug":"taller-darc-de-mig-punt","status":"publish","type":"page","link":"https:\/\/serveiseducatius.xtec.cat\/cda-vallsdaneu\/ambits\/ambit-social\/taller-darc-de-mig-punt\/","title":{"rendered":"Taller d&#8217;arc de mig punt"},"content":{"rendered":"<div id=\"1A22A\" style=\"width: 600px; height: 400px; display: none;\"><img decoding=\"async\" src=\"https:\/\/lh3.googleusercontent.com\/PgFhBx-etvp_2meMmgvUoKF1hPV-2MRIACQoempJU6sm7EQkG-JoPTf0tgR6A76mFlAv6MQhHwIDjYzHNGeDyUnlZnlLSWXyHm7kA15R3pVh4VL1sfm4KQW_m0qM65PCOeVDKJygYxyeScVebjhObltS-4ARwGbMTCO54tBjdYAqOi4E7vh-2FyD25eEphqg6YJupFzP4ZwC0_IfEOtzL3HnxVgxyueEISdQPODyZJoe39sv4LhH0nURC03Q2K9DsKEOCz25IeXWVHczZwP9txA69Qf8IH4rSJZKziH_ZTatIxUuZHqvUTCXeUVv8lKFogpO_k5mEHUvcsu8NAHcbZprzCK07HNLriGbZ0OTie2OmFoNiHlb6cdPip0Gc6guADUpz2OaXc_IB06eGmqM-rhhpIikC9uG84U1BQqKaREvCx-121s7FY75KerE1fLdtCk-EEB8EjRTePF2bvXIxut-TQMjpCcWjDV96c5xfiDN2STvxvE6ISjpIXGekE61KlV5trMJplSxcqzj4InO9jVJ-ZM_it-U4Z8vFeuTcZgtq543yQoWlb2oS5pgkRkDIXAcL0nQ2p0TCuEuWpgU1PuP4-87KmrMrZabscNV5RQUEQcQr6fe=w800-h600-no\" \/><br \/>\n<img decoding=\"async\" src=\"https:\/\/lh3.googleusercontent.com\/OqYLBkJxDhMM9ijmj14J7Fa26ietcDP2sBLPx60NVxdhqbQPyv7-NuGgAaW-eViOsBl-Raf7dj4mcWFGOQIe-l71HK2gdAHttf9UtVGiRBb2fEGb8Uk3uuPYUCFrxYBnuDIksAN_CGY5VVwItCI_2zELtauCEyd8hdkKfCPmm7pfWgIewfTqNX4mAe84cmlzailgTvETuB7nTqY1OQVw9V2K6t8_lkhmFHxShPuZFntOGTkW6kKmH0TekL2q1oO7IV2Qqy5mONPP894YRepmIC_5LIoRkYdwXD_F2zq29JcZFM3E4_HGrpfZ6s53NVp7Rw7aOxo-NtVYxa_ZE603KmrzOKv7i2EwE3hO0ha2rXWydnJ3_de8gHwedADh8bpRt-5DK_K49lfKdoT5iBjjDUqFPCljTjsSFjtX_E7bwo51_MQ29rBEkxgyDpwbwnasu6hpwhMkBfasPna9M6_tsrhQDNnaDPjpm2RW9YMwApL_aXUoAKoA1Cb24xW-fVoOS2cd2QBHC57SS8Yy15gc3yY66ByayRfdDobF0TsJG-XjL6N7pxzE280DboC1VIqsmM1V3UD8AXjvrs28VV9ZQGKc29doXOs-tLfQgoy_rxQhGWq7eJae=w800-h600-no\" \/><br \/>\n<img decoding=\"async\" src=\"https:\/\/lh3.googleusercontent.com\/MtSyY0upAtWzqGRTq66mOA-kwSFQ-EA0hL1LM3_GOUhRh1TOO4QbUILSmDARHy2ieioenH2P-2_ItL0ACwSzmAw_-QexMX4nTpVWX8yOBAqvA_KWjE9ww3pDt8N0j89A2msg17cdQuVSqDZj-0M-izpOSD2nNyjXfx3JeXJTmi3Pql8vxLOs_KkGKfPXrGpBBh2jRyKKlrK5NFWi9x9QLSkEQSrdzpdb3jd-26LOdcT_SSFe9cjRxM_78ZuwosowmRw1D5AU8ErV0ND9VrKhOYeK0Yfs22pH6U5fvIPjI2qf3-dDrjRCnXDCj8jqYyKuwyl5nXW4vVvJY97aOwiWiOdm8S1UgnJY7AZyC_nrXiBTtPz955C4Db5ZZ01Eg1oKSaoC8wuBQg8F_2TVRmXPmIbsbdD3Ufo3jNPLbVO2RJ-Uxmh__UBX6TcURs6BVsP59Vzw6XmP_5jce1VeMZzqiJYkVCbrFy9ewGh740AejkespOtgb4LSi8SFb0orURFtamRdAHK8XjzFbCHijMqLFX_OqIaGI-J6nM1enV6R1Fylb9xUC1B14vBExQv3esGr_mHSCfrQJyNjC0l276StciKrpMMX2bs_PuZrssmS8KFX6etMTN9z=w800-h600-no\" \/><br \/>\n<img decoding=\"async\" src=\"https:\/\/lh3.googleusercontent.com\/fE21jXCuemT9uTsBp5683K57ub8vRPK-qOtnELLugyttNJZmWdSs2kR_26BEqyWSKlOBE4PZTMHxWDaSdiGo_Twe65qTtjWZav25X_-J5qJW8aPObSva_orAiUysJ9nuk8g_HGmVLGVD1fXbiRoEwEVaDaWYQ6q0nTQGRv9Gr8f4pwlVIdkV6r_tZmquiQqdy2d1z29zDU-8k7b67I-Xd2Vd-koqBfAvouOrxUfuiOzsou_STlMDm_V4GKTmvoAhbpFZSjReAS_QjvaRaGdsT4QUHJhFxu0-y56UyXTiauge-KoLcrGxgjOF67hJx7F11E_xmAluICEc15rc6tRMkMEZpHab0MRXlqwr1Z794k3TdZGrirQH6xvTA8fU9L_YQcfGDq8d-fcLVECKqM4IvXXBnF-ARnyNDbS6JFj_SBaDW48ubYo2kumH4XMlzWNQWcTBDNSBNuPsP_uNtBHr7KHqFs2pQyBINV_MTv_7buuIl3wXKw8-l9j0khKVg20-M-ycbTdpZJFKwp_rgYIJPKwYueTHl_HXBMgt5OAZlJ8QfPtk-EoxaArxUovjK6aQPg9dGny3-oURabu1z5q3xDajXwgwdyFivDyAkWGtxujJzcPFCR7b=w800-h600-no\" \/><\/div>\n\r\n\t<div class=\"slideshow_container slideshow_container_style-light\" style=\" \" data-slideshow-id=\"11141\" data-style-name=\"style-light\" data-style-version=\"2.3.1\" >\r\n\r\n\t\t\t\t\t<div class=\"slideshow_loading_icon\"><\/div>\r\n\t\t\r\n\t\t<div class=\"slideshow_content\" style=\"display: none;\">\r\n\r\n\t\t\t<div class=\"slideshow_view\">\r\n\t\t\t\t<div class=\"slideshow_slide slideshow_slide_image\">\r\n\t\t\t\t\t\t\t\t\t\t\t<img src=\"https:\/\/serveiseducatius.xtec.cat\/cda-vallsdaneu\/wp-content\/uploads\/usu1375\/2025\/03\/DSC00527-scaled.jpg\" alt=\"SONY DSC\" width=\"2560\" height=\"1439\" \/>\r\n\t\t\t\t\t\t\t\t\t\t<div class=\"slideshow_description_box slideshow_transparent\">\r\n\t\t\t\t\t\t<div class=\"slideshow_title\">SONY DSC<\/div>\t\t\t\t\t\t\t\t\t\t\t<\/div>\r\n\t\t\t\t<\/div>\r\n\r\n\t\t\t\t\t\t\r\n\t\t\t\t<div class=\"slideshow_slide slideshow_slide_image\">\r\n\t\t\t\t\t\t\t\t\t\t\t<img src=\"https:\/\/serveiseducatius.xtec.cat\/cda-vallsdaneu\/wp-content\/uploads\/usu1375\/2025\/03\/DSC00521-scaled.jpg\" alt=\"SONY DSC\" width=\"2560\" height=\"1439\" \/>\r\n\t\t\t\t\t\t\t\t\t\t<div class=\"slideshow_description_box slideshow_transparent\">\r\n\t\t\t\t\t\t<div class=\"slideshow_title\">SONY DSC<\/div>\t\t\t\t\t\t\t\t\t\t\t<\/div>\r\n\t\t\t\t<\/div>\r\n\r\n\t\t\t\t\t\t<div style=\"clear: both;\"><\/div><\/div><div class=\"slideshow_view\">\r\n\t\t\t\t<div class=\"slideshow_slide slideshow_slide_image\">\r\n\t\t\t\t\t\t\t\t\t\t\t<img src=\"https:\/\/serveiseducatius.xtec.cat\/cda-vallsdaneu\/wp-content\/uploads\/usu1375\/2025\/03\/DSC00490-scaled.jpg\" alt=\"SONY DSC\" width=\"2560\" height=\"1439\" \/>\r\n\t\t\t\t\t\t\t\t\t\t<div class=\"slideshow_description_box slideshow_transparent\">\r\n\t\t\t\t\t\t<div class=\"slideshow_title\">SONY DSC<\/div>\t\t\t\t\t\t\t\t\t\t\t<\/div>\r\n\t\t\t\t<\/div>\r\n\r\n\t\t\t\t\t\t<div style=\"clear: both;\"><\/div><\/div>\r\n\t\t<\/div>\r\n\r\n\t\t<div class=\"slideshow_controlPanel slideshow_transparent\" style=\"display: none;\"><ul><li class=\"slideshow_togglePlay\" data-play-text=\"Visualitza\" data-pause-text=\"Pausa\"><\/li><\/ul><\/div>\r\n\r\n\t\t<div class=\"slideshow_button slideshow_previous slideshow_transparent\" role=\"button\" data-previous-text=\"Anterior\" style=\"display: none;\"><\/div>\r\n\t\t<div class=\"slideshow_button slideshow_next slideshow_transparent\" role=\"button\" data-next-text=\"Seg\u00fcent\" style=\"display: none;\"><\/div>\r\n\r\n\t\t<div class=\"slideshow_pagination\" style=\"display: none;\" data-go-to-text=\"V\u00e9s a la diapositiva\"><div class=\"slideshow_pagination_center\"><\/div><\/div>\r\n\r\n\t\t<!-- WordPress Slideshow Version 2.3.1 -->\r\n\r\n\t\t\t<\/div>\r\n\r\n\n<p>Iniciaci\u00f3 al m\u00f3n de l&#8217;arquitectura tot reproduint els passos necessaris per a construir un arc de mig punt. \u00c9s un taller manipulatiu que es realitza en un espai interior del CdA. \u00c9s una activitat complement\u00e0ria a les activitats on es tracta l&#8217;arquitectura d&#8217;estil rom\u00e0nic (Esgl\u00e9sia de Sant Just i Sant Pastor de Son, Santa Maria d&#8217;\u00c0neu o Sant Pere del Burgal).<\/p>\n<p><strong>Material necessari:<\/strong> Arcs i bastides de fusta fets a escala<br \/>\n<strong>Durada:<\/strong> 1h15&#8242;<br \/>\n<strong>Activitat complement\u00e0ria: <\/strong>Evoluci\u00f3 d&#8217;una esgl\u00e9sia (esgl\u00e9sia de Sant Just i Sant Pastor de Son) o Sant Pere del Burgal.<br \/>\n<strong>Cursos:<\/strong> CM, CS, ESO<\/p>\n<p><a href=\"https:\/\/drive.google.com\/file\/d\/1IqPoU7AAQ0B3FN-5ZyZL2bKAOluXm6lD\/view?usp=drive_link\" target=\"_blank\" rel=\"noopener\"><img loading=\"lazy\" decoding=\"async\" class=\"alignnone wp-image-8681 size-thumbnail\" src=\"http:\/\/serveiseducatius.xtec.cat\/cda-vallsdaneu\/wp-content\/uploads\/usu1375\/2014\/04\/fitxa-activitat-150x150.png\" alt=\"fitxa activitat\" width=\"150\" height=\"150\" srcset=\"https:\/\/serveiseducatius.xtec.cat\/cda-vallsdaneu\/wp-content\/uploads\/usu1375\/2014\/04\/fitxa-activitat-150x150.png 150w, https:\/\/serveiseducatius.xtec.cat\/cda-vallsdaneu\/wp-content\/uploads\/usu1375\/2014\/04\/fitxa-activitat.png 225w\" sizes=\"auto, (max-width: 150px) 100vw, 150px\" \/><\/a><\/p>\n","protected":false},"excerpt":{"rendered":"<p>Iniciaci\u00f3 al m\u00f3n de l&#8217;arquitectura tot reproduint els passos necessaris per a construir un arc de mig punt. \u00c9s un [&hellip;]<\/p>\n","protected":false},"author":1,"featured_media":0,"parent":767,"menu_order":8,"comment_status":"closed","ping_status":"closed","template":"","meta":{"_bbp_topic_count":0,"_bbp_reply_count":0,"_bbp_total_topic_count":0,"_bbp_total_reply_count":0,"_bbp_voice_count":0,"_bbp_anonymous_reply_count":0,"_bbp_topic_count_hidden":0,"_bbp_reply_count_hidden":0,"_bbp_forum_subforum_count":0,"site-sidebar-layout":"default","site-content-layout":"","ast-site-content-layout":"","site-content-style":"default","site-sidebar-style":"default","ast-global-header-display":"","ast-banner-title-visibility":"","ast-main-header-display":"","ast-hfb-above-header-display":"","ast-hfb-below-header-display":"","ast-hfb-mobile-header-display":"","site-post-title":"","ast-breadcrumbs-content":"","ast-featured-img":"","footer-sml-layout":"","theme-transparent-header-meta":"","adv-header-id-meta":"","stick-header-meta":"","header-above-stick-meta":"","header-main-stick-meta":"","header-below-stick-meta":"","astra-migrate-meta-layouts":"default","ast-page-background-enabled":"default","ast-page-background-meta":{"desktop":{"background-color":"var(--ast-global-color-4)","background-image":"","background-repeat":"repeat","background-position":"center center","background-size":"auto","background-attachment":"scroll","background-type":"","background-media":"","overlay-type":"","overlay-color":"","overlay-opacity":"","overlay-gradient":""},"tablet":{"background-color":"","background-image":"","background-repeat":"repeat","background-position":"center center","background-size":"auto","background-attachment":"scroll","background-type":"","background-media":"","overlay-type":"","overlay-color":"","overlay-opacity":"","overlay-gradient":""},"mobile":{"background-color":"","background-image":"","background-repeat":"repeat","background-position":"center center","background-size":"auto","background-attachment":"scroll","background-type":"","background-media":"","overlay-type":"","overlay-color":"","overlay-opacity":"","overlay-gradient":""}},"ast-content-background-meta":{"desktop":{"background-color":"var(--ast-global-color-5)","background-image":"","background-repeat":"repeat","background-position":"center center","background-size":"auto","background-attachment":"scroll","background-type":"","background-media":"","overlay-type":"","overlay-color":"","overlay-opacity":"","overlay-gradient":""},"tablet":{"background-color":"var(--ast-global-color-5)","background-image":"","background-repeat":"repeat","background-position":"center center","background-size":"auto","background-attachment":"scroll","background-type":"","background-media":"","overlay-type":"","overlay-color":"","overlay-opacity":"","overlay-gradient":""},"mobile":{"background-color":"var(--ast-global-color-5)","background-image":"","background-repeat":"repeat","background-position":"center center","background-size":"auto","background-attachment":"scroll","background-type":"","background-media":"","overlay-type":"","overlay-color":"","overlay-opacity":"","overlay-gradient":""}},"footnotes":""},"class_list":["post-1440","page","type-page","status-publish","hentry"],"post_mailing_queue_ids":[],"_links":{"self":[{"href":"https:\/\/serveiseducatius.xtec.cat\/cda-vallsdaneu\/wp-json\/wp\/v2\/pages\/1440","targetHints":{"allow":["GET"]}}],"collection":[{"href":"https:\/\/serveiseducatius.xtec.cat\/cda-vallsdaneu\/wp-json\/wp\/v2\/pages"}],"about":[{"href":"https:\/\/serveiseducatius.xtec.cat\/cda-vallsdaneu\/wp-json\/wp\/v2\/types\/page"}],"author":[{"embeddable":true,"href":"https:\/\/serveiseducatius.xtec.cat\/cda-vallsdaneu\/wp-json\/wp\/v2\/users\/1"}],"replies":[{"embeddable":true,"href":"https:\/\/serveiseducatius.xtec.cat\/cda-vallsdaneu\/wp-json\/wp\/v2\/comments?post=1440"}],"version-history":[{"count":3,"href":"https:\/\/serveiseducatius.xtec.cat\/cda-vallsdaneu\/wp-json\/wp\/v2\/pages\/1440\/revisions"}],"predecessor-version":[{"id":11481,"href":"https:\/\/serveiseducatius.xtec.cat\/cda-vallsdaneu\/wp-json\/wp\/v2\/pages\/1440\/revisions\/11481"}],"up":[{"embeddable":true,"href":"https:\/\/serveiseducatius.xtec.cat\/cda-vallsdaneu\/wp-json\/wp\/v2\/pages\/767"}],"wp:attachment":[{"href":"https:\/\/serveiseducatius.xtec.cat\/cda-vallsdaneu\/wp-json\/wp\/v2\/media?parent=1440"}],"curies":[{"name":"wp","href":"https:\/\/api.w.org\/{rel}","templated":true}]}}