{"id":1434,"date":"2014-05-12T14:59:39","date_gmt":"2014-05-12T14:59:39","guid":{"rendered":"http:\/\/blocs.xtec.cat\/cdavallsdaneu2\/?page_id=1434"},"modified":"2025-03-28T10:07:31","modified_gmt":"2025-03-28T09:07:31","slug":"taller-de-pintura-al-tremp","status":"publish","type":"page","link":"https:\/\/serveiseducatius.xtec.cat\/cda-vallsdaneu\/ambits\/ambit-social\/taller-de-pintura-al-tremp\/","title":{"rendered":"Taller de pintura al tremp"},"content":{"rendered":"<div id=\"18A4D\" style=\"width: 600px; height: 400px; display: none;\"><img decoding=\"async\" src=\"https:\/\/lh3.googleusercontent.com\/hV67n0zKDQDMMxJ949hdtuK_UoBrVMbHdHf0LEJYBUx_39KkKoHKGjSlUupkjnRLwyk31esQ5y1ZgAzOEFWzOzMq-ewREZSLm6Dy4-fzhXVhsNfd7UziScNBFv5fpu8_hszYZfQbeoVbPP3761qsr5jWvf5VICWy_rOpkKL1gAlCraFaJROuDQgb5BHtN7cgOb8tE5ox6zFqUrZGGTfVTIIkkn64RLHj9VBiLFQM00e7TJtIBPKWhRTsXxhczQ35rE12gCDxhV9P7gJjndmxF3wvbXYajXGN33fd_1zWbQNVi4WYpGTzcUqc_4KR04CsSrtDqPMI8Ms9vaeDLCZ5fL3ePmiDnVJBouw2TazG9rT3lQkAszMnfmUzS5MBEgdf_aIloEAKvO1usGlYi9JwXq2FG4nUHA5_TbdEyR3LaCfHDZUTyJj0h4mEpC55uVCTD311WYCyeFkeWMoADZ72P86MDtE5KvWGRfVzhMspjK9bYzeyIOloA9-tYiYoJPkz-_ABtqnESBZuzL6oDDLC-k4zKuXLevQ7r3AzG7F9BV65IlHOdHvL9329yxTxCgyVIdiu49DqUfn0u4t50HRKCdCKHfIikC2G0TzQhjU5JdHTn_0UK9Rp=w800-h600-no\" \/><br \/>\n<img decoding=\"async\" src=\"https:\/\/lh3.googleusercontent.com\/zM1v2CEuhGqPFhj34vhLQGFSelRCd3qfxJoh54x8djlEJYxJf-dnKFgDb-x-aYTo04rkjSpnLaSey7kDY5mAdtcSS5FKY6mThX7rLkRIBJCyLroCT87k_6yNbRiaTEVu3FNPVWbDVEeO5fHw19CF75iA7n--eG1PtUwtPp1LbUn9iyrC-Pn_3FQdButjiyNOaYloiUOiOZgRZd893JLoEr-ofu3pSXIl2uLR-wOanQYHOIFhiZ3ya7ne9qOTrFFy7X-33FLvAqPpa0MrtGXjJwvVbZqoJc5qtRvmaRanfbWuE5CuXwDNvi0zgNGR9RBfnx3sEwwa_qS8Kl046Q1lt8xHOE4J-rsFxhAMVcge5OPrnm6zwwt5IS2v2pIz16o7zNjMYazBGKpUlwt2mRT2Bzw7tELL8TQnLh9horb8DtCe9YXsUgzvnsdFDZZ3wrHnqHqVNGr_VT1h02XeWL-O2N1WTXX-QrTdH6LZ2LUB0LE-_mRb8Agle2vYbKxaUF7fWmDo-q0_RUTdoOp3FKM6W-CzZRy-GDdwDEhK64e6BA6THqZa1LHLg_zL4FcUxUgsX8OV2lG9qvnJPMQWZSVpQma_aoa2FGtU2g_vttXxEtZ0icMqhp29=w800-h600-no\" \/><br \/>\n<img decoding=\"async\" src=\"https:\/\/lh3.googleusercontent.com\/e1Qp4GuODsNAo-pOxeL2PvqMRUtSaaW3nGts0aujocb7CDqpg1Vcyj-QgFVEmKW-zLvD96x3YN2q8juH2IAfUeb4WjmOlMMK7oGGhrOjxmLyF6ms5sw35lFtCguMD2GAcVUFPp_d2YbfMiSVaqMoaDJ8p3NbVgsiad8ZoElwJ4Fc0xHhTk-d7oK_Y3EP6Qu2twn-flsbzIJQL8EvFDCikvwCA7hZQc0e3cNvsUzG0O_sgaa0tUHPTwURaGAIFGr0HnwwRzddvfN6P7e5Hs6WZC6nqT-gfXn17ZHdU4TpFePjR1norfbOlkkN0STnSSTEv22nGqkhArBPPKFmvwm_hd9eZauKB-1Ev5ncH-_72YHb9w5IZz1LbtLQ4MeGhD0ovFHXFJGCzxwrXoGUFg5ugw7vwPRxIujR69aL30jIlALoT0o1GiIWkCfxyC_r8mZLqle66-YHWw_6VmOCcLBulWex_uetq4LOJzEdVA83uJUKNIAKGXS2kL20Aqg8XSvqlI9MXufdX058UkDYKlGOnVi9DKVYm_PKW8jpprj7TFVwMdSM_c_T1mssOsLwryw4KxWSUr1X2z_Xa6eL5b0HHqfW8dDhOUhuPvZKn1D_zzMF0aA-JGty=w800-h600-no\" \/><br \/>\n<img decoding=\"async\" src=\"https:\/\/lh3.googleusercontent.com\/QZ1XoDupM7mJ_yBbQR3oTOMr5AXWmmDyNhsOjVcD9C5YXMNnL7YX9WJQqZCehuFDELtoh7nzqvBpSFtw99o0aqS53I9pYAcR4mZYdtGrFboTtmIn16KJMs4a-YaKE9mIdeAb5OIJxD4zkVymgwH-9vveNz0Ah1WXBpl24R1WWbjGnfCjkJTNmvU1iPkN1KckUkebqC-_3rt4TrakHrM8cbwoyKBbTyyBT1A6zUyzt7KZBy12XmiJEddkNvFHPdudTIUdVDuCGfPSc7HEBzWMd3X-YpCvq5teFSwJhoTBWnahnMRmpxMlJyb557VCB8IWkR-KT2a9SHkvllsQ5L-XeElyyt3PQqHu03k0NEPgOnfA-jmKWRY4cYrpZ0Mh0EmLZsh0negpmOTjfs1d-d_6KpYiYe0qFm7SPJBzQmhPbPZAoHGgwGwTg3TD5Z-VwGChv-BMcS2fN1L4LtxNXuNZoDq7HCvU8EUXwJodducZ55F0fDz6B8rOZoXh539RhnaS4F7viE5fIx3SnHwJvgZ15fdQuy67RG_QE3lwes1v-KN9wzc8lBAp2c1QzuPhrVRib2QqaCUcxrR5w25l27LPWHIv_shye8Ij4KxMCTiUcPwV2kC8vRTc=w800-h600-no\" \/><br \/>\n<img decoding=\"async\" src=\"https:\/\/lh3.googleusercontent.com\/QSJraup7s0DAl-g3g3XyA6pghwnPUr6qvmH37YlJyPlzTuxry7nrRyNnOtebDNXJL8I21AiXaIEYEAGBsMQwFU5n_f7UM8AVZ3kdxUSZQkGKDuil-2IURWeP6WL4LB8O1ric0EAB2ms31YM_XUvAsRwBTN96ag1J0gnlzWKqrNSgNFypuue5UUr2lqvzNm1Y3F3n7d1cveGkKNRr_AjEfRdckNQlTGz3v6P9EQIWMpca1r-6PDlG7XoIkNqJWIb6t8Tt2rb-F4G2x_eM3Og6vAdsSomeMxG-xEupqCOrOt-wF1qFGKkXgrp58DlfrxC9F_g0mYg72xNunvwI5QW-2apd8OIFAUvmbHomit9JFP-he64s9oOy-Jg4g9vBA8Y_0PHZV5HndegYxEKVwlcHUAjSU3-mLx6Atbrtzib_FRGkNJov1Q3qV8gWenLv-3w4_RJPcgBxAvaQJnJSlOxtXPZ245jNEewfHrwYxOHVgFp0nDNWHwQXLkF3kQ5Y9xIlTnXS4JRjCP4Av4QIvJ8lFkhIXYEu3hAJC1zKyhSkWAIEct0Vqmhm726WAbaBMg15h8IUgHQ81mvyNsvdIZQarYKcdN5EMcssDIk9gBJWMGPGdmQo3QDD=w800-h600-no\" \/><\/div>\n\r\n\t<div class=\"slideshow_container slideshow_container_style-light\" style=\" \" data-slideshow-id=\"11143\" data-style-name=\"style-light\" data-style-version=\"2.3.1\" >\r\n\r\n\t\t\t\t\t<div class=\"slideshow_loading_icon\"><\/div>\r\n\t\t\r\n\t\t<div class=\"slideshow_content\" style=\"display: none;\">\r\n\r\n\t\t\t<div class=\"slideshow_view\">\r\n\t\t\t\t<div class=\"slideshow_slide slideshow_slide_image\">\r\n\t\t\t\t\t\t\t\t\t\t\t<img src=\"https:\/\/serveiseducatius.xtec.cat\/cda-vallsdaneu\/wp-content\/uploads\/usu1375\/2025\/03\/WhatsApp-Image-2023-11-10-at-15.07.32-2.jpeg\" alt=\"WhatsApp Image 2023-11-10 at 15.07.32 (2)\" width=\"1600\" height=\"1200\" \/>\r\n\t\t\t\t\t\t\t\t\t\t<div class=\"slideshow_description_box slideshow_transparent\">\r\n\t\t\t\t\t\t<div class=\"slideshow_title\">WhatsApp Image 2023-11-10 at 15.07.32 (2)<\/div>\t\t\t\t\t\t\t\t\t\t\t<\/div>\r\n\t\t\t\t<\/div>\r\n\r\n\t\t\t\t\t\t\r\n\t\t\t\t<div class=\"slideshow_slide slideshow_slide_image\">\r\n\t\t\t\t\t\t\t\t\t\t\t<img src=\"https:\/\/serveiseducatius.xtec.cat\/cda-vallsdaneu\/wp-content\/uploads\/usu1375\/2025\/03\/IMG_3836-scaled.jpg\" alt=\"IMG_3836\" width=\"1920\" height=\"2560\" \/>\r\n\t\t\t\t\t\t\t\t\t\t<div class=\"slideshow_description_box slideshow_transparent\">\r\n\t\t\t\t\t\t<div class=\"slideshow_title\">IMG_3836<\/div>\t\t\t\t\t\t\t\t\t\t\t<\/div>\r\n\t\t\t\t<\/div>\r\n\r\n\t\t\t\t\t\t<div style=\"clear: both;\"><\/div><\/div><div class=\"slideshow_view\">\r\n\t\t\t\t<div class=\"slideshow_slide slideshow_slide_image\">\r\n\t\t\t\t\t\t\t\t\t\t\t<img src=\"https:\/\/serveiseducatius.xtec.cat\/cda-vallsdaneu\/wp-content\/uploads\/usu1375\/2025\/03\/WhatsApp-Image-2024-10-28-at-12.49.15.jpeg\" alt=\"WhatsApp Image 2024-10-28 at 12.49.15\" width=\"1600\" height=\"1200\" \/>\r\n\t\t\t\t\t\t\t\t\t\t<div class=\"slideshow_description_box slideshow_transparent\">\r\n\t\t\t\t\t\t<div class=\"slideshow_title\">WhatsApp Image 2024-10-28 at 12.49.15<\/div>\t\t\t\t\t\t\t\t\t\t\t<\/div>\r\n\t\t\t\t<\/div>\r\n\r\n\t\t\t\t\t\t\r\n\t\t\t\t<div class=\"slideshow_slide slideshow_slide_image\">\r\n\t\t\t\t\t\t\t\t\t\t\t<img src=\"https:\/\/serveiseducatius.xtec.cat\/cda-vallsdaneu\/wp-content\/uploads\/usu1375\/2025\/03\/IMG_20231110_113824_594-rotated.jpg\" alt=\"IMG_20231110_113824_594\" width=\"1080\" height=\"1080\" \/>\r\n\t\t\t\t\t\t\t\t\t\t<div class=\"slideshow_description_box slideshow_transparent\">\r\n\t\t\t\t\t\t<div class=\"slideshow_title\">IMG_20231110_113824_594<\/div>\t\t\t\t\t\t\t\t\t\t\t<\/div>\r\n\t\t\t\t<\/div>\r\n\r\n\t\t\t\t\t\t<div style=\"clear: both;\"><\/div><\/div>\r\n\t\t<\/div>\r\n\r\n\t\t<div class=\"slideshow_controlPanel slideshow_transparent\" style=\"display: none;\"><ul><li class=\"slideshow_togglePlay\" data-play-text=\"Visualitza\" data-pause-text=\"Pausa\"><\/li><\/ul><\/div>\r\n\r\n\t\t<div class=\"slideshow_button slideshow_previous slideshow_transparent\" role=\"button\" data-previous-text=\"Anterior\" style=\"display: none;\"><\/div>\r\n\t\t<div class=\"slideshow_button slideshow_next slideshow_transparent\" role=\"button\" data-next-text=\"Seg\u00fcent\" style=\"display: none;\"><\/div>\r\n\r\n\t\t<div class=\"slideshow_pagination\" style=\"display: none;\" data-go-to-text=\"V\u00e9s a la diapositiva\"><div class=\"slideshow_pagination_center\"><\/div><\/div>\r\n\r\n\t\t<!-- WordPress Slideshow Version 2.3.1 -->\r\n\r\n\t\t\t<\/div>\r\n\r\n\n<p>Elaboraci\u00f3 d&#8217;una taula de retaule amb la t\u00e8cnica del tremp d&#8217;ou. Amb aquest taller es pret\u00e9n aplicar la mateixa t\u00e8cnica que va utilitzar el mestre Espallargues quan va pintar el retaule del poble de Son. L&#8217;objectiu \u00e9s, doncs, con\u00e8ixer la t\u00e8cnica pict\u00f2rica d&#8217;un retaule g\u00f2tic. Durant el taller es preparar\u00e0 la pintura, la taula i es pintar\u00e0 una part d&#8217;alguna de les imatges observats al retaule de Son.<\/p>\n<p><strong>Material necessari:<\/strong> pigments i aglutinants.<br \/>\n<strong>Durada:<\/strong> Mig mat\u00ed o una tarda<br \/>\n<strong>Activitat complenet\u00e0ria: <\/strong>Estudi d&#8217;un retaule (esgl\u00e9sia de Sant Just i Sant Pastor de Son)<br \/>\n<strong>Cursos:<\/strong> CS, ESO<\/p>\n<p><a href=\"https:\/\/drive.google.com\/file\/d\/1hmBiO9NDOknylM61vpqYwLEKxUeTAsvr\/view?usp=sharing\" target=\"_blank\" rel=\"noopener\"><img loading=\"lazy\" decoding=\"async\" class=\"alignnone wp-image-8681 size-thumbnail\" src=\"http:\/\/serveiseducatius.xtec.cat\/cda-vallsdaneu\/wp-content\/uploads\/usu1375\/2014\/04\/fitxa-activitat-150x150.png\" alt=\"fitxa activitat\" width=\"150\" height=\"150\" srcset=\"https:\/\/serveiseducatius.xtec.cat\/cda-vallsdaneu\/wp-content\/uploads\/usu1375\/2014\/04\/fitxa-activitat-150x150.png 150w, https:\/\/serveiseducatius.xtec.cat\/cda-vallsdaneu\/wp-content\/uploads\/usu1375\/2014\/04\/fitxa-activitat.png 225w\" sizes=\"auto, (max-width: 150px) 100vw, 150px\" \/><\/a><\/p>\n","protected":false},"excerpt":{"rendered":"<p>Elaboraci\u00f3 d&#8217;una taula de retaule amb la t\u00e8cnica del tremp d&#8217;ou. Amb aquest taller es pret\u00e9n aplicar la mateixa t\u00e8cnica [&hellip;]<\/p>\n","protected":false},"author":1,"featured_media":0,"parent":767,"menu_order":9,"comment_status":"closed","ping_status":"closed","template":"","meta":{"_bbp_topic_count":0,"_bbp_reply_count":0,"_bbp_total_topic_count":0,"_bbp_total_reply_count":0,"_bbp_voice_count":0,"_bbp_anonymous_reply_count":0,"_bbp_topic_count_hidden":0,"_bbp_reply_count_hidden":0,"_bbp_forum_subforum_count":0,"site-sidebar-layout":"default","site-content-layout":"","ast-site-content-layout":"default","site-content-style":"default","site-sidebar-style":"default","ast-global-header-display":"","ast-banner-title-visibility":"","ast-main-header-display":"","ast-hfb-above-header-display":"","ast-hfb-below-header-display":"","ast-hfb-mobile-header-display":"","site-post-title":"","ast-breadcrumbs-content":"","ast-featured-img":"","footer-sml-layout":"","theme-transparent-header-meta":"default","adv-header-id-meta":"","stick-header-meta":"","header-above-stick-meta":"","header-main-stick-meta":"","header-below-stick-meta":"","astra-migrate-meta-layouts":"set","ast-page-background-enabled":"default","ast-page-background-meta":{"desktop":{"background-color":"var(--ast-global-color-4)","background-image":"","background-repeat":"repeat","background-position":"center center","background-size":"auto","background-attachment":"scroll","background-type":"","background-media":"","overlay-type":"","overlay-color":"","overlay-opacity":"","overlay-gradient":""},"tablet":{"background-color":"","background-image":"","background-repeat":"repeat","background-position":"center center","background-size":"auto","background-attachment":"scroll","background-type":"","background-media":"","overlay-type":"","overlay-color":"","overlay-opacity":"","overlay-gradient":""},"mobile":{"background-color":"","background-image":"","background-repeat":"repeat","background-position":"center center","background-size":"auto","background-attachment":"scroll","background-type":"","background-media":"","overlay-type":"","overlay-color":"","overlay-opacity":"","overlay-gradient":""}},"ast-content-background-meta":{"desktop":{"background-color":"var(--ast-global-color-5)","background-image":"","background-repeat":"repeat","background-position":"center center","background-size":"auto","background-attachment":"scroll","background-type":"","background-media":"","overlay-type":"","overlay-color":"","overlay-opacity":"","overlay-gradient":""},"tablet":{"background-color":"var(--ast-global-color-5)","background-image":"","background-repeat":"repeat","background-position":"center center","background-size":"auto","background-attachment":"scroll","background-type":"","background-media":"","overlay-type":"","overlay-color":"","overlay-opacity":"","overlay-gradient":""},"mobile":{"background-color":"var(--ast-global-color-5)","background-image":"","background-repeat":"repeat","background-position":"center center","background-size":"auto","background-attachment":"scroll","background-type":"","background-media":"","overlay-type":"","overlay-color":"","overlay-opacity":"","overlay-gradient":""}},"footnotes":""},"class_list":["post-1434","page","type-page","status-publish","hentry"],"post_mailing_queue_ids":[],"_links":{"self":[{"href":"https:\/\/serveiseducatius.xtec.cat\/cda-vallsdaneu\/wp-json\/wp\/v2\/pages\/1434","targetHints":{"allow":["GET"]}}],"collection":[{"href":"https:\/\/serveiseducatius.xtec.cat\/cda-vallsdaneu\/wp-json\/wp\/v2\/pages"}],"about":[{"href":"https:\/\/serveiseducatius.xtec.cat\/cda-vallsdaneu\/wp-json\/wp\/v2\/types\/page"}],"author":[{"embeddable":true,"href":"https:\/\/serveiseducatius.xtec.cat\/cda-vallsdaneu\/wp-json\/wp\/v2\/users\/1"}],"replies":[{"embeddable":true,"href":"https:\/\/serveiseducatius.xtec.cat\/cda-vallsdaneu\/wp-json\/wp\/v2\/comments?post=1434"}],"version-history":[{"count":4,"href":"https:\/\/serveiseducatius.xtec.cat\/cda-vallsdaneu\/wp-json\/wp\/v2\/pages\/1434\/revisions"}],"predecessor-version":[{"id":11936,"href":"https:\/\/serveiseducatius.xtec.cat\/cda-vallsdaneu\/wp-json\/wp\/v2\/pages\/1434\/revisions\/11936"}],"up":[{"embeddable":true,"href":"https:\/\/serveiseducatius.xtec.cat\/cda-vallsdaneu\/wp-json\/wp\/v2\/pages\/767"}],"wp:attachment":[{"href":"https:\/\/serveiseducatius.xtec.cat\/cda-vallsdaneu\/wp-json\/wp\/v2\/media?parent=1434"}],"curies":[{"name":"wp","href":"https:\/\/api.w.org\/{rel}","templated":true}]}}