{"id":1403,"date":"2014-05-12T10:25:47","date_gmt":"2014-05-12T10:25:47","guid":{"rendered":"http:\/\/blocs.xtec.cat\/cdavallsdaneu2\/?page_id=1403"},"modified":"2025-03-31T09:30:33","modified_gmt":"2025-03-31T07:30:33","slug":"evolucio-duna-esglesia","status":"publish","type":"page","link":"https:\/\/serveiseducatius.xtec.cat\/cda-vallsdaneu\/ambits\/ambit-social\/evolucio-duna-esglesia\/","title":{"rendered":"Evoluci\u00f3 d\u2019una esgl\u00e9sia i estudi d&#8217;un retaule (Esgl\u00e9sia de Sant Just i Sant Pastor de Son)"},"content":{"rendered":"<div id=\"22E65\" style=\"width: 600px; height: 400px; display: none;\"><img decoding=\"async\" src=\"https:\/\/lh3.googleusercontent.com\/OMeBQNSmhz4WZbTizy8NK2v7EGJDygmSrPVi7mSfXdo1L8pg64NFcKv65aMf0lzTpAak1h0nlwfiOyDXTQEfxETLMKw0XqnNt_vP_v74Jj7jUzstbEPq4F48n_i8X7xMg7xYYWJoEB2w04hfunC7J3ijoumyuWSRZAnW75uRO-6dP1_my6X9NP-9WDYZ7q1XFWMBTEufSSYRX_hPVl8jgKMYXr_S0UUpqUIALE3bg_T-v3JZh0fNaCzPhzyr8H_-SDjQETXQ7lSqP6POhC1idYsKpsCGBDlcgs4VIoS2YxDta0I3_wmyaTLPuu-dZXQEpwVQ18BqTORZn4i3Twm0IfmaIZpg4gKQvxXLgLVJOvChlUcLCyTRsoagTuFE9RvijKMsx74csVtJpDBi8SRAN-Q5_s3d7oFK6quWgf3xosu0YhV7hw2RWd3RgZhov1uyrPCrnWNXmFf9u9_0QX6Be9W6sLvzbxfqZtRytsog42VhHyprV327c2F2wvnC09mG04ExA2NjvNb82SAnJcJIWYbvjYJu0UkyWs0GHIIEhKEO-0Jm7eNqnkgsdDTHqvBpLkmQDi3MBU3u8uoCaQGW6bsQUixXiH4esSzLIZGOZtKhjtvUVmHo=w800-h600-no\" \/><br \/>\n<img decoding=\"async\" src=\"https:\/\/lh3.googleusercontent.com\/47UUA0Ox4fmXQ31jUgJM7l6Mm8CdViBY14mcm0dc9bnyaHvtbBf3y4zfF1glxQtdTE1EeF7nGtpb7W93FHCfi5b5Gz6UeuL3pfGgBaf_mc9IcK7gcB5d9jJuX1eeSPxpTPveXZKW3bya30U0Ldv1RbuIIKvqpA9mNhiYOm4vVudjHV6VqnhFuFvU2bssfAbms38A0mnyI_IwoJuOb75r_7GAuuGKpOjSQ4OciQxooH01kfuuezdvGo_IEuUeFOvoJisNgm14ffv7gVZFKsxhMsv77g21y_TaSognTu9PJZnuW6dF6Nhx4QzZvcHvOFzOS3RlKghmnjY-geNd82-pB9NKUadRNAYr3MiOInMzK9ry6MDhf2RwYeOZZs5MuyXZSeGlp5GN15DJRhLElQJt4vbacS6f8u1XHvAgWSwCd3M93jppAn1bxDAGDGyJi6oC1MbtRhn0G_i3WY9Xv2DisBLuqpzJ-9u0YWxTNQ4BbTZ_hO0ta-0tIcYbjRkp5LSnkWq9O2qvX7Ti2JvgbDxiVo5rj8nUy-_45AbjaVLCujB85IH55Lt4TC9qSrLESNu-mv3hs4ipFd_rKlAd_lA71k97rzxmF3MO3iclIzjd3sdMiAGbk5rw=w800-h600-no\" \/><br \/>\n<img decoding=\"async\" src=\"https:\/\/lh3.googleusercontent.com\/XuqVT2AgUyXzbabyoNTLEYCPpjixIHOb5Wyjy4gxF-UQGOj54uyevF-DvWaQIVYr3p0Ta_AkA-t0AqLuYlUmyDOdhJQ_LWE3b5Ljyfae6H-8RFtHzXV1w0oLlg7tYWpAwOxUe2fXbVEsRRBEvqucu5iD3c3J5KQ49f9jv6YHAlxC3vmo_7d6HzcZh_V9RiTDGZEMTEy7EaVfgK6FvndR54xnaH4BDYGP5sNcPG5lrPBH5tfkeCA-FjJFuLLq-su622vjERGoQ7kIc_A0MeM7uP7XWr_69mkV90mwQE5UeomvPN0J6TEkklA4-Sxlbj2dq0VF5E3m5RLDh-T9bhN4POLameIGXCKYkKvXqE8FZ4aDw6uzIsjTDILqiVTVyTs6q8wLrFufG-EOoTDzpnOE1xtG5hlMC-Ur5AhLa77jqsIoWXcs9Q-Jg7tbPS717TUVz6u3-ru7w6O7kRwUDRtdsu1w0rXCl6y4amyEUsa8zBXH-zZ6bThyiIeVUqDE60TRgAYCHA6DP3O8s1o4xnQ2xROWgHRWe7f2qIavA-0pyo2SUPbCoBSDX747wHUBPgbhc-xCZQC6LIfJjQUzjzZ-bAOyB3Fq-6eMm-Lypunm7wDqSMdrCJDh=w800-h600-no\" \/><br \/>\n<img decoding=\"async\" src=\"https:\/\/lh3.googleusercontent.com\/b9tpuFwdkR56mdu_wsSBJwZtwvaiWMIkgmgKgemauhueLNRSUhP45PgCUJLpyYd_VL1o8MKvDsndYEKjk7HkEyzyQ65xIii1XroHShES0QSIvHNefR_Pe_6D6ZPx3MfIkrZyMuMc5HV_y0Q6vhYY5OOfjlNM0fXY2crxsN6XaNDGOnVWcT8-eUaiHbfGsljMx8c3FsYDgGe96olmD9N3SK73De4QSvD3aK7kkCUjf_idxSUqY1bMW8n2vLvmUg1jFpu5YPRR_kpMunB1LXAdSSolJ8s3QQHtX625e4Uc9yn4Ram6Dk4NcmvmSRZ5ryJTA9UhTwXQQqHIhm2vqup6IvHa478PW6VGQgDHLFRkKCULKjfhy8CfZaPcZxKA1Kt0ZXaIEptxtJEt5sKuWIdFtBAEpWw3NwpMon2n7RM7Bz2o2vaNuHuhniuP-9SwryxS9RL9cCSGY7fXtJJ0Xj2Uyqr_MTAz5B5XTT9qyq1g5i2aX7W-3767TqbItzaLynT3vSUZPMU4K6jzMSGL0NX3CezaT8S2ZJDBcOu4jS4LgL15kZbyMPzzBQjEobW-aisrFVwaP_CoJ7BooiJr8e0DnheG8ab0eXNjyHCuNOnlKYLdK60XUi-G=w800-h600-no\" \/><br \/>\n<img decoding=\"async\" src=\"https:\/\/lh3.googleusercontent.com\/44aMTo6Bcr2jTL8pThtQ55MpNniZY_QHhNpMLXMgxN3t39CKfXk9KrfIMxVDi_d2NK9T8nqie9oBO9d9KKcn1-xxB_esK9sj9ISEpd6FPH5ZdkX6B37whlLV_rbx8nZwaksPM0HufN1ghdshjh79wQxagNBpMWXDI7DaMd0GiTJ48oTVEH_2avScQQNccIV0hQ4ye83_EBO5RP7DH8vVZf9XFawgHj0sC7EZqFSLCMOQrQ6pOI0wLG-3jgLE0G7xz-Nw4NQ1pk2SBrXauImL_f5stAbHgSLl3YyiW5NBZ90tYVcbCpKJQQ4AQiQGPHxyWTMOD2xIKwm4hWqcOLr8df6MR-YS9DSgm0M7pKsZiQragMykYDJiYkJ9fjlSIZnKiDMWb8aXkMHVF_Kwty6NCRs9kXkXb6Ktc6rbtQWZ9FWiZNYY6K9qQBN3OALQVaq-hSYJb0EmarxweJziCtQPBG1aLRGXjsTyRhurvDeARK-qN-eDrLecYIwBpz5_dqxjuAV03PCXfal4Cl79p6UJcy5dICt06nA1Mc2_3wXBl24jQ6L2pcOcQt4c2WOtS78oR0w4f8yvk_E7wNXj0B3YfYARLZVoLtePy9rXgH9FeRR1_XXg-FWa=w800-h600-no\" \/><br \/>\n<img decoding=\"async\" src=\"https:\/\/lh3.googleusercontent.com\/ItSF1TAqz3PJZ3wo1HF54b_mZ4UwDkbkuzCfW8pSS9aSlyi5lVT2qXDIkEQWotySVQ21N70m4PbkecSoMYIaMzNmxcHzUw6pF2o-26fe2C6QyOO_QZK66aBWXLH4bCmCOstB8dNSliRkF0sTofDMv_oXOYNdS_mruzbtVQDGFLMahRJW3JALdAV9SFp09ZUgQHyvKIp_P-TAYn0jJ4RIzsznkZLSNB8e9oKbZobpyvMBnSWUMUHlokBur_PhPT_goJjMVq-U59P4doxo-ripWzB5-G-HbmYrWoH1JjY5TKzx5bzYtROV276unmb6IeFSpWz7bLd8xS80x90DwJ2MTSiazYJjEpTN9MlwkNiB6OqpReKF6tR0Lu6LFCTL0_ikG_MHaOHS_7_lxQlIh-tmAm3Dk1FPo5IgzUapAAPfPTupi57N8KDbryc6Yu811JnTft8VKI5Kp2T76b6wXX-VGcDdwYfoAqjYhqoajYDbyD9tbVu8dXREjUEQxJVQim9uBbMtg1X7A_Yn6AcJGrVUD-LjVdCEAQdnOGUN1wBkZgLcoHoAZkWKCeSnvqsoSXF8qfjr5oD8kzzzyk3VYzUUaNI_tpHu99mzxNwig0t9nfkJXY7xYzKr=w800-h600-no\" \/><\/div>\n\r\n\t<div class=\"slideshow_container slideshow_container_style-light\" style=\" \" data-slideshow-id=\"11139\" data-style-name=\"style-light\" data-style-version=\"2.3.1\" >\r\n\r\n\t\t\t\t\t<div class=\"slideshow_loading_icon\"><\/div>\r\n\t\t\r\n\t\t<div class=\"slideshow_content\" style=\"display: none;\">\r\n\r\n\t\t\t<div class=\"slideshow_view\">\r\n\t\t\t\t<div class=\"slideshow_slide slideshow_slide_image\">\r\n\t\t\t\t\t\t\t\t\t\t\t<img src=\"https:\/\/serveiseducatius.xtec.cat\/cda-vallsdaneu\/wp-content\/uploads\/usu1375\/2025\/03\/PXL_20250321_102035002-scaled.jpg\" alt=\"PXL_20250321_102035002\" width=\"1920\" height=\"2560\" \/>\r\n\t\t\t\t\t\t\t\t\t\t<div class=\"slideshow_description_box slideshow_transparent\">\r\n\t\t\t\t\t\t<div class=\"slideshow_title\">PXL_20250321_102035002<\/div>\t\t\t\t\t\t\t\t\t\t\t<\/div>\r\n\t\t\t\t<\/div>\r\n\r\n\t\t\t\t\t\t\r\n\t\t\t\t<div class=\"slideshow_slide slideshow_slide_image\">\r\n\t\t\t\t\t\t\t\t\t\t\t<img src=\"https:\/\/serveiseducatius.xtec.cat\/cda-vallsdaneu\/wp-content\/uploads\/usu1375\/2025\/03\/WhatsApp-Image-2024-03-01-at-14.42.11-1.jpeg\" alt=\"WhatsApp Image 2024-03-01 at 14.42.11 (1)\" width=\"2048\" height=\"1536\" \/>\r\n\t\t\t\t\t\t\t\t\t\t<div class=\"slideshow_description_box slideshow_transparent\">\r\n\t\t\t\t\t\t<div class=\"slideshow_title\">WhatsApp Image 2024-03-01 at 14.42.11 (1)<\/div>\t\t\t\t\t\t\t\t\t\t\t<\/div>\r\n\t\t\t\t<\/div>\r\n\r\n\t\t\t\t\t\t<div style=\"clear: both;\"><\/div><\/div><div class=\"slideshow_view\">\r\n\t\t\t\t<div class=\"slideshow_slide slideshow_slide_image\">\r\n\t\t\t\t\t\t\t\t\t\t\t<img src=\"https:\/\/serveiseducatius.xtec.cat\/cda-vallsdaneu\/wp-content\/uploads\/usu1375\/2025\/03\/RIMG0162.jpg\" alt=\"RIMG0162\" width=\"1024\" height=\"768\" \/>\r\n\t\t\t\t\t\t\t\t\t\t<div class=\"slideshow_description_box slideshow_transparent\">\r\n\t\t\t\t\t\t<div class=\"slideshow_title\">RIMG0162<\/div>\t\t\t\t\t\t\t\t\t\t\t<\/div>\r\n\t\t\t\t<\/div>\r\n\r\n\t\t\t\t\t\t\r\n\t\t\t\t<div class=\"slideshow_slide slideshow_slide_image\">\r\n\t\t\t\t\t\t\t\t\t\t\t<img src=\"https:\/\/serveiseducatius.xtec.cat\/cda-vallsdaneu\/wp-content\/uploads\/usu1375\/2025\/03\/WhatsApp-Image-2025-03-14-at-14.35.21-1-scaled.jpeg\" alt=\"WhatsApp Image 2025-03-14 at 14.35.21 (1)\" width=\"2560\" height=\"1920\" \/>\r\n\t\t\t\t\t\t\t\t\t\t<div class=\"slideshow_description_box slideshow_transparent\">\r\n\t\t\t\t\t\t<div class=\"slideshow_title\">WhatsApp Image 2025-03-14 at 14.35.21 (1)<\/div>\t\t\t\t\t\t\t\t\t\t\t<\/div>\r\n\t\t\t\t<\/div>\r\n\r\n\t\t\t\t\t\t<div style=\"clear: both;\"><\/div><\/div><div class=\"slideshow_view\">\r\n\t\t\t\t<div class=\"slideshow_slide slideshow_slide_image\">\r\n\t\t\t\t\t\t\t\t\t\t\t<img src=\"https:\/\/serveiseducatius.xtec.cat\/cda-vallsdaneu\/wp-content\/uploads\/usu1375\/2025\/03\/PXL_20250321_104502086-scaled.jpg\" alt=\"PXL_20250321_104502086\" width=\"2560\" height=\"1920\" \/>\r\n\t\t\t\t\t\t\t\t\t\t<div class=\"slideshow_description_box slideshow_transparent\">\r\n\t\t\t\t\t\t<div class=\"slideshow_title\">PXL_20250321_104502086<\/div>\t\t\t\t\t\t\t\t\t\t\t<\/div>\r\n\t\t\t\t<\/div>\r\n\r\n\t\t\t\t\t\t\r\n\t\t\t\t<div class=\"slideshow_slide slideshow_slide_image\">\r\n\t\t\t\t\t\t\t\t\t\t\t<img src=\"https:\/\/serveiseducatius.xtec.cat\/cda-vallsdaneu\/wp-content\/uploads\/usu1375\/2025\/03\/RIMG0209.jpg\" alt=\"RIMG0209\" width=\"2048\" height=\"1536\" \/>\r\n\t\t\t\t\t\t\t\t\t\t<div class=\"slideshow_description_box slideshow_transparent\">\r\n\t\t\t\t\t\t<div class=\"slideshow_title\">RIMG0209<\/div>\t\t\t\t\t\t\t\t\t\t\t<\/div>\r\n\t\t\t\t<\/div>\r\n\r\n\t\t\t\t\t\t<div style=\"clear: both;\"><\/div><\/div>\r\n\t\t<\/div>\r\n\r\n\t\t<div class=\"slideshow_controlPanel slideshow_transparent\" style=\"display: none;\"><ul><li class=\"slideshow_togglePlay\" data-play-text=\"Visualitza\" data-pause-text=\"Pausa\"><\/li><\/ul><\/div>\r\n\r\n\t\t<div class=\"slideshow_button slideshow_previous slideshow_transparent\" role=\"button\" data-previous-text=\"Anterior\" style=\"display: none;\"><\/div>\r\n\t\t<div class=\"slideshow_button slideshow_next slideshow_transparent\" role=\"button\" data-next-text=\"Seg\u00fcent\" style=\"display: none;\"><\/div>\r\n\r\n\t\t<div class=\"slideshow_pagination\" style=\"display: none;\" data-go-to-text=\"V\u00e9s a la diapositiva\"><div class=\"slideshow_pagination_center\"><\/div><\/div>\r\n\r\n\t\t<!-- WordPress Slideshow Version 2.3.1 -->\r\n\r\n\t\t\t<\/div>\r\n\r\n\n<p>Aquesta activitat es du a terme al <strong><span style=\"color: #008000;\">conjunt monumental de Son<\/span><\/strong><span style=\"color: #333333;\">. Es visita l&#8217;exterior i l&#8217;interior de l\u2019<strong>esgl\u00e9sia de Sant Just i Sant Pastor<\/strong> del poble on es localitza el<strong>\u00a0retaule g\u00f2tic pintat per Pere Espallargues<\/strong>. Els objectius de <\/span><span style=\"font-size: 16px; font-style: normal; font-weight: 400;\">l&#8217;activitat s\u00f3n interpretar els principals trets rom\u00e0nics, identificar els elements que permetran veure l&#8217;evoluci\u00f3 i els canvis que ha sofert l&#8217;esgl\u00e9sia original rom\u00e0nica i <\/span><span style=\"color: #333333;\">aprendre a \u201cllegir\u201d i interpretar un retaule g\u00f2tic usant el llenguatge simb\u00f2lic i observant els trets m\u00e9s representatius de la pintura g\u00f2tica.<\/span><span style=\"font-size: 16px;\">\u00a0Durant la visita es realitzaran les seg\u00fcents activitats:<\/span><\/p>\n<ul>\n<li><span style=\"color: #008000;\">Observaci\u00f3 global del conjunt arquitect\u00f2nic.<\/span><\/li>\n<li><span style=\"color: #008000;\">Identificaci\u00f3 dels elements que permetran evidenciar l&#8217;evoluci\u00f3 del &#8216;edifici (juntes, aparelles constructius, materials i tipus d&#8217;estils).<\/span><\/li>\n<li><span style=\"color: #008000;\">Identificaci\u00f3 dels principals trets de l&#8217;estil rom\u00e0nic.<\/span><\/li>\n<li><span style=\"color: #008000;\">Observaci\u00f3 del mobiliari rom\u00e0nic de l&#8217;interior de l&#8217;esgl\u00e9sia.<\/span><\/li>\n<\/ul>\n<p>El despla\u00e7ament fins al poble de Son es realitza amb autocar en aproximadament uns vint minuts. La tornada es fa a peu pel cam\u00ed antic que ens mena fins a Esterri d&#8217;\u00c0neu.<\/p>\n<p><strong>Recomanacions<\/strong>: Portar roba i cal\u00e7at adequat a l\u2019\u00e8poca de l\u2019any.<br \/>\n<strong>Material necessari:<\/strong>\u00a0Carpeta, dossier, llapis i goma.<br \/>\n<strong>Durada:<\/strong>\u00a0Un mat\u00ed<br \/>\n<strong>Activitat complement\u00e0ria:\u00a0<\/strong>taller de pintura al tremp.<br \/>\n<strong>Cursos:\u00a0<\/strong>\u00a0CM, CS, ESO, BAT<\/p>\n<p><a href=\"https:\/\/drive.google.com\/file\/d\/1QTTjxWm3OHp0wPWK32x0mOiKvbVOhS4E\/view?usp=drive_link\" target=\"_blank\" rel=\"noopener\"><img loading=\"lazy\" decoding=\"async\" class=\"alignnone wp-image-8681 size-thumbnail\" src=\"http:\/\/serveiseducatius.xtec.cat\/cda-vallsdaneu\/wp-content\/uploads\/usu1375\/2014\/04\/fitxa-activitat-150x150.png\" alt=\"fitxa activitat\" width=\"150\" height=\"150\" srcset=\"https:\/\/serveiseducatius.xtec.cat\/cda-vallsdaneu\/wp-content\/uploads\/usu1375\/2014\/04\/fitxa-activitat-150x150.png 150w, https:\/\/serveiseducatius.xtec.cat\/cda-vallsdaneu\/wp-content\/uploads\/usu1375\/2014\/04\/fitxa-activitat.png 225w\" sizes=\"auto, (max-width: 150px) 100vw, 150px\" \/><\/a><a href=\"https:\/\/drive.google.com\/file\/d\/1mnyjMa3gg8pZaPEtnuGY1d8TrXVB0PzX\/view?usp=drive_link\" target=\"_blank\" rel=\"noopener\"><img loading=\"lazy\" decoding=\"async\" class=\"alignnone wp-image-8645 size-thumbnail\" src=\"http:\/\/serveiseducatius.xtec.cat\/cda-vallsdaneu\/wp-content\/uploads\/usu1375\/2014\/04\/dossier-150x150.png\" alt=\"dossier\" width=\"150\" height=\"150\" srcset=\"https:\/\/serveiseducatius.xtec.cat\/cda-vallsdaneu\/wp-content\/uploads\/usu1375\/2014\/04\/dossier-150x150.png 150w, https:\/\/serveiseducatius.xtec.cat\/cda-vallsdaneu\/wp-content\/uploads\/usu1375\/2014\/04\/dossier.png 225w\" sizes=\"auto, (max-width: 150px) 100vw, 150px\" \/><\/a><a href=\"http:\/\/blocs.xtec.cat\/cdavallsdaneuescoles\/esglesies-i-monestirs\/\" target=\"_blank\" rel=\"noopener\"><img loading=\"lazy\" decoding=\"async\" class=\"alignnone wp-image-8728 size-thumbnail\" src=\"http:\/\/serveiseducatius.xtec.cat\/cda-vallsdaneu\/wp-content\/uploads\/usu1375\/2014\/04\/act-pr\u00e8via-150x150.png\" alt=\"act-pr\u00e8via\" width=\"150\" height=\"150\" srcset=\"https:\/\/serveiseducatius.xtec.cat\/cda-vallsdaneu\/wp-content\/uploads\/usu1375\/2014\/04\/act-pr\u00e8via-150x150.png 150w, https:\/\/serveiseducatius.xtec.cat\/cda-vallsdaneu\/wp-content\/uploads\/usu1375\/2014\/04\/act-pr\u00e8via.png 225w\" sizes=\"auto, (max-width: 150px) 100vw, 150px\" \/><\/a><\/p>\n","protected":false},"excerpt":{"rendered":"<p>Aquesta activitat es du a terme al conjunt monumental de Son. Es visita l&#8217;exterior i l&#8217;interior de l\u2019esgl\u00e9sia de Sant [&hellip;]<\/p>\n","protected":false},"author":1,"featured_media":0,"parent":767,"menu_order":6,"comment_status":"closed","ping_status":"closed","template":"","meta":{"_bbp_topic_count":0,"_bbp_reply_count":0,"_bbp_total_topic_count":0,"_bbp_total_reply_count":0,"_bbp_voice_count":0,"_bbp_anonymous_reply_count":0,"_bbp_topic_count_hidden":0,"_bbp_reply_count_hidden":0,"_bbp_forum_subforum_count":0,"site-sidebar-layout":"default","site-content-layout":"","ast-site-content-layout":"default","site-content-style":"default","site-sidebar-style":"default","ast-global-header-display":"","ast-banner-title-visibility":"","ast-main-header-display":"","ast-hfb-above-header-display":"","ast-hfb-below-header-display":"","ast-hfb-mobile-header-display":"","site-post-title":"","ast-breadcrumbs-content":"","ast-featured-img":"","footer-sml-layout":"","theme-transparent-header-meta":"default","adv-header-id-meta":"","stick-header-meta":"","header-above-stick-meta":"","header-main-stick-meta":"","header-below-stick-meta":"","astra-migrate-meta-layouts":"set","ast-page-background-enabled":"default","ast-page-background-meta":{"desktop":{"background-color":"var(--ast-global-color-4)","background-image":"","background-repeat":"repeat","background-position":"center center","background-size":"auto","background-attachment":"scroll","background-type":"","background-media":"","overlay-type":"","overlay-color":"","overlay-opacity":"","overlay-gradient":""},"tablet":{"background-color":"","background-image":"","background-repeat":"repeat","background-position":"center center","background-size":"auto","background-attachment":"scroll","background-type":"","background-media":"","overlay-type":"","overlay-color":"","overlay-opacity":"","overlay-gradient":""},"mobile":{"background-color":"","background-image":"","background-repeat":"repeat","background-position":"center center","background-size":"auto","background-attachment":"scroll","background-type":"","background-media":"","overlay-type":"","overlay-color":"","overlay-opacity":"","overlay-gradient":""}},"ast-content-background-meta":{"desktop":{"background-color":"var(--ast-global-color-5)","background-image":"","background-repeat":"repeat","background-position":"center center","background-size":"auto","background-attachment":"scroll","background-type":"","background-media":"","overlay-type":"","overlay-color":"","overlay-opacity":"","overlay-gradient":""},"tablet":{"background-color":"var(--ast-global-color-5)","background-image":"","background-repeat":"repeat","background-position":"center center","background-size":"auto","background-attachment":"scroll","background-type":"","background-media":"","overlay-type":"","overlay-color":"","overlay-opacity":"","overlay-gradient":""},"mobile":{"background-color":"var(--ast-global-color-5)","background-image":"","background-repeat":"repeat","background-position":"center center","background-size":"auto","background-attachment":"scroll","background-type":"","background-media":"","overlay-type":"","overlay-color":"","overlay-opacity":"","overlay-gradient":""}},"footnotes":""},"class_list":["post-1403","page","type-page","status-publish","hentry"],"post_mailing_queue_ids":[],"_links":{"self":[{"href":"https:\/\/serveiseducatius.xtec.cat\/cda-vallsdaneu\/wp-json\/wp\/v2\/pages\/1403","targetHints":{"allow":["GET"]}}],"collection":[{"href":"https:\/\/serveiseducatius.xtec.cat\/cda-vallsdaneu\/wp-json\/wp\/v2\/pages"}],"about":[{"href":"https:\/\/serveiseducatius.xtec.cat\/cda-vallsdaneu\/wp-json\/wp\/v2\/types\/page"}],"author":[{"embeddable":true,"href":"https:\/\/serveiseducatius.xtec.cat\/cda-vallsdaneu\/wp-json\/wp\/v2\/users\/1"}],"replies":[{"embeddable":true,"href":"https:\/\/serveiseducatius.xtec.cat\/cda-vallsdaneu\/wp-json\/wp\/v2\/comments?post=1403"}],"version-history":[{"count":6,"href":"https:\/\/serveiseducatius.xtec.cat\/cda-vallsdaneu\/wp-json\/wp\/v2\/pages\/1403\/revisions"}],"predecessor-version":[{"id":12094,"href":"https:\/\/serveiseducatius.xtec.cat\/cda-vallsdaneu\/wp-json\/wp\/v2\/pages\/1403\/revisions\/12094"}],"up":[{"embeddable":true,"href":"https:\/\/serveiseducatius.xtec.cat\/cda-vallsdaneu\/wp-json\/wp\/v2\/pages\/767"}],"wp:attachment":[{"href":"https:\/\/serveiseducatius.xtec.cat\/cda-vallsdaneu\/wp-json\/wp\/v2\/media?parent=1403"}],"curies":[{"name":"wp","href":"https:\/\/api.w.org\/{rel}","templated":true}]}}