{"id":1390,"date":"2014-04-29T13:23:43","date_gmt":"2014-04-29T13:23:43","guid":{"rendered":"http:\/\/blocs.xtec.cat\/cdavallsdaneu2\/?page_id=1390"},"modified":"2025-03-28T10:01:22","modified_gmt":"2025-03-28T09:01:22","slug":"monestir-de-sant-pere-del-burgal","status":"publish","type":"page","link":"https:\/\/serveiseducatius.xtec.cat\/cda-vallsdaneu\/ambits\/ambit-social\/monestir-de-sant-pere-del-burgal\/","title":{"rendered":"Monestir de Sant Pere del Burgal (Escal\u00f3)"},"content":{"rendered":"<div id=\"27572\" style=\"width: 600px; height: 400px; display: none;\"><img decoding=\"async\" src=\"https:\/\/lh3.googleusercontent.com\/xGmfIEPMMoOR4E1GiJyjoZypwj3aL85bwJ_0HutJ0m0161M7l00KF9-2q6WvRz4ozBoCYGuzIPJakqowgfpHL2C_GzePx32UoZQOe8V9e4EG3cuDyCcttiBhzfvkzOznMN12uF-1F0ZcjWheQ5qOpsWtpSF8yCz3zFo-9C9szjyXeFRiWGxDX6hbkPdxKnSTMVlFPH5ohlubN-5xD6YTRwUt2RR8eRd-u5FAXpIt_kY0f5PGFfxPZjOwib1VeRTQDJvhwTbLfj0TrD7G7JzbUaTOT_9sKUILuUyCnpxu4aJctc0MUK9zDv3bZENLkuZHTr_IZzXnt0MUARTJdVt-RXpkQdwnwC-N1sLYKZGQXq1nLvui8579MCFaCECkaq109yuMJB6uG4nQpk_UWM9PyEm-2oTdK2-gDjclLnjTGprXME0y4nHQ6WJIYkzrmirnvc7VnsoVqs_WK1adO6w8DqTsQj-J1dhVtdOdaSH4R5_YQxGiQNVdnI9uXec1UMoSy2PmPfOjpMGgIni_GzroQFJOmCh1ZqNwdlY_9FYOsGKRKCo3wqLYS5VIt3rkKQH7M-FsmDAXSnXGX52MWpIyVpf9fbcX1XHsoT8F5ujblzqAhLCCEwpp=w800-h600-no\" \/><br \/>\n<img decoding=\"async\" src=\"https:\/\/lh3.googleusercontent.com\/P0G9CW5GaY8y4yvqpeWv76CciSfjE91XrfmbaVrNj09WmWfUOfagc1O9crH07MjXHO-59sN_GI57jZgywkdybDzqeT-r-GJSpQG-n_9JapEGTCjmzG_ovJ9ahDj34sM94V9E1j76kvfbjDPfrcm85suUvwaEv3nqSp4lTBcd7WCr-iy13-Mzxdz04UQM9RIuiPn-ZdsFR-kL5lih5JbjvIH1QZVabFV_cNlxKrH7H7LYpUTHa-Ww7DN3DslFjE8xTawgbrIXXVTKwtOAeQJCtBrNCNuDPGi2johvhymwevA4Q-HogSuyEMKitGMkgLfcQDEd65E1KO6TxKAVu8xejJhnjd1ssKlPGBjb3f_LfbQdTMQIZ7MS3yxuf3WEmt-ss2BMO4Q1mSj-yzl6qZO1dIrT3E1o3jPNOa_RxEEmUUeasa76ZCLjAPx1Um_6OUC40cm5S-6ZdVzRRcETagF7AwNsh9kHrDTn1ilMw1kSSMQzKKe9PM0DVJXrpGqSBwjHY5gUcFvCm7JClrw-S0gLBCwUIhonQS-ZgFBUMiPEVygvSGoAp3RubotCD0g8DIz-n8-ftlaS61NGeBm-4idA_P3QUOAUZxjjpsEtIzcNizEl72lOzfTx=w800-h600-no\" \/><br \/>\n<img decoding=\"async\" src=\"https:\/\/lh3.googleusercontent.com\/qY-vj1aWTGATkWlm24m6Z2x4UN9hrLGXb12YhQzc6yur1JQMStIJMTIXMADduwQSra69wrnFBizr9ZdaK7lzh97w5GXW5vYz7SqEFX2gNwpUopQdREHJjd8-qPS0RueELlJvpybrRpHugjpAOZtxaGz2wNgXB4PP7WQ9Um83RvcWVOHrNZ-ao8SFLU6KyidkxCWFYoIjoucoYcXhB4USheybpcf4qv-r9nNCcask9gPeT-Oni8ucCW0lR9v-9qChsRGfRdJa5K45jsoAfAyezgc31znlGAGQmqmCgQyB1ROGopnJrp0F9DAtayL-0v-t0kersOqjHq0BjcTTffh5Bt59uKwP9ahElmwx0VbNm_-I6y6zWqFYjNM-_Fg6OMu9TzNl1GLkL3Y8hmhVoDZ7QKAVjEEtwl_GSVZXiCuTAi1UXtNYfWVZRc8CItB7lsV55ey2AE8_q2t4XCBJEhes7fgi31G3jg9UiP3J7DCr1ZCu_oWYGYrS0MBJLMeNkKliflwsl8ILdsb5Q3gk_2ui0IS7dRMh2SXzSBWqbA61ZTPyu5X02PumB--jy9_6zfdNZTlMFpjRSZ59IHk59BLoO8SFFYCdPvrbJ9N5_zXTQis8xZSXSjQA=w800-h600-no\" \/><br \/>\n<img decoding=\"async\" src=\"https:\/\/lh3.googleusercontent.com\/ha0fDYSpNGEWNFUOYPeZTD59aEcL24aB3V320sWppZjNlkZDE4A0hpUdj4rMCOQHW9SccxpgtCJZwOCTFeM_kqtc7___6flw7r3tjaOSO5EoidRL2UrOvFwwhBxoCLyRBfMpfWgeppKM-AKCCKgatIWRw0EXqophIxSCv1nEvOmgUikDITrqWpyr_44qkzasuyXvt-cg4P3IbQ36XpOJ_Tqcq5qPFTkpSSQrurC-YXtxnzaCB1Yl_OmnUO7VIuZlzfzq0UBhdEcSPJiJLRsu_Pz1uuMqQM12f7HgVe8_e2JSDn2wIpNKUYJU38ZShaG5HGVEV6rGtTDqFoKJzu_oH_ZXg_z-NQ9Y-aQQm0kkOgsGbFWtqBi-blhY6SBALX3Sse98SrucGqxNaW2oLnHfW2Da1WYSg0MXulLm359k6oggn6ULDXbCqceUXYzxHrGDm_9mND-7HhIP3OuKyBi7ls8_PoBc30RmcpuFPaHBIxEJxybWzkI3HsWz6KEybKtH_aMVJcFstoPzyBRxO4Kk7GDw4Ft8Bib7gzWBj8buzMG0TqtYfm0X9V7VrIyfGRWAI4jpYPEBk4Yb1sf7fVDKbnz1jeeJX2Hx2wxbZxqkNSbq50ASErKJ=w800-h600-no\" \/><br \/>\n<img decoding=\"async\" src=\"https:\/\/lh3.googleusercontent.com\/9xbTGWiRR_kVx0l1NP1CCHGaNaWr7lja1UkErK1pZqJuYbBDfcEbjRSDQaJwbiANpqees6ArEd2G53N78b9eSpMFtuGxligxVoB9EtBi8CK3W99T5NkWl4PzYtmhuihlIeKkiq-xuiZbt6kK8sHOIKgpNQFTd5nreO4VRzCOeriGdpRlZ03sEIzlgnZhgMd_bwe6Sik-W6qRT-kWwEVaPojQ5pi3H5WeLqVB_teHkSQfIuC893Anz1YxMiOnMYNb8FZCA4J6Vj-Otm1AzS82JFSzoQGBi5q7kLqZ_niFk_qHrDZBbrGDDDVFLzWjJgVrkuDD9mXon5dNJNsyHMvXP3wExl4x0O4l7himHj4KfSWeup1kKjZwIhCeh09A8kumY9efvsVME2VdcCVSYblh8GKpO2aNGc4dRWUTF6ZpfrxtzlUavZ73s5KJRWnrb9ilW5JAZ8nP66JYoeb2Py8VGT0o1gVRTX9BQ_D3twdCqq8K0pYBP8rQO7NJyoRox6hNWVEhusD5oViu5UxUA6fxpR_0BXzcikM5idN2ay--q85xe2KwL7zVORkBFq-dbWrzKF6nbgHJHh0-wlgjB6pKdIE8DFF_HHEzv-PJ--VqUZYvnXIN-Mmt=w800-h600-no\" \/><br \/>\n<img decoding=\"async\" src=\"https:\/\/lh3.googleusercontent.com\/4uMzqZCWp7EkgjiT6AH8gynN6fgDwb-vMNBzdpkmdfZhW87_NuYsf0cOnGSO8zH1aH0SV1vqRiVMovoxj7Y5Mzcvnk5WcdMwrYcCVb0SgkXhzmW1oCdn9jBUjLjAyV40LQqiu65CYEsvbB8fneua2ukRImzkHUzPCCLq2kDKJxR-LIk6o04ZNjkqfy203yzVpImH_GT6PQVUioups9PZvZeaCsLOUzxcZrdhztAslFG7XM4MQS0cSJqzFw9lZVQycR3wwZkebsjoahrDPc3oaB6UbjDESHfJdjPthlEuVPE7piJUsXe2Hc0R-ECK_1CvqOalvGgmVxN5gC0VPT3kV8McTh02-_lgycmiN5nWXlrK-LZws3fC4Fpatd_39tSfhp-83QuTyt_U3i2okRGAxal3a3h6uIjcJFII1J4FvzgWYmW40VIGn4qyXYyjyN7T2KgMJrCdc-9OMCnlU3g06D406sNeibD2GEH2Dvw6FEFIwNuPw8Se3_ZOcjNGUg--67J2SOowRFdpHJzysdECaUY5d8QVC44sOsdm_Ik_od2B7iVgBSWKeoNXpt-rb0D9dEDR8k7DJPCB4hJEhkxg5yerF3wUoKN2ZVbnqqJ93jDjvuXxN6Bp=w800-h600-no\" \/><\/div>\n\r\n\t<div class=\"slideshow_container slideshow_container_style-light\" style=\" \" data-slideshow-id=\"11131\" data-style-name=\"style-light\" data-style-version=\"2.3.1\" >\r\n\r\n\t\t\t\t\t<div class=\"slideshow_loading_icon\"><\/div>\r\n\t\t\r\n\t\t<div class=\"slideshow_content\" style=\"display: none;\">\r\n\r\n\t\t\t<div class=\"slideshow_view\">\r\n\t\t\t\t<div class=\"slideshow_slide slideshow_slide_image\">\r\n\t\t\t\t\t\t\t\t\t\t\t<img src=\"https:\/\/serveiseducatius.xtec.cat\/cda-vallsdaneu\/wp-content\/uploads\/usu1375\/2025\/03\/WhatsApp-Image-2024-11-11-at-13.48.23-3.jpeg\" alt=\"WhatsApp Image 2024-11-11 at 13.48.23 (3)\" width=\"2048\" height=\"1536\" \/>\r\n\t\t\t\t\t\t\t\t\t\t<div class=\"slideshow_description_box slideshow_transparent\">\r\n\t\t\t\t\t\t<div class=\"slideshow_title\">WhatsApp Image 2024-11-11 at 13.48.23 (3)<\/div>\t\t\t\t\t\t\t\t\t\t\t<\/div>\r\n\t\t\t\t<\/div>\r\n\r\n\t\t\t\t\t\t\r\n\t\t\t\t<div class=\"slideshow_slide slideshow_slide_image\">\r\n\t\t\t\t\t\t\t\t\t\t\t<img src=\"https:\/\/serveiseducatius.xtec.cat\/cda-vallsdaneu\/wp-content\/uploads\/usu1375\/2025\/03\/IMG-20241219-WA0047.jpg\" alt=\"IMG-20241219-WA0047\" width=\"2048\" height=\"1536\" \/>\r\n\t\t\t\t\t\t\t\t\t\t<div class=\"slideshow_description_box slideshow_transparent\">\r\n\t\t\t\t\t\t<div class=\"slideshow_title\">IMG-20241219-WA0047<\/div>\t\t\t\t\t\t\t\t\t\t\t<\/div>\r\n\t\t\t\t<\/div>\r\n\r\n\t\t\t\t\t\t<div style=\"clear: both;\"><\/div><\/div><div class=\"slideshow_view\">\r\n\t\t\t\t<div class=\"slideshow_slide slideshow_slide_image\">\r\n\t\t\t\t\t\t\t\t\t\t\t<img src=\"https:\/\/serveiseducatius.xtec.cat\/cda-vallsdaneu\/wp-content\/uploads\/usu1375\/2025\/03\/DSC01888-scaled.jpg\" alt=\"DSC01888\" width=\"2560\" height=\"1714\" \/>\r\n\t\t\t\t\t\t\t\t\t\t<div class=\"slideshow_description_box slideshow_transparent\">\r\n\t\t\t\t\t\t<div class=\"slideshow_title\">DSC01888<\/div>\t\t\t\t\t\t\t\t\t\t\t<\/div>\r\n\t\t\t\t<\/div>\r\n\r\n\t\t\t\t\t\t\r\n\t\t\t\t<div class=\"slideshow_slide slideshow_slide_image\">\r\n\t\t\t\t\t\t\t\t\t\t\t<img src=\"https:\/\/serveiseducatius.xtec.cat\/cda-vallsdaneu\/wp-content\/uploads\/usu1375\/2025\/03\/IMG-20241219-WA0057.jpg\" alt=\"IMG-20241219-WA0057\" width=\"1600\" height=\"1200\" \/>\r\n\t\t\t\t\t\t\t\t\t\t<div class=\"slideshow_description_box slideshow_transparent\">\r\n\t\t\t\t\t\t<div class=\"slideshow_title\">IMG-20241219-WA0057<\/div>\t\t\t\t\t\t\t\t\t\t\t<\/div>\r\n\t\t\t\t<\/div>\r\n\r\n\t\t\t\t\t\t<div style=\"clear: both;\"><\/div><\/div><div class=\"slideshow_view\">\r\n\t\t\t\t<div class=\"slideshow_slide slideshow_slide_image\">\r\n\t\t\t\t\t\t\t\t\t\t\t<img src=\"https:\/\/serveiseducatius.xtec.cat\/cda-vallsdaneu\/wp-content\/uploads\/usu1375\/2025\/03\/IMG-20241219-WA0055.jpg\" alt=\"IMG-20241219-WA0055\" width=\"2048\" height=\"1536\" \/>\r\n\t\t\t\t\t\t\t\t\t\t<div class=\"slideshow_description_box slideshow_transparent\">\r\n\t\t\t\t\t\t<div class=\"slideshow_title\">IMG-20241219-WA0055<\/div>\t\t\t\t\t\t\t\t\t\t\t<\/div>\r\n\t\t\t\t<\/div>\r\n\r\n\t\t\t\t\t\t\r\n\t\t\t\t<div class=\"slideshow_slide slideshow_slide_image\">\r\n\t\t\t\t\t\t\t\t\t\t\t<img src=\"https:\/\/serveiseducatius.xtec.cat\/cda-vallsdaneu\/wp-content\/uploads\/usu1375\/2025\/03\/DSC01915-scaled.jpg\" alt=\"SONY DSC\" width=\"2560\" height=\"1714\" \/>\r\n\t\t\t\t\t\t\t\t\t\t<div class=\"slideshow_description_box slideshow_transparent\">\r\n\t\t\t\t\t\t<div class=\"slideshow_title\">SONY DSC<\/div>\t\t\t\t\t\t\t\t\t\t\t<\/div>\r\n\t\t\t\t<\/div>\r\n\r\n\t\t\t\t\t\t<div style=\"clear: both;\"><\/div><\/div><div class=\"slideshow_view\">\r\n\t\t\t\t<div class=\"slideshow_slide slideshow_slide_image\">\r\n\t\t\t\t\t\t\t\t\t\t\t<img src=\"https:\/\/serveiseducatius.xtec.cat\/cda-vallsdaneu\/wp-content\/uploads\/usu1375\/2025\/03\/IMG-20241219-WA0032.jpg\" alt=\"IMG-20241219-WA0032\" width=\"2048\" height=\"1536\" \/>\r\n\t\t\t\t\t\t\t\t\t\t<div class=\"slideshow_description_box slideshow_transparent\">\r\n\t\t\t\t\t\t<div class=\"slideshow_title\">IMG-20241219-WA0032<\/div>\t\t\t\t\t\t\t\t\t\t\t<\/div>\r\n\t\t\t\t<\/div>\r\n\r\n\t\t\t\t\t\t\r\n\t\t\t\t<div class=\"slideshow_slide slideshow_slide_image\">\r\n\t\t\t\t\t\t\t\t\t\t\t<img src=\"https:\/\/serveiseducatius.xtec.cat\/cda-vallsdaneu\/wp-content\/uploads\/usu1375\/2025\/03\/IMG_9565-scaled.jpg\" alt=\"IMG_9565\" width=\"2560\" height=\"1920\" \/>\r\n\t\t\t\t\t\t\t\t\t\t<div class=\"slideshow_description_box slideshow_transparent\">\r\n\t\t\t\t\t\t<div class=\"slideshow_title\">IMG_9565<\/div>\t\t\t\t\t\t\t\t\t\t\t<\/div>\r\n\t\t\t\t<\/div>\r\n\r\n\t\t\t\t\t\t<div style=\"clear: both;\"><\/div><\/div><div class=\"slideshow_view\">\r\n\t\t\t\t<div class=\"slideshow_slide slideshow_slide_image\">\r\n\t\t\t\t\t\t\t\t\t\t\t<img src=\"https:\/\/serveiseducatius.xtec.cat\/cda-vallsdaneu\/wp-content\/uploads\/usu1375\/2025\/03\/IMG-20241219-WA0031.jpg\" alt=\"IMG-20241219-WA0031\" width=\"2048\" height=\"954\" \/>\r\n\t\t\t\t\t\t\t\t\t\t<div class=\"slideshow_description_box slideshow_transparent\">\r\n\t\t\t\t\t\t<div class=\"slideshow_title\">IMG-20241219-WA0031<\/div>\t\t\t\t\t\t\t\t\t\t\t<\/div>\r\n\t\t\t\t<\/div>\r\n\r\n\t\t\t\t\t\t<div style=\"clear: both;\"><\/div><\/div>\r\n\t\t<\/div>\r\n\r\n\t\t<div class=\"slideshow_controlPanel slideshow_transparent\" style=\"display: none;\"><ul><li class=\"slideshow_togglePlay\" data-play-text=\"Visualitza\" data-pause-text=\"Pausa\"><\/li><\/ul><\/div>\r\n\r\n\t\t<div class=\"slideshow_button slideshow_previous slideshow_transparent\" role=\"button\" data-previous-text=\"Anterior\" style=\"display: none;\"><\/div>\r\n\t\t<div class=\"slideshow_button slideshow_next slideshow_transparent\" role=\"button\" data-next-text=\"Seg\u00fcent\" style=\"display: none;\"><\/div>\r\n\r\n\t\t<div class=\"slideshow_pagination\" style=\"display: none;\" data-go-to-text=\"V\u00e9s a la diapositiva\"><div class=\"slideshow_pagination_center\"><\/div><\/div>\r\n\r\n\t\t<!-- WordPress Slideshow Version 2.3.1 -->\r\n\r\n\t\t\t<\/div>\r\n\r\n\n<p>Sant Pere del Burgal fou un antic<strong><span style=\"color: #008000;\"> monestir fundat per monjos benedictins.<\/span><\/strong> Tot i que la not\u00edcia m\u00e9s antiga que es t\u00e9 del monestir \u00e9s de l&#8217;any 859, les restes actuals de l&#8217;esgl\u00e9sia del monestir daten de <strong><span style=\"color: #008000;\">finals del segle X.<\/span><\/strong> Al monestir s&#8217;hi accedeix a peu des del poble d&#8217;Escal\u00f3 en aproximadament uns vint minuts. L&#8217;objectiu d&#8217;aquesta activitat \u00e9s con\u00e8ixer els trets principals de l&#8217;arquitectura rom\u00e0nica, situar-nos en el context de l&#8217;\u00e8poca i comparar les restes d&#8217;aquest monestir benedict\u00ed amb altres de m\u00e9s coneguts com el Monestir de Santes Creus.<\/p>\n<p>Les diferents activitats que realitzem en aquesta sortida s\u00f3n:<\/p>\n<ul>\n<li style=\"list-style-type: none;\">\n<ul>\n<li style=\"list-style-type: none;\">\n<ul>\n<li><span style=\"color: #008000;\">La l\u00ednia del temps. Representaci\u00f3 de les principals societats i estils arquitect\u00f2nics.<\/span><\/li>\n<li><span style=\"color: #008000;\">Situaci\u00f3 hist\u00f2rica de l&#8217;art rom\u00e0nic i la societat feudal<\/span><\/li>\n<li><span style=\"color: #008000;\">Identificaci\u00f3 dels estaments de la societat feudal a partir de la representaci\u00f3 de la pir\u00e0mide social.<\/span><\/li>\n<li><span style=\"color: #008000;\">Coneixement de la vida mon\u00e0stica<\/span><\/li>\n<li><span style=\"color: #008000;\">Identificaci\u00f3 dels principals trets de l&#8217;arquitectura rom\u00e0nica.<\/span><\/li>\n<li><span style=\"color: #008000;\">Coneixement de la t\u00e8cnica de pintura al fresc.<\/span><\/li>\n<li><span style=\"color: #008000;\">Observaci\u00f3 dels trets m\u00e9s significatius de la pintura rom\u00e0nica.<\/span><\/li>\n<\/ul>\n<\/li>\n<\/ul>\n<\/li>\n<\/ul>\n<p><strong>Recomanacions: <\/strong>Portar roba i cal\u00e7at adequat a l&#8217;\u00e8poca de l&#8217;any<br \/>\n<strong>Material necessari:<\/strong> Dossier, llapis, goma.<br \/>\n<strong>Durada: <\/strong><span style=\"color: #333333;\">Un mat\u00ed<\/span><br \/>\n<strong>Activitat complement\u00e0ria: <\/strong>Es pot complementar amb la visita a la vila closa d&#8217;Escal\u00f3, tamb\u00e9 amb el taller d&#8217;arc de mig punt.<br \/>\n<strong>Cursos:<\/strong> CS, ESO i BAT<\/p>\n<p><a href=\"https:\/\/drive.google.com\/file\/d\/1iAmoceW82FxrI_H0UMyLYVOkyhzj6bug\/view?usp=drive_link\" target=\"_blank\" rel=\"noopener\"><img loading=\"lazy\" decoding=\"async\" class=\"alignnone wp-image-8681 size-thumbnail\" src=\"http:\/\/serveiseducatius.xtec.cat\/cda-vallsdaneu\/wp-content\/uploads\/usu1375\/2014\/04\/fitxa-activitat-150x150.png\" alt=\"fitxa activitat\" width=\"150\" height=\"150\" srcset=\"https:\/\/serveiseducatius.xtec.cat\/cda-vallsdaneu\/wp-content\/uploads\/usu1375\/2014\/04\/fitxa-activitat-150x150.png 150w, https:\/\/serveiseducatius.xtec.cat\/cda-vallsdaneu\/wp-content\/uploads\/usu1375\/2014\/04\/fitxa-activitat.png 225w\" sizes=\"auto, (max-width: 150px) 100vw, 150px\" \/><\/a><a href=\"https:\/\/drive.google.com\/file\/d\/1U9hxvTlTWyOAw0JCSMY6uPROUnpZe2rW\/view?usp=drive_link\" target=\"_blank\" rel=\"noopener\"><img loading=\"lazy\" decoding=\"async\" class=\"alignnone wp-image-8645 size-thumbnail\" src=\"http:\/\/serveiseducatius.xtec.cat\/cda-vallsdaneu\/wp-content\/uploads\/usu1375\/2014\/04\/dossier-150x150.png\" alt=\"dossier\" width=\"150\" height=\"150\" srcset=\"https:\/\/serveiseducatius.xtec.cat\/cda-vallsdaneu\/wp-content\/uploads\/usu1375\/2014\/04\/dossier-150x150.png 150w, https:\/\/serveiseducatius.xtec.cat\/cda-vallsdaneu\/wp-content\/uploads\/usu1375\/2014\/04\/dossier.png 225w\" sizes=\"auto, (max-width: 150px) 100vw, 150px\" \/><\/a><a href=\"http:\/\/blocs.xtec.cat\/cdavallsdaneuescoles\/esglesies-i-monestirs\/\" target=\"_blank\" rel=\"noopener\"><img loading=\"lazy\" decoding=\"async\" class=\"alignnone wp-image-8728 size-thumbnail\" src=\"http:\/\/serveiseducatius.xtec.cat\/cda-vallsdaneu\/wp-content\/uploads\/usu1375\/2014\/04\/act-pr\u00e8via-150x150.png\" alt=\"act-pr\u00e8via\" width=\"150\" height=\"150\" srcset=\"https:\/\/serveiseducatius.xtec.cat\/cda-vallsdaneu\/wp-content\/uploads\/usu1375\/2014\/04\/act-pr\u00e8via-150x150.png 150w, https:\/\/serveiseducatius.xtec.cat\/cda-vallsdaneu\/wp-content\/uploads\/usu1375\/2014\/04\/act-pr\u00e8via.png 225w\" sizes=\"auto, (max-width: 150px) 100vw, 150px\" \/><\/a><\/p>\n<p><span style=\"border-radius: 2px; text-indent: 20px; width: auto; padding: 0px 4px 0px 0px; text-align: center; font: bold 11px\/20px 'Helvetica Neue',Helvetica,sans-serif; color: #ffffff; background: #bd081c no-repeat scroll 3px 50% \/ 14px 14px; position: absolute; opacity: 1; z-index: 8675309; display: none; cursor: pointer;\">Save<\/span><\/p>\n","protected":false},"excerpt":{"rendered":"<p>Sant Pere del Burgal fou un antic monestir fundat per monjos benedictins. Tot i que la not\u00edcia m\u00e9s antiga que [&hellip;]<\/p>\n","protected":false},"author":1,"featured_media":0,"parent":767,"menu_order":3,"comment_status":"closed","ping_status":"closed","template":"","meta":{"_bbp_topic_count":0,"_bbp_reply_count":0,"_bbp_total_topic_count":0,"_bbp_total_reply_count":0,"_bbp_voice_count":0,"_bbp_anonymous_reply_count":0,"_bbp_topic_count_hidden":0,"_bbp_reply_count_hidden":0,"_bbp_forum_subforum_count":0,"site-sidebar-layout":"default","site-content-layout":"","ast-site-content-layout":"default","site-content-style":"default","site-sidebar-style":"default","ast-global-header-display":"","ast-banner-title-visibility":"","ast-main-header-display":"","ast-hfb-above-header-display":"","ast-hfb-below-header-display":"","ast-hfb-mobile-header-display":"","site-post-title":"","ast-breadcrumbs-content":"","ast-featured-img":"","footer-sml-layout":"","theme-transparent-header-meta":"default","adv-header-id-meta":"","stick-header-meta":"","header-above-stick-meta":"","header-main-stick-meta":"","header-below-stick-meta":"","astra-migrate-meta-layouts":"set","ast-page-background-enabled":"default","ast-page-background-meta":{"desktop":{"background-color":"var(--ast-global-color-4)","background-image":"","background-repeat":"repeat","background-position":"center center","background-size":"auto","background-attachment":"scroll","background-type":"","background-media":"","overlay-type":"","overlay-color":"","overlay-opacity":"","overlay-gradient":""},"tablet":{"background-color":"","background-image":"","background-repeat":"repeat","background-position":"center center","background-size":"auto","background-attachment":"scroll","background-type":"","background-media":"","overlay-type":"","overlay-color":"","overlay-opacity":"","overlay-gradient":""},"mobile":{"background-color":"","background-image":"","background-repeat":"repeat","background-position":"center center","background-size":"auto","background-attachment":"scroll","background-type":"","background-media":"","overlay-type":"","overlay-color":"","overlay-opacity":"","overlay-gradient":""}},"ast-content-background-meta":{"desktop":{"background-color":"var(--ast-global-color-5)","background-image":"","background-repeat":"repeat","background-position":"center center","background-size":"auto","background-attachment":"scroll","background-type":"","background-media":"","overlay-type":"","overlay-color":"","overlay-opacity":"","overlay-gradient":""},"tablet":{"background-color":"var(--ast-global-color-5)","background-image":"","background-repeat":"repeat","background-position":"center center","background-size":"auto","background-attachment":"scroll","background-type":"","background-media":"","overlay-type":"","overlay-color":"","overlay-opacity":"","overlay-gradient":""},"mobile":{"background-color":"var(--ast-global-color-5)","background-image":"","background-repeat":"repeat","background-position":"center center","background-size":"auto","background-attachment":"scroll","background-type":"","background-media":"","overlay-type":"","overlay-color":"","overlay-opacity":"","overlay-gradient":""}},"footnotes":""},"class_list":["post-1390","page","type-page","status-publish","hentry"],"post_mailing_queue_ids":[],"_links":{"self":[{"href":"https:\/\/serveiseducatius.xtec.cat\/cda-vallsdaneu\/wp-json\/wp\/v2\/pages\/1390","targetHints":{"allow":["GET"]}}],"collection":[{"href":"https:\/\/serveiseducatius.xtec.cat\/cda-vallsdaneu\/wp-json\/wp\/v2\/pages"}],"about":[{"href":"https:\/\/serveiseducatius.xtec.cat\/cda-vallsdaneu\/wp-json\/wp\/v2\/types\/page"}],"author":[{"embeddable":true,"href":"https:\/\/serveiseducatius.xtec.cat\/cda-vallsdaneu\/wp-json\/wp\/v2\/users\/1"}],"replies":[{"embeddable":true,"href":"https:\/\/serveiseducatius.xtec.cat\/cda-vallsdaneu\/wp-json\/wp\/v2\/comments?post=1390"}],"version-history":[{"count":3,"href":"https:\/\/serveiseducatius.xtec.cat\/cda-vallsdaneu\/wp-json\/wp\/v2\/pages\/1390\/revisions"}],"predecessor-version":[{"id":11460,"href":"https:\/\/serveiseducatius.xtec.cat\/cda-vallsdaneu\/wp-json\/wp\/v2\/pages\/1390\/revisions\/11460"}],"up":[{"embeddable":true,"href":"https:\/\/serveiseducatius.xtec.cat\/cda-vallsdaneu\/wp-json\/wp\/v2\/pages\/767"}],"wp:attachment":[{"href":"https:\/\/serveiseducatius.xtec.cat\/cda-vallsdaneu\/wp-json\/wp\/v2\/media?parent=1390"}],"curies":[{"name":"wp","href":"https:\/\/api.w.org\/{rel}","templated":true}]}}