{"id":1376,"date":"2014-04-29T12:40:12","date_gmt":"2014-04-29T12:40:12","guid":{"rendered":"http:\/\/blocs.xtec.cat\/cdavallsdaneu2\/?page_id=1376"},"modified":"2025-03-28T10:00:18","modified_gmt":"2025-03-28T09:00:18","slug":"vida-domestica","status":"publish","type":"page","link":"https:\/\/serveiseducatius.xtec.cat\/cda-vallsdaneu\/ambits\/ambit-social\/vida-domestica\/","title":{"rendered":"Vida dom\u00e8stica"},"content":{"rendered":"<div id=\"24225\" style=\"width: 600px; height: 400px; display: none;\"><img decoding=\"async\" src=\"https:\/\/lh3.googleusercontent.com\/NT31zUdLbJENy8tu013kKts_IA47HylcIMi4cHa6wYib0q1atHIK34elqN0_epDHLQmcRaBa2BYFGR5cdeVATfkJH0MIUowIrM6xuwIiEJIw9Ff2qsWtUQDNaqffr4WuCLFuJ6GbwhOLE8ApHKlqYVtgIscSZfkYaeA-mz41kcYwZLLLrJk3yNhkFYd06xF2BeRnKg85fB298YnFrH6Yr5eEskSTUXw2h1xllsCRQR-fuwaiZ9mdnbWxC4I8QxuS1LGOF8OkAKc5Bls5iqRSNbDudh_I4EGW21R7_UjuVjRZF_ZQIg94PbSyH_I_ES4vFTpU18rJdO9fqsS8XvnfO98fYciCHUQcD-kWmJliXJW8Dzenn62InKZGrEF0N9qGpL9LiJ5GlWobgHSv1suX7UUy0dxlNVPqfLO-suXjEzmjatUkaigP4_GFBnPN7o8TYB2QvqNtfhMrvxAiCOL_kKevI0lrVuKTMvSEwSgTp-D5gwSHH1OezbelkAOQ8NnEG2SQRbmsxxhYfUmDqYdcP1lWMcjpAIPFergjzyngGN7ozNwu-7Hwehk4NkgrObEMmt3Cii53lhKj4ZVpI9tbju4C6jp5A6DhDd3iNWkt59eiBh7acuJ7=w800-h600-no\" \/><br \/>\n<img decoding=\"async\" src=\"https:\/\/lh3.googleusercontent.com\/Xl3U50TEo9t8nCifo9o_SP0yHBAIm6GZqShZ9TZSFWQP-iucPdmnAhkL-k-8lxj4JFTR-PGunVROZ-MzWERS51f4S2YQyiHfQPra0sT01BuG-odc3NpplUmjmQtCsAXzwfYKwkjPgXYyt1m9GnmVh-syD5VGy0p1zgR8Q3LxL6w2dNGOfZ4YRhF3BL14DJX8ldHZLLBMYAs6fAxHoMgwVy83CK7K_pfuE65Yoh098LSMvyC3rl5A58z0lh6HrWA5ImUw_Z2bMAtzUsGvJBuZLpmAFuJDHVYuUs3ZJ10PyhYLdjOJfFsG9wkbePzdQ8qVt_bnhUyeGBfbIpB32HakXLy3ZNdXsz-hQrPvUerVOk--fgFwKuxE2BFkHVkttl6LHi9fFxKPecWYD76zWzZH9Ugd-69alAM75aoW4byxxxhSUhsvmSCFKiMSaqhP6_ErzuOk9eueJ7kiF0ItNyZxcwe8I5yTbqIbCKDdQEX0j2CfuKZgdEvWvmo1ZkavgX_Q9uDamWHxS5djqeGg5G5QhaULcwIeJWHBdaXnxXgbGSksUkZmJavX2MnNIchDuFGiJyaPG1GBG-6XbXEAmTByOwdWMMX_eJTXSeBtoNblbHpoFKxbbIFL=w800-h600-no\" \/><br \/>\n<img decoding=\"async\" src=\"https:\/\/lh3.googleusercontent.com\/RJamrtnYJ53GtSnpE5kT3HbfU9IHZoNDqNZYVFujxB75kT-p4f5NwJftMRxqupA3GfpIc7zMtnaJN0F5g7kLUSjGrBE1UIOHelxMLpuXjZtLiOMI7zfPGcQ3s3a74LIS0JNrmgVoZB372zZ2zDYrpqwb3ck0K8x_qAD1H-zBWxG-I0-ukb4wvrTHNlDScacYd-NS0V0JD_4Ccv498o0kjASHuLp3uV5R1hNqUqlBu0icuUbZGN-e9iqxN21748O-eFdc_etMra41kx0J3NT_DcsagZcV6_NJh_765djFMu7U3oHYKlzRkMCEd85QeaORYzL0H0ykxwZQEfWWbwiL105WStWjie-y4UPhthQJ4uuYxehfv3YEqdPQYGLRxBg-TVL0vg_rew7gPQmF7xgIbS94nBYXI7Dj_fuXUZAUBFE8ew6xcZiMVMpnjSadbw2XwNNixuYTNGlchk1l8Yfa-I4a88ItzZwMoo9d_kT4VWXbECrpZSBNd_WAokrwpEZie31mt-0dYPMzxgiZkZspfcEjfaADWA4vnScaVCx5D7wukEG_dxyT1JYeD0RnD_EyZgvBpPEsWWhlgUArKMjSAsq9IkmExNN5kDA6FtAEGgtgtD2a3WC7=w800-h600-no\" \/><br \/>\n<img decoding=\"async\" src=\"https:\/\/lh3.googleusercontent.com\/Yl1fo364SGW5Pou8t25_EKhmbxnMOH3HdOP3pjwI4TZswi7yB0vFHOOFAS583L7G57Daurm4G7B5qj_-GbrubsIRSArn0IBReVjVZBaWR3m7LN9x1-3z7BNqJaKUzaOFrSWYdlbKxt88RBQiQ2DH3bwf3E5ZXvjIUfQQolIMHW1m8SsYL04h73k5D8ifq6zORc3kpni1u23iWEFza9QlNdgTr8-5fT9wXIRjgy3Q0kB8HpxUetUugfknX1aEUOJjliZT2ZTCTgeOu2cOwJhLZWfan_scOVIUQgjnn9hBP-aWcj4uKEn196pNjQYONpbwja-9RecWjPi8IYw_aA5b2gz1mvSTFI0wOJ5rhGBjcLUQ-c9yYdxw6p2qWSzqtYsfX_JSvyyi9YO2p-odqiqWZPg9cJf7YMcyQRMeOVz98uzfRMt6W4LMVzt-0TOU7OYdGFO8ALXgVPLuPe85BWCey1tUYOeLVi_89QZKFioz0OFHLIArhJdvfkpPXzsh51YTlqTge2bAZRqVxHcW0TEk6Drgod08M-5_KE_w5KsJzKFB_MutTC1zi3WmBvUOhtV37p3gh71gOMbVTduL9LofUFXEtaty4n-3v5DRj4zl3Yp7gXYGnP7i=w800-h600-no\" \/><\/div>\n\r\n\t<div class=\"slideshow_container slideshow_container_style-light\" style=\" \" data-slideshow-id=\"11147\" data-style-name=\"style-light\" data-style-version=\"2.3.1\" >\r\n\r\n\t\t\t\t\t<div class=\"slideshow_loading_icon\"><\/div>\r\n\t\t\r\n\t\t<div class=\"slideshow_content\" style=\"display: none;\">\r\n\r\n\t\t\t<div class=\"slideshow_view\">\r\n\t\t\t\t<div class=\"slideshow_slide slideshow_slide_image\">\r\n\t\t\t\t\t\t\t\t\t\t\t<img src=\"https:\/\/serveiseducatius.xtec.cat\/cda-vallsdaneu\/wp-content\/uploads\/usu1375\/2025\/03\/WhatsApp-Image-2024-05-17-at-14.50.11-1.jpeg\" alt=\"WhatsApp Image 2024-05-17 at 14.50.11 (1)\" width=\"2048\" height=\"2048\" \/>\r\n\t\t\t\t\t\t\t\t\t\t<div class=\"slideshow_description_box slideshow_transparent\">\r\n\t\t\t\t\t\t<div class=\"slideshow_title\">WhatsApp Image 2024-05-17 at 14.50.11 (1)<\/div>\t\t\t\t\t\t\t\t\t\t\t<\/div>\r\n\t\t\t\t<\/div>\r\n\r\n\t\t\t\t\t\t\r\n\t\t\t\t<div class=\"slideshow_slide slideshow_slide_image\">\r\n\t\t\t\t\t\t\t\t\t\t\t<img src=\"https:\/\/serveiseducatius.xtec.cat\/cda-vallsdaneu\/wp-content\/uploads\/usu1375\/2025\/03\/WhatsApp-Image-2024-05-17-at-14.50.12.jpeg\" alt=\"WhatsApp Image 2024-05-17 at 14.50.12\" width=\"2048\" height=\"2048\" \/>\r\n\t\t\t\t\t\t\t\t\t\t<div class=\"slideshow_description_box slideshow_transparent\">\r\n\t\t\t\t\t\t<div class=\"slideshow_title\">WhatsApp Image 2024-05-17 at 14.50.12<\/div>\t\t\t\t\t\t\t\t\t\t\t<\/div>\r\n\t\t\t\t<\/div>\r\n\r\n\t\t\t\t\t\t<div style=\"clear: both;\"><\/div><\/div><div class=\"slideshow_view\">\r\n\t\t\t\t<div class=\"slideshow_slide slideshow_slide_image\">\r\n\t\t\t\t\t\t\t\t\t\t\t<img src=\"https:\/\/serveiseducatius.xtec.cat\/cda-vallsdaneu\/wp-content\/uploads\/usu1375\/2025\/03\/IMG_2665.jpg\" alt=\"IMG_2665\" width=\"1600\" height=\"1200\" \/>\r\n\t\t\t\t\t\t\t\t\t\t<div class=\"slideshow_description_box slideshow_transparent\">\r\n\t\t\t\t\t\t<div class=\"slideshow_title\">IMG_2665<\/div>\t\t\t\t\t\t\t\t\t\t\t<\/div>\r\n\t\t\t\t<\/div>\r\n\r\n\t\t\t\t\t\t\r\n\t\t\t\t<div class=\"slideshow_slide slideshow_slide_image\">\r\n\t\t\t\t\t\t\t\t\t\t\t<img src=\"https:\/\/serveiseducatius.xtec.cat\/cda-vallsdaneu\/wp-content\/uploads\/usu1375\/2025\/03\/IMG_2661.jpg\" alt=\"IMG_2661\" width=\"1600\" height=\"1200\" \/>\r\n\t\t\t\t\t\t\t\t\t\t<div class=\"slideshow_description_box slideshow_transparent\">\r\n\t\t\t\t\t\t<div class=\"slideshow_title\">IMG_2661<\/div>\t\t\t\t\t\t\t\t\t\t\t<\/div>\r\n\t\t\t\t<\/div>\r\n\r\n\t\t\t\t\t\t<div style=\"clear: both;\"><\/div><\/div><div class=\"slideshow_view\">\r\n\t\t\t\t<div class=\"slideshow_slide slideshow_slide_image\">\r\n\t\t\t\t\t\t\t\t\t\t\t<img src=\"https:\/\/serveiseducatius.xtec.cat\/cda-vallsdaneu\/wp-content\/uploads\/usu1375\/2025\/03\/WhatsApp-Image-2024-01-20-at-10.33.51.jpeg\" alt=\"WhatsApp Image 2024-01-20 at 10.33.51\" width=\"2040\" height=\"1536\" \/>\r\n\t\t\t\t\t\t\t\t\t\t<div class=\"slideshow_description_box slideshow_transparent\">\r\n\t\t\t\t\t\t<div class=\"slideshow_title\">WhatsApp Image 2024-01-20 at 10.33.51<\/div>\t\t\t\t\t\t\t\t\t\t\t<\/div>\r\n\t\t\t\t<\/div>\r\n\r\n\t\t\t\t\t\t<div style=\"clear: both;\"><\/div><\/div>\r\n\t\t<\/div>\r\n\r\n\t\t<div class=\"slideshow_controlPanel slideshow_transparent\" style=\"display: none;\"><ul><li class=\"slideshow_togglePlay\" data-play-text=\"Visualitza\" data-pause-text=\"Pausa\"><\/li><\/ul><\/div>\r\n\r\n\t\t<div class=\"slideshow_button slideshow_previous slideshow_transparent\" role=\"button\" data-previous-text=\"Anterior\" style=\"display: none;\"><\/div>\r\n\t\t<div class=\"slideshow_button slideshow_next slideshow_transparent\" role=\"button\" data-next-text=\"Seg\u00fcent\" style=\"display: none;\"><\/div>\r\n\r\n\t\t<div class=\"slideshow_pagination\" style=\"display: none;\" data-go-to-text=\"V\u00e9s a la diapositiva\"><div class=\"slideshow_pagination_center\"><\/div><\/div>\r\n\r\n\t\t<!-- WordPress Slideshow Version 2.3.1 -->\r\n\r\n\t\t\t<\/div>\r\n\r\n\n<p>Aquesta activitat compren la visita a <strong><span style=\"color: #008000;\">casa Gassia<\/span><\/strong>, una casa agro-ramadera del segle XIX i que es troba al centre del poble d&#8217;Esterri d&#8217;\u00c0neu. L&#8217;activitat t\u00e9 com a objectiu descobrir a\u00a0 trav\u00e9s de l&#8217;estudi de la vida dom\u00e8stica, els aspectes socioecon\u00f2mics, culturals i religiosos de la societat rural de l&#8217;\u00e8poca.<\/p>\n<p>Casa Gassia \u00e9s un dels espais gestionats per l<span style=\"color: #008000;\"><strong>&#8216;Ecomuseu de les Valls d&#8217;\u00c0neu<\/strong><\/span>, entitat que fa recerca, conservaci\u00f3 i difusi\u00f3 del patrimoni cultural de les Valls d&#8217;\u00c0neu.<\/p>\n<p><strong>Durada: <\/strong>Mig mat\u00ed o una tarda.<br \/>\n<strong>Activitat complement\u00e0ria: <\/strong>En el cas de fer l&#8217;activitat al mat\u00ed es pot complementar amb l&#8217;activitat de jocs tradicionals.<br \/>\n<strong>Cursos: <\/strong>CM, CS, ESO i BAT<\/p>\n<p><a href=\"https:\/\/drive.google.com\/file\/d\/1bi_KUG26vQgvKOuMipOQC6IjfH9c8ryL\/view?usp=drive_link\" target=\"_blank\" rel=\"noopener\"><img loading=\"lazy\" decoding=\"async\" class=\"alignnone wp-image-8681 size-thumbnail\" src=\"http:\/\/serveiseducatius.xtec.cat\/cda-vallsdaneu\/wp-content\/uploads\/usu1375\/2014\/04\/fitxa-activitat-150x150.png\" alt=\"fitxa activitat\" width=\"150\" height=\"150\" srcset=\"https:\/\/serveiseducatius.xtec.cat\/cda-vallsdaneu\/wp-content\/uploads\/usu1375\/2014\/04\/fitxa-activitat-150x150.png 150w, https:\/\/serveiseducatius.xtec.cat\/cda-vallsdaneu\/wp-content\/uploads\/usu1375\/2014\/04\/fitxa-activitat.png 225w\" sizes=\"auto, (max-width: 150px) 100vw, 150px\" \/><\/a><a href=\"http:\/\/blocs.xtec.cat\/cdavallsdaneuescoles\/vida-tradicional\/\" target=\"_blank\" rel=\"noopener\"><img loading=\"lazy\" decoding=\"async\" class=\"alignnone wp-image-8728 size-thumbnail\" src=\"http:\/\/serveiseducatius.xtec.cat\/cda-vallsdaneu\/wp-content\/uploads\/usu1375\/2014\/04\/act-pr\u00e8via-150x150.png\" alt=\"act-pr\u00e8via\" width=\"150\" height=\"150\" srcset=\"https:\/\/serveiseducatius.xtec.cat\/cda-vallsdaneu\/wp-content\/uploads\/usu1375\/2014\/04\/act-pr\u00e8via-150x150.png 150w, https:\/\/serveiseducatius.xtec.cat\/cda-vallsdaneu\/wp-content\/uploads\/usu1375\/2014\/04\/act-pr\u00e8via.png 225w\" sizes=\"auto, (max-width: 150px) 100vw, 150px\" \/><\/a><\/p>\n<p><span style=\"border-radius: 2px; text-indent: 20px; width: auto; padding: 0px 4px 0px 0px; text-align: center; font: bold 11px\/20px 'Helvetica Neue',Helvetica,sans-serif; color: #ffffff; background: #bd081c no-repeat scroll 3px 50% \/ 14px 14px; position: absolute; opacity: 1; z-index: 8675309; display: none; cursor: pointer;\">Save<\/span><\/p>\n","protected":false},"excerpt":{"rendered":"<p>Aquesta activitat compren la visita a casa Gassia, una casa agro-ramadera del segle XIX i que es troba al centre [&hellip;]<\/p>\n","protected":false},"author":1,"featured_media":0,"parent":767,"menu_order":2,"comment_status":"closed","ping_status":"closed","template":"","meta":{"_bbp_topic_count":0,"_bbp_reply_count":0,"_bbp_total_topic_count":0,"_bbp_total_reply_count":0,"_bbp_voice_count":0,"_bbp_anonymous_reply_count":0,"_bbp_topic_count_hidden":0,"_bbp_reply_count_hidden":0,"_bbp_forum_subforum_count":0,"site-sidebar-layout":"default","site-content-layout":"","ast-site-content-layout":"default","site-content-style":"default","site-sidebar-style":"default","ast-global-header-display":"","ast-banner-title-visibility":"","ast-main-header-display":"","ast-hfb-above-header-display":"","ast-hfb-below-header-display":"","ast-hfb-mobile-header-display":"","site-post-title":"","ast-breadcrumbs-content":"","ast-featured-img":"","footer-sml-layout":"","theme-transparent-header-meta":"default","adv-header-id-meta":"","stick-header-meta":"","header-above-stick-meta":"","header-main-stick-meta":"","header-below-stick-meta":"","astra-migrate-meta-layouts":"set","ast-page-background-enabled":"default","ast-page-background-meta":{"desktop":{"background-color":"var(--ast-global-color-4)","background-image":"","background-repeat":"repeat","background-position":"center center","background-size":"auto","background-attachment":"scroll","background-type":"","background-media":"","overlay-type":"","overlay-color":"","overlay-opacity":"","overlay-gradient":""},"tablet":{"background-color":"","background-image":"","background-repeat":"repeat","background-position":"center center","background-size":"auto","background-attachment":"scroll","background-type":"","background-media":"","overlay-type":"","overlay-color":"","overlay-opacity":"","overlay-gradient":""},"mobile":{"background-color":"","background-image":"","background-repeat":"repeat","background-position":"center center","background-size":"auto","background-attachment":"scroll","background-type":"","background-media":"","overlay-type":"","overlay-color":"","overlay-opacity":"","overlay-gradient":""}},"ast-content-background-meta":{"desktop":{"background-color":"var(--ast-global-color-5)","background-image":"","background-repeat":"repeat","background-position":"center center","background-size":"auto","background-attachment":"scroll","background-type":"","background-media":"","overlay-type":"","overlay-color":"","overlay-opacity":"","overlay-gradient":""},"tablet":{"background-color":"var(--ast-global-color-5)","background-image":"","background-repeat":"repeat","background-position":"center center","background-size":"auto","background-attachment":"scroll","background-type":"","background-media":"","overlay-type":"","overlay-color":"","overlay-opacity":"","overlay-gradient":""},"mobile":{"background-color":"var(--ast-global-color-5)","background-image":"","background-repeat":"repeat","background-position":"center center","background-size":"auto","background-attachment":"scroll","background-type":"","background-media":"","overlay-type":"","overlay-color":"","overlay-opacity":"","overlay-gradient":""}},"footnotes":""},"class_list":["post-1376","page","type-page","status-publish","hentry"],"post_mailing_queue_ids":[],"_links":{"self":[{"href":"https:\/\/serveiseducatius.xtec.cat\/cda-vallsdaneu\/wp-json\/wp\/v2\/pages\/1376","targetHints":{"allow":["GET"]}}],"collection":[{"href":"https:\/\/serveiseducatius.xtec.cat\/cda-vallsdaneu\/wp-json\/wp\/v2\/pages"}],"about":[{"href":"https:\/\/serveiseducatius.xtec.cat\/cda-vallsdaneu\/wp-json\/wp\/v2\/types\/page"}],"author":[{"embeddable":true,"href":"https:\/\/serveiseducatius.xtec.cat\/cda-vallsdaneu\/wp-json\/wp\/v2\/users\/1"}],"replies":[{"embeddable":true,"href":"https:\/\/serveiseducatius.xtec.cat\/cda-vallsdaneu\/wp-json\/wp\/v2\/comments?post=1376"}],"version-history":[{"count":5,"href":"https:\/\/serveiseducatius.xtec.cat\/cda-vallsdaneu\/wp-json\/wp\/v2\/pages\/1376\/revisions"}],"predecessor-version":[{"id":11935,"href":"https:\/\/serveiseducatius.xtec.cat\/cda-vallsdaneu\/wp-json\/wp\/v2\/pages\/1376\/revisions\/11935"}],"up":[{"embeddable":true,"href":"https:\/\/serveiseducatius.xtec.cat\/cda-vallsdaneu\/wp-json\/wp\/v2\/pages\/767"}],"wp:attachment":[{"href":"https:\/\/serveiseducatius.xtec.cat\/cda-vallsdaneu\/wp-json\/wp\/v2\/media?parent=1376"}],"curies":[{"name":"wp","href":"https:\/\/api.w.org\/{rel}","templated":true}]}}