{"id":1369,"date":"2014-04-29T08:48:02","date_gmt":"2014-04-29T08:48:02","guid":{"rendered":"http:\/\/blocs.xtec.cat\/cdavallsdaneu2\/?page_id=1369"},"modified":"2025-03-27T14:03:42","modified_gmt":"2025-03-27T13:03:42","slug":"taller-de-rastres","status":"publish","type":"page","link":"https:\/\/serveiseducatius.xtec.cat\/cda-vallsdaneu\/ambits\/ambit-natural\/taller-de-rastres\/","title":{"rendered":"Taller de rastres"},"content":{"rendered":"<div id=\"1D97E\" style=\"width: 600px; height: 400px; display: none;\"><img decoding=\"async\" src=\"https:\/\/lh3.googleusercontent.com\/tXpwFDleKVtvf9bdzNSRkCpkhpcfKkW8Rm56RbGVE3oYNzMm0P5Y78haOg-LD0Oc8fr_QWD1YV05XHMyR1lV3PrL0d17CeQHTebuJBB_WqX8Ko6DMEesVOHorRzylD4Nqg7mMB8TbADcMEl2xwZwDpybkREuH7ED1tOpV7o7hNZjaD90W6eJF_ATxhq7yyMx1QCP8-KCIQsHJrxPvSdZV6mFkYMZ2nY2KpP2qltSOojmer7LRQHZtYK9sk8vrtT-ckXqIW4X1xRlnBPM9s0RhIa1BjcxAr26GbQIkI5TqiiDtks1gK2q31kIf0RakeOSJfjddXUzr1jMjmoaXRi1SL2bMW8d-lhQT0XMVPBnPT1cVH8_A3qWmsBDwUxCAaMwLX5bwZJop9yAxk_o7QRewGnXddNiunOzlHLkL2a-vsw8Qjpd5OweX_xg-c209GdkeM59QJUWA6qx-08RdXV24XcD_eguRHuFWgJih5DW_NGEQvUQX5wuYWxEwv3D0uUZoHANs0ruKdnUpGAvBAFY6-FJF9RDDBepzHy-sExw_Hm3puj7uhSL_2GkNkmOEikxwNgUDrPJmDDxQf-GhPHTbdzui8PgLuwq25JqeorslB-zKbFu=w800-h600-no\" \/><br \/>\n<img decoding=\"async\" src=\"https:\/\/lh3.googleusercontent.com\/U3OGrWV3afdeWRM5UwuwTuEsj8fJe-JGffmrb6TPTOuyHC_JA7titWsDkr5VxJYfIRL0cA9vnOCcx5uD0XgU61CmAUJnZdVj0FoammIjMLpSja3ShmQOfPdfIlINSvx9B7mL0j0Hkl-0Pi6coQLbSX0bPrcH5recQfvvjgeRiMxuwZ91hAAdIQHmsYyS_B0nq8ZsLWeKo6ayfips1JgO77Wk7xxQp1cJqCRoHzj4pb16KUbJ2Xa6MgW2XqmhVgZNg-Mn7cYYg-HAJ-_8e5ovk3Gc4UWjzHc35e6brpv-24-QTdl4UAJe1ZYzRAMfugHkYDNCxeTKqiUlB9dk-wCguTFVtGDnaXIv3N4nVh1Qbh5T43Gq5Iix-p5ZwMqlFH2PJFO729ArpsQe7vr8t87g0S-QgV6GLIdv6T5eYQK2Eo5QdE6Q8dIYLwr29BhTDV0xOzuQjxWbtAH7KhVIuTR6ZIgyQ7DB_eqgkbtlpyZzGh_PmwKH57zCci8VxF9I81JU7Y_WWGujpzcRFhUXWbWkIVxMIi7V8rgTNjY3iL6NzyEtCMI2WXz-a66_d3PABsJl9CUm7y-hu2oKuvjhHKFmZikZVUablDKIPHValw45aTHBy49UkDok=w800-h600-no\" \/><br \/>\n<img decoding=\"async\" src=\"https:\/\/lh3.googleusercontent.com\/IqINhC_VJ7CIrgtjSU547AaIGsAgW_8niWTwxbAIrwb1eCNFe6zlExvuOdS-rMj4G7410fKHUH9bRKUvS_Fi4egB9InRpClA4VXP0BBisYcXEMkBVmcdCXJ50VX07xZ-H8qGGR1m01EjyXez6wP6hH-jUGpQt6x7cXqlLUuMChH44kaU75apsQQdjDoWJp8T6HPqAK7rg9FuaVSGbghQPGyyFLp8amaCTXe1grwTqKRNfo-9CGDiftNgEmGQ25MFpmgcO_zvdWVmZga2kmHBTk1id0SMoanAeyPtaOcYnOFgVibZubxaF5OCi1yBueTVCHDqoDj02AFFWcfNB_L2a0gB5GQHgdb96_ijAE8LLfNhjrDW4a9josyliapD4Nwf7g_FVAL8DWkrBem0lyUqjw1m5ZEtQQ07u8z5t9vJLRmrtj7a78Am01B6aj4Sq_juEqj3c0EN3UF55UInfSPjRYv10HUK4BuKnxxqM2Mg4JCrXkQ-QOIDbbo0kVbP8hTRPyAdR831PB1sCxhVsTW87C6Znkua2NujGQTZ4NBgV-nDctQF4GdU1AkFZEnmZXD39uaY8bThzxszILgWUyt-I3G4oKx1MYV3SQaQlbdm9jncP6T54IMT=w800-h600-no\" \/><br \/>\n<img decoding=\"async\" src=\"https:\/\/lh3.googleusercontent.com\/8E9YyEliJ33OQqXZbPTzM6tu23EjkmlE1roZUeBxbXxiuqe5BxenB0OU-TwkE_rJBt6CHkUdqgtweQAg8yAwofebBi_hJ0fxNMM4IBI150DvrGOOZn5a6yhBTN5F46Ots3F0n149CY4LZFvDtMNn8tnXElJLrR-47SURx8r4-ByoH7rFW7Df7JPdTtFvZFxGToPg9eJTboez3179XOUP2WVJ-pKSmYetr01rslKsnag9gLew7AtfYtRtxBvMckqdwBQ5pKXxLCjcUz0EB-Uh5hOjlaMcJS4I1VWVE4a3rbxYXj4sqOEnpiaWCD9KSyjDgTYMTmqBW1Np5cQx3vRSgOfd47ImKCsSvQhpWHt9POCr6t1OyzGpxROSz-8pHhJJ2UGjaxV-cqbmF-hB3DVHa5rOYpopWkakeGzAnWRBzpB19QksyxO_14zQce8HEzeXqy1WDdQAGXUiT_0QqUiqgy9nrJ30cTQ-bseIQYRI_I8g-zKJRjiprwsQRo_Qv0mqbxEUhAJy3B5C7i7orq2e9hGx3VTDy0PCMwZCi4CrBuZxurNlmyLX9WLBRE2zpXR_jBiEGVnUXKIiOWg0tfMn6hxzJNK6_xizihCsXS_aMPjU48OYXw-V=w800-h600-no\" \/><br \/>\n<img decoding=\"async\" src=\"https:\/\/lh3.googleusercontent.com\/rGp77H__GiO3XIJ0P-Cg06bKkjhFATt-ZKYH5r_tqc77Nwhyvn5xUTc5FfIYUpFR4XyVPzPRBQ=w800-h600-no\" \/><\/div>\n\r\n\t<div class=\"slideshow_container slideshow_container_style-light\" style=\" \" data-slideshow-id=\"11125\" data-style-name=\"style-light\" data-style-version=\"2.3.1\" >\r\n\r\n\t\t\t\t\t<div class=\"slideshow_loading_icon\"><\/div>\r\n\t\t\r\n\t\t<div class=\"slideshow_content\" style=\"display: none;\">\r\n\r\n\t\t\t<div class=\"slideshow_view\">\r\n\t\t\t\t<div class=\"slideshow_slide slideshow_slide_image\">\r\n\t\t\t\t\t\t\t\t\t\t\t<img src=\"https:\/\/serveiseducatius.xtec.cat\/cda-vallsdaneu\/wp-content\/uploads\/usu1375\/2025\/03\/IMG-20241028-WA0004-rotated.jpg\" alt=\"IMG-20241028-WA0004\" width=\"2048\" height=\"1536\" \/>\r\n\t\t\t\t\t\t\t\t\t\t<div class=\"slideshow_description_box slideshow_transparent\">\r\n\t\t\t\t\t\t<div class=\"slideshow_title\">IMG-20241028-WA0004<\/div>\t\t\t\t\t\t\t\t\t\t\t<\/div>\r\n\t\t\t\t<\/div>\r\n\r\n\t\t\t\t\t\t\r\n\t\t\t\t<div class=\"slideshow_slide slideshow_slide_image\">\r\n\t\t\t\t\t\t\t\t\t\t\t<img src=\"https:\/\/serveiseducatius.xtec.cat\/cda-vallsdaneu\/wp-content\/uploads\/usu1375\/2025\/03\/WhatsApp-Image-2024-03-16-at-09.06.54-4.jpeg\" alt=\"WhatsApp Image 2024-03-16 at 09.06.54 (4)\" width=\"1600\" height=\"1200\" \/>\r\n\t\t\t\t\t\t\t\t\t\t<div class=\"slideshow_description_box slideshow_transparent\">\r\n\t\t\t\t\t\t<div class=\"slideshow_title\">WhatsApp Image 2024-03-16 at 09.06.54 (4)<\/div>\t\t\t\t\t\t\t\t\t\t\t<\/div>\r\n\t\t\t\t<\/div>\r\n\r\n\t\t\t\t\t\t<div style=\"clear: both;\"><\/div><\/div><div class=\"slideshow_view\">\r\n\t\t\t\t<div class=\"slideshow_slide slideshow_slide_image\">\r\n\t\t\t\t\t\t\t\t\t\t\t<img src=\"https:\/\/serveiseducatius.xtec.cat\/cda-vallsdaneu\/wp-content\/uploads\/usu1375\/2025\/03\/WhatsApp-Image-2024-03-16-at-09.06.54-3.jpeg\" alt=\"WhatsApp Image 2024-03-16 at 09.06.54 (3)\" width=\"1600\" height=\"1200\" \/>\r\n\t\t\t\t\t\t\t\t\t\t<div class=\"slideshow_description_box slideshow_transparent\">\r\n\t\t\t\t\t\t<div class=\"slideshow_title\">WhatsApp Image 2024-03-16 at 09.06.54 (3)<\/div>\t\t\t\t\t\t\t\t\t\t\t<\/div>\r\n\t\t\t\t<\/div>\r\n\r\n\t\t\t\t\t\t\r\n\t\t\t\t<div class=\"slideshow_slide slideshow_slide_image\">\r\n\t\t\t\t\t\t\t\t\t\t\t<img src=\"https:\/\/serveiseducatius.xtec.cat\/cda-vallsdaneu\/wp-content\/uploads\/usu1375\/2025\/03\/IMG-20241028-WA0005.jpg\" alt=\"IMG-20241028-WA0005\" width=\"2048\" height=\"1536\" \/>\r\n\t\t\t\t\t\t\t\t\t\t<div class=\"slideshow_description_box slideshow_transparent\">\r\n\t\t\t\t\t\t<div class=\"slideshow_title\">IMG-20241028-WA0005<\/div>\t\t\t\t\t\t\t\t\t\t\t<\/div>\r\n\t\t\t\t<\/div>\r\n\r\n\t\t\t\t\t\t<div style=\"clear: both;\"><\/div><\/div><div class=\"slideshow_view\">\r\n\t\t\t\t<div class=\"slideshow_slide slideshow_slide_image\">\r\n\t\t\t\t\t\t\t\t\t\t\t<img src=\"https:\/\/serveiseducatius.xtec.cat\/cda-vallsdaneu\/wp-content\/uploads\/usu1375\/2025\/03\/IMG_9189-scaled.jpg\" alt=\"IMG_9189\" width=\"2560\" height=\"1920\" \/>\r\n\t\t\t\t\t\t\t\t\t\t<div class=\"slideshow_description_box slideshow_transparent\">\r\n\t\t\t\t\t\t<div class=\"slideshow_title\">IMG_9189<\/div>\t\t\t\t\t\t\t\t\t\t\t<\/div>\r\n\t\t\t\t<\/div>\r\n\r\n\t\t\t\t\t\t<div style=\"clear: both;\"><\/div><\/div>\r\n\t\t<\/div>\r\n\r\n\t\t<div class=\"slideshow_controlPanel slideshow_transparent\" style=\"display: none;\"><ul><li class=\"slideshow_togglePlay\" data-play-text=\"Visualitza\" data-pause-text=\"Pausa\"><\/li><\/ul><\/div>\r\n\r\n\t\t<div class=\"slideshow_button slideshow_previous slideshow_transparent\" role=\"button\" data-previous-text=\"Anterior\" style=\"display: none;\"><\/div>\r\n\t\t<div class=\"slideshow_button slideshow_next slideshow_transparent\" role=\"button\" data-next-text=\"Seg\u00fcent\" style=\"display: none;\"><\/div>\r\n\r\n\t\t<div class=\"slideshow_pagination\" style=\"display: none;\" data-go-to-text=\"V\u00e9s a la diapositiva\"><div class=\"slideshow_pagination_center\"><\/div><\/div>\r\n\r\n\t\t<!-- WordPress Slideshow Version 2.3.1 -->\r\n\r\n\t\t\t<\/div>\r\n\r\n\n<p>Aquest taller pret\u00e9n complementar l&#8217;activitat de mam\u00edfers que duem a terme al Parc Nacional, que \u00e9s una activitat de reconeixement de la fauna pirinenca a trav\u00e9s de l&#8217;observaci\u00f3 dels seus rastres. El taller de rastres, doncs, \u00e9s una activitat que es pot fer abans o despr\u00e9s de realitzar l&#8217;activitat de Parc. El taller pret\u00e9n descobrir les caracter\u00edstiques d&#8217;alguns mam\u00edfers del Pallars Sobir\u00e0 a trav\u00e9s de l&#8217;observaci\u00f3 de cranis, cornes i excrements. Durant el taller tamb\u00e9 es realitzen motlles de petjades en fang.<br \/>\nAquest taller \u00e9s adaptable als diferents cicles educatius.<\/p>\n<p><strong>Material necessari:<\/strong> Plaf\u00f3 de rastres d\u2019animals, rastres, cartr\u00f3, tisores i fang.<br \/>\n<strong>Durada:<\/strong> Una hora i quart o una tarda en el cas d&#8217;ESO.<br \/>\n<strong>Cursos:<\/strong> CI,CM,CS, ESO<\/p>\n<p><a href=\"https:\/\/drive.google.com\/file\/d\/0B2biex8Hag36aUd0RkZwaW5zZ0k\/view?usp=sharing&amp;resourcekey=0-Buy3NMkk-jg24-Tlhmh9kg\" target=\"_blank\" rel=\"noopener\"><img loading=\"lazy\" decoding=\"async\" class=\"alignnone wp-image-8681 size-thumbnail\" src=\"https:\/\/serveiseducatius.xtec.cat\/cda-vallsdaneu\/wp-content\/uploads\/usu1375\/2014\/04\/fitxa-activitat-150x150.png\" alt=\"fitxa activitat\" width=\"150\" height=\"150\" srcset=\"https:\/\/serveiseducatius.xtec.cat\/cda-vallsdaneu\/wp-content\/uploads\/usu1375\/2014\/04\/fitxa-activitat-150x150.png 150w, https:\/\/serveiseducatius.xtec.cat\/cda-vallsdaneu\/wp-content\/uploads\/usu1375\/2014\/04\/fitxa-activitat.png 225w\" sizes=\"auto, (max-width: 150px) 100vw, 150px\" \/><\/a><\/p>\n<p><span style=\"border-radius: 2px; text-indent: 20px; width: auto; padding: 0px 4px 0px 0px; text-align: center; font: bold 11px\/20px 'Helvetica Neue',Helvetica,sans-serif; color: #ffffff; background: #bd081c no-repeat scroll 3px 50% \/ 14px 14px; position: absolute; opacity: 1; z-index: 8675309; display: none; cursor: pointer;\">Save<\/span><\/p>\n","protected":false},"excerpt":{"rendered":"<p>Aquest taller pret\u00e9n complementar l&#8217;activitat de mam\u00edfers que duem a terme al Parc Nacional, que \u00e9s una activitat de reconeixement [&hellip;]<\/p>\n","protected":false},"author":1,"featured_media":0,"parent":8395,"menu_order":10,"comment_status":"closed","ping_status":"closed","template":"","meta":{"_bbp_topic_count":0,"_bbp_reply_count":0,"_bbp_total_topic_count":0,"_bbp_total_reply_count":0,"_bbp_voice_count":0,"_bbp_anonymous_reply_count":0,"_bbp_topic_count_hidden":0,"_bbp_reply_count_hidden":0,"_bbp_forum_subforum_count":0,"site-sidebar-layout":"default","site-content-layout":"","ast-site-content-layout":"default","site-content-style":"default","site-sidebar-style":"default","ast-global-header-display":"","ast-banner-title-visibility":"","ast-main-header-display":"","ast-hfb-above-header-display":"","ast-hfb-below-header-display":"","ast-hfb-mobile-header-display":"","site-post-title":"","ast-breadcrumbs-content":"","ast-featured-img":"","footer-sml-layout":"","theme-transparent-header-meta":"default","adv-header-id-meta":"","stick-header-meta":"","header-above-stick-meta":"","header-main-stick-meta":"","header-below-stick-meta":"","astra-migrate-meta-layouts":"set","ast-page-background-enabled":"default","ast-page-background-meta":{"desktop":{"background-color":"var(--ast-global-color-4)","background-image":"","background-repeat":"repeat","background-position":"center center","background-size":"auto","background-attachment":"scroll","background-type":"","background-media":"","overlay-type":"","overlay-color":"","overlay-opacity":"","overlay-gradient":""},"tablet":{"background-color":"","background-image":"","background-repeat":"repeat","background-position":"center center","background-size":"auto","background-attachment":"scroll","background-type":"","background-media":"","overlay-type":"","overlay-color":"","overlay-opacity":"","overlay-gradient":""},"mobile":{"background-color":"","background-image":"","background-repeat":"repeat","background-position":"center center","background-size":"auto","background-attachment":"scroll","background-type":"","background-media":"","overlay-type":"","overlay-color":"","overlay-opacity":"","overlay-gradient":""}},"ast-content-background-meta":{"desktop":{"background-color":"var(--ast-global-color-5)","background-image":"","background-repeat":"repeat","background-position":"center center","background-size":"auto","background-attachment":"scroll","background-type":"","background-media":"","overlay-type":"","overlay-color":"","overlay-opacity":"","overlay-gradient":""},"tablet":{"background-color":"var(--ast-global-color-5)","background-image":"","background-repeat":"repeat","background-position":"center center","background-size":"auto","background-attachment":"scroll","background-type":"","background-media":"","overlay-type":"","overlay-color":"","overlay-opacity":"","overlay-gradient":""},"mobile":{"background-color":"var(--ast-global-color-5)","background-image":"","background-repeat":"repeat","background-position":"center center","background-size":"auto","background-attachment":"scroll","background-type":"","background-media":"","overlay-type":"","overlay-color":"","overlay-opacity":"","overlay-gradient":""}},"footnotes":""},"class_list":["post-1369","page","type-page","status-publish","hentry"],"post_mailing_queue_ids":[],"_links":{"self":[{"href":"https:\/\/serveiseducatius.xtec.cat\/cda-vallsdaneu\/wp-json\/wp\/v2\/pages\/1369","targetHints":{"allow":["GET"]}}],"collection":[{"href":"https:\/\/serveiseducatius.xtec.cat\/cda-vallsdaneu\/wp-json\/wp\/v2\/pages"}],"about":[{"href":"https:\/\/serveiseducatius.xtec.cat\/cda-vallsdaneu\/wp-json\/wp\/v2\/types\/page"}],"author":[{"embeddable":true,"href":"https:\/\/serveiseducatius.xtec.cat\/cda-vallsdaneu\/wp-json\/wp\/v2\/users\/1"}],"replies":[{"embeddable":true,"href":"https:\/\/serveiseducatius.xtec.cat\/cda-vallsdaneu\/wp-json\/wp\/v2\/comments?post=1369"}],"version-history":[{"count":4,"href":"https:\/\/serveiseducatius.xtec.cat\/cda-vallsdaneu\/wp-json\/wp\/v2\/pages\/1369\/revisions"}],"predecessor-version":[{"id":11911,"href":"https:\/\/serveiseducatius.xtec.cat\/cda-vallsdaneu\/wp-json\/wp\/v2\/pages\/1369\/revisions\/11911"}],"up":[{"embeddable":true,"href":"https:\/\/serveiseducatius.xtec.cat\/cda-vallsdaneu\/wp-json\/wp\/v2\/pages\/8395"}],"wp:attachment":[{"href":"https:\/\/serveiseducatius.xtec.cat\/cda-vallsdaneu\/wp-json\/wp\/v2\/media?parent=1369"}],"curies":[{"name":"wp","href":"https:\/\/api.w.org\/{rel}","templated":true}]}}