{"id":1339,"date":"2014-04-23T14:21:28","date_gmt":"2014-04-23T14:21:28","guid":{"rendered":"http:\/\/blocs.xtec.cat\/cdavallsdaneu2\/?page_id=1339"},"modified":"2025-03-27T13:51:25","modified_gmt":"2025-03-27T12:51:25","slug":"lestudi-del-riu","status":"publish","type":"page","link":"https:\/\/serveiseducatius.xtec.cat\/cda-vallsdaneu\/ambits\/ambit-natural\/lestudi-del-riu\/","title":{"rendered":"Estudi del Riu"},"content":{"rendered":"<div id=\"1BA88\" style=\"width: 600px; height: 400px; display: none;\"><img decoding=\"async\" src=\"https:\/\/lh3.googleusercontent.com\/E2dl4D8VmxlQOUwK8MLRJgIpP1NzNomLPpTkgu3GtyYNzFqBqDk_nAtifCg-f7M5owhXCllxhxpoQNDNlkDZlXxcFhUPi3bpUlwU-6Yy3qoJztGipLbPksPs0BDG9w98jpDsm2InfhGl3txxFl-hHK3c625DrV0WeU-gVe_VfhXvl_lRXl9IUDm_XGjupIO79HpHHAkwYUCYvRugz_qhrtn-EvOqgUkMzAI8ME5gjVDBs_P8fAgLM946nXGIkBkPwWFjCIJY4vn0JpeVhGDXB9hjfUur2P5HrbwBgWriW45q-ropaOsoQRQEX0e_gN7oaeKU4XbrJ2PDM2ouvMpVodlU2S5THSo93RnBACH0d-yZS5mv0n5McbPiK4Y-XPScgVX3r0v099V2TXxRYOQP8WxU3zmQWZOp8hQqO_T3tO1bFKYc5CJexnE2lDlJELrWHU0Vm1Wxnf0thSnAdQqqZsPJ6t4W4gOQ6OWDxvwByMGp3KsIxFkTlO-L9knIOCd6obpE_19jIFZQT4DoMQoIYXR22LvkirIEilZOOS8v3wB8OsfK-K3SLCjk7nI0lvKMlbDmiIksCbnVyUDNNbtM8svjzfDZwAGDzSdNQ9BigkwyG85zerRN=w800-h600-no\" \/><br \/>\n<img decoding=\"async\" src=\"https:\/\/lh3.googleusercontent.com\/c4Jra_H79aTwjcjCekw96ayR-JJj5CiVvZfMMMB4gQ-yrBCyclvYzi91CJNM_zA1QevTGyFu4XczrZ7ltEVh_F9nwqVYJAit_f12f7cdNmR9mpKG6Rvo9UI-TTyx1Ddw2fHzBHLZUe0TolV3azQvcyuRnMgsPgKkOhTsGjyHmMkEeuSjDD5GHR2Ou9Tk0yYiNpSqfNN8mdv6WeVnhgMediJcGuj9LKg9v4647DAjhtU_lBGyGn-4ZzhKOut64LA5tYEn5UTNr2Tse1YXauVhZTRCxlprsrJjA3Qd5LO29SXEe1AwtRey6BraGE0GJdNfL31NUMrdEcCEANOX0xlm-yYNFkas7wamv1fzCy_puMJ5ij7ScXZuWMpehf11CsWNJHsyFpQQhnRnG7bVqCT_Abkdkh8BbDLU3n9WJEwKHdT6nUZ_J1F2eh0yn0lgIr01ois0swn3HYFYETLcvn4n0KRjVHjggloDTGg0LNvUiLnes4z2Q1rcLDG6IEr03N3LHrdq1B4cFMTTIt2PNuRWiqMrJOxLPSkDqvePyLniKG3-85wSsMpW7syQ4_IEf3wsaqlcrMVBM4xY_2vttw-AEG4z4rGZQt0Q7pGD9YMTGHvHL7_asKEi=w800-h600-no\" \/><br \/>\n<img decoding=\"async\" src=\"https:\/\/lh3.googleusercontent.com\/exl7j-A76FQlltlCmzj-vDopFL0K6EfV9X13m01shJD5fsXW5dVnHxPZTBlQ35JoCQmzTZaUgevsryrnY8FNDPOwcbg1EHXRfeUtP-zrlMUs5ICs6yiQ4BmG965GiwKHVx67sj1f1QU-3DUoGqGneSZekVCUJYqfVrzPpIQ2_KVU6lZ4DHAZxE1KV_nQnpzPpTLMsGWWk3AyCFdX4SY321iwFcjLPIJKi_vIJ9edBIr1-YxeKz3T9KboVGgekDqy-kHZwFQsMMYPtoCvMLdwnnLd0dY1gbsbLYVFstcvizHrSwilWV4k-EiUZ-IJOEChdGyGBypQ0NFwpiMAWFGB9Y8w4o7mlapgH45a0Z5iDERPgcGAl0UqaBXxLTkBwCERky7Nh1YFOhfBv5o69FYXoiBA3LkRRbzpZjvX6ZlUj0_Mm3OIa2JhaZpZNdFjND2nQukGYuxtvmkcj7h0bOx7U9TaBi0mx8yOGm7_LhacXiNIxVdQ5mtwQ41t83u1cj8VWJOJbxKeRzDWWaZ-Lo5bPNREaCCh2W9eHThkVm2aDoLJmhK70CPxwJvmf9glCyqiH8LFTMZBUGFZLUrZv3a6VhoYAfAUhMsVL9kMfigRWU7F974VR2WO=w800-h600-no\" \/><br \/>\n<img decoding=\"async\" src=\"https:\/\/lh3.googleusercontent.com\/4i2y120lUPuY0dn_WRwcbdfK85m1r9O5c52isnrpKXgb4-4ALcWiJiY7MpcggDG8SnIFFxq9WudNDkdxuPjzc2xp98CKXvWa48SlAR5scNw5fO4LGVeTlPuaUPeZ4vb6hWgMdil-sqUmXa2A3b1PB4UvnNg9BrffiVp2iGbhFkoijmzoJwZbMBQWzzr5RL_BHrjF-kS0duP6XcZQmifjOwyCvSWRB_Gy5DCCjtWKHVM6fNLMHSjLmxAlow_oTgsTl-dnRUp8Q-EHMOeHYdZuV57dvHp7JbfeXUxGNTfubVmrNrlwXjdqNIQLug0FSxFIcbD1DlyFraBKkfd4DL6s3w6kkX9Tu7eFojYeikwqkkqFELnaSmbYu-vMJtdpqsBZX4pic8cmi6Ds_IMT-XFT9k820Vxm8-4Vib5mHjoPMymkrNTBm7ZmQ-BGmfdRgMndgJc0kEqBymDXMDbA_kA3hzHBDjCid-gv8VT8yvdgV-tgoyl4zkWbCELsKYJwFhgJaURu1jg7pS7EMdZ9cdmd_GqInzWx1o8GIj1pcCxnKiFt742yf9dAQvLsX6TopUFJ2FlWKdRo6UU2I4nXWMZnFOp4zKzmP0cH2fi7073-WBOnHr3uSDth=w800-h600-no\" \/><br \/>\n<img decoding=\"async\" src=\"https:\/\/lh3.googleusercontent.com\/57zeCsXTeAB3m41RCrOo6YI4geHTl5tLtgRpgEaNDHbRctgQ3egexBYoFHAWqIeiawG8xQ75ivFtt9wlqoDqOGii62GfWhTjHz6s7hb8XbqP_fI900OvIKLHF1-5LHCYR1dBy7FrS9ZSsacT1DAN7yLF2n3vjzkrzs8ivHMWDCPU8YnnsWVcHrQ2nLnzyH5arsK1Kf-xaJ6A-3bzqSRimry6FEAEo_Vi46JN-iN--_mfEltjCZWlNvftlMat0lPyEvyV8iVoVQ6hYL3YZM6tTAXs4bhqMbdJkQlT6jkHcaNq8JHGqoN4Yi9eq9c5ZKPLTBgZF-KpkhS4vEtZfLn6lIE-8aWyBlgxkfqgxNMXDqMUxQEdsHiZTH1bklYKecqIou4tJOgtIc4ggUN5PdiN7-W0JwG3DEEArX0fT3tIUKJ9Qg1ae9nbPBkvefvKOif_Ls1hDNDKGd_88CYHfiTqZULGJWjv52yDR6_jKpe1W0xfZg4A9_3loc_cPryQ-FtufD4_xoyjMBU53-GEYVHeNBnrqfm26sX5eApcggP1dJ4QAuEBh0oopz1KF6WplJWGpMI0M4MpAKcn84QojTQX3JhqoCaiFgr--YS-XdqWz-vkALybL6TJ=w800-h600-no\" \/><\/div>\n\r\n\t<div class=\"slideshow_container slideshow_container_style-light\" style=\" \" data-slideshow-id=\"11117\" data-style-name=\"style-light\" data-style-version=\"2.3.1\" >\r\n\r\n\t\t\t\t\t<div class=\"slideshow_loading_icon\"><\/div>\r\n\t\t\r\n\t\t<div class=\"slideshow_content\" style=\"display: none;\">\r\n\r\n\t\t\t<div class=\"slideshow_view\">\r\n\t\t\t\t<div class=\"slideshow_slide slideshow_slide_image\">\r\n\t\t\t\t\t\t\t\t\t\t\t<img src=\"https:\/\/serveiseducatius.xtec.cat\/cda-vallsdaneu\/wp-content\/uploads\/usu1375\/2025\/03\/IMG-20241217-WA0016.jpg\" alt=\"IMG-20241217-WA0016\" width=\"1600\" height=\"1200\" \/>\r\n\t\t\t\t\t\t\t\t\t\t<div class=\"slideshow_description_box slideshow_transparent\">\r\n\t\t\t\t\t\t<div class=\"slideshow_title\">IMG-20241217-WA0016<\/div>\t\t\t\t\t\t\t\t\t\t\t<\/div>\r\n\t\t\t\t<\/div>\r\n\r\n\t\t\t\t\t\t\r\n\t\t\t\t<div class=\"slideshow_slide slideshow_slide_image\">\r\n\t\t\t\t\t\t\t\t\t\t\t<img src=\"https:\/\/serveiseducatius.xtec.cat\/cda-vallsdaneu\/wp-content\/uploads\/usu1375\/2025\/03\/IMG-20241217-WA0041.jpg\" alt=\"IMG-20241217-WA0041\" width=\"2000\" height=\"1496\" \/>\r\n\t\t\t\t\t\t\t\t\t\t<div class=\"slideshow_description_box slideshow_transparent\">\r\n\t\t\t\t\t\t<div class=\"slideshow_title\">IMG-20241217-WA0041<\/div>\t\t\t\t\t\t\t\t\t\t\t<\/div>\r\n\t\t\t\t<\/div>\r\n\r\n\t\t\t\t\t\t<div style=\"clear: both;\"><\/div><\/div><div class=\"slideshow_view\">\r\n\t\t\t\t<div class=\"slideshow_slide slideshow_slide_image\">\r\n\t\t\t\t\t\t\t\t\t\t\t<img src=\"https:\/\/serveiseducatius.xtec.cat\/cda-vallsdaneu\/wp-content\/uploads\/usu1375\/2025\/03\/WhatsApp-Image-2024-11-15-at-21.29.34-4.jpeg\" alt=\"WhatsApp Image 2024-11-15 at 21.29.34 (4)\" width=\"1600\" height=\"1200\" \/>\r\n\t\t\t\t\t\t\t\t\t\t<div class=\"slideshow_description_box slideshow_transparent\">\r\n\t\t\t\t\t\t<div class=\"slideshow_title\">WhatsApp Image 2024-11-15 at 21.29.34 (4)<\/div>\t\t\t\t\t\t\t\t\t\t\t<\/div>\r\n\t\t\t\t<\/div>\r\n\r\n\t\t\t\t\t\t\r\n\t\t\t\t<div class=\"slideshow_slide slideshow_slide_image\">\r\n\t\t\t\t\t\t\t\t\t\t\t<img src=\"https:\/\/serveiseducatius.xtec.cat\/cda-vallsdaneu\/wp-content\/uploads\/usu1375\/2025\/03\/WhatsApp-Image-2024-05-15-at-10.27.40-2.jpeg\" alt=\"WhatsApp Image 2024-05-15 at 10.27.40 (2)\" width=\"2048\" height=\"1536\" \/>\r\n\t\t\t\t\t\t\t\t\t\t<div class=\"slideshow_description_box slideshow_transparent\">\r\n\t\t\t\t\t\t<div class=\"slideshow_title\">WhatsApp Image 2024-05-15 at 10.27.40 (2)<\/div>\t\t\t\t\t\t\t\t\t\t\t<\/div>\r\n\t\t\t\t<\/div>\r\n\r\n\t\t\t\t\t\t<div style=\"clear: both;\"><\/div><\/div><div class=\"slideshow_view\">\r\n\t\t\t\t<div class=\"slideshow_slide slideshow_slide_image\">\r\n\t\t\t\t\t\t\t\t\t\t\t<img src=\"https:\/\/serveiseducatius.xtec.cat\/cda-vallsdaneu\/wp-content\/uploads\/usu1375\/2025\/03\/WhatsApp-Image-2024-04-05-at-19.28.19-3.jpeg\" alt=\"WhatsApp Image 2024-04-05 at 19.28.19 (3)\" width=\"1600\" height=\"1200\" \/>\r\n\t\t\t\t\t\t\t\t\t\t<div class=\"slideshow_description_box slideshow_transparent\">\r\n\t\t\t\t\t\t<div class=\"slideshow_title\">WhatsApp Image 2024-04-05 at 19.28.19 (3)<\/div>\t\t\t\t\t\t\t\t\t\t\t<\/div>\r\n\t\t\t\t<\/div>\r\n\r\n\t\t\t\t\t\t\r\n\t\t\t\t<div class=\"slideshow_slide slideshow_slide_image\">\r\n\t\t\t\t\t\t\t\t\t\t\t<img src=\"https:\/\/serveiseducatius.xtec.cat\/cda-vallsdaneu\/wp-content\/uploads\/usu1375\/2025\/03\/WhatsApp-Image-2024-05-15-at-10.27.34-2.jpeg\" alt=\"WhatsApp Image 2024-05-15 at 10.27.34 (2)\" width=\"2048\" height=\"1536\" \/>\r\n\t\t\t\t\t\t\t\t\t\t<div class=\"slideshow_description_box slideshow_transparent\">\r\n\t\t\t\t\t\t<div class=\"slideshow_title\">WhatsApp Image 2024-05-15 at 10.27.34 (2)<\/div>\t\t\t\t\t\t\t\t\t\t\t<\/div>\r\n\t\t\t\t<\/div>\r\n\r\n\t\t\t\t\t\t<div style=\"clear: both;\"><\/div><\/div><div class=\"slideshow_view\">\r\n\t\t\t\t<div class=\"slideshow_slide slideshow_slide_image\">\r\n\t\t\t\t\t\t\t\t\t\t\t<img src=\"https:\/\/serveiseducatius.xtec.cat\/cda-vallsdaneu\/wp-content\/uploads\/usu1375\/2025\/03\/WhatsApp-Image-2024-04-26-at-13.16.17.jpeg\" alt=\"WhatsApp Image 2024-04-26 at 13.16.17\" width=\"804\" height=\"587\" \/>\r\n\t\t\t\t\t\t\t\t\t\t<div class=\"slideshow_description_box slideshow_transparent\">\r\n\t\t\t\t\t\t<div class=\"slideshow_title\">WhatsApp Image 2024-04-26 at 13.16.17<\/div>\t\t\t\t\t\t\t\t\t\t\t<\/div>\r\n\t\t\t\t<\/div>\r\n\r\n\t\t\t\t\t\t<div style=\"clear: both;\"><\/div><\/div>\r\n\t\t<\/div>\r\n\r\n\t\t<div class=\"slideshow_controlPanel slideshow_transparent\" style=\"display: none;\"><ul><li class=\"slideshow_togglePlay\" data-play-text=\"Visualitza\" data-pause-text=\"Pausa\"><\/li><\/ul><\/div>\r\n\r\n\t\t<div class=\"slideshow_button slideshow_previous slideshow_transparent\" role=\"button\" data-previous-text=\"Anterior\" style=\"display: none;\"><\/div>\r\n\t\t<div class=\"slideshow_button slideshow_next slideshow_transparent\" role=\"button\" data-next-text=\"Seg\u00fcent\" style=\"display: none;\"><\/div>\r\n\r\n\t\t<div class=\"slideshow_pagination\" style=\"display: none;\" data-go-to-text=\"V\u00e9s a la diapositiva\"><div class=\"slideshow_pagination_center\"><\/div><\/div>\r\n\r\n\t\t<!-- WordPress Slideshow Version 2.3.1 -->\r\n\r\n\t\t\t<\/div>\r\n\r\n\n<p style=\"text-align: justify;\">L&#8217;activitat de riu la duem a terme al mateix poble d&#8217;Esterri d&#8217;\u00c0neu. El despla\u00e7ament, doncs, el realitzem a peu. Tenint en compte que el riu principal, la Noguera Pallaresa, porta molt cabal durant tot l&#8217;any, l&#8217;estudi el realitzem en un dels seus afluents, el<span style=\"color: #008000;\"><strong> riu de Son<\/strong><\/span>. L&#8217;objectiu de l&#8217;activitat \u00e9s con\u00e8ixer <span style=\"color: #008000;\">les<\/span> <span style=\"color: #008000;\">caracter\u00edstiques generals d&#8217;un riu de muntanya (llera, ribera, curs d&#8217;aigua), analitzar l&#8217;ecosistema aqu\u00e0tic i valorar quina \u00e9s la qualitat de l&#8217;aigua del riu de Son a partir d&#8217;indicadors biol\u00f2gics.<\/span> Per fer-ho, els alumnes entraran al riu amb botes d&#8217;aigua i a partir dels diferents instruments que els anirem proporcionant podran agafar les dades necess\u00e0ries per a realitzar l&#8217;estudi.\u00a0 Les dades agafades durant la primavera i la tardor seran enviades a l&#8217;<a href=\"https:\/\/www.associaciohabitats.cat\/\" target=\"_blank\" rel=\"noopener\"><strong><span style=\"color: #008000;\">Associaci\u00f3 H\u00e0bitats<\/span><\/strong><\/a> ja que el CdA col\u00b7labora aportant dades del riu de Son al <a href=\"http:\/\/www.projecterius.cat\/\" target=\"_blank\" rel=\"noopener\"><span style=\"color: #008000;\"><strong><span style=\"color: #008000;\">Projecte Rius<\/span>.<\/strong> <\/span><\/a><\/p>\n<p>\u00c9s una activitat per desenvolupar durant un mat\u00ed. En cas de voler realitzar-la en una tarda es redueix el contingut de l&#8217;activitat segons els interessos curriculars del professorat.<\/p>\n<p>Les diferents activitats que realitzarem durant l&#8217;estudi del riu s\u00f3n:<\/p>\n<ul>\n<li><span style=\"color: #008000;\">Descripci\u00f3 del tram de riu a estudiar:<\/span> llit del riu, caracter\u00edstiques de la ribera, coordenades UTM, &#8230;<\/li>\n<li style=\"text-align: justify;\"><span style=\"color: #008000;\">An\u00e0lisi de les caracter\u00edstiques f\u00edsiques:<\/span> amplada, profunditat, velocitat de l&#8217;aigua i c\u00e0lcul del cabal del riu.<\/li>\n<li style=\"text-align: justify;\"><span style=\"color: #008000;\">An\u00e0lisi de les caracter\u00edstiques qu\u00edmiques de l&#8217;aigua:<\/span> temperatura, pH, quantitat de nitrits, nitrats i duresa de l&#8217;aigua<\/li>\n<li style=\"text-align: justify;\"><span style=\"color: #008000;\">Observaci\u00f3 i classificaci\u00f3 dels \u00e9ssers vius:<\/span> valoraci\u00f3 de la qualitat de l&#8217;aigua a partir de l&#8217;estudi dels seus macroinvertebrats.<\/li>\n<\/ul>\n<p><strong>Recomanacions:<\/strong>\u00a0Portar roba i cal\u00e7at adequat a l\u2019\u00e8poca de l\u2019any.<br \/>\n<strong>Material necessari:<\/strong> Carpeta, dossier, llapis i goma, i capsa de material proporcionada pel CdA.<br \/>\n<strong>Durada:<\/strong>\u00a0\u00a0Activitat de mat\u00ed o de tarda<br \/>\n<strong>Cursos:<\/strong> CS de Prim\u00e0ria, ESO i Batxillerat<\/p>\n<p><a href=\"https:\/\/drive.google.com\/file\/d\/16Wmb_jLk7vq9BmY2g5_3pw-Yu9ZdA3Vl\/view?usp=sharing\" target=\"_blank\" rel=\"noopener\"><img loading=\"lazy\" decoding=\"async\" class=\"alignnone wp-image-8681 size-thumbnail\" src=\"https:\/\/serveiseducatius.xtec.cat\/cda-vallsdaneu\/wp-content\/uploads\/usu1375\/2014\/04\/fitxa-activitat-150x150.png\" alt=\"fitxa activitat\" width=\"150\" height=\"150\" srcset=\"https:\/\/serveiseducatius.xtec.cat\/cda-vallsdaneu\/wp-content\/uploads\/usu1375\/2014\/04\/fitxa-activitat-150x150.png 150w, https:\/\/serveiseducatius.xtec.cat\/cda-vallsdaneu\/wp-content\/uploads\/usu1375\/2014\/04\/fitxa-activitat.png 225w\" sizes=\"auto, (max-width: 150px) 100vw, 150px\" \/><\/a>\u00a0\u00a0<a href=\"https:\/\/drive.google.com\/file\/d\/1TXIeBlbJSI5LtcD5a2vk-y391vXGXAGB\/view?usp=sharing\" target=\"_blank\" rel=\"noopener\"><img loading=\"lazy\" decoding=\"async\" class=\"alignnone wp-image-8645 size-thumbnail\" src=\"https:\/\/serveiseducatius.xtec.cat\/cda-vallsdaneu\/wp-content\/uploads\/usu1375\/2014\/04\/dossier-150x150.png\" alt=\"dossier\" width=\"150\" height=\"150\" srcset=\"https:\/\/serveiseducatius.xtec.cat\/cda-vallsdaneu\/wp-content\/uploads\/usu1375\/2014\/04\/dossier-150x150.png 150w, https:\/\/serveiseducatius.xtec.cat\/cda-vallsdaneu\/wp-content\/uploads\/usu1375\/2014\/04\/dossier.png 225w\" sizes=\"auto, (max-width: 150px) 100vw, 150px\" \/><\/a><\/p>\n<p><span style=\"border-radius: 2px; text-indent: 20px; width: auto; padding: 0px 4px 0px 0px; text-align: center; font: bold 11px\/20px 'Helvetica Neue',Helvetica,sans-serif; color: #ffffff; background: #bd081c no-repeat scroll 3px 50% \/ 14px 14px; position: absolute; opacity: 1; z-index: 8675309; display: none; cursor: pointer;\">Save<\/span><\/p>\n","protected":false},"excerpt":{"rendered":"<p>L&#8217;activitat de riu la duem a terme al mateix poble d&#8217;Esterri d&#8217;\u00c0neu. El despla\u00e7ament, doncs, el realitzem a peu. Tenint [&hellip;]<\/p>\n","protected":false},"author":1,"featured_media":0,"parent":8395,"menu_order":4,"comment_status":"closed","ping_status":"closed","template":"","meta":{"_bbp_topic_count":0,"_bbp_reply_count":0,"_bbp_total_topic_count":0,"_bbp_total_reply_count":0,"_bbp_voice_count":0,"_bbp_anonymous_reply_count":0,"_bbp_topic_count_hidden":0,"_bbp_reply_count_hidden":0,"_bbp_forum_subforum_count":0,"site-sidebar-layout":"default","site-content-layout":"","ast-site-content-layout":"default","site-content-style":"default","site-sidebar-style":"default","ast-global-header-display":"","ast-banner-title-visibility":"","ast-main-header-display":"","ast-hfb-above-header-display":"","ast-hfb-below-header-display":"","ast-hfb-mobile-header-display":"","site-post-title":"","ast-breadcrumbs-content":"","ast-featured-img":"","footer-sml-layout":"","theme-transparent-header-meta":"default","adv-header-id-meta":"","stick-header-meta":"","header-above-stick-meta":"","header-main-stick-meta":"","header-below-stick-meta":"","astra-migrate-meta-layouts":"set","ast-page-background-enabled":"default","ast-page-background-meta":{"desktop":{"background-color":"var(--ast-global-color-4)","background-image":"","background-repeat":"repeat","background-position":"center center","background-size":"auto","background-attachment":"scroll","background-type":"","background-media":"","overlay-type":"","overlay-color":"","overlay-opacity":"","overlay-gradient":""},"tablet":{"background-color":"","background-image":"","background-repeat":"repeat","background-position":"center center","background-size":"auto","background-attachment":"scroll","background-type":"","background-media":"","overlay-type":"","overlay-color":"","overlay-opacity":"","overlay-gradient":""},"mobile":{"background-color":"","background-image":"","background-repeat":"repeat","background-position":"center center","background-size":"auto","background-attachment":"scroll","background-type":"","background-media":"","overlay-type":"","overlay-color":"","overlay-opacity":"","overlay-gradient":""}},"ast-content-background-meta":{"desktop":{"background-color":"var(--ast-global-color-5)","background-image":"","background-repeat":"repeat","background-position":"center center","background-size":"auto","background-attachment":"scroll","background-type":"","background-media":"","overlay-type":"","overlay-color":"","overlay-opacity":"","overlay-gradient":""},"tablet":{"background-color":"var(--ast-global-color-5)","background-image":"","background-repeat":"repeat","background-position":"center center","background-size":"auto","background-attachment":"scroll","background-type":"","background-media":"","overlay-type":"","overlay-color":"","overlay-opacity":"","overlay-gradient":""},"mobile":{"background-color":"var(--ast-global-color-5)","background-image":"","background-repeat":"repeat","background-position":"center center","background-size":"auto","background-attachment":"scroll","background-type":"","background-media":"","overlay-type":"","overlay-color":"","overlay-opacity":"","overlay-gradient":""}},"footnotes":""},"class_list":["post-1339","page","type-page","status-publish","hentry"],"post_mailing_queue_ids":[],"_links":{"self":[{"href":"https:\/\/serveiseducatius.xtec.cat\/cda-vallsdaneu\/wp-json\/wp\/v2\/pages\/1339","targetHints":{"allow":["GET"]}}],"collection":[{"href":"https:\/\/serveiseducatius.xtec.cat\/cda-vallsdaneu\/wp-json\/wp\/v2\/pages"}],"about":[{"href":"https:\/\/serveiseducatius.xtec.cat\/cda-vallsdaneu\/wp-json\/wp\/v2\/types\/page"}],"author":[{"embeddable":true,"href":"https:\/\/serveiseducatius.xtec.cat\/cda-vallsdaneu\/wp-json\/wp\/v2\/users\/1"}],"replies":[{"embeddable":true,"href":"https:\/\/serveiseducatius.xtec.cat\/cda-vallsdaneu\/wp-json\/wp\/v2\/comments?post=1339"}],"version-history":[{"count":5,"href":"https:\/\/serveiseducatius.xtec.cat\/cda-vallsdaneu\/wp-json\/wp\/v2\/pages\/1339\/revisions"}],"predecessor-version":[{"id":11904,"href":"https:\/\/serveiseducatius.xtec.cat\/cda-vallsdaneu\/wp-json\/wp\/v2\/pages\/1339\/revisions\/11904"}],"up":[{"embeddable":true,"href":"https:\/\/serveiseducatius.xtec.cat\/cda-vallsdaneu\/wp-json\/wp\/v2\/pages\/8395"}],"wp:attachment":[{"href":"https:\/\/serveiseducatius.xtec.cat\/cda-vallsdaneu\/wp-json\/wp\/v2\/media?parent=1339"}],"curies":[{"name":"wp","href":"https:\/\/api.w.org\/{rel}","templated":true}]}}