{"id":1333,"date":"2014-04-23T13:19:14","date_gmt":"2014-04-23T13:19:14","guid":{"rendered":"http:\/\/blocs.xtec.cat\/cdavallsdaneu2\/?page_id=1333"},"modified":"2025-03-27T13:49:07","modified_gmt":"2025-03-27T12:49:07","slug":"la-mollera-descalarre","status":"publish","type":"page","link":"https:\/\/serveiseducatius.xtec.cat\/cda-vallsdaneu\/ambits\/ambit-natural\/la-mollera-descalarre\/","title":{"rendered":"La Mollera d&#8217;Escalarre"},"content":{"rendered":"<div id=\"25C7C\" style=\"width: 600px; height: 400px; display: none;\"><img decoding=\"async\" src=\"https:\/\/lh3.googleusercontent.com\/9Nh2a0xwug_Ot4NbjvNBMwVDWXlQRHZfQ-C3suLNx6fAe_ysW7XGJ7UGHs1dqDy5wXYXUDPtPWx7GZX9Us4IN0kj8DISf5ZH1qNsxprhSBadNMlvjR5XkZB3VOAuzQQIXkBkSAEkEZ718M9PGUpPuOQfx7NkNiUxGVBxyk16MPxCqL8qIrosmFTFgZuyyQNyO4eTDKUkR6Jss4pO8n5EHoHEzwhk-z2wnPpVjHtSJo6Bvw6AOjR-3mgW6NcgyhW7GsOzrPuHK62XsIqft3UQSPCGLedYBBe_31m-IhjvCUmYtl4nW6h-1gIrZ_2K8fAC4GMJ3XYHJtJnsFX5cHU1d1J3CfpuDgJNPL0sN1fJ7P9TBttk3VOZYZ4pNQP9Ux1-fW6fLQuEbgVF0W-jOstgNEYlsJnmpAyxpoo4mTQqchFlSUUJR13evarfmYtRQOU682Jxkk12y1Zeth69Jam4kUtXQ8BthkDkNbz_AzWABYU_QKc5XBzteEASQsSjCYq1w2xOg27Wjzac7nDMFefLX_u2QHs8RAEusbrai7lDVyBnlu3ozbxuMrqAjrvtTf-YAzLlwlaITuvtkQft59PargdYBK722i5A1fKlaAyoz6bs36M5DmNN=w800-h600-no\" \/><br \/>\n<img decoding=\"async\" src=\"https:\/\/lh3.googleusercontent.com\/iMLVIMKieXFgs7909darN04Secnh4l-YHdurTU-QrFR1zPXGXuTtyCKGz18DBNvksB0yNDAcYepFWaxNpk3ahdm048Ea5xfyQVLucJtxC6RTlbJrXFvMPJ_gk_DEUbW5LD--1NxIi1b9IWn-kFbaJDiHY2D2H7k9noQcpsyD4qnPB9CIFn5fo6Nc7XYAjXl--tARYzN7NYW49JKki3Qj3ypQTFMSr1PCFhZQDNMqpaurNof4iZLH-NDs8B1h3HQRAfVtbB9ANGuP-FsjENWTOSP3Nj-k6DsKiYiIb6thZEwX9k4Srrd2onVwnSUELluIRIGlQoJW9wNf9QDq9yRtO1zmT7P_p8t6FcZrkSDszlDEBX0Pn0nRnjzmWOS3BAbPerk81OGOz7R4J1_-PJ-6QInMcKBxoLaD-2hB8HXONJL-fZbyEKU50mgdJBuQfC_FHHH_OShsmj5sqkPFoNdjlmjbfzCOoW797UK5grj7U6fJZVmcwR5ZxST_XHdh9sE9GJsHasI8efmM9SjRseFZzA1f8VhSS8QGzBDOZB2LgqI-_IkN8tmB4jmgrMaubamIq0kNfa9OIvrK9_Ez3XmDidL1WiI556GuYWkdPw7CnsUc85isPplp=w800-h600-no\" \/><br \/>\n<img decoding=\"async\" src=\"https:\/\/lh3.googleusercontent.com\/nb0tWb9cX0-arUPLyIul77xgwVsNp9Jz3B4skhzhHzWbhspENNWFIUPfx4Vn4Spup1kF5U9KN4BbLyI3OTYIeEHFRxQxZlUOzVyIVHboADdGvBiECiPgRzcBudZZzQMiPI6V6RNKHLNQOiNuckgVF0u79EHYkav49B1w_SsM61bvEQomQgJlMZfZd9BblcD09unxVDKSUAVdG8GvWJOabRjyiX6-yXqS3Nc3JnOIDFmlLROSSSiB-DTO8s97MAXa8nfgjiekDzo_TFfqjjYeELJ5My7QTT4AkzjRHSH_iYF9_5Pewup-zqxG79ammFbhkaj3106NatRXnD4HPfzK4GBIVXdWkZ6cP903Ty9-QT9GO_BqvRSy5Iu42S1zxz8u_RuVcvHap7J0CitbCjv256DQ0FwrjONvTO2RgaoTva2g-SV7R44Cpa8oTvu5F4mnaL3LUxcpibATEG_xW3oC5WV_6Zuznm0j3j8rbk2xhLNgNkgwl1jAWpqG729GtlGcsBAFVSE0d7gTwiPkPXoIyo6Wx2dCPHnD7wk2dXmkBALctFXFKhlfAY6jYfyoaYWTf1x6DZWt0BR5j1yIyKogTteLyilI-5-k1SlgyYyggKs-uWtt0Ymk=w800-h600-no\" \/><br \/>\n<img decoding=\"async\" src=\"https:\/\/lh3.googleusercontent.com\/VhUtw0XHD3pyQtjeo5XFttoCU2v7WU8rtX2BnjNdFwkhUARQkVX8vSYtIIFjAY8US19Ny4K1NW8_p0iV5HGiZBfcT_OJ05r02plkxX0uybgeTfCRWjgroANTuUKdQYGvpDG7pcvBeBzvN_o5IYYXMTLdHKDanSwNnp9R--R1cshUQkPbaQs8UCE42gwhVW9YqueLZw6lpfPMNGLs4E5SaFPZ27YwGE00LleCUOn_Ot3V_z6Q09mMZ6SxctdaxWt1zzzZF45Lebtna-mF5c50nwOXMVX908-4bLQCxwkkn3BA7E15HJytFrzTj01kysJAjDJey1Eg_FWjfxWLFPMrqD5cwY6ZpgnZVXK_eeQCC9xf4oDP8Ji5AXxu9mE7rMwj9QLJTN9g6F2aDPpGlpQGVCSvIcZZn6su_sDBiPf6t-2nP7kuWOZinvdmW97M7vviMYkjZXL9IpZV8wYfkf9OsfMLpXsgWkwAfrH6dObBPgepIeuXzjZ0oQLqj-IIz-Gqcps0HGlyIWICoN0PlMaWi7yWTJYPPo-P1LSgWq5YD9aVts8MGQmKDhVnZC_9mg__iUt8JsgntNJEbgGI30yCxK47cjAtaOpPu3KeMKssBQDNOWyfUZ-J=w800-h600-no\" \/><\/div>\n\r\n\t<div class=\"slideshow_container slideshow_container_style-light\" style=\" \" data-slideshow-id=\"11115\" data-style-name=\"style-light\" data-style-version=\"2.3.1\" >\r\n\r\n\t\t\t\t\t<div class=\"slideshow_loading_icon\"><\/div>\r\n\t\t\r\n\t\t<div class=\"slideshow_content\" style=\"display: none;\">\r\n\r\n\t\t\t<div class=\"slideshow_view\">\r\n\t\t\t\t<div class=\"slideshow_slide slideshow_slide_image\">\r\n\t\t\t\t\t\t\t\t\t\t\t<img src=\"https:\/\/serveiseducatius.xtec.cat\/cda-vallsdaneu\/wp-content\/uploads\/usu1375\/2025\/03\/WhatsApp-Image-2024-05-27-at-14.08.34.jpeg\" alt=\"WhatsApp Image 2024-05-27 at 14.08.34\" width=\"1600\" height=\"1201\" \/>\r\n\t\t\t\t\t\t\t\t\t\t<div class=\"slideshow_description_box slideshow_transparent\">\r\n\t\t\t\t\t\t<div class=\"slideshow_title\">WhatsApp Image 2024-05-27 at 14.08.34<\/div>\t\t\t\t\t\t\t\t\t\t\t<\/div>\r\n\t\t\t\t<\/div>\r\n\r\n\t\t\t\t\t\t\r\n\t\t\t\t<div class=\"slideshow_slide slideshow_slide_image\">\r\n\t\t\t\t\t\t\t\t\t\t\t<img src=\"https:\/\/serveiseducatius.xtec.cat\/cda-vallsdaneu\/wp-content\/uploads\/usu1375\/2025\/03\/WhatsApp-Image-2024-05-27-at-14.10.03.jpeg\" alt=\"WhatsApp Image 2024-05-27 at 14.10.03\" width=\"1600\" height=\"1200\" \/>\r\n\t\t\t\t\t\t\t\t\t\t<div class=\"slideshow_description_box slideshow_transparent\">\r\n\t\t\t\t\t\t<div class=\"slideshow_title\">WhatsApp Image 2024-05-27 at 14.10.03<\/div>\t\t\t\t\t\t\t\t\t\t\t<\/div>\r\n\t\t\t\t<\/div>\r\n\r\n\t\t\t\t\t\t<div style=\"clear: both;\"><\/div><\/div><div class=\"slideshow_view\">\r\n\t\t\t\t<div class=\"slideshow_slide slideshow_slide_image\">\r\n\t\t\t\t\t\t\t\t\t\t\t<img src=\"https:\/\/serveiseducatius.xtec.cat\/cda-vallsdaneu\/wp-content\/uploads\/usu1375\/2025\/03\/IMG_20241008_112011944-scaled.jpg\" alt=\"IMG_20241008_112011944\" width=\"2560\" height=\"1920\" \/>\r\n\t\t\t\t\t\t\t\t\t\t<div class=\"slideshow_description_box slideshow_transparent\">\r\n\t\t\t\t\t\t<div class=\"slideshow_title\">IMG_20241008_112011944<\/div>\t\t\t\t\t\t\t\t\t\t\t<\/div>\r\n\t\t\t\t<\/div>\r\n\r\n\t\t\t\t\t\t\r\n\t\t\t\t<div class=\"slideshow_slide slideshow_slide_image\">\r\n\t\t\t\t\t\t\t\t\t\t\t<img src=\"https:\/\/serveiseducatius.xtec.cat\/cda-vallsdaneu\/wp-content\/uploads\/usu1375\/2025\/03\/1699978296511-scaled.jpg\" alt=\"1699978296511\" width=\"2560\" height=\"1920\" \/>\r\n\t\t\t\t\t\t\t\t\t\t<div class=\"slideshow_description_box slideshow_transparent\">\r\n\t\t\t\t\t\t<div class=\"slideshow_title\">1699978296511<\/div>\t\t\t\t\t\t\t\t\t\t\t<\/div>\r\n\t\t\t\t<\/div>\r\n\r\n\t\t\t\t\t\t<div style=\"clear: both;\"><\/div><\/div><div class=\"slideshow_view\">\r\n\t\t\t\t<div class=\"slideshow_slide slideshow_slide_image\">\r\n\t\t\t\t\t\t\t\t\t\t\t<img src=\"https:\/\/serveiseducatius.xtec.cat\/cda-vallsdaneu\/wp-content\/uploads\/usu1375\/2025\/03\/WhatsApp-Image-2024-05-27-at-14.08.31-2.jpeg\" alt=\"WhatsApp Image 2024-05-27 at 14.08.31 (2)\" width=\"1600\" height=\"1201\" \/>\r\n\t\t\t\t\t\t\t\t\t\t<div class=\"slideshow_description_box slideshow_transparent\">\r\n\t\t\t\t\t\t<div class=\"slideshow_title\">WhatsApp Image 2024-05-27 at 14.08.31 (2)<\/div>\t\t\t\t\t\t\t\t\t\t\t<\/div>\r\n\t\t\t\t<\/div>\r\n\r\n\t\t\t\t\t\t\r\n\t\t\t\t<div class=\"slideshow_slide slideshow_slide_image\">\r\n\t\t\t\t\t\t\t\t\t\t\t<img src=\"https:\/\/serveiseducatius.xtec.cat\/cda-vallsdaneu\/wp-content\/uploads\/usu1375\/2025\/03\/WhatsApp-Image-2024-03-16-at-09.06.52-2.jpeg\" alt=\"WhatsApp Image 2024-03-16 at 09.06.52 (2)\" width=\"1600\" height=\"1200\" \/>\r\n\t\t\t\t\t\t\t\t\t\t<div class=\"slideshow_description_box slideshow_transparent\">\r\n\t\t\t\t\t\t<div class=\"slideshow_title\">WhatsApp Image 2024-03-16 at 09.06.52 (2)<\/div>\t\t\t\t\t\t\t\t\t\t\t<\/div>\r\n\t\t\t\t<\/div>\r\n\r\n\t\t\t\t\t\t<div style=\"clear: both;\"><\/div><\/div><div class=\"slideshow_view\">\r\n\t\t\t\t<div class=\"slideshow_slide slideshow_slide_image\">\r\n\t\t\t\t\t\t\t\t\t\t\t<img src=\"https:\/\/serveiseducatius.xtec.cat\/cda-vallsdaneu\/wp-content\/uploads\/usu1375\/2025\/03\/WhatsApp-Image-2023-11-14-at-16.07.32.jpeg\" alt=\"WhatsApp Image 2023-11-14 at 16.07.32\" width=\"1600\" height=\"1200\" \/>\r\n\t\t\t\t\t\t\t\t\t\t<div class=\"slideshow_description_box slideshow_transparent\">\r\n\t\t\t\t\t\t<div class=\"slideshow_title\">WhatsApp Image 2023-11-14 at 16.07.32<\/div>\t\t\t\t\t\t\t\t\t\t\t<\/div>\r\n\t\t\t\t<\/div>\r\n\r\n\t\t\t\t\t\t\r\n\t\t\t\t<div class=\"slideshow_slide slideshow_slide_image\">\r\n\t\t\t\t\t\t\t\t\t\t\t<img src=\"https:\/\/serveiseducatius.xtec.cat\/cda-vallsdaneu\/wp-content\/uploads\/usu1375\/2025\/03\/WhatsApp-Image-2023-11-14-at-15.54.33-2.jpeg\" alt=\"WhatsApp Image 2023-11-14 at 15.54.33 (2)\" width=\"1600\" height=\"1200\" \/>\r\n\t\t\t\t\t\t\t\t\t\t<div class=\"slideshow_description_box slideshow_transparent\">\r\n\t\t\t\t\t\t<div class=\"slideshow_title\">WhatsApp Image 2023-11-14 at 15.54.33 (2)<\/div>\t\t\t\t\t\t\t\t\t\t\t<\/div>\r\n\t\t\t\t<\/div>\r\n\r\n\t\t\t\t\t\t<div style=\"clear: both;\"><\/div><\/div>\r\n\t\t<\/div>\r\n\r\n\t\t<div class=\"slideshow_controlPanel slideshow_transparent\" style=\"display: none;\"><ul><li class=\"slideshow_togglePlay\" data-play-text=\"Visualitza\" data-pause-text=\"Pausa\"><\/li><\/ul><\/div>\r\n\r\n\t\t<div class=\"slideshow_button slideshow_previous slideshow_transparent\" role=\"button\" data-previous-text=\"Anterior\" style=\"display: none;\"><\/div>\r\n\t\t<div class=\"slideshow_button slideshow_next slideshow_transparent\" role=\"button\" data-next-text=\"Seg\u00fcent\" style=\"display: none;\"><\/div>\r\n\r\n\t\t<div class=\"slideshow_pagination\" style=\"display: none;\" data-go-to-text=\"V\u00e9s a la diapositiva\"><div class=\"slideshow_pagination_center\"><\/div><\/div>\r\n\r\n\t\t<!-- WordPress Slideshow Version 2.3.1 -->\r\n\r\n\t\t\t<\/div>\r\n\r\n\n<p style=\"text-align: justify;\">La Mollera d&#8217;Escalarre i Salencar de la Guingueta \u00e9s un espai humit del Parc Natural de l&#8217;Alt Pirineu situat al municipi de la Guingueta d&#8217;\u00c0neu. L&#8217;objectiu d&#8217;aquesta activitat \u00e9s con\u00e8ixer la vegetaci\u00f3 de ribera i la fauna associada a aquest espai humit.<\/p>\n<p style=\"text-align: justify;\">El despla\u00e7ament fins a la mollera el realitzem amb autocar fins al municipi de la Guingueta d&#8217;\u00c0neu. Depenent de la durada de l&#8217;activitat es pot tornar amb autocar o b\u00e9 iniciar la tornada a peu cap al CdA. El recorregut per la mollera inclou la visita a tres &#8220;hides&#8221; o amagatalls per poder observar l&#8217;avifauna associada a aquest espai humit.<\/p>\n<p>Durant el recorregut realitzarem les seg\u00fcents activitats:<\/p>\n<ul>\n<li><span style=\"color: #008000;\">Introducci\u00f3 als espais protegits:<\/span> El Parc Natural de l&#8217;Alt Pirineu<\/li>\n<li><span style=\"color: #008000;\">Formaci\u00f3 de la Mollera.<\/span><\/li>\n<li style=\"text-align: justify;\"><span style=\"color: #008000;\">Observaci\u00f3 de les comunitats vegetals:<\/span> canyissar, bosc de ribera i prat de dall.<\/li>\n<li style=\"text-align: justify;\"><span style=\"color: #008000;\">Observaci\u00f3 i descripci\u00f3 dels ocells de la mollera:<\/span> \u00e0nec coll-verd, bernat pescaire, corb mar\u00ed, polla d&#8217;aigua, .. i altres esp\u00e8cies animals: la truita de riu, la ll\u00fadriga, &#8230;<\/li>\n<li style=\"text-align: justify;\"><span style=\"color: #008000;\">Aprofitament hidroel\u00e8ctric: <\/span> l&#8217;embassament de la Torrassa<\/li>\n<\/ul>\n<p style=\"text-align: justify;\"><strong>Recomanacions:<\/strong>\u00a0Portar roba i cal\u00e7at adequat a l\u2019\u00e8poca de l\u2019any. Tot i que utilitzarem els prism\u00e0tics del CdA, l\u2019alumne pot portar els propis de casa si \u00e9s que en pot disposar.<br \/>\n<strong>Material necessari:<\/strong>\u00a0Carpeta, dossier, llapis i goma.<br \/>\n<strong>Durada:<\/strong>\u00a0\u00a0Activitat de mat\u00ed o de tarda<br \/>\n<strong>Cursos:<\/strong> CM i CS de Prim\u00e0ria, Secund\u00e0ria i Batxillerat<\/p>\n<p><a href=\"https:\/\/drive.google.com\/file\/d\/10IQElWKxPkDZtlM1qgKb0h2i4cIoeFxU\/view?usp=sharing\" target=\"_blank\" rel=\"noopener\"><img loading=\"lazy\" decoding=\"async\" class=\"alignnone wp-image-8681\" src=\"http:\/\/serveiseducatius.xtec.cat\/cda-vallsdaneu\/wp-content\/uploads\/usu1375\/2014\/04\/fitxa-activitat-150x150.png\" alt=\"fitxa activitat\" width=\"184\" height=\"184\" srcset=\"https:\/\/serveiseducatius.xtec.cat\/cda-vallsdaneu\/wp-content\/uploads\/usu1375\/2014\/04\/fitxa-activitat-150x150.png 150w, https:\/\/serveiseducatius.xtec.cat\/cda-vallsdaneu\/wp-content\/uploads\/usu1375\/2014\/04\/fitxa-activitat.png 225w\" sizes=\"auto, (max-width: 184px) 100vw, 184px\" \/><\/a>\u00a0\u00a0<a href=\"https:\/\/drive.google.com\/file\/d\/1UUtmYYT1qJhA2e0z8mAGmvnS1jY8uByS\/view?usp=sharing\" target=\"_blank\" rel=\"noopener\"><img loading=\"lazy\" decoding=\"async\" class=\"alignnone wp-image-10900\" src=\"https:\/\/serveiseducatius.xtec.cat\/cda-vallsdaneu\/wp-content\/uploads\/usu1375\/2021\/11\/Icona-Nodes-dossier-Mollera-Primaria-fauna-724x1024.png\" alt=\"\" width=\"201\" height=\"284\" srcset=\"https:\/\/serveiseducatius.xtec.cat\/cda-vallsdaneu\/wp-content\/uploads\/usu1375\/2021\/11\/Icona-Nodes-dossier-Mollera-Primaria-fauna-724x1024.png 724w, https:\/\/serveiseducatius.xtec.cat\/cda-vallsdaneu\/wp-content\/uploads\/usu1375\/2021\/11\/Icona-Nodes-dossier-Mollera-Primaria-fauna-212x300.png 212w, https:\/\/serveiseducatius.xtec.cat\/cda-vallsdaneu\/wp-content\/uploads\/usu1375\/2021\/11\/Icona-Nodes-dossier-Mollera-Primaria-fauna-768x1086.png 768w, https:\/\/serveiseducatius.xtec.cat\/cda-vallsdaneu\/wp-content\/uploads\/usu1375\/2021\/11\/Icona-Nodes-dossier-Mollera-Primaria-fauna.png 1040w\" sizes=\"auto, (max-width: 201px) 100vw, 201px\" \/><\/a> <a href=\"https:\/\/drive.google.com\/file\/d\/1UkTe-FtiqqgpdDiCOCi_QZNYfI1zNpMu\/view?usp=sharing\" target=\"_blank\" rel=\"noopener\"><img loading=\"lazy\" decoding=\"async\" class=\"alignnone wp-image-10901\" src=\"https:\/\/serveiseducatius.xtec.cat\/cda-vallsdaneu\/wp-content\/uploads\/usu1375\/2021\/11\/Icona-Nodes-dossier-Mollera-Primaria-vegetacio-723x1024.png\" alt=\"\" width=\"201\" height=\"285\" srcset=\"https:\/\/serveiseducatius.xtec.cat\/cda-vallsdaneu\/wp-content\/uploads\/usu1375\/2021\/11\/Icona-Nodes-dossier-Mollera-Primaria-vegetacio-723x1024.png 723w, https:\/\/serveiseducatius.xtec.cat\/cda-vallsdaneu\/wp-content\/uploads\/usu1375\/2021\/11\/Icona-Nodes-dossier-Mollera-Primaria-vegetacio-212x300.png 212w, https:\/\/serveiseducatius.xtec.cat\/cda-vallsdaneu\/wp-content\/uploads\/usu1375\/2021\/11\/Icona-Nodes-dossier-Mollera-Primaria-vegetacio-768x1087.png 768w, https:\/\/serveiseducatius.xtec.cat\/cda-vallsdaneu\/wp-content\/uploads\/usu1375\/2021\/11\/Icona-Nodes-dossier-Mollera-Primaria-vegetacio.png 1039w\" sizes=\"auto, (max-width: 201px) 100vw, 201px\" \/><\/a> <a href=\"https:\/\/drive.google.com\/file\/d\/140crGeSQSHI2Yr3EQUfzz1w9epHwNcj9\/view?usp=sharing\" target=\"_blank\" rel=\"noopener\"><img loading=\"lazy\" decoding=\"async\" class=\"alignnone wp-image-10902\" src=\"https:\/\/serveiseducatius.xtec.cat\/cda-vallsdaneu\/wp-content\/uploads\/usu1375\/2021\/11\/Icona-Nodes-dossier-Mollera-Secundaria-776x1024.png\" alt=\"\" width=\"216\" height=\"285\" srcset=\"https:\/\/serveiseducatius.xtec.cat\/cda-vallsdaneu\/wp-content\/uploads\/usu1375\/2021\/11\/Icona-Nodes-dossier-Mollera-Secundaria-776x1024.png 776w, https:\/\/serveiseducatius.xtec.cat\/cda-vallsdaneu\/wp-content\/uploads\/usu1375\/2021\/11\/Icona-Nodes-dossier-Mollera-Secundaria-227x300.png 227w, https:\/\/serveiseducatius.xtec.cat\/cda-vallsdaneu\/wp-content\/uploads\/usu1375\/2021\/11\/Icona-Nodes-dossier-Mollera-Secundaria-768x1013.png 768w, https:\/\/serveiseducatius.xtec.cat\/cda-vallsdaneu\/wp-content\/uploads\/usu1375\/2021\/11\/Icona-Nodes-dossier-Mollera-Secundaria.png 1040w\" sizes=\"auto, (max-width: 216px) 100vw, 216px\" \/><\/a><\/p>\n<p><span style=\"border-radius: 2px; text-indent: 20px; width: auto; padding: 0px 4px 0px 0px; text-align: center; font: bold 11px\/20px 'Helvetica Neue',Helvetica,sans-serif; color: #ffffff; background: #bd081c no-repeat scroll 3px 50% \/ 14px 14px; position: absolute; opacity: 1; z-index: 8675309; display: none; cursor: pointer;\">Save<\/span><\/p>\n","protected":false},"excerpt":{"rendered":"<p>La Mollera d&#8217;Escalarre i Salencar de la Guingueta \u00e9s un espai humit del Parc Natural de l&#8217;Alt Pirineu situat al [&hellip;]<\/p>\n","protected":false},"author":1,"featured_media":0,"parent":8395,"menu_order":3,"comment_status":"closed","ping_status":"closed","template":"","meta":{"_bbp_topic_count":0,"_bbp_reply_count":0,"_bbp_total_topic_count":0,"_bbp_total_reply_count":0,"_bbp_voice_count":0,"_bbp_anonymous_reply_count":0,"_bbp_topic_count_hidden":0,"_bbp_reply_count_hidden":0,"_bbp_forum_subforum_count":0,"site-sidebar-layout":"default","site-content-layout":"","ast-site-content-layout":"default","site-content-style":"default","site-sidebar-style":"default","ast-global-header-display":"","ast-banner-title-visibility":"","ast-main-header-display":"","ast-hfb-above-header-display":"","ast-hfb-below-header-display":"","ast-hfb-mobile-header-display":"","site-post-title":"","ast-breadcrumbs-content":"","ast-featured-img":"","footer-sml-layout":"","theme-transparent-header-meta":"default","adv-header-id-meta":"","stick-header-meta":"","header-above-stick-meta":"","header-main-stick-meta":"","header-below-stick-meta":"","astra-migrate-meta-layouts":"set","ast-page-background-enabled":"default","ast-page-background-meta":{"desktop":{"background-color":"var(--ast-global-color-4)","background-image":"","background-repeat":"repeat","background-position":"center center","background-size":"auto","background-attachment":"scroll","background-type":"","background-media":"","overlay-type":"","overlay-color":"","overlay-opacity":"","overlay-gradient":""},"tablet":{"background-color":"","background-image":"","background-repeat":"repeat","background-position":"center center","background-size":"auto","background-attachment":"scroll","background-type":"","background-media":"","overlay-type":"","overlay-color":"","overlay-opacity":"","overlay-gradient":""},"mobile":{"background-color":"","background-image":"","background-repeat":"repeat","background-position":"center center","background-size":"auto","background-attachment":"scroll","background-type":"","background-media":"","overlay-type":"","overlay-color":"","overlay-opacity":"","overlay-gradient":""}},"ast-content-background-meta":{"desktop":{"background-color":"var(--ast-global-color-5)","background-image":"","background-repeat":"repeat","background-position":"center center","background-size":"auto","background-attachment":"scroll","background-type":"","background-media":"","overlay-type":"","overlay-color":"","overlay-opacity":"","overlay-gradient":""},"tablet":{"background-color":"var(--ast-global-color-5)","background-image":"","background-repeat":"repeat","background-position":"center center","background-size":"auto","background-attachment":"scroll","background-type":"","background-media":"","overlay-type":"","overlay-color":"","overlay-opacity":"","overlay-gradient":""},"mobile":{"background-color":"var(--ast-global-color-5)","background-image":"","background-repeat":"repeat","background-position":"center center","background-size":"auto","background-attachment":"scroll","background-type":"","background-media":"","overlay-type":"","overlay-color":"","overlay-opacity":"","overlay-gradient":""}},"footnotes":""},"class_list":["post-1333","page","type-page","status-publish","hentry"],"post_mailing_queue_ids":[],"_links":{"self":[{"href":"https:\/\/serveiseducatius.xtec.cat\/cda-vallsdaneu\/wp-json\/wp\/v2\/pages\/1333","targetHints":{"allow":["GET"]}}],"collection":[{"href":"https:\/\/serveiseducatius.xtec.cat\/cda-vallsdaneu\/wp-json\/wp\/v2\/pages"}],"about":[{"href":"https:\/\/serveiseducatius.xtec.cat\/cda-vallsdaneu\/wp-json\/wp\/v2\/types\/page"}],"author":[{"embeddable":true,"href":"https:\/\/serveiseducatius.xtec.cat\/cda-vallsdaneu\/wp-json\/wp\/v2\/users\/1"}],"replies":[{"embeddable":true,"href":"https:\/\/serveiseducatius.xtec.cat\/cda-vallsdaneu\/wp-json\/wp\/v2\/comments?post=1333"}],"version-history":[{"count":4,"href":"https:\/\/serveiseducatius.xtec.cat\/cda-vallsdaneu\/wp-json\/wp\/v2\/pages\/1333\/revisions"}],"predecessor-version":[{"id":11903,"href":"https:\/\/serveiseducatius.xtec.cat\/cda-vallsdaneu\/wp-json\/wp\/v2\/pages\/1333\/revisions\/11903"}],"up":[{"embeddable":true,"href":"https:\/\/serveiseducatius.xtec.cat\/cda-vallsdaneu\/wp-json\/wp\/v2\/pages\/8395"}],"wp:attachment":[{"href":"https:\/\/serveiseducatius.xtec.cat\/cda-vallsdaneu\/wp-json\/wp\/v2\/media?parent=1333"}],"curies":[{"name":"wp","href":"https:\/\/api.w.org\/{rel}","templated":true}]}}