{"id":1325,"date":"2014-04-23T12:12:25","date_gmt":"2014-04-23T12:12:25","guid":{"rendered":"http:\/\/blocs.xtec.cat\/cdavallsdaneu2\/?page_id=1325"},"modified":"2025-03-28T09:54:49","modified_gmt":"2025-03-28T08:54:49","slug":"bosc-del-gerdar","status":"publish","type":"page","link":"https:\/\/serveiseducatius.xtec.cat\/cda-vallsdaneu\/ambits\/ambit-natural\/bosc-del-gerdar\/","title":{"rendered":"L&#8217;avetosa del Gerdar"},"content":{"rendered":"<div id=\"1AB08\" style=\"width: 600px; height: 400px; display: none;\"><img decoding=\"async\" src=\"https:\/\/lh3.googleusercontent.com\/lndeAEwsQIGQJcr-2SnpR5SewHjHx609z5voCML52cBEiPkIttxmu4PIPxvq7fjQtbzmzQ34ABYRPiTsHgWhWtYIz6UTV0j3rn3QZoE_5grtfhME2wD7m56wMshRqol6AUpCKt98O4OAUcWqfMBDxvN6I6I_oMZXq6std4M9_EAfYEdb5JlBFo_XvFHyYK5LhIyy5dXcb-z0hMnQdJ2MRxCO50OJtX-VmNI-Of5etlbiBJ2ASXWDbWXvsle811ku0rvL0Hw9KnJwGOm0VLMHcgU6EO2ivaOevTul5R4eETP3zrE7TznB2-urmGH3FN0qvk09ZMQdka4E1UHRtzpO-KmVU6577X6YNZm00EhxSBWyYoYQhP2Esdv7ratn396KTzJj9KkeC8kjkPX0DSabrhIfbHLcdgrwZvsjxjJhAfAES_e1VF1cIoFMUQmEbNl3dUzGd2Q1wQIt6PYUlko8gAFRUKPpfuWe1x4oEZBTpxKHng9xxt8TMg8vmZ0rND79TEyo0rhfgjP21R_Khslwoqv_mvOqXklKkcjyNX5sFY_MbN_HNie5jDM3dYgxi0R73jnrxt1EViXowh27JVf-kVoCo48k2DUJ_M-xEOuIHCT5UFNFJ0rGLbu-EQsWz_OgFkfUBIfFFe9mD4SsQWRkDyUMGKv0G3O74e_nfvhe1Q=w800-h600-no\" \/><br \/>\n<img decoding=\"async\" src=\"https:\/\/lh3.googleusercontent.com\/oWjP4chy7OVKdl4AcGHGmM-sZ4M8clXfTuWc1PA1j2GfWvzSqqlfcVANvz_UjBOwruncMRLnBkUH9Nlv29DfZe3esSVKjL9KKdqa_6KIsfuEnZTuVnhYPixwJX9filSruyCfuvz7d4FCWbe3Ut0_0GzbhiHRaax5OTt7HhNQwcZ2rQ6cx9xNbImqLY_v576aSTNX8XGiBHILE83JO46V9WB8NokX2WFK6N7oRcTz_S6ePklsynZTpx9YBXnRlWMvva7kFS8Ku68f9BEr325m7mIB4bJzczqhn2CNLBQ_FYuWKXECMfZnD9xQ531N3FCj3JFWibRITVvEDmL_dfgMSt2k_9tGlcIKTNjYK8Zec1MhaVJ8kW0kKY4j21MeTPk7RZgUkub2b7yyT9w71rg7Gai0HsTpVNdaxrUX9ro8S74rvTfvKuu6SyuflvUHdlJGPfGfxY3rkgSFq42CguRU79WB9DpZxa0ZMKgMbXvGEzLRYkoYcud8cJq5Kx4OQXYu7ETmcb6kxk_moE2atFg6ljllqUnTuwb4wcZtot1ZOKQ-hA_stsOVkUmVRgIkdGYilaOomgplhNNWe9H5NEuG9yCOcIi6VeAusH3JvZPfJ8ze4HcEIFn677JdJnT_pNExcBg5vd5Qx7MaxvBhg0cenjH7qWq4TC3fqK6M3qAHrg=w800-h600-no\" \/><br \/>\n<img decoding=\"async\" src=\"https:\/\/lh3.googleusercontent.com\/DhMrBwUUOJGVAj0tYqk0zU3OC-dWCd2A2VvUO56CE0kUaakhEtPRjXFdLOvig_4iT07zVCOcCszUXVSotrRm4PqFw94laC2mueU2y5PcjSsTBR_Dm1z9xdSzF2x1xA-MdgUVGjmEKcM49LlZrN4xpGs_41X6i1GvAoS4zBkdpwdosQbUGOxWHykt59wHv6dv3OimagCAblsFcVpou5QhM9J0LoDxsnQ_flDi_0fa2mh4rIg2C4V6WqU6oOh9YVF0AOdf7SArb_lxm-G1HMinY4MLOfIy2CTRByrRx8S7HERHEkptSIl8nG24F35LWKayhdJ1vIuQVBtLlChKYJH0xWWDMOVPGQyzNJTNhz_xilKkdz2oQD0_7Pjei_lNcOVkkUVusZ5TT2PaXEs1901RdzH2KJxS8bes5ggYwEEcUI2x-P3ZZ2ICp1h6JUkKBnRjnLWWMkl2mlPY9bwpMPLff8XbSmUXYyZcTajtFXyujLyEKve9PNmr9IY24s8QcOzUnps59fvd-T7ipywrgybuF_Ads-bPP0MJ9g87YjpYuazkjOeiDwCDii7DkTiQO0PVN-7Wx6ga7ZXxN-t3md5iBbmCj9LrrXSciTfrVfoz0XLyqnqLD_O1mUq_YFKrs0XZdDN7ivaQrxuKv9Z-w1R4Hr7x2AlbYmjzDOTV2q8H0w=w800-h600-no\" \/><br \/>\n<img decoding=\"async\" src=\"https:\/\/lh3.googleusercontent.com\/8Dzem8LYUiWl7yaSFt5WXiWhUkNjIpBXcioAkehld83cfdRp8FMDl8t-2xQsiEA8HM89ENdoJPSjkHH3LWEUBSQV31X4CPOWh7F-BTL3f3u0Je_wu7oiPnmL4t7hw2mFuWxwhjCC_75jCsSUcTHoP3NwNbbZtwJ5a36f5cfXWNDyH5yK4TcogEUnRRab9TumCIZnJg8qyjoAGM2RmQzLIixTkjoE9BIMAvKb5hcWQuL2bl6vSlS4qauRFD4PjC4o_8K3C14M9UYoOvtT69P9sVmIwOSygVfWCb9oOYmnRhd0pJSEhA6kUiii7-iHChQuo43S8txEduKqmtFJsOncEBHJiCAcnih4BgS5gFkuW-SlS4-pMTYWumJOjot9kYIAG8lwG6tpAZyx_vfiyRuDQdwfXvKCdbDltQPYDdxBp26XT_q0_g6Hf3z0rdZepsQkFYyaEOnplSJhNwqgEeD4gcvx_ykm5jmFPxd9jMSaukW-d4q2oMkZbUaGJiWb63Mv15z-McsSUriYX5AH4TfhDFgskYePqKR35HGbl7gBzWsYufpo5wfUNlPA3MuE_q5jwrMVFnTTESEoT7k0eGx3hB5VyJSHQMcK-GBdbggZOqZBrmuiTkfR_HfUcvV6NsTVFaADvsctWj5mjC0PFsMrO8q8nmGE7p76rY4tdJd1Rw=w800-h600-no\" \/><br \/>\n<img decoding=\"async\" src=\"https:\/\/lh3.googleusercontent.com\/HKZGy-dq09CCfz76DvFX_zbhQRE_FqiWJHfbVn8SNuZcZyFhcf0bbNpCfQbfhhI0_PFs2k9fPis40ALHXh2cvrFzkKOP-22gejEGRjZyw7u6SicDaBrT36gxOPKWj-TO-pW-O2_HXENThXr9H5i_YBFf4bO_D9urcAFYRYloF7QQ-QhhRNq0gYBxOXVDqH4UOYnGsTTCC1fKwChXPbefipKvKcX9MiuY0maaCOPlsLdvrFlKou23Twiik-DqSTRrOeidyQFd6W43Bp9I7TqoZ7Iq0uZObV_ef1nkeaCKJ6uHZORdXxS5Ls1OhL0BtkBd5BFc8XBMx57bDH2aKIKANEzvmfVGTqw4BMlYrr4X8l2iUE7nOL-F70JQuYnj-zCOQ80R05dBnn0Cg22tY4Bw0FrPlXJHNGFn8qf2yyjOZzvIcjnFw8YvtStVTgjEmnGvlLRYL0QEsNubRbWArhMwlJuX-fQLdsS4bZ3DArZ0LubGeNiNu0aXFQXxrFfNDl9Hk_j6YgEN9jfjCkZ9qMbBbHsY68i7BbQK3YOEuCnpXhS5lzUp1qF1Nvc2blzOO7H6QxHF1WDKChbXgB4DnyWlyFfk5D-cu2CC4qTJnkAEiKHjBHV3LYhLfD3MD8VOMX1oH2Agd184pLrblPRxPpfJHZ8KRLNZTTPR3sA7J70jUA=w800-h600-no\" \/><br \/>\n<img decoding=\"async\" src=\"https:\/\/lh3.googleusercontent.com\/KdCWEqdlmzJlHoVj7vwtCrYsvzshB73E4v7rP4lR1gTe7L-w2TbLPI7yeewP4pH1sBvyA04RBIWb4EUvJtkJE_aMknztD2I3bhbNJF63-tDZ7zvk4MuWW9eR_2lSfpnIsOc4vm51CEYBy8CQjNeT9Cycap6oDONb2dqF2nBZ8J4Ng0iif9vRtNW8RAWsh_0HNg637GCk2QOZnkviliqXum_mhymL5ILmGkOqaXM1c2DMuCwV13_SXf1NeB5Vk6SV4t1TfR18Zhw7HjP4t5uvCFG_IY0fD1_ys7payDjKHmRMo_MOZyz3ywAClE6TLowZBoopDoV7bXeELrvU7JB6N7tiTFTm1I6nsnnDb61mDROSxz7mjp5h3ZuqNOc-PA6Jwe7O7KNObmpDpOP5RWKv47BeSguLO7K5-8mZP3twPOoG-0REk9S4p5Pid7zCbe_xXiDbVf9XLx_n3mdTzOPAnhli6TazccuRy7o4Axr4CYsfGk4OX_vMNlGlEkKk1yBKO4IVleSGZjrJsEmvRn8d7PjhwA9zdqXqX8ZgfBLXOsRmNgh4OAb8jKtokfXwzZOivh05hwda1vQnlkBFyMVTKdcqPEGAkgo_TKcKmI64t9cbB9m0SlFilXEeoerI0_a6lYLHqFZ2L9IZzUPSdUyyUyYm5BMC_Qf9GoZKDdQiwQ=w800-h600-no\" \/><br \/>\n<img decoding=\"async\" src=\"https:\/\/lh3.googleusercontent.com\/a8UZpD0yLL_YL2833GSdoLU93qlegHu5UFP9u2p1hxs2ZPUeJvusVonrQdVTPAeR7lPvCO_tiTcQYen_nAtAsVpn-ypc3Wdv4-teH1POg_J9rry5Rr5zou7vDLPaF3e9qE0cpYdccMCzBGESm4YZwQ7sAGlFBS8neV-a3I1yXnLPwX_VwIXJOAtKZugudlrBr4Pnvh1HuHrYzZfspFj6RWRQ13NeXPGysPzlWEfNjx62n1ZxlXkaSLPSE9hQjV5PCRQgNtwS9boI0TEU28tJXSsjawBnZWTeeKkAevw7zrO-8d73yccKlcs8Tlw9l2BkZXW5WvzsJ8nkagbH6YQ6Ryf5fU2WJA1hGUWY-R0zVkVYr2f0VnyTW4BCi6dIty-F9lFM2XNVQzYe7pLVhD46w1e9EFu_q2qHwDZ21D8DOl5Wv71S3IzBQQ2j-_LFd8thXF5CUJczjKJNAPKmnB5Jqxy5X5WNsfDfkCBB0veiz-hzNoHu77TkUXTkBUp3VF6B5iSO4bW3f8jNsHl4Evu1Rk0YGnqUbN4Uv_ABFIqyuZjLMUQiqdBP-OkmsdZhCy208vNDhTV8uYTibMnhtViFBYrD7pSNNNZDCq1V0tu1cGowkhty8-9IQpcNNNvSL9BjAQr6OLODxnGAbNYsb0lyoCaFaBt63gjfBzFkBQLvqw=w800-h600-no\" \/><br \/>\n<img decoding=\"async\" src=\"https:\/\/lh3.googleusercontent.com\/42lrNLVbsBfo6IWBK75qC7V0prfSrJ1Ft575jmOnRz1RPR1C2TlkUc-P3KvSSJ11AB_pKCQpEc5UWSz0OZ4iLBMFlxqoZDUOV2WIJw1dWHiPBJVRdLCu1GtApnVgS60egOawjZGHlrBxfeiXfkRG6qmS4Y-8blt19oBCltGUiH3fkHH79v1RcK9TTUZUlBHjSia_o0u7Y7Jes4aVL7mhi3P5v1UXbmsrNfcan4SKJMmK41BgCXUdkmzVSWt-ClzG8zke-f1OyTGix5B2fm50MchX4HHpFKJQ81__yB7FMZwXsdgO3ZkhJ4cP2A6BQmiE7GiNVJxblcx1L37O2QU7W4IpH1k4O898DVTaezfVtY3zVLCL0ZubWLyNiJ976HzALwKpwejALqmF-MtSOCutzLO-vR9-6pj5f4hwJnLpRBaB5-ay1f2duoyd76puKwnowThW4EyHCtdZ2WMMsA7puFw4gpB8l7A7g0h_v2F1ZvXqTwWpfOuPO57tuNbAR-hjPPxjhmVOTa1f-B66zkIZe8oaf3Pipj5Fjs-GBnNGP3VadjtOGoaJYuUXTUjDAqQbBVQL-Kk-xa9V1e24SwQ3xA8OndLVymlKJHADU8iM4zg8Ik-ikQ8E0AS6_-NsWl8V6GQjysXIqsdtIFIEevrVNp3TGv_Dc9YXWPea8zRK_g=w800-h600-no\" \/><\/div>\n\r\n\t<div class=\"slideshow_container slideshow_container_style-light\" style=\" \" data-slideshow-id=\"11113\" data-style-name=\"style-light\" data-style-version=\"2.3.1\" >\r\n\r\n\t\t\t\t\t<div class=\"slideshow_loading_icon\"><\/div>\r\n\t\t\r\n\t\t<div class=\"slideshow_content\" style=\"display: none;\">\r\n\r\n\t\t\t<div class=\"slideshow_view\">\r\n\t\t\t\t<div class=\"slideshow_slide slideshow_slide_image\">\r\n\t\t\t\t\t\t\t\t\t\t\t<img src=\"https:\/\/serveiseducatius.xtec.cat\/cda-vallsdaneu\/wp-content\/uploads\/usu1375\/2025\/03\/WhatsApp-Image-2025-02-14-at-12.48.14.jpeg\" alt=\"WhatsApp Image 2025-02-14 at 12.48.14\" width=\"1600\" height=\"1200\" \/>\r\n\t\t\t\t\t\t\t\t\t\t<div class=\"slideshow_description_box slideshow_transparent\">\r\n\t\t\t\t\t\t<div class=\"slideshow_title\">WhatsApp Image 2025-02-14 at 12.48.14<\/div>\t\t\t\t\t\t\t\t\t\t\t<\/div>\r\n\t\t\t\t<\/div>\r\n\r\n\t\t\t\t\t\t\r\n\t\t\t\t<div class=\"slideshow_slide slideshow_slide_image\">\r\n\t\t\t\t\t\t\t\t\t\t\t<img src=\"https:\/\/serveiseducatius.xtec.cat\/cda-vallsdaneu\/wp-content\/uploads\/usu1375\/2025\/03\/DSC01780.jpg\" alt=\"DSC01780\" width=\"1329\" height=\"890\" \/>\r\n\t\t\t\t\t\t\t\t\t\t<div class=\"slideshow_description_box slideshow_transparent\">\r\n\t\t\t\t\t\t<div class=\"slideshow_title\">DSC01780<\/div>\t\t\t\t\t\t\t\t\t\t\t<\/div>\r\n\t\t\t\t<\/div>\r\n\r\n\t\t\t\t\t\t<div style=\"clear: both;\"><\/div><\/div><div class=\"slideshow_view\">\r\n\t\t\t\t<div class=\"slideshow_slide slideshow_slide_image\">\r\n\t\t\t\t\t\t\t\t\t\t\t<img src=\"https:\/\/serveiseducatius.xtec.cat\/cda-vallsdaneu\/wp-content\/uploads\/usu1375\/2025\/03\/DSC01777.jpg\" alt=\"DSC01777\" width=\"1329\" height=\"890\" \/>\r\n\t\t\t\t\t\t\t\t\t\t<div class=\"slideshow_description_box slideshow_transparent\">\r\n\t\t\t\t\t\t<div class=\"slideshow_title\">DSC01777<\/div>\t\t\t\t\t\t\t\t\t\t\t<\/div>\r\n\t\t\t\t<\/div>\r\n\r\n\t\t\t\t\t\t\r\n\t\t\t\t<div class=\"slideshow_slide slideshow_slide_image\">\r\n\t\t\t\t\t\t\t\t\t\t\t<img src=\"https:\/\/serveiseducatius.xtec.cat\/cda-vallsdaneu\/wp-content\/uploads\/usu1375\/2025\/03\/652df0a3-4944-4adc-8fc2-2aadb0214a80.jpg\" alt=\"bosc\" width=\"1600\" height=\"1200\" \/>\r\n\t\t\t\t\t\t\t\t\t\t<div class=\"slideshow_description_box slideshow_transparent\">\r\n\t\t\t\t\t\t<div class=\"slideshow_title\">652df0a3-4944-4adc-8fc2-2aadb0214a80<\/div>\t\t\t\t\t\t\t\t\t\t\t<\/div>\r\n\t\t\t\t<\/div>\r\n\r\n\t\t\t\t\t\t<div style=\"clear: both;\"><\/div><\/div><div class=\"slideshow_view\">\r\n\t\t\t\t<div class=\"slideshow_slide slideshow_slide_image\">\r\n\t\t\t\t\t\t\t\t\t\t\t<img src=\"https:\/\/serveiseducatius.xtec.cat\/cda-vallsdaneu\/wp-content\/uploads\/usu1375\/2025\/03\/IMG_20230929_131739-scaled.jpg\" alt=\"IMG_20230929_131739\" width=\"2560\" height=\"1920\" \/>\r\n\t\t\t\t\t\t\t\t\t\t<div class=\"slideshow_description_box slideshow_transparent\">\r\n\t\t\t\t\t\t<div class=\"slideshow_title\">IMG_20230929_131739<\/div>\t\t\t\t\t\t\t\t\t\t\t<\/div>\r\n\t\t\t\t<\/div>\r\n\r\n\t\t\t\t\t\t\r\n\t\t\t\t<div class=\"slideshow_slide slideshow_slide_image\">\r\n\t\t\t\t\t\t\t\t\t\t\t<img src=\"https:\/\/serveiseducatius.xtec.cat\/cda-vallsdaneu\/wp-content\/uploads\/usu1375\/2025\/03\/IMG_9315-scaled.jpg\" alt=\"IMG_9315\" width=\"2560\" height=\"1920\" \/>\r\n\t\t\t\t\t\t\t\t\t\t<div class=\"slideshow_description_box slideshow_transparent\">\r\n\t\t\t\t\t\t<div class=\"slideshow_title\">IMG_9315<\/div>\t\t\t\t\t\t\t\t\t\t\t<\/div>\r\n\t\t\t\t<\/div>\r\n\r\n\t\t\t\t\t\t<div style=\"clear: both;\"><\/div><\/div>\r\n\t\t<\/div>\r\n\r\n\t\t<div class=\"slideshow_controlPanel slideshow_transparent\" style=\"display: none;\"><ul><li class=\"slideshow_togglePlay\" data-play-text=\"Visualitza\" data-pause-text=\"Pausa\"><\/li><\/ul><\/div>\r\n\r\n\t\t<div class=\"slideshow_button slideshow_previous slideshow_transparent\" role=\"button\" data-previous-text=\"Anterior\" style=\"display: none;\"><\/div>\r\n\t\t<div class=\"slideshow_button slideshow_next slideshow_transparent\" role=\"button\" data-next-text=\"Seg\u00fcent\" style=\"display: none;\"><\/div>\r\n\r\n\t\t<div class=\"slideshow_pagination\" style=\"display: none;\" data-go-to-text=\"V\u00e9s a la diapositiva\"><div class=\"slideshow_pagination_center\"><\/div><\/div>\r\n\r\n\t\t<!-- WordPress Slideshow Version 2.3.1 -->\r\n\r\n\t\t\t<\/div>\r\n\r\n\n<p>L&#8217;avetosa del Gerdar de Sorpe \u00e9s un bosc d&#8217;avets situat a la zona perif\u00e8rica del Parc Nacional d&#8217;Aig\u00fcestortes i Estany de Sant Maurici, al municipi de l&#8217;Alt \u00c0neu. L&#8217;avet, localitzat als vessants ombr\u00edvols de l&#8217;estatge subalp\u00ed, pren una forta representaci\u00f3 en aquest punt del Pallars Sobir\u00e0.<\/p>\n<p>L&#8217;activitat es realitza durant un mat\u00ed i el despla\u00e7ament fins a l&#8217;avetosa es realitza en autocar en aproximadament uns vint-i-cinc minuts. Un cop al bosc iniciem un recorregut amb l&#8217;objectiu d&#8217;identificar els elements que configuren aquest ecosistema i els tipus de relacions que s&#8217;estableixen entre ells.<\/p>\n<p>Les activitats que realitzem durant el recorregut s\u00f3n:<\/p>\n<ul>\n<li><span style=\"color: #008000;\">Recon\u00e8ixer i interpretar l&#8217;ecosistema de l&#8217;avetosa.<\/span><\/li>\n<li><span style=\"color: #008000;\">Caracteritzar l&#8217;avet: estructura, funcions, adaptacions, &#8230;<\/span><\/li>\n<li><span style=\"color: #008000;\">Identificar diferents relacions intraespec\u00edfiques i interespec\u00edfiques.<\/span><\/li>\n<li><span style=\"color: #008000;\">Con\u00e8ixer el proc\u00e9s de reintroducci\u00f3 de l&#8217;\u00f3s bru i els sistemes de seguiment.<\/span><\/li>\n<\/ul>\n<p>En el cas de segon cicle d&#8217;ESO o Batxillerat hi ha la possibilitat de dur a terme l&#8217;estudi de l&#8217;estructura del bosc, aix\u00ed com realitzar el c\u00e0lcul d&#8217;aproximaci\u00f3 al volum total de fusta que hi ha al bosc.<\/p>\n<p><strong>Recomanacions:<\/strong> A l&#8217;hivern l&#8217;activitat es realitza amb neu. Cal un bon cal\u00e7at i abric.<br \/>\n<strong>Durada: <\/strong>un mat\u00ed<br \/>\n<strong>Cursos:<\/strong> CM i CS de prim\u00e0ria, Secund\u00e0ria i Batxillerat<\/p>\n<p>&nbsp;<\/p>\n<p><a href=\"https:\/\/drive.google.com\/file\/d\/12xCYJ1Apf__78EngfomA14MJw3Dx4Ttb\/view?usp=sharing\" target=\"_blank\" rel=\"noopener\"><img loading=\"lazy\" decoding=\"async\" class=\"alignnone wp-image-10882\" src=\"https:\/\/serveiseducatius.xtec.cat\/cda-vallsdaneu\/wp-content\/uploads\/usu1375\/2021\/11\/Icona-Nodes-fitxa-activitat-El-Gerdar-de-Sorpe.png\" alt=\"\" width=\"152\" height=\"193\" srcset=\"https:\/\/serveiseducatius.xtec.cat\/cda-vallsdaneu\/wp-content\/uploads\/usu1375\/2021\/11\/Icona-Nodes-fitxa-activitat-El-Gerdar-de-Sorpe.png 471w, https:\/\/serveiseducatius.xtec.cat\/cda-vallsdaneu\/wp-content\/uploads\/usu1375\/2021\/11\/Icona-Nodes-fitxa-activitat-El-Gerdar-de-Sorpe-235x300.png 235w\" sizes=\"auto, (max-width: 152px) 100vw, 152px\" \/><\/a><a href=\"https:\/\/drive.google.com\/file\/d\/1X4YcFaUJcopIPguUfBbw06tfME7lZ2aD\/view?usp=sharing\" target=\"_blank\" rel=\"noopener\"><img loading=\"lazy\" decoding=\"async\" class=\"alignnone wp-image-10883\" style=\"font-family: inherit; font-size: 1em;\" src=\"https:\/\/serveiseducatius.xtec.cat\/cda-vallsdaneu\/wp-content\/uploads\/usu1375\/2021\/11\/Icona-Nodes-fitxa-activitat-Gestio-del-bosc.png\" alt=\"\" width=\"151\" height=\"193\" srcset=\"https:\/\/serveiseducatius.xtec.cat\/cda-vallsdaneu\/wp-content\/uploads\/usu1375\/2021\/11\/Icona-Nodes-fitxa-activitat-Gestio-del-bosc.png 470w, https:\/\/serveiseducatius.xtec.cat\/cda-vallsdaneu\/wp-content\/uploads\/usu1375\/2021\/11\/Icona-Nodes-fitxa-activitat-Gestio-del-bosc-235x300.png 235w\" sizes=\"auto, (max-width: 151px) 100vw, 151px\" \/><\/a><span style=\"font-family: inherit; font-size: 1em;\">\u00a0 <\/span><\/p>\n<p>&nbsp;<\/p>\n<p>&nbsp;<\/p>\n<p><span style=\"border-radius: 2px; text-indent: 20px; width: auto; padding: 0px 4px 0px 0px; text-align: center; font: bold 11px\/20px 'Helvetica Neue',Helvetica,sans-serif; color: #ffffff; background: #bd081c no-repeat scroll 3px 50% \/ 14px 14px; position: absolute; opacity: 1; z-index: 8675309; display: none; cursor: pointer;\">Save<\/span><\/p>\n<p><span style=\"border-radius: 2px; text-indent: 20px; width: auto; padding: 0px 4px 0px 0px; text-align: center; font: bold 11px\/20px 'Helvetica Neue',Helvetica,sans-serif; color: #ffffff; background: #bd081c no-repeat scroll 3px 50% \/ 14px 14px; position: absolute; opacity: 1; z-index: 8675309; display: none; cursor: pointer;\">Save<\/span><\/p>\n","protected":false},"excerpt":{"rendered":"<p>L&#8217;avetosa del Gerdar de Sorpe \u00e9s un bosc d&#8217;avets situat a la zona perif\u00e8rica del Parc Nacional d&#8217;Aig\u00fcestortes i Estany [&hellip;]<\/p>\n","protected":false},"author":1,"featured_media":0,"parent":8395,"menu_order":2,"comment_status":"closed","ping_status":"closed","template":"","meta":{"_bbp_topic_count":0,"_bbp_reply_count":0,"_bbp_total_topic_count":0,"_bbp_total_reply_count":0,"_bbp_voice_count":0,"_bbp_anonymous_reply_count":0,"_bbp_topic_count_hidden":0,"_bbp_reply_count_hidden":0,"_bbp_forum_subforum_count":0,"site-sidebar-layout":"default","site-content-layout":"","ast-site-content-layout":"default","site-content-style":"default","site-sidebar-style":"default","ast-global-header-display":"","ast-banner-title-visibility":"","ast-main-header-display":"","ast-hfb-above-header-display":"","ast-hfb-below-header-display":"","ast-hfb-mobile-header-display":"","site-post-title":"","ast-breadcrumbs-content":"","ast-featured-img":"","footer-sml-layout":"","theme-transparent-header-meta":"default","adv-header-id-meta":"","stick-header-meta":"","header-above-stick-meta":"","header-main-stick-meta":"","header-below-stick-meta":"","astra-migrate-meta-layouts":"set","ast-page-background-enabled":"default","ast-page-background-meta":{"desktop":{"background-color":"var(--ast-global-color-4)","background-image":"","background-repeat":"repeat","background-position":"center center","background-size":"auto","background-attachment":"scroll","background-type":"","background-media":"","overlay-type":"","overlay-color":"","overlay-opacity":"","overlay-gradient":""},"tablet":{"background-color":"","background-image":"","background-repeat":"repeat","background-position":"center center","background-size":"auto","background-attachment":"scroll","background-type":"","background-media":"","overlay-type":"","overlay-color":"","overlay-opacity":"","overlay-gradient":""},"mobile":{"background-color":"","background-image":"","background-repeat":"repeat","background-position":"center center","background-size":"auto","background-attachment":"scroll","background-type":"","background-media":"","overlay-type":"","overlay-color":"","overlay-opacity":"","overlay-gradient":""}},"ast-content-background-meta":{"desktop":{"background-color":"var(--ast-global-color-5)","background-image":"","background-repeat":"repeat","background-position":"center center","background-size":"auto","background-attachment":"scroll","background-type":"","background-media":"","overlay-type":"","overlay-color":"","overlay-opacity":"","overlay-gradient":""},"tablet":{"background-color":"var(--ast-global-color-5)","background-image":"","background-repeat":"repeat","background-position":"center center","background-size":"auto","background-attachment":"scroll","background-type":"","background-media":"","overlay-type":"","overlay-color":"","overlay-opacity":"","overlay-gradient":""},"mobile":{"background-color":"var(--ast-global-color-5)","background-image":"","background-repeat":"repeat","background-position":"center center","background-size":"auto","background-attachment":"scroll","background-type":"","background-media":"","overlay-type":"","overlay-color":"","overlay-opacity":"","overlay-gradient":""}},"footnotes":""},"class_list":["post-1325","page","type-page","status-publish","hentry"],"post_mailing_queue_ids":[],"_links":{"self":[{"href":"https:\/\/serveiseducatius.xtec.cat\/cda-vallsdaneu\/wp-json\/wp\/v2\/pages\/1325","targetHints":{"allow":["GET"]}}],"collection":[{"href":"https:\/\/serveiseducatius.xtec.cat\/cda-vallsdaneu\/wp-json\/wp\/v2\/pages"}],"about":[{"href":"https:\/\/serveiseducatius.xtec.cat\/cda-vallsdaneu\/wp-json\/wp\/v2\/types\/page"}],"author":[{"embeddable":true,"href":"https:\/\/serveiseducatius.xtec.cat\/cda-vallsdaneu\/wp-json\/wp\/v2\/users\/1"}],"replies":[{"embeddable":true,"href":"https:\/\/serveiseducatius.xtec.cat\/cda-vallsdaneu\/wp-json\/wp\/v2\/comments?post=1325"}],"version-history":[{"count":6,"href":"https:\/\/serveiseducatius.xtec.cat\/cda-vallsdaneu\/wp-json\/wp\/v2\/pages\/1325\/revisions"}],"predecessor-version":[{"id":11933,"href":"https:\/\/serveiseducatius.xtec.cat\/cda-vallsdaneu\/wp-json\/wp\/v2\/pages\/1325\/revisions\/11933"}],"up":[{"embeddable":true,"href":"https:\/\/serveiseducatius.xtec.cat\/cda-vallsdaneu\/wp-json\/wp\/v2\/pages\/8395"}],"wp:attachment":[{"href":"https:\/\/serveiseducatius.xtec.cat\/cda-vallsdaneu\/wp-json\/wp\/v2\/media?parent=1325"}],"curies":[{"name":"wp","href":"https:\/\/api.w.org\/{rel}","templated":true}]}}