{"id":12662,"date":"2026-04-21T12:08:22","date_gmt":"2026-04-21T10:08:22","guid":{"rendered":"https:\/\/serveiseducatius.xtec.cat\/cda-vallsdaneu\/?page_id=12662"},"modified":"2026-04-21T12:09:10","modified_gmt":"2026-04-21T10:09:10","slug":"descobrim-la-primavera","status":"publish","type":"page","link":"https:\/\/serveiseducatius.xtec.cat\/cda-vallsdaneu\/ambits\/ambit-natural\/descobrim-la-primavera\/","title":{"rendered":"Descobrim la primavera"},"content":{"rendered":"\n<figure class=\"wp-block-gallery has-nested-images columns-default is-cropped wp-block-gallery-1 is-layout-flex wp-block-gallery-is-layout-flex\">\n<figure class=\"wp-block-image size-large\"><a href=\"https:\/\/serveiseducatius.xtec.cat\/cda-vallsdaneu\/wp-content\/uploads\/usu1375\/2026\/04\/WhatsApp-Image-2025-05-20-at-17.37.57-1-1.jpeg\"><img loading=\"lazy\" decoding=\"async\" width=\"1024\" height=\"768\" data-id=\"12666\" src=\"https:\/\/serveiseducatius.xtec.cat\/cda-vallsdaneu\/wp-content\/uploads\/usu1375\/2026\/04\/WhatsApp-Image-2025-05-20-at-17.37.57-1-1-1024x768.jpeg\" alt=\"\" class=\"wp-image-12666\" srcset=\"https:\/\/serveiseducatius.xtec.cat\/cda-vallsdaneu\/wp-content\/uploads\/usu1375\/2026\/04\/WhatsApp-Image-2025-05-20-at-17.37.57-1-1-1024x768.jpeg 1024w, https:\/\/serveiseducatius.xtec.cat\/cda-vallsdaneu\/wp-content\/uploads\/usu1375\/2026\/04\/WhatsApp-Image-2025-05-20-at-17.37.57-1-1-300x225.jpeg 300w, https:\/\/serveiseducatius.xtec.cat\/cda-vallsdaneu\/wp-content\/uploads\/usu1375\/2026\/04\/WhatsApp-Image-2025-05-20-at-17.37.57-1-1-768x576.jpeg 768w, https:\/\/serveiseducatius.xtec.cat\/cda-vallsdaneu\/wp-content\/uploads\/usu1375\/2026\/04\/WhatsApp-Image-2025-05-20-at-17.37.57-1-1-1536x1152.jpeg 1536w, https:\/\/serveiseducatius.xtec.cat\/cda-vallsdaneu\/wp-content\/uploads\/usu1375\/2026\/04\/WhatsApp-Image-2025-05-20-at-17.37.57-1-1.jpeg 2000w\" sizes=\"auto, (max-width: 1024px) 100vw, 1024px\" \/><\/a><\/figure>\n\n\n\n<figure class=\"wp-block-image size-large\"><a href=\"https:\/\/serveiseducatius.xtec.cat\/cda-vallsdaneu\/wp-content\/uploads\/usu1375\/2026\/04\/WhatsApp-Image-2025-05-20-at-17.37.57-2.jpeg\"><img loading=\"lazy\" decoding=\"async\" width=\"768\" height=\"1024\" data-id=\"12668\" src=\"https:\/\/serveiseducatius.xtec.cat\/cda-vallsdaneu\/wp-content\/uploads\/usu1375\/2026\/04\/WhatsApp-Image-2025-05-20-at-17.37.57-2-768x1024.jpeg\" alt=\"\" class=\"wp-image-12668\" srcset=\"https:\/\/serveiseducatius.xtec.cat\/cda-vallsdaneu\/wp-content\/uploads\/usu1375\/2026\/04\/WhatsApp-Image-2025-05-20-at-17.37.57-2-768x1024.jpeg 768w, https:\/\/serveiseducatius.xtec.cat\/cda-vallsdaneu\/wp-content\/uploads\/usu1375\/2026\/04\/WhatsApp-Image-2025-05-20-at-17.37.57-2-225x300.jpeg 225w, https:\/\/serveiseducatius.xtec.cat\/cda-vallsdaneu\/wp-content\/uploads\/usu1375\/2026\/04\/WhatsApp-Image-2025-05-20-at-17.37.57-2-1152x1536.jpeg 1152w, https:\/\/serveiseducatius.xtec.cat\/cda-vallsdaneu\/wp-content\/uploads\/usu1375\/2026\/04\/WhatsApp-Image-2025-05-20-at-17.37.57-2.jpeg 1500w\" sizes=\"auto, (max-width: 768px) 100vw, 768px\" \/><\/a><\/figure>\n\n\n\n<figure class=\"wp-block-image size-large\"><a href=\"https:\/\/serveiseducatius.xtec.cat\/cda-vallsdaneu\/wp-content\/uploads\/usu1375\/2026\/04\/WhatsApp-Image-2025-05-21-at-12.17.52-1.jpeg\"><img loading=\"lazy\" decoding=\"async\" width=\"768\" height=\"1024\" data-id=\"12667\" src=\"https:\/\/serveiseducatius.xtec.cat\/cda-vallsdaneu\/wp-content\/uploads\/usu1375\/2026\/04\/WhatsApp-Image-2025-05-21-at-12.17.52-1-768x1024.jpeg\" alt=\"\" class=\"wp-image-12667\" srcset=\"https:\/\/serveiseducatius.xtec.cat\/cda-vallsdaneu\/wp-content\/uploads\/usu1375\/2026\/04\/WhatsApp-Image-2025-05-21-at-12.17.52-1-768x1024.jpeg 768w, https:\/\/serveiseducatius.xtec.cat\/cda-vallsdaneu\/wp-content\/uploads\/usu1375\/2026\/04\/WhatsApp-Image-2025-05-21-at-12.17.52-1-225x300.jpeg 225w, https:\/\/serveiseducatius.xtec.cat\/cda-vallsdaneu\/wp-content\/uploads\/usu1375\/2026\/04\/WhatsApp-Image-2025-05-21-at-12.17.52-1-1152x1536.jpeg 1152w, https:\/\/serveiseducatius.xtec.cat\/cda-vallsdaneu\/wp-content\/uploads\/usu1375\/2026\/04\/WhatsApp-Image-2025-05-21-at-12.17.52-1.jpeg 1200w\" sizes=\"auto, (max-width: 768px) 100vw, 768px\" \/><\/a><\/figure>\n<\/figure>\n\n\n\n<p>Aquesta \u00e9s una activitat de mat\u00ed pensada especialment per a Educaci\u00f3 Infantil. Es duu a terme a l\u2019entorn proper del CdA (Esterri d\u2019\u00c0neu) i ofereix diverses propostes a escollir per descobrir els canvis de la primavera a trav\u00e9s del joc, la imaginaci\u00f3 i l\u2019exploraci\u00f3 directa de la natura. Les activitats combinen ci\u00e8ncia i fantasia per afavorir un aprenentatge vivencial i significatiu.<\/p>\n\n\n\n<p>Les opcions d\u2019activitat s\u00f3n les seg\u00fcents:<\/p>\n\n\n\n<p><strong>Els Guardians de la Primavera<\/strong><br>A partir del conte de la marmota Carlota i un missatge dels \u201cGuardians de la Primavera\u201d, els infants inicien una aventura pel bosc amb un carnet que hauran d\u2019anar completant. Al llarg d\u2019un recorregut interpretatiu, es troben amb diferents \u00e9ssers m\u00e0gics (l\u2019Esperit dels P\u00e8tals, el Gegant dels Arbres, l\u2019Elfa dels Sons i el Follet del Sol) que els proposen reptes i descobertes: observar flors i insectes, identificar brots nous, escoltar els sons de la natura o experimentar amb el sol i les ombres. <\/p>\n\n\n\n<p><strong>Els ve\u00efns d\u2019Esterri d\u2019\u00c0neu<\/strong><br>A trav\u00e9s d\u2019una gimcana guiada pels personatges del Martell i el Trepant (dos picots), els infants descobreixen la fauna que habita a l\u2019entorn del poble. Seguint pistes i un mapa, els alumnes identifiquen diferents esp\u00e8cies (esquirols, mallerengues, teixons, cabirols, truites, ll\u00fadrigues&#8230;) i els seus rastres. A mesura que avancen, aconsegueixen peces d\u2019un trencaclosques que els permetr\u00e0 resoldre l\u2019enigma final: descobrir els diferents picots que viuen al Pirineu. L\u2019activitat combina orientaci\u00f3, observaci\u00f3 i coneixement del medi natural.<\/p>\n\n\n\n<p><strong>Missi\u00f3: salvar el Jard\u00ed M\u00e0gic<\/strong><br>A partir del conte del Follet Oblidad\u00eds, els infants hauran d\u2019ajudar-lo a recuperar unes llavors m\u00e0giques perdudes. Mitjan\u00e7ant una gimcana, busquen pistes a la natura (flors, fulles, arbres&#8230;) i van superant petites proves relacionades amb la flora primaveral. Durant el recorregut, observen plantes, descobreixen per qu\u00e8 tenen colors o punxes i entenen qu\u00e8 necessiten per cr\u00e9ixer. L\u2019activitat es pot complementar amb un taller creatiu on construeixen un \u201cJard\u00ed M\u00e0gic\u201d amb materials naturals.<\/p>\n\n\n\n<p>Durant totes les activitats es treballa:<\/p>\n\n\n\n<ul class=\"wp-block-list\">\n<li>Observaci\u00f3 de l\u2019entorn natural<\/li>\n\n\n\n<li>Identificaci\u00f3 dels canvis estacionals<\/li>\n\n\n\n<li>Coneixement de la flora i la fauna de la primavera<\/li>\n\n\n\n<li>Experimentaci\u00f3 sensorial<\/li>\n\n\n\n<li>Expressi\u00f3 art\u00edstica i creativa<\/li>\n\n\n\n<li>Treball cooperatiu<\/li>\n<\/ul>\n\n\n\n<p><strong>Observacions:<\/strong>\u00a0Les activitats es realitzen en grups redu\u00efts i poden adaptar-se segons el nombre d\u2019alumnes i les condicions meteorol\u00f2giques.<br><strong>Recomanacions:<\/strong>\u00a0Portar roba i cal\u00e7at c\u00f2mode i adequat a l\u2019\u00e8poca de l\u2019any.<br><strong>Material necessari:<\/strong>\u00a0No cal material espec\u00edfic.<br><strong>Durada:\u00a0<\/strong>Mat\u00ed (9:00h a 12:00h aproximadament), amb possibilitat d\u2019adaptar-se a activitat de dia.<br><strong>Cursos:<\/strong>\u00a0Educaci\u00f3 Infantil<\/p>\n\n\n\n<p><\/p>\n","protected":false},"excerpt":{"rendered":"<p>Aquesta \u00e9s una activitat de mat\u00ed pensada especialment per a Educaci\u00f3 Infantil. Es duu a terme a l\u2019entorn proper del [&hellip;]<\/p>\n","protected":false},"author":1,"featured_media":0,"parent":8395,"menu_order":9,"comment_status":"closed","ping_status":"closed","template":"","meta":{"_bbp_topic_count":0,"_bbp_reply_count":0,"_bbp_total_topic_count":0,"_bbp_total_reply_count":0,"_bbp_voice_count":0,"_bbp_anonymous_reply_count":0,"_bbp_topic_count_hidden":0,"_bbp_reply_count_hidden":0,"_bbp_forum_subforum_count":0,"site-sidebar-layout":"default","site-content-layout":"","ast-site-content-layout":"default","site-content-style":"default","site-sidebar-style":"default","ast-global-header-display":"","ast-banner-title-visibility":"","ast-main-header-display":"","ast-hfb-above-header-display":"","ast-hfb-below-header-display":"","ast-hfb-mobile-header-display":"","site-post-title":"","ast-breadcrumbs-content":"","ast-featured-img":"","footer-sml-layout":"","theme-transparent-header-meta":"","adv-header-id-meta":"","stick-header-meta":"","header-above-stick-meta":"","header-main-stick-meta":"","header-below-stick-meta":"","astra-migrate-meta-layouts":"set","ast-page-background-enabled":"default","ast-page-background-meta":{"desktop":{"background-color":"var(--ast-global-color-4)","background-image":"","background-repeat":"repeat","background-position":"center center","background-size":"auto","background-attachment":"scroll","background-type":"","background-media":"","overlay-type":"","overlay-color":"","overlay-opacity":"","overlay-gradient":""},"tablet":{"background-color":"","background-image":"","background-repeat":"repeat","background-position":"center center","background-size":"auto","background-attachment":"scroll","background-type":"","background-media":"","overlay-type":"","overlay-color":"","overlay-opacity":"","overlay-gradient":""},"mobile":{"background-color":"","background-image":"","background-repeat":"repeat","background-position":"center center","background-size":"auto","background-attachment":"scroll","background-type":"","background-media":"","overlay-type":"","overlay-color":"","overlay-opacity":"","overlay-gradient":""}},"ast-content-background-meta":{"desktop":{"background-color":"var(--ast-global-color-5)","background-image":"","background-repeat":"repeat","background-position":"center center","background-size":"auto","background-attachment":"scroll","background-type":"","background-media":"","overlay-type":"","overlay-color":"","overlay-opacity":"","overlay-gradient":""},"tablet":{"background-color":"var(--ast-global-color-5)","background-image":"","background-repeat":"repeat","background-position":"center center","background-size":"auto","background-attachment":"scroll","background-type":"","background-media":"","overlay-type":"","overlay-color":"","overlay-opacity":"","overlay-gradient":""},"mobile":{"background-color":"var(--ast-global-color-5)","background-image":"","background-repeat":"repeat","background-position":"center center","background-size":"auto","background-attachment":"scroll","background-type":"","background-media":"","overlay-type":"","overlay-color":"","overlay-opacity":"","overlay-gradient":""}},"footnotes":""},"class_list":["post-12662","page","type-page","status-publish","hentry"],"post_mailing_queue_ids":[],"_links":{"self":[{"href":"https:\/\/serveiseducatius.xtec.cat\/cda-vallsdaneu\/wp-json\/wp\/v2\/pages\/12662","targetHints":{"allow":["GET"]}}],"collection":[{"href":"https:\/\/serveiseducatius.xtec.cat\/cda-vallsdaneu\/wp-json\/wp\/v2\/pages"}],"about":[{"href":"https:\/\/serveiseducatius.xtec.cat\/cda-vallsdaneu\/wp-json\/wp\/v2\/types\/page"}],"author":[{"embeddable":true,"href":"https:\/\/serveiseducatius.xtec.cat\/cda-vallsdaneu\/wp-json\/wp\/v2\/users\/1"}],"replies":[{"embeddable":true,"href":"https:\/\/serveiseducatius.xtec.cat\/cda-vallsdaneu\/wp-json\/wp\/v2\/comments?post=12662"}],"version-history":[{"count":1,"href":"https:\/\/serveiseducatius.xtec.cat\/cda-vallsdaneu\/wp-json\/wp\/v2\/pages\/12662\/revisions"}],"predecessor-version":[{"id":12669,"href":"https:\/\/serveiseducatius.xtec.cat\/cda-vallsdaneu\/wp-json\/wp\/v2\/pages\/12662\/revisions\/12669"}],"up":[{"embeddable":true,"href":"https:\/\/serveiseducatius.xtec.cat\/cda-vallsdaneu\/wp-json\/wp\/v2\/pages\/8395"}],"wp:attachment":[{"href":"https:\/\/serveiseducatius.xtec.cat\/cda-vallsdaneu\/wp-json\/wp\/v2\/media?parent=12662"}],"curies":[{"name":"wp","href":"https:\/\/api.w.org\/{rel}","templated":true}]}}