{"id":12652,"date":"2026-04-21T11:47:13","date_gmt":"2026-04-21T09:47:13","guid":{"rendered":"https:\/\/serveiseducatius.xtec.cat\/cda-vallsdaneu\/?page_id=12652"},"modified":"2026-04-21T13:24:30","modified_gmt":"2026-04-21T11:24:30","slug":"descobrim-la-tardor","status":"publish","type":"page","link":"https:\/\/serveiseducatius.xtec.cat\/cda-vallsdaneu\/ambits\/ambit-natural\/descobrim-la-tardor\/","title":{"rendered":"Descobrim la tardor"},"content":{"rendered":"\n<figure class=\"wp-block-gallery has-nested-images columns-default is-cropped wp-block-gallery-1 is-layout-flex wp-block-gallery-is-layout-flex\">\n<figure class=\"wp-block-image size-large\"><a href=\"https:\/\/serveiseducatius.xtec.cat\/cda-vallsdaneu\/wp-content\/uploads\/usu1375\/2026\/04\/WhatsApp-Image-2025-10-13-at-12.46.51-2.jpeg\"><img loading=\"lazy\" decoding=\"async\" width=\"1024\" height=\"768\" data-id=\"12653\" src=\"https:\/\/serveiseducatius.xtec.cat\/cda-vallsdaneu\/wp-content\/uploads\/usu1375\/2026\/04\/WhatsApp-Image-2025-10-13-at-12.46.51-2-1024x768.jpeg\" alt=\"\" class=\"wp-image-12653\" srcset=\"https:\/\/serveiseducatius.xtec.cat\/cda-vallsdaneu\/wp-content\/uploads\/usu1375\/2026\/04\/WhatsApp-Image-2025-10-13-at-12.46.51-2-1024x768.jpeg 1024w, https:\/\/serveiseducatius.xtec.cat\/cda-vallsdaneu\/wp-content\/uploads\/usu1375\/2026\/04\/WhatsApp-Image-2025-10-13-at-12.46.51-2-300x225.jpeg 300w, https:\/\/serveiseducatius.xtec.cat\/cda-vallsdaneu\/wp-content\/uploads\/usu1375\/2026\/04\/WhatsApp-Image-2025-10-13-at-12.46.51-2-768x576.jpeg 768w, https:\/\/serveiseducatius.xtec.cat\/cda-vallsdaneu\/wp-content\/uploads\/usu1375\/2026\/04\/WhatsApp-Image-2025-10-13-at-12.46.51-2-1536x1152.jpeg 1536w, https:\/\/serveiseducatius.xtec.cat\/cda-vallsdaneu\/wp-content\/uploads\/usu1375\/2026\/04\/WhatsApp-Image-2025-10-13-at-12.46.51-2.jpeg 2000w\" sizes=\"auto, (max-width: 1024px) 100vw, 1024px\" \/><\/a><\/figure>\n\n\n\n<figure class=\"wp-block-image size-large\"><a href=\"https:\/\/serveiseducatius.xtec.cat\/cda-vallsdaneu\/wp-content\/uploads\/usu1375\/2026\/04\/WhatsApp-Image-2024-10-22-at-12.49.56.jpeg\"><img loading=\"lazy\" decoding=\"async\" width=\"1024\" height=\"768\" data-id=\"12654\" src=\"https:\/\/serveiseducatius.xtec.cat\/cda-vallsdaneu\/wp-content\/uploads\/usu1375\/2026\/04\/WhatsApp-Image-2024-10-22-at-12.49.56-1024x768.jpeg\" alt=\"\" class=\"wp-image-12654\" srcset=\"https:\/\/serveiseducatius.xtec.cat\/cda-vallsdaneu\/wp-content\/uploads\/usu1375\/2026\/04\/WhatsApp-Image-2024-10-22-at-12.49.56-1024x768.jpeg 1024w, https:\/\/serveiseducatius.xtec.cat\/cda-vallsdaneu\/wp-content\/uploads\/usu1375\/2026\/04\/WhatsApp-Image-2024-10-22-at-12.49.56-300x225.jpeg 300w, https:\/\/serveiseducatius.xtec.cat\/cda-vallsdaneu\/wp-content\/uploads\/usu1375\/2026\/04\/WhatsApp-Image-2024-10-22-at-12.49.56-768x576.jpeg 768w, https:\/\/serveiseducatius.xtec.cat\/cda-vallsdaneu\/wp-content\/uploads\/usu1375\/2026\/04\/WhatsApp-Image-2024-10-22-at-12.49.56-1536x1152.jpeg 1536w, https:\/\/serveiseducatius.xtec.cat\/cda-vallsdaneu\/wp-content\/uploads\/usu1375\/2026\/04\/WhatsApp-Image-2024-10-22-at-12.49.56.jpeg 1600w\" sizes=\"auto, (max-width: 1024px) 100vw, 1024px\" \/><\/a><\/figure>\n<\/figure>\n\n\n\n<p><\/p>\n\n\n\n<p>Aquesta \u00e9s una activitat de mat\u00ed pensada especialment per a Educaci\u00f3 Infantil. Es duu a terme a l\u2019entorn proper del CdA (Esterri d\u2019\u00c0neu) i ofereix tres propostes diferents a escollir, totes elles centrades en el treball de la tardor des de perspectives diverses i vivencials. Les activitats combinen observaci\u00f3 directa, joc i experimentaci\u00f3 per afavorir un aprenentatge significatiu.<\/p>\n\n\n\n<p>Les tres opcions d\u2019activitat s\u00f3n les seg\u00fcents:<\/p>\n\n\n\n<p><strong>La tardor i els sentits:<\/strong><br>A partir del conte del \u201cMag de la tardor\u201d introdu\u00efm els infants en aquesta estaci\u00f3 treballant els cinc sentits. Durant un petit recorregut pels voltants del CdA, els alumnes observen els colors de la tardor, escolten sons de la natura, oloren diferents elements (fulles, fruits&#8230;), manipulen materials naturals (pinyes, aglans, fulles seques&#8230;) i experimenten amb el gust a trav\u00e9s d\u2019un petit tast d\u2019aliments de temporada. L\u2019activitat es complementa amb jocs sensorials com el \u201ctoca-toca\u201d.<\/p>\n\n\n\n<p><strong>Els animals i la tardor:<\/strong><br>A trav\u00e9s del conte \u201cLa colla (quatre i esquirol)\u201d introdu\u00efm com els animals es preparen per a l\u2019hivern. Durant el recorregut, els infants descobreixen diferents esp\u00e8cies (esquirol, gaig, ermini, guineu, talp&#8230;) i les seves estrat\u00e8gies d\u2019adaptaci\u00f3 a la tardor (canvi de pelatge, acumulaci\u00f3 d\u2019aliments, camuflatge&#8230;). Tamb\u00e9 es realitza una petita recol\u00b7lecta de fruits de tardor que posteriorment s\u2019utilitzen per construir \u201cel pot de l\u2019esquirol\u201d.<\/p>\n\n\n\n<p><strong>Observem i recol\u00b7lectem la tardor:<\/strong><br>A partir del conte \u201cPer qu\u00e8 hi ha arbres que conserven les fulles a l\u2019hivern?\u201d introdu\u00efm els infants en la diversitat d\u2019arbres i els seus canvis durant la tardor. L\u2019activitat se centra en l\u2019observaci\u00f3 directa de l\u2019entorn i la recol\u00b7lecta de fruits i elements caracter\u00edstics (aglans, pinyes, fulles, fruits del bosc&#8230;). Es fomenta la curiositat, l\u2019exploraci\u00f3 i la classificaci\u00f3 dels materials recollits, aix\u00ed com la identificaci\u00f3 d\u2019arbres de fulla caduca i perenne. Aquesta proposta permet als infants endur-se una petita mostra per continuar el treball a l\u2019aula.<\/p>\n\n\n\n<p>Durant totes les activitats es treballa:<\/p>\n\n\n\n<ul class=\"wp-block-list\">\n<li>Observaci\u00f3 de l\u2019entorn natural<\/li>\n\n\n\n<li>Identificaci\u00f3 de canvis estacionals<\/li>\n\n\n\n<li>Coneixement de la fauna i flora de la tardor<\/li>\n\n\n\n<li>Experimentaci\u00f3 sensorial<\/li>\n\n\n\n<li>Treball cooperatiu<\/li>\n<\/ul>\n\n\n\n<p><strong>Observacions:<\/strong> Les activitats es realitzen en grups redu\u00efts i poden adaptar-se segons el nombre d\u2019alumnes i les condicions meteorol\u00f2giques.<br><strong>Recomanacions:<\/strong> Portar roba i cal\u00e7at c\u00f2mode i adequat a l\u2019\u00e8poca de l\u2019any.<br><strong>Material necessari:<\/strong> No cal material espec\u00edfic.<br><strong>Durada: <\/strong>Mat\u00ed (9:00h a 12:00h aproximadament), amb possibilitat d\u2019adaptar-se a activitat de dia.<br><strong>Cursos:<\/strong> Educaci\u00f3 Infantil<\/p>\n\n\n\n<p><\/p>\n","protected":false},"excerpt":{"rendered":"<p>Aquesta \u00e9s una activitat de mat\u00ed pensada especialment per a Educaci\u00f3 Infantil. Es duu a terme a l\u2019entorn proper del [&hellip;]<\/p>\n","protected":false},"author":1,"featured_media":0,"parent":8395,"menu_order":8,"comment_status":"closed","ping_status":"closed","template":"","meta":{"_bbp_topic_count":0,"_bbp_reply_count":0,"_bbp_total_topic_count":0,"_bbp_total_reply_count":0,"_bbp_voice_count":0,"_bbp_anonymous_reply_count":0,"_bbp_topic_count_hidden":0,"_bbp_reply_count_hidden":0,"_bbp_forum_subforum_count":0,"site-sidebar-layout":"default","site-content-layout":"","ast-site-content-layout":"default","site-content-style":"default","site-sidebar-style":"default","ast-global-header-display":"","ast-banner-title-visibility":"","ast-main-header-display":"","ast-hfb-above-header-display":"","ast-hfb-below-header-display":"","ast-hfb-mobile-header-display":"","site-post-title":"","ast-breadcrumbs-content":"","ast-featured-img":"","footer-sml-layout":"","theme-transparent-header-meta":"","adv-header-id-meta":"","stick-header-meta":"","header-above-stick-meta":"","header-main-stick-meta":"","header-below-stick-meta":"","astra-migrate-meta-layouts":"set","ast-page-background-enabled":"default","ast-page-background-meta":{"desktop":{"background-color":"var(--ast-global-color-4)","background-image":"","background-repeat":"repeat","background-position":"center center","background-size":"auto","background-attachment":"scroll","background-type":"","background-media":"","overlay-type":"","overlay-color":"","overlay-opacity":"","overlay-gradient":""},"tablet":{"background-color":"","background-image":"","background-repeat":"repeat","background-position":"center center","background-size":"auto","background-attachment":"scroll","background-type":"","background-media":"","overlay-type":"","overlay-color":"","overlay-opacity":"","overlay-gradient":""},"mobile":{"background-color":"","background-image":"","background-repeat":"repeat","background-position":"center center","background-size":"auto","background-attachment":"scroll","background-type":"","background-media":"","overlay-type":"","overlay-color":"","overlay-opacity":"","overlay-gradient":""}},"ast-content-background-meta":{"desktop":{"background-color":"var(--ast-global-color-5)","background-image":"","background-repeat":"repeat","background-position":"center center","background-size":"auto","background-attachment":"scroll","background-type":"","background-media":"","overlay-type":"","overlay-color":"","overlay-opacity":"","overlay-gradient":""},"tablet":{"background-color":"var(--ast-global-color-5)","background-image":"","background-repeat":"repeat","background-position":"center center","background-size":"auto","background-attachment":"scroll","background-type":"","background-media":"","overlay-type":"","overlay-color":"","overlay-opacity":"","overlay-gradient":""},"mobile":{"background-color":"var(--ast-global-color-5)","background-image":"","background-repeat":"repeat","background-position":"center center","background-size":"auto","background-attachment":"scroll","background-type":"","background-media":"","overlay-type":"","overlay-color":"","overlay-opacity":"","overlay-gradient":""}},"footnotes":""},"class_list":["post-12652","page","type-page","status-publish","hentry"],"post_mailing_queue_ids":[],"_links":{"self":[{"href":"https:\/\/serveiseducatius.xtec.cat\/cda-vallsdaneu\/wp-json\/wp\/v2\/pages\/12652","targetHints":{"allow":["GET"]}}],"collection":[{"href":"https:\/\/serveiseducatius.xtec.cat\/cda-vallsdaneu\/wp-json\/wp\/v2\/pages"}],"about":[{"href":"https:\/\/serveiseducatius.xtec.cat\/cda-vallsdaneu\/wp-json\/wp\/v2\/types\/page"}],"author":[{"embeddable":true,"href":"https:\/\/serveiseducatius.xtec.cat\/cda-vallsdaneu\/wp-json\/wp\/v2\/users\/1"}],"replies":[{"embeddable":true,"href":"https:\/\/serveiseducatius.xtec.cat\/cda-vallsdaneu\/wp-json\/wp\/v2\/comments?post=12652"}],"version-history":[{"count":6,"href":"https:\/\/serveiseducatius.xtec.cat\/cda-vallsdaneu\/wp-json\/wp\/v2\/pages\/12652\/revisions"}],"predecessor-version":[{"id":12674,"href":"https:\/\/serveiseducatius.xtec.cat\/cda-vallsdaneu\/wp-json\/wp\/v2\/pages\/12652\/revisions\/12674"}],"up":[{"embeddable":true,"href":"https:\/\/serveiseducatius.xtec.cat\/cda-vallsdaneu\/wp-json\/wp\/v2\/pages\/8395"}],"wp:attachment":[{"href":"https:\/\/serveiseducatius.xtec.cat\/cda-vallsdaneu\/wp-json\/wp\/v2\/media?parent=12652"}],"curies":[{"name":"wp","href":"https:\/\/api.w.org\/{rel}","templated":true}]}}