{"id":8383,"date":"2016-07-05T16:53:47","date_gmt":"2016-07-05T15:53:47","guid":{"rendered":"http:\/\/serveiseducatius.xtec.cat\/cda-valldeboi\/?page_id=8383"},"modified":"2025-03-17T14:25:54","modified_gmt":"2025-03-17T13:25:54","slug":"qui-som","status":"publish","type":"page","link":"https:\/\/serveiseducatius.xtec.cat\/cda-valldeboi\/el-camp\/qui-som\/","title":{"rendered":"Qui som"},"content":{"rendered":"\n<div class=\"entry\">\n<p style=\"text-align: justify;\">Actualment al camp d&#8217;aprenentatge hi treballem quatre docents: en C\u00e9sar Colomer, l&#8217;Elvira P\u00e9rez, la Nat\u00e1lia Ga\u00f1\u00e1n i la Laia Roset. En C\u00e9sar \u00e9s enginyer de forests i la Laia, l&#8217;Elvira i la Nat\u00e1lia llicenciades en ci\u00e8ncies ambientals. Ens fem c\u00e0rrec de les activitats que organitzem per als grups que ens visiten i tamb\u00e9 de la gesti\u00f3 del centre.<\/p>\n<p style=\"text-align: justify;\">Entenem que l\u2019objectiu final del centre \u00e9s el coneixement del medi natural, social i hist\u00f2ric de la Vall de Bo\u00ed, tot familiaritzant l\u2019alumnat en l\u2019\u00e0mbit de la investigaci\u00f3 cient\u00edfica. Per\u00f2 tamb\u00e9 treballem per crear noves maneres de fer escola en un entorn natural com \u00e9s el nostre. Ens esforcem per despertar en l\u2019alumnat noves formes de treballar, per assolir la m\u00e0xima participaci\u00f3 de l\u2019alumnat en el proc\u00e9s d\u2019aprenentatge i per a preparar-lo pels estudis posteriors i per al m\u00f3n laboral. Tot aix\u00f2, amb un intercanvi constant de coneixements entre els professionals del centre i el professorat i alumnat que fa les estades, sense els quals la millora constant no seria possible.<\/p>\n<figure><a href=\"https:\/\/serveiseducatius.xtec.cat\/cda-valldeboi\/wp-content\/uploads\/usu1369\/2019\/11\/Dp5jo0KX4AMmu8R.jpg\"><img loading=\"lazy\" decoding=\"async\" class=\"wp-image-9301 alignleft\" src=\"https:\/\/serveiseducatius.xtec.cat\/cda-valldeboi\/wp-content\/uploads\/usu1369\/2019\/11\/Dp5jo0KX4AMmu8R.jpg\" alt=\"\" width=\"379\" height=\"284\" srcset=\"https:\/\/serveiseducatius.xtec.cat\/cda-valldeboi\/wp-content\/uploads\/usu1369\/2019\/11\/Dp5jo0KX4AMmu8R.jpg 360w, https:\/\/serveiseducatius.xtec.cat\/cda-valldeboi\/wp-content\/uploads\/usu1369\/2019\/11\/Dp5jo0KX4AMmu8R-300x225.jpg 300w, https:\/\/serveiseducatius.xtec.cat\/cda-valldeboi\/wp-content\/uploads\/usu1369\/2019\/11\/Dp5jo0KX4AMmu8R-200x150.jpg 200w\" sizes=\"auto, (max-width: 379px) 100vw, 379px\" \/><\/a> <a href=\"https:\/\/serveiseducatius.xtec.cat\/cda-valldeboi\/wp-content\/uploads\/usu1369\/2019\/11\/D1H8eoiXgAAXQgu.jpg\"><img loading=\"lazy\" decoding=\"async\" class=\"wp-image-9302 alignleft\" src=\"https:\/\/serveiseducatius.xtec.cat\/cda-valldeboi\/wp-content\/uploads\/usu1369\/2019\/11\/D1H8eoiXgAAXQgu.jpg\" alt=\"\" width=\"378\" height=\"284\" srcset=\"https:\/\/serveiseducatius.xtec.cat\/cda-valldeboi\/wp-content\/uploads\/usu1369\/2019\/11\/D1H8eoiXgAAXQgu.jpg 360w, https:\/\/serveiseducatius.xtec.cat\/cda-valldeboi\/wp-content\/uploads\/usu1369\/2019\/11\/D1H8eoiXgAAXQgu-300x225.jpg 300w, https:\/\/serveiseducatius.xtec.cat\/cda-valldeboi\/wp-content\/uploads\/usu1369\/2019\/11\/D1H8eoiXgAAXQgu-200x150.jpg 200w\" sizes=\"auto, (max-width: 378px) 100vw, 378px\" \/><\/a> <a href=\"https:\/\/serveiseducatius.xtec.cat\/cda-valldeboi\/wp-content\/uploads\/usu1369\/2020\/11\/IMG-20201123-WA0010.jpg\"><img loading=\"lazy\" decoding=\"async\" class=\"wp-image-9597 alignleft\" src=\"https:\/\/serveiseducatius.xtec.cat\/cda-valldeboi\/wp-content\/uploads\/usu1369\/2020\/11\/IMG-20201123-WA0010-768x1024.jpg\" alt=\"\" width=\"212\" height=\"283\" srcset=\"https:\/\/serveiseducatius.xtec.cat\/cda-valldeboi\/wp-content\/uploads\/usu1369\/2020\/11\/IMG-20201123-WA0010-768x1024.jpg 768w, https:\/\/serveiseducatius.xtec.cat\/cda-valldeboi\/wp-content\/uploads\/usu1369\/2020\/11\/IMG-20201123-WA0010-225x300.jpg 225w, https:\/\/serveiseducatius.xtec.cat\/cda-valldeboi\/wp-content\/uploads\/usu1369\/2020\/11\/IMG-20201123-WA0010.jpg 1200w\" sizes=\"auto, (max-width: 212px) 100vw, 212px\" \/><\/a><\/figure>\n<p>\u00a0<\/p>\n<\/div>\n","protected":false},"excerpt":{"rendered":"<p>Actualment al camp d&#8217;aprenentatge hi treballem quatre docents: en C\u00e9sar Colomer, l&#8217;Elvira P\u00e9rez, la Nat\u00e1lia Ga\u00f1\u00e1n i la Laia Roset. [&hellip;]<\/p>\n","protected":false},"author":1,"featured_media":0,"parent":8225,"menu_order":20,"comment_status":"closed","ping_status":"closed","template":"","meta":{"site-sidebar-layout":"default","site-content-layout":"","ast-site-content-layout":"default","site-content-style":"default","site-sidebar-style":"default","ast-global-header-display":"","ast-banner-title-visibility":"","ast-main-header-display":"","ast-hfb-above-header-display":"","ast-hfb-below-header-display":"","ast-hfb-mobile-header-display":"","site-post-title":"","ast-breadcrumbs-content":"","ast-featured-img":"","footer-sml-layout":"","theme-transparent-header-meta":"","adv-header-id-meta":"","stick-header-meta":"","header-above-stick-meta":"","header-main-stick-meta":"","header-below-stick-meta":"","astra-migrate-meta-layouts":"set","ast-page-background-enabled":"default","ast-page-background-meta":{"desktop":{"background-color":"var(--ast-global-color-4)","background-image":"","background-repeat":"repeat","background-position":"center center","background-size":"auto","background-attachment":"scroll","background-type":"","background-media":"","overlay-type":"","overlay-color":"","overlay-opacity":"","overlay-gradient":""},"tablet":{"background-color":"","background-image":"","background-repeat":"repeat","background-position":"center center","background-size":"auto","background-attachment":"scroll","background-type":"","background-media":"","overlay-type":"","overlay-color":"","overlay-opacity":"","overlay-gradient":""},"mobile":{"background-color":"","background-image":"","background-repeat":"repeat","background-position":"center center","background-size":"auto","background-attachment":"scroll","background-type":"","background-media":"","overlay-type":"","overlay-color":"","overlay-opacity":"","overlay-gradient":""}},"ast-content-background-meta":{"desktop":{"background-color":"var(--ast-global-color-5)","background-image":"","background-repeat":"repeat","background-position":"center center","background-size":"auto","background-attachment":"scroll","background-type":"","background-media":"","overlay-type":"","overlay-color":"","overlay-opacity":"","overlay-gradient":""},"tablet":{"background-color":"var(--ast-global-color-5)","background-image":"","background-repeat":"repeat","background-position":"center center","background-size":"auto","background-attachment":"scroll","background-type":"","background-media":"","overlay-type":"","overlay-color":"","overlay-opacity":"","overlay-gradient":""},"mobile":{"background-color":"var(--ast-global-color-5)","background-image":"","background-repeat":"repeat","background-position":"center center","background-size":"auto","background-attachment":"scroll","background-type":"","background-media":"","overlay-type":"","overlay-color":"","overlay-opacity":"","overlay-gradient":""}},"footnotes":""},"class_list":["post-8383","page","type-page","status-publish","hentry"],"post_mailing_queue_ids":[],"_links":{"self":[{"href":"https:\/\/serveiseducatius.xtec.cat\/cda-valldeboi\/wp-json\/wp\/v2\/pages\/8383","targetHints":{"allow":["GET"]}}],"collection":[{"href":"https:\/\/serveiseducatius.xtec.cat\/cda-valldeboi\/wp-json\/wp\/v2\/pages"}],"about":[{"href":"https:\/\/serveiseducatius.xtec.cat\/cda-valldeboi\/wp-json\/wp\/v2\/types\/page"}],"author":[{"embeddable":true,"href":"https:\/\/serveiseducatius.xtec.cat\/cda-valldeboi\/wp-json\/wp\/v2\/users\/1"}],"replies":[{"embeddable":true,"href":"https:\/\/serveiseducatius.xtec.cat\/cda-valldeboi\/wp-json\/wp\/v2\/comments?post=8383"}],"version-history":[{"count":6,"href":"https:\/\/serveiseducatius.xtec.cat\/cda-valldeboi\/wp-json\/wp\/v2\/pages\/8383\/revisions"}],"predecessor-version":[{"id":10240,"href":"https:\/\/serveiseducatius.xtec.cat\/cda-valldeboi\/wp-json\/wp\/v2\/pages\/8383\/revisions\/10240"}],"up":[{"embeddable":true,"href":"https:\/\/serveiseducatius.xtec.cat\/cda-valldeboi\/wp-json\/wp\/v2\/pages\/8225"}],"wp:attachment":[{"href":"https:\/\/serveiseducatius.xtec.cat\/cda-valldeboi\/wp-json\/wp\/v2\/media?parent=8383"}],"curies":[{"name":"wp","href":"https:\/\/api.w.org\/{rel}","templated":true}]}}