{"id":8272,"date":"2016-06-20T17:56:05","date_gmt":"2016-06-20T16:56:05","guid":{"rendered":"http:\/\/serveiseducatius.xtec.cat\/cda-valldeboi\/?page_id=8272"},"modified":"2025-12-12T12:52:53","modified_gmt":"2025-12-12T11:52:53","slug":"preparacio-de-estada","status":"publish","type":"page","link":"https:\/\/serveiseducatius.xtec.cat\/cda-valldeboi\/preparacio-de-estada\/","title":{"rendered":"Amb els centres"},"content":{"rendered":"\n<p>Aquesta taula mostra tota la seq\u00fc\u00e8ncia d&#8217;una estada al CdA, des del moment de la inscripci\u00f3 fins al treball posterior:<\/p>\n\n\n\n<figure class=\"wp-block-table\"><table class=\"has-ast-global-color-1-background-color has-background\"><tbody><tr><td class=\"has-text-align-center\" data-align=\"center\" rowspan=\"2\"><br><span style=\"color: #ffffff;\"><strong><a href=\"https:\/\/serveiseducatius.xtec.cat\/cda-valldeboi\/preparacio-de-estada\/inscripcio\/\">INSCRIPCI\u00d3<\/a><\/strong><\/span><br><\/td><td class=\"has-text-align-center\" data-align=\"center\" colspan=\"4\"><span style=\"color: #ffffff;\"><strong><a href=\"https:\/\/serveiseducatius.xtec.cat\/cda-valldeboi\/preparacio-de-estada\/preparacio\/\">PREPARACI\u00d3 DE L&#8217;ESTADA<\/a><\/strong><\/span><\/td><td class=\"has-text-align-center\" data-align=\"center\" rowspan=\"2\"><br><br><div style=\"text-align: center;\"><span style=\"color: #ffffff;\"><strong><a href=\"https:\/\/serveiseducatius.xtec.cat\/cda-valldeboi\/preparacio-de-estada\/estada\/\">ESTADA<\/a><\/strong><\/span><\/div><br><\/td><td class=\"has-text-align-center\" data-align=\"center\" colspan=\"2\"><span style=\"color: #ffffff;\"><b><a href=\"https:\/\/serveiseducatius.xtec.cat\/cda-valldeboi\/preparacio-de-estada\/trobada-de-coordinacio\/\">DESPR\u00c9S DE L&#8217;ESTADA<\/a><\/b><\/span><\/td><\/tr><tr><td class=\"has-text-align-center\" data-align=\"center\"><span style=\"color: #ffffff;\"><strong>ALLOTJAMENT I MANUTENCI\u00d3<\/strong><\/span><\/td><td class=\"has-text-align-center\" data-align=\"center\"><span style=\"color: #ffffff;\"><strong>ACTIVITATS I TREBALL PREVI<\/strong><\/span><\/td><td class=\"has-text-align-center\" data-align=\"center\"><span style=\"color: #ffffff;\"><strong>TROBADA DE COORDINACI\u00d3<\/strong><\/span><\/td><td class=\"has-text-align-center\" data-align=\"center\"><span style=\"color: #ffffff;\"><strong>RECOMANACIONS ABANS DE VENIR<\/strong><\/span><\/td><td class=\"has-text-align-center\" data-align=\"center\"><span style=\"color: #ffffff;\"><strong>TREBALL POSTERIOR<\/strong><\/span><\/td><td class=\"has-text-align-center\" data-align=\"center\"><span style=\"color: #ffffff;\"><strong>VALORACI\u00d3 DE L&#8217;ESTADA<\/strong><\/span><\/td><\/tr><\/tbody><\/table><\/figure>\n\n\n\n<p>La relaci\u00f3 dels centres amb el Camp d&#8217;Aprenentatge comen\u00e7a en el moment de la <strong>inscripci\u00f3<\/strong>, normalment a finals del mes de maig. Els centres realitzeu la vostra petici\u00f3 d&#8217;estada i ens expliqueu els motius pels quals heu escollit aquest camp d&#8217;aprenentatge, quines compet\u00e8ncies voldreu treballar i les dates preferents.<\/p>\n\n\n\n<p>Un cop revisades les sol\u00b7licituds i d&#8217;acord als barems establerts,&nbsp;es fan les assignacions i propostes de dates d&#8217;estada. Si els centres accepteu les dates que us hem assignat, comen\u00e7a el proc\u00e9s de <strong>preparaci\u00f3 de l&#8217;estada<\/strong>. Els aspectes m\u00e9s importants a tenir en compte s\u00f3n: tot el referent a allotjament i manutenci\u00f3, les activitats a treballar d&#8217;acord amb les compet\u00e8ncies b\u00e0siques demanades i els treballs previs a realitzar, les dates de la trobada de coordinaci\u00f3, aix\u00ed com algunes recomanacions que us farem que haureu de tindre en compte&nbsp;abans de venir.<\/p>\n\n\n\n<p>Durant <strong>l&#8217;estada<\/strong> durem a terme les activitats. Resulta molt important haver realitzat el treball previ per treure&#8217;n el m\u00e0xim de profit.<\/p>\n\n\n\n<p><strong>Despr\u00e9s de l&#8217;estada<\/strong>, de nou al centre, \u00e9s important realitzar el treball posterior, completant aix\u00ed la seq\u00fc\u00e8ncia did\u00e0ctica.<\/p>\n\n\n\n<p>Tamb\u00e9 us demanem que empleneu l&#8217;enquesta de valoraci\u00f3 de l&#8217;estada. \u00c9s molt important per nosaltres con\u00e8ixer la vostra opini\u00f3 sobre tot el relacionat amb l&#8217;estada i aix\u00ed millorar el nostre servei als centres educatius.<\/p>\n","protected":false},"excerpt":{"rendered":"<p>Aquesta taula mostra tota la seq\u00fc\u00e8ncia d&#8217;una estada al CdA, des del moment de la inscripci\u00f3 fins al treball posterior: [&hellip;]<\/p>\n","protected":false},"author":1,"featured_media":0,"parent":0,"menu_order":0,"comment_status":"closed","ping_status":"closed","template":"","meta":{"site-sidebar-layout":"default","site-content-layout":"","ast-site-content-layout":"default","site-content-style":"default","site-sidebar-style":"default","ast-global-header-display":"","ast-banner-title-visibility":"","ast-main-header-display":"","ast-hfb-above-header-display":"","ast-hfb-below-header-display":"","ast-hfb-mobile-header-display":"","site-post-title":"","ast-breadcrumbs-content":"","ast-featured-img":"","footer-sml-layout":"","theme-transparent-header-meta":"","adv-header-id-meta":"","stick-header-meta":"","header-above-stick-meta":"","header-main-stick-meta":"","header-below-stick-meta":"","astra-migrate-meta-layouts":"set","ast-page-background-enabled":"default","ast-page-background-meta":{"desktop":{"background-color":"var(--ast-global-color-4)","background-image":"","background-repeat":"repeat","background-position":"center center","background-size":"auto","background-attachment":"scroll","background-type":"","background-media":"","overlay-type":"","overlay-color":"","overlay-opacity":"","overlay-gradient":""},"tablet":{"background-color":"","background-image":"","background-repeat":"repeat","background-position":"center center","background-size":"auto","background-attachment":"scroll","background-type":"","background-media":"","overlay-type":"","overlay-color":"","overlay-opacity":"","overlay-gradient":""},"mobile":{"background-color":"","background-image":"","background-repeat":"repeat","background-position":"center center","background-size":"auto","background-attachment":"scroll","background-type":"","background-media":"","overlay-type":"","overlay-color":"","overlay-opacity":"","overlay-gradient":""}},"ast-content-background-meta":{"desktop":{"background-color":"var(--ast-global-color-5)","background-image":"","background-repeat":"repeat","background-position":"center center","background-size":"auto","background-attachment":"scroll","background-type":"","background-media":"","overlay-type":"","overlay-color":"","overlay-opacity":"","overlay-gradient":""},"tablet":{"background-color":"var(--ast-global-color-5)","background-image":"","background-repeat":"repeat","background-position":"center center","background-size":"auto","background-attachment":"scroll","background-type":"","background-media":"","overlay-type":"","overlay-color":"","overlay-opacity":"","overlay-gradient":""},"mobile":{"background-color":"var(--ast-global-color-5)","background-image":"","background-repeat":"repeat","background-position":"center center","background-size":"auto","background-attachment":"scroll","background-type":"","background-media":"","overlay-type":"","overlay-color":"","overlay-opacity":"","overlay-gradient":""}},"footnotes":""},"class_list":["post-8272","page","type-page","status-publish","hentry"],"post_mailing_queue_ids":[],"_links":{"self":[{"href":"https:\/\/serveiseducatius.xtec.cat\/cda-valldeboi\/wp-json\/wp\/v2\/pages\/8272","targetHints":{"allow":["GET"]}}],"collection":[{"href":"https:\/\/serveiseducatius.xtec.cat\/cda-valldeboi\/wp-json\/wp\/v2\/pages"}],"about":[{"href":"https:\/\/serveiseducatius.xtec.cat\/cda-valldeboi\/wp-json\/wp\/v2\/types\/page"}],"author":[{"embeddable":true,"href":"https:\/\/serveiseducatius.xtec.cat\/cda-valldeboi\/wp-json\/wp\/v2\/users\/1"}],"replies":[{"embeddable":true,"href":"https:\/\/serveiseducatius.xtec.cat\/cda-valldeboi\/wp-json\/wp\/v2\/comments?post=8272"}],"version-history":[{"count":6,"href":"https:\/\/serveiseducatius.xtec.cat\/cda-valldeboi\/wp-json\/wp\/v2\/pages\/8272\/revisions"}],"predecessor-version":[{"id":10436,"href":"https:\/\/serveiseducatius.xtec.cat\/cda-valldeboi\/wp-json\/wp\/v2\/pages\/8272\/revisions\/10436"}],"wp:attachment":[{"href":"https:\/\/serveiseducatius.xtec.cat\/cda-valldeboi\/wp-json\/wp\/v2\/media?parent=8272"}],"curies":[{"name":"wp","href":"https:\/\/api.w.org\/{rel}","templated":true}]}}