{"id":8260,"date":"2016-06-20T17:50:46","date_gmt":"2016-06-20T16:50:46","guid":{"rendered":"http:\/\/serveiseducatius.xtec.cat\/cda-valldeboi\/?page_id=8260"},"modified":"2025-03-11T13:54:10","modified_gmt":"2025-03-11T12:54:10","slug":"modalitats","status":"publish","type":"page","link":"https:\/\/serveiseducatius.xtec.cat\/cda-valldeboi\/modalitats\/","title":{"rendered":"Modalitats"},"content":{"rendered":"\n<div class=\"wp-block-getwid-tabs\" data-active-tab=\"0\"><ul class=\"wp-block-getwid-tabs__nav-links\"><\/ul>\n<div class=\"wp-block-getwid-tabs__nav-link\"><span class=\"wp-block-getwid-tabs__title-wrapper\"><a href=\"#\"><span class=\"wp-block-getwid-tabs__title\"><strong>Estades<\/strong><\/span><\/a><\/span><\/div><div class=\"wp-block-getwid-tabs__tab-content-wrapper\"><div class=\"wp-block-getwid-tabs__tab-content\">\n<p>Una estada al Camp d&#8217;Aprenentatge implica pernoctaci\u00f3. Podeu demanar des de 2 dies fins a 5 dies d&#8217;estada. Per omplir el calendari de la vostra estada, podeu triar les activitats que vulgueu de la nostra\u00a0<a href=\"http:\/\/serveiseducatius.xtec.cat\/cda-valldeboi\/ambits\/\" target=\"_blank\" rel=\"noreferrer noopener\">oferta pedag\u00f2gica<\/a>.<\/p>\n<\/div><\/div>\n\n\n\n<div class=\"wp-block-getwid-tabs__nav-link\"><span class=\"wp-block-getwid-tabs__title-wrapper\"><a href=\"#\"><span class=\"wp-block-getwid-tabs__title\"><strong>Sortides<\/strong><\/span><\/a><\/span><\/div><div class=\"wp-block-getwid-tabs__tab-content-wrapper\"><div class=\"wp-block-getwid-tabs__tab-content\">\n<ul class=\"wp-block-list\">\n<li>Les sortides son d\u2019<strong>un dia<\/strong> d&#8217;activitat. Podeu venir a realitzar qualsevol de les nostres activitats un sol dia sempre i quan us pugueu adequar al nostre horari lectiu. Les activitats es realitzen entre les\u00a0<strong>9<\/strong>\u00a0i les<strong>\u00a017\u00a0<\/strong>h aproximadament.<\/li>\n\n\n\n<li>El centre educatiu \u00e9s el responsable del\u00a0despla\u00e7ament\u00a0(anada i tornada) al camp d\u2019aprenentatge.<\/li>\n\n\n\n<li>Podeu triar les\u00a0<strong>activitats<\/strong>\u00a0que podeu fer durant la sortida de la nostra\u00a0<a href=\"http:\/\/serveiseducatius.xtec.cat\/cda-valldeboi\/ambits\/\" target=\"_blank\" rel=\"noreferrer noopener\">oferta pedag\u00f2gica<\/a>.<\/li>\n<\/ul>\n<\/div><\/div>\n\n\n\n<div class=\"wp-block-getwid-tabs__nav-link\"><span class=\"wp-block-getwid-tabs__title-wrapper\"><a href=\"#\"><span class=\"wp-block-getwid-tabs__title\"><strong>Projectes Compartits<\/strong><\/span><\/a><\/span><\/div><div class=\"wp-block-getwid-tabs__tab-content-wrapper\"><div class=\"wp-block-getwid-tabs__tab-content\">\n<p>Els Projectes Compartits s\u00f3n una proposta did\u00e0ctica dels Camps d\u2019Aprenentatge que pretenen aprofundir en el model competencial d\u2019ensenyament-aparenentatge. Es vol incidir en la forma de treballar amb l\u2019alumnat a partir d\u2019un estudi de cas o situaci\u00f3 complexa que els dugui a fer-se preguntes sobre determinats fen\u00f2mens i a trobar respostes, i que treballaran amb el suport del camp d\u2019aprenentatge.<\/p>\n\n\n\n<p>Aquesta forma de treballar pret\u00e9n:<\/p>\n\n\n\n<ul class=\"wp-block-list\">\n<li>Estimular la participaci\u00f3 en el marc d\u2019un proc\u00e9s d\u2019aprenentatge innovador i significatiu.<\/li>\n\n\n\n<li>Afavorir el contrast d\u2019idees i l\u2019autoregulaci\u00f3 d\u2019aprenentatges.<\/li>\n\n\n\n<li>Plantejar-los preguntes clau per a resoldre durant la sortida o estada.<\/li>\n\n\n\n<li>Ajudar-los a construir un model per a interpretar la complexitat de la realitat.<\/li>\n<\/ul>\n\n\n\n<p>Amb aquesta finalitat, els camps d\u2019aprenentatge, mitjan\u00e7ant els projectes compartits, proposen als mestres i professorat que en s\u00f3n usuaris una nova modalitat d\u2019utilitzaci\u00f3 del CdA, i d\u2019organitzaci\u00f3 i coordinaci\u00f3 del treball, que &nbsp;comporta:<\/p>\n\n\n\n<ol class=\"wp-block-list\">\n<li>Que el CdA pugui participar en un projecte engegat pel centre educatiu, o a l\u2019inversa. Cal treballar sota la premissa que l\u2019estada forma part d\u2019una seq\u00fc\u00e8ncia did\u00e0ctica de la programaci\u00f3 anual del centre educatiu, i, per tant cal dotar-la d\u2019uns objectius, continguts i compet\u00e8ncies. Per tant, el treball que es far\u00e0 al CdA ha d\u2019anar totalment vinculat al treball que es far\u00e0 a l\u2019aula.<\/li>\n\n\n\n<li>Aquest treball es dur\u00e0 a terme en tres moments importants que es poden donar simult\u00e0niament: Moment 1 d\u2019inici i programaci\u00f3 conjunta, Moment 2 d\u2019estada a CdA i el Moment 3 d\u2019avaluaci\u00f3 de resultats. Tota aquest treball ha d\u2019anar coordinat entre el centre educatiu i el CdA, i si s\u2019escau, avaluar-lo conjuntament.<\/li>\n\n\n\n<li>Afavorir l\u2019\u00fas d\u2019eines telem\u00e0tiques per a compartir la informaci\u00f3, i preferiblement construir una xarxa \u00a0d\u2019aprenentatge entorn al projecte. De la mateixa manera, seria bo compartir amb altres escoles participants en altres projectes el treball fet.<\/li>\n<\/ol>\n\n\n\n<p>Si el vostre centre educatiu est\u00e0 interessat en engegar un Projecte Compartit amb el Camp d\u2019Aprenentatge de la Vall de Bo\u00ed, no dubteu en posar-vos en contacte amb nosaltres.<\/p>\n\n\n\n<p>Actualment el CdA de la Vall de Bo\u00ed t\u00e9 engegat un projecte compartit amb la ZER de l\u2019Alta Ribagor\u00e7a:<\/p>\n\n\n\n<h5 class=\"wp-block-heading\">CONEIXEM\u00a0EL\u00a0NOSTRE\u00a0ENTORN?<\/h5>\n\n\n\n<figure class=\"wp-block-image size-large is-resized\"><a href=\"https:\/\/serveiseducatius.xtec.cat\/cda-valldeboi\/wp-content\/uploads\/usu1369\/2021\/11\/coneixem-el-nostre-entorn.jpg\"><img loading=\"lazy\" decoding=\"async\" width=\"1024\" height=\"1005\" src=\"https:\/\/serveiseducatius.xtec.cat\/cda-valldeboi\/wp-content\/uploads\/usu1369\/2021\/11\/coneixem-el-nostre-entorn-1024x1005.jpg\" alt=\"\" class=\"wp-image-9794\" style=\"width:502px;height:auto\" srcset=\"https:\/\/serveiseducatius.xtec.cat\/cda-valldeboi\/wp-content\/uploads\/usu1369\/2021\/11\/coneixem-el-nostre-entorn-1024x1005.jpg 1024w, https:\/\/serveiseducatius.xtec.cat\/cda-valldeboi\/wp-content\/uploads\/usu1369\/2021\/11\/coneixem-el-nostre-entorn-300x294.jpg 300w, https:\/\/serveiseducatius.xtec.cat\/cda-valldeboi\/wp-content\/uploads\/usu1369\/2021\/11\/coneixem-el-nostre-entorn-768x754.jpg 768w, https:\/\/serveiseducatius.xtec.cat\/cda-valldeboi\/wp-content\/uploads\/usu1369\/2021\/11\/coneixem-el-nostre-entorn.jpg 1305w\" sizes=\"auto, (max-width: 1024px) 100vw, 1024px\" \/><\/a><\/figure>\n\n\n\n<p>La ZER Alta Ribagor\u00e7a i el CdA Escola de Natura de la Vall do Bo\u00ed fa molt de temps que col\u00b7laboren. Aix\u00ed, cada any el CdA realitzava algunes activitats amb els alumnes de la ZER. Malgrat aix\u00f2, les activitats no tenien cap nexe entre elles ni objectius a nivell global. Per tal dotar aquestes activitats de coher\u00e8ncia a nivell global i contextualitzar les activitats amb el medi on ens trobem, el 2019 es crea el projecte compartit \u201cConeixem el nostre entorn?\u201d.<\/p>\n\n\n\n<p>\u201cConeixem el nostre entorn?\u201d \u00e9s un projecte bianual amb els seg\u00fcents objectius:<\/p>\n\n\n\n<ul class=\"wp-block-list\">\n<li>Crear un espai on els i les alumnes de les escoles que integren la ZER puguin interactuar i relacionar-se.<\/li>\n\n\n\n<li>Donar a con\u00e8ixer els valors naturals i culturals de l\u2019entorn m\u00e9s proper a les escoles de la ZER.<\/li>\n\n\n\n<li>Afavorir el desenvolupament de les compet\u00e8ncies b\u00e0siques de prim\u00e0ria; especialment les compet\u00e8ncies per conviure i habitar el m\u00f3n.<\/li>\n\n\n\n<li>Estimular la participaci\u00f3 de docent i alumnat en el marc d\u2019un proc\u00e9s d\u2019aprenentatge innovador i significatiu.<\/li>\n<\/ul>\n\n\n\n<p>El projecte es materialitza amb un total de 7 activitats al llarg de tota l\u2019educaci\u00f3 prim\u00e0ria que es seq\u00fcencien de la seg\u00fcent manera:<\/p>\n\n\n\n<figure class=\"wp-block-table\"><table class=\"has-black-color has-text-color has-background has-link-color has-fixed-layout\" style=\"background-color:#f7c0c0\"><tbody><tr><td><strong>Cicle<\/strong><\/td><td><strong>Curs 1<\/strong><\/td><td><strong>Curs 2<\/strong><\/td><\/tr><tr><td>Cicle superior<\/td><td>P\u00e8l i ploma<br>Fem de meteor\u00f2legs<\/td><td><br>El m\u00f3n de la truita<br><\/td><\/tr><tr><td>Cicle mitj\u00e0<\/td><td>Viatgem cap al Rom\u00e0nic<br>Projecte orenetes<\/td><td>El conte dels ocells<br>Projecte orenetes<\/td><\/tr><tr><td>Cicle inicial<\/td><td>Els escombriaires de la natura<br>Diablorins al Salencar!<\/td><\/tr><\/tbody><\/table><\/figure>\n\n\n\n<p>A dia d\u2019avui, les l\u00ednies de treball d\u2019aquest projecte compartit es basen en el foment de la coordinaci\u00f3 entre els docents del CdA i la ZER per tal de dissenyar eines d\u2019avaluaci\u00f3 que ens permetin valorar l\u2019assoliment dels objectius definits al final de l\u2019etapa educativa.<\/p>\n<\/div><\/div>\n<\/div>\n","protected":false},"excerpt":{"rendered":"","protected":false},"author":1,"featured_media":0,"parent":0,"menu_order":0,"comment_status":"closed","ping_status":"closed","template":"","meta":{"site-sidebar-layout":"default","site-content-layout":"","ast-site-content-layout":"default","site-content-style":"default","site-sidebar-style":"default","ast-global-header-display":"","ast-banner-title-visibility":"","ast-main-header-display":"","ast-hfb-above-header-display":"","ast-hfb-below-header-display":"","ast-hfb-mobile-header-display":"","site-post-title":"","ast-breadcrumbs-content":"","ast-featured-img":"","footer-sml-layout":"","theme-transparent-header-meta":"","adv-header-id-meta":"","stick-header-meta":"","header-above-stick-meta":"","header-main-stick-meta":"","header-below-stick-meta":"","astra-migrate-meta-layouts":"set","ast-page-background-enabled":"default","ast-page-background-meta":{"desktop":{"background-color":"var(--ast-global-color-4)","background-image":"","background-repeat":"repeat","background-position":"center center","background-size":"auto","background-attachment":"scroll","background-type":"","background-media":"","overlay-type":"","overlay-color":"","overlay-opacity":"","overlay-gradient":""},"tablet":{"background-color":"","background-image":"","background-repeat":"repeat","background-position":"center center","background-size":"auto","background-attachment":"scroll","background-type":"","background-media":"","overlay-type":"","overlay-color":"","overlay-opacity":"","overlay-gradient":""},"mobile":{"background-color":"","background-image":"","background-repeat":"repeat","background-position":"center center","background-size":"auto","background-attachment":"scroll","background-type":"","background-media":"","overlay-type":"","overlay-color":"","overlay-opacity":"","overlay-gradient":""}},"ast-content-background-meta":{"desktop":{"background-color":"var(--ast-global-color-5)","background-image":"","background-repeat":"repeat","background-position":"center center","background-size":"auto","background-attachment":"scroll","background-type":"","background-media":"","overlay-type":"","overlay-color":"","overlay-opacity":"","overlay-gradient":""},"tablet":{"background-color":"var(--ast-global-color-5)","background-image":"","background-repeat":"repeat","background-position":"center center","background-size":"auto","background-attachment":"scroll","background-type":"","background-media":"","overlay-type":"","overlay-color":"","overlay-opacity":"","overlay-gradient":""},"mobile":{"background-color":"var(--ast-global-color-5)","background-image":"","background-repeat":"repeat","background-position":"center center","background-size":"auto","background-attachment":"scroll","background-type":"","background-media":"","overlay-type":"","overlay-color":"","overlay-opacity":"","overlay-gradient":""}},"footnotes":""},"class_list":["post-8260","page","type-page","status-publish","hentry"],"post_mailing_queue_ids":[],"_links":{"self":[{"href":"https:\/\/serveiseducatius.xtec.cat\/cda-valldeboi\/wp-json\/wp\/v2\/pages\/8260","targetHints":{"allow":["GET"]}}],"collection":[{"href":"https:\/\/serveiseducatius.xtec.cat\/cda-valldeboi\/wp-json\/wp\/v2\/pages"}],"about":[{"href":"https:\/\/serveiseducatius.xtec.cat\/cda-valldeboi\/wp-json\/wp\/v2\/types\/page"}],"author":[{"embeddable":true,"href":"https:\/\/serveiseducatius.xtec.cat\/cda-valldeboi\/wp-json\/wp\/v2\/users\/1"}],"replies":[{"embeddable":true,"href":"https:\/\/serveiseducatius.xtec.cat\/cda-valldeboi\/wp-json\/wp\/v2\/comments?post=8260"}],"version-history":[{"count":4,"href":"https:\/\/serveiseducatius.xtec.cat\/cda-valldeboi\/wp-json\/wp\/v2\/pages\/8260\/revisions"}],"predecessor-version":[{"id":10217,"href":"https:\/\/serveiseducatius.xtec.cat\/cda-valldeboi\/wp-json\/wp\/v2\/pages\/8260\/revisions\/10217"}],"wp:attachment":[{"href":"https:\/\/serveiseducatius.xtec.cat\/cda-valldeboi\/wp-json\/wp\/v2\/media?parent=8260"}],"curies":[{"name":"wp","href":"https:\/\/api.w.org\/{rel}","templated":true}]}}