{"id":8235,"date":"2016-06-20T17:26:18","date_gmt":"2016-06-20T16:26:18","guid":{"rendered":"http:\/\/serveiseducatius.xtec.cat\/cda-valldeboi\/?page_id=8235"},"modified":"2025-03-10T14:27:41","modified_gmt":"2025-03-10T13:27:41","slug":"ambits","status":"publish","type":"page","link":"https:\/\/serveiseducatius.xtec.cat\/cda-valldeboi\/ambits\/","title":{"rendered":"Oferta pedag\u00f2gica"},"content":{"rendered":"\n<p>Dins el cat\u00e0leg d&#8217;activitats que oferim hi podeu trobar una \u00e0mplia oferta formativa adequada a tots els nivells de l&#8217;ensenyament secundari i de cicles formatius dins de l&#8217;\u00e0mbit de les ci\u00e8ncies naturals, biologia, qu\u00edmica i ci\u00e8ncies de la Terra i el medi ambient, aix\u00ed com de la tecnologia. Aix\u00ed mateix, tamb\u00e9 oferim activitats pensades per a cicle superior de prim\u00e0ria.<\/p>\n\n\n\n<p>De la mateixa manera, tamb\u00e9 oferim activitats encarades a con\u00e9ixer el patrimoni cultural\u00a0de la Vall de Bo\u00ed.<\/p>\n\n\n\n<div class=\"wp-block-getwid-button-group\"><div class=\"wp-block-getwid-button-group__wrapper has-alignment-center\">\n<div class=\"wp-block-button\"><a class=\"wp-block-button__link wp-element-button\" href=\"https:\/\/serveiseducatius.xtec.cat\/cda-valldeboi\/ambits\/educacio-primaria\/\"><strong>Educaci\u00f3 Prim\u00e0ria<\/strong><\/a><\/div>\n\n\n\n<div class=\"wp-block-button\"><a class=\"wp-block-button__link wp-element-button\" href=\"https:\/\/serveiseducatius.xtec.cat\/cda-valldeboi\/ambits\/educacio-secundaria\/\"><strong>ESO<\/strong><\/a><\/div>\n\n\n\n<div class=\"wp-block-button\"><a class=\"wp-block-button__link wp-element-button\" href=\"https:\/\/serveiseducatius.xtec.cat\/cda-valldeboi\/ambits\/batxillerat-i-cicles-formatius\/\"><strong>Batxillerat i Cicles formatius<\/strong><\/a><\/div>\n<\/div><\/div>\n\n\n\n<p style=\"padding-top:var(--wp--preset--spacing--40);padding-bottom:var(--wp--preset--spacing--40)\">Totes aquestes activitats tenen uns objectius comuns que pensem imprescindibles per al treball al CdA:<\/p>\n\n\n\n<ul class=\"wp-block-list\">\n<li>Facilitar l&#8217;estudi i el coneixement del medi natural, social i hist\u00f2ric d&#8217;una vall pirinenca.<\/li>\n\n\n\n<li>Procurar que l&#8217;alumnat es familiatitzi amb la investigaci\u00f3, elaborant hip\u00f2tesis de treball, fent els estudis de camp i laboratori necessaris per a comprovar-les, obtenint conclusions i comparant i criticant els resultats obtinguts entre tots, d&#8217;acord amb el m\u00e8tode cient\u00edfic.<\/li>\n\n\n\n<li>Fomentar actituds respectuoses vers el medi natural i el patrimoni cultural, aix\u00ed com als costums i empremtes humanes en l&#8217;\u00e0mbit rural pirinenc.<\/li>\n\n\n\n<li>Oferir a l&#8217;alumnat un marc per establir noves relacions de conviv\u00e8ncia entre ells i amb el professorat.<\/li>\n<\/ul>\n\n\n\n<p>En el seg\u00fcent mapa trobareu la localitzaci\u00f3 aproximada de les diferents activitats que oferim:<\/p>\n\n\n\n<p><code><div class=\"h5p-iframe-wrapper\"><iframe id=\"h5p-iframe-5\" class=\"h5p-iframe\" data-content-id=\"5\" style=\"height:1px\" src=\"about:blank\" frameBorder=\"0\" scrolling=\"no\" title=\"Localitzaci\u00f3 de les activitats\"><\/iframe><\/div><\/code><\/p>\n\n\n\n<ul class=\"wp-block-list\">\n<li>\u00a0<\/li>\n<\/ul>\n\n\n\n<div class=\"postbox h5p-sidebar\">\u00a0<\/div>\n","protected":false},"excerpt":{"rendered":"<p>Dins el cat\u00e0leg d&#8217;activitats que oferim hi podeu trobar una \u00e0mplia oferta formativa adequada a tots els nivells de l&#8217;ensenyament [&hellip;]<\/p>\n","protected":false},"author":1,"featured_media":0,"parent":0,"menu_order":0,"comment_status":"closed","ping_status":"closed","template":"","meta":{"site-sidebar-layout":"default","site-content-layout":"","ast-site-content-layout":"default","site-content-style":"default","site-sidebar-style":"default","ast-global-header-display":"","ast-banner-title-visibility":"","ast-main-header-display":"","ast-hfb-above-header-display":"","ast-hfb-below-header-display":"","ast-hfb-mobile-header-display":"","site-post-title":"","ast-breadcrumbs-content":"","ast-featured-img":"","footer-sml-layout":"","theme-transparent-header-meta":"","adv-header-id-meta":"","stick-header-meta":"","header-above-stick-meta":"","header-main-stick-meta":"","header-below-stick-meta":"","astra-migrate-meta-layouts":"set","ast-page-background-enabled":"default","ast-page-background-meta":{"desktop":{"background-color":"var(--ast-global-color-4)","background-image":"","background-repeat":"repeat","background-position":"center center","background-size":"auto","background-attachment":"scroll","background-type":"","background-media":"","overlay-type":"","overlay-color":"","overlay-opacity":"","overlay-gradient":""},"tablet":{"background-color":"","background-image":"","background-repeat":"repeat","background-position":"center center","background-size":"auto","background-attachment":"scroll","background-type":"","background-media":"","overlay-type":"","overlay-color":"","overlay-opacity":"","overlay-gradient":""},"mobile":{"background-color":"","background-image":"","background-repeat":"repeat","background-position":"center center","background-size":"auto","background-attachment":"scroll","background-type":"","background-media":"","overlay-type":"","overlay-color":"","overlay-opacity":"","overlay-gradient":""}},"ast-content-background-meta":{"desktop":{"background-color":"var(--ast-global-color-5)","background-image":"","background-repeat":"repeat","background-position":"center center","background-size":"auto","background-attachment":"scroll","background-type":"","background-media":"","overlay-type":"","overlay-color":"","overlay-opacity":"","overlay-gradient":""},"tablet":{"background-color":"var(--ast-global-color-5)","background-image":"","background-repeat":"repeat","background-position":"center center","background-size":"auto","background-attachment":"scroll","background-type":"","background-media":"","overlay-type":"","overlay-color":"","overlay-opacity":"","overlay-gradient":""},"mobile":{"background-color":"var(--ast-global-color-5)","background-image":"","background-repeat":"repeat","background-position":"center center","background-size":"auto","background-attachment":"scroll","background-type":"","background-media":"","overlay-type":"","overlay-color":"","overlay-opacity":"","overlay-gradient":""}},"footnotes":""},"class_list":["post-8235","page","type-page","status-publish","hentry"],"post_mailing_queue_ids":[],"_links":{"self":[{"href":"https:\/\/serveiseducatius.xtec.cat\/cda-valldeboi\/wp-json\/wp\/v2\/pages\/8235","targetHints":{"allow":["GET"]}}],"collection":[{"href":"https:\/\/serveiseducatius.xtec.cat\/cda-valldeboi\/wp-json\/wp\/v2\/pages"}],"about":[{"href":"https:\/\/serveiseducatius.xtec.cat\/cda-valldeboi\/wp-json\/wp\/v2\/types\/page"}],"author":[{"embeddable":true,"href":"https:\/\/serveiseducatius.xtec.cat\/cda-valldeboi\/wp-json\/wp\/v2\/users\/1"}],"replies":[{"embeddable":true,"href":"https:\/\/serveiseducatius.xtec.cat\/cda-valldeboi\/wp-json\/wp\/v2\/comments?post=8235"}],"version-history":[{"count":6,"href":"https:\/\/serveiseducatius.xtec.cat\/cda-valldeboi\/wp-json\/wp\/v2\/pages\/8235\/revisions"}],"predecessor-version":[{"id":10199,"href":"https:\/\/serveiseducatius.xtec.cat\/cda-valldeboi\/wp-json\/wp\/v2\/pages\/8235\/revisions\/10199"}],"wp:attachment":[{"href":"https:\/\/serveiseducatius.xtec.cat\/cda-valldeboi\/wp-json\/wp\/v2\/media?parent=8235"}],"curies":[{"name":"wp","href":"https:\/\/api.w.org\/{rel}","templated":true}]}}