{"id":71,"date":"2013-11-14T19:47:14","date_gmt":"2013-11-14T18:47:14","guid":{"rendered":"http:\/\/blocs.xtec.cat\/plantillacda\/?page_id=71"},"modified":"2025-03-10T14:50:13","modified_gmt":"2025-03-10T13:50:13","slug":"on-som","status":"publish","type":"page","link":"https:\/\/serveiseducatius.xtec.cat\/cda-valldeboi\/el-camp\/on-som\/","title":{"rendered":"On som"},"content":{"rendered":"\n<p>El Camp d&#8217;Aprenentatge de la Vall de Bo\u00ed es troba situat al poble\u00a0de Barruera, a la comarca de l&#8217;Alta Ribagor\u00e7a. Barruera \u00e9s un dels pobles\u00a0que configuren el municipi de la Vall de Bo\u00ed, conjuntament amb\u00a0Bo\u00ed, Cardet, C\u00f3ll, Durro, Erill la Vall, Ta\u00fcll i Sara\u00eds, aix\u00ed com el complex residencial del Pla de l&#8217;Ermita i l&#8217;estaci\u00f3 balne\u00e0ria de Caldes de Bo\u00ed.<\/p>\n\n\n\n<div class=\"wp-block-getwid-button-group\"><div class=\"wp-block-getwid-button-group__wrapper has-spacing-large has-alignment-center\">\n<div class=\"wp-block-button\"><a class=\"wp-block-button__link has-text-align-center wp-element-button\" href=\"https:\/\/maps.app.goo.gl\/W1KMGQHRXNytY6THA\" target=\"_blank\" rel=\"noreferrer noopener\">Com arribar<\/a><\/div>\n<\/div><\/div>\n\n\n\n<p><\/p>\n\n\n<div class=\"h5p-iframe-wrapper\"><iframe id=\"h5p-iframe-2\" class=\"h5p-iframe\" data-content-id=\"2\" style=\"height:1px\" src=\"about:blank\" frameBorder=\"0\" scrolling=\"no\" title=\"Situaci\u00f3\"><\/iframe><\/div>\n\n\n\n<p>La Vall de Bo\u00ed ofereix nombrosos atractius als seus visitants, tan a nivell de patrimoni natural com cultural: el Parc Nacional d&#8217;Aig\u00fcestortes i Estany de Sant Maurici, el conjunt d&#8217;esgl\u00e9sies rom\u00e0niques declarades Patrimoni Mundial de la UNESCO l&#8217;any 2000, el balneari d&#8217;aig\u00fces termals de Caldes de Bo\u00ed, els paisatges de muntanya&#8230; Les activitats que s&#8217;ofereixen al Camp d&#8217;Aprenentatge permenten&nbsp;aprofundir en la descoberta d&#8217;aquest patrimoni i aprofitar-lo al m\u00e0xim nivell pedag\u00f2gic. Si voleu fer un tast dels principals atractius de la Vall de Bo\u00ed, al programa de televisi\u00f3&nbsp;<em>El foraster,<\/em> de TV3, &nbsp;se&#8217;n fa un bon recull:<\/p>\n\n\n\n<p><iframe loading=\"lazy\" src=\"https:\/\/www.ccma.cat\/video\/embed\/5579418\/\" width=\"500px\" height=\"281px\" frameborder=\"0\" scrolling=\"no\" allowfullscreen=\"allowfullscreen\"><\/iframe> <iframe loading=\"lazy\" src=\"https:\/\/www.ccma.cat\/video\/embed\/5581120\/\" width=\"500px\" height=\"281px\" frameborder=\"0\" scrolling=\"no\" allowfullscreen=\"allowfullscreen\"><\/iframe><\/p>\n","protected":false},"excerpt":{"rendered":"<p>El Camp d&#8217;Aprenentatge de la Vall de Bo\u00ed es troba situat al poble\u00a0de Barruera, a la comarca de l&#8217;Alta Ribagor\u00e7a. [&hellip;]<\/p>\n","protected":false},"author":1,"featured_media":0,"parent":8225,"menu_order":30,"comment_status":"closed","ping_status":"closed","template":"","meta":{"site-sidebar-layout":"default","site-content-layout":"","ast-site-content-layout":"default","site-content-style":"default","site-sidebar-style":"default","ast-global-header-display":"","ast-banner-title-visibility":"","ast-main-header-display":"","ast-hfb-above-header-display":"","ast-hfb-below-header-display":"","ast-hfb-mobile-header-display":"","site-post-title":"","ast-breadcrumbs-content":"","ast-featured-img":"","footer-sml-layout":"","theme-transparent-header-meta":"","adv-header-id-meta":"","stick-header-meta":"","header-above-stick-meta":"","header-main-stick-meta":"","header-below-stick-meta":"","astra-migrate-meta-layouts":"set","ast-page-background-enabled":"default","ast-page-background-meta":{"desktop":{"background-color":"var(--ast-global-color-4)","background-image":"","background-repeat":"repeat","background-position":"center center","background-size":"auto","background-attachment":"scroll","background-type":"","background-media":"","overlay-type":"","overlay-color":"","overlay-opacity":"","overlay-gradient":""},"tablet":{"background-color":"","background-image":"","background-repeat":"repeat","background-position":"center center","background-size":"auto","background-attachment":"scroll","background-type":"","background-media":"","overlay-type":"","overlay-color":"","overlay-opacity":"","overlay-gradient":""},"mobile":{"background-color":"","background-image":"","background-repeat":"repeat","background-position":"center center","background-size":"auto","background-attachment":"scroll","background-type":"","background-media":"","overlay-type":"","overlay-color":"","overlay-opacity":"","overlay-gradient":""}},"ast-content-background-meta":{"desktop":{"background-color":"var(--ast-global-color-5)","background-image":"","background-repeat":"repeat","background-position":"center center","background-size":"auto","background-attachment":"scroll","background-type":"","background-media":"","overlay-type":"","overlay-color":"","overlay-opacity":"","overlay-gradient":""},"tablet":{"background-color":"var(--ast-global-color-5)","background-image":"","background-repeat":"repeat","background-position":"center center","background-size":"auto","background-attachment":"scroll","background-type":"","background-media":"","overlay-type":"","overlay-color":"","overlay-opacity":"","overlay-gradient":""},"mobile":{"background-color":"var(--ast-global-color-5)","background-image":"","background-repeat":"repeat","background-position":"center center","background-size":"auto","background-attachment":"scroll","background-type":"","background-media":"","overlay-type":"","overlay-color":"","overlay-opacity":"","overlay-gradient":""}},"footnotes":""},"class_list":["post-71","page","type-page","status-publish","hentry"],"post_mailing_queue_ids":[],"_links":{"self":[{"href":"https:\/\/serveiseducatius.xtec.cat\/cda-valldeboi\/wp-json\/wp\/v2\/pages\/71","targetHints":{"allow":["GET"]}}],"collection":[{"href":"https:\/\/serveiseducatius.xtec.cat\/cda-valldeboi\/wp-json\/wp\/v2\/pages"}],"about":[{"href":"https:\/\/serveiseducatius.xtec.cat\/cda-valldeboi\/wp-json\/wp\/v2\/types\/page"}],"author":[{"embeddable":true,"href":"https:\/\/serveiseducatius.xtec.cat\/cda-valldeboi\/wp-json\/wp\/v2\/users\/1"}],"replies":[{"embeddable":true,"href":"https:\/\/serveiseducatius.xtec.cat\/cda-valldeboi\/wp-json\/wp\/v2\/comments?post=71"}],"version-history":[{"count":6,"href":"https:\/\/serveiseducatius.xtec.cat\/cda-valldeboi\/wp-json\/wp\/v2\/pages\/71\/revisions"}],"predecessor-version":[{"id":10210,"href":"https:\/\/serveiseducatius.xtec.cat\/cda-valldeboi\/wp-json\/wp\/v2\/pages\/71\/revisions\/10210"}],"up":[{"embeddable":true,"href":"https:\/\/serveiseducatius.xtec.cat\/cda-valldeboi\/wp-json\/wp\/v2\/pages\/8225"}],"wp:attachment":[{"href":"https:\/\/serveiseducatius.xtec.cat\/cda-valldeboi\/wp-json\/wp\/v2\/media?parent=71"}],"curies":[{"name":"wp","href":"https:\/\/api.w.org\/{rel}","templated":true}]}}