{"id":600,"date":"2013-12-13T12:20:59","date_gmt":"2013-12-13T11:20:59","guid":{"rendered":"http:\/\/blocs.xtec.cat\/plantillacda\/?page_id=600"},"modified":"2025-03-06T14:47:25","modified_gmt":"2025-03-06T13:47:25","slug":"trobada-de-coordinacio","status":"publish","type":"page","link":"https:\/\/serveiseducatius.xtec.cat\/cda-valldeboi\/preparacio-de-estada\/trobada-de-coordinacio\/","title":{"rendered":"Despr\u00e9s de l&#8217;estada"},"content":{"rendered":"\n<p>La seq\u00fc\u00e8ncia did\u00e0ctica de qu\u00e8 forma part l&#8217;estada al&nbsp;Camp d&#8217;Aprenentatge requereix d&#8217;un treball posterior a l&#8217;aula i la seva avaluaci\u00f3 en global. Agrairem que ens feu arribar una mostra d&#8217;aquest treball: articles a la p\u00e0gina web del centre, treballs realitzats per l&#8217;alumnat, etc i que ens feu part\u00edceps de la seva avaluaci\u00f3. Rebreu un recordatori sobre aquests aspectes un cop finalitzada l&#8217;estada.<\/p>\n\n\n\n<p>La vostra opini\u00f3 sobre el desenvolupament de l&#8217;estada \u00e9s imprescindible per l&#8217;avaluaci\u00f3 i millora de les estades, per aix\u00f2 us farem arribar una enquesta de valoraci\u00f3 quan acabeu la vostra estada.<\/p>\n\n\n\n<div class=\"wp-block-getwid-tabs\" data-active-tab=\"0\"><ul class=\"wp-block-getwid-tabs__nav-links\"><\/ul>\n<div class=\"wp-block-getwid-tabs__nav-link\"><span class=\"wp-block-getwid-tabs__title-wrapper\"><a href=\"#\"><span class=\"wp-block-getwid-tabs__title\"><strong>Treball Posterior<\/strong><\/span><\/a><\/span><\/div><div class=\"wp-block-getwid-tabs__tab-content-wrapper\"><div class=\"wp-block-getwid-tabs__tab-content\">\n<p>Podeu trobar una proposta d\u2019activitats posteriors a la vostra estada per batxillerat i cicles formatius a la secci\u00f3 \u201coferta pedag\u00f2gica\u201d. \u00c9s important que l\u2019estada que veniu a fer al CdA tingui una relaci\u00f3 directa amb el projecte curricular del centre, i \u00e9s per aix\u00f2 que us oferim aquesta proposta d\u2019activitats. Podeu escollir les activitats posteriors a l\u2019estada en funci\u00f3 de la vostra programaci\u00f3 curricular i dels objectius a assolir en relaci\u00f3 a l\u2019estada al CdA.<\/p>\n<\/div><\/div>\n\n\n\n<div class=\"wp-block-getwid-tabs__nav-link\"><span class=\"wp-block-getwid-tabs__title-wrapper\"><a href=\"#\"><span class=\"wp-block-getwid-tabs__title\"><strong>Valoracions<\/strong><\/span><\/a><\/span><\/div><div class=\"wp-block-getwid-tabs__tab-content-wrapper\"><div class=\"wp-block-getwid-tabs__tab-content\">\n<p>Les vostres opinions i els vostres suggeriments ens poden ser molt \u00fatils per a millorar les estades i la coordinaci\u00f3 amb la tasca que dueu a terme a les escoles i els instituts. \u00c9s per aix\u00f2 que us demanem una mica de temps i la vostra col\u00b7laboraci\u00f3.<\/p>\n\n\n\n<p>Un cop finalitzada l&#8217;estada rebreu al vostre email el link amb l&#8217;enquesta de valoraci\u00f3 de l&#8217;estada per emplenar-la. Gr\u00e0cies per la vostra participaci\u00f3.<\/p>\n<\/div><\/div>\n<\/div>\n","protected":false},"excerpt":{"rendered":"<p>La seq\u00fc\u00e8ncia did\u00e0ctica de qu\u00e8 forma part l&#8217;estada al&nbsp;Camp d&#8217;Aprenentatge requereix d&#8217;un treball posterior a l&#8217;aula i la seva avaluaci\u00f3 [&hellip;]<\/p>\n","protected":false},"author":1,"featured_media":0,"parent":8272,"menu_order":40,"comment_status":"closed","ping_status":"closed","template":"","meta":{"site-sidebar-layout":"default","site-content-layout":"","ast-site-content-layout":"default","site-content-style":"default","site-sidebar-style":"default","ast-global-header-display":"","ast-banner-title-visibility":"","ast-main-header-display":"","ast-hfb-above-header-display":"","ast-hfb-below-header-display":"","ast-hfb-mobile-header-display":"","site-post-title":"","ast-breadcrumbs-content":"","ast-featured-img":"","footer-sml-layout":"","theme-transparent-header-meta":"","adv-header-id-meta":"","stick-header-meta":"","header-above-stick-meta":"","header-main-stick-meta":"","header-below-stick-meta":"","astra-migrate-meta-layouts":"set","ast-page-background-enabled":"default","ast-page-background-meta":{"desktop":{"background-color":"var(--ast-global-color-4)","background-image":"","background-repeat":"repeat","background-position":"center center","background-size":"auto","background-attachment":"scroll","background-type":"","background-media":"","overlay-type":"","overlay-color":"","overlay-opacity":"","overlay-gradient":""},"tablet":{"background-color":"","background-image":"","background-repeat":"repeat","background-position":"center center","background-size":"auto","background-attachment":"scroll","background-type":"","background-media":"","overlay-type":"","overlay-color":"","overlay-opacity":"","overlay-gradient":""},"mobile":{"background-color":"","background-image":"","background-repeat":"repeat","background-position":"center center","background-size":"auto","background-attachment":"scroll","background-type":"","background-media":"","overlay-type":"","overlay-color":"","overlay-opacity":"","overlay-gradient":""}},"ast-content-background-meta":{"desktop":{"background-color":"var(--ast-global-color-5)","background-image":"","background-repeat":"repeat","background-position":"center center","background-size":"auto","background-attachment":"scroll","background-type":"","background-media":"","overlay-type":"","overlay-color":"","overlay-opacity":"","overlay-gradient":""},"tablet":{"background-color":"var(--ast-global-color-5)","background-image":"","background-repeat":"repeat","background-position":"center center","background-size":"auto","background-attachment":"scroll","background-type":"","background-media":"","overlay-type":"","overlay-color":"","overlay-opacity":"","overlay-gradient":""},"mobile":{"background-color":"var(--ast-global-color-5)","background-image":"","background-repeat":"repeat","background-position":"center center","background-size":"auto","background-attachment":"scroll","background-type":"","background-media":"","overlay-type":"","overlay-color":"","overlay-opacity":"","overlay-gradient":""}},"footnotes":""},"class_list":["post-600","page","type-page","status-publish","hentry"],"post_mailing_queue_ids":[],"_links":{"self":[{"href":"https:\/\/serveiseducatius.xtec.cat\/cda-valldeboi\/wp-json\/wp\/v2\/pages\/600","targetHints":{"allow":["GET"]}}],"collection":[{"href":"https:\/\/serveiseducatius.xtec.cat\/cda-valldeboi\/wp-json\/wp\/v2\/pages"}],"about":[{"href":"https:\/\/serveiseducatius.xtec.cat\/cda-valldeboi\/wp-json\/wp\/v2\/types\/page"}],"author":[{"embeddable":true,"href":"https:\/\/serveiseducatius.xtec.cat\/cda-valldeboi\/wp-json\/wp\/v2\/users\/1"}],"replies":[{"embeddable":true,"href":"https:\/\/serveiseducatius.xtec.cat\/cda-valldeboi\/wp-json\/wp\/v2\/comments?post=600"}],"version-history":[{"count":5,"href":"https:\/\/serveiseducatius.xtec.cat\/cda-valldeboi\/wp-json\/wp\/v2\/pages\/600\/revisions"}],"predecessor-version":[{"id":10089,"href":"https:\/\/serveiseducatius.xtec.cat\/cda-valldeboi\/wp-json\/wp\/v2\/pages\/600\/revisions\/10089"}],"up":[{"embeddable":true,"href":"https:\/\/serveiseducatius.xtec.cat\/cda-valldeboi\/wp-json\/wp\/v2\/pages\/8272"}],"wp:attachment":[{"href":"https:\/\/serveiseducatius.xtec.cat\/cda-valldeboi\/wp-json\/wp\/v2\/media?parent=600"}],"curies":[{"name":"wp","href":"https:\/\/api.w.org\/{rel}","templated":true}]}}