{"id":549,"date":"2013-12-12T09:25:27","date_gmt":"2013-12-12T08:25:27","guid":{"rendered":"http:\/\/blocs.xtec.cat\/plantillacda\/?page_id=549"},"modified":"2025-05-21T15:45:18","modified_gmt":"2025-05-21T13:45:18","slug":"preparacio","status":"publish","type":"page","link":"https:\/\/serveiseducatius.xtec.cat\/cda-valldeboi\/preparacio-de-estada\/preparacio\/","title":{"rendered":"Preparaci\u00f3 de l&#8217;estada"},"content":{"rendered":"\n<p>En aquest apartat trobareu tota la informaci\u00f3 necess\u00e0ria per preparar l&#8217;estada: despeses d&#8217;allotjament, de manutenci\u00f3, de les activitats d&#8217;ensenyament-aprenentatge o d&#8217;altres; aspectes relacionats amb l&#8217;allotjament;&nbsp;trobades de coordinaci\u00f3; elecci\u00f3 de les activitats i treball previ; consells&nbsp;a tenir&nbsp;en compte&#8230;<\/p>\n\n\n\n<div class=\"wp-block-getwid-tabs\" data-active-tab=\"0\"><ul class=\"wp-block-getwid-tabs__nav-links\"><\/ul>\n<div class=\"wp-block-getwid-tabs__nav-link\"><span class=\"wp-block-getwid-tabs__title-wrapper\"><a href=\"#\"><span class=\"wp-block-getwid-tabs__title\"><strong>Activitats<\/strong><\/span><\/a><\/span><\/div><div class=\"wp-block-getwid-tabs__tab-content-wrapper\"><div class=\"wp-block-getwid-tabs__tab-content\">\n<p>L&#8217;elecci\u00f3 de les activitats a realitzar&nbsp;ha de fer-se el m\u00e9s aviat possible, a fi que el professorat del centre implicat en la sortida pugui dur a terme el treball previ necessari. Ser\u00e0&nbsp;&nbsp;la data de la trobada de coordinaci\u00f3&nbsp;quan quedaran definides les activitats a treballar.<\/p>\n\n\n\n<p>A l&#8217;apartat&nbsp;<strong><a href=\"http:\/\/serveiseducatius.xtec.cat\/cda-valldeboi\/ambits\/\" target=\"_blank\" rel=\"noreferrer noopener\">Oferta pedag\u00f2gica<\/a><\/strong>&nbsp;podeu consultar les activitats per etapa educativa.&nbsp;Podeu consultar tamb\u00e9 les recomanacions d&#8217;activitats que us fem segons l&#8217;etapa educativa i el n\u00famero de dies d&#8217;estada a la modalitat<strong><a href=\"http:\/\/serveiseducatius.xtec.cat\/cda-valldeboi\/modalitats\/estades\/\">&nbsp;Estades<\/a><\/strong>.<\/p>\n\n\n\n<p>Les activitats tenen un cost de&nbsp;<strong>3,00 \u20ac per activitat, alumne i dia<\/strong>. Aquest preu est\u00e0 regulat per&nbsp;<em>l&#8217;ORDRE ENS\/163\/2016, de 16 de juny, per la qual es crea el preu p\u00fablic pel servei d&#8217;activitats&nbsp;<\/em><em>d&#8217;ensenyament-aprenentatge als camps d&#8217;aprenentatge del Departament d&#8217;Ensenyament<\/em>&nbsp;i es permet l&#8217;aplicaci\u00f3 d&#8217;exempcions i bonificacions en els casos seg\u00fcents:<\/p>\n\n\n\n<ul class=\"wp-block-list\">\n<li>Tenen dret a una bonificaci\u00f3 del 50% de l&#8217;import del preu p\u00fablic, els membres de fam\u00edlia nombrosa de categoria general i els membres de fam\u00edlia monoparental.<\/li>\n\n\n\n<li>Tenen dret d\u2019exempci\u00f3 de pagament d\u2019aquest import: a) Els membres de fam\u00edlia nombrosa de categoria especial; b) Les persones que tinguin una discapacitat acreditada igual o superior al 33%; c) Els membres de fam\u00edlies v\u00edctimes de viol\u00e8ncia de g\u00e8nere: d) Les v\u00edctimes d&#8217;actes terroristes, els seus c\u00f2njuges i els seus fills o filles; e) Els alumnes de centres que tinguin la consideraci\u00f3 de complexitat m\u00e0xima, d&#8217;acord amb la Resoluci\u00f3 ENS\/906\/2014, de 23 d&#8217;abril, per la qual es determinen els centres educatius i els llocs de treball docents que tenen la consideraci\u00f3 de dificultat especial.<\/li>\n<\/ul>\n\n\n\n<p>Per l\u2019aplicaci\u00f3 de les bonificacions i\/o exempcions es imprescindible acreditar-ho durant l\u2019estada al Camp d\u2019Aprenentatge, aportant fotoc\u00f2pia compulsada del\/s document\/s oportuns.<\/p>\n\n\n\n<p>Algunes activitats tenen un cost addicional:<\/p>\n\n\n\n<ul class=\"wp-block-list\">\n<li>Activitats del rom\u00e0nic per als diferents nivells: des del curs 2019\/20, fruit del conveni de col\u00b7laboraci\u00f3 signat entre el Centre del Rom\u00e0nic i el Camp d&#8217;Aprenentatge, les entrades s\u00f3n gratu\u00eftes.<\/li>\n\n\n\n<li>Les activitats que es realitzen al&nbsp;<em>Parc Nacional d&#8217;Aig\u00fcestortes i Estany de Sant Maurici<\/em>, tenen un cost de&nbsp;<strong>12,00\u20ac per persona<\/strong>, en concepte de transport des de Barruera fins al planell d&#8217;Aig\u00fcestortes (anada i tornada).<\/li>\n<\/ul>\n\n\n\n<p>Les activitats al Camp d&#8217;Aprenentatge finalitzen a mitja tarda, al voltant de les 18:00h, de manera que teniu unes hores de lleure abans i despr\u00e9s de sopar. Per si \u00e9s del vostre inter\u00e8s,&nbsp;<strong>a la zona existeixen empreses que ofereixen activitats de lleure per a grups escolars.<\/strong>&nbsp;Les podeu contractar de manera paral\u00b7lela a les activitats del Camp d&#8217;Aprenentatge. Si us interessa contractar alguna activitat ens us podem informar de l&#8217;oferta que existeix actualment.<\/p>\n<\/div><\/div>\n\n\n\n<div class=\"wp-block-getwid-tabs__nav-link\"><span class=\"wp-block-getwid-tabs__title-wrapper\"><a href=\"#\"><span class=\"wp-block-getwid-tabs__title\"><strong>Allotjament i Manutenci\u00f3<\/strong><\/span><\/a><\/span><\/div><div class=\"wp-block-getwid-tabs__tab-content-wrapper\"><div class=\"wp-block-getwid-tabs__tab-content\">\n<p>Els centres que realitzeu estada al Camp d&#8217;Aprenentatge podeu contractar el servei d&#8217;allotjament i manutenci\u00f3 que m\u00e9s s&#8217;adapti a les vostres necessitats.<\/p>\n\n\n\n<p>Per la proximitat al CdA, pel servei oferit i per haver pactat amb nosaltres un preu per als alumnes i professorat dels centres estadants, us recomanem l&#8217;Alberg de Joventut de la Vall de Bo\u00ed. Aquest establiment est\u00e0 situat a 5 minuts caminant de les instal\u00b7lacions del CdA.<\/p>\n<\/div><\/div>\n\n\n\n<div class=\"wp-block-getwid-tabs__nav-link\"><span class=\"wp-block-getwid-tabs__title-wrapper\"><a href=\"#\"><span class=\"wp-block-getwid-tabs__title\"><strong>Trobada de Coordinaci\u00f3<\/strong><\/span><\/a><\/span><\/div><div class=\"wp-block-getwid-tabs__tab-content-wrapper\"><div class=\"wp-block-getwid-tabs__tab-content\">\n<p>La trobada de coordinaci\u00f3 \u00e9s una activitat formativa dirigida al professorat del centre que vingui a fer l&#8217;estada. L&#8217;objectiu \u00e9s con\u00e8ixer-nos i marcar&nbsp;les l\u00ednies d&#8217;actuaci\u00f3 a seguir per tal que l&#8217;alumnat i professorat acompanyant traieu el m\u00e0xim de profit al vostre pas pel Camp d&#8217;Aprenentatge. No hem d&#8217;oblidar que l&#8217;estada&nbsp;Camp d&#8217;Aprenentatge representa un moment puntual dintre d&#8217;una seq\u00fc\u00e8ncia did\u00e0ctica que comen\u00e7a i acaba a la vostra aula, un moment en el qual l&#8217;alumnat experimenta, interactua amb l&#8217;entorn i obt\u00e9 les dades necess\u00e0ries que li permetran donar resposta a les preguntes plantejades en&nbsp;cada activitat realitzada.<\/p>\n\n\n\n<p>Es realitzaran dos trobades de coordinaci\u00f3 al llarg del curs, que tindran lloc a les instal\u00b7lacions del Camp d&#8217;Aprenentatge, a Barruera: una per als centres que faran l&#8217;estada o sortida abans de Nadal i l&#8217;altra per als que vindran a despr\u00e9s de les vacances nadalenques.<\/p>\n<\/div><\/div>\n\n\n\n<div class=\"wp-block-getwid-tabs__nav-link\"><span class=\"wp-block-getwid-tabs__title-wrapper\"><a href=\"#\"><span class=\"wp-block-getwid-tabs__title\"><strong>Treball Previ<\/strong><\/span><\/a><\/span><\/div><div class=\"wp-block-getwid-tabs__tab-content-wrapper\"><div class=\"wp-block-getwid-tabs__tab-content\">\n<p>En aquesta secci\u00f3 us oferim una proposta d\u2019activitat pr\u00e8via a la vostra estada, per a situar-vos geogr\u00e0ficament abans de venir. Tamb\u00e9, per preparar les activitats que veniu a fer, podeu trobar la&nbsp;<a href=\"https:\/\/serveiseducatius.xtec.cat\/cda-valldeboi\/ambits\/batxillerat-i-cicles-formatius\/\">proposta d&#8217;activitats pr\u00e8vies per a ESO, batxillerat i cicles formatius<\/a>&nbsp;a la secci\u00f3 &#8220;oferta pedag\u00f2gica&#8221;.&nbsp; \u00c9s important que l\u2019estada que veniu a fer al CdA tingui una relaci\u00f3 directa amb el projecte curricular del centre, i \u00e9s per aix\u00f2 que us oferim aquesta proposta d\u2019activitats. Podeu escollir les activitats pr\u00e8vies en funci\u00f3 de la vostra programaci\u00f3 curricular i dels objectius a assolir en relaci\u00f3 a l&#8217;estada al CdA.<\/p>\n<\/div><\/div>\n\n\n\n<div class=\"wp-block-getwid-tabs__nav-link\"><span class=\"wp-block-getwid-tabs__title-wrapper\"><a href=\"#\"><span class=\"wp-block-getwid-tabs__title\"><strong>Que Cal dur a l&#8217;Estada<\/strong><\/span><\/a><\/span><\/div><div class=\"wp-block-getwid-tabs__tab-content-wrapper\"><div class=\"wp-block-getwid-tabs__tab-content\">\n<p>Veniu a passar uns dies al Pirineu, aix\u00ed que us haureu de preparar per fer front a les condicions meteorol\u00f2giques que tinguem duran la vostra estada. Tant als alumnes com als professors acompanyants us recomanem:<\/p>\n\n\n\n<ul class=\"wp-block-list\">\n<li>Consulteu les<strong>&nbsp;previsions meteorol\u00f2giques<\/strong>&nbsp;durant els dies d&#8217;estada per tal d&#8217;omplir la maleta amb tot el necessari. Es convenient posar sempre una&nbsp;<strong>gorra, crema solar<\/strong>&nbsp;i, si es preveu pluja, paraig\u00fces.<\/li>\n\n\n\n<li>Porteu&nbsp;<strong>roba d&#8217;abric<\/strong>, m\u00e9s o menys gruixuda depenent de l&#8217;\u00e8poca de l&#8217;any. Sempre \u00e9s millor portar una capa de roba de m\u00e9s que una de menys.<\/li>\n\n\n\n<li>Molts dels treballs a realitzar seran a camp i potser requereixin d&#8217;un itinerari a peu, per tant \u00e9s imprescindible que porteu&nbsp;<strong>botes de muntanya, impermeable i cantimplora.<\/strong><\/li>\n\n\n\n<li>Si us allotgeu a l&#8217;Alberg de Joventut de la Vall de Bo\u00ed, teniu en compte que&nbsp;<strong>us facilitaran<\/strong>&nbsp;llen\u00e7ol de baix i coixinera per dormir.&nbsp;<strong>Haureu de portar<\/strong>&nbsp;tovallola, coixinera i llen\u00e7ol de dalt o, preferentment, sac de dormir.<\/li>\n\n\n\n<li>\u00c9s obligatori portar<strong>&nbsp;material per escriure: llapis, goma d&#8217;esborrar i bol\u00edgraf.<\/strong>&nbsp;No us n&#8217;oblideu, \u00e9s imprescindible per venir al Camp d&#8217;Aprenentatge!<\/li>\n<\/ul>\n<\/div><\/div>\n<\/div>\n","protected":false},"excerpt":{"rendered":"<p>En aquest apartat trobareu tota la informaci\u00f3 necess\u00e0ria per preparar l&#8217;estada: despeses d&#8217;allotjament, de manutenci\u00f3, de les activitats d&#8217;ensenyament-aprenentatge o [&hellip;]<\/p>\n","protected":false},"author":1,"featured_media":0,"parent":8272,"menu_order":20,"comment_status":"closed","ping_status":"closed","template":"","meta":{"site-sidebar-layout":"default","site-content-layout":"","ast-site-content-layout":"default","site-content-style":"default","site-sidebar-style":"default","ast-global-header-display":"","ast-banner-title-visibility":"","ast-main-header-display":"","ast-hfb-above-header-display":"","ast-hfb-below-header-display":"","ast-hfb-mobile-header-display":"","site-post-title":"","ast-breadcrumbs-content":"","ast-featured-img":"","footer-sml-layout":"","theme-transparent-header-meta":"","adv-header-id-meta":"","stick-header-meta":"","header-above-stick-meta":"","header-main-stick-meta":"","header-below-stick-meta":"","astra-migrate-meta-layouts":"set","ast-page-background-enabled":"default","ast-page-background-meta":{"desktop":{"background-color":"var(--ast-global-color-4)","background-image":"","background-repeat":"repeat","background-position":"center center","background-size":"auto","background-attachment":"scroll","background-type":"","background-media":"","overlay-type":"","overlay-color":"","overlay-opacity":"","overlay-gradient":""},"tablet":{"background-color":"","background-image":"","background-repeat":"repeat","background-position":"center center","background-size":"auto","background-attachment":"scroll","background-type":"","background-media":"","overlay-type":"","overlay-color":"","overlay-opacity":"","overlay-gradient":""},"mobile":{"background-color":"","background-image":"","background-repeat":"repeat","background-position":"center center","background-size":"auto","background-attachment":"scroll","background-type":"","background-media":"","overlay-type":"","overlay-color":"","overlay-opacity":"","overlay-gradient":""}},"ast-content-background-meta":{"desktop":{"background-color":"var(--ast-global-color-5)","background-image":"","background-repeat":"repeat","background-position":"center center","background-size":"auto","background-attachment":"scroll","background-type":"","background-media":"","overlay-type":"","overlay-color":"","overlay-opacity":"","overlay-gradient":""},"tablet":{"background-color":"var(--ast-global-color-5)","background-image":"","background-repeat":"repeat","background-position":"center center","background-size":"auto","background-attachment":"scroll","background-type":"","background-media":"","overlay-type":"","overlay-color":"","overlay-opacity":"","overlay-gradient":""},"mobile":{"background-color":"var(--ast-global-color-5)","background-image":"","background-repeat":"repeat","background-position":"center center","background-size":"auto","background-attachment":"scroll","background-type":"","background-media":"","overlay-type":"","overlay-color":"","overlay-opacity":"","overlay-gradient":""}},"footnotes":""},"class_list":["post-549","page","type-page","status-publish","hentry"],"post_mailing_queue_ids":[],"_links":{"self":[{"href":"https:\/\/serveiseducatius.xtec.cat\/cda-valldeboi\/wp-json\/wp\/v2\/pages\/549","targetHints":{"allow":["GET"]}}],"collection":[{"href":"https:\/\/serveiseducatius.xtec.cat\/cda-valldeboi\/wp-json\/wp\/v2\/pages"}],"about":[{"href":"https:\/\/serveiseducatius.xtec.cat\/cda-valldeboi\/wp-json\/wp\/v2\/types\/page"}],"author":[{"embeddable":true,"href":"https:\/\/serveiseducatius.xtec.cat\/cda-valldeboi\/wp-json\/wp\/v2\/users\/1"}],"replies":[{"embeddable":true,"href":"https:\/\/serveiseducatius.xtec.cat\/cda-valldeboi\/wp-json\/wp\/v2\/comments?post=549"}],"version-history":[{"count":6,"href":"https:\/\/serveiseducatius.xtec.cat\/cda-valldeboi\/wp-json\/wp\/v2\/pages\/549\/revisions"}],"predecessor-version":[{"id":10309,"href":"https:\/\/serveiseducatius.xtec.cat\/cda-valldeboi\/wp-json\/wp\/v2\/pages\/549\/revisions\/10309"}],"up":[{"embeddable":true,"href":"https:\/\/serveiseducatius.xtec.cat\/cda-valldeboi\/wp-json\/wp\/v2\/pages\/8272"}],"wp:attachment":[{"href":"https:\/\/serveiseducatius.xtec.cat\/cda-valldeboi\/wp-json\/wp\/v2\/media?parent=549"}],"curies":[{"name":"wp","href":"https:\/\/api.w.org\/{rel}","templated":true}]}}