{"id":54,"date":"2013-11-14T18:56:33","date_gmt":"2013-11-14T17:56:33","guid":{"rendered":"http:\/\/blocs.xtec.cat\/plantillacda\/?page_id=54"},"modified":"2025-03-10T14:42:29","modified_gmt":"2025-03-10T13:42:29","slug":"presentacio","status":"publish","type":"page","link":"https:\/\/serveiseducatius.xtec.cat\/cda-valldeboi\/el-camp\/presentacio\/","title":{"rendered":"Presentaci\u00f3"},"content":{"rendered":"\n\r\n\t<div class=\"slideshow_container slideshow_container_style-light\" style=\"height: 400px; \" data-slideshow-id=\"8625\" data-style-name=\"style-light\" data-style-version=\"2.3.1\" >\r\n\r\n\t\t\t\t\t<div class=\"slideshow_loading_icon\"><\/div>\r\n\t\t\r\n\t\t<div class=\"slideshow_content\" style=\"display: none;\">\r\n\r\n\t\t\t<div class=\"slideshow_view\">\r\n\t\t\t\t<div class=\"slideshow_slide slideshow_slide_image\">\r\n\t\t\t\t\t\t\t\t\t\t\t<img src=\"https:\/\/serveiseducatius.xtec.cat\/cda-valldeboi\/wp-content\/uploads\/usu1369\/2025\/03\/IMG-20241212-WA0024.jpg\" alt=\"IMG-20241212-WA0024\" width=\"2048\" height=\"1536\" \/>\r\n\t\t\t\t\t\t\t\t\t\t<div class=\"slideshow_description_box slideshow_transparent\">\r\n\t\t\t\t\t\t<div class=\"slideshow_title\">IMG-20241212-WA0024<\/div>\t\t\t\t\t\t\t\t\t\t\t<\/div>\r\n\t\t\t\t<\/div>\r\n\r\n\t\t\t\t\t\t<div style=\"clear: both;\"><\/div><\/div><div class=\"slideshow_view\">\r\n\t\t\t\t<div class=\"slideshow_slide slideshow_slide_image\">\r\n\t\t\t\t\t\t\t\t\t\t\t<img src=\"https:\/\/serveiseducatius.xtec.cat\/cda-valldeboi\/wp-content\/uploads\/usu1369\/2025\/03\/IMG-20241102-WA0016.jpg\" alt=\"IMG-20241102-WA0016\" width=\"1600\" height=\"1200\" \/>\r\n\t\t\t\t\t\t\t\t\t\t<div class=\"slideshow_description_box slideshow_transparent\">\r\n\t\t\t\t\t\t<div class=\"slideshow_title\">IMG-20241102-WA0016<\/div>\t\t\t\t\t\t\t\t\t\t\t<\/div>\r\n\t\t\t\t<\/div>\r\n\r\n\t\t\t\t\t\t<div style=\"clear: both;\"><\/div><\/div><div class=\"slideshow_view\">\r\n\t\t\t\t<div class=\"slideshow_slide slideshow_slide_image\">\r\n\t\t\t\t\t\t\t\t\t\t\t<img src=\"https:\/\/serveiseducatius.xtec.cat\/cda-valldeboi\/wp-content\/uploads\/usu1369\/2025\/03\/20230512_130307-scaled.jpg\" alt=\"20230512_130307\" width=\"2560\" height=\"1148\" \/>\r\n\t\t\t\t\t\t\t\t\t\t<div class=\"slideshow_description_box slideshow_transparent\">\r\n\t\t\t\t\t\t<div class=\"slideshow_title\">20230512_130307<\/div>\t\t\t\t\t\t\t\t\t\t\t<\/div>\r\n\t\t\t\t<\/div>\r\n\r\n\t\t\t\t\t\t<div style=\"clear: both;\"><\/div><\/div><div class=\"slideshow_view\">\r\n\t\t\t\t<div class=\"slideshow_slide slideshow_slide_image\">\r\n\t\t\t\t\t\t\t\t\t\t\t<img src=\"https:\/\/serveiseducatius.xtec.cat\/cda-valldeboi\/wp-content\/uploads\/usu1369\/2025\/03\/20230214_105615.jpg\" alt=\"20230214_105615\" width=\"1249\" height=\"937\" \/>\r\n\t\t\t\t\t\t\t\t\t\t<div class=\"slideshow_description_box slideshow_transparent\">\r\n\t\t\t\t\t\t<div class=\"slideshow_title\">20230214_105615<\/div>\t\t\t\t\t\t\t\t\t\t\t<\/div>\r\n\t\t\t\t<\/div>\r\n\r\n\t\t\t\t\t\t<div style=\"clear: both;\"><\/div><\/div><div class=\"slideshow_view\">\r\n\t\t\t\t<div class=\"slideshow_slide slideshow_slide_image\">\r\n\t\t\t\t\t\t\t\t\t\t\t<img src=\"https:\/\/serveiseducatius.xtec.cat\/cda-valldeboi\/wp-content\/uploads\/usu1369\/2025\/03\/20231103_103805-scaled.jpg\" alt=\"20231103_103805\" width=\"2560\" height=\"1920\" \/>\r\n\t\t\t\t\t\t\t\t\t\t<div class=\"slideshow_description_box slideshow_transparent\">\r\n\t\t\t\t\t\t<div class=\"slideshow_title\">20231103_103805<\/div>\t\t\t\t\t\t\t\t\t\t\t<\/div>\r\n\t\t\t\t<\/div>\r\n\r\n\t\t\t\t\t\t<div style=\"clear: both;\"><\/div><\/div><div class=\"slideshow_view\">\r\n\t\t\t\t<div class=\"slideshow_slide slideshow_slide_image\">\r\n\t\t\t\t\t\t\t\t\t\t\t<img src=\"https:\/\/serveiseducatius.xtec.cat\/cda-valldeboi\/wp-content\/uploads\/usu1369\/2025\/03\/20221202_103637-scaled.jpg\" alt=\"20221202_103637\" width=\"2560\" height=\"1920\" \/>\r\n\t\t\t\t\t\t\t\t\t\t<div class=\"slideshow_description_box slideshow_transparent\">\r\n\t\t\t\t\t\t<div class=\"slideshow_title\">20221202_103637<\/div>\t\t\t\t\t\t\t\t\t\t\t<\/div>\r\n\t\t\t\t<\/div>\r\n\r\n\t\t\t\t\t\t<div style=\"clear: both;\"><\/div><\/div><div class=\"slideshow_view\">\r\n\t\t\t\t<div class=\"slideshow_slide slideshow_slide_image\">\r\n\t\t\t\t\t\t\t\t\t\t\t<img src=\"https:\/\/serveiseducatius.xtec.cat\/cda-valldeboi\/wp-content\/uploads\/usu1369\/2025\/03\/b1a0fd2c-d8a2-4331-8d4e-e654a4f31273.jpg\" alt=\"b1a0fd2c-d8a2-4331-8d4e-e654a4f31273\" width=\"2400\" height=\"1800\" \/>\r\n\t\t\t\t\t\t\t\t\t\t<div class=\"slideshow_description_box slideshow_transparent\">\r\n\t\t\t\t\t\t<div class=\"slideshow_title\">b1a0fd2c-d8a2-4331-8d4e-e654a4f31273<\/div>\t\t\t\t\t\t\t\t\t\t\t<\/div>\r\n\t\t\t\t<\/div>\r\n\r\n\t\t\t\t\t\t<div style=\"clear: both;\"><\/div><\/div><div class=\"slideshow_view\">\r\n\t\t\t\t<div class=\"slideshow_slide slideshow_slide_image\">\r\n\t\t\t\t\t\t\t\t\t\t\t<img src=\"https:\/\/serveiseducatius.xtec.cat\/cda-valldeboi\/wp-content\/uploads\/usu1369\/2025\/03\/1d94d553-d1dd-48df-9a9a-56957c017dc1.jpg\" alt=\"1d94d553-d1dd-48df-9a9a-56957c017dc1\" width=\"2560\" height=\"1920\" \/>\r\n\t\t\t\t\t\t\t\t\t\t<div class=\"slideshow_description_box slideshow_transparent\">\r\n\t\t\t\t\t\t<div class=\"slideshow_title\">1d94d553-d1dd-48df-9a9a-56957c017dc1<\/div>\t\t\t\t\t\t\t\t\t\t\t<\/div>\r\n\t\t\t\t<\/div>\r\n\r\n\t\t\t\t\t\t<div style=\"clear: both;\"><\/div><\/div><div class=\"slideshow_view\">\r\n\t\t\t\t<div class=\"slideshow_slide slideshow_slide_image\">\r\n\t\t\t\t\t\t\t\t\t\t\t<img src=\"https:\/\/serveiseducatius.xtec.cat\/cda-valldeboi\/wp-content\/uploads\/usu1369\/2025\/03\/5d9f9fca-5c01-41e4-be7f-7541f356e937.jpg\" alt=\"5d9f9fca-5c01-41e4-be7f-7541f356e937\" width=\"2000\" height=\"991\" \/>\r\n\t\t\t\t\t\t\t\t\t\t<div class=\"slideshow_description_box slideshow_transparent\">\r\n\t\t\t\t\t\t<div class=\"slideshow_title\">5d9f9fca-5c01-41e4-be7f-7541f356e937<\/div>\t\t\t\t\t\t\t\t\t\t\t<\/div>\r\n\t\t\t\t<\/div>\r\n\r\n\t\t\t\t\t\t<div style=\"clear: both;\"><\/div><\/div><div class=\"slideshow_view\">\r\n\t\t\t\t<div class=\"slideshow_slide slideshow_slide_image\">\r\n\t\t\t\t\t\t\t\t\t\t\t<img src=\"https:\/\/serveiseducatius.xtec.cat\/cda-valldeboi\/wp-content\/uploads\/usu1369\/2025\/03\/11252aa6-ab81-4281-b4cd-4be259be059f.jpg\" alt=\"11252aa6-ab81-4281-b4cd-4be259be059f\" width=\"2560\" height=\"1920\" \/>\r\n\t\t\t\t\t\t\t\t\t\t<div class=\"slideshow_description_box slideshow_transparent\">\r\n\t\t\t\t\t\t<div class=\"slideshow_title\">11252aa6-ab81-4281-b4cd-4be259be059f<\/div>\t\t\t\t\t\t\t\t\t\t\t<\/div>\r\n\t\t\t\t<\/div>\r\n\r\n\t\t\t\t\t\t<div style=\"clear: both;\"><\/div><\/div><div class=\"slideshow_view\">\r\n\t\t\t\t<div class=\"slideshow_slide slideshow_slide_image\">\r\n\t\t\t\t\t\t\t\t\t\t\t<img src=\"https:\/\/serveiseducatius.xtec.cat\/cda-valldeboi\/wp-content\/uploads\/usu1369\/2025\/03\/Disseny-sense-titol-10.jpg\" alt=\"Disseny-sense-titol-10\" width=\"1370\" height=\"450\" \/>\r\n\t\t\t\t\t\t\t\t\t\t<div class=\"slideshow_description_box slideshow_transparent\">\r\n\t\t\t\t\t\t<div class=\"slideshow_title\">Disseny-sense-titol-10<\/div>\t\t\t\t\t\t\t\t\t\t\t<\/div>\r\n\t\t\t\t<\/div>\r\n\r\n\t\t\t\t\t\t<div style=\"clear: both;\"><\/div><\/div><div class=\"slideshow_view\">\r\n\t\t\t\t<div class=\"slideshow_slide slideshow_slide_image\">\r\n\t\t\t\t\t\t\t\t\t\t\t<img src=\"https:\/\/serveiseducatius.xtec.cat\/cda-valldeboi\/wp-content\/uploads\/usu1369\/2025\/03\/83d7d590-6854-4806-bd9a-d0a8bcf02615-scaled.jpg\" alt=\"83d7d590-6854-4806-bd9a-d0a8bcf02615\" width=\"2560\" height=\"437\" \/>\r\n\t\t\t\t\t\t\t\t\t\t<div class=\"slideshow_description_box slideshow_transparent\">\r\n\t\t\t\t\t\t<div class=\"slideshow_title\">83d7d590-6854-4806-bd9a-d0a8bcf02615<\/div>\t\t\t\t\t\t\t\t\t\t\t<\/div>\r\n\t\t\t\t<\/div>\r\n\r\n\t\t\t\t\t\t<div style=\"clear: both;\"><\/div><\/div><div class=\"slideshow_view\">\r\n\t\t\t\t<div class=\"slideshow_slide slideshow_slide_image\">\r\n\t\t\t\t\t\t\t\t\t\t\t<img src=\"https:\/\/serveiseducatius.xtec.cat\/cda-valldeboi\/wp-content\/uploads\/usu1369\/2016\/07\/aig\u00fcestortes-4.jpg\" alt=\"aig\u00fcestortes 4\" width=\"1326\" height=\"1200\" \/>\r\n\t\t\t\t\t\t\t\t\t\t<div class=\"slideshow_description_box slideshow_transparent\">\r\n\t\t\t\t\t\t<div class=\"slideshow_title\">aig\u00fcestortes 4<\/div>\t\t\t\t\t\t\t\t\t\t\t<\/div>\r\n\t\t\t\t<\/div>\r\n\r\n\t\t\t\t\t\t<div style=\"clear: both;\"><\/div><\/div><div class=\"slideshow_view\">\r\n\t\t\t\t<div class=\"slideshow_slide slideshow_slide_image\">\r\n\t\t\t\t\t\t\t\t\t\t\t<img src=\"https:\/\/serveiseducatius.xtec.cat\/cda-valldeboi\/wp-content\/uploads\/usu1369\/2016\/07\/hidrobiologia-3.jpg\" alt=\"hidrobiologia 3\" width=\"2560\" height=\"1920\" \/>\r\n\t\t\t\t\t\t\t\t\t\t<div class=\"slideshow_description_box slideshow_transparent\">\r\n\t\t\t\t\t\t<div class=\"slideshow_title\">hidrobiologia 3<\/div>\t\t\t\t\t\t\t\t\t\t\t<\/div>\r\n\t\t\t\t<\/div>\r\n\r\n\t\t\t\t\t\t<div style=\"clear: both;\"><\/div><\/div><div class=\"slideshow_view\">\r\n\t\t\t\t<div class=\"slideshow_slide slideshow_slide_image\">\r\n\t\t\t\t\t\t\t\t\t\t\t<img src=\"https:\/\/serveiseducatius.xtec.cat\/cda-valldeboi\/wp-content\/uploads\/usu1369\/2016\/07\/hidrobiologia.jpg\" alt=\"hidrobiologia\" width=\"1024\" height=\"576\" \/>\r\n\t\t\t\t\t\t\t\t\t\t<div class=\"slideshow_description_box slideshow_transparent\">\r\n\t\t\t\t\t\t<div class=\"slideshow_title\">hidrobiologia<\/div>\t\t\t\t\t\t\t\t\t\t\t<\/div>\r\n\t\t\t\t<\/div>\r\n\r\n\t\t\t\t\t\t<div style=\"clear: both;\"><\/div><\/div><div class=\"slideshow_view\">\r\n\t\t\t\t<div class=\"slideshow_slide slideshow_slide_image\">\r\n\t\t\t\t\t\t\t\t\t\t\t<img src=\"https:\/\/serveiseducatius.xtec.cat\/cda-valldeboi\/wp-content\/uploads\/usu1369\/2018\/01\/fotos\u00edntesi.jpg\" alt=\"fotos\u00edntesi\" width=\"2560\" height=\"1920\" \/>\r\n\t\t\t\t\t\t\t\t\t\t<div class=\"slideshow_description_box slideshow_transparent\">\r\n\t\t\t\t\t\t<div class=\"slideshow_title\">fotos\u00edntesi<\/div>\t\t\t\t\t\t\t\t\t\t\t<\/div>\r\n\t\t\t\t<\/div>\r\n\r\n\t\t\t\t\t\t<div style=\"clear: both;\"><\/div><\/div><div class=\"slideshow_view\">\r\n\t\t\t\t<div class=\"slideshow_slide slideshow_slide_image\">\r\n\t\t\t\t\t\t\t\t\t\t\t<img src=\"https:\/\/serveiseducatius.xtec.cat\/cda-valldeboi\/wp-content\/uploads\/usu1369\/2025\/03\/20250213_154113-scaled.jpg\" alt=\"20250213_154113\" width=\"2560\" height=\"1153\" \/>\r\n\t\t\t\t\t\t\t\t\t\t<div class=\"slideshow_description_box slideshow_transparent\">\r\n\t\t\t\t\t\t<div class=\"slideshow_title\">20250213_154113<\/div>\t\t\t\t\t\t\t\t\t\t\t<\/div>\r\n\t\t\t\t<\/div>\r\n\r\n\t\t\t\t\t\t<div style=\"clear: both;\"><\/div><\/div><div class=\"slideshow_view\">\r\n\t\t\t\t<div class=\"slideshow_slide slideshow_slide_image\">\r\n\t\t\t\t\t\t\t\t\t\t\t<img src=\"https:\/\/serveiseducatius.xtec.cat\/cda-valldeboi\/wp-content\/uploads\/usu1369\/2018\/01\/lab1-1.jpg\" alt=\"lab1\" width=\"2560\" height=\"1920\" \/>\r\n\t\t\t\t\t\t\t\t\t\t<div class=\"slideshow_description_box slideshow_transparent\">\r\n\t\t\t\t\t\t<div class=\"slideshow_title\">lab1<\/div>\t\t\t\t\t\t\t\t\t\t\t<\/div>\r\n\t\t\t\t<\/div>\r\n\r\n\t\t\t\t\t\t<div style=\"clear: both;\"><\/div><\/div><div class=\"slideshow_view\">\r\n\t\t\t\t<div class=\"slideshow_slide slideshow_slide_image\">\r\n\t\t\t\t\t\t\t\t\t\t\t<img src=\"https:\/\/serveiseducatius.xtec.cat\/cda-valldeboi\/wp-content\/uploads\/usu1369\/2025\/03\/31140414-c7ba-4f60-8cee-21d30a74aa27.jpg\" alt=\"31140414-c7ba-4f60-8cee-21d30a74aa27\" width=\"1984\" height=\"1488\" \/>\r\n\t\t\t\t\t\t\t\t\t\t<div class=\"slideshow_description_box slideshow_transparent\">\r\n\t\t\t\t\t\t<div class=\"slideshow_title\">31140414-c7ba-4f60-8cee-21d30a74aa27<\/div>\t\t\t\t\t\t\t\t\t\t\t<\/div>\r\n\t\t\t\t<\/div>\r\n\r\n\t\t\t\t\t\t<div style=\"clear: both;\"><\/div><\/div><div class=\"slideshow_view\">\r\n\t\t\t\t<div class=\"slideshow_slide slideshow_slide_image\">\r\n\t\t\t\t\t\t\t\t\t\t\t<img src=\"https:\/\/serveiseducatius.xtec.cat\/cda-valldeboi\/wp-content\/uploads\/usu1369\/2025\/03\/fcdc6837-5869-4b13-8fb8-b3e53361ff6b.jpg\" alt=\"fcdc6837-5869-4b13-8fb8-b3e53361ff6b\" width=\"2560\" height=\"1920\" \/>\r\n\t\t\t\t\t\t\t\t\t\t<div class=\"slideshow_description_box slideshow_transparent\">\r\n\t\t\t\t\t\t<div class=\"slideshow_title\">fcdc6837-5869-4b13-8fb8-b3e53361ff6b<\/div>\t\t\t\t\t\t\t\t\t\t\t<\/div>\r\n\t\t\t\t<\/div>\r\n\r\n\t\t\t\t\t\t<div style=\"clear: both;\"><\/div><\/div><div class=\"slideshow_view\">\r\n\t\t\t\t<div class=\"slideshow_slide slideshow_slide_image\">\r\n\t\t\t\t\t\t\t\t\t\t\t<img src=\"https:\/\/serveiseducatius.xtec.cat\/cda-valldeboi\/wp-content\/uploads\/usu1369\/2016\/07\/aig\u00fcestortes-hivern.jpg\" alt=\"aig\u00fcestortes hivern\" width=\"2560\" height=\"1920\" \/>\r\n\t\t\t\t\t\t\t\t\t\t<div class=\"slideshow_description_box slideshow_transparent\">\r\n\t\t\t\t\t\t<div class=\"slideshow_title\">aig\u00fcestortes hivern<\/div>\t\t\t\t\t\t\t\t\t\t\t<\/div>\r\n\t\t\t\t<\/div>\r\n\r\n\t\t\t\t\t\t<div style=\"clear: both;\"><\/div><\/div><div class=\"slideshow_view\">\r\n\t\t\t\t<div class=\"slideshow_slide slideshow_slide_image\">\r\n\t\t\t\t\t\t\t\t\t\t\t<img src=\"https:\/\/serveiseducatius.xtec.cat\/cda-valldeboi\/wp-content\/uploads\/usu1369\/2016\/07\/aig\u00fcestortes.jpg\" alt=\"aig\u00fcestortes\" width=\"2560\" height=\"1920\" \/>\r\n\t\t\t\t\t\t\t\t\t\t<div class=\"slideshow_description_box slideshow_transparent\">\r\n\t\t\t\t\t\t<div class=\"slideshow_title\">aig\u00fcestortes<\/div>\t\t\t\t\t\t\t\t\t\t\t<\/div>\r\n\t\t\t\t<\/div>\r\n\r\n\t\t\t\t\t\t<div style=\"clear: both;\"><\/div><\/div><div class=\"slideshow_view\">\r\n\t\t\t\t<div class=\"slideshow_slide slideshow_slide_image\">\r\n\t\t\t\t\t\t\t\t\t\t\t<img src=\"https:\/\/serveiseducatius.xtec.cat\/cda-valldeboi\/wp-content\/uploads\/usu1369\/2016\/07\/alta-ribagor\u00e7a.jpg\" alt=\"alta ribagor\u00e7a\" width=\"2560\" height=\"1920\" \/>\r\n\t\t\t\t\t\t\t\t\t\t<div class=\"slideshow_description_box slideshow_transparent\">\r\n\t\t\t\t\t\t<div class=\"slideshow_title\">alta ribagor\u00e7a<\/div>\t\t\t\t\t\t\t\t\t\t\t<\/div>\r\n\t\t\t\t<\/div>\r\n\r\n\t\t\t\t\t\t<div style=\"clear: both;\"><\/div><\/div><div class=\"slideshow_view\">\r\n\t\t\t\t<div class=\"slideshow_slide slideshow_slide_image\">\r\n\t\t\t\t\t\t\t\t\t\t\t<img src=\"https:\/\/serveiseducatius.xtec.cat\/cda-valldeboi\/wp-content\/uploads\/usu1369\/2016\/07\/barruera.jpg\" alt=\"barruera\" width=\"1024\" height=\"768\" \/>\r\n\t\t\t\t\t\t\t\t\t\t<div class=\"slideshow_description_box slideshow_transparent\">\r\n\t\t\t\t\t\t<div class=\"slideshow_title\">barruera<\/div>\t\t\t\t\t\t\t\t\t\t\t<\/div>\r\n\t\t\t\t<\/div>\r\n\r\n\t\t\t\t\t\t<div style=\"clear: both;\"><\/div><\/div><div class=\"slideshow_view\">\r\n\t\t\t\t<div class=\"slideshow_slide slideshow_slide_image\">\r\n\t\t\t\t\t\t\t\t\t\t\t<img src=\"https:\/\/serveiseducatius.xtec.cat\/cda-valldeboi\/wp-content\/uploads\/usu1369\/2016\/07\/cami-de-laigua.jpg\" alt=\"cami de l&#039;aigua\" width=\"2560\" height=\"1920\" \/>\r\n\t\t\t\t\t\t\t\t\t\t<div class=\"slideshow_description_box slideshow_transparent\">\r\n\t\t\t\t\t\t<div class=\"slideshow_title\">cami de l&#039;aigua<\/div>\t\t\t\t\t\t\t\t\t\t\t<\/div>\r\n\t\t\t\t<\/div>\r\n\r\n\t\t\t\t\t\t<div style=\"clear: both;\"><\/div><\/div><div class=\"slideshow_view\">\r\n\t\t\t\t<div class=\"slideshow_slide slideshow_slide_image\">\r\n\t\t\t\t\t\t\t\t\t\t\t<img src=\"https:\/\/serveiseducatius.xtec.cat\/cda-valldeboi\/wp-content\/uploads\/usu1369\/2016\/07\/CdA.jpg\" alt=\"CdA\" width=\"980\" height=\"270\" \/>\r\n\t\t\t\t\t\t\t\t\t\t<div class=\"slideshow_description_box slideshow_transparent\">\r\n\t\t\t\t\t\t<div class=\"slideshow_title\">CdA<\/div>\t\t\t\t\t\t\t\t\t\t\t<\/div>\r\n\t\t\t\t<\/div>\r\n\r\n\t\t\t\t\t\t<div style=\"clear: both;\"><\/div><\/div>\r\n\t\t<\/div>\r\n\r\n\t\t<div class=\"slideshow_controlPanel slideshow_transparent\" style=\"display: none;\"><ul><li class=\"slideshow_togglePlay\" data-play-text=\"Visualitza\" data-pause-text=\"Pausa\"><\/li><\/ul><\/div>\r\n\r\n\t\t<div class=\"slideshow_button slideshow_previous slideshow_transparent\" role=\"button\" data-previous-text=\"Anterior\" style=\"display: none;\"><\/div>\r\n\t\t<div class=\"slideshow_button slideshow_next slideshow_transparent\" role=\"button\" data-next-text=\"Seg\u00fcent\" style=\"display: none;\"><\/div>\r\n\r\n\t\t<div class=\"slideshow_pagination\" style=\"display: none;\" data-go-to-text=\"V\u00e9s a la diapositiva\"><div class=\"slideshow_pagination_center\"><\/div><\/div>\r\n\r\n\t\t<!-- WordPress Slideshow Version 2.3.1 -->\r\n\r\n\t\t\t<\/div>\r\n\r\n\n\n\n\n<p>El Camp d&#8217;Aprenentatge de la Vall de Bo\u00ed \u00e9s un servei educatiu del Departament d&#8217;Educaci\u00f3 de la Generalitat de Catalunya que ofereix als nois i noies de tots els centres educatius la possibilitat de realitzar una estada pedag\u00f2gica en un indret de caracter\u00edstiques singulars com \u00e9s la Vall de Bo\u00ed. Durant l&#8217;estada, l&#8217;alumnat realitzar\u00e0 activitats pedag\u00f2giques en un entorn caracteritzat pel seu ric patrimoni natural, amb les les caracter\u00edstiques d&#8217;un ambient d&#8217;alta muntanya, format per prats i boscos caducifolis al fons de la vall i boscos de con\u00edferes i pastures en les seues parts m\u00e9s altes. Tamb\u00e9 hi trobem un ric patrimoni cultural representat pel conjunt d&#8217;esgl\u00e9sies rom\u00e0niques, declarat Patrimoni de la Humanitat l&#8217;any 2000, aix\u00ed com la festa de les falles, declarada tamb\u00e9 Patrimoni Immaterial de la Humanitat per la UNESCO l&#8217;any 2015.<\/p>\n\n\n\n<p class=\"has-text-align-center\"><iframe loading=\"lazy\" src=\"\/\/www.youtube.com\/embed\/f2c3rd96uzI\" width=\"560\" height=\"314\"><\/iframe><\/p>\n\n\n\n<p>Les activitats que oferim permeten estudiar interdisciplin\u00e0riament diferents aspectes del medi natural i del patrimoni cultural mitjan\u00e7ant l&#8217;observaci\u00f3, la descoberta de l&#8217;entorn i l&#8217;experimentaci\u00f3. Actualment oferim activitats adequades per als nivells educatius seg\u00fcents:<\/p>\n\n\n\n<figure class=\"wp-block-table\"><table class=\"has-ast-global-color-0-background-color has-background\"><tbody><tr><td class=\"has-text-align-center\" data-align=\"center\" rowspan=\"2\"><strong><span style=\"color: #ffffff;\">Ed. Infantil<\/span><\/strong><\/td><td class=\"has-text-align-center\" data-align=\"center\" colspan=\"3\"><strong><span style=\"color: #ffffff;\">Ed. Prim\u00e0ria<\/span><\/strong><\/td><td class=\"has-text-align-center\" data-align=\"center\" colspan=\"2\"><strong><span style=\"color: #ffffff;\">ESO<\/span><\/strong><\/td><td class=\"has-text-align-center\" data-align=\"center\" colspan=\"2\"><strong><span style=\"color: #ffffff;\">Cicles Formatius<\/span><\/strong><\/td><td class=\"has-text-align-center\" data-align=\"center\" rowspan=\"2\"><strong><span style=\"color: #ffffff;\">Batxillerat<\/span><\/strong><\/td><\/tr><tr><td class=\"has-text-align-center\" data-align=\"center\"><strong><span style=\"color: #ffffff;\">Cicle inicial<\/span><\/strong><\/td><td class=\"has-text-align-center\" data-align=\"center\"><strong><span style=\"color: #ffffff;\">Cicle mitj\u00e0<\/span><\/strong><\/td><td class=\"has-text-align-center\" data-align=\"center\"><strong><span style=\"color: #ffffff;\">Cicle superior<\/span><\/strong><\/td><td class=\"has-text-align-center\" data-align=\"center\"><strong><span style=\"color: #ffffff;\">1,2<\/span><\/strong><\/td><td class=\"has-text-align-center\" data-align=\"center\"><strong><span style=\"color: #ffffff;\">3,4<\/span><\/strong><\/td><td class=\"has-text-align-center\" data-align=\"center\"><strong><span style=\"color: #ffffff;\">Grau mitj\u00e0<\/span><\/strong><\/td><td class=\"has-text-align-center\" data-align=\"center\"><strong><span style=\"color: #ffffff;\">Grau superior<\/span><\/strong><\/td><\/tr><\/tbody><\/table><\/figure>\n\n\n\n<p class=\"has-text-align-left\"><span style=\"font-size: small;\"><sup><br>1<\/sup><\/span><span style=\"font-size: small;\">Els camps d&#8217;aprenentatge s\u00f3n serveis educatius del Departament d&#8217;Educaci\u00f3 que ofereixen al professorat i als centres docents la possibilitat de desenvolupar projectes de treball per a l&#8217;estudi i l&#8217;experimentaci\u00f3 en un medi singular de Catalunya; s&#8217;adrecen principalment a alumnes d&#8217;educaci\u00f3 prim\u00e0ria, secund\u00e0ria, cicles formatius i batxillerat. Podeu trobar m\u00e9s informaci\u00f3 a la <a href=\"http:\/\/xtec.gencat.cat\/ca\/serveis\/cda\/\" target=\"_blank\" rel=\"noopener noreferrer\">web del Departament d&#8217;Ensenyament<\/a>.<\/span><\/p>\n","protected":false},"excerpt":{"rendered":"<p>El Camp d&#8217;Aprenentatge de la Vall de Bo\u00ed \u00e9s un servei educatiu del Departament d&#8217;Educaci\u00f3 de la Generalitat de Catalunya [&hellip;]<\/p>\n","protected":false},"author":1,"featured_media":0,"parent":8225,"menu_order":10,"comment_status":"closed","ping_status":"closed","template":"","meta":{"site-sidebar-layout":"default","site-content-layout":"","ast-site-content-layout":"default","site-content-style":"default","site-sidebar-style":"default","ast-global-header-display":"","ast-banner-title-visibility":"","ast-main-header-display":"","ast-hfb-above-header-display":"","ast-hfb-below-header-display":"","ast-hfb-mobile-header-display":"","site-post-title":"","ast-breadcrumbs-content":"","ast-featured-img":"","footer-sml-layout":"","theme-transparent-header-meta":"","adv-header-id-meta":"","stick-header-meta":"","header-above-stick-meta":"","header-main-stick-meta":"","header-below-stick-meta":"","astra-migrate-meta-layouts":"set","ast-page-background-enabled":"default","ast-page-background-meta":{"desktop":{"background-color":"var(--ast-global-color-4)","background-image":"","background-repeat":"repeat","background-position":"center center","background-size":"auto","background-attachment":"scroll","background-type":"","background-media":"","overlay-type":"","overlay-color":"","overlay-opacity":"","overlay-gradient":""},"tablet":{"background-color":"","background-image":"","background-repeat":"repeat","background-position":"center center","background-size":"auto","background-attachment":"scroll","background-type":"","background-media":"","overlay-type":"","overlay-color":"","overlay-opacity":"","overlay-gradient":""},"mobile":{"background-color":"","background-image":"","background-repeat":"repeat","background-position":"center center","background-size":"auto","background-attachment":"scroll","background-type":"","background-media":"","overlay-type":"","overlay-color":"","overlay-opacity":"","overlay-gradient":""}},"ast-content-background-meta":{"desktop":{"background-color":"var(--ast-global-color-5)","background-image":"","background-repeat":"repeat","background-position":"center center","background-size":"auto","background-attachment":"scroll","background-type":"","background-media":"","overlay-type":"","overlay-color":"","overlay-opacity":"","overlay-gradient":""},"tablet":{"background-color":"var(--ast-global-color-5)","background-image":"","background-repeat":"repeat","background-position":"center center","background-size":"auto","background-attachment":"scroll","background-type":"","background-media":"","overlay-type":"","overlay-color":"","overlay-opacity":"","overlay-gradient":""},"mobile":{"background-color":"var(--ast-global-color-5)","background-image":"","background-repeat":"repeat","background-position":"center center","background-size":"auto","background-attachment":"scroll","background-type":"","background-media":"","overlay-type":"","overlay-color":"","overlay-opacity":"","overlay-gradient":""}},"footnotes":""},"class_list":["post-54","page","type-page","status-publish","hentry"],"post_mailing_queue_ids":[],"_links":{"self":[{"href":"https:\/\/serveiseducatius.xtec.cat\/cda-valldeboi\/wp-json\/wp\/v2\/pages\/54","targetHints":{"allow":["GET"]}}],"collection":[{"href":"https:\/\/serveiseducatius.xtec.cat\/cda-valldeboi\/wp-json\/wp\/v2\/pages"}],"about":[{"href":"https:\/\/serveiseducatius.xtec.cat\/cda-valldeboi\/wp-json\/wp\/v2\/types\/page"}],"author":[{"embeddable":true,"href":"https:\/\/serveiseducatius.xtec.cat\/cda-valldeboi\/wp-json\/wp\/v2\/users\/1"}],"replies":[{"embeddable":true,"href":"https:\/\/serveiseducatius.xtec.cat\/cda-valldeboi\/wp-json\/wp\/v2\/comments?post=54"}],"version-history":[{"count":4,"href":"https:\/\/serveiseducatius.xtec.cat\/cda-valldeboi\/wp-json\/wp\/v2\/pages\/54\/revisions"}],"predecessor-version":[{"id":10204,"href":"https:\/\/serveiseducatius.xtec.cat\/cda-valldeboi\/wp-json\/wp\/v2\/pages\/54\/revisions\/10204"}],"up":[{"embeddable":true,"href":"https:\/\/serveiseducatius.xtec.cat\/cda-valldeboi\/wp-json\/wp\/v2\/pages\/8225"}],"wp:attachment":[{"href":"https:\/\/serveiseducatius.xtec.cat\/cda-valldeboi\/wp-json\/wp\/v2\/media?parent=54"}],"curies":[{"name":"wp","href":"https:\/\/api.w.org\/{rel}","templated":true}]}}