{"id":433,"date":"2013-11-19T17:56:41","date_gmt":"2013-11-19T16:56:41","guid":{"rendered":"http:\/\/blocs.xtec.cat\/cdaaltbergueda\/?page_id=433"},"modified":"2022-02-07T12:20:18","modified_gmt":"2022-02-07T11:20:18","slug":"meteorologia","status":"publish","type":"page","link":"https:\/\/serveiseducatius.xtec.cat\/cda-valldeboi\/meteorologia\/","title":{"rendered":"Meteorologia"},"content":{"rendered":"<p style=\"font-family: 'Helvetica Neue', Helvetica, Helvetica, Arial, sans-serif; font-size: 16px; text-align: justify;\">Al Camp d&#8217;Aprenentatge disposem d&#8217;una estaci\u00f3 meteorol\u00f2gica autom\u00e0tica model Davis Vantage Pro 2 Plus, ubicada a les instal\u00b7lacions del Camp d&#8217;Aprenentatge de la Vall de Bo\u00ed a Barruera (La Vall de Bo\u00ed). Mant\u00e9 connexi\u00f3 autom\u00e0tica amb la xarxa catalana <a href=\"https:\/\/www.meteoclimatic.net\/perfil\/ESCAT2500000025527A\">Meteoclimatic\u00a0<\/a>i l&#8217;alemanya\u00a0<a href=\"https:\/\/www.awekas.at\/es\/instrument.php?id=1967\" target=\"_blank\" rel=\"noopener noreferrer\">Awekas<\/a>. Tamb\u00e9 hi ha instal\u00b7lada una estaci\u00f3 meteorol\u00f2gica de l&#8217;Ag\u00e8ncia Estatal de Meteorologia, qui publica les dades de Barruera a la seva web (<a href=\"http:\/\/www.aemet.es\/ca\/eltiempo\/observacion\/ultimosdatos?k=cat&amp;l=9744B&amp;w=0&amp;datos=img\">web de l&#8217;AEMET &#8211; Barruera)<\/a>.<\/p>\n<p><span style=\"color: #ff9900;\"><strong><a style=\"color: #ff9900;\" href=\"https:\/\/www.awekas.at\/es\/instrument.php?id=1967\">DADES ACTUALS\u00a0<\/a><\/strong><\/span><\/p>\n<p><a href=\"https:\/\/serveiseducatius.xtec.cat\/cda-valldeboi\/wp-content\/uploads\/usu1369\/2019\/03\/IMG_20190308_114646_285b.jpg\"><img loading=\"lazy\" decoding=\"async\" class=\"alignleft wp-image-9171\" src=\"https:\/\/serveiseducatius.xtec.cat\/cda-valldeboi\/wp-content\/uploads\/usu1369\/2019\/03\/IMG_20190308_114646_285b.jpg\" alt=\"\" width=\"175\" height=\"233\" srcset=\"https:\/\/serveiseducatius.xtec.cat\/cda-valldeboi\/wp-content\/uploads\/usu1369\/2019\/03\/IMG_20190308_114646_285b.jpg 692w, https:\/\/serveiseducatius.xtec.cat\/cda-valldeboi\/wp-content\/uploads\/usu1369\/2019\/03\/IMG_20190308_114646_285b-225x300.jpg 225w\" sizes=\"auto, (max-width: 175px) 100vw, 175px\" \/><\/a><img loading=\"lazy\" decoding=\"async\" class=\"alignnone\" src=\"https:\/\/www.meteoclimatic.net\/pastilla\/ESCAT2500000025527A.gif\" alt=\"\" width=\"191\" height=\"110\" \/><\/p>\n<p><iframe loading=\"lazy\" src=\"https:\/\/widget.awekas.at\/widget3.php?id=1967&amp;lng=es&amp;uni=c&amp;wuni=km&amp;rad=14&amp;bg=#178bcf1a&amp;co=#000000ff&amp;bo=#b9b9b9ff\" name=\"AWEKAS Wetterwidget\" width=\"230\" height=\"110 frameborder=\"><\/iframe><\/p>\n<table style=\"height: 185px; width: 820px;\" width=\"1362\">\n<tbody>\n<tr style=\"height: 45px;\">\n<td style=\"width: 820px; height: 55px; text-align: left;\" colspan=\"14\">\n<h6><strong style=\"color: #ff9900;\">RESUM DE DADES BARRUERA<\/strong><\/h6>\n<\/td>\n<\/tr>\n<tr>\n<td style=\"width: 51px; text-align: center;\"><strong style=\"text-align: center; background-color: #ffffff;\">Any 2017<\/strong><\/td>\n<td style=\"width: 62px; text-align: center;\"><span style=\"text-align: center; background-color: #ffffff;\">\u00a0<\/span><\/td>\n<td style=\"width: 60px;\"><span style=\"text-align: center; background-color: #ffffff;\">\u00a0<\/span><\/td>\n<td style=\"width: 60px; text-align: center;\"><span style=\"text-align: center; background-color: #ffffff;\">\u00a0<\/span><\/td>\n<td style=\"width: 57px; text-align: center;\"><span style=\"text-align: center; background-color: #ffffff;\">\u00a0<\/span><\/td>\n<td style=\"width: 58px; text-align: center;\"><span style=\"text-align: center; background-color: #ffffff;\">\u00a0<\/span><\/td>\n<td style=\"width: 58px; text-align: center;\"><span style=\"text-align: center; background-color: #ffffff;\">\u00a0<\/span><\/td>\n<td style=\"width: 53px; text-align: center;\"><span style=\"text-align: center; background-color: #ffffff;\">\u00a0<\/span><\/td>\n<td style=\"width: 60px; text-align: center;\"><span style=\"text-align: center; background-color: #ffffff;\">\u00a0<\/span><\/td>\n<td style=\"width: 57px; text-align: center;\"><span style=\"text-align: center; background-color: #ffffff;\">\u00a0<\/span><\/td>\n<td style=\"width: 57px; text-align: center;\"><span style=\"text-align: center; background-color: #ffffff;\">\u00a0<\/span><\/td>\n<td style=\"width: 60px; text-align: center;\"><span style=\"text-align: center; background-color: #ffffff;\">\u00a0<\/span><\/td>\n<td style=\"width: 60px; text-align: center;\"><span style=\"text-align: center; background-color: #ffffff;\">\u00a0<\/span><\/td>\n<td style=\"width: 67px; text-align: center;\"><strong><a href=\"https:\/\/drive.google.com\/file\/d\/1tVj6mDQ58g0hXTd1Q9H6ERUqsdtaXp7W\/view?usp=sharing\">Resum anual 2017<\/a><\/strong><\/td>\n<\/tr>\n<tr style=\"height: 45px;\">\n<td style=\"width: 51px; height: 55px; text-align: center;\"><strong style=\"text-align: center; background-color: #ffffff;\">Any 2018<\/strong><\/td>\n<td style=\"width: 62px; height: 55px; text-align: center;\"><del><span style=\"text-align: center; background-color: #ffffff;\">Gen18<\/span><\/del><\/td>\n<td style=\"width: 60px; height: 55px;\"><del><span style=\"text-align: center; background-color: #ffffff;\">Feb18<\/span><\/del><\/td>\n<td style=\"width: 60px; height: 55px; text-align: center;\"><del><span style=\"text-align: center; background-color: #ffffff;\">Mar18<\/span><\/del><\/td>\n<td style=\"width: 57px; height: 55px; text-align: center;\"><del><span style=\"text-align: center; background-color: #ffffff;\">Abr18<\/span><\/del><\/td>\n<td style=\"width: 58px; height: 55px; text-align: center;\"><del><span style=\"text-align: center; background-color: #ffffff;\">Mai18<\/span><\/del><\/td>\n<td style=\"width: 58px; height: 55px; text-align: center;\"><del><span style=\"text-align: center; background-color: #ffffff;\">Jun18<\/span><\/del><\/td>\n<td style=\"width: 53px; height: 55px; text-align: center;\"><del><span style=\"text-align: center; background-color: #ffffff;\">Jul18<\/span><\/del><\/td>\n<td style=\"width: 60px; height: 55px; text-align: center;\"><del><span style=\"text-align: center; background-color: #ffffff;\">Ago18<\/span><\/del><\/td>\n<td style=\"width: 57px; height: 55px; text-align: center;\"><del><span style=\"text-align: center; background-color: #ffffff;\">Set18<\/span><\/del><\/td>\n<td style=\"width: 57px; height: 55px; text-align: center;\"><del><span style=\"text-align: center; background-color: #ffffff;\">Oct18<\/span><\/del><\/td>\n<td style=\"width: 60px; height: 55px; text-align: center;\"><del><span style=\"text-align: center; background-color: #ffffff;\">Nov18<\/span><\/del><\/td>\n<td style=\"width: 60px; height: 55px; text-align: center;\"><del><span style=\"text-align: center; background-color: #ffffff;\">Des18<\/span><\/del><\/td>\n<td style=\"width: 67px; height: 55px; text-align: center;\"><a href=\"https:\/\/drive.google.com\/file\/d\/1-544kGxJDHerOBxiwSfXVR-xrH8-kgWv\/view?usp=sharing\"><strong>Resum anual 2018<\/strong><\/a><\/td>\n<\/tr>\n<tr style=\"height: 45px;\">\n<td style=\"width: 51px; height: 55px; text-align: center;\"><strong style=\"text-align: center;\">Any 2019<\/strong><\/td>\n<td style=\"width: 62px; height: 55px; text-align: center;\"><a href=\"https:\/\/drive.google.com\/file\/d\/168z3fIA-Y3M4eo1fNPMr5jbayvilRd0O\/view?usp=sharing\"><span style=\"text-align: center;\">Gen19<\/span><\/a><\/td>\n<td style=\"width: 60px; height: 55px; text-align: center;\"><a href=\"https:\/\/drive.google.com\/file\/d\/15kryC0mKRWorMn4a5vdspW3G2GiHzzMs\/view?usp=sharing\"><span style=\"text-align: center;\">Feb19<\/span><\/a><\/td>\n<td style=\"width: 60px; height: 55px; text-align: center;\"><a href=\"https:\/\/drive.google.com\/file\/d\/1b-_IiG6vjeYTKZoTvxdblTJQI0tYUC0U\/view?usp=sharing\"><span style=\"text-align: center;\">Mar19<\/span><\/a><\/td>\n<td style=\"width: 57px; height: 55px; text-align: center;\"><a href=\"https:\/\/drive.google.com\/file\/d\/1EFAJhtzqL6p--6frbXX3c97kqom6QNZV\/view?usp=sharing\"><span style=\"text-align: center;\">Abr19<\/span><\/a><\/td>\n<td style=\"width: 58px; height: 55px; text-align: center;\"><a href=\"https:\/\/drive.google.com\/file\/d\/1JNvYMvg5_GASl4P0iTy7jUgB_1DV2P9z\/view?usp=sharing\"><span style=\"text-align: center;\">Mai19<\/span><\/a><\/td>\n<td style=\"width: 58px; height: 55px; text-align: center;\"><a href=\"https:\/\/drive.google.com\/file\/d\/1v21-muVMmz4T2h4VKyt6PR5jYx3EILED\/view?usp=sharing\"><span style=\"text-align: center;\">Jun19<\/span><\/a><\/td>\n<td style=\"width: 53px; height: 55px; text-align: center;\"><a href=\"https:\/\/drive.google.com\/file\/d\/1Rmv5HboqN0XUK2CRqp9C8aptcPb6unft\/view?usp=sharing\"><span style=\"text-align: center;\">Jul19<\/span><\/a><\/td>\n<td style=\"width: 60px; height: 55px; text-align: center;\"><a href=\"https:\/\/drive.google.com\/file\/d\/1WXMa5RIPuv-X-7-pci984D0Q_-U2NCiq\/view?usp=sharing\"><span style=\"text-align: center;\">Ago19<\/span><\/a><\/td>\n<td style=\"width: 57px; height: 55px; text-align: center;\"><a href=\"https:\/\/drive.google.com\/file\/d\/1SZfA5czu82Ixzqw0qEES5B03MuEKy4Xg\/view?usp=sharing\"><span style=\"text-align: center;\">Set19<\/span><\/a><\/td>\n<td style=\"width: 57px; height: 55px; text-align: center;\"><a href=\"https:\/\/drive.google.com\/file\/d\/11N6KgfdE2d8phYvbzK-kXG7QYwSEbFL-\/view?usp=sharing\"><span style=\"text-align: center;\">Oct19<\/span><\/a><\/td>\n<td style=\"width: 60px; height: 55px; text-align: center;\"><a href=\"https:\/\/drive.google.com\/open?id=1bC8mgyKWxXluQ8GKXxK6q1iVWJkF3hof\"><span style=\"text-align: center;\">Nov19<\/span><\/a><\/td>\n<td style=\"width: 60px; height: 55px; text-align: center;\"><a href=\"https:\/\/drive.google.com\/file\/d\/12018JoTd75ipkc58tXls4pnBRLeGmDbn\/view?usp=sharing\"><span style=\"text-align: center;\">Des19<\/span><\/a><\/td>\n<td style=\"width: 67px; height: 55px; text-align: center;\"><a href=\"https:\/\/drive.google.com\/file\/d\/1oli4ubGJn8JPi9aJ4OvzZMwTPJ6VTDVA\/view?usp=sharing\"><strong style=\"text-align: center;\">Resum anual 2019<\/strong><\/a><\/td>\n<\/tr>\n<tr>\n<td style=\"width: 51px; text-align: center;\"><strong style=\"text-align: center;\">Any 2020<\/strong><\/td>\n<td style=\"width: 62px; height: 55px; text-align: center;\"><a href=\"https:\/\/drive.google.com\/file\/d\/1WnQOG8RuhQ00728HUqiyJCw8SUMShNEy\/view?usp=sharing\"><span style=\"text-align: center; background-color: #ffffff;\">Gen20<\/span><\/a><\/td>\n<td style=\"width: 60px; height: 55px;\"><a href=\"https:\/\/drive.google.com\/file\/d\/1p49TytqvB7En9FQn9rixPNQkK40pOFM7\/view?usp=sharing\"><span style=\"text-align: center; background-color: #ffffff;\">Feb20<\/span><\/a><\/td>\n<td style=\"width: 60px; height: 55px; text-align: center;\"><a href=\"https:\/\/drive.google.com\/file\/d\/1dDnmezJn9bCe4hVXZxy_FS0371pHweaf\/view?usp=sharing\"><span style=\"text-align: center; background-color: #ffffff;\">Mar20<\/span><\/a><\/td>\n<td style=\"width: 57px; height: 55px; text-align: center;\"><a href=\"https:\/\/drive.google.com\/file\/d\/1263S6vTI6XmTqstjxHxpTPUdBHhAeM8N\/view?usp=sharing\"><span style=\"text-align: center; background-color: #ffffff;\">Abr20<\/span><\/a><\/td>\n<td style=\"width: 58px; height: 55px; text-align: center;\"><a href=\"https:\/\/drive.google.com\/file\/d\/1ZhMakLz80tLQv7_d_ozb1I-Tib5ezNVR\/view?usp=sharing\"><span style=\"text-align: center; background-color: #ffffff;\">Mai20<\/span><\/a><\/td>\n<td style=\"width: 58px; height: 55px; text-align: center;\"><a href=\"https:\/\/drive.google.com\/file\/d\/1Ni6kBDt0FLFqWk2pJqkpQab36CQuO0Ma\/view?usp=sharing\"><span style=\"text-align: center; background-color: #ffffff;\">Jun20<\/span><\/a><\/td>\n<td style=\"width: 53px; height: 55px; text-align: center;\"><a href=\"https:\/\/drive.google.com\/file\/d\/1QztckO7Jdd0NVp8yMCNHtw6tEEr4RRNA\/view?usp=sharing\"><span style=\"text-align: center; background-color: #ffffff;\">Jul20<\/span><\/a><\/td>\n<td style=\"width: 60px; height: 55px; text-align: center;\"><a href=\"https:\/\/drive.google.com\/file\/d\/1Se7alAWrwgLBgwu5O8jqtrkVFGGiG5o_\/view?usp=sharing\"><span style=\"text-align: center; background-color: #ffffff;\">Ago20<\/span><\/a><\/td>\n<td style=\"width: 57px; height: 55px; text-align: center;\"><a href=\"https:\/\/drive.google.com\/file\/d\/1UHpzd8uBb2XtUDSG8EcwUM7F05UpDEBR\/view?usp=sharing\"><span style=\"text-align: center; background-color: #ffffff;\">Set20<\/span><\/a><\/td>\n<td style=\"width: 57px; height: 55px; text-align: center;\"><a href=\"https:\/\/drive.google.com\/file\/d\/1zPU6GjeOhCIfMsiD8QMK5gHQVA6PoQ9s\/view?usp=sharing\"><span style=\"text-align: center; background-color: #ffffff;\">Oct20<\/span><\/a><\/td>\n<td style=\"width: 60px; height: 55px; text-align: center;\"><a href=\"https:\/\/drive.google.com\/file\/d\/1YzkKcdCeXcHmgD9Fs0KV5Yr2wGswtBea\/view?usp=sharing\"><span style=\"text-align: center; background-color: #ffffff;\">Nov20<\/span><\/a><\/td>\n<td style=\"width: 60px; height: 55px; text-align: center;\"><a href=\"https:\/\/drive.google.com\/file\/d\/1bq_tBwrVKNUH0IKBkYdjH99iyhLYCft1\/view?usp=sharing\"><span style=\"text-align: center; background-color: #ffffff;\">Des20<\/span><\/a><\/td>\n<td style=\"width: 67px; text-align: center;\"><a href=\"https:\/\/drive.google.com\/file\/d\/1-U4_4NDvNFvMqWraOoTjNzCFmU8jY7d4\/view?usp=sharing\"><strong style=\"text-align: center;\">Resum anual 2020<\/strong><\/a><\/td>\n<\/tr>\n<tr>\n<td style=\"width: 51px; text-align: center;\"><strong style=\"text-align: center;\">Any 2021<\/strong><\/td>\n<td style=\"width: 62px; text-align: center;\"><a href=\"https:\/\/drive.google.com\/file\/d\/1wbelpJ60gr5Niru-JBLjM1NfIpOMgHqf\/view?usp=sharing\"><span style=\"text-align: center; background-color: #ffffff;\">Gen21<\/span><\/a><\/td>\n<td style=\"width: 60px;\"><a href=\"https:\/\/drive.google.com\/file\/d\/1Pktu-MRjrE8zO425GCG9AamuE0CIGvI3\/view?usp=sharing\"><span style=\"text-align: center; background-color: #ffffff;\">Feb21<\/span><\/a><\/td>\n<td style=\"width: 60px; text-align: center;\"><a href=\"https:\/\/drive.google.com\/file\/d\/1wnNW4qQZjqF3YppsK4SHBhUW6sLQtKRr\/view?usp=sharing\"><span style=\"text-align: center; background-color: #ffffff;\">Mar21\u00a0<\/span><\/a><\/td>\n<td style=\"width: 57px; text-align: center;\"><span style=\"text-align: center; background-color: #ffffff;\">\u00a0<a href=\"https:\/\/drive.google.com\/file\/d\/1WePIkVK2r8ZWppKA1l5hVH8xXXZMbu6O\/view?usp=sharing\">Abr21<\/a><\/span><\/td>\n<td style=\"width: 58px; text-align: center;\"><a href=\"https:\/\/drive.google.com\/file\/d\/1rz91CYnB8aizQsFe6oyDARvDn7rRQyD0\/view?usp=sharing\"><span style=\"text-align: center; background-color: #ffffff;\">Mai21\u00a0<\/span><\/a><\/td>\n<td style=\"width: 58px; text-align: center;\"><a href=\"https:\/\/drive.google.com\/file\/d\/1yys5X9g24iel9jjQZKcYcuN3dpquGEaz\/view?usp=sharing\"><span style=\"text-align: center; background-color: #ffffff;\">Jun21<\/span><\/a><\/td>\n<td style=\"width: 53px; text-align: center;\"><a href=\"https:\/\/drive.google.com\/file\/d\/1wAQ-v2Vzn1uxQ_ikmFTTIGhHzmiZptnb\/view?usp=sharing\"><span style=\"text-align: center; background-color: #ffffff;\">Jul21<\/span><\/a><\/td>\n<td style=\"width: 60px; text-align: center;\"><a href=\"https:\/\/drive.google.com\/file\/d\/1f9SUsdBGqegCMSt7pCWSlYI3AWS_we_E\/view?usp=sharing\"><span style=\"text-align: center; background-color: #ffffff;\">Ago21<\/span><\/a><\/td>\n<td style=\"width: 57px; text-align: center;\"><a href=\"https:\/\/drive.google.com\/file\/d\/1bo2wbFUzygoeCU-8ZPaKRmbwiPP1sybc\/view?usp=sharing\"><span style=\"text-align: center; background-color: #ffffff;\">Set21<\/span><\/a><\/td>\n<td style=\"width: 57px; text-align: center;\"><a href=\"https:\/\/drive.google.com\/file\/d\/1WSfF2P_c2xH2HdF4G0KtddwQv4xTudJN\/view?usp=sharing\"><span style=\"text-align: center; background-color: #ffffff;\">Oct21<\/span><\/a><\/td>\n<td style=\"width: 60px; text-align: center;\"><a href=\"https:\/\/drive.google.com\/file\/d\/1846BVuV3tgPbzgJlIrbPCRVSVN2YJUu5\/view?usp=sharing\"><span style=\"text-align: center; background-color: #ffffff;\">Nov21<\/span><\/a><\/td>\n<td style=\"width: 60px; text-align: center;\"><span style=\"text-align: center; background-color: #ffffff;\">\u00a0<a href=\"https:\/\/drive.google.com\/file\/d\/1fod1wV-MrFiF-a7mOFQrHjrKkl9osBXP\/view?usp=sharing\">Des21<\/a><\/span><\/td>\n<td style=\"width: 67px; text-align: center;\"><strong style=\"text-align: center;\">Resum anual 2021<\/strong><\/td>\n<\/tr>\n<tr>\n<td style=\"width: 51px; text-align: center;\"><strong style=\"text-align: center;\">Any 2022<\/strong><\/td>\n<td style=\"width: 62px; text-align: center;\"><a href=\"https:\/\/drive.google.com\/file\/d\/1YuzOZ2nkklJgwyjJFtgbbb8HHX_wD4Dx\/view?usp=sharing\">Gen22<\/a><\/td>\n<td style=\"width: 60px;\"><\/td>\n<td style=\"width: 60px; text-align: center;\"><\/td>\n<td style=\"width: 57px; text-align: center;\"><\/td>\n<td style=\"width: 58px; text-align: center;\"><\/td>\n<td style=\"width: 58px; text-align: center;\"><\/td>\n<td style=\"width: 53px; text-align: center;\"><\/td>\n<td style=\"width: 60px; text-align: center;\"><\/td>\n<td style=\"width: 57px; text-align: center;\"><\/td>\n<td style=\"width: 57px; text-align: center;\"><\/td>\n<td style=\"width: 60px; text-align: center;\"><\/td>\n<td style=\"width: 60px; text-align: center;\"><\/td>\n<td style=\"width: 67px; text-align: center;\"><strong style=\"text-align: center;\">Resum anual 2022<\/strong><\/td>\n<\/tr>\n<\/tbody>\n<\/table>\n<p><strong style=\"color: #ff6600; font-family: inherit; font-size: 1em;\"><br \/>\nPREDICCI\u00d3\u00a0<\/strong><\/p>\n<p><iframe src=\"https:\/\/www.meteoblue.com\/es\/tiempo\/widget\/daily\/barruera_espa%c3%b1a_3128545?geoloc=fixed&amp;days=7&amp;tempunit=CELSIUS&amp;windunit=KILOMETER_PER_HOUR&amp;precipunit=MILLIMETER&amp;coloured=coloured&amp;pictoicon=0&amp;pictoicon=1&amp;maxtemperature=0&amp;maxtemperature=1&amp;mintemperature=0&amp;mintemperature=1&amp;windspeed=0&amp;windspeed=1&amp;windgust=0&amp;windgust=1&amp;winddirection=0&amp;winddirection=1&amp;uv=0&amp;uv=1&amp;humidity=0&amp;humidity=1&amp;precipitation=0&amp;precipitation=1&amp;precipitationprobability=0&amp;precipitationprobability=1&amp;spot=0&amp;spot=1&amp;pressure=0&amp;pressure=1&amp;layout=light&amp;location_url=https%3A%2F%2Fwww.meteoblue.com%2Fes%2Ftiempo%2Fwidget%2Fdaily%2Fbarruera_espa%25c3%25b1a_3128545&amp;location_mainUrl=https%3A%2F%2Fwww.meteoblue.com%2Fes%2Ftiempo%2Fsemana%2Findex%2Fbarruera_espa%25c3%25b1a_3128545&amp;nolocation_url=https%3A%2F%2Fwww.meteoblue.com%2Fes%2Ftiempo%2Fwidget%2Fdaily&amp;nolocation_mainUrl=https%3A%2F%2Fwww.meteoblue.com%2Fes%2Ftiempo%2Fsemana%2Findex&amp;dailywidth=54&amp;tracking=%3Futm_source%3Dweather_widget%26utm_medium%3Dlinkus%26utm_content%3Ddaily%26utm_campaign%3DWeather%252BWidget\" frameborder=\"0\"><span data-mce-type=\"bookmark\" style=\"display: inline-block; width: 0px; overflow: hidden; line-height: 0;\" class=\"mce_SELRES_start\">\ufeff<\/span><\/iframe><\/p>\n<div>\n<p><noscript><a target='_blank' style='font-weight: bold;font-size: 1.20em;' href='http:\/\/www.aemet.es\/ca\/eltiempo\/prediccion\/municipios\/vall-de-boi-la-barruera-id25043' rel=\"noopener noreferrer\">\u00a0El Temps. Consulteu la predicci\u00f3 de l&#8217;AEMET per Vall de Bo\u00ed, La<\/a><\/noscript><\/p>\n<hr \/>\n<\/div>\n<p><iframe src=\"https:\/\/www.meteoblue.com\/es\/tiempo\/widget\/seeing\/barruera_espa%c3%b1a_3128545?geoloc=fixed&amp;noground=0&amp;location_url=https%3A%2F%2Fwww.meteoblue.com%2Fes%2Ftiempo%2Fwidget%2Fseeing%2Fbarruera_espa%25c3%25b1a_3128545&amp;location_mainUrl=https%3A%2F%2Fwww.meteoblue.com%2Fes%2Ftiempo%2Foutdoorsports%2Fseeing%2Fbarruera_espa%25c3%25b1a_3128545&amp;nolocation_url=https%3A%2F%2Fwww.meteoblue.com%2Fes%2Ftiempo%2Fwidget%2Fseeing&amp;nolocation_mainUrl=https%3A%2F%2Fwww.meteoblue.com%2Fes%2Ftiempo%2Foutdoorsports%2Fseeing&amp;dailywidth=520&amp;tracking=%3Futm_source%3Dweather_widget%26utm_medium%3Dlinkus%26utm_content%3Dseeing%26utm_campaign%3DWeather%252BWidget\" frameborder=\"0\"><\/iframe><\/p>\n<div><!-- DO NOT REMOVE THIS LINK --><a href=\"https:\/\/www.meteoblue.com\/es\/tiempo\/outdoorsports\/seeing\/barruera_espa%c3%b1a_3128545?utm_source=weather_widget&amp;utm_medium=linkus&amp;utm_content=seeing&amp;utm_campaign=Weather%2BWidget\" target=\"_blank\" rel=\"noopener noreferrer\">meteoblue<\/a><\/div>\n","protected":false},"excerpt":{"rendered":"<p>Al Camp d&#8217;Aprenentatge disposem d&#8217;una estaci\u00f3 meteorol\u00f2gica autom\u00e0tica model Davis Vantage Pro 2 Plus, ubicada a les instal\u00b7lacions del Camp [&hellip;]<\/p>\n","protected":false},"author":1,"featured_media":0,"parent":0,"menu_order":0,"comment_status":"closed","ping_status":"closed","template":"","meta":{"site-sidebar-layout":"default","site-content-layout":"","ast-site-content-layout":"","site-content-style":"default","site-sidebar-style":"default","ast-global-header-display":"","ast-banner-title-visibility":"","ast-main-header-display":"","ast-hfb-above-header-display":"","ast-hfb-below-header-display":"","ast-hfb-mobile-header-display":"","site-post-title":"","ast-breadcrumbs-content":"","ast-featured-img":"","footer-sml-layout":"","theme-transparent-header-meta":"","adv-header-id-meta":"","stick-header-meta":"","header-above-stick-meta":"","header-main-stick-meta":"","header-below-stick-meta":"","astra-migrate-meta-layouts":"default","ast-page-background-enabled":"default","ast-page-background-meta":{"desktop":{"background-color":"var(--ast-global-color-4)","background-image":"","background-repeat":"repeat","background-position":"center center","background-size":"auto","background-attachment":"scroll","background-type":"","background-media":"","overlay-type":"","overlay-color":"","overlay-opacity":"","overlay-gradient":""},"tablet":{"background-color":"","background-image":"","background-repeat":"repeat","background-position":"center center","background-size":"auto","background-attachment":"scroll","background-type":"","background-media":"","overlay-type":"","overlay-color":"","overlay-opacity":"","overlay-gradient":""},"mobile":{"background-color":"","background-image":"","background-repeat":"repeat","background-position":"center center","background-size":"auto","background-attachment":"scroll","background-type":"","background-media":"","overlay-type":"","overlay-color":"","overlay-opacity":"","overlay-gradient":""}},"ast-content-background-meta":{"desktop":{"background-color":"var(--ast-global-color-5)","background-image":"","background-repeat":"repeat","background-position":"center center","background-size":"auto","background-attachment":"scroll","background-type":"","background-media":"","overlay-type":"","overlay-color":"","overlay-opacity":"","overlay-gradient":""},"tablet":{"background-color":"var(--ast-global-color-5)","background-image":"","background-repeat":"repeat","background-position":"center center","background-size":"auto","background-attachment":"scroll","background-type":"","background-media":"","overlay-type":"","overlay-color":"","overlay-opacity":"","overlay-gradient":""},"mobile":{"background-color":"var(--ast-global-color-5)","background-image":"","background-repeat":"repeat","background-position":"center center","background-size":"auto","background-attachment":"scroll","background-type":"","background-media":"","overlay-type":"","overlay-color":"","overlay-opacity":"","overlay-gradient":""}},"footnotes":""},"class_list":["post-433","page","type-page","status-publish","hentry"],"post_mailing_queue_ids":[],"_links":{"self":[{"href":"https:\/\/serveiseducatius.xtec.cat\/cda-valldeboi\/wp-json\/wp\/v2\/pages\/433","targetHints":{"allow":["GET"]}}],"collection":[{"href":"https:\/\/serveiseducatius.xtec.cat\/cda-valldeboi\/wp-json\/wp\/v2\/pages"}],"about":[{"href":"https:\/\/serveiseducatius.xtec.cat\/cda-valldeboi\/wp-json\/wp\/v2\/types\/page"}],"author":[{"embeddable":true,"href":"https:\/\/serveiseducatius.xtec.cat\/cda-valldeboi\/wp-json\/wp\/v2\/users\/1"}],"replies":[{"embeddable":true,"href":"https:\/\/serveiseducatius.xtec.cat\/cda-valldeboi\/wp-json\/wp\/v2\/comments?post=433"}],"version-history":[{"count":3,"href":"https:\/\/serveiseducatius.xtec.cat\/cda-valldeboi\/wp-json\/wp\/v2\/pages\/433\/revisions"}],"predecessor-version":[{"id":9815,"href":"https:\/\/serveiseducatius.xtec.cat\/cda-valldeboi\/wp-json\/wp\/v2\/pages\/433\/revisions\/9815"}],"wp:attachment":[{"href":"https:\/\/serveiseducatius.xtec.cat\/cda-valldeboi\/wp-json\/wp\/v2\/media?parent=433"}],"curies":[{"name":"wp","href":"https:\/\/api.w.org\/{rel}","templated":true}]}}