{"id":254,"date":"2013-11-16T11:47:36","date_gmt":"2013-11-16T10:47:36","guid":{"rendered":"http:\/\/blocs.xtec.cat\/cdaaltbergueda\/?page_id=254"},"modified":"2025-03-06T13:32:39","modified_gmt":"2025-03-06T12:32:39","slug":"inscripcio","status":"publish","type":"page","link":"https:\/\/serveiseducatius.xtec.cat\/cda-valldeboi\/preparacio-de-estada\/inscripcio\/","title":{"rendered":"Inscripci\u00f3 i documentaci\u00f3 a aportar"},"content":{"rendered":"\n<p class=\"has-medium-font-size\">Si voleu venir al Camp d&#8217;Aprenentatge heu de seguir els passos que s&#8217;indiquen a continuaci\u00f3:<\/p>\n\n\n\n<div class=\"wp-block-getwid-tabs\" data-active-tab=\"0\"><ul class=\"wp-block-getwid-tabs__nav-links\"><\/ul>\n<div class=\"wp-block-getwid-tabs__nav-link\"><span class=\"wp-block-getwid-tabs__title-wrapper\"><a href=\"#\"><span class=\"wp-block-getwid-tabs__title\"><strong>Sol\u00b7licitud i assignaci\u00f3<\/strong><\/span><\/a><\/span><\/div><div class=\"wp-block-getwid-tabs__tab-content-wrapper\"><div class=\"wp-block-getwid-tabs__tab-content\">\n<p>La inscripci\u00f3 als Camps d&#8217;Aprenentatge es realitza amb l&#8217;aplicatiu CAMPS. El per\u00edode d&#8217;inscripci\u00f3 i l&#8217;enlla\u00e7 a l&#8217;aplicatiu el podeu trobar&nbsp;a la&nbsp;<a href=\"http:\/\/xtec.gencat.cat\/ca\/serveis\/sesc\/cda\/\" target=\"_blank\" rel=\"noreferrer noopener\">web dels Serveis educatius del Departament d&#8217;Ensenyament<\/a>. Un cop rebudes totes les sol\u00b7licituds es fan les valoracions i s&#8217;assignen els centres i les dates d&#8217;estada.<\/p>\n<\/div><\/div>\n\n\n\n<div class=\"wp-block-getwid-tabs__nav-link\"><span class=\"wp-block-getwid-tabs__title-wrapper\"><a href=\"#\"><span class=\"wp-block-getwid-tabs__title\"><strong>Acceptaci\u00f3 i inscripci\u00f3 definitiva<\/strong><\/span><\/a><\/span><\/div><div class=\"wp-block-getwid-tabs__tab-content-wrapper\"><div class=\"wp-block-getwid-tabs__tab-content\">\n<p>En el cas que us hagi estat assignada una estada o una sortida, haureu de d&#8217;acceptar-la entrant de nou a l&#8217;aplicatiu.<\/p>\n\n\n\n<p>Per formalitzar la inscripci\u00f3 cal que empleneu el&nbsp;<strong>full d&#8217;inscripci\u00f3 definitiva&nbsp;<\/strong>degudament signat pel director i amb segell del centre, i fer un&nbsp;<strong>llistat amb nom i cognoms dels alumnes<\/strong>&nbsp;que vindran a fer l&#8217;estada. Aquesta documentaci\u00f3 la podeu portar el mateix dia que vingueu a fer l&#8217;estada o b\u00e9 enviar-la per correu postal per avan\u00e7at.<\/p>\n\n\n\n<p>Els centres que&nbsp;<strong>no<\/strong>&nbsp;heu fet l\u2019acceptaci\u00f3 d\u2019estada a trav\u00e9s de l\u2019aplicatiu, cal que porteu<strong>&nbsp;<\/strong>el full d&#8217;inscripci\u00f3 definitiva:<\/p>\n\n\n\n<ul class=\"wp-block-list\">\n<li><a href=\"https:\/\/drive.google.com\/file\/d\/0B4zlX1_lP191MVJmMFZOajJHQVU\/view?usp=sharing\"><strong>Full d&#8217;inscripci\u00f3 definitiva per ESTADES (2 o m\u00e9s dies)<\/strong><\/a><\/li>\n\n\n\n<li><strong><a href=\"https:\/\/drive.google.com\/file\/d\/0B4zlX1_lP191aGJWRm1DSEM4TVk\/view?usp=sharing\">Full d&#8217;inscripci\u00f3 definitiva per SORTIDES (1 dia)<\/a><\/strong><\/li>\n<\/ul>\n<\/div><\/div>\n\n\n\n<div class=\"wp-block-getwid-tabs__nav-link\"><span class=\"wp-block-getwid-tabs__title-wrapper\"><a href=\"#\"><span class=\"wp-block-getwid-tabs__title\"><strong>Compromisos i responsabilitats<\/strong><\/span><\/a><\/span><\/div><div class=\"wp-block-getwid-tabs__tab-content-wrapper\"><div class=\"wp-block-getwid-tabs__tab-content\">\n<p>En realitzar la inscripci\u00f3, el centre es compromet a vetllar pel correcte&nbsp;desenvolupament de l&#8217;estada, que es pot dividir en tres moments:<\/p>\n\n\n\n<p><strong>Moment 1:<\/strong> Comunicaci\u00f3 pr\u00e8via a l&#8217;estada. Ha d&#8217;haver una comunicaci\u00f3 fluida entre el centre i el CdA per una correcta planificaci\u00f3 de l&#8217;estada.<\/p>\n\n\n\n<p><strong>Moment 2:<\/strong> Implementaci\u00f3 de l\u2019estada al camp d\u2019aprenentatge. El professorat acompanyant ha de participar activament de les activitats.<\/p>\n\n\n\n<p><strong>Moment 3:<\/strong> Avaluaci\u00f3 de l\u2019impacte i propostes de millora.\u00a0Un cop finalitzada l&#8217;estada, de nou a l&#8217;aula, cal fer una valoraci\u00f3 de l&#8217;impacte de les activitats realitzades.<\/p>\n\n\n\n<p>M\u00e9s enll\u00e0 de les responsabilitats mencionades en els tres moments de participaci\u00f3 del centre, es contemplen tres grans grups de responsabilitats que es troben en el seg\u00fcent document:&nbsp;<a href=\"https:\/\/drive.google.com\/file\/d\/0B4zlX1_lP191NkNRTjk5TjVzZDQ\/view?usp=sharing\">Responsabilitats del centre, del seu professorat, de l\u2019alumnat i dels professionals del Camp i de l\u2019Entorn d\u2019aprenentatge (CdA\/EdA)<\/a><\/p>\n<\/div><\/div>\n<\/div>\n","protected":false},"excerpt":{"rendered":"<p>Si voleu venir al Camp d&#8217;Aprenentatge heu de seguir els passos que s&#8217;indiquen a continuaci\u00f3:<\/p>\n","protected":false},"author":1,"featured_media":0,"parent":8272,"menu_order":10,"comment_status":"closed","ping_status":"closed","template":"","meta":{"site-sidebar-layout":"default","site-content-layout":"","ast-site-content-layout":"default","site-content-style":"default","site-sidebar-style":"default","ast-global-header-display":"","ast-banner-title-visibility":"","ast-main-header-display":"","ast-hfb-above-header-display":"","ast-hfb-below-header-display":"","ast-hfb-mobile-header-display":"","site-post-title":"","ast-breadcrumbs-content":"","ast-featured-img":"","footer-sml-layout":"","theme-transparent-header-meta":"","adv-header-id-meta":"","stick-header-meta":"","header-above-stick-meta":"","header-main-stick-meta":"","header-below-stick-meta":"","astra-migrate-meta-layouts":"set","ast-page-background-enabled":"default","ast-page-background-meta":{"desktop":{"background-color":"var(--ast-global-color-4)","background-image":"","background-repeat":"repeat","background-position":"center center","background-size":"auto","background-attachment":"scroll","background-type":"","background-media":"","overlay-type":"","overlay-color":"","overlay-opacity":"","overlay-gradient":""},"tablet":{"background-color":"","background-image":"","background-repeat":"repeat","background-position":"center center","background-size":"auto","background-attachment":"scroll","background-type":"","background-media":"","overlay-type":"","overlay-color":"","overlay-opacity":"","overlay-gradient":""},"mobile":{"background-color":"","background-image":"","background-repeat":"repeat","background-position":"center center","background-size":"auto","background-attachment":"scroll","background-type":"","background-media":"","overlay-type":"","overlay-color":"","overlay-opacity":"","overlay-gradient":""}},"ast-content-background-meta":{"desktop":{"background-color":"var(--ast-global-color-5)","background-image":"","background-repeat":"repeat","background-position":"center center","background-size":"auto","background-attachment":"scroll","background-type":"","background-media":"","overlay-type":"","overlay-color":"","overlay-opacity":"","overlay-gradient":""},"tablet":{"background-color":"var(--ast-global-color-5)","background-image":"","background-repeat":"repeat","background-position":"center center","background-size":"auto","background-attachment":"scroll","background-type":"","background-media":"","overlay-type":"","overlay-color":"","overlay-opacity":"","overlay-gradient":""},"mobile":{"background-color":"var(--ast-global-color-5)","background-image":"","background-repeat":"repeat","background-position":"center center","background-size":"auto","background-attachment":"scroll","background-type":"","background-media":"","overlay-type":"","overlay-color":"","overlay-opacity":"","overlay-gradient":""}},"footnotes":""},"class_list":["post-254","page","type-page","status-publish","hentry"],"post_mailing_queue_ids":[],"_links":{"self":[{"href":"https:\/\/serveiseducatius.xtec.cat\/cda-valldeboi\/wp-json\/wp\/v2\/pages\/254","targetHints":{"allow":["GET"]}}],"collection":[{"href":"https:\/\/serveiseducatius.xtec.cat\/cda-valldeboi\/wp-json\/wp\/v2\/pages"}],"about":[{"href":"https:\/\/serveiseducatius.xtec.cat\/cda-valldeboi\/wp-json\/wp\/v2\/types\/page"}],"author":[{"embeddable":true,"href":"https:\/\/serveiseducatius.xtec.cat\/cda-valldeboi\/wp-json\/wp\/v2\/users\/1"}],"replies":[{"embeddable":true,"href":"https:\/\/serveiseducatius.xtec.cat\/cda-valldeboi\/wp-json\/wp\/v2\/comments?post=254"}],"version-history":[{"count":6,"href":"https:\/\/serveiseducatius.xtec.cat\/cda-valldeboi\/wp-json\/wp\/v2\/pages\/254\/revisions"}],"predecessor-version":[{"id":10083,"href":"https:\/\/serveiseducatius.xtec.cat\/cda-valldeboi\/wp-json\/wp\/v2\/pages\/254\/revisions\/10083"}],"up":[{"embeddable":true,"href":"https:\/\/serveiseducatius.xtec.cat\/cda-valldeboi\/wp-json\/wp\/v2\/pages\/8272"}],"wp:attachment":[{"href":"https:\/\/serveiseducatius.xtec.cat\/cda-valldeboi\/wp-json\/wp\/v2\/media?parent=254"}],"curies":[{"name":"wp","href":"https:\/\/api.w.org\/{rel}","templated":true}]}}