{"id":9550,"date":"2026-02-20T12:24:58","date_gmt":"2026-02-20T11:24:58","guid":{"rendered":"https:\/\/serveiseducatius.xtec.cat\/cda-tuixent\/?page_id=9550"},"modified":"2026-02-25T09:29:33","modified_gmt":"2026-02-25T08:29:33","slug":"confeccio-dun-herbari","status":"publish","type":"page","link":"https:\/\/serveiseducatius.xtec.cat\/cda-tuixent\/trementinaires\/confeccio-dun-herbari\/","title":{"rendered":"Confecci\u00f3 d&#8217;un herbari"},"content":{"rendered":"\n<figure class=\"wp-block-gallery has-nested-images columns-3 is-cropped wp-block-gallery-1 is-layout-flex wp-block-gallery-is-layout-flex\">\n<figure class=\"wp-block-image size-large\"><a href=\"https:\/\/serveiseducatius.xtec.cat\/cda-tuixent\/wp-content\/uploads\/usu1370\/2026\/02\/herbari.jpg\"><img loading=\"lazy\" decoding=\"async\" width=\"1024\" height=\"578\" data-id=\"9552\" src=\"https:\/\/serveiseducatius.xtec.cat\/cda-tuixent\/wp-content\/uploads\/usu1370\/2026\/02\/herbari-1024x578.jpg\" alt=\"\" class=\"wp-image-9552\" srcset=\"https:\/\/serveiseducatius.xtec.cat\/cda-tuixent\/wp-content\/uploads\/usu1370\/2026\/02\/herbari-1024x578.jpg 1024w, https:\/\/serveiseducatius.xtec.cat\/cda-tuixent\/wp-content\/uploads\/usu1370\/2026\/02\/herbari-300x169.jpg 300w, https:\/\/serveiseducatius.xtec.cat\/cda-tuixent\/wp-content\/uploads\/usu1370\/2026\/02\/herbari-768x434.jpg 768w, https:\/\/serveiseducatius.xtec.cat\/cda-tuixent\/wp-content\/uploads\/usu1370\/2026\/02\/herbari-1536x867.jpg 1536w, https:\/\/serveiseducatius.xtec.cat\/cda-tuixent\/wp-content\/uploads\/usu1370\/2026\/02\/herbari.jpg 2040w\" sizes=\"auto, (max-width: 1024px) 100vw, 1024px\" \/><\/a><\/figure>\n\n\n\n<figure class=\"wp-block-image size-large\"><a href=\"https:\/\/serveiseducatius.xtec.cat\/cda-tuixent\/wp-content\/uploads\/usu1370\/2026\/02\/IMG_4956.jpg\"><img loading=\"lazy\" decoding=\"async\" width=\"1024\" height=\"774\" data-id=\"9583\" src=\"https:\/\/serveiseducatius.xtec.cat\/cda-tuixent\/wp-content\/uploads\/usu1370\/2026\/02\/IMG_4956-1024x774.jpg\" alt=\"\" class=\"wp-image-9583\" srcset=\"https:\/\/serveiseducatius.xtec.cat\/cda-tuixent\/wp-content\/uploads\/usu1370\/2026\/02\/IMG_4956-1024x774.jpg 1024w, https:\/\/serveiseducatius.xtec.cat\/cda-tuixent\/wp-content\/uploads\/usu1370\/2026\/02\/IMG_4956-300x227.jpg 300w, https:\/\/serveiseducatius.xtec.cat\/cda-tuixent\/wp-content\/uploads\/usu1370\/2026\/02\/IMG_4956-768x581.jpg 768w, https:\/\/serveiseducatius.xtec.cat\/cda-tuixent\/wp-content\/uploads\/usu1370\/2026\/02\/IMG_4956-1536x1162.jpg 1536w, https:\/\/serveiseducatius.xtec.cat\/cda-tuixent\/wp-content\/uploads\/usu1370\/2026\/02\/IMG_4956-2048x1549.jpg 2048w\" sizes=\"auto, (max-width: 1024px) 100vw, 1024px\" \/><\/a><\/figure>\n\n\n\n<figure class=\"wp-block-image size-large\"><a href=\"https:\/\/serveiseducatius.xtec.cat\/cda-tuixent\/wp-content\/uploads\/usu1370\/2026\/02\/IMG20250605153513.jpg\"><img loading=\"lazy\" decoding=\"async\" width=\"1024\" height=\"581\" data-id=\"9580\" src=\"https:\/\/serveiseducatius.xtec.cat\/cda-tuixent\/wp-content\/uploads\/usu1370\/2026\/02\/IMG20250605153513-1024x581.jpg\" alt=\"\" class=\"wp-image-9580\" srcset=\"https:\/\/serveiseducatius.xtec.cat\/cda-tuixent\/wp-content\/uploads\/usu1370\/2026\/02\/IMG20250605153513-1024x581.jpg 1024w, https:\/\/serveiseducatius.xtec.cat\/cda-tuixent\/wp-content\/uploads\/usu1370\/2026\/02\/IMG20250605153513-300x170.jpg 300w, https:\/\/serveiseducatius.xtec.cat\/cda-tuixent\/wp-content\/uploads\/usu1370\/2026\/02\/IMG20250605153513-768x436.jpg 768w, https:\/\/serveiseducatius.xtec.cat\/cda-tuixent\/wp-content\/uploads\/usu1370\/2026\/02\/IMG20250605153513-1536x871.jpg 1536w, https:\/\/serveiseducatius.xtec.cat\/cda-tuixent\/wp-content\/uploads\/usu1370\/2026\/02\/IMG20250605153513-2048x1162.jpg 2048w\" sizes=\"auto, (max-width: 1024px) 100vw, 1024px\" \/><\/a><\/figure>\n<\/figure>\n\n\n\n<p class=\"has-text-align-left\">Es realitza una ruta per l\u2019entorn del poble on hi ha diversitat de flora i es fa recol\u00b7lecci\u00f3 de mostres per assecar. En la recol\u00b7lecci\u00f3 s\u2019explica les diferents propietats i caracter\u00edstiques de la planta, aix\u00ed com el seu nom com\u00fa. Es deixen assecar a l\u2019aula per, l\u2019endem\u00e0, crear l\u2019herbari amb la mostra i els diferents \u00edtems de refer\u00e8ncia: nom cient\u00edfic i com\u00fa, fam\u00edlia, propietats i usos i descripci\u00f3 de la planta. L\u2019alumnat s\u2019end\u00fa un herbari d\u2019aula creat entre tot l\u2019alumnat.<\/p>\n\n\n\n<p><a href=\"https:\/\/serveiseducatius.xtec.cat\/cda-tuixent\/wp-content\/uploads\/usu1370\/2026\/02\/Confeccio-dun-herbari.pdf\" data-type=\"link\" data-id=\"https:\/\/serveiseducatius.xtec.cat\/cda-tuixent\/wp-content\/uploads\/usu1370\/2026\/02\/Confeccio-dun-herbari.pdf\" target=\"_blank\" rel=\"noreferrer noopener\">Cliqueu per descarregar-vos la fitxa de l&#8217;activitat.<\/a><\/p>\n","protected":false},"excerpt":{"rendered":"<p>Es realitza una ruta per l\u2019entorn del poble on hi ha diversitat de flora i es fa recol\u00b7lecci\u00f3 de mostres [&hellip;]<\/p>\n","protected":false},"author":1,"featured_media":0,"parent":8464,"menu_order":0,"comment_status":"closed","ping_status":"closed","template":"","meta":{"_bbp_topic_count":0,"_bbp_reply_count":0,"_bbp_total_topic_count":0,"_bbp_total_reply_count":0,"_bbp_voice_count":0,"_bbp_anonymous_reply_count":0,"_bbp_topic_count_hidden":0,"_bbp_reply_count_hidden":0,"_bbp_forum_subforum_count":0,"site-sidebar-layout":"default","site-content-layout":"","ast-site-content-layout":"default","site-content-style":"default","site-sidebar-style":"default","ast-global-header-display":"","ast-banner-title-visibility":"","ast-main-header-display":"","ast-hfb-above-header-display":"","ast-hfb-below-header-display":"","ast-hfb-mobile-header-display":"","site-post-title":"","ast-breadcrumbs-content":"","ast-featured-img":"","footer-sml-layout":"","theme-transparent-header-meta":"","adv-header-id-meta":"","stick-header-meta":"","header-above-stick-meta":"","header-main-stick-meta":"","header-below-stick-meta":"","astra-migrate-meta-layouts":"set","ast-page-background-enabled":"default","ast-page-background-meta":{"desktop":{"background-color":"var(--ast-global-color-4)","background-image":"","background-repeat":"repeat","background-position":"center center","background-size":"auto","background-attachment":"scroll","background-type":"","background-media":"","overlay-type":"","overlay-color":"","overlay-opacity":"","overlay-gradient":""},"tablet":{"background-color":"","background-image":"","background-repeat":"repeat","background-position":"center center","background-size":"auto","background-attachment":"scroll","background-type":"","background-media":"","overlay-type":"","overlay-color":"","overlay-opacity":"","overlay-gradient":""},"mobile":{"background-color":"","background-image":"","background-repeat":"repeat","background-position":"center center","background-size":"auto","background-attachment":"scroll","background-type":"","background-media":"","overlay-type":"","overlay-color":"","overlay-opacity":"","overlay-gradient":""}},"ast-content-background-meta":{"desktop":{"background-color":"var(--ast-global-color-5)","background-image":"","background-repeat":"repeat","background-position":"center center","background-size":"auto","background-attachment":"scroll","background-type":"","background-media":"","overlay-type":"","overlay-color":"","overlay-opacity":"","overlay-gradient":""},"tablet":{"background-color":"var(--ast-global-color-5)","background-image":"","background-repeat":"repeat","background-position":"center center","background-size":"auto","background-attachment":"scroll","background-type":"","background-media":"","overlay-type":"","overlay-color":"","overlay-opacity":"","overlay-gradient":""},"mobile":{"background-color":"var(--ast-global-color-5)","background-image":"","background-repeat":"repeat","background-position":"center center","background-size":"auto","background-attachment":"scroll","background-type":"","background-media":"","overlay-type":"","overlay-color":"","overlay-opacity":"","overlay-gradient":""}},"footnotes":""},"class_list":["post-9550","page","type-page","status-publish","hentry"],"post_mailing_queue_ids":[],"_links":{"self":[{"href":"https:\/\/serveiseducatius.xtec.cat\/cda-tuixent\/wp-json\/wp\/v2\/pages\/9550","targetHints":{"allow":["GET"]}}],"collection":[{"href":"https:\/\/serveiseducatius.xtec.cat\/cda-tuixent\/wp-json\/wp\/v2\/pages"}],"about":[{"href":"https:\/\/serveiseducatius.xtec.cat\/cda-tuixent\/wp-json\/wp\/v2\/types\/page"}],"author":[{"embeddable":true,"href":"https:\/\/serveiseducatius.xtec.cat\/cda-tuixent\/wp-json\/wp\/v2\/users\/1"}],"replies":[{"embeddable":true,"href":"https:\/\/serveiseducatius.xtec.cat\/cda-tuixent\/wp-json\/wp\/v2\/comments?post=9550"}],"version-history":[{"count":4,"href":"https:\/\/serveiseducatius.xtec.cat\/cda-tuixent\/wp-json\/wp\/v2\/pages\/9550\/revisions"}],"predecessor-version":[{"id":9584,"href":"https:\/\/serveiseducatius.xtec.cat\/cda-tuixent\/wp-json\/wp\/v2\/pages\/9550\/revisions\/9584"}],"up":[{"embeddable":true,"href":"https:\/\/serveiseducatius.xtec.cat\/cda-tuixent\/wp-json\/wp\/v2\/pages\/8464"}],"wp:attachment":[{"href":"https:\/\/serveiseducatius.xtec.cat\/cda-tuixent\/wp-json\/wp\/v2\/media?parent=9550"}],"curies":[{"name":"wp","href":"https:\/\/api.w.org\/{rel}","templated":true}]}}