{"id":9114,"date":"2025-02-28T12:28:27","date_gmt":"2025-02-28T11:28:27","guid":{"rendered":"https:\/\/serveiseducatius.xtec.cat\/cda-tuixent\/?page_id=9114"},"modified":"2026-02-25T11:22:26","modified_gmt":"2026-02-25T10:22:26","slug":"descoberta-de-tuixent","status":"publish","type":"page","link":"https:\/\/serveiseducatius.xtec.cat\/cda-tuixent\/recursos-de-lambit-poble-de-muntanya\/descoberta-de-tuixent\/","title":{"rendered":"Descoberta de Tuixent"},"content":{"rendered":"\n<p>A continuaci\u00f3 hi ha una llegenda creada pel Camp d\u2019Aprenentatge  per tal de treballar a l\u2019aula abans de l\u2019estada o la sortida a Tuixent l\u2019activitat de Descoberta de Tuixent.<\/p>\n\n\n\n<p>Aquesta llegenda s\u2019ha redactat de tal manera que hi figurin elements comuns d\u2019un poble de muntanya (cases de pedra, balcons de fusta, finestres blaves\u2026). En negreta hi ha marcades aquelles paraules m\u00e9s complexes per tal de treballar la comprensi\u00f3 lectora i enriquir el l\u00e8xic, aix\u00ed com les preguntes del final del text per tal de fer-ne l\u2019avaluaci\u00f3. <\/p>\n\n\n\n<p>S&#8217;han redactat dos textos, un adaptat per cicle inicial i l&#8217;altre per cicle mitj\u00e0 i superior de prim\u00e0ria.<\/p>\n\n\n\n<p>Val a dir que per aquest treball hi ha la versi\u00f3 escrita i tamb\u00e9 disposeu d\u2019un \u00e0udio amb la lectura de la llegenda.<\/p>\n\n\n\n<h5 class=\"wp-block-heading\">Text de la llegenda: La bruixa de la Vall de la Vansa<\/h5>\n\n\n\n<div data-wp-interactive=\"core\/file\" class=\"wp-block-file\"><object data-wp-bind--hidden=\"!state.hasPdfPreview\" hidden class=\"wp-block-file__embed\" data=\"https:\/\/serveiseducatius.xtec.cat\/cda-tuixent\/wp-content\/uploads\/usu1370\/2025\/03\/La-bruixa-de-la-Vall-de-la-Vansa.pdf\" type=\"application\/pdf\" style=\"width:100%;height:250px\" aria-label=\"Incrustaci\u00f3 del fitxer La-bruixa-de-la-Vall-de-la-Vansa.\"><\/object><a id=\"wp-block-file--media-5d89bad5-2700-4329-89a6-afd63cac5ad0\" href=\"https:\/\/serveiseducatius.xtec.cat\/cda-tuixent\/wp-content\/uploads\/usu1370\/2025\/03\/La-bruixa-de-la-Vall-de-la-Vansa.pdf\">La-bruixa-de-la-Vall-de-la-Vansa<\/a><a href=\"https:\/\/serveiseducatius.xtec.cat\/cda-tuixent\/wp-content\/uploads\/usu1370\/2025\/03\/La-bruixa-de-la-Vall-de-la-Vansa.pdf\" class=\"wp-block-file__button wp-element-button\" download aria-describedby=\"wp-block-file--media-5d89bad5-2700-4329-89a6-afd63cac5ad0\">Baixa<\/a><\/div>\n\n\n\n<h5 class=\"wp-block-heading\">\u00c0udio de la llegenda: La bruixa de la Vall de la Vansa<\/h5>\n\n\n\n<figure class=\"wp-block-audio\"><audio controls src=\"https:\/\/serveiseducatius.xtec.cat\/cda-tuixent\/wp-content\/uploads\/usu1370\/2025\/03\/La-bruixa-de-la-vall-de-la-Vansa.mp3\"><\/audio><\/figure>\n\n\n\n<h5 class=\"wp-block-heading\">Text de la llegenda: La bruixa de la Vall de la Vansa (Adaptaci\u00f3 a Cicle inicial)<\/h5>\n\n\n\n<div data-wp-interactive=\"core\/file\" class=\"wp-block-file\"><object data-wp-bind--hidden=\"!state.hasPdfPreview\" hidden class=\"wp-block-file__embed\" data=\"https:\/\/serveiseducatius.xtec.cat\/cda-tuixent\/wp-content\/uploads\/usu1370\/2025\/03\/La-bruixa-de-la-Vall-de-la-Vansa-CI.pdf\" type=\"application\/pdf\" style=\"width:100%;height:300px\" aria-label=\"Incrustaci\u00f3 del fitxer La-bruixa-de-la-Vall-de-la-Vansa-CI.\"><\/object><a id=\"wp-block-file--media-e833dc1f-7622-460c-a5b8-525d4d8a5935\" href=\"https:\/\/serveiseducatius.xtec.cat\/cda-tuixent\/wp-content\/uploads\/usu1370\/2025\/03\/La-bruixa-de-la-Vall-de-la-Vansa-CI.pdf\">La-bruixa-de-la-Vall-de-la-Vansa-CI<\/a><a href=\"https:\/\/serveiseducatius.xtec.cat\/cda-tuixent\/wp-content\/uploads\/usu1370\/2025\/03\/La-bruixa-de-la-Vall-de-la-Vansa-CI.pdf\" class=\"wp-block-file__button wp-element-button\" download aria-describedby=\"wp-block-file--media-e833dc1f-7622-460c-a5b8-525d4d8a5935\">Baixa<\/a><\/div>\n\n\n\n<h5 class=\"wp-block-heading\">\u00c0udio de la llegenda: La bruixa de la Vall de la Vansa (Adaptaci\u00f3 a Cicle inicial)<\/h5>\n\n\n\n<figure class=\"wp-block-audio\"><audio controls src=\"https:\/\/serveiseducatius.xtec.cat\/cda-tuixent\/wp-content\/uploads\/usu1370\/2025\/03\/La-bruixa-de-la-vall-de-la-Vansa-CI.mp3\"><\/audio><\/figure>\n","protected":false},"excerpt":{"rendered":"<p>A continuaci\u00f3 hi ha una llegenda creada pel Camp d\u2019Aprenentatge per tal de treballar a l\u2019aula abans de l\u2019estada o [&hellip;]<\/p>\n","protected":false},"author":1,"featured_media":0,"parent":9074,"menu_order":0,"comment_status":"closed","ping_status":"closed","template":"","meta":{"_bbp_topic_count":0,"_bbp_reply_count":0,"_bbp_total_topic_count":0,"_bbp_total_reply_count":0,"_bbp_voice_count":0,"_bbp_anonymous_reply_count":0,"_bbp_topic_count_hidden":0,"_bbp_reply_count_hidden":0,"_bbp_forum_subforum_count":0,"site-sidebar-layout":"default","site-content-layout":"","ast-site-content-layout":"default","site-content-style":"default","site-sidebar-style":"default","ast-global-header-display":"","ast-banner-title-visibility":"","ast-main-header-display":"","ast-hfb-above-header-display":"","ast-hfb-below-header-display":"","ast-hfb-mobile-header-display":"","site-post-title":"","ast-breadcrumbs-content":"","ast-featured-img":"","footer-sml-layout":"","theme-transparent-header-meta":"","adv-header-id-meta":"","stick-header-meta":"","header-above-stick-meta":"","header-main-stick-meta":"","header-below-stick-meta":"","astra-migrate-meta-layouts":"set","ast-page-background-enabled":"default","ast-page-background-meta":{"desktop":{"background-color":"var(--ast-global-color-4)","background-image":"","background-repeat":"repeat","background-position":"center center","background-size":"auto","background-attachment":"scroll","background-type":"","background-media":"","overlay-type":"","overlay-color":"","overlay-opacity":"","overlay-gradient":""},"tablet":{"background-color":"","background-image":"","background-repeat":"repeat","background-position":"center center","background-size":"auto","background-attachment":"scroll","background-type":"","background-media":"","overlay-type":"","overlay-color":"","overlay-opacity":"","overlay-gradient":""},"mobile":{"background-color":"","background-image":"","background-repeat":"repeat","background-position":"center center","background-size":"auto","background-attachment":"scroll","background-type":"","background-media":"","overlay-type":"","overlay-color":"","overlay-opacity":"","overlay-gradient":""}},"ast-content-background-meta":{"desktop":{"background-color":"var(--ast-global-color-5)","background-image":"","background-repeat":"repeat","background-position":"center center","background-size":"auto","background-attachment":"scroll","background-type":"","background-media":"","overlay-type":"","overlay-color":"","overlay-opacity":"","overlay-gradient":""},"tablet":{"background-color":"var(--ast-global-color-5)","background-image":"","background-repeat":"repeat","background-position":"center center","background-size":"auto","background-attachment":"scroll","background-type":"","background-media":"","overlay-type":"","overlay-color":"","overlay-opacity":"","overlay-gradient":""},"mobile":{"background-color":"var(--ast-global-color-5)","background-image":"","background-repeat":"repeat","background-position":"center center","background-size":"auto","background-attachment":"scroll","background-type":"","background-media":"","overlay-type":"","overlay-color":"","overlay-opacity":"","overlay-gradient":""}},"footnotes":""},"class_list":["post-9114","page","type-page","status-publish","hentry"],"post_mailing_queue_ids":[],"_links":{"self":[{"href":"https:\/\/serveiseducatius.xtec.cat\/cda-tuixent\/wp-json\/wp\/v2\/pages\/9114","targetHints":{"allow":["GET"]}}],"collection":[{"href":"https:\/\/serveiseducatius.xtec.cat\/cda-tuixent\/wp-json\/wp\/v2\/pages"}],"about":[{"href":"https:\/\/serveiseducatius.xtec.cat\/cda-tuixent\/wp-json\/wp\/v2\/types\/page"}],"author":[{"embeddable":true,"href":"https:\/\/serveiseducatius.xtec.cat\/cda-tuixent\/wp-json\/wp\/v2\/users\/1"}],"replies":[{"embeddable":true,"href":"https:\/\/serveiseducatius.xtec.cat\/cda-tuixent\/wp-json\/wp\/v2\/comments?post=9114"}],"version-history":[{"count":3,"href":"https:\/\/serveiseducatius.xtec.cat\/cda-tuixent\/wp-json\/wp\/v2\/pages\/9114\/revisions"}],"predecessor-version":[{"id":9132,"href":"https:\/\/serveiseducatius.xtec.cat\/cda-tuixent\/wp-json\/wp\/v2\/pages\/9114\/revisions\/9132"}],"up":[{"embeddable":true,"href":"https:\/\/serveiseducatius.xtec.cat\/cda-tuixent\/wp-json\/wp\/v2\/pages\/9074"}],"wp:attachment":[{"href":"https:\/\/serveiseducatius.xtec.cat\/cda-tuixent\/wp-json\/wp\/v2\/media?parent=9114"}],"curies":[{"name":"wp","href":"https:\/\/api.w.org\/{rel}","templated":true}]}}