{"id":9089,"date":"2025-02-28T10:24:16","date_gmt":"2025-02-28T09:24:16","guid":{"rendered":"https:\/\/serveiseducatius.xtec.cat\/cda-tuixent\/?page_id=9089"},"modified":"2026-02-20T12:38:31","modified_gmt":"2026-02-20T11:38:31","slug":"estacio-meteorologica","status":"publish","type":"page","link":"https:\/\/serveiseducatius.xtec.cat\/cda-tuixent\/recursos-de-lambit-poble-de-muntanya\/estacio-meteorologica\/","title":{"rendered":"Estaci\u00f3 meteorol\u00f2gica"},"content":{"rendered":"\n<p>Abans de venir a Tuixent a fer l\u2019activitat de l\u2019estaci\u00f3 meteorol\u00f2gica ens agradaria que us descarregueu la graella que hi ha a continuaci\u00f3 i l\u2019ompliu amb les dades meteorol\u00f2giques del poble o ciutat on viviu, d\u2019aquesta manera la setmana vinent, quan ens trobem a Tuixent podem comparar els valors de les variables que hem mesurat a Tuixent i les de la vostra ciutat de la setmana anterior.<\/p>\n\n\n\n<p>Si teniu estaci\u00f3 meteorol\u00f2gica a l\u2019escola aprofiteu-la per anotar les dades directament dels vostres aparells meteorol\u00f2gics, i si no en teniu a continuaci\u00f3 us deixem un enlla\u00e7 a la p\u00e0gina web del servei meteorol\u00f2gic de Catalunya amb el mapa d\u2019estacions autom\u00e0tiques repartides per tot el territori catal\u00e0, utilitzeu les dades de l\u2019estaci\u00f3 m\u00e9s propera a la vostra escola.<\/p>\n\n\n\n<h5 class=\"wp-block-heading\"><a href=\"https:\/\/www.meteo.cat\/observacions\/xema\">Mapa d&#8217;estacions autom\u00e0tiques<\/a><\/h5>\n\n\n\n<div data-wp-interactive=\"core\/file\" class=\"wp-block-file\"><object data-wp-bind--hidden=\"!state.hasPdfPreview\" hidden class=\"wp-block-file__embed\" data=\"https:\/\/serveiseducatius.xtec.cat\/cda-tuixent\/wp-content\/uploads\/usu1370\/2025\/02\/Activitat-previa-de-registre-de-dades-meteorologiques.pdf\" type=\"application\/pdf\" style=\"width:100%;height:280px\" aria-label=\"Incrustaci\u00f3 del fitxer Activitat-previa-de-registre-de-dades-meteorologiques.\"><\/object><a id=\"wp-block-file--media-72d96007-dc4e-4fc9-8d25-1727e46f5660\" href=\"https:\/\/serveiseducatius.xtec.cat\/cda-tuixent\/wp-content\/uploads\/usu1370\/2025\/02\/Activitat-previa-de-registre-de-dades-meteorologiques.pdf\">Activitat-previa-de-registre-de-dades-meteorologiques<\/a><a href=\"https:\/\/serveiseducatius.xtec.cat\/cda-tuixent\/wp-content\/uploads\/usu1370\/2025\/02\/Activitat-previa-de-registre-de-dades-meteorologiques.pdf\" class=\"wp-block-file__button wp-element-button\" download aria-describedby=\"wp-block-file--media-72d96007-dc4e-4fc9-8d25-1727e46f5660\">Baixa<\/a><\/div>\n","protected":false},"excerpt":{"rendered":"<p>Abans de venir a Tuixent a fer l\u2019activitat de l\u2019estaci\u00f3 meteorol\u00f2gica ens agradaria que us descarregueu la graella que hi [&hellip;]<\/p>\n","protected":false},"author":1,"featured_media":0,"parent":9074,"menu_order":0,"comment_status":"closed","ping_status":"closed","template":"","meta":{"_bbp_topic_count":0,"_bbp_reply_count":0,"_bbp_total_topic_count":0,"_bbp_total_reply_count":0,"_bbp_voice_count":0,"_bbp_anonymous_reply_count":0,"_bbp_topic_count_hidden":0,"_bbp_reply_count_hidden":0,"_bbp_forum_subforum_count":0,"site-sidebar-layout":"default","site-content-layout":"","ast-site-content-layout":"default","site-content-style":"default","site-sidebar-style":"default","ast-global-header-display":"","ast-banner-title-visibility":"","ast-main-header-display":"","ast-hfb-above-header-display":"","ast-hfb-below-header-display":"","ast-hfb-mobile-header-display":"","site-post-title":"","ast-breadcrumbs-content":"","ast-featured-img":"","footer-sml-layout":"","theme-transparent-header-meta":"","adv-header-id-meta":"","stick-header-meta":"","header-above-stick-meta":"","header-main-stick-meta":"","header-below-stick-meta":"","astra-migrate-meta-layouts":"set","ast-page-background-enabled":"default","ast-page-background-meta":{"desktop":{"background-color":"var(--ast-global-color-4)","background-image":"","background-repeat":"repeat","background-position":"center center","background-size":"auto","background-attachment":"scroll","background-type":"","background-media":"","overlay-type":"","overlay-color":"","overlay-opacity":"","overlay-gradient":""},"tablet":{"background-color":"","background-image":"","background-repeat":"repeat","background-position":"center center","background-size":"auto","background-attachment":"scroll","background-type":"","background-media":"","overlay-type":"","overlay-color":"","overlay-opacity":"","overlay-gradient":""},"mobile":{"background-color":"","background-image":"","background-repeat":"repeat","background-position":"center center","background-size":"auto","background-attachment":"scroll","background-type":"","background-media":"","overlay-type":"","overlay-color":"","overlay-opacity":"","overlay-gradient":""}},"ast-content-background-meta":{"desktop":{"background-color":"var(--ast-global-color-5)","background-image":"","background-repeat":"repeat","background-position":"center center","background-size":"auto","background-attachment":"scroll","background-type":"","background-media":"","overlay-type":"","overlay-color":"","overlay-opacity":"","overlay-gradient":""},"tablet":{"background-color":"var(--ast-global-color-5)","background-image":"","background-repeat":"repeat","background-position":"center center","background-size":"auto","background-attachment":"scroll","background-type":"","background-media":"","overlay-type":"","overlay-color":"","overlay-opacity":"","overlay-gradient":""},"mobile":{"background-color":"var(--ast-global-color-5)","background-image":"","background-repeat":"repeat","background-position":"center center","background-size":"auto","background-attachment":"scroll","background-type":"","background-media":"","overlay-type":"","overlay-color":"","overlay-opacity":"","overlay-gradient":""}},"footnotes":""},"class_list":["post-9089","page","type-page","status-publish","hentry"],"post_mailing_queue_ids":[],"_links":{"self":[{"href":"https:\/\/serveiseducatius.xtec.cat\/cda-tuixent\/wp-json\/wp\/v2\/pages\/9089","targetHints":{"allow":["GET"]}}],"collection":[{"href":"https:\/\/serveiseducatius.xtec.cat\/cda-tuixent\/wp-json\/wp\/v2\/pages"}],"about":[{"href":"https:\/\/serveiseducatius.xtec.cat\/cda-tuixent\/wp-json\/wp\/v2\/types\/page"}],"author":[{"embeddable":true,"href":"https:\/\/serveiseducatius.xtec.cat\/cda-tuixent\/wp-json\/wp\/v2\/users\/1"}],"replies":[{"embeddable":true,"href":"https:\/\/serveiseducatius.xtec.cat\/cda-tuixent\/wp-json\/wp\/v2\/comments?post=9089"}],"version-history":[{"count":2,"href":"https:\/\/serveiseducatius.xtec.cat\/cda-tuixent\/wp-json\/wp\/v2\/pages\/9089\/revisions"}],"predecessor-version":[{"id":9092,"href":"https:\/\/serveiseducatius.xtec.cat\/cda-tuixent\/wp-json\/wp\/v2\/pages\/9089\/revisions\/9092"}],"up":[{"embeddable":true,"href":"https:\/\/serveiseducatius.xtec.cat\/cda-tuixent\/wp-json\/wp\/v2\/pages\/9074"}],"wp:attachment":[{"href":"https:\/\/serveiseducatius.xtec.cat\/cda-tuixent\/wp-json\/wp\/v2\/media?parent=9089"}],"curies":[{"name":"wp","href":"https:\/\/api.w.org\/{rel}","templated":true}]}}