{"id":9055,"date":"2025-02-26T13:47:23","date_gmt":"2025-02-26T12:47:23","guid":{"rendered":"https:\/\/serveiseducatius.xtec.cat\/cda-tuixent\/?page_id=9055"},"modified":"2026-02-25T11:31:54","modified_gmt":"2026-02-25T10:31:54","slug":"activitat-per-treballar-la-perspectiva-de-genere","status":"publish","type":"page","link":"https:\/\/serveiseducatius.xtec.cat\/cda-tuixent\/recursos-de-lambit-trementinaires\/visita-al-museu-de-les-trementinaires\/activitat-per-treballar-la-perspectiva-de-genere\/","title":{"rendered":"Activitat per treballar la perspectiva de g\u00e8nere"},"content":{"rendered":"\n<p>El text que trobareu a continuaci\u00f3 pret\u00e9n treballar principalment la perspectiva de g\u00e8nere. \u00c9s per aquesta ra\u00f3 que est\u00e0 escrit en g\u00e8nere neutre (al llarg del text es parla de persones o membres d\u2019un grup).<\/p>\n\n\n\n<p>Com a activitat pr\u00e8via considerem oport\u00fa escoltar el text que descriu l&#8217;ofici de trementinaires, exercit principalment per dones. i posteriorment respondre un q\u00fcestionari i fer una descripci\u00f3 en cas de secund\u00e0ria o un dibuix en cas de prim\u00e0ria, ja que l\u2019alumnat t\u00e9 tend\u00e8ncia a pensar en figures masculines despr\u00e9s de la descripci\u00f3. <\/p>\n\n\n\n<p>Aix\u00ed doncs, considerem interessant que es desenvolupi l\u2019activitat sense que l\u2019alumnat s\u00e0piga que es tracta de dones, per tal d\u2019obrir un debat el dia de la visita al museu de les Trementinaires, quan ja sigueu a Tuixent.<\/p>\n\n\n\n<h6 class=\"wp-block-heading\">Text de l&#8217;ofici de Trementinaries per Prim\u00e0ria<\/h6>\n\n\n\n<div data-wp-interactive=\"core\/file\" class=\"wp-block-file\"><object data-wp-bind--hidden=\"!state.hasPdfPreview\" hidden class=\"wp-block-file__embed\" data=\"https:\/\/serveiseducatius.xtec.cat\/cda-tuixent\/wp-content\/uploads\/usu1370\/2025\/02\/Text-ofici-de-Trementinaires-Primaria.pdf\" type=\"application\/pdf\" style=\"width:100%;height:200px\" aria-label=\"Incrustaci\u00f3 del fitxer Text-ofici-de-Trementinaires-Primaria.\"><\/object><a id=\"wp-block-file--media-5d9c6285-d9b5-44e3-982e-61344d00f23a\" href=\"https:\/\/serveiseducatius.xtec.cat\/cda-tuixent\/wp-content\/uploads\/usu1370\/2025\/02\/Text-ofici-de-Trementinaires-Primaria.pdf\">Text-ofici-de-Trementinaires-Primaria<\/a><a href=\"https:\/\/serveiseducatius.xtec.cat\/cda-tuixent\/wp-content\/uploads\/usu1370\/2025\/02\/Text-ofici-de-Trementinaires-Primaria.pdf\" class=\"wp-block-file__button wp-element-button\" download aria-describedby=\"wp-block-file--media-5d9c6285-d9b5-44e3-982e-61344d00f23a\">Baixa<\/a><\/div>\n\n\n\n<h6 class=\"wp-block-heading\">\u00c0udio del text de l&#8217;ofici de Trementinaries per Prim\u00e0ria<\/h6>\n\n\n\n<figure class=\"wp-block-audio\"><audio controls src=\"https:\/\/serveiseducatius.xtec.cat\/cda-tuixent\/wp-content\/uploads\/usu1370\/2025\/02\/Audio-Trementinaires-Primaria.mp3\"><\/audio><\/figure>\n\n\n\n<h6 class=\"wp-block-heading\">Graella per fer el dibuix de l&#8217;ofici de Trementinaire per Prim\u00e0ria<\/h6>\n\n\n\n<div data-wp-interactive=\"core\/file\" class=\"wp-block-file\"><object data-wp-bind--hidden=\"!state.hasPdfPreview\" hidden class=\"wp-block-file__embed\" data=\"https:\/\/serveiseducatius.xtec.cat\/cda-tuixent\/wp-content\/uploads\/usu1370\/2025\/02\/DIBUIX-OFICI-TREMENTINAIRE.pdf\" type=\"application\/pdf\" style=\"width:100%;height:200px\" aria-label=\"Incrustaci\u00f3 del fitxer DIBUIX-OFICI-TREMENTINAIRE.\"><\/object><a id=\"wp-block-file--media-2254b549-c1e8-4dd8-be80-630a22a5132c\" href=\"https:\/\/serveiseducatius.xtec.cat\/cda-tuixent\/wp-content\/uploads\/usu1370\/2025\/02\/DIBUIX-OFICI-TREMENTINAIRE.pdf\">DIBUIX-OFICI-TREMENTINAIRE<\/a><a href=\"https:\/\/serveiseducatius.xtec.cat\/cda-tuixent\/wp-content\/uploads\/usu1370\/2025\/02\/DIBUIX-OFICI-TREMENTINAIRE.pdf\" class=\"wp-block-file__button wp-element-button\" download aria-describedby=\"wp-block-file--media-2254b549-c1e8-4dd8-be80-630a22a5132c\">Baixa<\/a><\/div>\n\n\n\n<h6 class=\"wp-block-heading\">Text de l&#8217;ofici de Trementinaries per Secund\u00e0ria<\/h6>\n\n\n\n<div data-wp-interactive=\"core\/file\" class=\"wp-block-file\"><object data-wp-bind--hidden=\"!state.hasPdfPreview\" hidden class=\"wp-block-file__embed\" data=\"https:\/\/serveiseducatius.xtec.cat\/cda-tuixent\/wp-content\/uploads\/usu1370\/2025\/02\/Text-ofici-de-Trementinaires-Secundaria.pdf\" type=\"application\/pdf\" style=\"width:100%;height:220px\" aria-label=\"Incrustaci\u00f3 del fitxer Text-ofici-de-Trementinaires-Secundaria.\"><\/object><a id=\"wp-block-file--media-6474e3e6-64a3-4b76-94db-813ee77bd163\" href=\"https:\/\/serveiseducatius.xtec.cat\/cda-tuixent\/wp-content\/uploads\/usu1370\/2025\/02\/Text-ofici-de-Trementinaires-Secundaria.pdf\">Text-ofici-de-Trementinaires-Secundaria<\/a><a href=\"https:\/\/serveiseducatius.xtec.cat\/cda-tuixent\/wp-content\/uploads\/usu1370\/2025\/02\/Text-ofici-de-Trementinaires-Secundaria.pdf\" class=\"wp-block-file__button wp-element-button\" download aria-describedby=\"wp-block-file--media-6474e3e6-64a3-4b76-94db-813ee77bd163\">Baixa<\/a><\/div>\n\n\n\n<h6 class=\"wp-block-heading\">\u00c0udio del text de l&#8217;ofici de Trementinaries per Secund\u00e0ria<\/h6>\n\n\n\n<figure class=\"wp-block-audio\"><audio controls src=\"https:\/\/serveiseducatius.xtec.cat\/cda-tuixent\/wp-content\/uploads\/usu1370\/2025\/02\/Audio-Trementinaires-Secundaria.mp3\"><\/audio><\/figure>\n\n\n\n<h6 class=\"wp-block-heading\">Q\u00fcestionari de l&#8217;ofici de Trementinaries per Secund\u00e0ria<\/h6>\n\n\n\n<iframe loading=\"lazy\" src=\"https:\/\/docs.google.com\/forms\/d\/e\/1FAIpQLSeD1Cnrz3r-RVQj5wXxPr46ofBjw9sbGHy3K7reVmoI9JNvAA\/viewform?embedded=true\" width=\"640\" height=\"1472\" frameborder=\"0\" marginheight=\"0\" marginwidth=\"0\">S&#39;est\u00e0 carregant\u2026<\/iframe>\n","protected":false},"excerpt":{"rendered":"<p>El text que trobareu a continuaci\u00f3 pret\u00e9n treballar principalment la perspectiva de g\u00e8nere. \u00c9s per aquesta ra\u00f3 que est\u00e0 escrit [&hellip;]<\/p>\n","protected":false},"author":1,"featured_media":0,"parent":9049,"menu_order":0,"comment_status":"closed","ping_status":"closed","template":"","meta":{"_bbp_topic_count":0,"_bbp_reply_count":0,"_bbp_total_topic_count":0,"_bbp_total_reply_count":0,"_bbp_voice_count":0,"_bbp_anonymous_reply_count":0,"_bbp_topic_count_hidden":0,"_bbp_reply_count_hidden":0,"_bbp_forum_subforum_count":0,"site-sidebar-layout":"default","site-content-layout":"","ast-site-content-layout":"default","site-content-style":"default","site-sidebar-style":"default","ast-global-header-display":"","ast-banner-title-visibility":"","ast-main-header-display":"","ast-hfb-above-header-display":"","ast-hfb-below-header-display":"","ast-hfb-mobile-header-display":"","site-post-title":"","ast-breadcrumbs-content":"","ast-featured-img":"","footer-sml-layout":"","theme-transparent-header-meta":"","adv-header-id-meta":"","stick-header-meta":"","header-above-stick-meta":"","header-main-stick-meta":"","header-below-stick-meta":"","astra-migrate-meta-layouts":"set","ast-page-background-enabled":"default","ast-page-background-meta":{"desktop":{"background-color":"var(--ast-global-color-4)","background-image":"","background-repeat":"repeat","background-position":"center center","background-size":"auto","background-attachment":"scroll","background-type":"","background-media":"","overlay-type":"","overlay-color":"","overlay-opacity":"","overlay-gradient":""},"tablet":{"background-color":"","background-image":"","background-repeat":"repeat","background-position":"center center","background-size":"auto","background-attachment":"scroll","background-type":"","background-media":"","overlay-type":"","overlay-color":"","overlay-opacity":"","overlay-gradient":""},"mobile":{"background-color":"","background-image":"","background-repeat":"repeat","background-position":"center center","background-size":"auto","background-attachment":"scroll","background-type":"","background-media":"","overlay-type":"","overlay-color":"","overlay-opacity":"","overlay-gradient":""}},"ast-content-background-meta":{"desktop":{"background-color":"var(--ast-global-color-5)","background-image":"","background-repeat":"repeat","background-position":"center center","background-size":"auto","background-attachment":"scroll","background-type":"","background-media":"","overlay-type":"","overlay-color":"","overlay-opacity":"","overlay-gradient":""},"tablet":{"background-color":"var(--ast-global-color-5)","background-image":"","background-repeat":"repeat","background-position":"center center","background-size":"auto","background-attachment":"scroll","background-type":"","background-media":"","overlay-type":"","overlay-color":"","overlay-opacity":"","overlay-gradient":""},"mobile":{"background-color":"var(--ast-global-color-5)","background-image":"","background-repeat":"repeat","background-position":"center center","background-size":"auto","background-attachment":"scroll","background-type":"","background-media":"","overlay-type":"","overlay-color":"","overlay-opacity":"","overlay-gradient":""}},"footnotes":""},"class_list":["post-9055","page","type-page","status-publish","hentry"],"post_mailing_queue_ids":[],"_links":{"self":[{"href":"https:\/\/serveiseducatius.xtec.cat\/cda-tuixent\/wp-json\/wp\/v2\/pages\/9055","targetHints":{"allow":["GET"]}}],"collection":[{"href":"https:\/\/serveiseducatius.xtec.cat\/cda-tuixent\/wp-json\/wp\/v2\/pages"}],"about":[{"href":"https:\/\/serveiseducatius.xtec.cat\/cda-tuixent\/wp-json\/wp\/v2\/types\/page"}],"author":[{"embeddable":true,"href":"https:\/\/serveiseducatius.xtec.cat\/cda-tuixent\/wp-json\/wp\/v2\/users\/1"}],"replies":[{"embeddable":true,"href":"https:\/\/serveiseducatius.xtec.cat\/cda-tuixent\/wp-json\/wp\/v2\/comments?post=9055"}],"version-history":[{"count":6,"href":"https:\/\/serveiseducatius.xtec.cat\/cda-tuixent\/wp-json\/wp\/v2\/pages\/9055\/revisions"}],"predecessor-version":[{"id":9088,"href":"https:\/\/serveiseducatius.xtec.cat\/cda-tuixent\/wp-json\/wp\/v2\/pages\/9055\/revisions\/9088"}],"up":[{"embeddable":true,"href":"https:\/\/serveiseducatius.xtec.cat\/cda-tuixent\/wp-json\/wp\/v2\/pages\/9049"}],"wp:attachment":[{"href":"https:\/\/serveiseducatius.xtec.cat\/cda-tuixent\/wp-json\/wp\/v2\/media?parent=9055"}],"curies":[{"name":"wp","href":"https:\/\/api.w.org\/{rel}","templated":true}]}}