{"id":8838,"date":"2024-05-06T10:16:46","date_gmt":"2024-05-06T08:16:46","guid":{"rendered":"https:\/\/serveiseducatius.xtec.cat\/cda-tuixent\/?page_id=8838"},"modified":"2026-02-18T13:07:46","modified_gmt":"2026-02-18T12:07:46","slug":"elaboracio-de-sals-de-bany","status":"publish","type":"page","link":"https:\/\/serveiseducatius.xtec.cat\/cda-tuixent\/trementinaires\/elaboracio-de-sals-de-bany\/","title":{"rendered":"Joc de les olors i saquets arom\u00e0tics"},"content":{"rendered":"\n<figure class=\"wp-block-gallery has-nested-images columns-default is-cropped wp-block-gallery-1 is-layout-flex wp-block-gallery-is-layout-flex\">\n<figure class=\"wp-block-image size-large\"><a href=\"https:\/\/serveiseducatius.xtec.cat\/cda-tuixent\/wp-content\/uploads\/usu1370\/2026\/02\/1770895868152-1.jpg\"><img loading=\"lazy\" decoding=\"async\" width=\"1024\" height=\"647\" data-id=\"9469\" src=\"https:\/\/serveiseducatius.xtec.cat\/cda-tuixent\/wp-content\/uploads\/usu1370\/2026\/02\/1770895868152-1-1024x647.jpg\" alt=\"\" class=\"wp-image-9469\" srcset=\"https:\/\/serveiseducatius.xtec.cat\/cda-tuixent\/wp-content\/uploads\/usu1370\/2026\/02\/1770895868152-1-1024x647.jpg 1024w, https:\/\/serveiseducatius.xtec.cat\/cda-tuixent\/wp-content\/uploads\/usu1370\/2026\/02\/1770895868152-1-300x189.jpg 300w, https:\/\/serveiseducatius.xtec.cat\/cda-tuixent\/wp-content\/uploads\/usu1370\/2026\/02\/1770895868152-1-768x485.jpg 768w, https:\/\/serveiseducatius.xtec.cat\/cda-tuixent\/wp-content\/uploads\/usu1370\/2026\/02\/1770895868152-1.jpg 1346w\" sizes=\"auto, (max-width: 1024px) 100vw, 1024px\" \/><\/a><\/figure>\n\n\n\n<figure class=\"wp-block-image size-large\"><a href=\"https:\/\/serveiseducatius.xtec.cat\/cda-tuixent\/wp-content\/uploads\/usu1370\/2026\/02\/1770895880343.jpg\"><img loading=\"lazy\" decoding=\"async\" width=\"1024\" height=\"769\" data-id=\"9468\" src=\"https:\/\/serveiseducatius.xtec.cat\/cda-tuixent\/wp-content\/uploads\/usu1370\/2026\/02\/1770895880343-1024x769.jpg\" alt=\"\" class=\"wp-image-9468\" srcset=\"https:\/\/serveiseducatius.xtec.cat\/cda-tuixent\/wp-content\/uploads\/usu1370\/2026\/02\/1770895880343-1024x769.jpg 1024w, https:\/\/serveiseducatius.xtec.cat\/cda-tuixent\/wp-content\/uploads\/usu1370\/2026\/02\/1770895880343-300x225.jpg 300w, https:\/\/serveiseducatius.xtec.cat\/cda-tuixent\/wp-content\/uploads\/usu1370\/2026\/02\/1770895880343-768x576.jpg 768w, https:\/\/serveiseducatius.xtec.cat\/cda-tuixent\/wp-content\/uploads\/usu1370\/2026\/02\/1770895880343-1536x1153.jpg 1536w, https:\/\/serveiseducatius.xtec.cat\/cda-tuixent\/wp-content\/uploads\/usu1370\/2026\/02\/1770895880343.jpg 1600w\" sizes=\"auto, (max-width: 1024px) 100vw, 1024px\" \/><\/a><\/figure>\n\n\n\n<figure class=\"wp-block-image size-large\"><a href=\"https:\/\/serveiseducatius.xtec.cat\/cda-tuixent\/wp-content\/uploads\/usu1370\/2024\/05\/sals-de-bany.jpg\"><img loading=\"lazy\" decoding=\"async\" width=\"1024\" height=\"256\" data-id=\"8839\" src=\"https:\/\/serveiseducatius.xtec.cat\/cda-tuixent\/wp-content\/uploads\/usu1370\/2024\/05\/sals-de-bany-1024x256.jpg\" alt=\"\" class=\"wp-image-8839\" srcset=\"https:\/\/serveiseducatius.xtec.cat\/cda-tuixent\/wp-content\/uploads\/usu1370\/2024\/05\/sals-de-bany-1024x256.jpg 1024w, https:\/\/serveiseducatius.xtec.cat\/cda-tuixent\/wp-content\/uploads\/usu1370\/2024\/05\/sals-de-bany-300x75.jpg 300w, https:\/\/serveiseducatius.xtec.cat\/cda-tuixent\/wp-content\/uploads\/usu1370\/2024\/05\/sals-de-bany-768x192.jpg 768w, https:\/\/serveiseducatius.xtec.cat\/cda-tuixent\/wp-content\/uploads\/usu1370\/2024\/05\/sals-de-bany.jpg 1218w\" sizes=\"auto, (max-width: 1024px) 100vw, 1024px\" \/><\/a><\/figure>\n<\/figure>\n\n\n\n<p><span style=\"font-weight: 400;\">L\u2019alumnat coneixer\u00e0 diferents plantes remeieres i les seves propietats. Posteriorment intentarem identificar les plantes a partir de la seva olor i finalment cadasc\u00fa far\u00e0 el seu saquet arom\u00e0tic amb les plantes que m\u00e9s li hagin agradat.<\/span><\/p>\n\n\n\n<p><strong>Nivell educatiu:<\/strong> Educaci\u00f3 infantil, cicle inicial de prim\u00e0ria<\/p>\n\n\n\n<p><a href=\"https:\/\/serveiseducatius.xtec.cat\/cda-tuixent\/wp-content\/uploads\/usu1370\/2026\/02\/Joc-de-les-olors-i-saquets-aromatics.pdf\" data-type=\"link\" data-id=\"https:\/\/serveiseducatius.xtec.cat\/cda-tuixent\/wp-content\/uploads\/usu1370\/2026\/02\/Joc-de-les-olors-i-saquets-aromatics.pdf\" target=\"_blank\" rel=\"noreferrer noopener\">Cliqueu per descarregar-vos la fitxa de l&#8217;activitat.<\/a><\/p>\n","protected":false},"excerpt":{"rendered":"<p>L\u2019alumnat coneixer\u00e0 diferents plantes remeieres i les seves propietats. Posteriorment intentarem identificar les plantes a partir de la seva olor [&hellip;]<\/p>\n","protected":false},"author":1,"featured_media":0,"parent":8464,"menu_order":70,"comment_status":"closed","ping_status":"closed","template":"","meta":{"_bbp_topic_count":0,"_bbp_reply_count":0,"_bbp_total_topic_count":0,"_bbp_total_reply_count":0,"_bbp_voice_count":0,"_bbp_anonymous_reply_count":0,"_bbp_topic_count_hidden":0,"_bbp_reply_count_hidden":0,"_bbp_forum_subforum_count":0,"site-sidebar-layout":"default","site-content-layout":"","ast-site-content-layout":"default","site-content-style":"default","site-sidebar-style":"default","ast-global-header-display":"","ast-banner-title-visibility":"","ast-main-header-display":"","ast-hfb-above-header-display":"","ast-hfb-below-header-display":"","ast-hfb-mobile-header-display":"","site-post-title":"","ast-breadcrumbs-content":"","ast-featured-img":"","footer-sml-layout":"","theme-transparent-header-meta":"","adv-header-id-meta":"","stick-header-meta":"","header-above-stick-meta":"","header-main-stick-meta":"","header-below-stick-meta":"","astra-migrate-meta-layouts":"set","ast-page-background-enabled":"default","ast-page-background-meta":{"desktop":{"background-color":"var(--ast-global-color-4)","background-image":"","background-repeat":"repeat","background-position":"center center","background-size":"auto","background-attachment":"scroll","background-type":"","background-media":"","overlay-type":"","overlay-color":"","overlay-opacity":"","overlay-gradient":""},"tablet":{"background-color":"","background-image":"","background-repeat":"repeat","background-position":"center center","background-size":"auto","background-attachment":"scroll","background-type":"","background-media":"","overlay-type":"","overlay-color":"","overlay-opacity":"","overlay-gradient":""},"mobile":{"background-color":"","background-image":"","background-repeat":"repeat","background-position":"center center","background-size":"auto","background-attachment":"scroll","background-type":"","background-media":"","overlay-type":"","overlay-color":"","overlay-opacity":"","overlay-gradient":""}},"ast-content-background-meta":{"desktop":{"background-color":"var(--ast-global-color-5)","background-image":"","background-repeat":"repeat","background-position":"center center","background-size":"auto","background-attachment":"scroll","background-type":"","background-media":"","overlay-type":"","overlay-color":"","overlay-opacity":"","overlay-gradient":""},"tablet":{"background-color":"var(--ast-global-color-5)","background-image":"","background-repeat":"repeat","background-position":"center center","background-size":"auto","background-attachment":"scroll","background-type":"","background-media":"","overlay-type":"","overlay-color":"","overlay-opacity":"","overlay-gradient":""},"mobile":{"background-color":"var(--ast-global-color-5)","background-image":"","background-repeat":"repeat","background-position":"center center","background-size":"auto","background-attachment":"scroll","background-type":"","background-media":"","overlay-type":"","overlay-color":"","overlay-opacity":"","overlay-gradient":""}},"footnotes":""},"class_list":["post-8838","page","type-page","status-publish","hentry"],"post_mailing_queue_ids":[],"_links":{"self":[{"href":"https:\/\/serveiseducatius.xtec.cat\/cda-tuixent\/wp-json\/wp\/v2\/pages\/8838","targetHints":{"allow":["GET"]}}],"collection":[{"href":"https:\/\/serveiseducatius.xtec.cat\/cda-tuixent\/wp-json\/wp\/v2\/pages"}],"about":[{"href":"https:\/\/serveiseducatius.xtec.cat\/cda-tuixent\/wp-json\/wp\/v2\/types\/page"}],"author":[{"embeddable":true,"href":"https:\/\/serveiseducatius.xtec.cat\/cda-tuixent\/wp-json\/wp\/v2\/users\/1"}],"replies":[{"embeddable":true,"href":"https:\/\/serveiseducatius.xtec.cat\/cda-tuixent\/wp-json\/wp\/v2\/comments?post=8838"}],"version-history":[{"count":4,"href":"https:\/\/serveiseducatius.xtec.cat\/cda-tuixent\/wp-json\/wp\/v2\/pages\/8838\/revisions"}],"predecessor-version":[{"id":9509,"href":"https:\/\/serveiseducatius.xtec.cat\/cda-tuixent\/wp-json\/wp\/v2\/pages\/8838\/revisions\/9509"}],"up":[{"embeddable":true,"href":"https:\/\/serveiseducatius.xtec.cat\/cda-tuixent\/wp-json\/wp\/v2\/pages\/8464"}],"wp:attachment":[{"href":"https:\/\/serveiseducatius.xtec.cat\/cda-tuixent\/wp-json\/wp\/v2\/media?parent=8838"}],"curies":[{"name":"wp","href":"https:\/\/api.w.org\/{rel}","templated":true}]}}